{"id":354831,"date":"2025-09-27T15:52:16","date_gmt":"2025-09-27T13:52:16","guid":{"rendered":"https:\/\/www.miomiorun.com\/?post_type=product&#038;p=354831"},"modified":"2026-04-17T10:47:32","modified_gmt":"2026-04-17T08:47:32","slug":"race-t-shirt-nature-ai-print-femme","status":"publish","type":"product","link":"https:\/\/www.miomiorun.com\/fr\/produit\/race-t-shirt-nature-ai-print-femme\/","title":{"rendered":"Race t-shirt Nature AI print femme"},"content":{"rendered":"<p data-start=\"200\" data-end=\"480\">Le <strong data-start=\"203\" data-end=\"230\">T-shirt Race de NNormal<\/strong> est con\u00e7u pour vous offrir une exp\u00e9rience de course sup\u00e9rieure, alliant l\u00e9g\u00e8ret\u00e9, confort et durabilit\u00e9. Fabriqu\u00e9 \u00e0 partir de <strong data-start=\"346\" data-end=\"377\">90 % de mat\u00e9riaux recycl\u00e9s<\/strong>, il repr\u00e9sente un choix responsable pour ceux qui recherchent des performances \u00e9lev\u00e9es et le respect de l&#8217;environnement.<\/p>\n<p data-start=\"482\" data-end=\"855\">Le nouveau design, inspir\u00e9 des couleurs de la nature et enrichi par la cr\u00e9ativit\u00e9 de l&#8217;intelligence artificielle, rend ce maillot unique, capable de raconter une histoire \u00e0 travers ses nuances. La coupe ergonomique et le tissu extr\u00eamement l\u00e9ger vous accompagnent dans vos entra\u00eenements et vos comp\u00e9titions les plus exigeants, vous offrant une sensation de libert\u00e9 maximale.<\/p>\n<p data-start=\"857\" data-end=\"1047\">Le <strong data-start=\"860\" data-end=\"876\">Race T-Shirt<\/strong> deviendra rapidement un \u00e9l\u00e9ment indispensable de votre \u00e9quipement de course \u00e0 pied, gr\u00e2ce \u00e0 sa capacit\u00e9 \u00e0 allier <strong data-start=\"975\" data-end=\"1044\">innovation esth\u00e9tique, confort technique et responsabilit\u00e9 environnementale<\/strong>.<\/p>\n<p data-start=\"1049\" data-end=\"1082\"><strong data-start=\"1049\" data-end=\"1080\">Caract\u00e9ristiques principales :<\/strong><\/p>\n<ul data-start=\"1083\" data-end=\"1379\">\n<li data-start=\"1083\" data-end=\"1142\">\n<p data-start=\"1085\" data-end=\"1142\">Composition : <strong data-start=\"1099\" data-end=\"1140\">86 % polyester recycl\u00e9, 14 % \u00e9lasthanne<\/strong><\/p>\n<\/li>\n<li data-start=\"1143\" data-end=\"1192\">\n<p data-start=\"1145\" data-end=\"1192\">Fabriqu\u00e9 \u00e0 partir de <strong data-start=\"1159\" data-end=\"1190\">90 % de mat\u00e9riaux recycl\u00e9s<\/strong><\/p>\n<\/li>\n<li data-start=\"1193\" data-end=\"1269\">\n<p data-start=\"1195\" data-end=\"1269\"><strong data-start=\"1195\" data-end=\"1228\">Tissu l\u00e9ger et respirant<\/strong>, id\u00e9al pour les comp\u00e9titions et les entra\u00eenements intenses<\/p>\n<\/li>\n<li data-start=\"1270\" data-end=\"1332\">\n<p data-start=\"1272\" data-end=\"1332\"><strong data-start=\"1272\" data-end=\"1293\">Design innovant<\/strong> inspir\u00e9 de la nature et cr\u00e9\u00e9 \u00e0 l&#8217;aide de l&#8217;IA<\/p>\n<\/li>\n<\/ul>\n","protected":false},"excerpt":{"rendered":"<ul>\n<li><strong data-start=\"1195\" data-end=\"1228\">Tissu l\u00e9ger et respirant<\/strong>, id\u00e9al pour les comp\u00e9titions et les entra\u00eenements intenses<\/li>\n<li><strong data-start=\"1272\" data-end=\"1293\">Design innovant<\/strong> inspir\u00e9 de la nature et cr\u00e9\u00e9 avec l&#8217;IA<\/li>\n<\/ul>\n","protected":false},"featured_media":358105,"template":"","meta":{"_acf_changed":false,"inline_featured_image":false},"product_brand":[],"product_cat":[22604,22596],"product_tag":[35958,35968],"class_list":{"0":"post-354831","1":"product","2":"type-product","3":"status-publish","4":"has-post-thumbnail","6":"product_cat-t-shirt","7":"product_cat-vetements-pour-femmes","8":"product_tag-nnormal-fr","9":"product_tag-nnormal-femme-fr","10":"pa_attivita-fitness-fr","11":"pa_attivita-marcher","12":"pa_attivita-running-fr","13":"pa_attivita-trail-fr","14":"pa_colore-race-t-shirt-w-nature-ai-print-fr","15":"pa_marca-nnormal-fr","16":"pa_sesso-femme","17":"pa_size-extra-small-fr","18":"pa_size-small-fr","19":"pa_size-medium-fr","21":"first","22":"instock","23":"sale","24":"taxable","25":"shipping-taxable","26":"purchasable","27":"product-type-variable","28":"wvs-archive-product-wrapper"},"acf":[],"yoast_head":"<!-- This site is optimized with the Yoast SEO plugin v26.8 - https:\/\/yoast.com\/product\/yoast-seo-wordpress\/ -->\n<title>NNormal Race t-shirt Nature AI print femme -T-shirt de course \u00e0 pied - MioMioRun<\/title>\n<meta name=\"description\" content=\"T-shirt NNormal Race : t-shirt de course l\u00e9ger et durable, compos\u00e9 \u00e0 90 % de mat\u00e9riaux recycl\u00e9s et dot\u00e9 d&#039;un design innovant inspir\u00e9 de la nature.\" \/>\n<meta name=\"robots\" content=\"index, follow, max-snippet:-1, max-image-preview:large, max-video-preview:-1\" \/>\n<link rel=\"canonical\" href=\"https:\/\/www.miomiorun.com\/fr\/produit\/race-t-shirt-nature-ai-print-femme\/\" \/>\n<meta property=\"og:locale\" content=\"fr_FR\" \/>\n<meta property=\"og:type\" content=\"article\" \/>\n<meta property=\"og:title\" content=\"NNormal Race t-shirt Nature AI print femme -T-shirt de course \u00e0 pied - MioMioRun\" \/>\n<meta property=\"og:description\" content=\"T-shirt NNormal Race : t-shirt de course l\u00e9ger et durable, compos\u00e9 \u00e0 90 % de mat\u00e9riaux recycl\u00e9s et dot\u00e9 d&#039;un design innovant inspir\u00e9 de la nature.\" \/>\n<meta property=\"og:url\" content=\"https:\/\/www.miomiorun.com\/fr\/produit\/race-t-shirt-nature-ai-print-femme\/\" \/>\n<meta property=\"og:site_name\" content=\"MioMioRun\" \/>\n<meta property=\"article:publisher\" content=\"https:\/\/www.facebook.com\/miomiorun\/\" \/>\n<meta property=\"article:modified_time\" content=\"2026-04-17T08:47:32+00:00\" \/>\n<meta property=\"og:image\" content=\"https:\/\/www.miomiorun.com\/app\/uploads\/2025\/10\/nnormal-Race-t-shirt-W-Nature-AI-print-N1CWTS2-007.webp\" \/>\n\t<meta property=\"og:image:width\" content=\"720\" \/>\n\t<meta property=\"og:image:height\" content=\"720\" \/>\n\t<meta property=\"og:image:type\" content=\"image\/webp\" \/>\n<meta name=\"twitter:card\" content=\"summary_large_image\" \/>\n<meta name=\"twitter:label1\" content=\"Est. reading time\" \/>\n\t<meta name=\"twitter:data1\" content=\"1 minute\" \/>\n<script type=\"application\/ld+json\" class=\"yoast-schema-graph\">{\"@context\":\"https:\/\/schema.org\",\"@graph\":[{\"@type\":\"WebPage\",\"@id\":\"https:\/\/www.miomiorun.com\/fr\/produit\/race-t-shirt-nature-ai-print-femme\/\",\"url\":\"https:\/\/www.miomiorun.com\/fr\/produit\/race-t-shirt-nature-ai-print-femme\/\",\"name\":\"NNormal Race t-shirt Nature AI print femme -T-shirt de course \u00e0 pied - MioMioRun\",\"isPartOf\":{\"@id\":\"https:\/\/www.miomiorun.com\/fr\/#website\"},\"primaryImageOfPage\":{\"@id\":\"https:\/\/www.miomiorun.com\/fr\/produit\/race-t-shirt-nature-ai-print-femme\/#primaryimage\"},\"image\":{\"@id\":\"https:\/\/www.miomiorun.com\/fr\/produit\/race-t-shirt-nature-ai-print-femme\/#primaryimage\"},\"thumbnailUrl\":\"https:\/\/www.miomiorun.com\/app\/uploads\/2025\/10\/nnormal-Race-t-shirt-W-Nature-AI-print-N1CWTS2-007.webp\",\"datePublished\":\"2025-09-27T13:52:16+00:00\",\"dateModified\":\"2026-04-17T08:47:32+00:00\",\"description\":\"T-shirt NNormal Race : t-shirt de course l\u00e9ger et durable, compos\u00e9 \u00e0 90 % de mat\u00e9riaux recycl\u00e9s et dot\u00e9 d'un design innovant inspir\u00e9 de la nature.\",\"breadcrumb\":{\"@id\":\"https:\/\/www.miomiorun.com\/fr\/produit\/race-t-shirt-nature-ai-print-femme\/#breadcrumb\"},\"inLanguage\":\"fr-FR\",\"potentialAction\":[{\"@type\":\"ReadAction\",\"target\":[\"https:\/\/www.miomiorun.com\/fr\/produit\/race-t-shirt-nature-ai-print-femme\/\"]}]},{\"@type\":\"ImageObject\",\"inLanguage\":\"fr-FR\",\"@id\":\"https:\/\/www.miomiorun.com\/fr\/produit\/race-t-shirt-nature-ai-print-femme\/#primaryimage\",\"url\":\"https:\/\/www.miomiorun.com\/app\/uploads\/2025\/10\/nnormal-Race-t-shirt-W-Nature-AI-print-N1CWTS2-007.webp\",\"contentUrl\":\"https:\/\/www.miomiorun.com\/app\/uploads\/2025\/10\/nnormal-Race-t-shirt-W-Nature-AI-print-N1CWTS2-007.webp\",\"width\":720,\"height\":720,\"caption\":\"nnormal Race t-shirt W Nature AI print N1CWTS2-007\"},{\"@type\":\"BreadcrumbList\",\"@id\":\"https:\/\/www.miomiorun.com\/fr\/produit\/race-t-shirt-nature-ai-print-femme\/#breadcrumb\",\"itemListElement\":[{\"@type\":\"ListItem\",\"position\":1,\"name\":\"Home\",\"item\":\"https:\/\/www.miomiorun.com\/fr\/home-page\/\"},{\"@type\":\"ListItem\",\"position\":2,\"name\":\"Shop\",\"item\":\"https:\/\/www.miomiorun.com\/shop\/\"},{\"@type\":\"ListItem\",\"position\":3,\"name\":\"Race t-shirt Nature AI print femme\"}]},{\"@type\":\"WebSite\",\"@id\":\"https:\/\/www.miomiorun.com\/fr\/#website\",\"url\":\"https:\/\/www.miomiorun.com\/fr\/\",\"name\":\"MioMioRun\",\"description\":\"Boutique 100% running et trail\",\"publisher\":{\"@id\":\"https:\/\/www.miomiorun.com\/fr\/#organization\"},\"potentialAction\":[{\"@type\":\"SearchAction\",\"target\":{\"@type\":\"EntryPoint\",\"urlTemplate\":\"https:\/\/www.miomiorun.com\/fr\/?s={search_term_string}\"},\"query-input\":{\"@type\":\"PropertyValueSpecification\",\"valueRequired\":true,\"valueName\":\"search_term_string\"}}],\"inLanguage\":\"fr-FR\"},{\"@type\":\"Organization\",\"@id\":\"https:\/\/www.miomiorun.com\/fr\/#organization\",\"name\":\"MioMio Run\",\"url\":\"https:\/\/www.miomiorun.com\/fr\/\",\"logo\":{\"@type\":\"ImageObject\",\"inLanguage\":\"fr-FR\",\"@id\":\"https:\/\/www.miomiorun.com\/fr\/#\/schema\/logo\/image\/\",\"url\":\"https:\/\/www.miomiorun.com\/app\/uploads\/2019\/12\/logomio.png\",\"contentUrl\":\"https:\/\/www.miomiorun.com\/app\/uploads\/2019\/12\/logomio.png\",\"width\":115,\"height\":82,\"caption\":\"MioMio Run\"},\"image\":{\"@id\":\"https:\/\/www.miomiorun.com\/fr\/#\/schema\/logo\/image\/\"},\"sameAs\":[\"https:\/\/www.facebook.com\/miomiorun\/\",\"https:\/\/www.instagram.com\/miomiorun\/\"]}]}<\/script>\n<!-- \/ Yoast SEO plugin. -->","yoast_head_json":{"title":"NNormal Race t-shirt Nature AI print femme -T-shirt de course \u00e0 pied - MioMioRun","description":"T-shirt NNormal Race : t-shirt de course l\u00e9ger et durable, compos\u00e9 \u00e0 90 % de mat\u00e9riaux recycl\u00e9s et dot\u00e9 d'un design innovant inspir\u00e9 de la nature.","robots":{"index":"index","follow":"follow","max-snippet":"max-snippet:-1","max-image-preview":"max-image-preview:large","max-video-preview":"max-video-preview:-1"},"canonical":"https:\/\/www.miomiorun.com\/fr\/produit\/race-t-shirt-nature-ai-print-femme\/","og_locale":"fr_FR","og_type":"article","og_title":"NNormal Race t-shirt Nature AI print femme -T-shirt de course \u00e0 pied - MioMioRun","og_description":"T-shirt NNormal Race : t-shirt de course l\u00e9ger et durable, compos\u00e9 \u00e0 90 % de mat\u00e9riaux recycl\u00e9s et dot\u00e9 d'un design innovant inspir\u00e9 de la nature.","og_url":"https:\/\/www.miomiorun.com\/fr\/produit\/race-t-shirt-nature-ai-print-femme\/","og_site_name":"MioMioRun","article_publisher":"https:\/\/www.facebook.com\/miomiorun\/","article_modified_time":"2026-04-17T08:47:32+00:00","og_image":[{"width":720,"height":720,"url":"https:\/\/www.miomiorun.com\/app\/uploads\/2025\/10\/nnormal-Race-t-shirt-W-Nature-AI-print-N1CWTS2-007.webp","type":"image\/webp"}],"twitter_card":"summary_large_image","twitter_misc":{"Est. reading time":"1 minute"},"schema":{"@context":"https:\/\/schema.org","@graph":[{"@type":"WebPage","@id":"https:\/\/www.miomiorun.com\/fr\/produit\/race-t-shirt-nature-ai-print-femme\/","url":"https:\/\/www.miomiorun.com\/fr\/produit\/race-t-shirt-nature-ai-print-femme\/","name":"NNormal Race t-shirt Nature AI print femme -T-shirt de course \u00e0 pied - MioMioRun","isPartOf":{"@id":"https:\/\/www.miomiorun.com\/fr\/#website"},"primaryImageOfPage":{"@id":"https:\/\/www.miomiorun.com\/fr\/produit\/race-t-shirt-nature-ai-print-femme\/#primaryimage"},"image":{"@id":"https:\/\/www.miomiorun.com\/fr\/produit\/race-t-shirt-nature-ai-print-femme\/#primaryimage"},"thumbnailUrl":"https:\/\/www.miomiorun.com\/app\/uploads\/2025\/10\/nnormal-Race-t-shirt-W-Nature-AI-print-N1CWTS2-007.webp","datePublished":"2025-09-27T13:52:16+00:00","dateModified":"2026-04-17T08:47:32+00:00","description":"T-shirt NNormal Race : t-shirt de course l\u00e9ger et durable, compos\u00e9 \u00e0 90 % de mat\u00e9riaux recycl\u00e9s et dot\u00e9 d'un design innovant inspir\u00e9 de la nature.","breadcrumb":{"@id":"https:\/\/www.miomiorun.com\/fr\/produit\/race-t-shirt-nature-ai-print-femme\/#breadcrumb"},"inLanguage":"fr-FR","potentialAction":[{"@type":"ReadAction","target":["https:\/\/www.miomiorun.com\/fr\/produit\/race-t-shirt-nature-ai-print-femme\/"]}]},{"@type":"ImageObject","inLanguage":"fr-FR","@id":"https:\/\/www.miomiorun.com\/fr\/produit\/race-t-shirt-nature-ai-print-femme\/#primaryimage","url":"https:\/\/www.miomiorun.com\/app\/uploads\/2025\/10\/nnormal-Race-t-shirt-W-Nature-AI-print-N1CWTS2-007.webp","contentUrl":"https:\/\/www.miomiorun.com\/app\/uploads\/2025\/10\/nnormal-Race-t-shirt-W-Nature-AI-print-N1CWTS2-007.webp","width":720,"height":720,"caption":"nnormal Race t-shirt W Nature AI print N1CWTS2-007"},{"@type":"BreadcrumbList","@id":"https:\/\/www.miomiorun.com\/fr\/produit\/race-t-shirt-nature-ai-print-femme\/#breadcrumb","itemListElement":[{"@type":"ListItem","position":1,"name":"Home","item":"https:\/\/www.miomiorun.com\/fr\/home-page\/"},{"@type":"ListItem","position":2,"name":"Shop","item":"https:\/\/www.miomiorun.com\/shop\/"},{"@type":"ListItem","position":3,"name":"Race t-shirt Nature AI print femme"}]},{"@type":"WebSite","@id":"https:\/\/www.miomiorun.com\/fr\/#website","url":"https:\/\/www.miomiorun.com\/fr\/","name":"MioMioRun","description":"Boutique 100% running et trail","publisher":{"@id":"https:\/\/www.miomiorun.com\/fr\/#organization"},"potentialAction":[{"@type":"SearchAction","target":{"@type":"EntryPoint","urlTemplate":"https:\/\/www.miomiorun.com\/fr\/?s={search_term_string}"},"query-input":{"@type":"PropertyValueSpecification","valueRequired":true,"valueName":"search_term_string"}}],"inLanguage":"fr-FR"},{"@type":"Organization","@id":"https:\/\/www.miomiorun.com\/fr\/#organization","name":"MioMio Run","url":"https:\/\/www.miomiorun.com\/fr\/","logo":{"@type":"ImageObject","inLanguage":"fr-FR","@id":"https:\/\/www.miomiorun.com\/fr\/#\/schema\/logo\/image\/","url":"https:\/\/www.miomiorun.com\/app\/uploads\/2019\/12\/logomio.png","contentUrl":"https:\/\/www.miomiorun.com\/app\/uploads\/2019\/12\/logomio.png","width":115,"height":82,"caption":"MioMio Run"},"image":{"@id":"https:\/\/www.miomiorun.com\/fr\/#\/schema\/logo\/image\/"},"sameAs":["https:\/\/www.facebook.com\/miomiorun\/","https:\/\/www.instagram.com\/miomiorun\/"]}]}},"_links":{"self":[{"href":"https:\/\/www.miomiorun.com\/fr\/wp-json\/wp\/v2\/product\/354831","targetHints":{"allow":["GET"]}}],"collection":[{"href":"https:\/\/www.miomiorun.com\/fr\/wp-json\/wp\/v2\/product"}],"about":[{"href":"https:\/\/www.miomiorun.com\/fr\/wp-json\/wp\/v2\/types\/product"}],"wp:featuredmedia":[{"embeddable":true,"href":"https:\/\/www.miomiorun.com\/fr\/wp-json\/wp\/v2\/media\/358105"}],"wp:attachment":[{"href":"https:\/\/www.miomiorun.com\/fr\/wp-json\/wp\/v2\/media?parent=354831"}],"wp:term":[{"taxonomy":"product_brand","embeddable":true,"href":"https:\/\/www.miomiorun.com\/fr\/wp-json\/wp\/v2\/product_brand?post=354831"},{"taxonomy":"product_cat","embeddable":true,"href":"https:\/\/www.miomiorun.com\/fr\/wp-json\/wp\/v2\/product_cat?post=354831"},{"taxonomy":"product_tag","embeddable":true,"href":"https:\/\/www.miomiorun.com\/fr\/wp-json\/wp\/v2\/product_tag?post=354831"}],"curies":[{"name":"wp","href":"https:\/\/api.w.org\/{rel}","templated":true}]}}