{"id":354817,"date":"2025-09-27T15:44:07","date_gmt":"2025-09-27T13:44:07","guid":{"rendered":"https:\/\/www.miomiorun.com\/?post_type=product&#038;p=354817"},"modified":"2026-05-09T10:11:15","modified_gmt":"2026-05-09T08:11:15","slug":"race-cap","status":"publish","type":"product","link":"https:\/\/www.miomiorun.com\/fr\/produit\/race-cap\/","title":{"rendered":"Race Cap"},"content":{"rendered":"<p data-start=\"190\" data-end=\"535\">Parcourez les sentiers en toute s\u00e9curit\u00e9 et avec style gr\u00e2ce \u00e0 la <strong data-start=\"242\" data-end=\"265\">Race Cap de NNormal<\/strong>, la casquette con\u00e7ue pour les coureurs de trail qui ne veulent faire aucun compromis entre confort et performance. Fabriqu\u00e9e en polyester recycl\u00e9 avec une touche de spandex, elle allie <strong data-start=\"431\" data-end=\"478\">durabilit\u00e9, l\u00e9g\u00e8ret\u00e9 et ajustement ergonomique<\/strong>, s&#8217;adaptant parfaitement \u00e0 chaque entra\u00eenement ou course.<\/p>\n<p data-start=\"537\" data-end=\"825\">Les perforations laser sur les c\u00f4t\u00e9s am\u00e9liorent la respirabilit\u00e9 et l&#8217;effet rafra\u00eechissant, vous gardant au frais et au sec m\u00eame pendant les sorties les plus intenses. Sa structure l\u00e9g\u00e8re et son design ajustable garantissent stabilit\u00e9 et confort prolong\u00e9, sans jamais sacrifier la praticit\u00e9.<\/p>\n<p data-start=\"827\" data-end=\"1021\">Plus qu&#8217;une simple casquette, la <strong data-start=\"861\" data-end=\"884\">Race Cap de NNormal<\/strong> est un accessoire indispensable pour ceux qui courent en montagne ou sur les sentiers les plus techniques, offrant protection, performance et style distinctif. <\/p>\n<p data-start=\"1023\" data-end=\"1056\"><strong data-start=\"1023\" data-end=\"1054\">Caract\u00e9ristiques principales :<\/strong><\/p>\n<ul data-start=\"1057\" data-end=\"1368\">\n<li data-start=\"1057\" data-end=\"1117\">\n<p data-start=\"1059\" data-end=\"1117\">Fabriqu\u00e9e \u00e0 partir de <strong data-start=\"1074\" data-end=\"1115\">97 % de polyester recycl\u00e9 et 3 % d&#8217;\u00e9lasthanne<\/strong><\/p>\n<\/li>\n<li data-start=\"1118\" data-end=\"1192\">\n<p data-start=\"1120\" data-end=\"1192\"><strong data-start=\"1120\" data-end=\"1138\">Trous d\u00e9coup\u00e9s au laser<\/strong> sur les c\u00f4t\u00e9s pour une ventilation et un refroidissement optimaux<\/p>\n<\/li>\n<li data-start=\"1193\" data-end=\"1257\">\n<p data-start=\"1195\" data-end=\"1257\"><strong data-start=\"1195\" data-end=\"1216\">Design ajustable<\/strong> pour un ajustement s\u00fbr et polyvalent<\/p>\n<\/li>\n<li data-start=\"1258\" data-end=\"1340\">\n<p data-start=\"1260\" data-end=\"1340\">Tissu <strong data-start=\"1268\" data-end=\"1293\">l\u00e9ger et respirant<\/strong>, id\u00e9al pour les courses intenses et les journ\u00e9es ensoleill\u00e9es<\/p>\n<\/li>\n<\/ul>\n","protected":false},"excerpt":{"rendered":"<ul data-start=\"1057\" data-end=\"1368\">\n<li data-start=\"1193\" data-end=\"1257\">\n<p data-start=\"1195\" data-end=\"1257\"><strong data-start=\"1195\" data-end=\"1216\">Conception ajustable<\/strong> pour un ajustement s\u00fbr et polyvalent<\/p>\n<\/li>\n<li data-start=\"1258\" data-end=\"1340\">\n<p data-start=\"1260\" data-end=\"1340\">Tissu <strong data-start=\"1268\" data-end=\"1293\">l\u00e9ger et respirant<\/strong><\/p>\n<\/li>\n<\/ul>\n","protected":false},"featured_media":358012,"template":"","meta":{"_acf_changed":false,"inline_featured_image":false},"product_brand":[],"product_cat":[22580,22579,22538],"product_tag":[35958],"class_list":{"0":"post-354817","1":"product","2":"type-product","3":"status-publish","4":"has-post-thumbnail","6":"product_cat-chapeaux-casquettes","7":"product_cat-chauffage","8":"product_cat-accessoires","9":"product_tag-nnormal-fr","10":"pa_attivita-marcher","11":"pa_attivita-outdoor-fr","12":"pa_attivita-running-fr","13":"pa_attivita-trail-fr","14":"pa_colore-race-cap-black-fr","15":"pa_colore-race-cap-green-fr","16":"pa_colore-race-cap-orange","17":"pa_colore-race-cap-purple","18":"pa_colore-race-cap-white-fr","19":"pa_marca-nnormal-fr","20":"pa_sesso-femme","21":"pa_sesso-homme","23":"first","24":"instock","25":"taxable","26":"shipping-taxable","27":"purchasable","28":"product-type-variable","29":"wvs-archive-product-wrapper"},"acf":[],"yoast_head":"<!-- This site is optimized with the Yoast SEO plugin v26.8 - https:\/\/yoast.com\/product\/yoast-seo-wordpress\/ -->\n<title>NNormal Race Cap - Casquette de course \u00e0 pied - MioMioRun<\/title>\n<meta name=\"description\" content=\"Race Cap : casquette de trail running l\u00e9g\u00e8re et respirante, en polyester recycl\u00e9, avec perforations laser et design ajustable pour plus de confort et de performances.\" \/>\n<meta name=\"robots\" content=\"index, follow, max-snippet:-1, max-image-preview:large, max-video-preview:-1\" \/>\n<link rel=\"canonical\" href=\"https:\/\/www.miomiorun.com\/fr\/produit\/race-cap\/\" \/>\n<meta property=\"og:locale\" content=\"fr_FR\" \/>\n<meta property=\"og:type\" content=\"article\" \/>\n<meta property=\"og:title\" content=\"NNormal Race Cap - Casquette de course \u00e0 pied - MioMioRun\" \/>\n<meta property=\"og:description\" content=\"Race Cap : casquette de trail running l\u00e9g\u00e8re et respirante, en polyester recycl\u00e9, avec perforations laser et design ajustable pour plus de confort et de performances.\" \/>\n<meta property=\"og:url\" content=\"https:\/\/www.miomiorun.com\/fr\/produit\/race-cap\/\" \/>\n<meta property=\"og:site_name\" content=\"MioMioRun\" \/>\n<meta property=\"article:publisher\" content=\"https:\/\/www.facebook.com\/miomiorun\/\" \/>\n<meta property=\"article:modified_time\" content=\"2026-05-09T08:11:15+00:00\" \/>\n<meta property=\"og:image\" content=\"https:\/\/www.miomiorun.com\/app\/uploads\/2025\/10\/nnormal-Race-cap-green-N1ARC03-003.webp\" \/>\n\t<meta property=\"og:image:width\" content=\"720\" \/>\n\t<meta property=\"og:image:height\" content=\"720\" \/>\n\t<meta property=\"og:image:type\" content=\"image\/webp\" \/>\n<meta name=\"twitter:card\" content=\"summary_large_image\" \/>\n<meta name=\"twitter:label1\" content=\"Est. reading time\" \/>\n\t<meta name=\"twitter:data1\" content=\"1 minute\" \/>\n<script type=\"application\/ld+json\" class=\"yoast-schema-graph\">{\"@context\":\"https:\/\/schema.org\",\"@graph\":[{\"@type\":\"WebPage\",\"@id\":\"https:\/\/www.miomiorun.com\/fr\/produit\/race-cap\/\",\"url\":\"https:\/\/www.miomiorun.com\/fr\/produit\/race-cap\/\",\"name\":\"NNormal Race Cap - Casquette de course \u00e0 pied - MioMioRun\",\"isPartOf\":{\"@id\":\"https:\/\/www.miomiorun.com\/fr\/#website\"},\"primaryImageOfPage\":{\"@id\":\"https:\/\/www.miomiorun.com\/fr\/produit\/race-cap\/#primaryimage\"},\"image\":{\"@id\":\"https:\/\/www.miomiorun.com\/fr\/produit\/race-cap\/#primaryimage\"},\"thumbnailUrl\":\"https:\/\/www.miomiorun.com\/app\/uploads\/2025\/10\/nnormal-Race-cap-green-N1ARC03-003.webp\",\"datePublished\":\"2025-09-27T13:44:07+00:00\",\"dateModified\":\"2026-05-09T08:11:15+00:00\",\"description\":\"Race Cap : casquette de trail running l\u00e9g\u00e8re et respirante, en polyester recycl\u00e9, avec perforations laser et design ajustable pour plus de confort et de performances.\",\"breadcrumb\":{\"@id\":\"https:\/\/www.miomiorun.com\/fr\/produit\/race-cap\/#breadcrumb\"},\"inLanguage\":\"fr-FR\",\"potentialAction\":[{\"@type\":\"ReadAction\",\"target\":[\"https:\/\/www.miomiorun.com\/fr\/produit\/race-cap\/\"]}]},{\"@type\":\"ImageObject\",\"inLanguage\":\"fr-FR\",\"@id\":\"https:\/\/www.miomiorun.com\/fr\/produit\/race-cap\/#primaryimage\",\"url\":\"https:\/\/www.miomiorun.com\/app\/uploads\/2025\/10\/nnormal-Race-cap-green-N1ARC03-003.webp\",\"contentUrl\":\"https:\/\/www.miomiorun.com\/app\/uploads\/2025\/10\/nnormal-Race-cap-green-N1ARC03-003.webp\",\"width\":720,\"height\":720,\"caption\":\"nnormal Race cap green N1ARC03-003\"},{\"@type\":\"BreadcrumbList\",\"@id\":\"https:\/\/www.miomiorun.com\/fr\/produit\/race-cap\/#breadcrumb\",\"itemListElement\":[{\"@type\":\"ListItem\",\"position\":1,\"name\":\"Home\",\"item\":\"https:\/\/www.miomiorun.com\/fr\/home-page\/\"},{\"@type\":\"ListItem\",\"position\":2,\"name\":\"Shop\",\"item\":\"https:\/\/www.miomiorun.com\/shop\/\"},{\"@type\":\"ListItem\",\"position\":3,\"name\":\"Race Cap\"}]},{\"@type\":\"WebSite\",\"@id\":\"https:\/\/www.miomiorun.com\/fr\/#website\",\"url\":\"https:\/\/www.miomiorun.com\/fr\/\",\"name\":\"MioMioRun\",\"description\":\"Boutique 100% running et trail\",\"publisher\":{\"@id\":\"https:\/\/www.miomiorun.com\/fr\/#organization\"},\"potentialAction\":[{\"@type\":\"SearchAction\",\"target\":{\"@type\":\"EntryPoint\",\"urlTemplate\":\"https:\/\/www.miomiorun.com\/fr\/?s={search_term_string}\"},\"query-input\":{\"@type\":\"PropertyValueSpecification\",\"valueRequired\":true,\"valueName\":\"search_term_string\"}}],\"inLanguage\":\"fr-FR\"},{\"@type\":\"Organization\",\"@id\":\"https:\/\/www.miomiorun.com\/fr\/#organization\",\"name\":\"MioMio Run\",\"url\":\"https:\/\/www.miomiorun.com\/fr\/\",\"logo\":{\"@type\":\"ImageObject\",\"inLanguage\":\"fr-FR\",\"@id\":\"https:\/\/www.miomiorun.com\/fr\/#\/schema\/logo\/image\/\",\"url\":\"https:\/\/www.miomiorun.com\/app\/uploads\/2019\/12\/logomio.png\",\"contentUrl\":\"https:\/\/www.miomiorun.com\/app\/uploads\/2019\/12\/logomio.png\",\"width\":115,\"height\":82,\"caption\":\"MioMio Run\"},\"image\":{\"@id\":\"https:\/\/www.miomiorun.com\/fr\/#\/schema\/logo\/image\/\"},\"sameAs\":[\"https:\/\/www.facebook.com\/miomiorun\/\",\"https:\/\/www.instagram.com\/miomiorun\/\"]}]}<\/script>\n<!-- \/ Yoast SEO plugin. -->","yoast_head_json":{"title":"NNormal Race Cap - Casquette de course \u00e0 pied - MioMioRun","description":"Race Cap : casquette de trail running l\u00e9g\u00e8re et respirante, en polyester recycl\u00e9, avec perforations laser et design ajustable pour plus de confort et de performances.","robots":{"index":"index","follow":"follow","max-snippet":"max-snippet:-1","max-image-preview":"max-image-preview:large","max-video-preview":"max-video-preview:-1"},"canonical":"https:\/\/www.miomiorun.com\/fr\/produit\/race-cap\/","og_locale":"fr_FR","og_type":"article","og_title":"NNormal Race Cap - Casquette de course \u00e0 pied - MioMioRun","og_description":"Race Cap : casquette de trail running l\u00e9g\u00e8re et respirante, en polyester recycl\u00e9, avec perforations laser et design ajustable pour plus de confort et de performances.","og_url":"https:\/\/www.miomiorun.com\/fr\/produit\/race-cap\/","og_site_name":"MioMioRun","article_publisher":"https:\/\/www.facebook.com\/miomiorun\/","article_modified_time":"2026-05-09T08:11:15+00:00","og_image":[{"width":720,"height":720,"url":"https:\/\/www.miomiorun.com\/app\/uploads\/2025\/10\/nnormal-Race-cap-green-N1ARC03-003.webp","type":"image\/webp"}],"twitter_card":"summary_large_image","twitter_misc":{"Est. reading time":"1 minute"},"schema":{"@context":"https:\/\/schema.org","@graph":[{"@type":"WebPage","@id":"https:\/\/www.miomiorun.com\/fr\/produit\/race-cap\/","url":"https:\/\/www.miomiorun.com\/fr\/produit\/race-cap\/","name":"NNormal Race Cap - Casquette de course \u00e0 pied - MioMioRun","isPartOf":{"@id":"https:\/\/www.miomiorun.com\/fr\/#website"},"primaryImageOfPage":{"@id":"https:\/\/www.miomiorun.com\/fr\/produit\/race-cap\/#primaryimage"},"image":{"@id":"https:\/\/www.miomiorun.com\/fr\/produit\/race-cap\/#primaryimage"},"thumbnailUrl":"https:\/\/www.miomiorun.com\/app\/uploads\/2025\/10\/nnormal-Race-cap-green-N1ARC03-003.webp","datePublished":"2025-09-27T13:44:07+00:00","dateModified":"2026-05-09T08:11:15+00:00","description":"Race Cap : casquette de trail running l\u00e9g\u00e8re et respirante, en polyester recycl\u00e9, avec perforations laser et design ajustable pour plus de confort et de performances.","breadcrumb":{"@id":"https:\/\/www.miomiorun.com\/fr\/produit\/race-cap\/#breadcrumb"},"inLanguage":"fr-FR","potentialAction":[{"@type":"ReadAction","target":["https:\/\/www.miomiorun.com\/fr\/produit\/race-cap\/"]}]},{"@type":"ImageObject","inLanguage":"fr-FR","@id":"https:\/\/www.miomiorun.com\/fr\/produit\/race-cap\/#primaryimage","url":"https:\/\/www.miomiorun.com\/app\/uploads\/2025\/10\/nnormal-Race-cap-green-N1ARC03-003.webp","contentUrl":"https:\/\/www.miomiorun.com\/app\/uploads\/2025\/10\/nnormal-Race-cap-green-N1ARC03-003.webp","width":720,"height":720,"caption":"nnormal Race cap green N1ARC03-003"},{"@type":"BreadcrumbList","@id":"https:\/\/www.miomiorun.com\/fr\/produit\/race-cap\/#breadcrumb","itemListElement":[{"@type":"ListItem","position":1,"name":"Home","item":"https:\/\/www.miomiorun.com\/fr\/home-page\/"},{"@type":"ListItem","position":2,"name":"Shop","item":"https:\/\/www.miomiorun.com\/shop\/"},{"@type":"ListItem","position":3,"name":"Race Cap"}]},{"@type":"WebSite","@id":"https:\/\/www.miomiorun.com\/fr\/#website","url":"https:\/\/www.miomiorun.com\/fr\/","name":"MioMioRun","description":"Boutique 100% running et trail","publisher":{"@id":"https:\/\/www.miomiorun.com\/fr\/#organization"},"potentialAction":[{"@type":"SearchAction","target":{"@type":"EntryPoint","urlTemplate":"https:\/\/www.miomiorun.com\/fr\/?s={search_term_string}"},"query-input":{"@type":"PropertyValueSpecification","valueRequired":true,"valueName":"search_term_string"}}],"inLanguage":"fr-FR"},{"@type":"Organization","@id":"https:\/\/www.miomiorun.com\/fr\/#organization","name":"MioMio Run","url":"https:\/\/www.miomiorun.com\/fr\/","logo":{"@type":"ImageObject","inLanguage":"fr-FR","@id":"https:\/\/www.miomiorun.com\/fr\/#\/schema\/logo\/image\/","url":"https:\/\/www.miomiorun.com\/app\/uploads\/2019\/12\/logomio.png","contentUrl":"https:\/\/www.miomiorun.com\/app\/uploads\/2019\/12\/logomio.png","width":115,"height":82,"caption":"MioMio Run"},"image":{"@id":"https:\/\/www.miomiorun.com\/fr\/#\/schema\/logo\/image\/"},"sameAs":["https:\/\/www.facebook.com\/miomiorun\/","https:\/\/www.instagram.com\/miomiorun\/"]}]}},"_links":{"self":[{"href":"https:\/\/www.miomiorun.com\/fr\/wp-json\/wp\/v2\/product\/354817","targetHints":{"allow":["GET"]}}],"collection":[{"href":"https:\/\/www.miomiorun.com\/fr\/wp-json\/wp\/v2\/product"}],"about":[{"href":"https:\/\/www.miomiorun.com\/fr\/wp-json\/wp\/v2\/types\/product"}],"wp:featuredmedia":[{"embeddable":true,"href":"https:\/\/www.miomiorun.com\/fr\/wp-json\/wp\/v2\/media\/358012"}],"wp:attachment":[{"href":"https:\/\/www.miomiorun.com\/fr\/wp-json\/wp\/v2\/media?parent=354817"}],"wp:term":[{"taxonomy":"product_brand","embeddable":true,"href":"https:\/\/www.miomiorun.com\/fr\/wp-json\/wp\/v2\/product_brand?post=354817"},{"taxonomy":"product_cat","embeddable":true,"href":"https:\/\/www.miomiorun.com\/fr\/wp-json\/wp\/v2\/product_cat?post=354817"},{"taxonomy":"product_tag","embeddable":true,"href":"https:\/\/www.miomiorun.com\/fr\/wp-json\/wp\/v2\/product_tag?post=354817"}],"curies":[{"name":"wp","href":"https:\/\/api.w.org\/{rel}","templated":true}]}}