{"id":354178,"date":"2025-09-26T19:25:06","date_gmt":"2025-09-26T17:25:06","guid":{"rendered":"https:\/\/www.miomiorun.com\/?post_type=product&#038;p=354178"},"modified":"2026-04-17T10:47:56","modified_gmt":"2026-04-17T08:47:56","slug":"tomir-2-0","status":"publish","type":"product","link":"https:\/\/www.miomiorun.com\/fr\/produit\/tomir-2-0\/","title":{"rendered":"Tomir 2.0"},"content":{"rendered":"<div class=\"vc-row container\"><div class=\"vc-column\"><div class=\"vc-column-text\"><\/p>\n<p><strong>Caract\u00e9ristiques techniques<\/strong><\/p>\n<p>Cat\u00e9gorie : amorti structur\u00e9<br \/>\nD\u00e9calage : 8 mm<br \/>\nPoids : 264 grammes (taille UK 8,5)<br \/>\nId\u00e9al pour : les coureurs de trail \u00e0 la recherche d&#8217;une chaussure performante et confortable, m\u00eame sur des parcours longs et difficiles.<br \/>\nPoids de l&#8217;athl\u00e8te : 60-80 kg<br \/>\nAllure de course : moyenne (5-6 min\/km)<br \/>\n<a href=\"https:\/\/miomiorun.com\/guida-alle-specifiche-tecniche\/\">Guide des sp\u00e9cifications techniques<\/a><\/p>\n<p><\/div><\/div><div class=\"vc-column\"><div class=\"vc-column-text\"><\/p>\n<p data-start=\"232\" data-end=\"549\">La <strong data-start=\"235\" data-end=\"247\">Tomir 02<\/strong> est con\u00e7ue pour ceux qui aiment se d\u00e9marquer tant par leur style que par leurs performances. Cette chaussure de trail running est con\u00e7ue pour affronter en toute confiance les parcours les plus techniques et les distances les plus longues, en garantissant stabilit\u00e9, protection et un amorti s\u00fbr \u00e0 chaque foul\u00e9e.<\/p>\n<p data-start=\"551\" data-end=\"941\">Avec un <strong data-start=\"559\" data-end=\"612\">stack de 25 mm \u00e0 l&#8217;avant-pied et de 33 mm au talon<\/strong>, un <strong data-start=\"617\" data-end=\"633\">drop de 8 mm<\/strong> et des crampons de <strong data-start=\"648\" data-end=\"656\">5 mm<\/strong>, la Tomir 02 offre un \u00e9quilibre parfait entre confort et adh\u00e9rence, assurant une traction m\u00eame sur les terrains les plus difficiles. Malgr\u00e9 sa robustesse, elle reste l\u00e9g\u00e8re, ce qui la rend r\u00e9active m\u00eame lors des sorties les plus longues.<\/p>\n<p data-start=\"943\" data-end=\"1339\">Le c\u0153ur de la performance r\u00e9side dans la semelle, fabriqu\u00e9e en <strong data-start=\"997\" data-end=\"1017\">VIBRAM\u00ae Megagrip<\/strong>, qui garantit une adh\u00e9rence imbattable sur les surfaces s\u00e8ches comme humides. La technologie <strong data-start=\"1111\" data-end=\"1131\">VIBRAM\u00ae Litebase<\/strong> r\u00e9duit le poids total sans compromettre la r\u00e9sistance et la durabilit\u00e9, tandis que le dessin des crampons avec <strong data-start=\"1235\" data-end=\"1259\">VIBRAM\u00ae Traction Lug<\/strong> est con\u00e7u pour offrir plus de stabilit\u00e9 et de pouss\u00e9e en mont\u00e9e comme en descente.<\/p>\n<p data-start=\"1341\" data-end=\"1514\">Pour compl\u00e9ter la chaussure, la <strong data-start=\"1367\" data-end=\"1389\">semelle interm\u00e9diaire Eexpure<\/strong> assure un amorti r\u00e9actif et protecteur, parfait pour conserver \u00e9nergie et confort m\u00eame apr\u00e8s de nombreuses heures de course.<\/p>\n<p data-start=\"1516\" data-end=\"1742\">La Tomir 02 est bien plus qu&#8217;une simple chaussure : c&#8217;est une compagne fiable pour ceux qui veulent repousser leurs limites, alliant performance et style sur tous les sentiers.<\/p>\n<p><\/div><\/div><\/div><\/p>\n","protected":false},"excerpt":{"rendered":"<ul>\n<li>Chaussure de course destin\u00e9e au trail et \u00e0 l&#8217;ultra-trail<\/li>\n<li>Excellent amorti<\/li>\n<li>Grande durabilit\u00e9<\/li>\n<\/ul>\n<p>[vc_row][vc_column width=\"1\/3\"][vc_column_text]<\/p>\n","protected":false},"featured_media":358120,"template":"","meta":{"_acf_changed":false,"inline_featured_image":false},"product_brand":[],"product_cat":[22605,24448,24445,22608],"product_tag":[35958,35968,35965],"class_list":{"0":"post-354178","1":"product","2":"type-product","3":"status-publish","4":"has-post-thumbnail","6":"product_cat-chaussures-pour-femmes","7":"product_cat-chaussures-pour-hommes-fr","8":"product_cat-trail-fr-3","9":"product_cat-trail-fr","10":"product_tag-nnormal-fr","11":"product_tag-nnormal-femme-fr","12":"product_tag-nnormal-homme-fr","13":"pa_attivita-outdoor-fr","14":"pa_attivita-trail-fr","15":"pa_colore-tomir-2-0-green-white","16":"pa_colore-tomir-2-0-shoe-beige-fr","17":"pa_colore-tomir-2-0-shoe-burgundy-fr","18":"pa_marca-nnormal-fr","19":"pa_sesso-femme","20":"pa_sesso-homme","21":"pa_size-38-fr","23":"pa_size-39-fr","24":"pa_size-40-fr","26":"pa_size-41-fr","27":"pa_size-42-fr","29":"pa_size-43-fr","30":"pa_size-44-fr","32":"pa_size-45-fr","33":"pa_size-46-fr","36":"first","37":"instock","38":"taxable","39":"shipping-taxable","40":"purchasable","41":"product-type-variable","42":"wvs-archive-product-wrapper"},"acf":[],"yoast_head":"<!-- This site is optimized with the Yoast SEO plugin v26.8 - https:\/\/yoast.com\/product\/yoast-seo-wordpress\/ -->\n<title>NNormal Tomir 2.0 - Chaussures de trail pour homme - MioMioRun.com<\/title>\n<meta name=\"description\" content=\"D\u00e9couvrez la Tomir 02 : une chaussure de trail running l\u00e9g\u00e8re et r\u00e9sistante, avec une semelle Vibram\u00ae et une semelle interm\u00e9diaire Eexpure pour une adh\u00e9rence, une stabilit\u00e9 et un confort optimaux sur les longues distances.\" \/>\n<meta name=\"robots\" content=\"index, follow, max-snippet:-1, max-image-preview:large, max-video-preview:-1\" \/>\n<link rel=\"canonical\" href=\"https:\/\/www.miomiorun.com\/fr\/produit\/tomir-2-0\/\" \/>\n<meta property=\"og:locale\" content=\"fr_FR\" \/>\n<meta property=\"og:type\" content=\"article\" \/>\n<meta property=\"og:title\" content=\"NNormal Tomir 2.0 - Chaussures de trail pour homme - MioMioRun.com\" \/>\n<meta property=\"og:description\" content=\"D\u00e9couvrez la Tomir 02 : une chaussure de trail running l\u00e9g\u00e8re et r\u00e9sistante, avec une semelle Vibram\u00ae et une semelle interm\u00e9diaire Eexpure pour une adh\u00e9rence, une stabilit\u00e9 et un confort optimaux sur les longues distances.\" \/>\n<meta property=\"og:url\" content=\"https:\/\/www.miomiorun.com\/fr\/produit\/tomir-2-0\/\" \/>\n<meta property=\"og:site_name\" content=\"MioMioRun\" \/>\n<meta property=\"article:publisher\" content=\"https:\/\/www.facebook.com\/miomiorun\/\" \/>\n<meta property=\"article:modified_time\" content=\"2026-04-17T08:47:56+00:00\" \/>\n<meta property=\"og:image\" content=\"https:\/\/www.miomiorun.com\/app\/uploads\/2025\/10\/nnormal-Tomir-2.0-shoe-burgundy-N2ZTR25-004.webp\" \/>\n\t<meta property=\"og:image:width\" content=\"720\" \/>\n\t<meta property=\"og:image:height\" content=\"720\" \/>\n\t<meta property=\"og:image:type\" content=\"image\/webp\" \/>\n<meta name=\"twitter:card\" content=\"summary_large_image\" \/>\n<meta name=\"twitter:label1\" content=\"Est. reading time\" \/>\n\t<meta name=\"twitter:data1\" content=\"2 minutes\" \/>\n<script type=\"application\/ld+json\" class=\"yoast-schema-graph\">{\"@context\":\"https:\/\/schema.org\",\"@graph\":[{\"@type\":\"WebPage\",\"@id\":\"https:\/\/www.miomiorun.com\/fr\/produit\/tomir-2-0\/\",\"url\":\"https:\/\/www.miomiorun.com\/fr\/produit\/tomir-2-0\/\",\"name\":\"NNormal Tomir 2.0 - Chaussures de trail pour homme - MioMioRun.com\",\"isPartOf\":{\"@id\":\"https:\/\/www.miomiorun.com\/fr\/#website\"},\"primaryImageOfPage\":{\"@id\":\"https:\/\/www.miomiorun.com\/fr\/produit\/tomir-2-0\/#primaryimage\"},\"image\":{\"@id\":\"https:\/\/www.miomiorun.com\/fr\/produit\/tomir-2-0\/#primaryimage\"},\"thumbnailUrl\":\"https:\/\/www.miomiorun.com\/app\/uploads\/2025\/10\/nnormal-Tomir-2.0-shoe-burgundy-N2ZTR25-004.webp\",\"datePublished\":\"2025-09-26T17:25:06+00:00\",\"dateModified\":\"2026-04-17T08:47:56+00:00\",\"description\":\"D\u00e9couvrez la Tomir 02 : une chaussure de trail running l\u00e9g\u00e8re et r\u00e9sistante, avec une semelle Vibram\u00ae et une semelle interm\u00e9diaire Eexpure pour une adh\u00e9rence, une stabilit\u00e9 et un confort optimaux sur les longues distances.\",\"breadcrumb\":{\"@id\":\"https:\/\/www.miomiorun.com\/fr\/produit\/tomir-2-0\/#breadcrumb\"},\"inLanguage\":\"fr-FR\",\"potentialAction\":[{\"@type\":\"ReadAction\",\"target\":[\"https:\/\/www.miomiorun.com\/fr\/produit\/tomir-2-0\/\"]}]},{\"@type\":\"ImageObject\",\"inLanguage\":\"fr-FR\",\"@id\":\"https:\/\/www.miomiorun.com\/fr\/produit\/tomir-2-0\/#primaryimage\",\"url\":\"https:\/\/www.miomiorun.com\/app\/uploads\/2025\/10\/nnormal-Tomir-2.0-shoe-burgundy-N2ZTR25-004.webp\",\"contentUrl\":\"https:\/\/www.miomiorun.com\/app\/uploads\/2025\/10\/nnormal-Tomir-2.0-shoe-burgundy-N2ZTR25-004.webp\",\"width\":720,\"height\":720,\"caption\":\"nnormal Tomir 2.0 shoe burgundy N2ZTR25-004\"},{\"@type\":\"BreadcrumbList\",\"@id\":\"https:\/\/www.miomiorun.com\/fr\/produit\/tomir-2-0\/#breadcrumb\",\"itemListElement\":[{\"@type\":\"ListItem\",\"position\":1,\"name\":\"Home\",\"item\":\"https:\/\/www.miomiorun.com\/fr\/home-page\/\"},{\"@type\":\"ListItem\",\"position\":2,\"name\":\"Shop\",\"item\":\"https:\/\/www.miomiorun.com\/shop\/\"},{\"@type\":\"ListItem\",\"position\":3,\"name\":\"Tomir 2.0\"}]},{\"@type\":\"WebSite\",\"@id\":\"https:\/\/www.miomiorun.com\/fr\/#website\",\"url\":\"https:\/\/www.miomiorun.com\/fr\/\",\"name\":\"MioMioRun\",\"description\":\"Boutique 100% running et trail\",\"publisher\":{\"@id\":\"https:\/\/www.miomiorun.com\/fr\/#organization\"},\"potentialAction\":[{\"@type\":\"SearchAction\",\"target\":{\"@type\":\"EntryPoint\",\"urlTemplate\":\"https:\/\/www.miomiorun.com\/fr\/?s={search_term_string}\"},\"query-input\":{\"@type\":\"PropertyValueSpecification\",\"valueRequired\":true,\"valueName\":\"search_term_string\"}}],\"inLanguage\":\"fr-FR\"},{\"@type\":\"Organization\",\"@id\":\"https:\/\/www.miomiorun.com\/fr\/#organization\",\"name\":\"MioMio Run\",\"url\":\"https:\/\/www.miomiorun.com\/fr\/\",\"logo\":{\"@type\":\"ImageObject\",\"inLanguage\":\"fr-FR\",\"@id\":\"https:\/\/www.miomiorun.com\/fr\/#\/schema\/logo\/image\/\",\"url\":\"https:\/\/www.miomiorun.com\/app\/uploads\/2019\/12\/logomio.png\",\"contentUrl\":\"https:\/\/www.miomiorun.com\/app\/uploads\/2019\/12\/logomio.png\",\"width\":115,\"height\":82,\"caption\":\"MioMio Run\"},\"image\":{\"@id\":\"https:\/\/www.miomiorun.com\/fr\/#\/schema\/logo\/image\/\"},\"sameAs\":[\"https:\/\/www.facebook.com\/miomiorun\/\",\"https:\/\/www.instagram.com\/miomiorun\/\"]}]}<\/script>\n<!-- \/ Yoast SEO plugin. -->","yoast_head_json":{"title":"NNormal Tomir 2.0 - Chaussures de trail pour homme - MioMioRun.com","description":"D\u00e9couvrez la Tomir 02 : une chaussure de trail running l\u00e9g\u00e8re et r\u00e9sistante, avec une semelle Vibram\u00ae et une semelle interm\u00e9diaire Eexpure pour une adh\u00e9rence, une stabilit\u00e9 et un confort optimaux sur les longues distances.","robots":{"index":"index","follow":"follow","max-snippet":"max-snippet:-1","max-image-preview":"max-image-preview:large","max-video-preview":"max-video-preview:-1"},"canonical":"https:\/\/www.miomiorun.com\/fr\/produit\/tomir-2-0\/","og_locale":"fr_FR","og_type":"article","og_title":"NNormal Tomir 2.0 - Chaussures de trail pour homme - MioMioRun.com","og_description":"D\u00e9couvrez la Tomir 02 : une chaussure de trail running l\u00e9g\u00e8re et r\u00e9sistante, avec une semelle Vibram\u00ae et une semelle interm\u00e9diaire Eexpure pour une adh\u00e9rence, une stabilit\u00e9 et un confort optimaux sur les longues distances.","og_url":"https:\/\/www.miomiorun.com\/fr\/produit\/tomir-2-0\/","og_site_name":"MioMioRun","article_publisher":"https:\/\/www.facebook.com\/miomiorun\/","article_modified_time":"2026-04-17T08:47:56+00:00","og_image":[{"width":720,"height":720,"url":"https:\/\/www.miomiorun.com\/app\/uploads\/2025\/10\/nnormal-Tomir-2.0-shoe-burgundy-N2ZTR25-004.webp","type":"image\/webp"}],"twitter_card":"summary_large_image","twitter_misc":{"Est. reading time":"2 minutes"},"schema":{"@context":"https:\/\/schema.org","@graph":[{"@type":"WebPage","@id":"https:\/\/www.miomiorun.com\/fr\/produit\/tomir-2-0\/","url":"https:\/\/www.miomiorun.com\/fr\/produit\/tomir-2-0\/","name":"NNormal Tomir 2.0 - Chaussures de trail pour homme - MioMioRun.com","isPartOf":{"@id":"https:\/\/www.miomiorun.com\/fr\/#website"},"primaryImageOfPage":{"@id":"https:\/\/www.miomiorun.com\/fr\/produit\/tomir-2-0\/#primaryimage"},"image":{"@id":"https:\/\/www.miomiorun.com\/fr\/produit\/tomir-2-0\/#primaryimage"},"thumbnailUrl":"https:\/\/www.miomiorun.com\/app\/uploads\/2025\/10\/nnormal-Tomir-2.0-shoe-burgundy-N2ZTR25-004.webp","datePublished":"2025-09-26T17:25:06+00:00","dateModified":"2026-04-17T08:47:56+00:00","description":"D\u00e9couvrez la Tomir 02 : une chaussure de trail running l\u00e9g\u00e8re et r\u00e9sistante, avec une semelle Vibram\u00ae et une semelle interm\u00e9diaire Eexpure pour une adh\u00e9rence, une stabilit\u00e9 et un confort optimaux sur les longues distances.","breadcrumb":{"@id":"https:\/\/www.miomiorun.com\/fr\/produit\/tomir-2-0\/#breadcrumb"},"inLanguage":"fr-FR","potentialAction":[{"@type":"ReadAction","target":["https:\/\/www.miomiorun.com\/fr\/produit\/tomir-2-0\/"]}]},{"@type":"ImageObject","inLanguage":"fr-FR","@id":"https:\/\/www.miomiorun.com\/fr\/produit\/tomir-2-0\/#primaryimage","url":"https:\/\/www.miomiorun.com\/app\/uploads\/2025\/10\/nnormal-Tomir-2.0-shoe-burgundy-N2ZTR25-004.webp","contentUrl":"https:\/\/www.miomiorun.com\/app\/uploads\/2025\/10\/nnormal-Tomir-2.0-shoe-burgundy-N2ZTR25-004.webp","width":720,"height":720,"caption":"nnormal Tomir 2.0 shoe burgundy N2ZTR25-004"},{"@type":"BreadcrumbList","@id":"https:\/\/www.miomiorun.com\/fr\/produit\/tomir-2-0\/#breadcrumb","itemListElement":[{"@type":"ListItem","position":1,"name":"Home","item":"https:\/\/www.miomiorun.com\/fr\/home-page\/"},{"@type":"ListItem","position":2,"name":"Shop","item":"https:\/\/www.miomiorun.com\/shop\/"},{"@type":"ListItem","position":3,"name":"Tomir 2.0"}]},{"@type":"WebSite","@id":"https:\/\/www.miomiorun.com\/fr\/#website","url":"https:\/\/www.miomiorun.com\/fr\/","name":"MioMioRun","description":"Boutique 100% running et trail","publisher":{"@id":"https:\/\/www.miomiorun.com\/fr\/#organization"},"potentialAction":[{"@type":"SearchAction","target":{"@type":"EntryPoint","urlTemplate":"https:\/\/www.miomiorun.com\/fr\/?s={search_term_string}"},"query-input":{"@type":"PropertyValueSpecification","valueRequired":true,"valueName":"search_term_string"}}],"inLanguage":"fr-FR"},{"@type":"Organization","@id":"https:\/\/www.miomiorun.com\/fr\/#organization","name":"MioMio Run","url":"https:\/\/www.miomiorun.com\/fr\/","logo":{"@type":"ImageObject","inLanguage":"fr-FR","@id":"https:\/\/www.miomiorun.com\/fr\/#\/schema\/logo\/image\/","url":"https:\/\/www.miomiorun.com\/app\/uploads\/2019\/12\/logomio.png","contentUrl":"https:\/\/www.miomiorun.com\/app\/uploads\/2019\/12\/logomio.png","width":115,"height":82,"caption":"MioMio Run"},"image":{"@id":"https:\/\/www.miomiorun.com\/fr\/#\/schema\/logo\/image\/"},"sameAs":["https:\/\/www.facebook.com\/miomiorun\/","https:\/\/www.instagram.com\/miomiorun\/"]}]}},"_links":{"self":[{"href":"https:\/\/www.miomiorun.com\/fr\/wp-json\/wp\/v2\/product\/354178","targetHints":{"allow":["GET"]}}],"collection":[{"href":"https:\/\/www.miomiorun.com\/fr\/wp-json\/wp\/v2\/product"}],"about":[{"href":"https:\/\/www.miomiorun.com\/fr\/wp-json\/wp\/v2\/types\/product"}],"wp:featuredmedia":[{"embeddable":true,"href":"https:\/\/www.miomiorun.com\/fr\/wp-json\/wp\/v2\/media\/358120"}],"wp:attachment":[{"href":"https:\/\/www.miomiorun.com\/fr\/wp-json\/wp\/v2\/media?parent=354178"}],"wp:term":[{"taxonomy":"product_brand","embeddable":true,"href":"https:\/\/www.miomiorun.com\/fr\/wp-json\/wp\/v2\/product_brand?post=354178"},{"taxonomy":"product_cat","embeddable":true,"href":"https:\/\/www.miomiorun.com\/fr\/wp-json\/wp\/v2\/product_cat?post=354178"},{"taxonomy":"product_tag","embeddable":true,"href":"https:\/\/www.miomiorun.com\/fr\/wp-json\/wp\/v2\/product_tag?post=354178"}],"curies":[{"name":"wp","href":"https:\/\/api.w.org\/{rel}","templated":true}]}}