{"id":353919,"date":"2025-09-26T18:50:47","date_gmt":"2025-09-26T16:50:47","guid":{"rendered":"https:\/\/www.miomiorun.com\/?post_type=product&#038;p=353919"},"modified":"2026-04-17T10:48:20","modified_gmt":"2026-04-17T08:48:20","slug":"ethereal-pro-jkt-homme","status":"publish","type":"product","link":"https:\/\/www.miomiorun.com\/fr\/produit\/ethereal-pro-jkt-homme\/","title":{"rendered":"Ethereal Pro JKT homme"},"content":{"rendered":"<p data-start=\"160\" data-end=\"505\">L\u00e9g\u00e8ret\u00e9 et protection maximales dans un seul v\u00eatement. <strong data-start=\"210\" data-end=\"222\">Ethereal<\/strong> est une veste de pluie trois couches qui allie poids minimal, compressibilit\u00e9 et r\u00e9sistance aux \u00e9l\u00e9ments. Parmi les plus l\u00e9g\u00e8res de sa cat\u00e9gorie, elle a \u00e9t\u00e9 con\u00e7ue avec une <strong data-start=\"391\" data-end=\"417\">construction \u00e0 panneaux<\/strong> qui r\u00e9duit les tensions pendant la course et garantit une libert\u00e9 de mouvement maximale.<\/p>\n<p data-start=\"507\" data-end=\"702\">Con\u00e7ue pour le <strong data-start=\"522\" data-end=\"543\">Mountain Running\u00ae<\/strong>, elle offre une protection totale gr\u00e2ce au tissu <strong data-start=\"591\" data-end=\"609\">Pertex\u00ae Shield<\/strong> et \u00e0 sa colonne d&#8217;eau de 20 000 mm, tout en conservant une grande respirabilit\u00e9.<\/p>\n<h3 data-start=\"709\" data-end=\"739\">Caract\u00e9ristiques principales<\/h3>\n<ul data-start=\"740\" data-end=\"1159\">\n<li data-start=\"740\" data-end=\"808\">\n<p data-start=\"742\" data-end=\"808\"><strong data-start=\"742\" data-end=\"766\">Ultra-l\u00e9ger (157 g)<\/strong> : une protection sans compromis sur le poids.\n<\/p>\n<\/li>\n<li data-start=\"809\" data-end=\"878\">\n<p data-start=\"811\" data-end=\"878\"><strong data-start=\"811\" data-end=\"846\">Imperm\u00e9abilit\u00e9 et respirabilit\u00e9<\/strong> : 20 000 mm \/ 20 000 g\/m\u00b2\/24h.<\/p>\n<\/li>\n<li data-start=\"879\" data-end=\"950\">\n<p data-start=\"881\" data-end=\"950\"><strong data-start=\"881\" data-end=\"907\">Tissu Pertex\u00ae Shield<\/strong> : r\u00e9sistant, compressible et performant. <\/p>\n<\/li>\n<li data-start=\"951\" data-end=\"1079\">\n<p data-start=\"953\" data-end=\"1079\"><strong data-start=\"953\" data-end=\"974\">Design fonctionnel<\/strong> : capuche structur\u00e9e ajustable, bas \u00e9lastiqu\u00e9 et d\u00e9tails r\u00e9fl\u00e9chissants pour une meilleure visibilit\u00e9 nocturne. <\/p>\n<\/li>\n<li data-start=\"1080\" data-end=\"1159\">\n<p data-start=\"1082\" data-end=\"1159\"><strong data-start=\"1082\" data-end=\"1094\">Compressible<\/strong> : se range dans la poche poitrine avec fermeture \u00e9clair YKK\u00ae hydrofuge.\n<\/p>\n<\/li>\n<\/ul>\n<h3 data-start=\"1511\" data-end=\"1534\">D\u00e9tails suppl\u00e9mentaires<\/h3>\n<ul data-start=\"1535\" data-end=\"1804\">\n<li data-start=\"1535\" data-end=\"1572\">\n<p data-start=\"1537\" data-end=\"1572\">Bas ajustable et \u00e9lastiqu\u00e9<\/p>\n<\/li>\n<li data-start=\"1573\" data-end=\"1598\">\n<p data-start=\"1575\" data-end=\"1598\">Poignets \u00e9lastiqu\u00e9s<\/p>\n<\/li>\n<li data-start=\"1599\" data-end=\"1635\">\n<p data-start=\"1601\" data-end=\"1635\">Fermeture \u00e9clair centrale YKK\u00ae hydrofuge<\/p>\n<\/li>\n<li data-start=\"1636\" data-end=\"1689\">\n<p data-start=\"1638\" data-end=\"1689\">Poche poitrine avec fermeture \u00e9clair YKK\u00ae (poche compacte)<\/p>\n<\/li>\n<li data-start=\"1690\" data-end=\"1755\">\n<p data-start=\"1692\" data-end=\"1755\">Capuche r\u00e9glable avec visi\u00e8re de protection et empi\u00e8cements en mesh<\/p>\n<\/li>\n<li data-start=\"1756\" data-end=\"1804\">\n<p data-start=\"1758\" data-end=\"1804\">D\u00e9tails r\u00e9fl\u00e9chissants pour une meilleure visibilit\u00e9 nocturne<\/p>\n<\/li>\n<\/ul>\n","protected":false},"excerpt":{"rendered":"<ul>\n<li data-start=\"1424\" data-end=\"1458\">\n<p data-start=\"1426\" data-end=\"1458\"><strong data-start=\"1426\" data-end=\"1445\">Colonne d&#8217;eau<\/strong> : 20 000 mm<\/p>\n<\/li>\n<li data-start=\"1459\" data-end=\"1504\">\n<p data-start=\"1461\" data-end=\"1504\"><strong data-start=\"1461\" data-end=\"1485\">Respirabilit\u00e9 (RET)<\/strong> : 20 000 g\/m\u00b2\/24h<\/p>\n<\/li>\n<li data-start=\"1459\" data-end=\"1504\"><strong data-start=\"1253\" data-end=\"1275\">Tissu principal<\/strong> : Pertex\u00ae Shield (HDL12)<\/li>\n<\/ul>\n","protected":false},"featured_media":359039,"template":"","meta":{"_acf_changed":false,"inline_featured_image":false},"product_brand":[],"product_cat":[24480,24482,24484],"product_tag":[23597,23599],"class_list":{"0":"post-353919","1":"product","2":"type-product","3":"status-publish","4":"has-post-thumbnail","6":"product_cat-vestes-fr-2","7":"product_cat-vetements-pour-hommes-fr","8":"product_cat-homme","9":"product_tag-la-sportiva-fr","10":"product_tag-la-sportiva-homme","11":"pa_attivita-outdoor-fr","12":"pa_colore-ethereal-pro-jkt-m-yellow-black-fr","13":"pa_marca-la-sportiva-fr","14":"pa_sesso-homme","15":"pa_size-small-fr","17":"first","18":"instock","19":"sale","20":"taxable","21":"shipping-taxable","22":"purchasable","23":"product-type-variable","24":"wvs-archive-product-wrapper"},"acf":[],"yoast_head":"<!-- This site is optimized with the Yoast SEO plugin v26.8 - https:\/\/yoast.com\/product\/yoast-seo-wordpress\/ -->\n<title>La Sportiva Ethereal Pro JKT homme - Veste de randonn\u00e9e - MioMioRun<\/title>\n<meta name=\"description\" content=\"D\u00e9couvrez Ethereal, la veste de pluie ultral\u00e9g\u00e8re \u00e0 3 couches en Pertex\u00ae Shield. Imperm\u00e9able, respirante, compressible et parfaite pour le Mountain Running\u00ae.\" \/>\n<meta name=\"robots\" content=\"index, follow, max-snippet:-1, max-image-preview:large, max-video-preview:-1\" \/>\n<link rel=\"canonical\" href=\"https:\/\/www.miomiorun.com\/fr\/produit\/ethereal-pro-jkt-homme\/\" \/>\n<meta property=\"og:locale\" content=\"fr_FR\" \/>\n<meta property=\"og:type\" content=\"article\" \/>\n<meta property=\"og:title\" content=\"La Sportiva Ethereal Pro JKT homme - Veste de randonn\u00e9e - MioMioRun\" \/>\n<meta property=\"og:description\" content=\"D\u00e9couvrez Ethereal, la veste de pluie ultral\u00e9g\u00e8re \u00e0 3 couches en Pertex\u00ae Shield. Imperm\u00e9able, respirante, compressible et parfaite pour le Mountain Running\u00ae.\" \/>\n<meta property=\"og:url\" content=\"https:\/\/www.miomiorun.com\/fr\/produit\/ethereal-pro-jkt-homme\/\" \/>\n<meta property=\"og:site_name\" content=\"MioMioRun\" \/>\n<meta property=\"article:publisher\" content=\"https:\/\/www.facebook.com\/miomiorun\/\" \/>\n<meta property=\"article:modified_time\" content=\"2026-04-17T08:48:20+00:00\" \/>\n<meta property=\"og:image\" content=\"https:\/\/www.miomiorun.com\/app\/uploads\/2025\/10\/la-sportiva-Ethereal-Pro-JKT-M-night-sky-ZARJ024B46B46.webp\" \/>\n\t<meta property=\"og:image:width\" content=\"720\" \/>\n\t<meta property=\"og:image:height\" content=\"720\" \/>\n\t<meta property=\"og:image:type\" content=\"image\/webp\" \/>\n<meta name=\"twitter:card\" content=\"summary_large_image\" \/>\n<meta name=\"twitter:label1\" content=\"Est. reading time\" \/>\n\t<meta name=\"twitter:data1\" content=\"1 minute\" \/>\n<script type=\"application\/ld+json\" class=\"yoast-schema-graph\">{\"@context\":\"https:\/\/schema.org\",\"@graph\":[{\"@type\":\"WebPage\",\"@id\":\"https:\/\/www.miomiorun.com\/fr\/produit\/ethereal-pro-jkt-homme\/\",\"url\":\"https:\/\/www.miomiorun.com\/fr\/produit\/ethereal-pro-jkt-homme\/\",\"name\":\"La Sportiva Ethereal Pro JKT homme - Veste de randonn\u00e9e - MioMioRun\",\"isPartOf\":{\"@id\":\"https:\/\/www.miomiorun.com\/fr\/#website\"},\"primaryImageOfPage\":{\"@id\":\"https:\/\/www.miomiorun.com\/fr\/produit\/ethereal-pro-jkt-homme\/#primaryimage\"},\"image\":{\"@id\":\"https:\/\/www.miomiorun.com\/fr\/produit\/ethereal-pro-jkt-homme\/#primaryimage\"},\"thumbnailUrl\":\"https:\/\/www.miomiorun.com\/app\/uploads\/2025\/10\/la-sportiva-Ethereal-Pro-JKT-M-night-sky-ZARJ024B46B46.webp\",\"datePublished\":\"2025-09-26T16:50:47+00:00\",\"dateModified\":\"2026-04-17T08:48:20+00:00\",\"description\":\"D\u00e9couvrez Ethereal, la veste de pluie ultral\u00e9g\u00e8re \u00e0 3 couches en Pertex\u00ae Shield. Imperm\u00e9able, respirante, compressible et parfaite pour le Mountain Running\u00ae.\",\"breadcrumb\":{\"@id\":\"https:\/\/www.miomiorun.com\/fr\/produit\/ethereal-pro-jkt-homme\/#breadcrumb\"},\"inLanguage\":\"fr-FR\",\"potentialAction\":[{\"@type\":\"ReadAction\",\"target\":[\"https:\/\/www.miomiorun.com\/fr\/produit\/ethereal-pro-jkt-homme\/\"]}]},{\"@type\":\"ImageObject\",\"inLanguage\":\"fr-FR\",\"@id\":\"https:\/\/www.miomiorun.com\/fr\/produit\/ethereal-pro-jkt-homme\/#primaryimage\",\"url\":\"https:\/\/www.miomiorun.com\/app\/uploads\/2025\/10\/la-sportiva-Ethereal-Pro-JKT-M-night-sky-ZARJ024B46B46.webp\",\"contentUrl\":\"https:\/\/www.miomiorun.com\/app\/uploads\/2025\/10\/la-sportiva-Ethereal-Pro-JKT-M-night-sky-ZARJ024B46B46.webp\",\"width\":720,\"height\":720,\"caption\":\"la sportiva Ethereal Pro JKT M night sky ZARJ024B46B46\"},{\"@type\":\"BreadcrumbList\",\"@id\":\"https:\/\/www.miomiorun.com\/fr\/produit\/ethereal-pro-jkt-homme\/#breadcrumb\",\"itemListElement\":[{\"@type\":\"ListItem\",\"position\":1,\"name\":\"Home\",\"item\":\"https:\/\/www.miomiorun.com\/fr\/home-page\/\"},{\"@type\":\"ListItem\",\"position\":2,\"name\":\"Shop\",\"item\":\"https:\/\/www.miomiorun.com\/shop\/\"},{\"@type\":\"ListItem\",\"position\":3,\"name\":\"Ethereal Pro JKT homme\"}]},{\"@type\":\"WebSite\",\"@id\":\"https:\/\/www.miomiorun.com\/fr\/#website\",\"url\":\"https:\/\/www.miomiorun.com\/fr\/\",\"name\":\"MioMioRun\",\"description\":\"Boutique 100% running et trail\",\"publisher\":{\"@id\":\"https:\/\/www.miomiorun.com\/fr\/#organization\"},\"potentialAction\":[{\"@type\":\"SearchAction\",\"target\":{\"@type\":\"EntryPoint\",\"urlTemplate\":\"https:\/\/www.miomiorun.com\/fr\/?s={search_term_string}\"},\"query-input\":{\"@type\":\"PropertyValueSpecification\",\"valueRequired\":true,\"valueName\":\"search_term_string\"}}],\"inLanguage\":\"fr-FR\"},{\"@type\":\"Organization\",\"@id\":\"https:\/\/www.miomiorun.com\/fr\/#organization\",\"name\":\"MioMio Run\",\"url\":\"https:\/\/www.miomiorun.com\/fr\/\",\"logo\":{\"@type\":\"ImageObject\",\"inLanguage\":\"fr-FR\",\"@id\":\"https:\/\/www.miomiorun.com\/fr\/#\/schema\/logo\/image\/\",\"url\":\"https:\/\/www.miomiorun.com\/app\/uploads\/2019\/12\/logomio.png\",\"contentUrl\":\"https:\/\/www.miomiorun.com\/app\/uploads\/2019\/12\/logomio.png\",\"width\":115,\"height\":82,\"caption\":\"MioMio Run\"},\"image\":{\"@id\":\"https:\/\/www.miomiorun.com\/fr\/#\/schema\/logo\/image\/\"},\"sameAs\":[\"https:\/\/www.facebook.com\/miomiorun\/\",\"https:\/\/www.instagram.com\/miomiorun\/\"]}]}<\/script>\n<!-- \/ Yoast SEO plugin. -->","yoast_head_json":{"title":"La Sportiva Ethereal Pro JKT homme - Veste de randonn\u00e9e - MioMioRun","description":"D\u00e9couvrez Ethereal, la veste de pluie ultral\u00e9g\u00e8re \u00e0 3 couches en Pertex\u00ae Shield. Imperm\u00e9able, respirante, compressible et parfaite pour le Mountain Running\u00ae.","robots":{"index":"index","follow":"follow","max-snippet":"max-snippet:-1","max-image-preview":"max-image-preview:large","max-video-preview":"max-video-preview:-1"},"canonical":"https:\/\/www.miomiorun.com\/fr\/produit\/ethereal-pro-jkt-homme\/","og_locale":"fr_FR","og_type":"article","og_title":"La Sportiva Ethereal Pro JKT homme - Veste de randonn\u00e9e - MioMioRun","og_description":"D\u00e9couvrez Ethereal, la veste de pluie ultral\u00e9g\u00e8re \u00e0 3 couches en Pertex\u00ae Shield. Imperm\u00e9able, respirante, compressible et parfaite pour le Mountain Running\u00ae.","og_url":"https:\/\/www.miomiorun.com\/fr\/produit\/ethereal-pro-jkt-homme\/","og_site_name":"MioMioRun","article_publisher":"https:\/\/www.facebook.com\/miomiorun\/","article_modified_time":"2026-04-17T08:48:20+00:00","og_image":[{"width":720,"height":720,"url":"https:\/\/www.miomiorun.com\/app\/uploads\/2025\/10\/la-sportiva-Ethereal-Pro-JKT-M-night-sky-ZARJ024B46B46.webp","type":"image\/webp"}],"twitter_card":"summary_large_image","twitter_misc":{"Est. reading time":"1 minute"},"schema":{"@context":"https:\/\/schema.org","@graph":[{"@type":"WebPage","@id":"https:\/\/www.miomiorun.com\/fr\/produit\/ethereal-pro-jkt-homme\/","url":"https:\/\/www.miomiorun.com\/fr\/produit\/ethereal-pro-jkt-homme\/","name":"La Sportiva Ethereal Pro JKT homme - Veste de randonn\u00e9e - MioMioRun","isPartOf":{"@id":"https:\/\/www.miomiorun.com\/fr\/#website"},"primaryImageOfPage":{"@id":"https:\/\/www.miomiorun.com\/fr\/produit\/ethereal-pro-jkt-homme\/#primaryimage"},"image":{"@id":"https:\/\/www.miomiorun.com\/fr\/produit\/ethereal-pro-jkt-homme\/#primaryimage"},"thumbnailUrl":"https:\/\/www.miomiorun.com\/app\/uploads\/2025\/10\/la-sportiva-Ethereal-Pro-JKT-M-night-sky-ZARJ024B46B46.webp","datePublished":"2025-09-26T16:50:47+00:00","dateModified":"2026-04-17T08:48:20+00:00","description":"D\u00e9couvrez Ethereal, la veste de pluie ultral\u00e9g\u00e8re \u00e0 3 couches en Pertex\u00ae Shield. Imperm\u00e9able, respirante, compressible et parfaite pour le Mountain Running\u00ae.","breadcrumb":{"@id":"https:\/\/www.miomiorun.com\/fr\/produit\/ethereal-pro-jkt-homme\/#breadcrumb"},"inLanguage":"fr-FR","potentialAction":[{"@type":"ReadAction","target":["https:\/\/www.miomiorun.com\/fr\/produit\/ethereal-pro-jkt-homme\/"]}]},{"@type":"ImageObject","inLanguage":"fr-FR","@id":"https:\/\/www.miomiorun.com\/fr\/produit\/ethereal-pro-jkt-homme\/#primaryimage","url":"https:\/\/www.miomiorun.com\/app\/uploads\/2025\/10\/la-sportiva-Ethereal-Pro-JKT-M-night-sky-ZARJ024B46B46.webp","contentUrl":"https:\/\/www.miomiorun.com\/app\/uploads\/2025\/10\/la-sportiva-Ethereal-Pro-JKT-M-night-sky-ZARJ024B46B46.webp","width":720,"height":720,"caption":"la sportiva Ethereal Pro JKT M night sky ZARJ024B46B46"},{"@type":"BreadcrumbList","@id":"https:\/\/www.miomiorun.com\/fr\/produit\/ethereal-pro-jkt-homme\/#breadcrumb","itemListElement":[{"@type":"ListItem","position":1,"name":"Home","item":"https:\/\/www.miomiorun.com\/fr\/home-page\/"},{"@type":"ListItem","position":2,"name":"Shop","item":"https:\/\/www.miomiorun.com\/shop\/"},{"@type":"ListItem","position":3,"name":"Ethereal Pro JKT homme"}]},{"@type":"WebSite","@id":"https:\/\/www.miomiorun.com\/fr\/#website","url":"https:\/\/www.miomiorun.com\/fr\/","name":"MioMioRun","description":"Boutique 100% running et trail","publisher":{"@id":"https:\/\/www.miomiorun.com\/fr\/#organization"},"potentialAction":[{"@type":"SearchAction","target":{"@type":"EntryPoint","urlTemplate":"https:\/\/www.miomiorun.com\/fr\/?s={search_term_string}"},"query-input":{"@type":"PropertyValueSpecification","valueRequired":true,"valueName":"search_term_string"}}],"inLanguage":"fr-FR"},{"@type":"Organization","@id":"https:\/\/www.miomiorun.com\/fr\/#organization","name":"MioMio Run","url":"https:\/\/www.miomiorun.com\/fr\/","logo":{"@type":"ImageObject","inLanguage":"fr-FR","@id":"https:\/\/www.miomiorun.com\/fr\/#\/schema\/logo\/image\/","url":"https:\/\/www.miomiorun.com\/app\/uploads\/2019\/12\/logomio.png","contentUrl":"https:\/\/www.miomiorun.com\/app\/uploads\/2019\/12\/logomio.png","width":115,"height":82,"caption":"MioMio Run"},"image":{"@id":"https:\/\/www.miomiorun.com\/fr\/#\/schema\/logo\/image\/"},"sameAs":["https:\/\/www.facebook.com\/miomiorun\/","https:\/\/www.instagram.com\/miomiorun\/"]}]}},"_links":{"self":[{"href":"https:\/\/www.miomiorun.com\/fr\/wp-json\/wp\/v2\/product\/353919","targetHints":{"allow":["GET"]}}],"collection":[{"href":"https:\/\/www.miomiorun.com\/fr\/wp-json\/wp\/v2\/product"}],"about":[{"href":"https:\/\/www.miomiorun.com\/fr\/wp-json\/wp\/v2\/types\/product"}],"wp:featuredmedia":[{"embeddable":true,"href":"https:\/\/www.miomiorun.com\/fr\/wp-json\/wp\/v2\/media\/359039"}],"wp:attachment":[{"href":"https:\/\/www.miomiorun.com\/fr\/wp-json\/wp\/v2\/media?parent=353919"}],"wp:term":[{"taxonomy":"product_brand","embeddable":true,"href":"https:\/\/www.miomiorun.com\/fr\/wp-json\/wp\/v2\/product_brand?post=353919"},{"taxonomy":"product_cat","embeddable":true,"href":"https:\/\/www.miomiorun.com\/fr\/wp-json\/wp\/v2\/product_cat?post=353919"},{"taxonomy":"product_tag","embeddable":true,"href":"https:\/\/www.miomiorun.com\/fr\/wp-json\/wp\/v2\/product_tag?post=353919"}],"curies":[{"name":"wp","href":"https:\/\/api.w.org\/{rel}","templated":true}]}}