{"id":353383,"date":"2025-09-26T11:40:58","date_gmt":"2025-09-26T09:40:58","guid":{"rendered":"https:\/\/www.miomiorun.com\/?post_type=product&#038;p=353383"},"modified":"2026-05-09T10:10:21","modified_gmt":"2026-05-09T08:10:21","slug":"prodigio-max-femme","status":"publish","type":"product","link":"https:\/\/www.miomiorun.com\/fr\/produit\/prodigio-max-femme\/","title":{"rendered":"Prodigio Max femme"},"content":{"rendered":"<table style=\"border-collapse: collapse;width: 100%\">\n<tbody>\n<tr>\n<td style=\"width: 33.3333%\"><strong>Caract\u00e9ristiques techniques<\/strong><\/p>\n<p>Cat\u00e9gorie : amorti structur\u00e9<br \/>\nD\u00e9calage : 6 mm (37 mm-31 mm)<br \/>\nPoids : 280 g<br \/>\nId\u00e9al pour : les coureurs de trail \u00e0 la recherche d&#8217;une chaussure performante et confortable, m\u00eame sur des parcours longs et difficiles.<br \/>\nPoids de l&#8217;athl\u00e8te : 50-70 kg<br \/>\nAllure de course : moyenne (5-6 min\/km)<br \/>\n<a href=\"https:\/\/miomiorun.com\/guida-alle-specifiche-tecniche\/\">Guide des sp\u00e9cifications techniques<\/a><\/td>\n<td style=\"width: 66.6666%\">\n<p data-start=\"150\" data-end=\"517\">La <strong data-start=\"153\" data-end=\"174\">PRODIGIO MAX Femme<\/strong>&nbsp;est la chaussure de <strong data-start=\"193\" data-end=\"213\">course en montagne<\/strong> con\u00e7ue pour celles qui aiment les longues distances et l&#8217;ultra-trail. Un amorti, un confort et une stabilit\u00e9 maximaux vous accompagnent dans toutes vos aventures, des randonn\u00e9es exigeantes aux courses les plus difficiles et les plus embl\u00e9matiques au monde, telles que le <strong data-start=\"434\" data-end=\"460\">Tor des G\u00e9ants (330 km)<\/strong>, le <strong data-start=\"465\" data-end=\"487\">Swiss Peak (360 km)<\/strong> ou le <strong data-start=\"493\" data-end=\"514\">Tahoe 200 (320 km)<\/strong>.<\/p>\n<p data-start=\"519\" data-end=\"827\">Gr\u00e2ce au nouveau compos\u00e9 <strong data-start=\"545\" data-end=\"565\">XFlow Endurance\u2122<\/strong>, la chaussure offre un confort constant du premier au dernier kilom\u00e8tre, tout en am\u00e9liorant la durabilit\u00e9 et la r\u00e9sistance. La semelle <strong data-start=\"685\" data-end=\"712\">bi-compos\u00e9 FriXion\u00ae Red<\/strong> offre le juste \u00e9quilibre entre adh\u00e9rence et robustesse, avec un large appui et un rocker moyen pour une stabilit\u00e9 sup\u00e9rieure.<\/p>\n<p data-start=\"829\" data-end=\"1019\">La tige <strong data-start=\"839\" data-end=\"855\">Comfort Wire<\/strong> allie souplesse et maintien, enveloppant naturellement le pied, tandis que le <strong data-start=\"939\" data-end=\"958\">Wrapping System<\/strong> stabilise le pied et la cheville, m\u00eame sur les terrains les plus techniques. <\/p>\n<\/td>\n<\/tr>\n<\/tbody>\n<\/table>\n<p>&nbsp;<\/p>\n","protected":false},"excerpt":{"rendered":"<ul>\n<li data-start=\"1057\" data-end=\"1148\">\n<p data-start=\"1059\" data-end=\"1148\">Semelle interm\u00e9diaire XFlow Endurance\u2122 : amorti durable et confort sur les longues distances.<\/p>\n<\/li>\n<li data-start=\"1149\" data-end=\"1223\">\n<p data-start=\"1151\" data-end=\"1223\">Semelle FriXion\u00ae Red : double compos\u00e9 pour une adh\u00e9rence et une r\u00e9sistance optimales.<\/p>\n<\/li>\n<li data-start=\"1224\" data-end=\"1307\">\n<p data-start=\"1226\" data-end=\"1307\">Tige Comfort Wire + Wrapping System : ajustement souple et stabilit\u00e9 garantie<\/p>\n<\/li>\n<\/ul>\n","protected":false},"featured_media":355674,"template":"","meta":{"_acf_changed":false,"inline_featured_image":false},"product_brand":[],"product_cat":[22605,22608],"product_tag":[23597,23601],"class_list":{"0":"post-353383","1":"product","2":"type-product","3":"status-publish","4":"has-post-thumbnail","6":"product_cat-chaussures-pour-femmes","7":"product_cat-trail-fr","8":"product_tag-la-sportiva-fr","9":"product_tag-la-sportiva-femme","10":"pa_attivita-outdoor-fr","11":"pa_attivita-trail-fr","12":"pa_colore-prodigio-max-w-chalk-rosebay-fr","13":"pa_colore-prodigio-max-w-cypress-mountain-red-fr","14":"pa_colore-prodigio-max-w-hibiscus-malibu-blue-fr","15":"pa_colore-prodigio-max-w-hurricane-mineral-red-fr","16":"pa_marca-la-sportiva-fr","17":"pa_sesso-femme","18":"pa_size-38-fr","19":"pa_size-38-5-fr","20":"pa_size-39-fr","21":"pa_size-39-5-fr","22":"pa_size-40-fr","23":"pa_size-40-5-fr","24":"pa_size-41-fr","25":"pa_size-41-5-fr","26":"pa_size-42-fr","28":"first","29":"instock","30":"sale","31":"taxable","32":"shipping-taxable","33":"purchasable","34":"product-type-variable","35":"wvs-archive-product-wrapper"},"acf":[],"yoast_head":"<!-- This site is optimized with the Yoast SEO plugin v26.8 - https:\/\/yoast.com\/product\/yoast-seo-wordpress\/ -->\n<title>La Sportiva Prodigio Max femme - Chaussures de trail pour femmes - MioMioRun .com<\/title>\n<meta name=\"description\" content=\"D\u00e9couvrez les PRODIGIO MAX Femme, des chaussures de trail running ultra-l\u00e9ger avec amorti XFlow Endurance\u2122, semelle FriXion Red et confort maximal sur les longues distances.\" \/>\n<meta name=\"robots\" content=\"index, follow, max-snippet:-1, max-image-preview:large, max-video-preview:-1\" \/>\n<link rel=\"canonical\" href=\"https:\/\/www.miomiorun.com\/fr\/produit\/prodigio-max-femme\/\" \/>\n<meta property=\"og:locale\" content=\"fr_FR\" \/>\n<meta property=\"og:type\" content=\"article\" \/>\n<meta property=\"og:title\" content=\"La Sportiva Prodigio Max femme - Chaussures de trail pour femmes - MioMioRun .com\" \/>\n<meta property=\"og:description\" content=\"D\u00e9couvrez les PRODIGIO MAX Femme, des chaussures de trail running ultra-l\u00e9ger avec amorti XFlow Endurance\u2122, semelle FriXion Red et confort maximal sur les longues distances.\" \/>\n<meta property=\"og:url\" content=\"https:\/\/www.miomiorun.com\/fr\/produit\/prodigio-max-femme\/\" \/>\n<meta property=\"og:site_name\" content=\"MioMioRun\" \/>\n<meta property=\"article:publisher\" content=\"https:\/\/www.facebook.com\/miomiorun\/\" \/>\n<meta property=\"article:modified_time\" content=\"2026-05-09T08:10:21+00:00\" \/>\n<meta property=\"og:image\" content=\"https:\/\/www.miomiorun.com\/app\/uploads\/2025\/10\/la-sportiva-Prodigio-Max-W-hibiscus-malibu-blue-ZFRS107P02B02.webp\" \/>\n\t<meta property=\"og:image:width\" content=\"720\" \/>\n\t<meta property=\"og:image:height\" content=\"720\" \/>\n\t<meta property=\"og:image:type\" content=\"image\/webp\" \/>\n<meta name=\"twitter:card\" content=\"summary_large_image\" \/>\n<meta name=\"twitter:label1\" content=\"Est. reading time\" \/>\n\t<meta name=\"twitter:data1\" content=\"1 minute\" \/>\n<script type=\"application\/ld+json\" class=\"yoast-schema-graph\">{\"@context\":\"https:\/\/schema.org\",\"@graph\":[{\"@type\":\"WebPage\",\"@id\":\"https:\/\/www.miomiorun.com\/fr\/produit\/prodigio-max-femme\/\",\"url\":\"https:\/\/www.miomiorun.com\/fr\/produit\/prodigio-max-femme\/\",\"name\":\"La Sportiva Prodigio Max femme - Chaussures de trail pour femmes - MioMioRun .com\",\"isPartOf\":{\"@id\":\"https:\/\/www.miomiorun.com\/fr\/#website\"},\"primaryImageOfPage\":{\"@id\":\"https:\/\/www.miomiorun.com\/fr\/produit\/prodigio-max-femme\/#primaryimage\"},\"image\":{\"@id\":\"https:\/\/www.miomiorun.com\/fr\/produit\/prodigio-max-femme\/#primaryimage\"},\"thumbnailUrl\":\"https:\/\/www.miomiorun.com\/app\/uploads\/2025\/10\/la-sportiva-Prodigio-Max-W-hibiscus-malibu-blue-ZFRS107P02B02.webp\",\"datePublished\":\"2025-09-26T09:40:58+00:00\",\"dateModified\":\"2026-05-09T08:10:21+00:00\",\"description\":\"D\u00e9couvrez les PRODIGIO MAX Femme, des chaussures de trail running ultra-l\u00e9ger avec amorti XFlow Endurance\u2122, semelle FriXion Red et confort maximal sur les longues distances.\",\"breadcrumb\":{\"@id\":\"https:\/\/www.miomiorun.com\/fr\/produit\/prodigio-max-femme\/#breadcrumb\"},\"inLanguage\":\"fr-FR\",\"potentialAction\":[{\"@type\":\"ReadAction\",\"target\":[\"https:\/\/www.miomiorun.com\/fr\/produit\/prodigio-max-femme\/\"]}]},{\"@type\":\"ImageObject\",\"inLanguage\":\"fr-FR\",\"@id\":\"https:\/\/www.miomiorun.com\/fr\/produit\/prodigio-max-femme\/#primaryimage\",\"url\":\"https:\/\/www.miomiorun.com\/app\/uploads\/2025\/10\/la-sportiva-Prodigio-Max-W-hibiscus-malibu-blue-ZFRS107P02B02.webp\",\"contentUrl\":\"https:\/\/www.miomiorun.com\/app\/uploads\/2025\/10\/la-sportiva-Prodigio-Max-W-hibiscus-malibu-blue-ZFRS107P02B02.webp\",\"width\":720,\"height\":720,\"caption\":\"la sportiva Prodigio Max W hibiscus malibu blue ZFRS107P02B02\"},{\"@type\":\"BreadcrumbList\",\"@id\":\"https:\/\/www.miomiorun.com\/fr\/produit\/prodigio-max-femme\/#breadcrumb\",\"itemListElement\":[{\"@type\":\"ListItem\",\"position\":1,\"name\":\"Home\",\"item\":\"https:\/\/www.miomiorun.com\/fr\/home-page\/\"},{\"@type\":\"ListItem\",\"position\":2,\"name\":\"Shop\",\"item\":\"https:\/\/www.miomiorun.com\/shop\/\"},{\"@type\":\"ListItem\",\"position\":3,\"name\":\"Prodigio Max femme\"}]},{\"@type\":\"WebSite\",\"@id\":\"https:\/\/www.miomiorun.com\/fr\/#website\",\"url\":\"https:\/\/www.miomiorun.com\/fr\/\",\"name\":\"MioMioRun\",\"description\":\"Boutique 100% running et trail\",\"publisher\":{\"@id\":\"https:\/\/www.miomiorun.com\/fr\/#organization\"},\"potentialAction\":[{\"@type\":\"SearchAction\",\"target\":{\"@type\":\"EntryPoint\",\"urlTemplate\":\"https:\/\/www.miomiorun.com\/fr\/?s={search_term_string}\"},\"query-input\":{\"@type\":\"PropertyValueSpecification\",\"valueRequired\":true,\"valueName\":\"search_term_string\"}}],\"inLanguage\":\"fr-FR\"},{\"@type\":\"Organization\",\"@id\":\"https:\/\/www.miomiorun.com\/fr\/#organization\",\"name\":\"MioMio Run\",\"url\":\"https:\/\/www.miomiorun.com\/fr\/\",\"logo\":{\"@type\":\"ImageObject\",\"inLanguage\":\"fr-FR\",\"@id\":\"https:\/\/www.miomiorun.com\/fr\/#\/schema\/logo\/image\/\",\"url\":\"https:\/\/www.miomiorun.com\/app\/uploads\/2019\/12\/logomio.png\",\"contentUrl\":\"https:\/\/www.miomiorun.com\/app\/uploads\/2019\/12\/logomio.png\",\"width\":115,\"height\":82,\"caption\":\"MioMio Run\"},\"image\":{\"@id\":\"https:\/\/www.miomiorun.com\/fr\/#\/schema\/logo\/image\/\"},\"sameAs\":[\"https:\/\/www.facebook.com\/miomiorun\/\",\"https:\/\/www.instagram.com\/miomiorun\/\"]}]}<\/script>\n<!-- \/ Yoast SEO plugin. -->","yoast_head_json":{"title":"La Sportiva Prodigio Max femme - Chaussures de trail pour femmes - MioMioRun .com","description":"D\u00e9couvrez les PRODIGIO MAX Femme, des chaussures de trail running ultra-l\u00e9ger avec amorti XFlow Endurance\u2122, semelle FriXion Red et confort maximal sur les longues distances.","robots":{"index":"index","follow":"follow","max-snippet":"max-snippet:-1","max-image-preview":"max-image-preview:large","max-video-preview":"max-video-preview:-1"},"canonical":"https:\/\/www.miomiorun.com\/fr\/produit\/prodigio-max-femme\/","og_locale":"fr_FR","og_type":"article","og_title":"La Sportiva Prodigio Max femme - Chaussures de trail pour femmes - MioMioRun .com","og_description":"D\u00e9couvrez les PRODIGIO MAX Femme, des chaussures de trail running ultra-l\u00e9ger avec amorti XFlow Endurance\u2122, semelle FriXion Red et confort maximal sur les longues distances.","og_url":"https:\/\/www.miomiorun.com\/fr\/produit\/prodigio-max-femme\/","og_site_name":"MioMioRun","article_publisher":"https:\/\/www.facebook.com\/miomiorun\/","article_modified_time":"2026-05-09T08:10:21+00:00","og_image":[{"width":720,"height":720,"url":"https:\/\/www.miomiorun.com\/app\/uploads\/2025\/10\/la-sportiva-Prodigio-Max-W-hibiscus-malibu-blue-ZFRS107P02B02.webp","type":"image\/webp"}],"twitter_card":"summary_large_image","twitter_misc":{"Est. reading time":"1 minute"},"schema":{"@context":"https:\/\/schema.org","@graph":[{"@type":"WebPage","@id":"https:\/\/www.miomiorun.com\/fr\/produit\/prodigio-max-femme\/","url":"https:\/\/www.miomiorun.com\/fr\/produit\/prodigio-max-femme\/","name":"La Sportiva Prodigio Max femme - Chaussures de trail pour femmes - MioMioRun .com","isPartOf":{"@id":"https:\/\/www.miomiorun.com\/fr\/#website"},"primaryImageOfPage":{"@id":"https:\/\/www.miomiorun.com\/fr\/produit\/prodigio-max-femme\/#primaryimage"},"image":{"@id":"https:\/\/www.miomiorun.com\/fr\/produit\/prodigio-max-femme\/#primaryimage"},"thumbnailUrl":"https:\/\/www.miomiorun.com\/app\/uploads\/2025\/10\/la-sportiva-Prodigio-Max-W-hibiscus-malibu-blue-ZFRS107P02B02.webp","datePublished":"2025-09-26T09:40:58+00:00","dateModified":"2026-05-09T08:10:21+00:00","description":"D\u00e9couvrez les PRODIGIO MAX Femme, des chaussures de trail running ultra-l\u00e9ger avec amorti XFlow Endurance\u2122, semelle FriXion Red et confort maximal sur les longues distances.","breadcrumb":{"@id":"https:\/\/www.miomiorun.com\/fr\/produit\/prodigio-max-femme\/#breadcrumb"},"inLanguage":"fr-FR","potentialAction":[{"@type":"ReadAction","target":["https:\/\/www.miomiorun.com\/fr\/produit\/prodigio-max-femme\/"]}]},{"@type":"ImageObject","inLanguage":"fr-FR","@id":"https:\/\/www.miomiorun.com\/fr\/produit\/prodigio-max-femme\/#primaryimage","url":"https:\/\/www.miomiorun.com\/app\/uploads\/2025\/10\/la-sportiva-Prodigio-Max-W-hibiscus-malibu-blue-ZFRS107P02B02.webp","contentUrl":"https:\/\/www.miomiorun.com\/app\/uploads\/2025\/10\/la-sportiva-Prodigio-Max-W-hibiscus-malibu-blue-ZFRS107P02B02.webp","width":720,"height":720,"caption":"la sportiva Prodigio Max W hibiscus malibu blue ZFRS107P02B02"},{"@type":"BreadcrumbList","@id":"https:\/\/www.miomiorun.com\/fr\/produit\/prodigio-max-femme\/#breadcrumb","itemListElement":[{"@type":"ListItem","position":1,"name":"Home","item":"https:\/\/www.miomiorun.com\/fr\/home-page\/"},{"@type":"ListItem","position":2,"name":"Shop","item":"https:\/\/www.miomiorun.com\/shop\/"},{"@type":"ListItem","position":3,"name":"Prodigio Max femme"}]},{"@type":"WebSite","@id":"https:\/\/www.miomiorun.com\/fr\/#website","url":"https:\/\/www.miomiorun.com\/fr\/","name":"MioMioRun","description":"Boutique 100% running et trail","publisher":{"@id":"https:\/\/www.miomiorun.com\/fr\/#organization"},"potentialAction":[{"@type":"SearchAction","target":{"@type":"EntryPoint","urlTemplate":"https:\/\/www.miomiorun.com\/fr\/?s={search_term_string}"},"query-input":{"@type":"PropertyValueSpecification","valueRequired":true,"valueName":"search_term_string"}}],"inLanguage":"fr-FR"},{"@type":"Organization","@id":"https:\/\/www.miomiorun.com\/fr\/#organization","name":"MioMio Run","url":"https:\/\/www.miomiorun.com\/fr\/","logo":{"@type":"ImageObject","inLanguage":"fr-FR","@id":"https:\/\/www.miomiorun.com\/fr\/#\/schema\/logo\/image\/","url":"https:\/\/www.miomiorun.com\/app\/uploads\/2019\/12\/logomio.png","contentUrl":"https:\/\/www.miomiorun.com\/app\/uploads\/2019\/12\/logomio.png","width":115,"height":82,"caption":"MioMio Run"},"image":{"@id":"https:\/\/www.miomiorun.com\/fr\/#\/schema\/logo\/image\/"},"sameAs":["https:\/\/www.facebook.com\/miomiorun\/","https:\/\/www.instagram.com\/miomiorun\/"]}]}},"_links":{"self":[{"href":"https:\/\/www.miomiorun.com\/fr\/wp-json\/wp\/v2\/product\/353383","targetHints":{"allow":["GET"]}}],"collection":[{"href":"https:\/\/www.miomiorun.com\/fr\/wp-json\/wp\/v2\/product"}],"about":[{"href":"https:\/\/www.miomiorun.com\/fr\/wp-json\/wp\/v2\/types\/product"}],"wp:featuredmedia":[{"embeddable":true,"href":"https:\/\/www.miomiorun.com\/fr\/wp-json\/wp\/v2\/media\/355674"}],"wp:attachment":[{"href":"https:\/\/www.miomiorun.com\/fr\/wp-json\/wp\/v2\/media?parent=353383"}],"wp:term":[{"taxonomy":"product_brand","embeddable":true,"href":"https:\/\/www.miomiorun.com\/fr\/wp-json\/wp\/v2\/product_brand?post=353383"},{"taxonomy":"product_cat","embeddable":true,"href":"https:\/\/www.miomiorun.com\/fr\/wp-json\/wp\/v2\/product_cat?post=353383"},{"taxonomy":"product_tag","embeddable":true,"href":"https:\/\/www.miomiorun.com\/fr\/wp-json\/wp\/v2\/product_tag?post=353383"}],"curies":[{"name":"wp","href":"https:\/\/api.w.org\/{rel}","templated":true}]}}