{"id":350136,"date":"2025-09-12T11:55:04","date_gmt":"2025-09-12T09:55:04","guid":{"rendered":"https:\/\/www.miomiorun.com\/?post_type=product&#038;p=350136"},"modified":"2026-04-17T10:49:12","modified_gmt":"2026-04-17T08:49:12","slug":"peregrine-15-gtx-femme","status":"publish","type":"product","link":"https:\/\/www.miomiorun.com\/fr\/produit\/peregrine-15-gtx-femme\/","title":{"rendered":"Peregrine 15 GTX femme"},"content":{"rendered":"<div class=\"vc-row container\"><div class=\"vc-column\"><div class=\"vc-column-text\"><\/p>\n<p><strong>Caract\u00e9ristiques techniques<\/strong><\/p>\n<p>Cat\u00e9gorie : amorti sup\u00e9rieur<br \/>\nD\u00e9calage : 4 mm (28\/24 mm)<br \/>\nPoids : 265 g<br \/>\nId\u00e9al pour : les coureurs, les coureurs de trail et les marcheurs \u00e0 la recherche d&#8217;un mod\u00e8le pas trop lourd, capable d&#8217;assurer un appui souple et une bonne \u00e9lasticit\u00e9, avec une bonne traction sur les terrains montagneux, m\u00eame difficiles, \u00e9quip\u00e9 d&#8217;une tige imperm\u00e9able en Gore-Tex pour toutes les conditions m\u00e9t\u00e9orologiques.<br \/>\nPoids de l&#8217;athl\u00e8te : 70-80 kg<br \/>\nAllure de course : moyenne (5,00-5,30 min\/km)<br \/>\n<a href=\"https:\/\/miomiorun.com\/guida-alle-specifiche-tecniche\/\">Guide des sp\u00e9cifications techniques<\/a><\/p>\n<p><\/div><\/div><div class=\"vc-column\"><div class=\"vc-column-text\"><\/p>\n<p>Affrontez les terrains les plus difficiles avec la Peregrine GTX, une chaussure de trail running l\u00e9g\u00e8re et r\u00e9sistante con\u00e7ue pour vous offrir protection et adh\u00e9rence dans toutes les conditions. Dot\u00e9e de la technologie Gore-Tex Invisible Fit, elle garantit imperm\u00e9abilit\u00e9 et respirabilit\u00e9 sans alourdir la course.<\/p>\n<p>Gr\u00e2ce au nouveau compos\u00e9 PWRRUN dans la semelle interm\u00e9diaire, elle offre plus de confort, d&#8217;amorti et de flexibilit\u00e9, tandis que la semelle int\u00e9rieure PWRRUN+ ajoute un niveau suppl\u00e9mentaire de r\u00e9activit\u00e9. La semelle PWRTRAC \u00e0 couverture totale avec des crampons agressifs de 5 mm assure une traction imbattable, et la protection Rock Guard sur l&#8217;avant-pied prot\u00e8ge des d\u00e9bris du sentier. La tige renforc\u00e9e en mesh haute r\u00e9sistance offre une durabilit\u00e9 sup\u00e9rieure et est compatible avec les gu\u00eatres.<\/p>\n<p><strong>D\u00e9tails techniques :<\/strong><br \/>\n&#8211; Amorti : PWRRUN + semelle int\u00e9rieure PWRRUN+<br \/>\n&#8211; Semelle : PWRTRAC avec crampons de 5 mm pour une traction maximale<br \/>\n&#8211; Protection : Rock Guard \u00e0 l&#8217;avant-pied<br \/>\n&#8211; Tige : mesh renforc\u00e9 avec inserts anti-abrasion + anneau en D pour gu\u00eatres<br \/>\n&#8211; Imperm\u00e9abilit\u00e9 : Gore-Tex Invisible Fit, l\u00e9ger et respirant<\/p>\n<p><\/div><\/div><\/div>\n","protected":false},"excerpt":{"rendered":"<ul>\n<li>&nbsp;Chaussure de trail running neutre, l\u00e9g\u00e8re et protectrice<\/li>\n<li>&nbsp;Semelle interm\u00e9diaire PWRRUN avec semelle int\u00e9rieure PWRRUN+ pour plus de confort et de r\u00e9activit\u00e9<\/li>\n<li>&nbsp;Semelle PWRTRAC avec crampons agressifs de 5 mm pour une traction sur tous les terrains<\/li>\n<li>Technologie Gore-Tex Invisible Fit : imperm\u00e9able et respirante<\/li>\n<\/ul>\n","protected":false},"featured_media":351705,"template":"","meta":{"_acf_changed":false,"inline_featured_image":false},"product_brand":[],"product_cat":[24435,24432],"product_tag":[23579,33803],"class_list":{"0":"post-350136","1":"product","2":"type-product","3":"status-publish","4":"has-post-thumbnail","6":"product_cat-chaussures-pour-femmes-fr","7":"product_cat-trail-fr-2","8":"product_tag-saucony-fr","9":"product_tag-saucony-donna-fr","10":"pa_attivita-outdoor-fr","11":"pa_attivita-trail-fr","12":"pa_colore-peregrine-15-gtx-w-quartz-mist-fr","13":"pa_marca-saucony-fr","14":"pa_sesso-femme","15":"pa_size-38-5-fr","16":"pa_size-40-fr","17":"pa_size-40-5-fr","18":"pa_size-41-fr","20":"first","21":"instock","22":"sale","23":"taxable","24":"shipping-taxable","25":"purchasable","26":"product-type-variable","27":"wvs-archive-product-wrapper"},"acf":[],"yoast_head":"<!-- This site is optimized with the Yoast SEO plugin v26.8 - https:\/\/yoast.com\/product\/yoast-seo-wordpress\/ -->\n<title>Saucony Peregrine 15 GTX femme - chaussures de trail running - MioMioRun<\/title>\n<meta name=\"description\" content=\"La Peregrine 15 GTX est une chaussure de trail running imperm\u00e9able et respirante avec Gore-Tex, semelle PWRTRAC de 5 mm, amorti PWRRUN et protection Rock Guard.\" \/>\n<meta name=\"robots\" content=\"index, follow, max-snippet:-1, max-image-preview:large, max-video-preview:-1\" \/>\n<link rel=\"canonical\" href=\"https:\/\/www.miomiorun.com\/fr\/produit\/peregrine-15-gtx-femme\/\" \/>\n<meta property=\"og:locale\" content=\"fr_FR\" \/>\n<meta property=\"og:type\" content=\"article\" \/>\n<meta property=\"og:title\" content=\"Saucony Peregrine 15 GTX femme - chaussures de trail running - MioMioRun\" \/>\n<meta property=\"og:description\" content=\"La Peregrine 15 GTX est une chaussure de trail running imperm\u00e9able et respirante avec Gore-Tex, semelle PWRTRAC de 5 mm, amorti PWRRUN et protection Rock Guard.\" \/>\n<meta property=\"og:url\" content=\"https:\/\/www.miomiorun.com\/fr\/produit\/peregrine-15-gtx-femme\/\" \/>\n<meta property=\"og:site_name\" content=\"MioMioRun\" \/>\n<meta property=\"article:publisher\" content=\"https:\/\/www.facebook.com\/miomiorun\/\" \/>\n<meta property=\"article:modified_time\" content=\"2026-04-17T08:49:12+00:00\" \/>\n<meta property=\"og:image\" content=\"https:\/\/www.miomiorun.com\/app\/uploads\/2025\/09\/saucony-Peregrine-15-GTX-W-quartz-mist-S10992-260.webp\" \/>\n\t<meta property=\"og:image:width\" content=\"720\" \/>\n\t<meta property=\"og:image:height\" content=\"720\" \/>\n\t<meta property=\"og:image:type\" content=\"image\/webp\" \/>\n<meta name=\"twitter:card\" content=\"summary_large_image\" \/>\n<meta name=\"twitter:label1\" content=\"Est. reading time\" \/>\n\t<meta name=\"twitter:data1\" content=\"2 minutes\" \/>\n<script type=\"application\/ld+json\" class=\"yoast-schema-graph\">{\"@context\":\"https:\/\/schema.org\",\"@graph\":[{\"@type\":\"WebPage\",\"@id\":\"https:\/\/www.miomiorun.com\/fr\/produit\/peregrine-15-gtx-femme\/\",\"url\":\"https:\/\/www.miomiorun.com\/fr\/produit\/peregrine-15-gtx-femme\/\",\"name\":\"Saucony Peregrine 15 GTX femme - chaussures de trail running - MioMioRun\",\"isPartOf\":{\"@id\":\"https:\/\/www.miomiorun.com\/fr\/#website\"},\"primaryImageOfPage\":{\"@id\":\"https:\/\/www.miomiorun.com\/fr\/produit\/peregrine-15-gtx-femme\/#primaryimage\"},\"image\":{\"@id\":\"https:\/\/www.miomiorun.com\/fr\/produit\/peregrine-15-gtx-femme\/#primaryimage\"},\"thumbnailUrl\":\"https:\/\/www.miomiorun.com\/app\/uploads\/2025\/09\/saucony-Peregrine-15-GTX-W-quartz-mist-S10992-260.webp\",\"datePublished\":\"2025-09-12T09:55:04+00:00\",\"dateModified\":\"2026-04-17T08:49:12+00:00\",\"description\":\"La Peregrine 15 GTX est une chaussure de trail running imperm\u00e9able et respirante avec Gore-Tex, semelle PWRTRAC de 5 mm, amorti PWRRUN et protection Rock Guard.\",\"breadcrumb\":{\"@id\":\"https:\/\/www.miomiorun.com\/fr\/produit\/peregrine-15-gtx-femme\/#breadcrumb\"},\"inLanguage\":\"fr-FR\",\"potentialAction\":[{\"@type\":\"ReadAction\",\"target\":[\"https:\/\/www.miomiorun.com\/fr\/produit\/peregrine-15-gtx-femme\/\"]}]},{\"@type\":\"ImageObject\",\"inLanguage\":\"fr-FR\",\"@id\":\"https:\/\/www.miomiorun.com\/fr\/produit\/peregrine-15-gtx-femme\/#primaryimage\",\"url\":\"https:\/\/www.miomiorun.com\/app\/uploads\/2025\/09\/saucony-Peregrine-15-GTX-W-quartz-mist-S10992-260.webp\",\"contentUrl\":\"https:\/\/www.miomiorun.com\/app\/uploads\/2025\/09\/saucony-Peregrine-15-GTX-W-quartz-mist-S10992-260.webp\",\"width\":720,\"height\":720,\"caption\":\"saucony Peregrine 15 GTX W quartz mist S10992-260\"},{\"@type\":\"BreadcrumbList\",\"@id\":\"https:\/\/www.miomiorun.com\/fr\/produit\/peregrine-15-gtx-femme\/#breadcrumb\",\"itemListElement\":[{\"@type\":\"ListItem\",\"position\":1,\"name\":\"Home\",\"item\":\"https:\/\/www.miomiorun.com\/fr\/home-page\/\"},{\"@type\":\"ListItem\",\"position\":2,\"name\":\"Shop\",\"item\":\"https:\/\/www.miomiorun.com\/shop\/\"},{\"@type\":\"ListItem\",\"position\":3,\"name\":\"Peregrine 15 GTX femme\"}]},{\"@type\":\"WebSite\",\"@id\":\"https:\/\/www.miomiorun.com\/fr\/#website\",\"url\":\"https:\/\/www.miomiorun.com\/fr\/\",\"name\":\"MioMioRun\",\"description\":\"Boutique 100% running et trail\",\"publisher\":{\"@id\":\"https:\/\/www.miomiorun.com\/fr\/#organization\"},\"potentialAction\":[{\"@type\":\"SearchAction\",\"target\":{\"@type\":\"EntryPoint\",\"urlTemplate\":\"https:\/\/www.miomiorun.com\/fr\/?s={search_term_string}\"},\"query-input\":{\"@type\":\"PropertyValueSpecification\",\"valueRequired\":true,\"valueName\":\"search_term_string\"}}],\"inLanguage\":\"fr-FR\"},{\"@type\":\"Organization\",\"@id\":\"https:\/\/www.miomiorun.com\/fr\/#organization\",\"name\":\"MioMio Run\",\"url\":\"https:\/\/www.miomiorun.com\/fr\/\",\"logo\":{\"@type\":\"ImageObject\",\"inLanguage\":\"fr-FR\",\"@id\":\"https:\/\/www.miomiorun.com\/fr\/#\/schema\/logo\/image\/\",\"url\":\"https:\/\/www.miomiorun.com\/app\/uploads\/2019\/12\/logomio.png\",\"contentUrl\":\"https:\/\/www.miomiorun.com\/app\/uploads\/2019\/12\/logomio.png\",\"width\":115,\"height\":82,\"caption\":\"MioMio Run\"},\"image\":{\"@id\":\"https:\/\/www.miomiorun.com\/fr\/#\/schema\/logo\/image\/\"},\"sameAs\":[\"https:\/\/www.facebook.com\/miomiorun\/\",\"https:\/\/www.instagram.com\/miomiorun\/\"]}]}<\/script>\n<!-- \/ Yoast SEO plugin. -->","yoast_head_json":{"title":"Saucony Peregrine 15 GTX femme - chaussures de trail running - MioMioRun","description":"La Peregrine 15 GTX est une chaussure de trail running imperm\u00e9able et respirante avec Gore-Tex, semelle PWRTRAC de 5 mm, amorti PWRRUN et protection Rock Guard.","robots":{"index":"index","follow":"follow","max-snippet":"max-snippet:-1","max-image-preview":"max-image-preview:large","max-video-preview":"max-video-preview:-1"},"canonical":"https:\/\/www.miomiorun.com\/fr\/produit\/peregrine-15-gtx-femme\/","og_locale":"fr_FR","og_type":"article","og_title":"Saucony Peregrine 15 GTX femme - chaussures de trail running - MioMioRun","og_description":"La Peregrine 15 GTX est une chaussure de trail running imperm\u00e9able et respirante avec Gore-Tex, semelle PWRTRAC de 5 mm, amorti PWRRUN et protection Rock Guard.","og_url":"https:\/\/www.miomiorun.com\/fr\/produit\/peregrine-15-gtx-femme\/","og_site_name":"MioMioRun","article_publisher":"https:\/\/www.facebook.com\/miomiorun\/","article_modified_time":"2026-04-17T08:49:12+00:00","og_image":[{"width":720,"height":720,"url":"https:\/\/www.miomiorun.com\/app\/uploads\/2025\/09\/saucony-Peregrine-15-GTX-W-quartz-mist-S10992-260.webp","type":"image\/webp"}],"twitter_card":"summary_large_image","twitter_misc":{"Est. reading time":"2 minutes"},"schema":{"@context":"https:\/\/schema.org","@graph":[{"@type":"WebPage","@id":"https:\/\/www.miomiorun.com\/fr\/produit\/peregrine-15-gtx-femme\/","url":"https:\/\/www.miomiorun.com\/fr\/produit\/peregrine-15-gtx-femme\/","name":"Saucony Peregrine 15 GTX femme - chaussures de trail running - MioMioRun","isPartOf":{"@id":"https:\/\/www.miomiorun.com\/fr\/#website"},"primaryImageOfPage":{"@id":"https:\/\/www.miomiorun.com\/fr\/produit\/peregrine-15-gtx-femme\/#primaryimage"},"image":{"@id":"https:\/\/www.miomiorun.com\/fr\/produit\/peregrine-15-gtx-femme\/#primaryimage"},"thumbnailUrl":"https:\/\/www.miomiorun.com\/app\/uploads\/2025\/09\/saucony-Peregrine-15-GTX-W-quartz-mist-S10992-260.webp","datePublished":"2025-09-12T09:55:04+00:00","dateModified":"2026-04-17T08:49:12+00:00","description":"La Peregrine 15 GTX est une chaussure de trail running imperm\u00e9able et respirante avec Gore-Tex, semelle PWRTRAC de 5 mm, amorti PWRRUN et protection Rock Guard.","breadcrumb":{"@id":"https:\/\/www.miomiorun.com\/fr\/produit\/peregrine-15-gtx-femme\/#breadcrumb"},"inLanguage":"fr-FR","potentialAction":[{"@type":"ReadAction","target":["https:\/\/www.miomiorun.com\/fr\/produit\/peregrine-15-gtx-femme\/"]}]},{"@type":"ImageObject","inLanguage":"fr-FR","@id":"https:\/\/www.miomiorun.com\/fr\/produit\/peregrine-15-gtx-femme\/#primaryimage","url":"https:\/\/www.miomiorun.com\/app\/uploads\/2025\/09\/saucony-Peregrine-15-GTX-W-quartz-mist-S10992-260.webp","contentUrl":"https:\/\/www.miomiorun.com\/app\/uploads\/2025\/09\/saucony-Peregrine-15-GTX-W-quartz-mist-S10992-260.webp","width":720,"height":720,"caption":"saucony Peregrine 15 GTX W quartz mist S10992-260"},{"@type":"BreadcrumbList","@id":"https:\/\/www.miomiorun.com\/fr\/produit\/peregrine-15-gtx-femme\/#breadcrumb","itemListElement":[{"@type":"ListItem","position":1,"name":"Home","item":"https:\/\/www.miomiorun.com\/fr\/home-page\/"},{"@type":"ListItem","position":2,"name":"Shop","item":"https:\/\/www.miomiorun.com\/shop\/"},{"@type":"ListItem","position":3,"name":"Peregrine 15 GTX femme"}]},{"@type":"WebSite","@id":"https:\/\/www.miomiorun.com\/fr\/#website","url":"https:\/\/www.miomiorun.com\/fr\/","name":"MioMioRun","description":"Boutique 100% running et trail","publisher":{"@id":"https:\/\/www.miomiorun.com\/fr\/#organization"},"potentialAction":[{"@type":"SearchAction","target":{"@type":"EntryPoint","urlTemplate":"https:\/\/www.miomiorun.com\/fr\/?s={search_term_string}"},"query-input":{"@type":"PropertyValueSpecification","valueRequired":true,"valueName":"search_term_string"}}],"inLanguage":"fr-FR"},{"@type":"Organization","@id":"https:\/\/www.miomiorun.com\/fr\/#organization","name":"MioMio Run","url":"https:\/\/www.miomiorun.com\/fr\/","logo":{"@type":"ImageObject","inLanguage":"fr-FR","@id":"https:\/\/www.miomiorun.com\/fr\/#\/schema\/logo\/image\/","url":"https:\/\/www.miomiorun.com\/app\/uploads\/2019\/12\/logomio.png","contentUrl":"https:\/\/www.miomiorun.com\/app\/uploads\/2019\/12\/logomio.png","width":115,"height":82,"caption":"MioMio Run"},"image":{"@id":"https:\/\/www.miomiorun.com\/fr\/#\/schema\/logo\/image\/"},"sameAs":["https:\/\/www.facebook.com\/miomiorun\/","https:\/\/www.instagram.com\/miomiorun\/"]}]}},"_links":{"self":[{"href":"https:\/\/www.miomiorun.com\/fr\/wp-json\/wp\/v2\/product\/350136","targetHints":{"allow":["GET"]}}],"collection":[{"href":"https:\/\/www.miomiorun.com\/fr\/wp-json\/wp\/v2\/product"}],"about":[{"href":"https:\/\/www.miomiorun.com\/fr\/wp-json\/wp\/v2\/types\/product"}],"wp:featuredmedia":[{"embeddable":true,"href":"https:\/\/www.miomiorun.com\/fr\/wp-json\/wp\/v2\/media\/351705"}],"wp:attachment":[{"href":"https:\/\/www.miomiorun.com\/fr\/wp-json\/wp\/v2\/media?parent=350136"}],"wp:term":[{"taxonomy":"product_brand","embeddable":true,"href":"https:\/\/www.miomiorun.com\/fr\/wp-json\/wp\/v2\/product_brand?post=350136"},{"taxonomy":"product_cat","embeddable":true,"href":"https:\/\/www.miomiorun.com\/fr\/wp-json\/wp\/v2\/product_cat?post=350136"},{"taxonomy":"product_tag","embeddable":true,"href":"https:\/\/www.miomiorun.com\/fr\/wp-json\/wp\/v2\/product_tag?post=350136"}],"curies":[{"name":"wp","href":"https:\/\/api.w.org\/{rel}","templated":true}]}}