{"id":348912,"date":"2025-09-12T09:39:33","date_gmt":"2025-09-12T07:39:33","guid":{"rendered":"https:\/\/www.miomiorun.com\/?post_type=product&#038;p=348912"},"modified":"2026-04-18T10:52:10","modified_gmt":"2026-04-18T08:52:10","slug":"surge-3-femme","status":"publish","type":"product","link":"https:\/\/www.miomiorun.com\/fr\/produit\/surge-3-femme\/","title":{"rendered":"Surge 3 femme"},"content":{"rendered":"<div class=\"vc-row container\"><div class=\"vc-column\"><div class=\"vc-column-text\"><\/p>\n<h4>Caract\u00e9ristiques techniques<\/h4>\n<p>Cat\u00e9gorie : amorti maximal<br \/>\nD\u00e9calage : 10 mm (27\/17)<br \/>\nPoids : 268 g<br \/>\nId\u00e9al pour : les athl\u00e8tes de poids moyen et \u00e0 foul\u00e9e moyenne qui recherchent un excellent amorti pour affronter des entra\u00eenements ou des comp\u00e9titions sur moyenne et longue distance. Il s&#8217;av\u00e8re \u00e9galement \u00eatre un excellent compagnon de marche.<br \/>\nPoids de l&#8217;athl\u00e8te : 55-70 kg<br \/>\nFoul\u00e9e : 5 min\/kg<br \/>\n<a href=\"https:\/\/miomiorun.com\/guida-alle-specifiche-tecniche\/\">Guide des sp\u00e9cifications techniques<\/a><br \/>\n<\/div><\/div><div class=\"vc-column\"><div class=\"vc-column-text\"><\/p>\n<p>Affrontez les kilom\u00e8tres quotidiens avec confort et r\u00e9activit\u00e9. La nouvelle Surge 3 est la chaussure de course quotidienne con\u00e7ue pour offrir un amorti maximal, un retour d&#8217;\u00e9nergie sup\u00e9rieur et un ajustement respirant. Gr\u00e2ce \u00e0 la semelle interm\u00e9diaire en PWRRUN+, chaque foul\u00e9e est prot\u00e9g\u00e9e mais dynamique, tandis que la tige en mesh technique garantit fra\u00eecheur et confort prolong\u00e9. La semelle ext\u00e9rieure en caoutchouc carbone assure une durabilit\u00e9 et une traction optimales sur toutes les surfaces.<\/p>\n<p>Disponible en versions homme et femme, la Surge 3 allie performance, l\u00e9g\u00e8ret\u00e9 et durabilit\u00e9, avec des mat\u00e9riaux recycl\u00e9s et une construction vegan.<\/p>\n<p><strong>D\u00e9tails techniques :<\/strong><br \/>\n&#8211; Amorti : PWRRUN+ pour le confort et le retour d&#8217;\u00e9nergie<br \/>\n&#8211; Semelle : caoutchouc carbone pour une durabilit\u00e9 et une adh\u00e9rence maximales<br \/>\n&#8211; Tige : mesh technique respirant<br \/>\n&#8211; Semelle int\u00e9rieure : avec bordure en TPU pour un meilleur soutien<\/p>\n<p><\/div><\/div><\/div>\n","protected":false},"excerpt":{"rendered":"<p>&#8211; Chaussure de course quotidienne avec amorti PWRRUN+ souple et r\u00e9actif<br \/>\n&#8211; Semelle enti\u00e8rement en caoutchouc carbone pour une durabilit\u00e9 et une traction sup\u00e9rieures<br \/>\n&#8211; Tige en mesh technique respirant pour un confort tout au long de la journ\u00e9e<br \/>\n&#8211; Semelle int\u00e9rieure avec bordure en TPU pour plus de stabilit\u00e9 et de maintien<\/p>\n","protected":false},"featured_media":351806,"template":"","meta":{"_acf_changed":false,"inline_featured_image":false},"product_brand":[],"product_cat":[22605,22606],"product_tag":[23579,33803],"class_list":{"0":"post-348912","1":"product","2":"type-product","3":"status-publish","4":"has-post-thumbnail","6":"product_cat-chaussures-pour-femmes","7":"product_cat-neutre","8":"product_tag-saucony-fr","9":"product_tag-saucony-donna-fr","10":"pa_attivita-lifestyle-fr","11":"pa_attivita-marcher","12":"pa_attivita-running-fr","13":"pa_colore-surge-3-w-quartz-crocus-fr","14":"pa_marca-saucony-fr","15":"pa_sesso-femme","16":"pa_size-38-fr","17":"pa_size-39-fr","18":"pa_size-40-5-fr","19":"pa_size-41-fr","21":"first","22":"instock","23":"sale","24":"taxable","25":"shipping-taxable","26":"purchasable","27":"product-type-variable","28":"wvs-archive-product-wrapper"},"acf":[],"yoast_head":"<!-- This site is optimized with the Yoast SEO plugin v26.8 - https:\/\/yoast.com\/product\/yoast-seo-wordpress\/ -->\n<title>Saucony Surge 3 femme - chaussures de course pour femmes - MioMioRun<\/title>\n<meta name=\"description\" content=\"La Saucony Surge 3 est une chaussure de course quotidienne offrant un amorti maximal PWRRUN+, une tige en mesh technique et une semelle en caoutchouc carbone. L\u00e9g\u00e8re et r\u00e9active.\" \/>\n<meta name=\"robots\" content=\"index, follow, max-snippet:-1, max-image-preview:large, max-video-preview:-1\" \/>\n<link rel=\"canonical\" href=\"https:\/\/www.miomiorun.com\/fr\/produit\/surge-3-femme\/\" \/>\n<meta property=\"og:locale\" content=\"fr_FR\" \/>\n<meta property=\"og:type\" content=\"article\" \/>\n<meta property=\"og:title\" content=\"Saucony Surge 3 femme - chaussures de course pour femmes - MioMioRun\" \/>\n<meta property=\"og:description\" content=\"La Saucony Surge 3 est une chaussure de course quotidienne offrant un amorti maximal PWRRUN+, une tige en mesh technique et une semelle en caoutchouc carbone. L\u00e9g\u00e8re et r\u00e9active.\" \/>\n<meta property=\"og:url\" content=\"https:\/\/www.miomiorun.com\/fr\/produit\/surge-3-femme\/\" \/>\n<meta property=\"og:site_name\" content=\"MioMioRun\" \/>\n<meta property=\"article:publisher\" content=\"https:\/\/www.facebook.com\/miomiorun\/\" \/>\n<meta property=\"article:modified_time\" content=\"2026-04-18T08:52:10+00:00\" \/>\n<meta property=\"og:image\" content=\"https:\/\/www.miomiorun.com\/app\/uploads\/2025\/09\/saucony-Surge-3-W-quartz-crocus-S18215-242.webp\" \/>\n\t<meta property=\"og:image:width\" content=\"720\" \/>\n\t<meta property=\"og:image:height\" content=\"720\" \/>\n\t<meta property=\"og:image:type\" content=\"image\/webp\" \/>\n<meta name=\"twitter:card\" content=\"summary_large_image\" \/>\n<meta name=\"twitter:label1\" content=\"Est. reading time\" \/>\n\t<meta name=\"twitter:data1\" content=\"1 minute\" \/>\n<script type=\"application\/ld+json\" class=\"yoast-schema-graph\">{\"@context\":\"https:\/\/schema.org\",\"@graph\":[{\"@type\":\"WebPage\",\"@id\":\"https:\/\/www.miomiorun.com\/fr\/produit\/surge-3-femme\/\",\"url\":\"https:\/\/www.miomiorun.com\/fr\/produit\/surge-3-femme\/\",\"name\":\"Saucony Surge 3 femme - chaussures de course pour femmes - MioMioRun\",\"isPartOf\":{\"@id\":\"https:\/\/www.miomiorun.com\/fr\/#website\"},\"primaryImageOfPage\":{\"@id\":\"https:\/\/www.miomiorun.com\/fr\/produit\/surge-3-femme\/#primaryimage\"},\"image\":{\"@id\":\"https:\/\/www.miomiorun.com\/fr\/produit\/surge-3-femme\/#primaryimage\"},\"thumbnailUrl\":\"https:\/\/www.miomiorun.com\/app\/uploads\/2025\/09\/saucony-Surge-3-W-quartz-crocus-S18215-242.webp\",\"datePublished\":\"2025-09-12T07:39:33+00:00\",\"dateModified\":\"2026-04-18T08:52:10+00:00\",\"description\":\"La Saucony Surge 3 est une chaussure de course quotidienne offrant un amorti maximal PWRRUN+, une tige en mesh technique et une semelle en caoutchouc carbone. L\u00e9g\u00e8re et r\u00e9active.\",\"breadcrumb\":{\"@id\":\"https:\/\/www.miomiorun.com\/fr\/produit\/surge-3-femme\/#breadcrumb\"},\"inLanguage\":\"fr-FR\",\"potentialAction\":[{\"@type\":\"ReadAction\",\"target\":[\"https:\/\/www.miomiorun.com\/fr\/produit\/surge-3-femme\/\"]}]},{\"@type\":\"ImageObject\",\"inLanguage\":\"fr-FR\",\"@id\":\"https:\/\/www.miomiorun.com\/fr\/produit\/surge-3-femme\/#primaryimage\",\"url\":\"https:\/\/www.miomiorun.com\/app\/uploads\/2025\/09\/saucony-Surge-3-W-quartz-crocus-S18215-242.webp\",\"contentUrl\":\"https:\/\/www.miomiorun.com\/app\/uploads\/2025\/09\/saucony-Surge-3-W-quartz-crocus-S18215-242.webp\",\"width\":720,\"height\":720,\"caption\":\"saucony Surge 3 W quartz crocus S18215-242\"},{\"@type\":\"BreadcrumbList\",\"@id\":\"https:\/\/www.miomiorun.com\/fr\/produit\/surge-3-femme\/#breadcrumb\",\"itemListElement\":[{\"@type\":\"ListItem\",\"position\":1,\"name\":\"Home\",\"item\":\"https:\/\/www.miomiorun.com\/fr\/home-page\/\"},{\"@type\":\"ListItem\",\"position\":2,\"name\":\"Shop\",\"item\":\"https:\/\/www.miomiorun.com\/shop\/\"},{\"@type\":\"ListItem\",\"position\":3,\"name\":\"Surge 3 femme\"}]},{\"@type\":\"WebSite\",\"@id\":\"https:\/\/www.miomiorun.com\/fr\/#website\",\"url\":\"https:\/\/www.miomiorun.com\/fr\/\",\"name\":\"MioMioRun\",\"description\":\"Boutique 100% running et trail\",\"publisher\":{\"@id\":\"https:\/\/www.miomiorun.com\/fr\/#organization\"},\"potentialAction\":[{\"@type\":\"SearchAction\",\"target\":{\"@type\":\"EntryPoint\",\"urlTemplate\":\"https:\/\/www.miomiorun.com\/fr\/?s={search_term_string}\"},\"query-input\":{\"@type\":\"PropertyValueSpecification\",\"valueRequired\":true,\"valueName\":\"search_term_string\"}}],\"inLanguage\":\"fr-FR\"},{\"@type\":\"Organization\",\"@id\":\"https:\/\/www.miomiorun.com\/fr\/#organization\",\"name\":\"MioMio Run\",\"url\":\"https:\/\/www.miomiorun.com\/fr\/\",\"logo\":{\"@type\":\"ImageObject\",\"inLanguage\":\"fr-FR\",\"@id\":\"https:\/\/www.miomiorun.com\/fr\/#\/schema\/logo\/image\/\",\"url\":\"https:\/\/www.miomiorun.com\/app\/uploads\/2019\/12\/logomio.png\",\"contentUrl\":\"https:\/\/www.miomiorun.com\/app\/uploads\/2019\/12\/logomio.png\",\"width\":115,\"height\":82,\"caption\":\"MioMio Run\"},\"image\":{\"@id\":\"https:\/\/www.miomiorun.com\/fr\/#\/schema\/logo\/image\/\"},\"sameAs\":[\"https:\/\/www.facebook.com\/miomiorun\/\",\"https:\/\/www.instagram.com\/miomiorun\/\"]}]}<\/script>\n<!-- \/ Yoast SEO plugin. -->","yoast_head_json":{"title":"Saucony Surge 3 femme - chaussures de course pour femmes - MioMioRun","description":"La Saucony Surge 3 est une chaussure de course quotidienne offrant un amorti maximal PWRRUN+, une tige en mesh technique et une semelle en caoutchouc carbone. L\u00e9g\u00e8re et r\u00e9active.","robots":{"index":"index","follow":"follow","max-snippet":"max-snippet:-1","max-image-preview":"max-image-preview:large","max-video-preview":"max-video-preview:-1"},"canonical":"https:\/\/www.miomiorun.com\/fr\/produit\/surge-3-femme\/","og_locale":"fr_FR","og_type":"article","og_title":"Saucony Surge 3 femme - chaussures de course pour femmes - MioMioRun","og_description":"La Saucony Surge 3 est une chaussure de course quotidienne offrant un amorti maximal PWRRUN+, une tige en mesh technique et une semelle en caoutchouc carbone. L\u00e9g\u00e8re et r\u00e9active.","og_url":"https:\/\/www.miomiorun.com\/fr\/produit\/surge-3-femme\/","og_site_name":"MioMioRun","article_publisher":"https:\/\/www.facebook.com\/miomiorun\/","article_modified_time":"2026-04-18T08:52:10+00:00","og_image":[{"width":720,"height":720,"url":"https:\/\/www.miomiorun.com\/app\/uploads\/2025\/09\/saucony-Surge-3-W-quartz-crocus-S18215-242.webp","type":"image\/webp"}],"twitter_card":"summary_large_image","twitter_misc":{"Est. reading time":"1 minute"},"schema":{"@context":"https:\/\/schema.org","@graph":[{"@type":"WebPage","@id":"https:\/\/www.miomiorun.com\/fr\/produit\/surge-3-femme\/","url":"https:\/\/www.miomiorun.com\/fr\/produit\/surge-3-femme\/","name":"Saucony Surge 3 femme - chaussures de course pour femmes - MioMioRun","isPartOf":{"@id":"https:\/\/www.miomiorun.com\/fr\/#website"},"primaryImageOfPage":{"@id":"https:\/\/www.miomiorun.com\/fr\/produit\/surge-3-femme\/#primaryimage"},"image":{"@id":"https:\/\/www.miomiorun.com\/fr\/produit\/surge-3-femme\/#primaryimage"},"thumbnailUrl":"https:\/\/www.miomiorun.com\/app\/uploads\/2025\/09\/saucony-Surge-3-W-quartz-crocus-S18215-242.webp","datePublished":"2025-09-12T07:39:33+00:00","dateModified":"2026-04-18T08:52:10+00:00","description":"La Saucony Surge 3 est une chaussure de course quotidienne offrant un amorti maximal PWRRUN+, une tige en mesh technique et une semelle en caoutchouc carbone. L\u00e9g\u00e8re et r\u00e9active.","breadcrumb":{"@id":"https:\/\/www.miomiorun.com\/fr\/produit\/surge-3-femme\/#breadcrumb"},"inLanguage":"fr-FR","potentialAction":[{"@type":"ReadAction","target":["https:\/\/www.miomiorun.com\/fr\/produit\/surge-3-femme\/"]}]},{"@type":"ImageObject","inLanguage":"fr-FR","@id":"https:\/\/www.miomiorun.com\/fr\/produit\/surge-3-femme\/#primaryimage","url":"https:\/\/www.miomiorun.com\/app\/uploads\/2025\/09\/saucony-Surge-3-W-quartz-crocus-S18215-242.webp","contentUrl":"https:\/\/www.miomiorun.com\/app\/uploads\/2025\/09\/saucony-Surge-3-W-quartz-crocus-S18215-242.webp","width":720,"height":720,"caption":"saucony Surge 3 W quartz crocus S18215-242"},{"@type":"BreadcrumbList","@id":"https:\/\/www.miomiorun.com\/fr\/produit\/surge-3-femme\/#breadcrumb","itemListElement":[{"@type":"ListItem","position":1,"name":"Home","item":"https:\/\/www.miomiorun.com\/fr\/home-page\/"},{"@type":"ListItem","position":2,"name":"Shop","item":"https:\/\/www.miomiorun.com\/shop\/"},{"@type":"ListItem","position":3,"name":"Surge 3 femme"}]},{"@type":"WebSite","@id":"https:\/\/www.miomiorun.com\/fr\/#website","url":"https:\/\/www.miomiorun.com\/fr\/","name":"MioMioRun","description":"Boutique 100% running et trail","publisher":{"@id":"https:\/\/www.miomiorun.com\/fr\/#organization"},"potentialAction":[{"@type":"SearchAction","target":{"@type":"EntryPoint","urlTemplate":"https:\/\/www.miomiorun.com\/fr\/?s={search_term_string}"},"query-input":{"@type":"PropertyValueSpecification","valueRequired":true,"valueName":"search_term_string"}}],"inLanguage":"fr-FR"},{"@type":"Organization","@id":"https:\/\/www.miomiorun.com\/fr\/#organization","name":"MioMio Run","url":"https:\/\/www.miomiorun.com\/fr\/","logo":{"@type":"ImageObject","inLanguage":"fr-FR","@id":"https:\/\/www.miomiorun.com\/fr\/#\/schema\/logo\/image\/","url":"https:\/\/www.miomiorun.com\/app\/uploads\/2019\/12\/logomio.png","contentUrl":"https:\/\/www.miomiorun.com\/app\/uploads\/2019\/12\/logomio.png","width":115,"height":82,"caption":"MioMio Run"},"image":{"@id":"https:\/\/www.miomiorun.com\/fr\/#\/schema\/logo\/image\/"},"sameAs":["https:\/\/www.facebook.com\/miomiorun\/","https:\/\/www.instagram.com\/miomiorun\/"]}]}},"_links":{"self":[{"href":"https:\/\/www.miomiorun.com\/fr\/wp-json\/wp\/v2\/product\/348912","targetHints":{"allow":["GET"]}}],"collection":[{"href":"https:\/\/www.miomiorun.com\/fr\/wp-json\/wp\/v2\/product"}],"about":[{"href":"https:\/\/www.miomiorun.com\/fr\/wp-json\/wp\/v2\/types\/product"}],"wp:featuredmedia":[{"embeddable":true,"href":"https:\/\/www.miomiorun.com\/fr\/wp-json\/wp\/v2\/media\/351806"}],"wp:attachment":[{"href":"https:\/\/www.miomiorun.com\/fr\/wp-json\/wp\/v2\/media?parent=348912"}],"wp:term":[{"taxonomy":"product_brand","embeddable":true,"href":"https:\/\/www.miomiorun.com\/fr\/wp-json\/wp\/v2\/product_brand?post=348912"},{"taxonomy":"product_cat","embeddable":true,"href":"https:\/\/www.miomiorun.com\/fr\/wp-json\/wp\/v2\/product_cat?post=348912"},{"taxonomy":"product_tag","embeddable":true,"href":"https:\/\/www.miomiorun.com\/fr\/wp-json\/wp\/v2\/product_tag?post=348912"}],"curies":[{"name":"wp","href":"https:\/\/api.w.org\/{rel}","templated":true}]}}