{"id":348363,"date":"2025-09-11T18:39:26","date_gmt":"2025-09-11T16:39:26","guid":{"rendered":"https:\/\/www.miomiorun.com\/?post_type=product&#038;p=348363"},"modified":"2026-04-17T10:50:26","modified_gmt":"2026-04-17T08:50:26","slug":"s-lab-ultra-glide-1-5","status":"publish","type":"product","link":"https:\/\/www.miomiorun.com\/fr\/produit\/s-lab-ultra-glide-1-5\/","title":{"rendered":"S\/LAB Ultra Glide 1.5"},"content":{"rendered":"<div class=\"vc-row container\"><div class=\"vc-column\"><div class=\"vc-column-text\"><\/p>\n<h4>Caract\u00e9ristiques techniques<\/h4>\n<p>Cat\u00e9gorie : Amorti maximal<\/p>\n<p>Poids : 290 g<\/p>\n<p>Drop : 6 mm<\/p>\n<p>Id\u00e9al pour : les coureurs qui recherchent \u00e0 la fois un amorti maximal, une protection du pied et un confort exceptionnel sur terrains mixtes<br \/>\n<a href=\"https:\/\/miomiorun.com\/guida-alle-specifiche-tecniche\/\">Guide des caract\u00e9ristiques techniques<\/a><\/p>\n<p><\/div><\/div><div class=\"vc-column\"><div class=\"vc-column-text\"><\/p>\n<div><\/div>\n<div>\n<p>Affrontez les longues distances avec le m\u00e9lange parfait de confort et de dynamisme de la nouvelle S\/LAB Ultra Glide 1.5. Con\u00e7ue pour vous accompagner du premier au dernier kilom\u00e8tre, elle combine un amorti souple et r\u00e9actif avec une stabilit\u00e9 optimis\u00e9e et un talon am\u00e9lior\u00e9 qui r\u00e9duit les frottements. La conception exclusive de la semelle r\u00e9partit uniform\u00e9ment la pression, r\u00e9duisant ainsi la fatigue, m\u00eame sur les sentiers les plus difficiles.<\/p>\n<p>La semelle All Terrain Contagrip\u00ae offre adh\u00e9rence et r\u00e9sistance sur toutes les surfaces, s\u00e8ches ou humides, tandis que la g\u00e9om\u00e9trie Relieve Sphere amortit les chocs et am\u00e9liore le confort \u00e0 long terme. La semelle interm\u00e9diaire en Energy Foam et Energy Foam+ garantit un retour d&#8217;\u00e9nergie et un dynamisme \u00e0 chaque pas. Le syst\u00e8me Quicklace\u2122 permet un ajustement rapide, s\u00fbr et pr\u00e9cis.<\/p>\n<p><strong>D\u00e9tails techniques :<\/strong><br \/>\n&#8211; Id\u00e9al pour : le trail running et les longues distances<br \/>\n&#8211; Amorti : souple et dynamique<br \/>\n&#8211; Semelle : All Terrain Contagrip\u00ae + g\u00e9om\u00e9trie Relieve Sphere<br \/>\n&#8211; Semelle interm\u00e9diaire : Energy Foam (EVA) + Energy Foam+ (PEBA\/EVA)<br \/>\n&#8211; Syst\u00e8me de la\u00e7age : Quicklace\u2122 one-pull<br \/>\n&#8211; Talon optimis\u00e9 pour r\u00e9duire les frottements<\/p>\n<p>&nbsp;<\/p>\n<\/div>\n<p><\/div><\/div><\/div>\n","protected":false},"excerpt":{"rendered":"<p>&#8211; Chaussure de trail running l\u00e9g\u00e8re et dynamique, id\u00e9ale pour les longues distances<br \/>\n&#8211; Semelle All Terrain Contagrip\u00ae avec g\u00e9om\u00e9trie Relieve Sphere pour une adh\u00e9rence et un confort prolong\u00e9s<br \/>\n&#8211; Semelle interm\u00e9diaire avec double mousse Energy Foam pour un amorti et une r\u00e9activit\u00e9 optimaux<\/p>\n","protected":false},"featured_media":362129,"template":"","meta":{"_acf_changed":false,"inline_featured_image":false},"product_brand":[],"product_cat":[24435,24254,24432,24481],"product_tag":[23581,23619,23580],"class_list":{"0":"post-348363","1":"product","2":"type-product","3":"status-publish","4":"has-post-thumbnail","6":"product_cat-chaussures-pour-femmes-fr","7":"product_cat-chaussures-pour-hommes","8":"product_cat-trail-fr-2","9":"product_cat-trail-fr-4","10":"product_tag-salomon-fr","11":"product_tag-salomon-femme","12":"product_tag-salomon-homme","13":"pa_attivita-marcher","14":"pa_attivita-outdoor-fr","15":"pa_attivita-trail-fr","16":"pa_colore-s-lab-ultra-glide-1-5-fiery-red-fird-wht-fr","17":"pa_marca-salomon-fr","18":"pa_sesso-homme","19":"pa_size-40-fr","21":"pa_size-41-fr","22":"pa_size-44-fr","24":"first","25":"instock","26":"sale","27":"taxable","28":"shipping-taxable","29":"purchasable","30":"product-type-variable","31":"wvs-archive-product-wrapper"},"acf":[],"yoast_head":"<!-- This site is optimized with the Yoast SEO plugin v26.8 - https:\/\/yoast.com\/product\/yoast-seo-wordpress\/ -->\n<title>Salomon S\/LAB Ultra Glide 1.5 - chaussures de trail running - MioMioRun<\/title>\n<meta name=\"description\" content=\"S\/LAB Ultra Glide 1.5 : chaussure de trail running pour les longues distances. Confort r\u00e9volutionnaire, semelle Contagrip\u00ae et amorti Energy Foam+.\" \/>\n<meta name=\"robots\" content=\"index, follow, max-snippet:-1, max-image-preview:large, max-video-preview:-1\" \/>\n<link rel=\"canonical\" href=\"https:\/\/www.miomiorun.com\/fr\/produit\/s-lab-ultra-glide-1-5\/\" \/>\n<meta property=\"og:locale\" content=\"fr_FR\" \/>\n<meta property=\"og:type\" content=\"article\" \/>\n<meta property=\"og:title\" content=\"Salomon S\/LAB Ultra Glide 1.5 - chaussures de trail running - MioMioRun\" \/>\n<meta property=\"og:description\" content=\"S\/LAB Ultra Glide 1.5 : chaussure de trail running pour les longues distances. Confort r\u00e9volutionnaire, semelle Contagrip\u00ae et amorti Energy Foam+.\" \/>\n<meta property=\"og:url\" content=\"https:\/\/www.miomiorun.com\/fr\/produit\/s-lab-ultra-glide-1-5\/\" \/>\n<meta property=\"og:site_name\" content=\"MioMioRun\" \/>\n<meta property=\"article:publisher\" content=\"https:\/\/www.facebook.com\/miomiorun\/\" \/>\n<meta property=\"article:modified_time\" content=\"2026-04-17T08:50:26+00:00\" \/>\n<meta property=\"og:image\" content=\"https:\/\/www.miomiorun.com\/app\/uploads\/2025\/10\/salomon-S-LAB-Ultra-Glide-1.5-fiery-red-fird-wht-L49283600.webp\" \/>\n\t<meta property=\"og:image:width\" content=\"720\" \/>\n\t<meta property=\"og:image:height\" content=\"720\" \/>\n\t<meta property=\"og:image:type\" content=\"image\/webp\" \/>\n<meta name=\"twitter:card\" content=\"summary_large_image\" \/>\n<meta name=\"twitter:label1\" content=\"Est. reading time\" \/>\n\t<meta name=\"twitter:data1\" content=\"1 minute\" \/>\n<script type=\"application\/ld+json\" class=\"yoast-schema-graph\">{\"@context\":\"https:\/\/schema.org\",\"@graph\":[{\"@type\":\"WebPage\",\"@id\":\"https:\/\/www.miomiorun.com\/fr\/produit\/s-lab-ultra-glide-1-5\/\",\"url\":\"https:\/\/www.miomiorun.com\/fr\/produit\/s-lab-ultra-glide-1-5\/\",\"name\":\"Salomon S\/LAB Ultra Glide 1.5 - chaussures de trail running - MioMioRun\",\"isPartOf\":{\"@id\":\"https:\/\/www.miomiorun.com\/fr\/#website\"},\"primaryImageOfPage\":{\"@id\":\"https:\/\/www.miomiorun.com\/fr\/produit\/s-lab-ultra-glide-1-5\/#primaryimage\"},\"image\":{\"@id\":\"https:\/\/www.miomiorun.com\/fr\/produit\/s-lab-ultra-glide-1-5\/#primaryimage\"},\"thumbnailUrl\":\"https:\/\/www.miomiorun.com\/app\/uploads\/2025\/10\/salomon-S-LAB-Ultra-Glide-1.5-fiery-red-fird-wht-L49283600.webp\",\"datePublished\":\"2025-09-11T16:39:26+00:00\",\"dateModified\":\"2026-04-17T08:50:26+00:00\",\"description\":\"S\/LAB Ultra Glide 1.5 : chaussure de trail running pour les longues distances. Confort r\u00e9volutionnaire, semelle Contagrip\u00ae et amorti Energy Foam+.\",\"breadcrumb\":{\"@id\":\"https:\/\/www.miomiorun.com\/fr\/produit\/s-lab-ultra-glide-1-5\/#breadcrumb\"},\"inLanguage\":\"fr-FR\",\"potentialAction\":[{\"@type\":\"ReadAction\",\"target\":[\"https:\/\/www.miomiorun.com\/fr\/produit\/s-lab-ultra-glide-1-5\/\"]}]},{\"@type\":\"ImageObject\",\"inLanguage\":\"fr-FR\",\"@id\":\"https:\/\/www.miomiorun.com\/fr\/produit\/s-lab-ultra-glide-1-5\/#primaryimage\",\"url\":\"https:\/\/www.miomiorun.com\/app\/uploads\/2025\/10\/salomon-S-LAB-Ultra-Glide-1.5-fiery-red-fird-wht-L49283600.webp\",\"contentUrl\":\"https:\/\/www.miomiorun.com\/app\/uploads\/2025\/10\/salomon-S-LAB-Ultra-Glide-1.5-fiery-red-fird-wht-L49283600.webp\",\"width\":720,\"height\":720,\"caption\":\"salomon S LAB Ultra Glide 1.5 fiery red fird wht L49283600\"},{\"@type\":\"BreadcrumbList\",\"@id\":\"https:\/\/www.miomiorun.com\/fr\/produit\/s-lab-ultra-glide-1-5\/#breadcrumb\",\"itemListElement\":[{\"@type\":\"ListItem\",\"position\":1,\"name\":\"Home\",\"item\":\"https:\/\/www.miomiorun.com\/fr\/home-page\/\"},{\"@type\":\"ListItem\",\"position\":2,\"name\":\"Shop\",\"item\":\"https:\/\/www.miomiorun.com\/shop\/\"},{\"@type\":\"ListItem\",\"position\":3,\"name\":\"S\/LAB Ultra Glide 1.5\"}]},{\"@type\":\"WebSite\",\"@id\":\"https:\/\/www.miomiorun.com\/fr\/#website\",\"url\":\"https:\/\/www.miomiorun.com\/fr\/\",\"name\":\"MioMioRun\",\"description\":\"Boutique 100% running et trail\",\"publisher\":{\"@id\":\"https:\/\/www.miomiorun.com\/fr\/#organization\"},\"potentialAction\":[{\"@type\":\"SearchAction\",\"target\":{\"@type\":\"EntryPoint\",\"urlTemplate\":\"https:\/\/www.miomiorun.com\/fr\/?s={search_term_string}\"},\"query-input\":{\"@type\":\"PropertyValueSpecification\",\"valueRequired\":true,\"valueName\":\"search_term_string\"}}],\"inLanguage\":\"fr-FR\"},{\"@type\":\"Organization\",\"@id\":\"https:\/\/www.miomiorun.com\/fr\/#organization\",\"name\":\"MioMio Run\",\"url\":\"https:\/\/www.miomiorun.com\/fr\/\",\"logo\":{\"@type\":\"ImageObject\",\"inLanguage\":\"fr-FR\",\"@id\":\"https:\/\/www.miomiorun.com\/fr\/#\/schema\/logo\/image\/\",\"url\":\"https:\/\/www.miomiorun.com\/app\/uploads\/2019\/12\/logomio.png\",\"contentUrl\":\"https:\/\/www.miomiorun.com\/app\/uploads\/2019\/12\/logomio.png\",\"width\":115,\"height\":82,\"caption\":\"MioMio Run\"},\"image\":{\"@id\":\"https:\/\/www.miomiorun.com\/fr\/#\/schema\/logo\/image\/\"},\"sameAs\":[\"https:\/\/www.facebook.com\/miomiorun\/\",\"https:\/\/www.instagram.com\/miomiorun\/\"]}]}<\/script>\n<!-- \/ Yoast SEO plugin. -->","yoast_head_json":{"title":"Salomon S\/LAB Ultra Glide 1.5 - chaussures de trail running - MioMioRun","description":"S\/LAB Ultra Glide 1.5 : chaussure de trail running pour les longues distances. Confort r\u00e9volutionnaire, semelle Contagrip\u00ae et amorti Energy Foam+.","robots":{"index":"index","follow":"follow","max-snippet":"max-snippet:-1","max-image-preview":"max-image-preview:large","max-video-preview":"max-video-preview:-1"},"canonical":"https:\/\/www.miomiorun.com\/fr\/produit\/s-lab-ultra-glide-1-5\/","og_locale":"fr_FR","og_type":"article","og_title":"Salomon S\/LAB Ultra Glide 1.5 - chaussures de trail running - MioMioRun","og_description":"S\/LAB Ultra Glide 1.5 : chaussure de trail running pour les longues distances. Confort r\u00e9volutionnaire, semelle Contagrip\u00ae et amorti Energy Foam+.","og_url":"https:\/\/www.miomiorun.com\/fr\/produit\/s-lab-ultra-glide-1-5\/","og_site_name":"MioMioRun","article_publisher":"https:\/\/www.facebook.com\/miomiorun\/","article_modified_time":"2026-04-17T08:50:26+00:00","og_image":[{"width":720,"height":720,"url":"https:\/\/www.miomiorun.com\/app\/uploads\/2025\/10\/salomon-S-LAB-Ultra-Glide-1.5-fiery-red-fird-wht-L49283600.webp","type":"image\/webp"}],"twitter_card":"summary_large_image","twitter_misc":{"Est. reading time":"1 minute"},"schema":{"@context":"https:\/\/schema.org","@graph":[{"@type":"WebPage","@id":"https:\/\/www.miomiorun.com\/fr\/produit\/s-lab-ultra-glide-1-5\/","url":"https:\/\/www.miomiorun.com\/fr\/produit\/s-lab-ultra-glide-1-5\/","name":"Salomon S\/LAB Ultra Glide 1.5 - chaussures de trail running - MioMioRun","isPartOf":{"@id":"https:\/\/www.miomiorun.com\/fr\/#website"},"primaryImageOfPage":{"@id":"https:\/\/www.miomiorun.com\/fr\/produit\/s-lab-ultra-glide-1-5\/#primaryimage"},"image":{"@id":"https:\/\/www.miomiorun.com\/fr\/produit\/s-lab-ultra-glide-1-5\/#primaryimage"},"thumbnailUrl":"https:\/\/www.miomiorun.com\/app\/uploads\/2025\/10\/salomon-S-LAB-Ultra-Glide-1.5-fiery-red-fird-wht-L49283600.webp","datePublished":"2025-09-11T16:39:26+00:00","dateModified":"2026-04-17T08:50:26+00:00","description":"S\/LAB Ultra Glide 1.5 : chaussure de trail running pour les longues distances. Confort r\u00e9volutionnaire, semelle Contagrip\u00ae et amorti Energy Foam+.","breadcrumb":{"@id":"https:\/\/www.miomiorun.com\/fr\/produit\/s-lab-ultra-glide-1-5\/#breadcrumb"},"inLanguage":"fr-FR","potentialAction":[{"@type":"ReadAction","target":["https:\/\/www.miomiorun.com\/fr\/produit\/s-lab-ultra-glide-1-5\/"]}]},{"@type":"ImageObject","inLanguage":"fr-FR","@id":"https:\/\/www.miomiorun.com\/fr\/produit\/s-lab-ultra-glide-1-5\/#primaryimage","url":"https:\/\/www.miomiorun.com\/app\/uploads\/2025\/10\/salomon-S-LAB-Ultra-Glide-1.5-fiery-red-fird-wht-L49283600.webp","contentUrl":"https:\/\/www.miomiorun.com\/app\/uploads\/2025\/10\/salomon-S-LAB-Ultra-Glide-1.5-fiery-red-fird-wht-L49283600.webp","width":720,"height":720,"caption":"salomon S LAB Ultra Glide 1.5 fiery red fird wht L49283600"},{"@type":"BreadcrumbList","@id":"https:\/\/www.miomiorun.com\/fr\/produit\/s-lab-ultra-glide-1-5\/#breadcrumb","itemListElement":[{"@type":"ListItem","position":1,"name":"Home","item":"https:\/\/www.miomiorun.com\/fr\/home-page\/"},{"@type":"ListItem","position":2,"name":"Shop","item":"https:\/\/www.miomiorun.com\/shop\/"},{"@type":"ListItem","position":3,"name":"S\/LAB Ultra Glide 1.5"}]},{"@type":"WebSite","@id":"https:\/\/www.miomiorun.com\/fr\/#website","url":"https:\/\/www.miomiorun.com\/fr\/","name":"MioMioRun","description":"Boutique 100% running et trail","publisher":{"@id":"https:\/\/www.miomiorun.com\/fr\/#organization"},"potentialAction":[{"@type":"SearchAction","target":{"@type":"EntryPoint","urlTemplate":"https:\/\/www.miomiorun.com\/fr\/?s={search_term_string}"},"query-input":{"@type":"PropertyValueSpecification","valueRequired":true,"valueName":"search_term_string"}}],"inLanguage":"fr-FR"},{"@type":"Organization","@id":"https:\/\/www.miomiorun.com\/fr\/#organization","name":"MioMio Run","url":"https:\/\/www.miomiorun.com\/fr\/","logo":{"@type":"ImageObject","inLanguage":"fr-FR","@id":"https:\/\/www.miomiorun.com\/fr\/#\/schema\/logo\/image\/","url":"https:\/\/www.miomiorun.com\/app\/uploads\/2019\/12\/logomio.png","contentUrl":"https:\/\/www.miomiorun.com\/app\/uploads\/2019\/12\/logomio.png","width":115,"height":82,"caption":"MioMio Run"},"image":{"@id":"https:\/\/www.miomiorun.com\/fr\/#\/schema\/logo\/image\/"},"sameAs":["https:\/\/www.facebook.com\/miomiorun\/","https:\/\/www.instagram.com\/miomiorun\/"]}]}},"_links":{"self":[{"href":"https:\/\/www.miomiorun.com\/fr\/wp-json\/wp\/v2\/product\/348363","targetHints":{"allow":["GET"]}}],"collection":[{"href":"https:\/\/www.miomiorun.com\/fr\/wp-json\/wp\/v2\/product"}],"about":[{"href":"https:\/\/www.miomiorun.com\/fr\/wp-json\/wp\/v2\/types\/product"}],"wp:featuredmedia":[{"embeddable":true,"href":"https:\/\/www.miomiorun.com\/fr\/wp-json\/wp\/v2\/media\/362129"}],"wp:attachment":[{"href":"https:\/\/www.miomiorun.com\/fr\/wp-json\/wp\/v2\/media?parent=348363"}],"wp:term":[{"taxonomy":"product_brand","embeddable":true,"href":"https:\/\/www.miomiorun.com\/fr\/wp-json\/wp\/v2\/product_brand?post=348363"},{"taxonomy":"product_cat","embeddable":true,"href":"https:\/\/www.miomiorun.com\/fr\/wp-json\/wp\/v2\/product_cat?post=348363"},{"taxonomy":"product_tag","embeddable":true,"href":"https:\/\/www.miomiorun.com\/fr\/wp-json\/wp\/v2\/product_tag?post=348363"}],"curies":[{"name":"wp","href":"https:\/\/api.w.org\/{rel}","templated":true}]}}