{"id":347962,"date":"2025-09-11T17:44:29","date_gmt":"2025-09-11T15:44:29","guid":{"rendered":"https:\/\/www.miomiorun.com\/?post_type=product&#038;p=347962"},"modified":"2026-04-17T10:50:50","modified_gmt":"2026-04-17T08:50:50","slug":"s-lab-ultra-10","status":"publish","type":"product","link":"https:\/\/www.miomiorun.com\/fr\/produit\/s-lab-ultra-10\/","title":{"rendered":"S\/LAB Ultra 10"},"content":{"rendered":"<p>Con\u00e7u pour repousser les limites de l&#8217;ultra-running, le nouveau S\/LAB Ultra 10 est un sac \u00e0 dos gilet ultra-l\u00e9ger et confortable, d\u00e9velopp\u00e9 en collaboration avec Fran\u00e7ois d&#8217;Haene pour garantir des performances de haut niveau. Gr\u00e2ce \u00e0 sa structure SensiFit\u2122, il s&#8217;adapte parfaitement au corps en r\u00e9duisant les secousses, tandis que ses tissus extensibles et respirants assurent libert\u00e9 de mouvement et confort pendant des heures.<\/p>\n<p>Avec un volume de 10 litres et de nombreuses poches facilement accessibles, ce sac \u00e0 dos offre l&#8217;espace id\u00e9al pour transporter l&#8217;essentiel lors des courses et des entra\u00eenements les plus longs. Deux flasques souples S\/LAB de 500 ml inclus vous permettent de rester hydrat\u00e9 \u00e0 tout moment, tandis que les boucles \u00e9lastiques et le syst\u00e8me Custom Quiver garantissent un transport stable des b\u00e2tons. Tout cela pour un poids de seulement 130 g (210 g avec les accessoires).<\/p>\n<p><strong>D\u00e9tails techniques :<\/strong><br \/>\n&#8211; Volume : 10 L<br \/>\n&#8211; Poids : 130 g (210 g avec les accessoires)<br \/>\n&#8211; Dimensions : 40 x 25 x 1 cm<br \/>\n&#8211; Compatible avec les flasques souples (2 x 500 ml inclus)<br \/>\n&#8211; Structure SensiFit\u2122 : stabilit\u00e9 et confort sans secousses<br \/>\n&#8211; Syst\u00e8me Quick Link pour un ajustement rapide<br \/>\n&#8211; Poches multiples : avant, lat\u00e9rales et arri\u00e8re, avec fermeture \u00e9clair et stretch<br \/>\n&#8211; Fermetures \u00e9clair YKK r\u00e9sistantes et fiables<br \/>\n&#8211; Sifflet inclus<br \/>\n&#8211; Tissus respirants et stretch dans 4 directions<\/p>\n<p>&nbsp;<\/p>\n","protected":false},"excerpt":{"rendered":"<p>&#8211; Sac \u00e0 dos gilet ultra-l\u00e9ger (130 g) pour l&#8217;ultra-running, d&#8217;un volume de 10 L<br \/>\n&#8211; Ajustement stable et confortable gr\u00e2ce \u00e0 la technologie SensiFit\u2122<br \/>\n&#8211; 2 flasques S\/LAB de 500 ml inclus pour une hydratation rapide<br \/>\n&#8211; Multiples poches zipp\u00e9es et tissus extensibles pour un acc\u00e8s facile et rapide<br \/>\n&#8211; Syst\u00e8me Custom Quiver pour un transport stable des b\u00e2tons<\/p>\n","protected":false},"featured_media":365193,"template":"","meta":{"_acf_changed":false,"inline_featured_image":false},"product_brand":[],"product_cat":[22589,22587,22538],"product_tag":[23581,23619,23580],"class_list":{"0":"post-347962","1":"product","2":"type-product","3":"status-publish","4":"has-post-thumbnail","6":"product_cat-sacs-a-dos","7":"product_cat-sacs-a-dos-et-ceintures","8":"product_cat-accessoires","9":"product_tag-salomon-fr","10":"product_tag-salomon-femme","11":"product_tag-salomon-homme","12":"pa_attivita-outdoor-fr","13":"pa_attivita-trail-fr","14":"pa_colore-s-lab-ultra-10-set-black-fr","15":"pa_marca-salomon-fr","16":"pa_sesso-femme","17":"pa_sesso-homme","18":"pa_size-small-fr","19":"pa_size-medium-fr","20":"pa_size-large-fr","21":"pa_size-extra-large-fr","23":"first","24":"instock","25":"sale","26":"taxable","27":"shipping-taxable","28":"purchasable","29":"product-type-variable","30":"wvs-archive-product-wrapper"},"acf":[],"yoast_head":"<!-- This site is optimized with the Yoast SEO plugin v26.8 - https:\/\/yoast.com\/product\/yoast-seo-wordpress\/ -->\n<title>Salomon S\/LAB Ultra 10 - sac \u00e0 dos de course - MioMioRun<\/title>\n<meta name=\"description\" content=\"Salomon S\/LAB Ultra 10 : sac \u00e0 dos gilet ultra l\u00e9ger pour le trail running. Volume 10 L, ajustement stable SensiFit\u2122, 2 flasques inclus, multiples poches et transport des b\u00e2tons.\" \/>\n<meta name=\"robots\" content=\"index, follow, max-snippet:-1, max-image-preview:large, max-video-preview:-1\" \/>\n<link rel=\"canonical\" href=\"https:\/\/www.miomiorun.com\/fr\/produit\/s-lab-ultra-10\/\" \/>\n<meta property=\"og:locale\" content=\"fr_FR\" \/>\n<meta property=\"og:type\" content=\"article\" \/>\n<meta property=\"og:title\" content=\"Salomon S\/LAB Ultra 10 - sac \u00e0 dos de course - MioMioRun\" \/>\n<meta property=\"og:description\" content=\"Salomon S\/LAB Ultra 10 : sac \u00e0 dos gilet ultra l\u00e9ger pour le trail running. Volume 10 L, ajustement stable SensiFit\u2122, 2 flasques inclus, multiples poches et transport des b\u00e2tons.\" \/>\n<meta property=\"og:url\" content=\"https:\/\/www.miomiorun.com\/fr\/produit\/s-lab-ultra-10\/\" \/>\n<meta property=\"og:site_name\" content=\"MioMioRun\" \/>\n<meta property=\"article:publisher\" content=\"https:\/\/www.facebook.com\/miomiorun\/\" \/>\n<meta property=\"article:modified_time\" content=\"2026-04-17T08:50:50+00:00\" \/>\n<meta property=\"og:image\" content=\"https:\/\/www.miomiorun.com\/app\/uploads\/2025\/10\/salomon-S-LAB-Ultra-10-set-black-LC2533100.webp\" \/>\n\t<meta property=\"og:image:width\" content=\"720\" \/>\n\t<meta property=\"og:image:height\" content=\"720\" \/>\n\t<meta property=\"og:image:type\" content=\"image\/webp\" \/>\n<meta name=\"twitter:card\" content=\"summary_large_image\" \/>\n<meta name=\"twitter:label1\" content=\"Est. reading time\" \/>\n\t<meta name=\"twitter:data1\" content=\"1 minute\" \/>\n<script type=\"application\/ld+json\" class=\"yoast-schema-graph\">{\"@context\":\"https:\/\/schema.org\",\"@graph\":[{\"@type\":\"WebPage\",\"@id\":\"https:\/\/www.miomiorun.com\/fr\/produit\/s-lab-ultra-10\/\",\"url\":\"https:\/\/www.miomiorun.com\/fr\/produit\/s-lab-ultra-10\/\",\"name\":\"Salomon S\/LAB Ultra 10 - sac \u00e0 dos de course - MioMioRun\",\"isPartOf\":{\"@id\":\"https:\/\/www.miomiorun.com\/fr\/#website\"},\"primaryImageOfPage\":{\"@id\":\"https:\/\/www.miomiorun.com\/fr\/produit\/s-lab-ultra-10\/#primaryimage\"},\"image\":{\"@id\":\"https:\/\/www.miomiorun.com\/fr\/produit\/s-lab-ultra-10\/#primaryimage\"},\"thumbnailUrl\":\"https:\/\/www.miomiorun.com\/app\/uploads\/2025\/10\/salomon-S-LAB-Ultra-10-set-black-LC2533100.webp\",\"datePublished\":\"2025-09-11T15:44:29+00:00\",\"dateModified\":\"2026-04-17T08:50:50+00:00\",\"description\":\"Salomon S\/LAB Ultra 10 : sac \u00e0 dos gilet ultra l\u00e9ger pour le trail running. Volume 10 L, ajustement stable SensiFit\u2122, 2 flasques inclus, multiples poches et transport des b\u00e2tons.\",\"breadcrumb\":{\"@id\":\"https:\/\/www.miomiorun.com\/fr\/produit\/s-lab-ultra-10\/#breadcrumb\"},\"inLanguage\":\"fr-FR\",\"potentialAction\":[{\"@type\":\"ReadAction\",\"target\":[\"https:\/\/www.miomiorun.com\/fr\/produit\/s-lab-ultra-10\/\"]}]},{\"@type\":\"ImageObject\",\"inLanguage\":\"fr-FR\",\"@id\":\"https:\/\/www.miomiorun.com\/fr\/produit\/s-lab-ultra-10\/#primaryimage\",\"url\":\"https:\/\/www.miomiorun.com\/app\/uploads\/2025\/10\/salomon-S-LAB-Ultra-10-set-black-LC2533100.webp\",\"contentUrl\":\"https:\/\/www.miomiorun.com\/app\/uploads\/2025\/10\/salomon-S-LAB-Ultra-10-set-black-LC2533100.webp\",\"width\":720,\"height\":720,\"caption\":\"salomon S LAB Ultra 10 set black LC2533100\"},{\"@type\":\"BreadcrumbList\",\"@id\":\"https:\/\/www.miomiorun.com\/fr\/produit\/s-lab-ultra-10\/#breadcrumb\",\"itemListElement\":[{\"@type\":\"ListItem\",\"position\":1,\"name\":\"Home\",\"item\":\"https:\/\/www.miomiorun.com\/fr\/home-page\/\"},{\"@type\":\"ListItem\",\"position\":2,\"name\":\"Shop\",\"item\":\"https:\/\/www.miomiorun.com\/shop\/\"},{\"@type\":\"ListItem\",\"position\":3,\"name\":\"S\/LAB Ultra 10\"}]},{\"@type\":\"WebSite\",\"@id\":\"https:\/\/www.miomiorun.com\/fr\/#website\",\"url\":\"https:\/\/www.miomiorun.com\/fr\/\",\"name\":\"MioMioRun\",\"description\":\"Boutique 100% running et trail\",\"publisher\":{\"@id\":\"https:\/\/www.miomiorun.com\/fr\/#organization\"},\"potentialAction\":[{\"@type\":\"SearchAction\",\"target\":{\"@type\":\"EntryPoint\",\"urlTemplate\":\"https:\/\/www.miomiorun.com\/fr\/?s={search_term_string}\"},\"query-input\":{\"@type\":\"PropertyValueSpecification\",\"valueRequired\":true,\"valueName\":\"search_term_string\"}}],\"inLanguage\":\"fr-FR\"},{\"@type\":\"Organization\",\"@id\":\"https:\/\/www.miomiorun.com\/fr\/#organization\",\"name\":\"MioMio Run\",\"url\":\"https:\/\/www.miomiorun.com\/fr\/\",\"logo\":{\"@type\":\"ImageObject\",\"inLanguage\":\"fr-FR\",\"@id\":\"https:\/\/www.miomiorun.com\/fr\/#\/schema\/logo\/image\/\",\"url\":\"https:\/\/www.miomiorun.com\/app\/uploads\/2019\/12\/logomio.png\",\"contentUrl\":\"https:\/\/www.miomiorun.com\/app\/uploads\/2019\/12\/logomio.png\",\"width\":115,\"height\":82,\"caption\":\"MioMio Run\"},\"image\":{\"@id\":\"https:\/\/www.miomiorun.com\/fr\/#\/schema\/logo\/image\/\"},\"sameAs\":[\"https:\/\/www.facebook.com\/miomiorun\/\",\"https:\/\/www.instagram.com\/miomiorun\/\"]}]}<\/script>\n<!-- \/ Yoast SEO plugin. -->","yoast_head_json":{"title":"Salomon S\/LAB Ultra 10 - sac \u00e0 dos de course - MioMioRun","description":"Salomon S\/LAB Ultra 10 : sac \u00e0 dos gilet ultra l\u00e9ger pour le trail running. Volume 10 L, ajustement stable SensiFit\u2122, 2 flasques inclus, multiples poches et transport des b\u00e2tons.","robots":{"index":"index","follow":"follow","max-snippet":"max-snippet:-1","max-image-preview":"max-image-preview:large","max-video-preview":"max-video-preview:-1"},"canonical":"https:\/\/www.miomiorun.com\/fr\/produit\/s-lab-ultra-10\/","og_locale":"fr_FR","og_type":"article","og_title":"Salomon S\/LAB Ultra 10 - sac \u00e0 dos de course - MioMioRun","og_description":"Salomon S\/LAB Ultra 10 : sac \u00e0 dos gilet ultra l\u00e9ger pour le trail running. Volume 10 L, ajustement stable SensiFit\u2122, 2 flasques inclus, multiples poches et transport des b\u00e2tons.","og_url":"https:\/\/www.miomiorun.com\/fr\/produit\/s-lab-ultra-10\/","og_site_name":"MioMioRun","article_publisher":"https:\/\/www.facebook.com\/miomiorun\/","article_modified_time":"2026-04-17T08:50:50+00:00","og_image":[{"width":720,"height":720,"url":"https:\/\/www.miomiorun.com\/app\/uploads\/2025\/10\/salomon-S-LAB-Ultra-10-set-black-LC2533100.webp","type":"image\/webp"}],"twitter_card":"summary_large_image","twitter_misc":{"Est. reading time":"1 minute"},"schema":{"@context":"https:\/\/schema.org","@graph":[{"@type":"WebPage","@id":"https:\/\/www.miomiorun.com\/fr\/produit\/s-lab-ultra-10\/","url":"https:\/\/www.miomiorun.com\/fr\/produit\/s-lab-ultra-10\/","name":"Salomon S\/LAB Ultra 10 - sac \u00e0 dos de course - MioMioRun","isPartOf":{"@id":"https:\/\/www.miomiorun.com\/fr\/#website"},"primaryImageOfPage":{"@id":"https:\/\/www.miomiorun.com\/fr\/produit\/s-lab-ultra-10\/#primaryimage"},"image":{"@id":"https:\/\/www.miomiorun.com\/fr\/produit\/s-lab-ultra-10\/#primaryimage"},"thumbnailUrl":"https:\/\/www.miomiorun.com\/app\/uploads\/2025\/10\/salomon-S-LAB-Ultra-10-set-black-LC2533100.webp","datePublished":"2025-09-11T15:44:29+00:00","dateModified":"2026-04-17T08:50:50+00:00","description":"Salomon S\/LAB Ultra 10 : sac \u00e0 dos gilet ultra l\u00e9ger pour le trail running. Volume 10 L, ajustement stable SensiFit\u2122, 2 flasques inclus, multiples poches et transport des b\u00e2tons.","breadcrumb":{"@id":"https:\/\/www.miomiorun.com\/fr\/produit\/s-lab-ultra-10\/#breadcrumb"},"inLanguage":"fr-FR","potentialAction":[{"@type":"ReadAction","target":["https:\/\/www.miomiorun.com\/fr\/produit\/s-lab-ultra-10\/"]}]},{"@type":"ImageObject","inLanguage":"fr-FR","@id":"https:\/\/www.miomiorun.com\/fr\/produit\/s-lab-ultra-10\/#primaryimage","url":"https:\/\/www.miomiorun.com\/app\/uploads\/2025\/10\/salomon-S-LAB-Ultra-10-set-black-LC2533100.webp","contentUrl":"https:\/\/www.miomiorun.com\/app\/uploads\/2025\/10\/salomon-S-LAB-Ultra-10-set-black-LC2533100.webp","width":720,"height":720,"caption":"salomon S LAB Ultra 10 set black LC2533100"},{"@type":"BreadcrumbList","@id":"https:\/\/www.miomiorun.com\/fr\/produit\/s-lab-ultra-10\/#breadcrumb","itemListElement":[{"@type":"ListItem","position":1,"name":"Home","item":"https:\/\/www.miomiorun.com\/fr\/home-page\/"},{"@type":"ListItem","position":2,"name":"Shop","item":"https:\/\/www.miomiorun.com\/shop\/"},{"@type":"ListItem","position":3,"name":"S\/LAB Ultra 10"}]},{"@type":"WebSite","@id":"https:\/\/www.miomiorun.com\/fr\/#website","url":"https:\/\/www.miomiorun.com\/fr\/","name":"MioMioRun","description":"Boutique 100% running et trail","publisher":{"@id":"https:\/\/www.miomiorun.com\/fr\/#organization"},"potentialAction":[{"@type":"SearchAction","target":{"@type":"EntryPoint","urlTemplate":"https:\/\/www.miomiorun.com\/fr\/?s={search_term_string}"},"query-input":{"@type":"PropertyValueSpecification","valueRequired":true,"valueName":"search_term_string"}}],"inLanguage":"fr-FR"},{"@type":"Organization","@id":"https:\/\/www.miomiorun.com\/fr\/#organization","name":"MioMio Run","url":"https:\/\/www.miomiorun.com\/fr\/","logo":{"@type":"ImageObject","inLanguage":"fr-FR","@id":"https:\/\/www.miomiorun.com\/fr\/#\/schema\/logo\/image\/","url":"https:\/\/www.miomiorun.com\/app\/uploads\/2019\/12\/logomio.png","contentUrl":"https:\/\/www.miomiorun.com\/app\/uploads\/2019\/12\/logomio.png","width":115,"height":82,"caption":"MioMio Run"},"image":{"@id":"https:\/\/www.miomiorun.com\/fr\/#\/schema\/logo\/image\/"},"sameAs":["https:\/\/www.facebook.com\/miomiorun\/","https:\/\/www.instagram.com\/miomiorun\/"]}]}},"_links":{"self":[{"href":"https:\/\/www.miomiorun.com\/fr\/wp-json\/wp\/v2\/product\/347962","targetHints":{"allow":["GET"]}}],"collection":[{"href":"https:\/\/www.miomiorun.com\/fr\/wp-json\/wp\/v2\/product"}],"about":[{"href":"https:\/\/www.miomiorun.com\/fr\/wp-json\/wp\/v2\/types\/product"}],"wp:featuredmedia":[{"embeddable":true,"href":"https:\/\/www.miomiorun.com\/fr\/wp-json\/wp\/v2\/media\/365193"}],"wp:attachment":[{"href":"https:\/\/www.miomiorun.com\/fr\/wp-json\/wp\/v2\/media?parent=347962"}],"wp:term":[{"taxonomy":"product_brand","embeddable":true,"href":"https:\/\/www.miomiorun.com\/fr\/wp-json\/wp\/v2\/product_brand?post=347962"},{"taxonomy":"product_cat","embeddable":true,"href":"https:\/\/www.miomiorun.com\/fr\/wp-json\/wp\/v2\/product_cat?post=347962"},{"taxonomy":"product_tag","embeddable":true,"href":"https:\/\/www.miomiorun.com\/fr\/wp-json\/wp\/v2\/product_tag?post=347962"}],"curies":[{"name":"wp","href":"https:\/\/api.w.org\/{rel}","templated":true}]}}