{"id":347728,"date":"2025-09-11T12:22:23","date_gmt":"2025-09-11T10:22:23","guid":{"rendered":"https:\/\/www.miomiorun.com\/?post_type=product&#038;p=347728"},"modified":"2026-03-05T20:21:09","modified_gmt":"2026-03-05T19:21:09","slug":"summit-high-trail-ss-homme","status":"publish","type":"product","link":"https:\/\/www.miomiorun.com\/fr\/produit\/summit-high-trail-ss-homme\/","title":{"rendered":"Summit High Trail SS homme"},"content":{"rendered":"<p>Le t-shirt technique de course Summit High Trail Graphic est con\u00e7u pour vous accompagner lors de longues journ\u00e9es sur les sentiers, en vous garantissant l\u00e9g\u00e8ret\u00e9, confort et respirabilit\u00e9. Le tissu dot\u00e9 de la technologie FlashDry-Pro\u2122 \u00e9vacue l&#8217;humidit\u00e9 et s\u00e8che rapidement, vous gardant toujours au frais et au sec, m\u00eame dans les conditions les plus intenses.<\/p>\n<p>Les empi\u00e8cements sous les bras assurent une libert\u00e9 de mouvement maximale, tandis que la construction anatomique et les coutures thermosoud\u00e9es r\u00e9duisent les frottements, am\u00e9liorant ainsi le confort m\u00eame lorsque vous portez un sac \u00e0 dos. Les d\u00e9tails r\u00e9fl\u00e9chissants compl\u00e8tent le design, augmentant votre visibilit\u00e9 sur les sentiers peu \u00e9clair\u00e9s.<\/p>\n<p><strong>D\u00e9tails techniques :<\/strong><br \/>\n&#8211; Tissu FlashDry-Pro\u2122 : gestion optimale de l&#8217;humidit\u00e9 et s\u00e9chage rapide<br \/>\n&#8211; Empi\u00e8cements sous les bras pour une libert\u00e9 de mouvement<br \/>\n&#8211; Construction l\u00e9g\u00e8re avec design anatomique pour un confort sup\u00e9rieur<br \/>\n&#8211; Coutures lat\u00e9rales et sous les bras thermosoud\u00e9es pour r\u00e9duire les frottements<br \/>\n&#8211; Fente sur les coutures lat\u00e9rales de l&#8217;ourlet pour une plus grande mobilit\u00e9<br \/>\n&#8211; Logos r\u00e9fl\u00e9chissants pour une meilleure visibilit\u00e9 dans des conditions de faible luminosit\u00e9<\/p>\n<p>&nbsp;<\/p>\n<p>&nbsp;<\/p>\n","protected":false},"excerpt":{"rendered":"<p>&#8211; Technologie FlashDry-Pro\u2122 : s\u00e9chage rapide et gestion optimale de la transpiration<br \/>\n&#8211; Empi\u00e8cements sous les bras pour une libert\u00e9 de mouvement maximale<br \/>\n&#8211; Coutures thermosoud\u00e9es pour r\u00e9duire les frottements avec le sac \u00e0 dos<br \/>\n&#8211; D\u00e9tails r\u00e9fl\u00e9chissants pour plus de s\u00e9curit\u00e9<\/p>\n","protected":false},"featured_media":350562,"template":"","meta":{"_acf_changed":false,"inline_featured_image":false},"product_brand":[],"product_cat":[24449,24482],"product_tag":[32391,32397],"class_list":{"0":"post-347728","1":"product","2":"type-product","3":"status-publish","4":"has-post-thumbnail","6":"product_cat-t-shirt-fr-3","7":"product_cat-vetements-pour-hommes-fr","8":"product_tag-the-north-face-fr","9":"product_tag-the-north-face-homme","10":"pa_attivita-fitness-fr","11":"pa_attivita-marcher","12":"pa_attivita-running-fr","13":"pa_colore-summit-high-trail-ss-fr","14":"pa_marca-the-north-face-fr","15":"pa_sesso-homme","16":"pa_size-small-fr","17":"pa_size-medium-fr","19":"first","20":"outofstock","21":"taxable","22":"shipping-taxable","23":"product-type-variable","24":"wvs-archive-product-wrapper"},"acf":[],"yoast_head":"<!-- This site is optimized with the Yoast SEO plugin v26.8 - https:\/\/yoast.com\/product\/yoast-seo-wordpress\/ -->\n<title>The North Face Summit High Trail SS homme -T-shirt de course \u00e0 pied- MioMioRun<\/title>\n<meta name=\"description\" content=\"Summit High Trail Graphic : t-shirt technique pour le trail running avec FlashDry-Pro\u2122, coutures thermosoud\u00e9es et d\u00e9tails r\u00e9fl\u00e9chissants. L\u00e9ger, respirant, parfait.\" \/>\n<meta name=\"robots\" content=\"index, follow, max-snippet:-1, max-image-preview:large, max-video-preview:-1\" \/>\n<link rel=\"canonical\" href=\"https:\/\/www.miomiorun.com\/fr\/produit\/summit-high-trail-ss-homme\/\" \/>\n<meta property=\"og:locale\" content=\"fr_FR\" \/>\n<meta property=\"og:type\" content=\"article\" \/>\n<meta property=\"og:title\" content=\"The North Face Summit High Trail SS homme -T-shirt de course \u00e0 pied- MioMioRun\" \/>\n<meta property=\"og:description\" content=\"Summit High Trail Graphic : t-shirt technique pour le trail running avec FlashDry-Pro\u2122, coutures thermosoud\u00e9es et d\u00e9tails r\u00e9fl\u00e9chissants. L\u00e9ger, respirant, parfait.\" \/>\n<meta property=\"og:url\" content=\"https:\/\/www.miomiorun.com\/fr\/produit\/summit-high-trail-ss-homme\/\" \/>\n<meta property=\"og:site_name\" content=\"MioMioRun\" \/>\n<meta property=\"article:publisher\" content=\"https:\/\/www.facebook.com\/miomiorun\/\" \/>\n<meta property=\"article:modified_time\" content=\"2026-03-05T19:21:09+00:00\" \/>\n<meta property=\"og:image\" content=\"https:\/\/www.miomiorun.com\/app\/uploads\/2025\/09\/north-face-Summit-High-Trail-SS-NF0A8FB42E81.webp\" \/>\n\t<meta property=\"og:image:width\" content=\"720\" \/>\n\t<meta property=\"og:image:height\" content=\"720\" \/>\n\t<meta property=\"og:image:type\" content=\"image\/webp\" \/>\n<meta name=\"twitter:card\" content=\"summary_large_image\" \/>\n<meta name=\"twitter:label1\" content=\"Est. reading time\" \/>\n\t<meta name=\"twitter:data1\" content=\"1 minute\" \/>\n<script type=\"application\/ld+json\" class=\"yoast-schema-graph\">{\"@context\":\"https:\/\/schema.org\",\"@graph\":[{\"@type\":\"WebPage\",\"@id\":\"https:\/\/www.miomiorun.com\/fr\/produit\/summit-high-trail-ss-homme\/\",\"url\":\"https:\/\/www.miomiorun.com\/fr\/produit\/summit-high-trail-ss-homme\/\",\"name\":\"The North Face Summit High Trail SS homme -T-shirt de course \u00e0 pied- MioMioRun\",\"isPartOf\":{\"@id\":\"https:\/\/www.miomiorun.com\/fr\/#website\"},\"primaryImageOfPage\":{\"@id\":\"https:\/\/www.miomiorun.com\/fr\/produit\/summit-high-trail-ss-homme\/#primaryimage\"},\"image\":{\"@id\":\"https:\/\/www.miomiorun.com\/fr\/produit\/summit-high-trail-ss-homme\/#primaryimage\"},\"thumbnailUrl\":\"https:\/\/www.miomiorun.com\/app\/uploads\/2025\/09\/north-face-Summit-High-Trail-SS-NF0A8FB42E81.webp\",\"datePublished\":\"2025-09-11T10:22:23+00:00\",\"dateModified\":\"2026-03-05T19:21:09+00:00\",\"description\":\"Summit High Trail Graphic : t-shirt technique pour le trail running avec FlashDry-Pro\u2122, coutures thermosoud\u00e9es et d\u00e9tails r\u00e9fl\u00e9chissants. L\u00e9ger, respirant, parfait.\",\"breadcrumb\":{\"@id\":\"https:\/\/www.miomiorun.com\/fr\/produit\/summit-high-trail-ss-homme\/#breadcrumb\"},\"inLanguage\":\"fr-FR\",\"potentialAction\":[{\"@type\":\"ReadAction\",\"target\":[\"https:\/\/www.miomiorun.com\/fr\/produit\/summit-high-trail-ss-homme\/\"]}]},{\"@type\":\"ImageObject\",\"inLanguage\":\"fr-FR\",\"@id\":\"https:\/\/www.miomiorun.com\/fr\/produit\/summit-high-trail-ss-homme\/#primaryimage\",\"url\":\"https:\/\/www.miomiorun.com\/app\/uploads\/2025\/09\/north-face-Summit-High-Trail-SS-NF0A8FB42E81.webp\",\"contentUrl\":\"https:\/\/www.miomiorun.com\/app\/uploads\/2025\/09\/north-face-Summit-High-Trail-SS-NF0A8FB42E81.webp\",\"width\":720,\"height\":720,\"caption\":\"north face Summit High Trail SS NF0A8FB42E81\"},{\"@type\":\"BreadcrumbList\",\"@id\":\"https:\/\/www.miomiorun.com\/fr\/produit\/summit-high-trail-ss-homme\/#breadcrumb\",\"itemListElement\":[{\"@type\":\"ListItem\",\"position\":1,\"name\":\"Home\",\"item\":\"https:\/\/www.miomiorun.com\/fr\/home-page\/\"},{\"@type\":\"ListItem\",\"position\":2,\"name\":\"Shop\",\"item\":\"https:\/\/www.miomiorun.com\/shop\/\"},{\"@type\":\"ListItem\",\"position\":3,\"name\":\"Summit High Trail SS homme\"}]},{\"@type\":\"WebSite\",\"@id\":\"https:\/\/www.miomiorun.com\/fr\/#website\",\"url\":\"https:\/\/www.miomiorun.com\/fr\/\",\"name\":\"MioMioRun\",\"description\":\"Boutique 100% running et trail\",\"publisher\":{\"@id\":\"https:\/\/www.miomiorun.com\/fr\/#organization\"},\"potentialAction\":[{\"@type\":\"SearchAction\",\"target\":{\"@type\":\"EntryPoint\",\"urlTemplate\":\"https:\/\/www.miomiorun.com\/fr\/?s={search_term_string}\"},\"query-input\":{\"@type\":\"PropertyValueSpecification\",\"valueRequired\":true,\"valueName\":\"search_term_string\"}}],\"inLanguage\":\"fr-FR\"},{\"@type\":\"Organization\",\"@id\":\"https:\/\/www.miomiorun.com\/fr\/#organization\",\"name\":\"MioMio Run\",\"url\":\"https:\/\/www.miomiorun.com\/fr\/\",\"logo\":{\"@type\":\"ImageObject\",\"inLanguage\":\"fr-FR\",\"@id\":\"https:\/\/www.miomiorun.com\/fr\/#\/schema\/logo\/image\/\",\"url\":\"https:\/\/www.miomiorun.com\/app\/uploads\/2019\/12\/logomio.png\",\"contentUrl\":\"https:\/\/www.miomiorun.com\/app\/uploads\/2019\/12\/logomio.png\",\"width\":115,\"height\":82,\"caption\":\"MioMio Run\"},\"image\":{\"@id\":\"https:\/\/www.miomiorun.com\/fr\/#\/schema\/logo\/image\/\"},\"sameAs\":[\"https:\/\/www.facebook.com\/miomiorun\/\",\"https:\/\/www.instagram.com\/miomiorun\/\"]}]}<\/script>\n<!-- \/ Yoast SEO plugin. -->","yoast_head_json":{"title":"The North Face Summit High Trail SS homme -T-shirt de course \u00e0 pied- MioMioRun","description":"Summit High Trail Graphic : t-shirt technique pour le trail running avec FlashDry-Pro\u2122, coutures thermosoud\u00e9es et d\u00e9tails r\u00e9fl\u00e9chissants. L\u00e9ger, respirant, parfait.","robots":{"index":"index","follow":"follow","max-snippet":"max-snippet:-1","max-image-preview":"max-image-preview:large","max-video-preview":"max-video-preview:-1"},"canonical":"https:\/\/www.miomiorun.com\/fr\/produit\/summit-high-trail-ss-homme\/","og_locale":"fr_FR","og_type":"article","og_title":"The North Face Summit High Trail SS homme -T-shirt de course \u00e0 pied- MioMioRun","og_description":"Summit High Trail Graphic : t-shirt technique pour le trail running avec FlashDry-Pro\u2122, coutures thermosoud\u00e9es et d\u00e9tails r\u00e9fl\u00e9chissants. L\u00e9ger, respirant, parfait.","og_url":"https:\/\/www.miomiorun.com\/fr\/produit\/summit-high-trail-ss-homme\/","og_site_name":"MioMioRun","article_publisher":"https:\/\/www.facebook.com\/miomiorun\/","article_modified_time":"2026-03-05T19:21:09+00:00","og_image":[{"width":720,"height":720,"url":"https:\/\/www.miomiorun.com\/app\/uploads\/2025\/09\/north-face-Summit-High-Trail-SS-NF0A8FB42E81.webp","type":"image\/webp"}],"twitter_card":"summary_large_image","twitter_misc":{"Est. reading time":"1 minute"},"schema":{"@context":"https:\/\/schema.org","@graph":[{"@type":"WebPage","@id":"https:\/\/www.miomiorun.com\/fr\/produit\/summit-high-trail-ss-homme\/","url":"https:\/\/www.miomiorun.com\/fr\/produit\/summit-high-trail-ss-homme\/","name":"The North Face Summit High Trail SS homme -T-shirt de course \u00e0 pied- MioMioRun","isPartOf":{"@id":"https:\/\/www.miomiorun.com\/fr\/#website"},"primaryImageOfPage":{"@id":"https:\/\/www.miomiorun.com\/fr\/produit\/summit-high-trail-ss-homme\/#primaryimage"},"image":{"@id":"https:\/\/www.miomiorun.com\/fr\/produit\/summit-high-trail-ss-homme\/#primaryimage"},"thumbnailUrl":"https:\/\/www.miomiorun.com\/app\/uploads\/2025\/09\/north-face-Summit-High-Trail-SS-NF0A8FB42E81.webp","datePublished":"2025-09-11T10:22:23+00:00","dateModified":"2026-03-05T19:21:09+00:00","description":"Summit High Trail Graphic : t-shirt technique pour le trail running avec FlashDry-Pro\u2122, coutures thermosoud\u00e9es et d\u00e9tails r\u00e9fl\u00e9chissants. L\u00e9ger, respirant, parfait.","breadcrumb":{"@id":"https:\/\/www.miomiorun.com\/fr\/produit\/summit-high-trail-ss-homme\/#breadcrumb"},"inLanguage":"fr-FR","potentialAction":[{"@type":"ReadAction","target":["https:\/\/www.miomiorun.com\/fr\/produit\/summit-high-trail-ss-homme\/"]}]},{"@type":"ImageObject","inLanguage":"fr-FR","@id":"https:\/\/www.miomiorun.com\/fr\/produit\/summit-high-trail-ss-homme\/#primaryimage","url":"https:\/\/www.miomiorun.com\/app\/uploads\/2025\/09\/north-face-Summit-High-Trail-SS-NF0A8FB42E81.webp","contentUrl":"https:\/\/www.miomiorun.com\/app\/uploads\/2025\/09\/north-face-Summit-High-Trail-SS-NF0A8FB42E81.webp","width":720,"height":720,"caption":"north face Summit High Trail SS NF0A8FB42E81"},{"@type":"BreadcrumbList","@id":"https:\/\/www.miomiorun.com\/fr\/produit\/summit-high-trail-ss-homme\/#breadcrumb","itemListElement":[{"@type":"ListItem","position":1,"name":"Home","item":"https:\/\/www.miomiorun.com\/fr\/home-page\/"},{"@type":"ListItem","position":2,"name":"Shop","item":"https:\/\/www.miomiorun.com\/shop\/"},{"@type":"ListItem","position":3,"name":"Summit High Trail SS homme"}]},{"@type":"WebSite","@id":"https:\/\/www.miomiorun.com\/fr\/#website","url":"https:\/\/www.miomiorun.com\/fr\/","name":"MioMioRun","description":"Boutique 100% running et trail","publisher":{"@id":"https:\/\/www.miomiorun.com\/fr\/#organization"},"potentialAction":[{"@type":"SearchAction","target":{"@type":"EntryPoint","urlTemplate":"https:\/\/www.miomiorun.com\/fr\/?s={search_term_string}"},"query-input":{"@type":"PropertyValueSpecification","valueRequired":true,"valueName":"search_term_string"}}],"inLanguage":"fr-FR"},{"@type":"Organization","@id":"https:\/\/www.miomiorun.com\/fr\/#organization","name":"MioMio Run","url":"https:\/\/www.miomiorun.com\/fr\/","logo":{"@type":"ImageObject","inLanguage":"fr-FR","@id":"https:\/\/www.miomiorun.com\/fr\/#\/schema\/logo\/image\/","url":"https:\/\/www.miomiorun.com\/app\/uploads\/2019\/12\/logomio.png","contentUrl":"https:\/\/www.miomiorun.com\/app\/uploads\/2019\/12\/logomio.png","width":115,"height":82,"caption":"MioMio Run"},"image":{"@id":"https:\/\/www.miomiorun.com\/fr\/#\/schema\/logo\/image\/"},"sameAs":["https:\/\/www.facebook.com\/miomiorun\/","https:\/\/www.instagram.com\/miomiorun\/"]}]}},"_links":{"self":[{"href":"https:\/\/www.miomiorun.com\/fr\/wp-json\/wp\/v2\/product\/347728","targetHints":{"allow":["GET"]}}],"collection":[{"href":"https:\/\/www.miomiorun.com\/fr\/wp-json\/wp\/v2\/product"}],"about":[{"href":"https:\/\/www.miomiorun.com\/fr\/wp-json\/wp\/v2\/types\/product"}],"wp:featuredmedia":[{"embeddable":true,"href":"https:\/\/www.miomiorun.com\/fr\/wp-json\/wp\/v2\/media\/350562"}],"wp:attachment":[{"href":"https:\/\/www.miomiorun.com\/fr\/wp-json\/wp\/v2\/media?parent=347728"}],"wp:term":[{"taxonomy":"product_brand","embeddable":true,"href":"https:\/\/www.miomiorun.com\/fr\/wp-json\/wp\/v2\/product_brand?post=347728"},{"taxonomy":"product_cat","embeddable":true,"href":"https:\/\/www.miomiorun.com\/fr\/wp-json\/wp\/v2\/product_cat?post=347728"},{"taxonomy":"product_tag","embeddable":true,"href":"https:\/\/www.miomiorun.com\/fr\/wp-json\/wp\/v2\/product_tag?post=347728"}],"curies":[{"name":"wp","href":"https:\/\/api.w.org\/{rel}","templated":true}]}}