{"id":347346,"date":"2025-09-11T10:36:36","date_gmt":"2025-09-11T08:36:36","guid":{"rendered":"https:\/\/www.miomiorun.com\/?post_type=product&#038;p=347346"},"modified":"2026-04-17T10:51:15","modified_gmt":"2026-04-17T08:51:15","slug":"fusion-4-5-femme","status":"publish","type":"product","link":"https:\/\/www.miomiorun.com\/fr\/produit\/fusion-4-5-femme\/","title":{"rendered":"Fusion 4.5 femme"},"content":{"rendered":"<div class=\"vc-row container\"><div class=\"vc-column\"><div class=\"vc-column-text\"><\/p>\n<h4>Caract\u00e9ristiques techniques<\/h4>\n<p>Cat\u00e9gorie : excellent amorti<br \/>\nD\u00e9calage : 6 mm<br \/>\nPoids : 250 g<br \/>\nId\u00e9al pour : les coureurs \u00e0 la recherche d&#8217;une chaussure offrant un bon amorti et une excellente stabilit\u00e9, avec une transition fluide, pour les courses de moyenne et longue distance.<br \/>\nPoids de l&#8217;athl\u00e8te : 75-85 kg<br \/>\nAllure de course : moyenne (5,00-6,00 min\/km)<br \/>\n<a href=\"https:\/\/miomiorun.com\/guida-alle-specifiche-tecniche\/\">Guide des sp\u00e9cifications techniques<\/a><\/p>\n<p><\/div><\/div><div class=\"vc-column\"><div class=\"vc-column-text\"><\/p>\n<p>La KARHU Fusion 4.5 pour femme est une chaussure d&#8217;entra\u00eenement polyvalente con\u00e7ue pour les coureuses neutres qui recherchent confort, r\u00e9activit\u00e9 et performance dans une seule et m\u00eame chaussure. L\u00e9g\u00e8re et dynamique, elle offre une foul\u00e9e fluide avec des transitions souples du talon \u00e0 la pointe et une exp\u00e9rience amortie et \u00e9nergique sous le pied, id\u00e9ale pour les entra\u00eenements quotidiens, les courses \u00e0 rythme soutenu et les s\u00e9ances d&#8217;entra\u00eenement.<\/p>\n<p>La semelle interm\u00e9diaire AeroFoam infus\u00e9e d&#8217;azote assure un rebond r\u00e9actif et un confort sup\u00e9rieur, tandis que la nouvelle tige en mesh IdealKnit garantit une respirabilit\u00e9 et un ajustement haut de gamme. Les d\u00e9tails r\u00e9fl\u00e9chissants augmentent la visibilit\u00e9, et la languette redessin\u00e9e ajoute de la souplesse et de la stabilit\u00e9 pour une exp\u00e9rience de course plus confortable.<\/p>\n<p><strong>D\u00e9tails techniques :<\/strong><br \/>\n&#8211; Semelle interm\u00e9diaire : AeroFoam infus\u00e9e d&#8217;azote pour l&#8217;amorti et le rebond<br \/>\n&#8211; Unit\u00e9 Fulcrum + Propulsion raccourcie pour une foul\u00e9e efficace<br \/>\n&#8211; Tige : mesh IdealKnit respirant et confortable<br \/>\n&#8211; Syst\u00e8me de la\u00e7age M-Lock pour un ajustement s\u00fbr au milieu du pied<br \/>\n&#8211; Languette redessin\u00e9e, plus souple et plus confortable<br \/>\n&#8211; D\u00e9tails r\u00e9fl\u00e9chissants pour une meilleure visibilit\u00e9<\/p>\n<p><\/div><\/div><\/div>\n","protected":false},"excerpt":{"rendered":"<p>&#8211; Chaussure polyvalente pour les coureurs neutres<br \/>\n&#8211; Semelle interm\u00e9diaire AeroFoam infus\u00e9e d&#8217;azote pour plus de confort et de r\u00e9activit\u00e9<br \/>\n&#8211; Maille IdealKnit am\u00e9lior\u00e9e et respirante<br \/>\n&#8211; Syst\u00e8me de la\u00e7age M-Lock pour un ajustement s\u00fbr<br \/>\n&#8211; D\u00e9tails r\u00e9fl\u00e9chissants pour une meilleure visibilit\u00e9 dans des conditions de faible luminosit\u00e9<\/p>\n","protected":false},"featured_media":361355,"template":"","meta":{"_acf_changed":false,"inline_featured_image":false},"product_brand":[],"product_cat":[22605,22606,22595],"product_tag":[23474,23495],"class_list":{"0":"post-347346","1":"product","2":"type-product","3":"status-publish","4":"has-post-thumbnail","6":"product_cat-chaussures-pour-femmes","7":"product_cat-neutre","8":"product_cat-femme","9":"product_tag-karhu-fr","10":"product_tag-karhu-femme","11":"pa_attivita-fitness-fr","12":"pa_attivita-marcher","13":"pa_attivita-running-fr","14":"pa_colore-fusion-4-5-w-dawn-blue-barberry-fr","15":"pa_colore-fusion-4-5-w-white-sand-orchid-tint","16":"pa_marca-karhu-fr","17":"pa_sesso-femme","18":"pa_size-37-5-fr","19":"pa_size-38-fr","20":"pa_size-39-fr","21":"pa_size-39-5-fr","22":"pa_size-40-fr","23":"pa_size-40-5-fr","24":"pa_size-41-5-fr","25":"pa_size-42-fr","27":"first","28":"instock","29":"sale","30":"taxable","31":"shipping-taxable","32":"purchasable","33":"product-type-variable","34":"wvs-archive-product-wrapper"},"acf":[],"yoast_head":"<!-- This site is optimized with the Yoast SEO plugin v26.8 - https:\/\/yoast.com\/product\/yoast-seo-wordpress\/ -->\n<title>Karhu Fusion 4.5 femme - chaussures de course - MioMioRun<\/title>\n<meta name=\"description\" content=\"KARHU Fusion 4.5 Femme : chaussure de course neutre polyvalente avec semelle interm\u00e9diaire AeroFoam azote, tige IdealKnit respirante et unit\u00e9 Fulcrum pour des transitions fluides.\" \/>\n<meta name=\"robots\" content=\"index, follow, max-snippet:-1, max-image-preview:large, max-video-preview:-1\" \/>\n<link rel=\"canonical\" href=\"https:\/\/www.miomiorun.com\/fr\/produit\/fusion-4-5-femme\/\" \/>\n<meta property=\"og:locale\" content=\"fr_FR\" \/>\n<meta property=\"og:type\" content=\"article\" \/>\n<meta property=\"og:title\" content=\"Karhu Fusion 4.5 femme - chaussures de course - MioMioRun\" \/>\n<meta property=\"og:description\" content=\"KARHU Fusion 4.5 Femme : chaussure de course neutre polyvalente avec semelle interm\u00e9diaire AeroFoam azote, tige IdealKnit respirante et unit\u00e9 Fulcrum pour des transitions fluides.\" \/>\n<meta property=\"og:url\" content=\"https:\/\/www.miomiorun.com\/fr\/produit\/fusion-4-5-femme\/\" \/>\n<meta property=\"og:site_name\" content=\"MioMioRun\" \/>\n<meta property=\"article:publisher\" content=\"https:\/\/www.facebook.com\/miomiorun\/\" \/>\n<meta property=\"article:modified_time\" content=\"2026-04-17T08:51:15+00:00\" \/>\n<meta property=\"og:image\" content=\"https:\/\/www.miomiorun.com\/app\/uploads\/2025\/10\/karhu-Fusion-4.5-W-dawn-blue-barberry-F201020.webp\" \/>\n\t<meta property=\"og:image:width\" content=\"720\" \/>\n\t<meta property=\"og:image:height\" content=\"720\" \/>\n\t<meta property=\"og:image:type\" content=\"image\/webp\" \/>\n<meta name=\"twitter:card\" content=\"summary_large_image\" \/>\n<meta name=\"twitter:label1\" content=\"Est. reading time\" \/>\n\t<meta name=\"twitter:data1\" content=\"2 minutes\" \/>\n<script type=\"application\/ld+json\" class=\"yoast-schema-graph\">{\"@context\":\"https:\/\/schema.org\",\"@graph\":[{\"@type\":\"WebPage\",\"@id\":\"https:\/\/www.miomiorun.com\/fr\/produit\/fusion-4-5-femme\/\",\"url\":\"https:\/\/www.miomiorun.com\/fr\/produit\/fusion-4-5-femme\/\",\"name\":\"Karhu Fusion 4.5 femme - chaussures de course - MioMioRun\",\"isPartOf\":{\"@id\":\"https:\/\/www.miomiorun.com\/fr\/#website\"},\"primaryImageOfPage\":{\"@id\":\"https:\/\/www.miomiorun.com\/fr\/produit\/fusion-4-5-femme\/#primaryimage\"},\"image\":{\"@id\":\"https:\/\/www.miomiorun.com\/fr\/produit\/fusion-4-5-femme\/#primaryimage\"},\"thumbnailUrl\":\"https:\/\/www.miomiorun.com\/app\/uploads\/2025\/10\/karhu-Fusion-4.5-W-dawn-blue-barberry-F201020.webp\",\"datePublished\":\"2025-09-11T08:36:36+00:00\",\"dateModified\":\"2026-04-17T08:51:15+00:00\",\"description\":\"KARHU Fusion 4.5 Femme : chaussure de course neutre polyvalente avec semelle interm\u00e9diaire AeroFoam azote, tige IdealKnit respirante et unit\u00e9 Fulcrum pour des transitions fluides.\",\"breadcrumb\":{\"@id\":\"https:\/\/www.miomiorun.com\/fr\/produit\/fusion-4-5-femme\/#breadcrumb\"},\"inLanguage\":\"fr-FR\",\"potentialAction\":[{\"@type\":\"ReadAction\",\"target\":[\"https:\/\/www.miomiorun.com\/fr\/produit\/fusion-4-5-femme\/\"]}]},{\"@type\":\"ImageObject\",\"inLanguage\":\"fr-FR\",\"@id\":\"https:\/\/www.miomiorun.com\/fr\/produit\/fusion-4-5-femme\/#primaryimage\",\"url\":\"https:\/\/www.miomiorun.com\/app\/uploads\/2025\/10\/karhu-Fusion-4.5-W-dawn-blue-barberry-F201020.webp\",\"contentUrl\":\"https:\/\/www.miomiorun.com\/app\/uploads\/2025\/10\/karhu-Fusion-4.5-W-dawn-blue-barberry-F201020.webp\",\"width\":720,\"height\":720,\"caption\":\"karhu Fusion 4.5 W dawn blue barberry F201020\"},{\"@type\":\"BreadcrumbList\",\"@id\":\"https:\/\/www.miomiorun.com\/fr\/produit\/fusion-4-5-femme\/#breadcrumb\",\"itemListElement\":[{\"@type\":\"ListItem\",\"position\":1,\"name\":\"Home\",\"item\":\"https:\/\/www.miomiorun.com\/fr\/home-page\/\"},{\"@type\":\"ListItem\",\"position\":2,\"name\":\"Shop\",\"item\":\"https:\/\/www.miomiorun.com\/shop\/\"},{\"@type\":\"ListItem\",\"position\":3,\"name\":\"Fusion 4.5 femme\"}]},{\"@type\":\"WebSite\",\"@id\":\"https:\/\/www.miomiorun.com\/fr\/#website\",\"url\":\"https:\/\/www.miomiorun.com\/fr\/\",\"name\":\"MioMioRun\",\"description\":\"Boutique 100% running et trail\",\"publisher\":{\"@id\":\"https:\/\/www.miomiorun.com\/fr\/#organization\"},\"potentialAction\":[{\"@type\":\"SearchAction\",\"target\":{\"@type\":\"EntryPoint\",\"urlTemplate\":\"https:\/\/www.miomiorun.com\/fr\/?s={search_term_string}\"},\"query-input\":{\"@type\":\"PropertyValueSpecification\",\"valueRequired\":true,\"valueName\":\"search_term_string\"}}],\"inLanguage\":\"fr-FR\"},{\"@type\":\"Organization\",\"@id\":\"https:\/\/www.miomiorun.com\/fr\/#organization\",\"name\":\"MioMio Run\",\"url\":\"https:\/\/www.miomiorun.com\/fr\/\",\"logo\":{\"@type\":\"ImageObject\",\"inLanguage\":\"fr-FR\",\"@id\":\"https:\/\/www.miomiorun.com\/fr\/#\/schema\/logo\/image\/\",\"url\":\"https:\/\/www.miomiorun.com\/app\/uploads\/2019\/12\/logomio.png\",\"contentUrl\":\"https:\/\/www.miomiorun.com\/app\/uploads\/2019\/12\/logomio.png\",\"width\":115,\"height\":82,\"caption\":\"MioMio Run\"},\"image\":{\"@id\":\"https:\/\/www.miomiorun.com\/fr\/#\/schema\/logo\/image\/\"},\"sameAs\":[\"https:\/\/www.facebook.com\/miomiorun\/\",\"https:\/\/www.instagram.com\/miomiorun\/\"]}]}<\/script>\n<!-- \/ Yoast SEO plugin. -->","yoast_head_json":{"title":"Karhu Fusion 4.5 femme - chaussures de course - MioMioRun","description":"KARHU Fusion 4.5 Femme : chaussure de course neutre polyvalente avec semelle interm\u00e9diaire AeroFoam azote, tige IdealKnit respirante et unit\u00e9 Fulcrum pour des transitions fluides.","robots":{"index":"index","follow":"follow","max-snippet":"max-snippet:-1","max-image-preview":"max-image-preview:large","max-video-preview":"max-video-preview:-1"},"canonical":"https:\/\/www.miomiorun.com\/fr\/produit\/fusion-4-5-femme\/","og_locale":"fr_FR","og_type":"article","og_title":"Karhu Fusion 4.5 femme - chaussures de course - MioMioRun","og_description":"KARHU Fusion 4.5 Femme : chaussure de course neutre polyvalente avec semelle interm\u00e9diaire AeroFoam azote, tige IdealKnit respirante et unit\u00e9 Fulcrum pour des transitions fluides.","og_url":"https:\/\/www.miomiorun.com\/fr\/produit\/fusion-4-5-femme\/","og_site_name":"MioMioRun","article_publisher":"https:\/\/www.facebook.com\/miomiorun\/","article_modified_time":"2026-04-17T08:51:15+00:00","og_image":[{"width":720,"height":720,"url":"https:\/\/www.miomiorun.com\/app\/uploads\/2025\/10\/karhu-Fusion-4.5-W-dawn-blue-barberry-F201020.webp","type":"image\/webp"}],"twitter_card":"summary_large_image","twitter_misc":{"Est. reading time":"2 minutes"},"schema":{"@context":"https:\/\/schema.org","@graph":[{"@type":"WebPage","@id":"https:\/\/www.miomiorun.com\/fr\/produit\/fusion-4-5-femme\/","url":"https:\/\/www.miomiorun.com\/fr\/produit\/fusion-4-5-femme\/","name":"Karhu Fusion 4.5 femme - chaussures de course - MioMioRun","isPartOf":{"@id":"https:\/\/www.miomiorun.com\/fr\/#website"},"primaryImageOfPage":{"@id":"https:\/\/www.miomiorun.com\/fr\/produit\/fusion-4-5-femme\/#primaryimage"},"image":{"@id":"https:\/\/www.miomiorun.com\/fr\/produit\/fusion-4-5-femme\/#primaryimage"},"thumbnailUrl":"https:\/\/www.miomiorun.com\/app\/uploads\/2025\/10\/karhu-Fusion-4.5-W-dawn-blue-barberry-F201020.webp","datePublished":"2025-09-11T08:36:36+00:00","dateModified":"2026-04-17T08:51:15+00:00","description":"KARHU Fusion 4.5 Femme : chaussure de course neutre polyvalente avec semelle interm\u00e9diaire AeroFoam azote, tige IdealKnit respirante et unit\u00e9 Fulcrum pour des transitions fluides.","breadcrumb":{"@id":"https:\/\/www.miomiorun.com\/fr\/produit\/fusion-4-5-femme\/#breadcrumb"},"inLanguage":"fr-FR","potentialAction":[{"@type":"ReadAction","target":["https:\/\/www.miomiorun.com\/fr\/produit\/fusion-4-5-femme\/"]}]},{"@type":"ImageObject","inLanguage":"fr-FR","@id":"https:\/\/www.miomiorun.com\/fr\/produit\/fusion-4-5-femme\/#primaryimage","url":"https:\/\/www.miomiorun.com\/app\/uploads\/2025\/10\/karhu-Fusion-4.5-W-dawn-blue-barberry-F201020.webp","contentUrl":"https:\/\/www.miomiorun.com\/app\/uploads\/2025\/10\/karhu-Fusion-4.5-W-dawn-blue-barberry-F201020.webp","width":720,"height":720,"caption":"karhu Fusion 4.5 W dawn blue barberry F201020"},{"@type":"BreadcrumbList","@id":"https:\/\/www.miomiorun.com\/fr\/produit\/fusion-4-5-femme\/#breadcrumb","itemListElement":[{"@type":"ListItem","position":1,"name":"Home","item":"https:\/\/www.miomiorun.com\/fr\/home-page\/"},{"@type":"ListItem","position":2,"name":"Shop","item":"https:\/\/www.miomiorun.com\/shop\/"},{"@type":"ListItem","position":3,"name":"Fusion 4.5 femme"}]},{"@type":"WebSite","@id":"https:\/\/www.miomiorun.com\/fr\/#website","url":"https:\/\/www.miomiorun.com\/fr\/","name":"MioMioRun","description":"Boutique 100% running et trail","publisher":{"@id":"https:\/\/www.miomiorun.com\/fr\/#organization"},"potentialAction":[{"@type":"SearchAction","target":{"@type":"EntryPoint","urlTemplate":"https:\/\/www.miomiorun.com\/fr\/?s={search_term_string}"},"query-input":{"@type":"PropertyValueSpecification","valueRequired":true,"valueName":"search_term_string"}}],"inLanguage":"fr-FR"},{"@type":"Organization","@id":"https:\/\/www.miomiorun.com\/fr\/#organization","name":"MioMio Run","url":"https:\/\/www.miomiorun.com\/fr\/","logo":{"@type":"ImageObject","inLanguage":"fr-FR","@id":"https:\/\/www.miomiorun.com\/fr\/#\/schema\/logo\/image\/","url":"https:\/\/www.miomiorun.com\/app\/uploads\/2019\/12\/logomio.png","contentUrl":"https:\/\/www.miomiorun.com\/app\/uploads\/2019\/12\/logomio.png","width":115,"height":82,"caption":"MioMio Run"},"image":{"@id":"https:\/\/www.miomiorun.com\/fr\/#\/schema\/logo\/image\/"},"sameAs":["https:\/\/www.facebook.com\/miomiorun\/","https:\/\/www.instagram.com\/miomiorun\/"]}]}},"_links":{"self":[{"href":"https:\/\/www.miomiorun.com\/fr\/wp-json\/wp\/v2\/product\/347346","targetHints":{"allow":["GET"]}}],"collection":[{"href":"https:\/\/www.miomiorun.com\/fr\/wp-json\/wp\/v2\/product"}],"about":[{"href":"https:\/\/www.miomiorun.com\/fr\/wp-json\/wp\/v2\/types\/product"}],"wp:featuredmedia":[{"embeddable":true,"href":"https:\/\/www.miomiorun.com\/fr\/wp-json\/wp\/v2\/media\/361355"}],"wp:attachment":[{"href":"https:\/\/www.miomiorun.com\/fr\/wp-json\/wp\/v2\/media?parent=347346"}],"wp:term":[{"taxonomy":"product_brand","embeddable":true,"href":"https:\/\/www.miomiorun.com\/fr\/wp-json\/wp\/v2\/product_brand?post=347346"},{"taxonomy":"product_cat","embeddable":true,"href":"https:\/\/www.miomiorun.com\/fr\/wp-json\/wp\/v2\/product_cat?post=347346"},{"taxonomy":"product_tag","embeddable":true,"href":"https:\/\/www.miomiorun.com\/fr\/wp-json\/wp\/v2\/product_tag?post=347346"}],"curies":[{"name":"wp","href":"https:\/\/api.w.org\/{rel}","templated":true}]}}