{"id":347325,"date":"2025-09-11T10:36:39","date_gmt":"2025-09-11T08:36:39","guid":{"rendered":"https:\/\/www.miomiorun.com\/?post_type=product&#038;p=347325"},"modified":"2026-05-09T10:07:33","modified_gmt":"2026-05-09T08:07:33","slug":"fusion-4-5-homme","status":"publish","type":"product","link":"https:\/\/www.miomiorun.com\/fr\/produit\/fusion-4-5-homme\/","title":{"rendered":"Fusion 4.5 homme"},"content":{"rendered":"<div class=\"vc-row container\"><div class=\"vc-column\"><div class=\"vc-column-text\"><\/p>\n<h4>Caract\u00e9ristiques techniques<\/h4>\n<p>Cat\u00e9gorie : excellent amorti<br \/>\nD\u00e9calage : 6 mm<br \/>\nPoids : 302 g<br \/>\nId\u00e9al pour : les coureurs \u00e0 la recherche d&#8217;une chaussure offrant un bon amorti et une excellente stabilit\u00e9, avec une transition fluide, pour les courses de moyenne et longue distance.<br \/>\nPoids de l&#8217;athl\u00e8te : 75-85 kg<br \/>\nAllure de course : moyenne (5,00-6,00 min\/km)<br \/>\n<a href=\"https:\/\/miomiorun.com\/guida-alle-specifiche-tecniche\/\">Guide des sp\u00e9cifications techniques<\/a><\/p>\n<p><\/div><\/div><div class=\"vc-column\"><div class=\"vc-column-text\"><\/p>\n<p>La KARHU Fusion 4.5 pour homme est une chaussure d&#8217;entra\u00eenement polyvalente con\u00e7ue pour les coureurs neutres qui recherchent un \u00e9quilibre entre confort, r\u00e9activit\u00e9 et performances. Gr\u00e2ce \u00e0 la combinaison d&#8217;un amorti souple et d&#8217;une r\u00e9ponse \u00e9nergique, elle favorise des transitions fluides du talon \u00e0 la pointe, ce qui la rend id\u00e9ale pour les courses \u00e0 rythme soutenu, les entra\u00eenements quotidiens et les s\u00e9ances de workout.<\/p>\n<p>La semelle interm\u00e9diaire AeroFoam infus\u00e9e d&#8217;azote offre un rebond r\u00e9actif et un confort sup\u00e9rieur, tandis que la tige en mesh IdealKnit am\u00e9liore la respirabilit\u00e9 et l&#8217;ajustement. La nouvelle languette redessin\u00e9e offre plus de souplesse et une sensation haut de gamme au pied, tandis que les d\u00e9tails r\u00e9fl\u00e9chissants augmentent la visibilit\u00e9 dans des conditions de faible luminosit\u00e9.<\/p>\n<p><strong>D\u00e9tails techniques :<\/strong><br \/>\n&#8211; Semelle interm\u00e9diaire : AeroFoam infus\u00e9e d&#8217;azote pour l&#8217;amorti et la r\u00e9activit\u00e9<br \/>\n&#8211; Unit\u00e9 Fulcrum + Propulsion raccourcie pour une foul\u00e9e efficace<br \/>\n&#8211; Tige : mesh IdealKnit am\u00e9lior\u00e9, respirant et confortable<br \/>\n&#8211; Syst\u00e8me de la\u00e7age M-Lock pour un ajustement s\u00fbr au niveau du m\u00e9dio-pied<br \/>\n&#8211; Languette redessin\u00e9e, plus souple et plus confortable<br \/>\n&#8211; D\u00e9tails r\u00e9fl\u00e9chissants pour une meilleure visibilit\u00e9<\/p>\n<p><\/div><\/div><\/div>\n","protected":false},"excerpt":{"rendered":"<p>&#8211; Chaussure polyvalente pour les coureurs neutres<br \/>\n&#8211; Semelle interm\u00e9diaire AeroFoam infus\u00e9e d&#8217;azote pour plus de confort et de rebond<br \/>\n&#8211; Maille IdealKnit am\u00e9lior\u00e9e pour une meilleure respirabilit\u00e9<br \/>\n&#8211; Syst\u00e8me de la\u00e7age M-Lock pour un ajustement stable<br \/>\n&#8211; D\u00e9tails r\u00e9fl\u00e9chissants pour plus de s\u00e9curit\u00e9 dans l&#8217;obscurit\u00e9<\/p>\n","protected":false},"featured_media":360609,"template":"","meta":{"_acf_changed":false,"inline_featured_image":false},"product_brand":[],"product_cat":[24448,24447],"product_tag":[23474,23602],"class_list":{"0":"post-347325","1":"product","2":"type-product","3":"status-publish","4":"has-post-thumbnail","6":"product_cat-chaussures-pour-hommes-fr","7":"product_cat-neutre-fr-3","8":"product_tag-karhu-fr","9":"product_tag-karhu-homme","10":"pa_attivita-fitness-fr","11":"pa_attivita-marcher","12":"pa_attivita-running-fr","13":"pa_colore-fusion-4-5-bit-of-blue-skydiver-fr","14":"pa_colore-fusion-4-5-foggy-dew-alloy","15":"pa_colore-fusion-4-5-monument-blue-haze-fr","16":"pa_marca-karhu-fr","17":"pa_sesso-homme","18":"pa_size-41-5-fr","19":"pa_size-42-fr","20":"pa_size-42-5-fr","21":"pa_size-43-5-fr","22":"pa_size-44-fr","23":"pa_size-44-5-fr","24":"pa_size-45-fr","25":"pa_size-46-fr","26":"pa_size-46-5-fr","27":"pa_size-47-fr","29":"first","30":"instock","31":"sale","32":"taxable","33":"shipping-taxable","34":"purchasable","35":"product-type-variable","36":"wvs-archive-product-wrapper"},"acf":[],"yoast_head":"<!-- This site is optimized with the Yoast SEO plugin v26.8 - https:\/\/yoast.com\/product\/yoast-seo-wordpress\/ -->\n<title>Karhu Fusion 4.5 homme -chaussures de course pour homme - MioMioRun<\/title>\n<meta name=\"description\" content=\"KARHU Fusion 4.5 : chaussure de course neutre polyvalente avec semelle interm\u00e9diaire AeroFoam \u00e0 base d&#039;azote, tige IdealKnit et unit\u00e9 Fulcrum pour des transitions fluides et r\u00e9actives.\" \/>\n<meta name=\"robots\" content=\"index, follow, max-snippet:-1, max-image-preview:large, max-video-preview:-1\" \/>\n<link rel=\"canonical\" href=\"https:\/\/www.miomiorun.com\/fr\/produit\/fusion-4-5-homme\/\" \/>\n<meta property=\"og:locale\" content=\"fr_FR\" \/>\n<meta property=\"og:type\" content=\"article\" \/>\n<meta property=\"og:title\" content=\"Karhu Fusion 4.5 homme -chaussures de course pour homme - MioMioRun\" \/>\n<meta property=\"og:description\" content=\"KARHU Fusion 4.5 : chaussure de course neutre polyvalente avec semelle interm\u00e9diaire AeroFoam \u00e0 base d&#039;azote, tige IdealKnit et unit\u00e9 Fulcrum pour des transitions fluides et r\u00e9actives.\" \/>\n<meta property=\"og:url\" content=\"https:\/\/www.miomiorun.com\/fr\/produit\/fusion-4-5-homme\/\" \/>\n<meta property=\"og:site_name\" content=\"MioMioRun\" \/>\n<meta property=\"article:publisher\" content=\"https:\/\/www.facebook.com\/miomiorun\/\" \/>\n<meta property=\"article:modified_time\" content=\"2026-05-09T08:07:33+00:00\" \/>\n<meta property=\"og:image\" content=\"https:\/\/www.miomiorun.com\/app\/uploads\/2025\/10\/karhu-Fusion-4.5-monument-blue-haze-F101016.webp\" \/>\n\t<meta property=\"og:image:width\" content=\"720\" \/>\n\t<meta property=\"og:image:height\" content=\"720\" \/>\n\t<meta property=\"og:image:type\" content=\"image\/webp\" \/>\n<meta name=\"twitter:card\" content=\"summary_large_image\" \/>\n<meta name=\"twitter:label1\" content=\"Est. reading time\" \/>\n\t<meta name=\"twitter:data1\" content=\"2 minutes\" \/>\n<script type=\"application\/ld+json\" class=\"yoast-schema-graph\">{\"@context\":\"https:\/\/schema.org\",\"@graph\":[{\"@type\":\"WebPage\",\"@id\":\"https:\/\/www.miomiorun.com\/fr\/produit\/fusion-4-5-homme\/\",\"url\":\"https:\/\/www.miomiorun.com\/fr\/produit\/fusion-4-5-homme\/\",\"name\":\"Karhu Fusion 4.5 homme -chaussures de course pour homme - MioMioRun\",\"isPartOf\":{\"@id\":\"https:\/\/www.miomiorun.com\/fr\/#website\"},\"primaryImageOfPage\":{\"@id\":\"https:\/\/www.miomiorun.com\/fr\/produit\/fusion-4-5-homme\/#primaryimage\"},\"image\":{\"@id\":\"https:\/\/www.miomiorun.com\/fr\/produit\/fusion-4-5-homme\/#primaryimage\"},\"thumbnailUrl\":\"https:\/\/www.miomiorun.com\/app\/uploads\/2025\/10\/karhu-Fusion-4.5-monument-blue-haze-F101016.webp\",\"datePublished\":\"2025-09-11T08:36:39+00:00\",\"dateModified\":\"2026-05-09T08:07:33+00:00\",\"description\":\"KARHU Fusion 4.5 : chaussure de course neutre polyvalente avec semelle interm\u00e9diaire AeroFoam \u00e0 base d'azote, tige IdealKnit et unit\u00e9 Fulcrum pour des transitions fluides et r\u00e9actives.\",\"breadcrumb\":{\"@id\":\"https:\/\/www.miomiorun.com\/fr\/produit\/fusion-4-5-homme\/#breadcrumb\"},\"inLanguage\":\"fr-FR\",\"potentialAction\":[{\"@type\":\"ReadAction\",\"target\":[\"https:\/\/www.miomiorun.com\/fr\/produit\/fusion-4-5-homme\/\"]}]},{\"@type\":\"ImageObject\",\"inLanguage\":\"fr-FR\",\"@id\":\"https:\/\/www.miomiorun.com\/fr\/produit\/fusion-4-5-homme\/#primaryimage\",\"url\":\"https:\/\/www.miomiorun.com\/app\/uploads\/2025\/10\/karhu-Fusion-4.5-monument-blue-haze-F101016.webp\",\"contentUrl\":\"https:\/\/www.miomiorun.com\/app\/uploads\/2025\/10\/karhu-Fusion-4.5-monument-blue-haze-F101016.webp\",\"width\":720,\"height\":720,\"caption\":\"karhu Fusion 4.5 monument blue haze F101016\"},{\"@type\":\"BreadcrumbList\",\"@id\":\"https:\/\/www.miomiorun.com\/fr\/produit\/fusion-4-5-homme\/#breadcrumb\",\"itemListElement\":[{\"@type\":\"ListItem\",\"position\":1,\"name\":\"Home\",\"item\":\"https:\/\/www.miomiorun.com\/fr\/home-page\/\"},{\"@type\":\"ListItem\",\"position\":2,\"name\":\"Shop\",\"item\":\"https:\/\/www.miomiorun.com\/shop\/\"},{\"@type\":\"ListItem\",\"position\":3,\"name\":\"Fusion 4.5 homme\"}]},{\"@type\":\"WebSite\",\"@id\":\"https:\/\/www.miomiorun.com\/fr\/#website\",\"url\":\"https:\/\/www.miomiorun.com\/fr\/\",\"name\":\"MioMioRun\",\"description\":\"Boutique 100% running et trail\",\"publisher\":{\"@id\":\"https:\/\/www.miomiorun.com\/fr\/#organization\"},\"potentialAction\":[{\"@type\":\"SearchAction\",\"target\":{\"@type\":\"EntryPoint\",\"urlTemplate\":\"https:\/\/www.miomiorun.com\/fr\/?s={search_term_string}\"},\"query-input\":{\"@type\":\"PropertyValueSpecification\",\"valueRequired\":true,\"valueName\":\"search_term_string\"}}],\"inLanguage\":\"fr-FR\"},{\"@type\":\"Organization\",\"@id\":\"https:\/\/www.miomiorun.com\/fr\/#organization\",\"name\":\"MioMio Run\",\"url\":\"https:\/\/www.miomiorun.com\/fr\/\",\"logo\":{\"@type\":\"ImageObject\",\"inLanguage\":\"fr-FR\",\"@id\":\"https:\/\/www.miomiorun.com\/fr\/#\/schema\/logo\/image\/\",\"url\":\"https:\/\/www.miomiorun.com\/app\/uploads\/2019\/12\/logomio.png\",\"contentUrl\":\"https:\/\/www.miomiorun.com\/app\/uploads\/2019\/12\/logomio.png\",\"width\":115,\"height\":82,\"caption\":\"MioMio Run\"},\"image\":{\"@id\":\"https:\/\/www.miomiorun.com\/fr\/#\/schema\/logo\/image\/\"},\"sameAs\":[\"https:\/\/www.facebook.com\/miomiorun\/\",\"https:\/\/www.instagram.com\/miomiorun\/\"]}]}<\/script>\n<!-- \/ Yoast SEO plugin. -->","yoast_head_json":{"title":"Karhu Fusion 4.5 homme -chaussures de course pour homme - MioMioRun","description":"KARHU Fusion 4.5 : chaussure de course neutre polyvalente avec semelle interm\u00e9diaire AeroFoam \u00e0 base d'azote, tige IdealKnit et unit\u00e9 Fulcrum pour des transitions fluides et r\u00e9actives.","robots":{"index":"index","follow":"follow","max-snippet":"max-snippet:-1","max-image-preview":"max-image-preview:large","max-video-preview":"max-video-preview:-1"},"canonical":"https:\/\/www.miomiorun.com\/fr\/produit\/fusion-4-5-homme\/","og_locale":"fr_FR","og_type":"article","og_title":"Karhu Fusion 4.5 homme -chaussures de course pour homme - MioMioRun","og_description":"KARHU Fusion 4.5 : chaussure de course neutre polyvalente avec semelle interm\u00e9diaire AeroFoam \u00e0 base d'azote, tige IdealKnit et unit\u00e9 Fulcrum pour des transitions fluides et r\u00e9actives.","og_url":"https:\/\/www.miomiorun.com\/fr\/produit\/fusion-4-5-homme\/","og_site_name":"MioMioRun","article_publisher":"https:\/\/www.facebook.com\/miomiorun\/","article_modified_time":"2026-05-09T08:07:33+00:00","og_image":[{"width":720,"height":720,"url":"https:\/\/www.miomiorun.com\/app\/uploads\/2025\/10\/karhu-Fusion-4.5-monument-blue-haze-F101016.webp","type":"image\/webp"}],"twitter_card":"summary_large_image","twitter_misc":{"Est. reading time":"2 minutes"},"schema":{"@context":"https:\/\/schema.org","@graph":[{"@type":"WebPage","@id":"https:\/\/www.miomiorun.com\/fr\/produit\/fusion-4-5-homme\/","url":"https:\/\/www.miomiorun.com\/fr\/produit\/fusion-4-5-homme\/","name":"Karhu Fusion 4.5 homme -chaussures de course pour homme - MioMioRun","isPartOf":{"@id":"https:\/\/www.miomiorun.com\/fr\/#website"},"primaryImageOfPage":{"@id":"https:\/\/www.miomiorun.com\/fr\/produit\/fusion-4-5-homme\/#primaryimage"},"image":{"@id":"https:\/\/www.miomiorun.com\/fr\/produit\/fusion-4-5-homme\/#primaryimage"},"thumbnailUrl":"https:\/\/www.miomiorun.com\/app\/uploads\/2025\/10\/karhu-Fusion-4.5-monument-blue-haze-F101016.webp","datePublished":"2025-09-11T08:36:39+00:00","dateModified":"2026-05-09T08:07:33+00:00","description":"KARHU Fusion 4.5 : chaussure de course neutre polyvalente avec semelle interm\u00e9diaire AeroFoam \u00e0 base d'azote, tige IdealKnit et unit\u00e9 Fulcrum pour des transitions fluides et r\u00e9actives.","breadcrumb":{"@id":"https:\/\/www.miomiorun.com\/fr\/produit\/fusion-4-5-homme\/#breadcrumb"},"inLanguage":"fr-FR","potentialAction":[{"@type":"ReadAction","target":["https:\/\/www.miomiorun.com\/fr\/produit\/fusion-4-5-homme\/"]}]},{"@type":"ImageObject","inLanguage":"fr-FR","@id":"https:\/\/www.miomiorun.com\/fr\/produit\/fusion-4-5-homme\/#primaryimage","url":"https:\/\/www.miomiorun.com\/app\/uploads\/2025\/10\/karhu-Fusion-4.5-monument-blue-haze-F101016.webp","contentUrl":"https:\/\/www.miomiorun.com\/app\/uploads\/2025\/10\/karhu-Fusion-4.5-monument-blue-haze-F101016.webp","width":720,"height":720,"caption":"karhu Fusion 4.5 monument blue haze F101016"},{"@type":"BreadcrumbList","@id":"https:\/\/www.miomiorun.com\/fr\/produit\/fusion-4-5-homme\/#breadcrumb","itemListElement":[{"@type":"ListItem","position":1,"name":"Home","item":"https:\/\/www.miomiorun.com\/fr\/home-page\/"},{"@type":"ListItem","position":2,"name":"Shop","item":"https:\/\/www.miomiorun.com\/shop\/"},{"@type":"ListItem","position":3,"name":"Fusion 4.5 homme"}]},{"@type":"WebSite","@id":"https:\/\/www.miomiorun.com\/fr\/#website","url":"https:\/\/www.miomiorun.com\/fr\/","name":"MioMioRun","description":"Boutique 100% running et trail","publisher":{"@id":"https:\/\/www.miomiorun.com\/fr\/#organization"},"potentialAction":[{"@type":"SearchAction","target":{"@type":"EntryPoint","urlTemplate":"https:\/\/www.miomiorun.com\/fr\/?s={search_term_string}"},"query-input":{"@type":"PropertyValueSpecification","valueRequired":true,"valueName":"search_term_string"}}],"inLanguage":"fr-FR"},{"@type":"Organization","@id":"https:\/\/www.miomiorun.com\/fr\/#organization","name":"MioMio Run","url":"https:\/\/www.miomiorun.com\/fr\/","logo":{"@type":"ImageObject","inLanguage":"fr-FR","@id":"https:\/\/www.miomiorun.com\/fr\/#\/schema\/logo\/image\/","url":"https:\/\/www.miomiorun.com\/app\/uploads\/2019\/12\/logomio.png","contentUrl":"https:\/\/www.miomiorun.com\/app\/uploads\/2019\/12\/logomio.png","width":115,"height":82,"caption":"MioMio Run"},"image":{"@id":"https:\/\/www.miomiorun.com\/fr\/#\/schema\/logo\/image\/"},"sameAs":["https:\/\/www.facebook.com\/miomiorun\/","https:\/\/www.instagram.com\/miomiorun\/"]}]}},"_links":{"self":[{"href":"https:\/\/www.miomiorun.com\/fr\/wp-json\/wp\/v2\/product\/347325","targetHints":{"allow":["GET"]}}],"collection":[{"href":"https:\/\/www.miomiorun.com\/fr\/wp-json\/wp\/v2\/product"}],"about":[{"href":"https:\/\/www.miomiorun.com\/fr\/wp-json\/wp\/v2\/types\/product"}],"wp:featuredmedia":[{"embeddable":true,"href":"https:\/\/www.miomiorun.com\/fr\/wp-json\/wp\/v2\/media\/360609"}],"wp:attachment":[{"href":"https:\/\/www.miomiorun.com\/fr\/wp-json\/wp\/v2\/media?parent=347325"}],"wp:term":[{"taxonomy":"product_brand","embeddable":true,"href":"https:\/\/www.miomiorun.com\/fr\/wp-json\/wp\/v2\/product_brand?post=347325"},{"taxonomy":"product_cat","embeddable":true,"href":"https:\/\/www.miomiorun.com\/fr\/wp-json\/wp\/v2\/product_cat?post=347325"},{"taxonomy":"product_tag","embeddable":true,"href":"https:\/\/www.miomiorun.com\/fr\/wp-json\/wp\/v2\/product_tag?post=347325"}],"curies":[{"name":"wp","href":"https:\/\/api.w.org\/{rel}","templated":true}]}}