{"id":347074,"date":"2025-09-11T10:15:47","date_gmt":"2025-09-11T08:15:47","guid":{"rendered":"https:\/\/www.miomiorun.com\/?post_type=product&#038;p=347074"},"modified":"2026-04-17T11:02:02","modified_gmt":"2026-04-17T09:02:02","slug":"clifton-10-big-kids","status":"publish","type":"product","link":"https:\/\/www.miomiorun.com\/fr\/produit\/clifton-10-big-kids\/","title":{"rendered":"Clifton 10 big kids"},"content":{"rendered":"<div class=\"vc-row container\"><div class=\"vc-column\"><div class=\"vc-column-text\"><\/p>\n<h4>Caract\u00e9ristiques techniques :<\/h4>\n<p>Cat\u00e9gorie : amorti \u00e9quilibr\u00e9<br \/>\nD\u00e9calage : 4 mm<\/p>\n<p>Id\u00e9al pour : les enfants qui ont besoin d&#8217;une chaussure offrant un bon amorti et une bonne structure. Id\u00e9al pour les premiers pas dans le sport.<\/p>\n<p><a href=\"https:\/\/miomiorun.com\/guida-alle-specifiche-tecniche\/\">Guide des caract\u00e9ristiques techniques<\/a><\/p>\n<p><\/div><\/div><div class=\"vc-column\"><div class=\"vc-column-text\"><\/p>\n<div class=\"description-techspecs__items\">\n<p>La HOKA Clifton 10 Big Kids est une chaussure l\u00e9g\u00e8re et souple con\u00e7ue pour l&#8217;entra\u00eenement quotidien des coureurs de demain. Inspir\u00e9e du mod\u00e8le pour adultes, elle offre le m\u00eame confort, le m\u00eame amorti et les m\u00eames performances, adapt\u00e9s aux besoins des jeunes athl\u00e8tes. L&#8217;empeigne en jacquard respirant favorise la circulation de l&#8217;air, tandis que la semelle ext\u00e9rieure robuste en caoutchouc et le renfort \u00e0 l&#8217;avant garantissent r\u00e9sistance et durabilit\u00e9.<\/p>\n<p>Disponible dans une large gamme de couleurs vives, la Clifton 10 Big Kids est compl\u00e9t\u00e9e par des d\u00e9tails r\u00e9fl\u00e9chissants \u00e0 360\u00b0 qui am\u00e9liorent la visibilit\u00e9 dans toutes les situations. La semelle interm\u00e9diaire en EVA issu de la canne \u00e0 sucre, associ\u00e9e aux technologies MetaRocker\u2122 et Active Foot Frame\u2122, offre un soutien protecteur et r\u00e9actif, parfait pour grandir avec \u00e9nergie et s\u00e9curit\u00e9.<\/p>\n<p><strong>D\u00e9tails techniques :<\/strong><br \/>\n&#8211; Adapt\u00e9e \u00e0 : la route<br \/>\n&#8211; Tige : tissu jacquard respirant avec rPET (57 %)<br \/>\n&#8211; Renfort : pointe et talon en TPU pour plus de r\u00e9sistance<br \/>\n&#8211; Doublure : rPET (95 %)<br \/>\n&#8211; D\u00e9tails r\u00e9fl\u00e9chissants \u00e0 360\u00b0<br \/>\n&#8211; Mod\u00e8le vegan<br \/>\n&#8211; Semelle interm\u00e9diaire : EVA issu de la canne \u00e0 sucre (30 %), MetaRocker\u2122 fluide, Active Foot Frame\u2122 \u00e0 l&#8217;arri\u00e8re du pied<br \/>\n&#8211; Semelle int\u00e9rieure moul\u00e9e amovible<br \/>\n&#8211; Semelle ext\u00e9rieure : caoutchouc antid\u00e9rapant Durabrasion<br \/>\n&#8211; Amorti : protecteur et r\u00e9actif<br \/>\n&#8211; Stabilit\u00e9 : lit d&#8217;amorti sym\u00e9trique sans technologies orthop\u00e9diques suppl\u00e9mentaires<br \/>\n&#8211; Nouveaut\u00e9 : gamme de pointures \u00e9largie pour les enfants de 4 \u00e0 8 ans<\/p>\n<\/div>\n<p><\/div><\/div><\/div>\n","protected":false},"excerpt":{"rendered":"<p>&#8211; L\u00e9g\u00e8re et souple, id\u00e9ale pour les entra\u00eenements quotidiens<br \/>\n&#8211; Tige en jacquard respirant avec renforts en TPU<br \/>\n&#8211; D\u00e9tails r\u00e9fl\u00e9chissants \u00e0 360\u00b0 pour plus de s\u00e9curit\u00e9<br \/>\n&#8211; Semelle interm\u00e9diaire amortissante et r\u00e9active en EVA issu de la canne \u00e0 sucre<br \/>\n&#8211; Mod\u00e8le vegan et fabriqu\u00e9 \u00e0 partir de mat\u00e9riaux durables<\/p>\n","protected":false},"featured_media":342040,"template":"","meta":{"_acf_changed":false,"inline_featured_image":false},"product_brand":[],"product_cat":[22594,22593,22590],"product_tag":[23478,24182,24187],"class_list":{"0":"post-347074","1":"product","2":"type-product","3":"status-publish","4":"has-post-thumbnail","6":"product_cat-chaussures-pour-enfants","7":"product_cat-chaussures-pour-filles","8":"product_cat-enfant","9":"product_tag-hoka-one-one-fr","10":"product_tag-hoka-fille","11":"product_tag-hoka-garcon","12":"pa_attivita-fitness-fr","13":"pa_attivita-lifestyle-fr","14":"pa_attivita-marcher","15":"pa_attivita-running-fr","16":"pa_colore-clifton-10-big-kids-alpine-blue-foggy-ni-fr","17":"pa_colore-clifton-10-big-kids-ash-grey-neon-green","18":"pa_colore-clifton-10-big-kids-foggy-grey-black-fr","19":"pa_colore-clifton-10-big-kids-frost-soaring-blue-fr","20":"pa_marca-hoka-fr","21":"pa_sesso-femme","22":"pa_sesso-homme","23":"pa_size-36-fr","24":"pa_size-37-fr","25":"pa_size-38-fr","27":"pa_size-39-fr","28":"pa_size-40-fr","31":"first","32":"instock","33":"sale","34":"taxable","35":"shipping-taxable","36":"purchasable","37":"product-type-variable","38":"wvs-archive-product-wrapper"},"acf":[],"yoast_head":"<!-- This site is optimized with the Yoast SEO plugin v26.8 - https:\/\/yoast.com\/product\/yoast-seo-wordpress\/ -->\n<title>Hoka Clifton 10 big kids - chaussures de course pour enfants - MioMioRun<\/title>\n<meta name=\"description\" content=\"HOKA Clifton 10 Big Kids : chaussure de course l\u00e9g\u00e8re et amortissante pour enfants, avec tige respirante, renforts r\u00e9sistants et d\u00e9tails r\u00e9fl\u00e9chissants \u00e0 360\u00b0.\" \/>\n<meta name=\"robots\" content=\"index, follow, max-snippet:-1, max-image-preview:large, max-video-preview:-1\" \/>\n<link rel=\"canonical\" href=\"https:\/\/www.miomiorun.com\/fr\/produit\/clifton-10-big-kids\/\" \/>\n<meta property=\"og:locale\" content=\"fr_FR\" \/>\n<meta property=\"og:type\" content=\"article\" \/>\n<meta property=\"og:title\" content=\"Hoka Clifton 10 big kids - chaussures de course pour enfants - MioMioRun\" \/>\n<meta property=\"og:description\" content=\"HOKA Clifton 10 Big Kids : chaussure de course l\u00e9g\u00e8re et amortissante pour enfants, avec tige respirante, renforts r\u00e9sistants et d\u00e9tails r\u00e9fl\u00e9chissants \u00e0 360\u00b0.\" \/>\n<meta property=\"og:url\" content=\"https:\/\/www.miomiorun.com\/fr\/produit\/clifton-10-big-kids\/\" \/>\n<meta property=\"og:site_name\" content=\"MioMioRun\" \/>\n<meta property=\"article:publisher\" content=\"https:\/\/www.facebook.com\/miomiorun\/\" \/>\n<meta property=\"article:modified_time\" content=\"2026-04-17T09:02:02+00:00\" \/>\n<meta property=\"og:image\" content=\"https:\/\/www.miomiorun.com\/app\/uploads\/2025\/09\/hoka-Clifton-10-big-kids-alpine-blue-foggy-ni-1168860-ALF.webp\" \/>\n\t<meta property=\"og:image:width\" content=\"720\" \/>\n\t<meta property=\"og:image:height\" content=\"720\" \/>\n\t<meta property=\"og:image:type\" content=\"image\/webp\" \/>\n<meta name=\"twitter:card\" content=\"summary_large_image\" \/>\n<meta name=\"twitter:label1\" content=\"Est. reading time\" \/>\n\t<meta name=\"twitter:data1\" content=\"2 minutes\" \/>\n<script type=\"application\/ld+json\" class=\"yoast-schema-graph\">{\"@context\":\"https:\/\/schema.org\",\"@graph\":[{\"@type\":\"WebPage\",\"@id\":\"https:\/\/www.miomiorun.com\/fr\/produit\/clifton-10-big-kids\/\",\"url\":\"https:\/\/www.miomiorun.com\/fr\/produit\/clifton-10-big-kids\/\",\"name\":\"Hoka Clifton 10 big kids - chaussures de course pour enfants - MioMioRun\",\"isPartOf\":{\"@id\":\"https:\/\/www.miomiorun.com\/fr\/#website\"},\"primaryImageOfPage\":{\"@id\":\"https:\/\/www.miomiorun.com\/fr\/produit\/clifton-10-big-kids\/#primaryimage\"},\"image\":{\"@id\":\"https:\/\/www.miomiorun.com\/fr\/produit\/clifton-10-big-kids\/#primaryimage\"},\"thumbnailUrl\":\"https:\/\/www.miomiorun.com\/app\/uploads\/2025\/09\/hoka-Clifton-10-big-kids-alpine-blue-foggy-ni-1168860-ALF.webp\",\"datePublished\":\"2025-09-11T08:15:47+00:00\",\"dateModified\":\"2026-04-17T09:02:02+00:00\",\"description\":\"HOKA Clifton 10 Big Kids : chaussure de course l\u00e9g\u00e8re et amortissante pour enfants, avec tige respirante, renforts r\u00e9sistants et d\u00e9tails r\u00e9fl\u00e9chissants \u00e0 360\u00b0.\",\"breadcrumb\":{\"@id\":\"https:\/\/www.miomiorun.com\/fr\/produit\/clifton-10-big-kids\/#breadcrumb\"},\"inLanguage\":\"fr-FR\",\"potentialAction\":[{\"@type\":\"ReadAction\",\"target\":[\"https:\/\/www.miomiorun.com\/fr\/produit\/clifton-10-big-kids\/\"]}]},{\"@type\":\"ImageObject\",\"inLanguage\":\"fr-FR\",\"@id\":\"https:\/\/www.miomiorun.com\/fr\/produit\/clifton-10-big-kids\/#primaryimage\",\"url\":\"https:\/\/www.miomiorun.com\/app\/uploads\/2025\/09\/hoka-Clifton-10-big-kids-alpine-blue-foggy-ni-1168860-ALF.webp\",\"contentUrl\":\"https:\/\/www.miomiorun.com\/app\/uploads\/2025\/09\/hoka-Clifton-10-big-kids-alpine-blue-foggy-ni-1168860-ALF.webp\",\"width\":720,\"height\":720,\"caption\":\"hoka Clifton 10 big kids alpine blue foggy ni 1168860 ALF\"},{\"@type\":\"BreadcrumbList\",\"@id\":\"https:\/\/www.miomiorun.com\/fr\/produit\/clifton-10-big-kids\/#breadcrumb\",\"itemListElement\":[{\"@type\":\"ListItem\",\"position\":1,\"name\":\"Home\",\"item\":\"https:\/\/www.miomiorun.com\/fr\/home-page\/\"},{\"@type\":\"ListItem\",\"position\":2,\"name\":\"Shop\",\"item\":\"https:\/\/www.miomiorun.com\/shop\/\"},{\"@type\":\"ListItem\",\"position\":3,\"name\":\"Clifton 10 big kids\"}]},{\"@type\":\"WebSite\",\"@id\":\"https:\/\/www.miomiorun.com\/fr\/#website\",\"url\":\"https:\/\/www.miomiorun.com\/fr\/\",\"name\":\"MioMioRun\",\"description\":\"Boutique 100% running et trail\",\"publisher\":{\"@id\":\"https:\/\/www.miomiorun.com\/fr\/#organization\"},\"potentialAction\":[{\"@type\":\"SearchAction\",\"target\":{\"@type\":\"EntryPoint\",\"urlTemplate\":\"https:\/\/www.miomiorun.com\/fr\/?s={search_term_string}\"},\"query-input\":{\"@type\":\"PropertyValueSpecification\",\"valueRequired\":true,\"valueName\":\"search_term_string\"}}],\"inLanguage\":\"fr-FR\"},{\"@type\":\"Organization\",\"@id\":\"https:\/\/www.miomiorun.com\/fr\/#organization\",\"name\":\"MioMio Run\",\"url\":\"https:\/\/www.miomiorun.com\/fr\/\",\"logo\":{\"@type\":\"ImageObject\",\"inLanguage\":\"fr-FR\",\"@id\":\"https:\/\/www.miomiorun.com\/fr\/#\/schema\/logo\/image\/\",\"url\":\"https:\/\/www.miomiorun.com\/app\/uploads\/2019\/12\/logomio.png\",\"contentUrl\":\"https:\/\/www.miomiorun.com\/app\/uploads\/2019\/12\/logomio.png\",\"width\":115,\"height\":82,\"caption\":\"MioMio Run\"},\"image\":{\"@id\":\"https:\/\/www.miomiorun.com\/fr\/#\/schema\/logo\/image\/\"},\"sameAs\":[\"https:\/\/www.facebook.com\/miomiorun\/\",\"https:\/\/www.instagram.com\/miomiorun\/\"]}]}<\/script>\n<!-- \/ Yoast SEO plugin. -->","yoast_head_json":{"title":"Hoka Clifton 10 big kids - chaussures de course pour enfants - MioMioRun","description":"HOKA Clifton 10 Big Kids : chaussure de course l\u00e9g\u00e8re et amortissante pour enfants, avec tige respirante, renforts r\u00e9sistants et d\u00e9tails r\u00e9fl\u00e9chissants \u00e0 360\u00b0.","robots":{"index":"index","follow":"follow","max-snippet":"max-snippet:-1","max-image-preview":"max-image-preview:large","max-video-preview":"max-video-preview:-1"},"canonical":"https:\/\/www.miomiorun.com\/fr\/produit\/clifton-10-big-kids\/","og_locale":"fr_FR","og_type":"article","og_title":"Hoka Clifton 10 big kids - chaussures de course pour enfants - MioMioRun","og_description":"HOKA Clifton 10 Big Kids : chaussure de course l\u00e9g\u00e8re et amortissante pour enfants, avec tige respirante, renforts r\u00e9sistants et d\u00e9tails r\u00e9fl\u00e9chissants \u00e0 360\u00b0.","og_url":"https:\/\/www.miomiorun.com\/fr\/produit\/clifton-10-big-kids\/","og_site_name":"MioMioRun","article_publisher":"https:\/\/www.facebook.com\/miomiorun\/","article_modified_time":"2026-04-17T09:02:02+00:00","og_image":[{"width":720,"height":720,"url":"https:\/\/www.miomiorun.com\/app\/uploads\/2025\/09\/hoka-Clifton-10-big-kids-alpine-blue-foggy-ni-1168860-ALF.webp","type":"image\/webp"}],"twitter_card":"summary_large_image","twitter_misc":{"Est. reading time":"2 minutes"},"schema":{"@context":"https:\/\/schema.org","@graph":[{"@type":"WebPage","@id":"https:\/\/www.miomiorun.com\/fr\/produit\/clifton-10-big-kids\/","url":"https:\/\/www.miomiorun.com\/fr\/produit\/clifton-10-big-kids\/","name":"Hoka Clifton 10 big kids - chaussures de course pour enfants - MioMioRun","isPartOf":{"@id":"https:\/\/www.miomiorun.com\/fr\/#website"},"primaryImageOfPage":{"@id":"https:\/\/www.miomiorun.com\/fr\/produit\/clifton-10-big-kids\/#primaryimage"},"image":{"@id":"https:\/\/www.miomiorun.com\/fr\/produit\/clifton-10-big-kids\/#primaryimage"},"thumbnailUrl":"https:\/\/www.miomiorun.com\/app\/uploads\/2025\/09\/hoka-Clifton-10-big-kids-alpine-blue-foggy-ni-1168860-ALF.webp","datePublished":"2025-09-11T08:15:47+00:00","dateModified":"2026-04-17T09:02:02+00:00","description":"HOKA Clifton 10 Big Kids : chaussure de course l\u00e9g\u00e8re et amortissante pour enfants, avec tige respirante, renforts r\u00e9sistants et d\u00e9tails r\u00e9fl\u00e9chissants \u00e0 360\u00b0.","breadcrumb":{"@id":"https:\/\/www.miomiorun.com\/fr\/produit\/clifton-10-big-kids\/#breadcrumb"},"inLanguage":"fr-FR","potentialAction":[{"@type":"ReadAction","target":["https:\/\/www.miomiorun.com\/fr\/produit\/clifton-10-big-kids\/"]}]},{"@type":"ImageObject","inLanguage":"fr-FR","@id":"https:\/\/www.miomiorun.com\/fr\/produit\/clifton-10-big-kids\/#primaryimage","url":"https:\/\/www.miomiorun.com\/app\/uploads\/2025\/09\/hoka-Clifton-10-big-kids-alpine-blue-foggy-ni-1168860-ALF.webp","contentUrl":"https:\/\/www.miomiorun.com\/app\/uploads\/2025\/09\/hoka-Clifton-10-big-kids-alpine-blue-foggy-ni-1168860-ALF.webp","width":720,"height":720,"caption":"hoka Clifton 10 big kids alpine blue foggy ni 1168860 ALF"},{"@type":"BreadcrumbList","@id":"https:\/\/www.miomiorun.com\/fr\/produit\/clifton-10-big-kids\/#breadcrumb","itemListElement":[{"@type":"ListItem","position":1,"name":"Home","item":"https:\/\/www.miomiorun.com\/fr\/home-page\/"},{"@type":"ListItem","position":2,"name":"Shop","item":"https:\/\/www.miomiorun.com\/shop\/"},{"@type":"ListItem","position":3,"name":"Clifton 10 big kids"}]},{"@type":"WebSite","@id":"https:\/\/www.miomiorun.com\/fr\/#website","url":"https:\/\/www.miomiorun.com\/fr\/","name":"MioMioRun","description":"Boutique 100% running et trail","publisher":{"@id":"https:\/\/www.miomiorun.com\/fr\/#organization"},"potentialAction":[{"@type":"SearchAction","target":{"@type":"EntryPoint","urlTemplate":"https:\/\/www.miomiorun.com\/fr\/?s={search_term_string}"},"query-input":{"@type":"PropertyValueSpecification","valueRequired":true,"valueName":"search_term_string"}}],"inLanguage":"fr-FR"},{"@type":"Organization","@id":"https:\/\/www.miomiorun.com\/fr\/#organization","name":"MioMio Run","url":"https:\/\/www.miomiorun.com\/fr\/","logo":{"@type":"ImageObject","inLanguage":"fr-FR","@id":"https:\/\/www.miomiorun.com\/fr\/#\/schema\/logo\/image\/","url":"https:\/\/www.miomiorun.com\/app\/uploads\/2019\/12\/logomio.png","contentUrl":"https:\/\/www.miomiorun.com\/app\/uploads\/2019\/12\/logomio.png","width":115,"height":82,"caption":"MioMio Run"},"image":{"@id":"https:\/\/www.miomiorun.com\/fr\/#\/schema\/logo\/image\/"},"sameAs":["https:\/\/www.facebook.com\/miomiorun\/","https:\/\/www.instagram.com\/miomiorun\/"]}]}},"_links":{"self":[{"href":"https:\/\/www.miomiorun.com\/fr\/wp-json\/wp\/v2\/product\/347074","targetHints":{"allow":["GET"]}}],"collection":[{"href":"https:\/\/www.miomiorun.com\/fr\/wp-json\/wp\/v2\/product"}],"about":[{"href":"https:\/\/www.miomiorun.com\/fr\/wp-json\/wp\/v2\/types\/product"}],"wp:featuredmedia":[{"embeddable":true,"href":"https:\/\/www.miomiorun.com\/fr\/wp-json\/wp\/v2\/media\/342040"}],"wp:attachment":[{"href":"https:\/\/www.miomiorun.com\/fr\/wp-json\/wp\/v2\/media?parent=347074"}],"wp:term":[{"taxonomy":"product_brand","embeddable":true,"href":"https:\/\/www.miomiorun.com\/fr\/wp-json\/wp\/v2\/product_brand?post=347074"},{"taxonomy":"product_cat","embeddable":true,"href":"https:\/\/www.miomiorun.com\/fr\/wp-json\/wp\/v2\/product_cat?post=347074"},{"taxonomy":"product_tag","embeddable":true,"href":"https:\/\/www.miomiorun.com\/fr\/wp-json\/wp\/v2\/product_tag?post=347074"}],"curies":[{"name":"wp","href":"https:\/\/api.w.org\/{rel}","templated":true}]}}