{"id":346973,"date":"2025-09-10T18:17:03","date_gmt":"2025-09-10T16:17:03","guid":{"rendered":"https:\/\/www.miomiorun.com\/?post_type=product&#038;p=346973"},"modified":"2026-04-17T11:02:20","modified_gmt":"2026-04-17T09:02:20","slug":"clifton-10-little-kids","status":"publish","type":"product","link":"https:\/\/www.miomiorun.com\/fr\/produit\/clifton-10-little-kids\/","title":{"rendered":"Clifton 10 little kids"},"content":{"rendered":"<div class=\"vc-row container\"><div class=\"vc-column\"><div class=\"vc-column-text\"><\/p>\n<h4>Caract\u00e9ristiques techniques<\/h4>\n<p>Cat\u00e9gorie : amorti \u00e9quilibr\u00e9<br \/>\nD\u00e9calage : 4 mm<\/p>\n<p>Id\u00e9al pour : les enfants qui ont besoin d&#8217;une chaussure offrant un bon amorti et une bonne structure. Id\u00e9al pour les premiers pas dans le sport.<br \/>\n<a href=\"https:\/\/miomiorun.com\/guida-alle-specifiche-tecniche\/\">Guide des caract\u00e9ristiques techniques<\/a><\/p>\n<p><\/div><\/div><div class=\"vc-column\"><div class=\"vc-column-text\"><\/p>\n<div class=\"description-techspecs__items\">\n<p>La HOKA Clifton 10 Little Kids est la chaussure id\u00e9ale pour accompagner les plus petits dans leurs aventures quotidiennes. Inspir\u00e9e du c\u00e9l\u00e8bre mod\u00e8le pour adultes, elle offre le m\u00eame confort et les m\u00eames excellentes performances, adapt\u00e9s aux besoins des coureurs de demain. Le mesh performant enveloppe le pied avec respirabilit\u00e9 et confort, tandis que la sangle \u00e0 la cheville avec fermeture velcro permet de l&#8217;enfiler et de la retirer facilement.<\/p>\n<p>La semelle interm\u00e9diaire amortissante, la semelle ext\u00e9rieure robuste en caoutchouc et le renfort au niveau des orteils garantissent r\u00e9sistance et maintien, m\u00eame pendant les jeux les plus dynamiques. Des d\u00e9tails r\u00e9fl\u00e9chissants \u00e0 360\u00b0 augmentent la visibilit\u00e9, tandis que les mat\u00e9riaux durables et vegan-friendly font de cette chaussure un choix plus respectueux de l&#8217;environnement.<\/p>\n<p><strong>D\u00e9tails techniques :<\/strong><br \/>\n&#8211; Adapt\u00e9e \u00e0 : la route<br \/>\n&#8211; Tige : tissu jacquard respirant avec rPET (57 %)<br \/>\n&#8211; Fermeture : lacet \u00e9lastique avec velcro sup\u00e9rieur<br \/>\n&#8211; Renfort : pointe et talon en TPU pour plus de r\u00e9sistance<br \/>\n&#8211; Doublure : rPET (95 %)<br \/>\n&#8211; D\u00e9tails r\u00e9fl\u00e9chissants \u00e0 360\u00b0<br \/>\n&#8211; Mod\u00e8le vegan<br \/>\n&#8211; Semelle interm\u00e9diaire : EVA issu de la canne \u00e0 sucre (30 %), MetaRocker\u2122 fluide, Active Foot Frame\u2122 \u00e0 l&#8217;arri\u00e8re du pied<br \/>\n&#8211; Semelle int\u00e9rieure moul\u00e9e amovible<br \/>\n&#8211; Semelle ext\u00e9rieure : caoutchouc antid\u00e9rapant Durabrasion<br \/>\n&#8211; Amorti : protecteur et r\u00e9actif<\/p>\n<\/div>\n<p><\/div><\/div><\/div>\n","protected":false},"excerpt":{"rendered":"<p>&#8211; L\u00e9g\u00e8re et amortissante, id\u00e9ale pour jouer tous les jours<br \/>\n&#8211; Fermeture \u00e0 lacets \u00e9lastiques et velcro pour un enfilage facile<br \/>\n&#8211; Renforts en TPU au niveau de la pointe et du talon pour une meilleure r\u00e9sistance<br \/>\n&#8211; D\u00e9tails r\u00e9fl\u00e9chissants \u00e0 360\u00b0 pour plus de s\u00e9curit\u00e9 et de visibilit\u00e9<br \/>\n&#8211; Fabriqu\u00e9e \u00e0 partir de mat\u00e9riaux durables et vegan-friendly<\/p>\n","protected":false},"featured_media":351593,"template":"","meta":{"_acf_changed":false,"inline_featured_image":false},"product_brand":[],"product_cat":[22594,22593,22590],"product_tag":[23478,24182,24187],"class_list":{"0":"post-346973","1":"product","2":"type-product","3":"status-publish","4":"has-post-thumbnail","6":"product_cat-chaussures-pour-enfants","7":"product_cat-chaussures-pour-filles","8":"product_cat-enfant","9":"product_tag-hoka-one-one-fr","10":"product_tag-hoka-fille","11":"product_tag-hoka-garcon","12":"pa_attivita-fitness-fr","13":"pa_attivita-lifestyle-fr","14":"pa_attivita-marcher","15":"pa_attivita-running-fr","16":"pa_colore-clifton-10-little-kids-alpine-blue-foggy-fr","17":"pa_colore-clifton-10-little-kids-rose-cream-dried-fr","18":"pa_marca-hoka-fr","19":"pa_sesso-femme","20":"pa_sesso-homme","21":"pa_size-32-fr","23":"pa_size-33-fr","24":"pa_size-34-fr","26":"pa_size-35-fr","28":"first","29":"instock","30":"sale","31":"taxable","32":"shipping-taxable","33":"purchasable","34":"product-type-variable","35":"wvs-archive-product-wrapper"},"acf":[],"yoast_head":"<!-- This site is optimized with the Yoast SEO plugin v26.8 - https:\/\/yoast.com\/product\/yoast-seo-wordpress\/ -->\n<title>HokaClifton 10 little kids - chaussures de course pour enfants - MioMioRun.com<\/title>\n<meta name=\"description\" content=\"HOKA Clifton 10 Little Kids : chaussure de route l\u00e9g\u00e8re et amortissante pour enfants, avec fermeture velcro, d\u00e9tails r\u00e9fl\u00e9chissants et mat\u00e9riaux durables.\" \/>\n<meta name=\"robots\" content=\"index, follow, max-snippet:-1, max-image-preview:large, max-video-preview:-1\" \/>\n<link rel=\"canonical\" href=\"https:\/\/www.miomiorun.com\/fr\/produit\/clifton-10-little-kids\/\" \/>\n<meta property=\"og:locale\" content=\"fr_FR\" \/>\n<meta property=\"og:type\" content=\"article\" \/>\n<meta property=\"og:title\" content=\"HokaClifton 10 little kids - chaussures de course pour enfants - MioMioRun.com\" \/>\n<meta property=\"og:description\" content=\"HOKA Clifton 10 Little Kids : chaussure de route l\u00e9g\u00e8re et amortissante pour enfants, avec fermeture velcro, d\u00e9tails r\u00e9fl\u00e9chissants et mat\u00e9riaux durables.\" \/>\n<meta property=\"og:url\" content=\"https:\/\/www.miomiorun.com\/fr\/produit\/clifton-10-little-kids\/\" \/>\n<meta property=\"og:site_name\" content=\"MioMioRun\" \/>\n<meta property=\"article:publisher\" content=\"https:\/\/www.facebook.com\/miomiorun\/\" \/>\n<meta property=\"article:modified_time\" content=\"2026-04-17T09:02:20+00:00\" \/>\n<meta property=\"og:image\" content=\"https:\/\/www.miomiorun.com\/app\/uploads\/2025\/09\/hoka-Clifton-10-little-kids-alpine-blue-foggy-1168873-ALF.webp\" \/>\n\t<meta property=\"og:image:width\" content=\"720\" \/>\n\t<meta property=\"og:image:height\" content=\"720\" \/>\n\t<meta property=\"og:image:type\" content=\"image\/webp\" \/>\n<meta name=\"twitter:card\" content=\"summary_large_image\" \/>\n<meta name=\"twitter:label1\" content=\"Est. reading time\" \/>\n\t<meta name=\"twitter:data1\" content=\"2 minutes\" \/>\n<script type=\"application\/ld+json\" class=\"yoast-schema-graph\">{\"@context\":\"https:\/\/schema.org\",\"@graph\":[{\"@type\":\"WebPage\",\"@id\":\"https:\/\/www.miomiorun.com\/fr\/produit\/clifton-10-little-kids\/\",\"url\":\"https:\/\/www.miomiorun.com\/fr\/produit\/clifton-10-little-kids\/\",\"name\":\"HokaClifton 10 little kids - chaussures de course pour enfants - MioMioRun.com\",\"isPartOf\":{\"@id\":\"https:\/\/www.miomiorun.com\/fr\/#website\"},\"primaryImageOfPage\":{\"@id\":\"https:\/\/www.miomiorun.com\/fr\/produit\/clifton-10-little-kids\/#primaryimage\"},\"image\":{\"@id\":\"https:\/\/www.miomiorun.com\/fr\/produit\/clifton-10-little-kids\/#primaryimage\"},\"thumbnailUrl\":\"https:\/\/www.miomiorun.com\/app\/uploads\/2025\/09\/hoka-Clifton-10-little-kids-alpine-blue-foggy-1168873-ALF.webp\",\"datePublished\":\"2025-09-10T16:17:03+00:00\",\"dateModified\":\"2026-04-17T09:02:20+00:00\",\"description\":\"HOKA Clifton 10 Little Kids : chaussure de route l\u00e9g\u00e8re et amortissante pour enfants, avec fermeture velcro, d\u00e9tails r\u00e9fl\u00e9chissants et mat\u00e9riaux durables.\",\"breadcrumb\":{\"@id\":\"https:\/\/www.miomiorun.com\/fr\/produit\/clifton-10-little-kids\/#breadcrumb\"},\"inLanguage\":\"fr-FR\",\"potentialAction\":[{\"@type\":\"ReadAction\",\"target\":[\"https:\/\/www.miomiorun.com\/fr\/produit\/clifton-10-little-kids\/\"]}]},{\"@type\":\"ImageObject\",\"inLanguage\":\"fr-FR\",\"@id\":\"https:\/\/www.miomiorun.com\/fr\/produit\/clifton-10-little-kids\/#primaryimage\",\"url\":\"https:\/\/www.miomiorun.com\/app\/uploads\/2025\/09\/hoka-Clifton-10-little-kids-alpine-blue-foggy-1168873-ALF.webp\",\"contentUrl\":\"https:\/\/www.miomiorun.com\/app\/uploads\/2025\/09\/hoka-Clifton-10-little-kids-alpine-blue-foggy-1168873-ALF.webp\",\"width\":720,\"height\":720,\"caption\":\"hoka Clifton 10 little kids alpine blue foggy 1168873 ALF\"},{\"@type\":\"BreadcrumbList\",\"@id\":\"https:\/\/www.miomiorun.com\/fr\/produit\/clifton-10-little-kids\/#breadcrumb\",\"itemListElement\":[{\"@type\":\"ListItem\",\"position\":1,\"name\":\"Home\",\"item\":\"https:\/\/www.miomiorun.com\/fr\/home-page\/\"},{\"@type\":\"ListItem\",\"position\":2,\"name\":\"Shop\",\"item\":\"https:\/\/www.miomiorun.com\/shop\/\"},{\"@type\":\"ListItem\",\"position\":3,\"name\":\"Clifton 10 little kids\"}]},{\"@type\":\"WebSite\",\"@id\":\"https:\/\/www.miomiorun.com\/fr\/#website\",\"url\":\"https:\/\/www.miomiorun.com\/fr\/\",\"name\":\"MioMioRun\",\"description\":\"Boutique 100% running et trail\",\"publisher\":{\"@id\":\"https:\/\/www.miomiorun.com\/fr\/#organization\"},\"potentialAction\":[{\"@type\":\"SearchAction\",\"target\":{\"@type\":\"EntryPoint\",\"urlTemplate\":\"https:\/\/www.miomiorun.com\/fr\/?s={search_term_string}\"},\"query-input\":{\"@type\":\"PropertyValueSpecification\",\"valueRequired\":true,\"valueName\":\"search_term_string\"}}],\"inLanguage\":\"fr-FR\"},{\"@type\":\"Organization\",\"@id\":\"https:\/\/www.miomiorun.com\/fr\/#organization\",\"name\":\"MioMio Run\",\"url\":\"https:\/\/www.miomiorun.com\/fr\/\",\"logo\":{\"@type\":\"ImageObject\",\"inLanguage\":\"fr-FR\",\"@id\":\"https:\/\/www.miomiorun.com\/fr\/#\/schema\/logo\/image\/\",\"url\":\"https:\/\/www.miomiorun.com\/app\/uploads\/2019\/12\/logomio.png\",\"contentUrl\":\"https:\/\/www.miomiorun.com\/app\/uploads\/2019\/12\/logomio.png\",\"width\":115,\"height\":82,\"caption\":\"MioMio Run\"},\"image\":{\"@id\":\"https:\/\/www.miomiorun.com\/fr\/#\/schema\/logo\/image\/\"},\"sameAs\":[\"https:\/\/www.facebook.com\/miomiorun\/\",\"https:\/\/www.instagram.com\/miomiorun\/\"]}]}<\/script>\n<!-- \/ Yoast SEO plugin. -->","yoast_head_json":{"title":"HokaClifton 10 little kids - chaussures de course pour enfants - MioMioRun.com","description":"HOKA Clifton 10 Little Kids : chaussure de route l\u00e9g\u00e8re et amortissante pour enfants, avec fermeture velcro, d\u00e9tails r\u00e9fl\u00e9chissants et mat\u00e9riaux durables.","robots":{"index":"index","follow":"follow","max-snippet":"max-snippet:-1","max-image-preview":"max-image-preview:large","max-video-preview":"max-video-preview:-1"},"canonical":"https:\/\/www.miomiorun.com\/fr\/produit\/clifton-10-little-kids\/","og_locale":"fr_FR","og_type":"article","og_title":"HokaClifton 10 little kids - chaussures de course pour enfants - MioMioRun.com","og_description":"HOKA Clifton 10 Little Kids : chaussure de route l\u00e9g\u00e8re et amortissante pour enfants, avec fermeture velcro, d\u00e9tails r\u00e9fl\u00e9chissants et mat\u00e9riaux durables.","og_url":"https:\/\/www.miomiorun.com\/fr\/produit\/clifton-10-little-kids\/","og_site_name":"MioMioRun","article_publisher":"https:\/\/www.facebook.com\/miomiorun\/","article_modified_time":"2026-04-17T09:02:20+00:00","og_image":[{"width":720,"height":720,"url":"https:\/\/www.miomiorun.com\/app\/uploads\/2025\/09\/hoka-Clifton-10-little-kids-alpine-blue-foggy-1168873-ALF.webp","type":"image\/webp"}],"twitter_card":"summary_large_image","twitter_misc":{"Est. reading time":"2 minutes"},"schema":{"@context":"https:\/\/schema.org","@graph":[{"@type":"WebPage","@id":"https:\/\/www.miomiorun.com\/fr\/produit\/clifton-10-little-kids\/","url":"https:\/\/www.miomiorun.com\/fr\/produit\/clifton-10-little-kids\/","name":"HokaClifton 10 little kids - chaussures de course pour enfants - MioMioRun.com","isPartOf":{"@id":"https:\/\/www.miomiorun.com\/fr\/#website"},"primaryImageOfPage":{"@id":"https:\/\/www.miomiorun.com\/fr\/produit\/clifton-10-little-kids\/#primaryimage"},"image":{"@id":"https:\/\/www.miomiorun.com\/fr\/produit\/clifton-10-little-kids\/#primaryimage"},"thumbnailUrl":"https:\/\/www.miomiorun.com\/app\/uploads\/2025\/09\/hoka-Clifton-10-little-kids-alpine-blue-foggy-1168873-ALF.webp","datePublished":"2025-09-10T16:17:03+00:00","dateModified":"2026-04-17T09:02:20+00:00","description":"HOKA Clifton 10 Little Kids : chaussure de route l\u00e9g\u00e8re et amortissante pour enfants, avec fermeture velcro, d\u00e9tails r\u00e9fl\u00e9chissants et mat\u00e9riaux durables.","breadcrumb":{"@id":"https:\/\/www.miomiorun.com\/fr\/produit\/clifton-10-little-kids\/#breadcrumb"},"inLanguage":"fr-FR","potentialAction":[{"@type":"ReadAction","target":["https:\/\/www.miomiorun.com\/fr\/produit\/clifton-10-little-kids\/"]}]},{"@type":"ImageObject","inLanguage":"fr-FR","@id":"https:\/\/www.miomiorun.com\/fr\/produit\/clifton-10-little-kids\/#primaryimage","url":"https:\/\/www.miomiorun.com\/app\/uploads\/2025\/09\/hoka-Clifton-10-little-kids-alpine-blue-foggy-1168873-ALF.webp","contentUrl":"https:\/\/www.miomiorun.com\/app\/uploads\/2025\/09\/hoka-Clifton-10-little-kids-alpine-blue-foggy-1168873-ALF.webp","width":720,"height":720,"caption":"hoka Clifton 10 little kids alpine blue foggy 1168873 ALF"},{"@type":"BreadcrumbList","@id":"https:\/\/www.miomiorun.com\/fr\/produit\/clifton-10-little-kids\/#breadcrumb","itemListElement":[{"@type":"ListItem","position":1,"name":"Home","item":"https:\/\/www.miomiorun.com\/fr\/home-page\/"},{"@type":"ListItem","position":2,"name":"Shop","item":"https:\/\/www.miomiorun.com\/shop\/"},{"@type":"ListItem","position":3,"name":"Clifton 10 little kids"}]},{"@type":"WebSite","@id":"https:\/\/www.miomiorun.com\/fr\/#website","url":"https:\/\/www.miomiorun.com\/fr\/","name":"MioMioRun","description":"Boutique 100% running et trail","publisher":{"@id":"https:\/\/www.miomiorun.com\/fr\/#organization"},"potentialAction":[{"@type":"SearchAction","target":{"@type":"EntryPoint","urlTemplate":"https:\/\/www.miomiorun.com\/fr\/?s={search_term_string}"},"query-input":{"@type":"PropertyValueSpecification","valueRequired":true,"valueName":"search_term_string"}}],"inLanguage":"fr-FR"},{"@type":"Organization","@id":"https:\/\/www.miomiorun.com\/fr\/#organization","name":"MioMio Run","url":"https:\/\/www.miomiorun.com\/fr\/","logo":{"@type":"ImageObject","inLanguage":"fr-FR","@id":"https:\/\/www.miomiorun.com\/fr\/#\/schema\/logo\/image\/","url":"https:\/\/www.miomiorun.com\/app\/uploads\/2019\/12\/logomio.png","contentUrl":"https:\/\/www.miomiorun.com\/app\/uploads\/2019\/12\/logomio.png","width":115,"height":82,"caption":"MioMio Run"},"image":{"@id":"https:\/\/www.miomiorun.com\/fr\/#\/schema\/logo\/image\/"},"sameAs":["https:\/\/www.facebook.com\/miomiorun\/","https:\/\/www.instagram.com\/miomiorun\/"]}]}},"_links":{"self":[{"href":"https:\/\/www.miomiorun.com\/fr\/wp-json\/wp\/v2\/product\/346973","targetHints":{"allow":["GET"]}}],"collection":[{"href":"https:\/\/www.miomiorun.com\/fr\/wp-json\/wp\/v2\/product"}],"about":[{"href":"https:\/\/www.miomiorun.com\/fr\/wp-json\/wp\/v2\/types\/product"}],"wp:featuredmedia":[{"embeddable":true,"href":"https:\/\/www.miomiorun.com\/fr\/wp-json\/wp\/v2\/media\/351593"}],"wp:attachment":[{"href":"https:\/\/www.miomiorun.com\/fr\/wp-json\/wp\/v2\/media?parent=346973"}],"wp:term":[{"taxonomy":"product_brand","embeddable":true,"href":"https:\/\/www.miomiorun.com\/fr\/wp-json\/wp\/v2\/product_brand?post=346973"},{"taxonomy":"product_cat","embeddable":true,"href":"https:\/\/www.miomiorun.com\/fr\/wp-json\/wp\/v2\/product_cat?post=346973"},{"taxonomy":"product_tag","embeddable":true,"href":"https:\/\/www.miomiorun.com\/fr\/wp-json\/wp\/v2\/product_tag?post=346973"}],"curies":[{"name":"wp","href":"https:\/\/api.w.org\/{rel}","templated":true}]}}