{"id":346656,"date":"2025-09-10T17:31:19","date_gmt":"2025-09-10T15:31:19","guid":{"rendered":"https:\/\/www.miomiorun.com\/?post_type=product&#038;p=346656"},"modified":"2026-04-17T11:02:30","modified_gmt":"2026-04-17T09:02:30","slug":"notch-thermal-hoodie-3-0-femme","status":"publish","type":"product","link":"https:\/\/www.miomiorun.com\/fr\/produit\/notch-thermal-hoodie-3-0-femme\/","title":{"rendered":"Notch Thermal Hoodie 3.0 femme"},"content":{"rendered":"<p>Restez au chaud m\u00eame pendant les journ\u00e9es froides et sombres avec le sweat \u00e0 capuche Brooks Notch Thermal Hoodie 3.0 pour femme. Cette couche interm\u00e9diaire douce et thermique est con\u00e7ue pour offrir confort, chaleur et r\u00e9sistance aux odeurs, afin que vous puissiez rester fra\u00eeche et concentr\u00e9e pendant vos courses hivernales. La coupe semi-ajust\u00e9e \u00e9pouse la forme du corps sans limiter les mouvements, garantissant praticit\u00e9 et libert\u00e9.<\/p>\n<p>Le design comprend des d\u00e9tails r\u00e9fl\u00e9chissants \u00e0 l&#8217;arri\u00e8re pour une meilleure visibilit\u00e9 et des mitaines int\u00e9gr\u00e9es pour une protection suppl\u00e9mentaire contre le froid. Un sweat-shirt technique polyvalent, parfait pour affronter la saison froide.<\/p>\n<p>D\u00e9tails techniques :<br \/>\n&#8211; Coupe : semi-ajust\u00e9e<br \/>\n&#8211; Id\u00e9al pour : courir par temps froid<br \/>\n&#8211; Tissu thermique doux et l\u00e9ger<br \/>\n&#8211; R\u00e9sistant aux odeurs<br \/>\n&#8211; Finition r\u00e9fl\u00e9chissante \u00e0 l&#8217;arri\u00e8re pour une meilleure visibilit\u00e9<br \/>\n&#8211; Moufles int\u00e9gr\u00e9es<\/p>\n<p>Entretien : laver s\u00e9par\u00e9ment en machine, sans adoucissant ; s\u00e9cher \u00e0 basse temp\u00e9rature.<\/p>\n<p>&nbsp;<\/p>\n","protected":false},"excerpt":{"rendered":"<p>&#8211; Chaleur et l\u00e9g\u00e8ret\u00e9 optimales pour les journ\u00e9es froides<br \/>\n&#8211; Coupe semi-ajust\u00e9e qui suit les mouvements<br \/>\n&#8211; Tissu r\u00e9sistant aux odeurs pour un confort prolong\u00e9<br \/>\n&#8211; D\u00e9tails r\u00e9fl\u00e9chissants pour une meilleure visibilit\u00e9<br \/>\n&#8211; Moufles int\u00e9gr\u00e9es pour une protection suppl\u00e9mentaire<\/p>\n","protected":false},"featured_media":358403,"template":"","meta":{"_acf_changed":false,"inline_featured_image":false},"product_brand":[],"product_cat":[22601,22596],"product_tag":[23462,23656],"class_list":{"0":"post-346656","1":"product","2":"type-product","3":"status-publish","4":"has-post-thumbnail","6":"product_cat-maillots","7":"product_cat-vetements-pour-femmes","8":"product_tag-brooks-fr","9":"product_tag-brooks-femme","10":"pa_attivita-marcher","11":"pa_colore-notch-thermal-hoodie-3-0-w-magenta-fr","12":"pa_marca-brooks-fr","13":"pa_sesso-femme","14":"pa_size-extra-small-fr","16":"first","17":"instock","18":"sale","19":"taxable","20":"shipping-taxable","21":"purchasable","22":"product-type-variable","23":"wvs-archive-product-wrapper"},"acf":[],"yoast_head":"<!-- This site is optimized with the Yoast SEO plugin v26.8 - https:\/\/yoast.com\/product\/yoast-seo-wordpress\/ -->\n<title>Notch Thermal Hoodie 3.0 femme - Maillot de course \u00e0 pied - MioMioRun<\/title>\n<meta name=\"description\" content=\"Notch Thermal Hoodie 3.0 : sweat-shirt thermique \u00e0 capuche, r\u00e9fl\u00e9chissant, r\u00e9sistant aux odeurs et avec moufles int\u00e9gr\u00e9es. Confort et chaleur pour les courses hivernales.\" \/>\n<meta name=\"robots\" content=\"index, follow, max-snippet:-1, max-image-preview:large, max-video-preview:-1\" \/>\n<link rel=\"canonical\" href=\"https:\/\/www.miomiorun.com\/fr\/produit\/notch-thermal-hoodie-3-0-femme\/\" \/>\n<meta property=\"og:locale\" content=\"fr_FR\" \/>\n<meta property=\"og:type\" content=\"article\" \/>\n<meta property=\"og:title\" content=\"Notch Thermal Hoodie 3.0 femme - Maillot de course \u00e0 pied - MioMioRun\" \/>\n<meta property=\"og:description\" content=\"Notch Thermal Hoodie 3.0 : sweat-shirt thermique \u00e0 capuche, r\u00e9fl\u00e9chissant, r\u00e9sistant aux odeurs et avec moufles int\u00e9gr\u00e9es. Confort et chaleur pour les courses hivernales.\" \/>\n<meta property=\"og:url\" content=\"https:\/\/www.miomiorun.com\/fr\/produit\/notch-thermal-hoodie-3-0-femme\/\" \/>\n<meta property=\"og:site_name\" content=\"MioMioRun\" \/>\n<meta property=\"article:publisher\" content=\"https:\/\/www.facebook.com\/miomiorun\/\" \/>\n<meta property=\"article:modified_time\" content=\"2026-04-17T09:02:30+00:00\" \/>\n<meta property=\"og:image\" content=\"https:\/\/www.miomiorun.com\/app\/uploads\/2025\/10\/brooks-Notch-thermal-hoodie-3.0-W-magenta-221738588.webp\" \/>\n\t<meta property=\"og:image:width\" content=\"720\" \/>\n\t<meta property=\"og:image:height\" content=\"720\" \/>\n\t<meta property=\"og:image:type\" content=\"image\/webp\" \/>\n<meta name=\"twitter:card\" content=\"summary_large_image\" \/>\n<meta name=\"twitter:label1\" content=\"Est. reading time\" \/>\n\t<meta name=\"twitter:data1\" content=\"1 minute\" \/>\n<script type=\"application\/ld+json\" class=\"yoast-schema-graph\">{\"@context\":\"https:\/\/schema.org\",\"@graph\":[{\"@type\":\"WebPage\",\"@id\":\"https:\/\/www.miomiorun.com\/fr\/produit\/notch-thermal-hoodie-3-0-femme\/\",\"url\":\"https:\/\/www.miomiorun.com\/fr\/produit\/notch-thermal-hoodie-3-0-femme\/\",\"name\":\"Notch Thermal Hoodie 3.0 femme - Maillot de course \u00e0 pied - MioMioRun\",\"isPartOf\":{\"@id\":\"https:\/\/www.miomiorun.com\/fr\/#website\"},\"primaryImageOfPage\":{\"@id\":\"https:\/\/www.miomiorun.com\/fr\/produit\/notch-thermal-hoodie-3-0-femme\/#primaryimage\"},\"image\":{\"@id\":\"https:\/\/www.miomiorun.com\/fr\/produit\/notch-thermal-hoodie-3-0-femme\/#primaryimage\"},\"thumbnailUrl\":\"https:\/\/www.miomiorun.com\/app\/uploads\/2025\/10\/brooks-Notch-thermal-hoodie-3.0-W-magenta-221738588.webp\",\"datePublished\":\"2025-09-10T15:31:19+00:00\",\"dateModified\":\"2026-04-17T09:02:30+00:00\",\"description\":\"Notch Thermal Hoodie 3.0 : sweat-shirt thermique \u00e0 capuche, r\u00e9fl\u00e9chissant, r\u00e9sistant aux odeurs et avec moufles int\u00e9gr\u00e9es. Confort et chaleur pour les courses hivernales.\",\"breadcrumb\":{\"@id\":\"https:\/\/www.miomiorun.com\/fr\/produit\/notch-thermal-hoodie-3-0-femme\/#breadcrumb\"},\"inLanguage\":\"fr-FR\",\"potentialAction\":[{\"@type\":\"ReadAction\",\"target\":[\"https:\/\/www.miomiorun.com\/fr\/produit\/notch-thermal-hoodie-3-0-femme\/\"]}]},{\"@type\":\"ImageObject\",\"inLanguage\":\"fr-FR\",\"@id\":\"https:\/\/www.miomiorun.com\/fr\/produit\/notch-thermal-hoodie-3-0-femme\/#primaryimage\",\"url\":\"https:\/\/www.miomiorun.com\/app\/uploads\/2025\/10\/brooks-Notch-thermal-hoodie-3.0-W-magenta-221738588.webp\",\"contentUrl\":\"https:\/\/www.miomiorun.com\/app\/uploads\/2025\/10\/brooks-Notch-thermal-hoodie-3.0-W-magenta-221738588.webp\",\"width\":720,\"height\":720,\"caption\":\"brooks Notch thermal hoodie 3.0 W magenta 221738588\"},{\"@type\":\"BreadcrumbList\",\"@id\":\"https:\/\/www.miomiorun.com\/fr\/produit\/notch-thermal-hoodie-3-0-femme\/#breadcrumb\",\"itemListElement\":[{\"@type\":\"ListItem\",\"position\":1,\"name\":\"Home\",\"item\":\"https:\/\/www.miomiorun.com\/fr\/home-page\/\"},{\"@type\":\"ListItem\",\"position\":2,\"name\":\"Shop\",\"item\":\"https:\/\/www.miomiorun.com\/shop\/\"},{\"@type\":\"ListItem\",\"position\":3,\"name\":\"Notch Thermal Hoodie 3.0 femme\"}]},{\"@type\":\"WebSite\",\"@id\":\"https:\/\/www.miomiorun.com\/fr\/#website\",\"url\":\"https:\/\/www.miomiorun.com\/fr\/\",\"name\":\"MioMioRun\",\"description\":\"Boutique 100% running et trail\",\"publisher\":{\"@id\":\"https:\/\/www.miomiorun.com\/fr\/#organization\"},\"potentialAction\":[{\"@type\":\"SearchAction\",\"target\":{\"@type\":\"EntryPoint\",\"urlTemplate\":\"https:\/\/www.miomiorun.com\/fr\/?s={search_term_string}\"},\"query-input\":{\"@type\":\"PropertyValueSpecification\",\"valueRequired\":true,\"valueName\":\"search_term_string\"}}],\"inLanguage\":\"fr-FR\"},{\"@type\":\"Organization\",\"@id\":\"https:\/\/www.miomiorun.com\/fr\/#organization\",\"name\":\"MioMio Run\",\"url\":\"https:\/\/www.miomiorun.com\/fr\/\",\"logo\":{\"@type\":\"ImageObject\",\"inLanguage\":\"fr-FR\",\"@id\":\"https:\/\/www.miomiorun.com\/fr\/#\/schema\/logo\/image\/\",\"url\":\"https:\/\/www.miomiorun.com\/app\/uploads\/2019\/12\/logomio.png\",\"contentUrl\":\"https:\/\/www.miomiorun.com\/app\/uploads\/2019\/12\/logomio.png\",\"width\":115,\"height\":82,\"caption\":\"MioMio Run\"},\"image\":{\"@id\":\"https:\/\/www.miomiorun.com\/fr\/#\/schema\/logo\/image\/\"},\"sameAs\":[\"https:\/\/www.facebook.com\/miomiorun\/\",\"https:\/\/www.instagram.com\/miomiorun\/\"]}]}<\/script>\n<!-- \/ Yoast SEO plugin. -->","yoast_head_json":{"title":"Notch Thermal Hoodie 3.0 femme - Maillot de course \u00e0 pied - MioMioRun","description":"Notch Thermal Hoodie 3.0 : sweat-shirt thermique \u00e0 capuche, r\u00e9fl\u00e9chissant, r\u00e9sistant aux odeurs et avec moufles int\u00e9gr\u00e9es. Confort et chaleur pour les courses hivernales.","robots":{"index":"index","follow":"follow","max-snippet":"max-snippet:-1","max-image-preview":"max-image-preview:large","max-video-preview":"max-video-preview:-1"},"canonical":"https:\/\/www.miomiorun.com\/fr\/produit\/notch-thermal-hoodie-3-0-femme\/","og_locale":"fr_FR","og_type":"article","og_title":"Notch Thermal Hoodie 3.0 femme - Maillot de course \u00e0 pied - MioMioRun","og_description":"Notch Thermal Hoodie 3.0 : sweat-shirt thermique \u00e0 capuche, r\u00e9fl\u00e9chissant, r\u00e9sistant aux odeurs et avec moufles int\u00e9gr\u00e9es. Confort et chaleur pour les courses hivernales.","og_url":"https:\/\/www.miomiorun.com\/fr\/produit\/notch-thermal-hoodie-3-0-femme\/","og_site_name":"MioMioRun","article_publisher":"https:\/\/www.facebook.com\/miomiorun\/","article_modified_time":"2026-04-17T09:02:30+00:00","og_image":[{"width":720,"height":720,"url":"https:\/\/www.miomiorun.com\/app\/uploads\/2025\/10\/brooks-Notch-thermal-hoodie-3.0-W-magenta-221738588.webp","type":"image\/webp"}],"twitter_card":"summary_large_image","twitter_misc":{"Est. reading time":"1 minute"},"schema":{"@context":"https:\/\/schema.org","@graph":[{"@type":"WebPage","@id":"https:\/\/www.miomiorun.com\/fr\/produit\/notch-thermal-hoodie-3-0-femme\/","url":"https:\/\/www.miomiorun.com\/fr\/produit\/notch-thermal-hoodie-3-0-femme\/","name":"Notch Thermal Hoodie 3.0 femme - Maillot de course \u00e0 pied - MioMioRun","isPartOf":{"@id":"https:\/\/www.miomiorun.com\/fr\/#website"},"primaryImageOfPage":{"@id":"https:\/\/www.miomiorun.com\/fr\/produit\/notch-thermal-hoodie-3-0-femme\/#primaryimage"},"image":{"@id":"https:\/\/www.miomiorun.com\/fr\/produit\/notch-thermal-hoodie-3-0-femme\/#primaryimage"},"thumbnailUrl":"https:\/\/www.miomiorun.com\/app\/uploads\/2025\/10\/brooks-Notch-thermal-hoodie-3.0-W-magenta-221738588.webp","datePublished":"2025-09-10T15:31:19+00:00","dateModified":"2026-04-17T09:02:30+00:00","description":"Notch Thermal Hoodie 3.0 : sweat-shirt thermique \u00e0 capuche, r\u00e9fl\u00e9chissant, r\u00e9sistant aux odeurs et avec moufles int\u00e9gr\u00e9es. Confort et chaleur pour les courses hivernales.","breadcrumb":{"@id":"https:\/\/www.miomiorun.com\/fr\/produit\/notch-thermal-hoodie-3-0-femme\/#breadcrumb"},"inLanguage":"fr-FR","potentialAction":[{"@type":"ReadAction","target":["https:\/\/www.miomiorun.com\/fr\/produit\/notch-thermal-hoodie-3-0-femme\/"]}]},{"@type":"ImageObject","inLanguage":"fr-FR","@id":"https:\/\/www.miomiorun.com\/fr\/produit\/notch-thermal-hoodie-3-0-femme\/#primaryimage","url":"https:\/\/www.miomiorun.com\/app\/uploads\/2025\/10\/brooks-Notch-thermal-hoodie-3.0-W-magenta-221738588.webp","contentUrl":"https:\/\/www.miomiorun.com\/app\/uploads\/2025\/10\/brooks-Notch-thermal-hoodie-3.0-W-magenta-221738588.webp","width":720,"height":720,"caption":"brooks Notch thermal hoodie 3.0 W magenta 221738588"},{"@type":"BreadcrumbList","@id":"https:\/\/www.miomiorun.com\/fr\/produit\/notch-thermal-hoodie-3-0-femme\/#breadcrumb","itemListElement":[{"@type":"ListItem","position":1,"name":"Home","item":"https:\/\/www.miomiorun.com\/fr\/home-page\/"},{"@type":"ListItem","position":2,"name":"Shop","item":"https:\/\/www.miomiorun.com\/shop\/"},{"@type":"ListItem","position":3,"name":"Notch Thermal Hoodie 3.0 femme"}]},{"@type":"WebSite","@id":"https:\/\/www.miomiorun.com\/fr\/#website","url":"https:\/\/www.miomiorun.com\/fr\/","name":"MioMioRun","description":"Boutique 100% running et trail","publisher":{"@id":"https:\/\/www.miomiorun.com\/fr\/#organization"},"potentialAction":[{"@type":"SearchAction","target":{"@type":"EntryPoint","urlTemplate":"https:\/\/www.miomiorun.com\/fr\/?s={search_term_string}"},"query-input":{"@type":"PropertyValueSpecification","valueRequired":true,"valueName":"search_term_string"}}],"inLanguage":"fr-FR"},{"@type":"Organization","@id":"https:\/\/www.miomiorun.com\/fr\/#organization","name":"MioMio Run","url":"https:\/\/www.miomiorun.com\/fr\/","logo":{"@type":"ImageObject","inLanguage":"fr-FR","@id":"https:\/\/www.miomiorun.com\/fr\/#\/schema\/logo\/image\/","url":"https:\/\/www.miomiorun.com\/app\/uploads\/2019\/12\/logomio.png","contentUrl":"https:\/\/www.miomiorun.com\/app\/uploads\/2019\/12\/logomio.png","width":115,"height":82,"caption":"MioMio Run"},"image":{"@id":"https:\/\/www.miomiorun.com\/fr\/#\/schema\/logo\/image\/"},"sameAs":["https:\/\/www.facebook.com\/miomiorun\/","https:\/\/www.instagram.com\/miomiorun\/"]}]}},"_links":{"self":[{"href":"https:\/\/www.miomiorun.com\/fr\/wp-json\/wp\/v2\/product\/346656","targetHints":{"allow":["GET"]}}],"collection":[{"href":"https:\/\/www.miomiorun.com\/fr\/wp-json\/wp\/v2\/product"}],"about":[{"href":"https:\/\/www.miomiorun.com\/fr\/wp-json\/wp\/v2\/types\/product"}],"wp:featuredmedia":[{"embeddable":true,"href":"https:\/\/www.miomiorun.com\/fr\/wp-json\/wp\/v2\/media\/358403"}],"wp:attachment":[{"href":"https:\/\/www.miomiorun.com\/fr\/wp-json\/wp\/v2\/media?parent=346656"}],"wp:term":[{"taxonomy":"product_brand","embeddable":true,"href":"https:\/\/www.miomiorun.com\/fr\/wp-json\/wp\/v2\/product_brand?post=346656"},{"taxonomy":"product_cat","embeddable":true,"href":"https:\/\/www.miomiorun.com\/fr\/wp-json\/wp\/v2\/product_cat?post=346656"},{"taxonomy":"product_tag","embeddable":true,"href":"https:\/\/www.miomiorun.com\/fr\/wp-json\/wp\/v2\/product_tag?post=346656"}],"curies":[{"name":"wp","href":"https:\/\/api.w.org\/{rel}","templated":true}]}}