{"id":346650,"date":"2025-09-10T17:31:17","date_gmt":"2025-09-10T15:31:17","guid":{"rendered":"https:\/\/www.miomiorun.com\/?post_type=product&#038;p=346650"},"modified":"2026-04-17T11:02:43","modified_gmt":"2026-04-17T09:02:43","slug":"notch-thermal-hoodie-3-0-homme","status":"publish","type":"product","link":"https:\/\/www.miomiorun.com\/fr\/produit\/notch-thermal-hoodie-3-0-homme\/","title":{"rendered":"Notch Thermal Hoodie 3.0 homme"},"content":{"rendered":"<p>Le Brooks Notch Thermal Hoodie 3.0 pour homme est un sweat-shirt thermique \u00e0 capuche optimis\u00e9 pour les journ\u00e9es froides et sombres. Il offre chaleur, douceur et r\u00e9sistance aux odeurs, ce qui en fait la couche id\u00e9ale pour courir ou s&#8217;entra\u00eener en hiver. Sa coupe semi-ajust\u00e9e \u00e9pouse la forme du corps, garantissant confort et libert\u00e9 de mouvement.<\/p>\n<p>Des d\u00e9tails r\u00e9fl\u00e9chissants \u00e0 l&#8217;arri\u00e8re am\u00e9liorent la visibilit\u00e9 dans des conditions de faible luminosit\u00e9, tandis que la protection UPF 50+ aide \u00e0 prot\u00e9ger des rayons du soleil. Un v\u00eatement technique, polyvalent et indispensable pour affronter les saisons froides avec un maximum de confort.<\/p>\n<p>D\u00e9tails techniques :<br \/>\n&#8211; Coupe : semi-ajust\u00e9e<br \/>\n&#8211; Optimis\u00e9e pour : la course par temps froid<br \/>\n&#8211; Structure : tissu thermique doux et l\u00e9ger<br \/>\n&#8211; R\u00e9sistante aux odeurs<br \/>\n&#8211; Finition r\u00e9fl\u00e9chissante \u00e0 l&#8217;arri\u00e8re pour une meilleure visibilit\u00e9<br \/>\n&#8211; Protection solaire UPF 50+<\/p>\n<p>Entretien : laver en machine s\u00e9par\u00e9ment, sans adoucissant ; s\u00e9cher \u00e0 basse temp\u00e9rature.<\/p>\n<p>&nbsp;<\/p>\n","protected":false},"excerpt":{"rendered":"<p>&#8211; Chaleur et l\u00e9g\u00e8ret\u00e9 id\u00e9ales pour les climats froids<br \/>\n&#8211; Coupe semi-ajust\u00e9e pour plus de confort et de libert\u00e9 de mouvement<br \/>\n&#8211; R\u00e9sistant aux odeurs pour une utilisation prolong\u00e9e<br \/>\n&#8211; D\u00e9tails r\u00e9fl\u00e9chissants pour une meilleure visibilit\u00e9<br \/>\n&#8211; Protection solaire UPF 50+<\/p>\n","protected":false},"featured_media":358381,"template":"","meta":{"_acf_changed":false,"inline_featured_image":false},"product_brand":[],"product_cat":[24478,24482],"product_tag":[23462,23655],"class_list":{"0":"post-346650","1":"product","2":"type-product","3":"status-publish","4":"has-post-thumbnail","6":"product_cat-maillots-fr-2","7":"product_cat-vetements-pour-hommes-fr","8":"product_tag-brooks-fr","9":"product_tag-brooks-homme","10":"pa_attivita-marcher","11":"pa_attivita-running-fr","12":"pa_colore-notch-thermal-hoodie-3-0-neo-blue-fr","13":"pa_marca-brooks-fr","14":"pa_sesso-homme","15":"pa_size-medium-fr","16":"pa_size-large-fr","18":"first","19":"instock","20":"sale","21":"taxable","22":"shipping-taxable","23":"purchasable","24":"product-type-variable","25":"wvs-archive-product-wrapper"},"acf":[],"yoast_head":"<!-- This site is optimized with the Yoast SEO plugin v26.8 - https:\/\/yoast.com\/product\/yoast-seo-wordpress\/ -->\n<title>Brooks Notch Thermal Hoodie 3.0 homme -Maillot de course \u00e0 pied - MioMioRun<\/title>\n<meta name=\"description\" content=\"Notch Thermal Hoodie 3.0 : sweat-shirt thermique \u00e0 capuche, r\u00e9fl\u00e9chissant, r\u00e9sistant aux odeurs et avec protection UPF 50+. Confort et chaleur pendant les journ\u00e9es froides.\" \/>\n<meta name=\"robots\" content=\"index, follow, max-snippet:-1, max-image-preview:large, max-video-preview:-1\" \/>\n<link rel=\"canonical\" href=\"https:\/\/www.miomiorun.com\/fr\/produit\/notch-thermal-hoodie-3-0-homme\/\" \/>\n<meta property=\"og:locale\" content=\"fr_FR\" \/>\n<meta property=\"og:type\" content=\"article\" \/>\n<meta property=\"og:title\" content=\"Brooks Notch Thermal Hoodie 3.0 homme -Maillot de course \u00e0 pied - MioMioRun\" \/>\n<meta property=\"og:description\" content=\"Notch Thermal Hoodie 3.0 : sweat-shirt thermique \u00e0 capuche, r\u00e9fl\u00e9chissant, r\u00e9sistant aux odeurs et avec protection UPF 50+. Confort et chaleur pendant les journ\u00e9es froides.\" \/>\n<meta property=\"og:url\" content=\"https:\/\/www.miomiorun.com\/fr\/produit\/notch-thermal-hoodie-3-0-homme\/\" \/>\n<meta property=\"og:site_name\" content=\"MioMioRun\" \/>\n<meta property=\"article:publisher\" content=\"https:\/\/www.facebook.com\/miomiorun\/\" \/>\n<meta property=\"article:modified_time\" content=\"2026-04-17T09:02:43+00:00\" \/>\n<meta property=\"og:image\" content=\"https:\/\/www.miomiorun.com\/app\/uploads\/2025\/10\/brooks-Notch-thermal-hoodie-3.0-neo-blue-211569448.webp\" \/>\n\t<meta property=\"og:image:width\" content=\"720\" \/>\n\t<meta property=\"og:image:height\" content=\"720\" \/>\n\t<meta property=\"og:image:type\" content=\"image\/webp\" \/>\n<meta name=\"twitter:card\" content=\"summary_large_image\" \/>\n<meta name=\"twitter:label1\" content=\"Est. reading time\" \/>\n\t<meta name=\"twitter:data1\" content=\"1 minute\" \/>\n<script type=\"application\/ld+json\" class=\"yoast-schema-graph\">{\"@context\":\"https:\/\/schema.org\",\"@graph\":[{\"@type\":\"WebPage\",\"@id\":\"https:\/\/www.miomiorun.com\/fr\/produit\/notch-thermal-hoodie-3-0-homme\/\",\"url\":\"https:\/\/www.miomiorun.com\/fr\/produit\/notch-thermal-hoodie-3-0-homme\/\",\"name\":\"Brooks Notch Thermal Hoodie 3.0 homme -Maillot de course \u00e0 pied - MioMioRun\",\"isPartOf\":{\"@id\":\"https:\/\/www.miomiorun.com\/fr\/#website\"},\"primaryImageOfPage\":{\"@id\":\"https:\/\/www.miomiorun.com\/fr\/produit\/notch-thermal-hoodie-3-0-homme\/#primaryimage\"},\"image\":{\"@id\":\"https:\/\/www.miomiorun.com\/fr\/produit\/notch-thermal-hoodie-3-0-homme\/#primaryimage\"},\"thumbnailUrl\":\"https:\/\/www.miomiorun.com\/app\/uploads\/2025\/10\/brooks-Notch-thermal-hoodie-3.0-neo-blue-211569448.webp\",\"datePublished\":\"2025-09-10T15:31:17+00:00\",\"dateModified\":\"2026-04-17T09:02:43+00:00\",\"description\":\"Notch Thermal Hoodie 3.0 : sweat-shirt thermique \u00e0 capuche, r\u00e9fl\u00e9chissant, r\u00e9sistant aux odeurs et avec protection UPF 50+. Confort et chaleur pendant les journ\u00e9es froides.\",\"breadcrumb\":{\"@id\":\"https:\/\/www.miomiorun.com\/fr\/produit\/notch-thermal-hoodie-3-0-homme\/#breadcrumb\"},\"inLanguage\":\"fr-FR\",\"potentialAction\":[{\"@type\":\"ReadAction\",\"target\":[\"https:\/\/www.miomiorun.com\/fr\/produit\/notch-thermal-hoodie-3-0-homme\/\"]}]},{\"@type\":\"ImageObject\",\"inLanguage\":\"fr-FR\",\"@id\":\"https:\/\/www.miomiorun.com\/fr\/produit\/notch-thermal-hoodie-3-0-homme\/#primaryimage\",\"url\":\"https:\/\/www.miomiorun.com\/app\/uploads\/2025\/10\/brooks-Notch-thermal-hoodie-3.0-neo-blue-211569448.webp\",\"contentUrl\":\"https:\/\/www.miomiorun.com\/app\/uploads\/2025\/10\/brooks-Notch-thermal-hoodie-3.0-neo-blue-211569448.webp\",\"width\":720,\"height\":720,\"caption\":\"brooks Notch thermal hoodie 3.0 neo blue 211569448\"},{\"@type\":\"BreadcrumbList\",\"@id\":\"https:\/\/www.miomiorun.com\/fr\/produit\/notch-thermal-hoodie-3-0-homme\/#breadcrumb\",\"itemListElement\":[{\"@type\":\"ListItem\",\"position\":1,\"name\":\"Home\",\"item\":\"https:\/\/www.miomiorun.com\/fr\/home-page\/\"},{\"@type\":\"ListItem\",\"position\":2,\"name\":\"Shop\",\"item\":\"https:\/\/www.miomiorun.com\/shop\/\"},{\"@type\":\"ListItem\",\"position\":3,\"name\":\"Notch Thermal Hoodie 3.0 homme\"}]},{\"@type\":\"WebSite\",\"@id\":\"https:\/\/www.miomiorun.com\/fr\/#website\",\"url\":\"https:\/\/www.miomiorun.com\/fr\/\",\"name\":\"MioMioRun\",\"description\":\"Boutique 100% running et trail\",\"publisher\":{\"@id\":\"https:\/\/www.miomiorun.com\/fr\/#organization\"},\"potentialAction\":[{\"@type\":\"SearchAction\",\"target\":{\"@type\":\"EntryPoint\",\"urlTemplate\":\"https:\/\/www.miomiorun.com\/fr\/?s={search_term_string}\"},\"query-input\":{\"@type\":\"PropertyValueSpecification\",\"valueRequired\":true,\"valueName\":\"search_term_string\"}}],\"inLanguage\":\"fr-FR\"},{\"@type\":\"Organization\",\"@id\":\"https:\/\/www.miomiorun.com\/fr\/#organization\",\"name\":\"MioMio Run\",\"url\":\"https:\/\/www.miomiorun.com\/fr\/\",\"logo\":{\"@type\":\"ImageObject\",\"inLanguage\":\"fr-FR\",\"@id\":\"https:\/\/www.miomiorun.com\/fr\/#\/schema\/logo\/image\/\",\"url\":\"https:\/\/www.miomiorun.com\/app\/uploads\/2019\/12\/logomio.png\",\"contentUrl\":\"https:\/\/www.miomiorun.com\/app\/uploads\/2019\/12\/logomio.png\",\"width\":115,\"height\":82,\"caption\":\"MioMio Run\"},\"image\":{\"@id\":\"https:\/\/www.miomiorun.com\/fr\/#\/schema\/logo\/image\/\"},\"sameAs\":[\"https:\/\/www.facebook.com\/miomiorun\/\",\"https:\/\/www.instagram.com\/miomiorun\/\"]}]}<\/script>\n<!-- \/ Yoast SEO plugin. -->","yoast_head_json":{"title":"Brooks Notch Thermal Hoodie 3.0 homme -Maillot de course \u00e0 pied - MioMioRun","description":"Notch Thermal Hoodie 3.0 : sweat-shirt thermique \u00e0 capuche, r\u00e9fl\u00e9chissant, r\u00e9sistant aux odeurs et avec protection UPF 50+. Confort et chaleur pendant les journ\u00e9es froides.","robots":{"index":"index","follow":"follow","max-snippet":"max-snippet:-1","max-image-preview":"max-image-preview:large","max-video-preview":"max-video-preview:-1"},"canonical":"https:\/\/www.miomiorun.com\/fr\/produit\/notch-thermal-hoodie-3-0-homme\/","og_locale":"fr_FR","og_type":"article","og_title":"Brooks Notch Thermal Hoodie 3.0 homme -Maillot de course \u00e0 pied - MioMioRun","og_description":"Notch Thermal Hoodie 3.0 : sweat-shirt thermique \u00e0 capuche, r\u00e9fl\u00e9chissant, r\u00e9sistant aux odeurs et avec protection UPF 50+. Confort et chaleur pendant les journ\u00e9es froides.","og_url":"https:\/\/www.miomiorun.com\/fr\/produit\/notch-thermal-hoodie-3-0-homme\/","og_site_name":"MioMioRun","article_publisher":"https:\/\/www.facebook.com\/miomiorun\/","article_modified_time":"2026-04-17T09:02:43+00:00","og_image":[{"width":720,"height":720,"url":"https:\/\/www.miomiorun.com\/app\/uploads\/2025\/10\/brooks-Notch-thermal-hoodie-3.0-neo-blue-211569448.webp","type":"image\/webp"}],"twitter_card":"summary_large_image","twitter_misc":{"Est. reading time":"1 minute"},"schema":{"@context":"https:\/\/schema.org","@graph":[{"@type":"WebPage","@id":"https:\/\/www.miomiorun.com\/fr\/produit\/notch-thermal-hoodie-3-0-homme\/","url":"https:\/\/www.miomiorun.com\/fr\/produit\/notch-thermal-hoodie-3-0-homme\/","name":"Brooks Notch Thermal Hoodie 3.0 homme -Maillot de course \u00e0 pied - MioMioRun","isPartOf":{"@id":"https:\/\/www.miomiorun.com\/fr\/#website"},"primaryImageOfPage":{"@id":"https:\/\/www.miomiorun.com\/fr\/produit\/notch-thermal-hoodie-3-0-homme\/#primaryimage"},"image":{"@id":"https:\/\/www.miomiorun.com\/fr\/produit\/notch-thermal-hoodie-3-0-homme\/#primaryimage"},"thumbnailUrl":"https:\/\/www.miomiorun.com\/app\/uploads\/2025\/10\/brooks-Notch-thermal-hoodie-3.0-neo-blue-211569448.webp","datePublished":"2025-09-10T15:31:17+00:00","dateModified":"2026-04-17T09:02:43+00:00","description":"Notch Thermal Hoodie 3.0 : sweat-shirt thermique \u00e0 capuche, r\u00e9fl\u00e9chissant, r\u00e9sistant aux odeurs et avec protection UPF 50+. Confort et chaleur pendant les journ\u00e9es froides.","breadcrumb":{"@id":"https:\/\/www.miomiorun.com\/fr\/produit\/notch-thermal-hoodie-3-0-homme\/#breadcrumb"},"inLanguage":"fr-FR","potentialAction":[{"@type":"ReadAction","target":["https:\/\/www.miomiorun.com\/fr\/produit\/notch-thermal-hoodie-3-0-homme\/"]}]},{"@type":"ImageObject","inLanguage":"fr-FR","@id":"https:\/\/www.miomiorun.com\/fr\/produit\/notch-thermal-hoodie-3-0-homme\/#primaryimage","url":"https:\/\/www.miomiorun.com\/app\/uploads\/2025\/10\/brooks-Notch-thermal-hoodie-3.0-neo-blue-211569448.webp","contentUrl":"https:\/\/www.miomiorun.com\/app\/uploads\/2025\/10\/brooks-Notch-thermal-hoodie-3.0-neo-blue-211569448.webp","width":720,"height":720,"caption":"brooks Notch thermal hoodie 3.0 neo blue 211569448"},{"@type":"BreadcrumbList","@id":"https:\/\/www.miomiorun.com\/fr\/produit\/notch-thermal-hoodie-3-0-homme\/#breadcrumb","itemListElement":[{"@type":"ListItem","position":1,"name":"Home","item":"https:\/\/www.miomiorun.com\/fr\/home-page\/"},{"@type":"ListItem","position":2,"name":"Shop","item":"https:\/\/www.miomiorun.com\/shop\/"},{"@type":"ListItem","position":3,"name":"Notch Thermal Hoodie 3.0 homme"}]},{"@type":"WebSite","@id":"https:\/\/www.miomiorun.com\/fr\/#website","url":"https:\/\/www.miomiorun.com\/fr\/","name":"MioMioRun","description":"Boutique 100% running et trail","publisher":{"@id":"https:\/\/www.miomiorun.com\/fr\/#organization"},"potentialAction":[{"@type":"SearchAction","target":{"@type":"EntryPoint","urlTemplate":"https:\/\/www.miomiorun.com\/fr\/?s={search_term_string}"},"query-input":{"@type":"PropertyValueSpecification","valueRequired":true,"valueName":"search_term_string"}}],"inLanguage":"fr-FR"},{"@type":"Organization","@id":"https:\/\/www.miomiorun.com\/fr\/#organization","name":"MioMio Run","url":"https:\/\/www.miomiorun.com\/fr\/","logo":{"@type":"ImageObject","inLanguage":"fr-FR","@id":"https:\/\/www.miomiorun.com\/fr\/#\/schema\/logo\/image\/","url":"https:\/\/www.miomiorun.com\/app\/uploads\/2019\/12\/logomio.png","contentUrl":"https:\/\/www.miomiorun.com\/app\/uploads\/2019\/12\/logomio.png","width":115,"height":82,"caption":"MioMio Run"},"image":{"@id":"https:\/\/www.miomiorun.com\/fr\/#\/schema\/logo\/image\/"},"sameAs":["https:\/\/www.facebook.com\/miomiorun\/","https:\/\/www.instagram.com\/miomiorun\/"]}]}},"_links":{"self":[{"href":"https:\/\/www.miomiorun.com\/fr\/wp-json\/wp\/v2\/product\/346650","targetHints":{"allow":["GET"]}}],"collection":[{"href":"https:\/\/www.miomiorun.com\/fr\/wp-json\/wp\/v2\/product"}],"about":[{"href":"https:\/\/www.miomiorun.com\/fr\/wp-json\/wp\/v2\/types\/product"}],"wp:featuredmedia":[{"embeddable":true,"href":"https:\/\/www.miomiorun.com\/fr\/wp-json\/wp\/v2\/media\/358381"}],"wp:attachment":[{"href":"https:\/\/www.miomiorun.com\/fr\/wp-json\/wp\/v2\/media?parent=346650"}],"wp:term":[{"taxonomy":"product_brand","embeddable":true,"href":"https:\/\/www.miomiorun.com\/fr\/wp-json\/wp\/v2\/product_brand?post=346650"},{"taxonomy":"product_cat","embeddable":true,"href":"https:\/\/www.miomiorun.com\/fr\/wp-json\/wp\/v2\/product_cat?post=346650"},{"taxonomy":"product_tag","embeddable":true,"href":"https:\/\/www.miomiorun.com\/fr\/wp-json\/wp\/v2\/product_tag?post=346650"}],"curies":[{"name":"wp","href":"https:\/\/api.w.org\/{rel}","templated":true}]}}