{"id":346539,"date":"2025-09-10T17:01:04","date_gmt":"2025-09-10T15:01:04","guid":{"rendered":"https:\/\/www.miomiorun.com\/?post_type=product&#038;p=346539"},"modified":"2026-05-09T10:06:10","modified_gmt":"2026-05-09T08:06:10","slug":"momentum-thermal-tight-2-0-femme","status":"publish","type":"product","link":"https:\/\/www.miomiorun.com\/fr\/produit\/momentum-thermal-tight-2-0-femme\/","title":{"rendered":"Momentum Thermal Tight 2.0 femme"},"content":{"rendered":"<p>Le collant Brooks Momentum Thermal Tight 2.0 pour femme offre une chaleur fiable m\u00eame pendant les jours les plus froids de l&#8217;ann\u00e9e. Fabriqu\u00e9 dans un tissu extensible et offrant un bon maintien, il garantit une mobilit\u00e9 maximale et une coupe ajust\u00e9e qui \u00e9pouse le corps sans g\u00eaner les mouvements.<\/p>\n<p>La taille haute assure stabilit\u00e9 et confort, tandis que les deux poches lat\u00e9rales et la poche arri\u00e8re zipp\u00e9e permettent de transporter de petits objets en toute s\u00e9curit\u00e9. Le cordon de serrage interne permet un ajustement personnalis\u00e9, faisant de ce collant un v\u00eatement indispensable pour courir en hiver.<\/p>\n<p>D\u00e9tails techniques :<br \/>\n&#8211; Coupe : ajust\u00e9e<br \/>\n&#8211; Id\u00e9al pour : la course par temps froid<br \/>\n&#8211; Taille haute pour plus de stabilit\u00e9 et de confort<br \/>\n&#8211; Mati\u00e8re extensible et gainante pour une mobilit\u00e9 maximale<br \/>\n&#8211; Deux poches lat\u00e9rales + une poche arri\u00e8re zipp\u00e9e<br \/>\n&#8211; Cordon de serrage interne r\u00e9glable<br \/>\n&#8211; Entretien : laver en machine s\u00e9par\u00e9ment, sans adoucissant ; s\u00e9cher \u00e0 basse temp\u00e9rature<\/p>\n<p>&nbsp;<\/p>\n","protected":false},"excerpt":{"rendered":"<p>&#8211; Thermiques et optimis\u00e9s pour le froid<br \/>\n&#8211; Taille haute pour plus de stabilit\u00e9 et de confort<br \/>\n&#8211; Mati\u00e8re extensible avec soutien pour une mobilit\u00e9 maximale<br \/>\n&#8211; Deux poches lat\u00e9rales et une poche arri\u00e8re zipp\u00e9e<br \/>\n&#8211; Cordon de serrage interne pour un ajustement personnalis\u00e9<\/p>\n","protected":false},"featured_media":358363,"template":"","meta":{"_acf_changed":false,"inline_featured_image":false},"product_brand":[],"product_cat":[22603,22596],"product_tag":[23462,23656],"class_list":{"0":"post-346539","1":"product","2":"type-product","3":"status-publish","4":"has-post-thumbnail","6":"product_cat-pantalon-long","7":"product_cat-vetements-pour-femmes","8":"product_tag-brooks-fr","9":"product_tag-brooks-femme","10":"pa_attivita-marcher","11":"pa_attivita-running-fr","12":"pa_colore-momentum-thermal-tight-2-0-w-dk-nightsha-fr","13":"pa_marca-brooks-fr","14":"pa_sesso-femme","15":"pa_size-extra-small-fr","16":"pa_size-small-fr","17":"pa_size-medium-fr","18":"pa_size-large-fr","20":"first","21":"instock","22":"sale","23":"taxable","24":"shipping-taxable","25":"purchasable","26":"product-type-variable","27":"wvs-archive-product-wrapper"},"acf":[],"yoast_head":"<!-- This site is optimized with the Yoast SEO plugin v26.8 - https:\/\/yoast.com\/product\/yoast-seo-wordpress\/ -->\n<title>BrooksMomentum Thermal Tight 2.0 femme - Pantalons longs- MioMioRun<\/title>\n<meta name=\"description\" content=\"Brooks Momentum Thermal Tight 2.0 Femme : collant thermique taille haute avec poches et cordon de serrage, id\u00e9al pour courir en hiver tout en restant au chaud et en toute libert\u00e9 de mouvement.\" \/>\n<meta name=\"robots\" content=\"index, follow, max-snippet:-1, max-image-preview:large, max-video-preview:-1\" \/>\n<link rel=\"canonical\" href=\"https:\/\/www.miomiorun.com\/fr\/produit\/momentum-thermal-tight-2-0-femme\/\" \/>\n<meta property=\"og:locale\" content=\"fr_FR\" \/>\n<meta property=\"og:type\" content=\"article\" \/>\n<meta property=\"og:title\" content=\"BrooksMomentum Thermal Tight 2.0 femme - Pantalons longs- MioMioRun\" \/>\n<meta property=\"og:description\" content=\"Brooks Momentum Thermal Tight 2.0 Femme : collant thermique taille haute avec poches et cordon de serrage, id\u00e9al pour courir en hiver tout en restant au chaud et en toute libert\u00e9 de mouvement.\" \/>\n<meta property=\"og:url\" content=\"https:\/\/www.miomiorun.com\/fr\/produit\/momentum-thermal-tight-2-0-femme\/\" \/>\n<meta property=\"og:site_name\" content=\"MioMioRun\" \/>\n<meta property=\"article:publisher\" content=\"https:\/\/www.facebook.com\/miomiorun\/\" \/>\n<meta property=\"article:modified_time\" content=\"2026-05-09T08:06:10+00:00\" \/>\n<meta property=\"og:image\" content=\"https:\/\/www.miomiorun.com\/app\/uploads\/2025\/10\/brooks-Momentum-thermal-tight-2.0-W-dk-nightsha-221737459.webp\" \/>\n\t<meta property=\"og:image:width\" content=\"720\" \/>\n\t<meta property=\"og:image:height\" content=\"720\" \/>\n\t<meta property=\"og:image:type\" content=\"image\/webp\" \/>\n<meta name=\"twitter:card\" content=\"summary_large_image\" \/>\n<meta name=\"twitter:label1\" content=\"Est. reading time\" \/>\n\t<meta name=\"twitter:data1\" content=\"1 minute\" \/>\n<script type=\"application\/ld+json\" class=\"yoast-schema-graph\">{\"@context\":\"https:\/\/schema.org\",\"@graph\":[{\"@type\":\"WebPage\",\"@id\":\"https:\/\/www.miomiorun.com\/fr\/produit\/momentum-thermal-tight-2-0-femme\/\",\"url\":\"https:\/\/www.miomiorun.com\/fr\/produit\/momentum-thermal-tight-2-0-femme\/\",\"name\":\"BrooksMomentum Thermal Tight 2.0 femme - Pantalons longs- MioMioRun\",\"isPartOf\":{\"@id\":\"https:\/\/www.miomiorun.com\/fr\/#website\"},\"primaryImageOfPage\":{\"@id\":\"https:\/\/www.miomiorun.com\/fr\/produit\/momentum-thermal-tight-2-0-femme\/#primaryimage\"},\"image\":{\"@id\":\"https:\/\/www.miomiorun.com\/fr\/produit\/momentum-thermal-tight-2-0-femme\/#primaryimage\"},\"thumbnailUrl\":\"https:\/\/www.miomiorun.com\/app\/uploads\/2025\/10\/brooks-Momentum-thermal-tight-2.0-W-dk-nightsha-221737459.webp\",\"datePublished\":\"2025-09-10T15:01:04+00:00\",\"dateModified\":\"2026-05-09T08:06:10+00:00\",\"description\":\"Brooks Momentum Thermal Tight 2.0 Femme : collant thermique taille haute avec poches et cordon de serrage, id\u00e9al pour courir en hiver tout en restant au chaud et en toute libert\u00e9 de mouvement.\",\"breadcrumb\":{\"@id\":\"https:\/\/www.miomiorun.com\/fr\/produit\/momentum-thermal-tight-2-0-femme\/#breadcrumb\"},\"inLanguage\":\"fr-FR\",\"potentialAction\":[{\"@type\":\"ReadAction\",\"target\":[\"https:\/\/www.miomiorun.com\/fr\/produit\/momentum-thermal-tight-2-0-femme\/\"]}]},{\"@type\":\"ImageObject\",\"inLanguage\":\"fr-FR\",\"@id\":\"https:\/\/www.miomiorun.com\/fr\/produit\/momentum-thermal-tight-2-0-femme\/#primaryimage\",\"url\":\"https:\/\/www.miomiorun.com\/app\/uploads\/2025\/10\/brooks-Momentum-thermal-tight-2.0-W-dk-nightsha-221737459.webp\",\"contentUrl\":\"https:\/\/www.miomiorun.com\/app\/uploads\/2025\/10\/brooks-Momentum-thermal-tight-2.0-W-dk-nightsha-221737459.webp\",\"width\":720,\"height\":720,\"caption\":\"brooks Momentum thermal tight 2.0 W dk nightsha 221737459\"},{\"@type\":\"BreadcrumbList\",\"@id\":\"https:\/\/www.miomiorun.com\/fr\/produit\/momentum-thermal-tight-2-0-femme\/#breadcrumb\",\"itemListElement\":[{\"@type\":\"ListItem\",\"position\":1,\"name\":\"Home\",\"item\":\"https:\/\/www.miomiorun.com\/fr\/home-page\/\"},{\"@type\":\"ListItem\",\"position\":2,\"name\":\"Shop\",\"item\":\"https:\/\/www.miomiorun.com\/shop\/\"},{\"@type\":\"ListItem\",\"position\":3,\"name\":\"Momentum Thermal Tight 2.0 femme\"}]},{\"@type\":\"WebSite\",\"@id\":\"https:\/\/www.miomiorun.com\/fr\/#website\",\"url\":\"https:\/\/www.miomiorun.com\/fr\/\",\"name\":\"MioMioRun\",\"description\":\"Boutique 100% running et trail\",\"publisher\":{\"@id\":\"https:\/\/www.miomiorun.com\/fr\/#organization\"},\"potentialAction\":[{\"@type\":\"SearchAction\",\"target\":{\"@type\":\"EntryPoint\",\"urlTemplate\":\"https:\/\/www.miomiorun.com\/fr\/?s={search_term_string}\"},\"query-input\":{\"@type\":\"PropertyValueSpecification\",\"valueRequired\":true,\"valueName\":\"search_term_string\"}}],\"inLanguage\":\"fr-FR\"},{\"@type\":\"Organization\",\"@id\":\"https:\/\/www.miomiorun.com\/fr\/#organization\",\"name\":\"MioMio Run\",\"url\":\"https:\/\/www.miomiorun.com\/fr\/\",\"logo\":{\"@type\":\"ImageObject\",\"inLanguage\":\"fr-FR\",\"@id\":\"https:\/\/www.miomiorun.com\/fr\/#\/schema\/logo\/image\/\",\"url\":\"https:\/\/www.miomiorun.com\/app\/uploads\/2019\/12\/logomio.png\",\"contentUrl\":\"https:\/\/www.miomiorun.com\/app\/uploads\/2019\/12\/logomio.png\",\"width\":115,\"height\":82,\"caption\":\"MioMio Run\"},\"image\":{\"@id\":\"https:\/\/www.miomiorun.com\/fr\/#\/schema\/logo\/image\/\"},\"sameAs\":[\"https:\/\/www.facebook.com\/miomiorun\/\",\"https:\/\/www.instagram.com\/miomiorun\/\"]}]}<\/script>\n<!-- \/ Yoast SEO plugin. -->","yoast_head_json":{"title":"BrooksMomentum Thermal Tight 2.0 femme - Pantalons longs- MioMioRun","description":"Brooks Momentum Thermal Tight 2.0 Femme : collant thermique taille haute avec poches et cordon de serrage, id\u00e9al pour courir en hiver tout en restant au chaud et en toute libert\u00e9 de mouvement.","robots":{"index":"index","follow":"follow","max-snippet":"max-snippet:-1","max-image-preview":"max-image-preview:large","max-video-preview":"max-video-preview:-1"},"canonical":"https:\/\/www.miomiorun.com\/fr\/produit\/momentum-thermal-tight-2-0-femme\/","og_locale":"fr_FR","og_type":"article","og_title":"BrooksMomentum Thermal Tight 2.0 femme - Pantalons longs- MioMioRun","og_description":"Brooks Momentum Thermal Tight 2.0 Femme : collant thermique taille haute avec poches et cordon de serrage, id\u00e9al pour courir en hiver tout en restant au chaud et en toute libert\u00e9 de mouvement.","og_url":"https:\/\/www.miomiorun.com\/fr\/produit\/momentum-thermal-tight-2-0-femme\/","og_site_name":"MioMioRun","article_publisher":"https:\/\/www.facebook.com\/miomiorun\/","article_modified_time":"2026-05-09T08:06:10+00:00","og_image":[{"width":720,"height":720,"url":"https:\/\/www.miomiorun.com\/app\/uploads\/2025\/10\/brooks-Momentum-thermal-tight-2.0-W-dk-nightsha-221737459.webp","type":"image\/webp"}],"twitter_card":"summary_large_image","twitter_misc":{"Est. reading time":"1 minute"},"schema":{"@context":"https:\/\/schema.org","@graph":[{"@type":"WebPage","@id":"https:\/\/www.miomiorun.com\/fr\/produit\/momentum-thermal-tight-2-0-femme\/","url":"https:\/\/www.miomiorun.com\/fr\/produit\/momentum-thermal-tight-2-0-femme\/","name":"BrooksMomentum Thermal Tight 2.0 femme - Pantalons longs- MioMioRun","isPartOf":{"@id":"https:\/\/www.miomiorun.com\/fr\/#website"},"primaryImageOfPage":{"@id":"https:\/\/www.miomiorun.com\/fr\/produit\/momentum-thermal-tight-2-0-femme\/#primaryimage"},"image":{"@id":"https:\/\/www.miomiorun.com\/fr\/produit\/momentum-thermal-tight-2-0-femme\/#primaryimage"},"thumbnailUrl":"https:\/\/www.miomiorun.com\/app\/uploads\/2025\/10\/brooks-Momentum-thermal-tight-2.0-W-dk-nightsha-221737459.webp","datePublished":"2025-09-10T15:01:04+00:00","dateModified":"2026-05-09T08:06:10+00:00","description":"Brooks Momentum Thermal Tight 2.0 Femme : collant thermique taille haute avec poches et cordon de serrage, id\u00e9al pour courir en hiver tout en restant au chaud et en toute libert\u00e9 de mouvement.","breadcrumb":{"@id":"https:\/\/www.miomiorun.com\/fr\/produit\/momentum-thermal-tight-2-0-femme\/#breadcrumb"},"inLanguage":"fr-FR","potentialAction":[{"@type":"ReadAction","target":["https:\/\/www.miomiorun.com\/fr\/produit\/momentum-thermal-tight-2-0-femme\/"]}]},{"@type":"ImageObject","inLanguage":"fr-FR","@id":"https:\/\/www.miomiorun.com\/fr\/produit\/momentum-thermal-tight-2-0-femme\/#primaryimage","url":"https:\/\/www.miomiorun.com\/app\/uploads\/2025\/10\/brooks-Momentum-thermal-tight-2.0-W-dk-nightsha-221737459.webp","contentUrl":"https:\/\/www.miomiorun.com\/app\/uploads\/2025\/10\/brooks-Momentum-thermal-tight-2.0-W-dk-nightsha-221737459.webp","width":720,"height":720,"caption":"brooks Momentum thermal tight 2.0 W dk nightsha 221737459"},{"@type":"BreadcrumbList","@id":"https:\/\/www.miomiorun.com\/fr\/produit\/momentum-thermal-tight-2-0-femme\/#breadcrumb","itemListElement":[{"@type":"ListItem","position":1,"name":"Home","item":"https:\/\/www.miomiorun.com\/fr\/home-page\/"},{"@type":"ListItem","position":2,"name":"Shop","item":"https:\/\/www.miomiorun.com\/shop\/"},{"@type":"ListItem","position":3,"name":"Momentum Thermal Tight 2.0 femme"}]},{"@type":"WebSite","@id":"https:\/\/www.miomiorun.com\/fr\/#website","url":"https:\/\/www.miomiorun.com\/fr\/","name":"MioMioRun","description":"Boutique 100% running et trail","publisher":{"@id":"https:\/\/www.miomiorun.com\/fr\/#organization"},"potentialAction":[{"@type":"SearchAction","target":{"@type":"EntryPoint","urlTemplate":"https:\/\/www.miomiorun.com\/fr\/?s={search_term_string}"},"query-input":{"@type":"PropertyValueSpecification","valueRequired":true,"valueName":"search_term_string"}}],"inLanguage":"fr-FR"},{"@type":"Organization","@id":"https:\/\/www.miomiorun.com\/fr\/#organization","name":"MioMio Run","url":"https:\/\/www.miomiorun.com\/fr\/","logo":{"@type":"ImageObject","inLanguage":"fr-FR","@id":"https:\/\/www.miomiorun.com\/fr\/#\/schema\/logo\/image\/","url":"https:\/\/www.miomiorun.com\/app\/uploads\/2019\/12\/logomio.png","contentUrl":"https:\/\/www.miomiorun.com\/app\/uploads\/2019\/12\/logomio.png","width":115,"height":82,"caption":"MioMio Run"},"image":{"@id":"https:\/\/www.miomiorun.com\/fr\/#\/schema\/logo\/image\/"},"sameAs":["https:\/\/www.facebook.com\/miomiorun\/","https:\/\/www.instagram.com\/miomiorun\/"]}]}},"_links":{"self":[{"href":"https:\/\/www.miomiorun.com\/fr\/wp-json\/wp\/v2\/product\/346539","targetHints":{"allow":["GET"]}}],"collection":[{"href":"https:\/\/www.miomiorun.com\/fr\/wp-json\/wp\/v2\/product"}],"about":[{"href":"https:\/\/www.miomiorun.com\/fr\/wp-json\/wp\/v2\/types\/product"}],"wp:featuredmedia":[{"embeddable":true,"href":"https:\/\/www.miomiorun.com\/fr\/wp-json\/wp\/v2\/media\/358363"}],"wp:attachment":[{"href":"https:\/\/www.miomiorun.com\/fr\/wp-json\/wp\/v2\/media?parent=346539"}],"wp:term":[{"taxonomy":"product_brand","embeddable":true,"href":"https:\/\/www.miomiorun.com\/fr\/wp-json\/wp\/v2\/product_brand?post=346539"},{"taxonomy":"product_cat","embeddable":true,"href":"https:\/\/www.miomiorun.com\/fr\/wp-json\/wp\/v2\/product_cat?post=346539"},{"taxonomy":"product_tag","embeddable":true,"href":"https:\/\/www.miomiorun.com\/fr\/wp-json\/wp\/v2\/product_tag?post=346539"}],"curies":[{"name":"wp","href":"https:\/\/api.w.org\/{rel}","templated":true}]}}