{"id":346492,"date":"2025-09-10T16:47:12","date_gmt":"2025-09-10T14:47:12","guid":{"rendered":"https:\/\/www.miomiorun.com\/?post_type=product&#038;p=346492"},"modified":"2026-05-09T10:05:47","modified_gmt":"2026-05-09T08:05:47","slug":"dash-1-2-zip-3-0-femme","status":"publish","type":"product","link":"https:\/\/www.miomiorun.com\/fr\/produit\/dash-1-2-zip-3-0-femme\/","title":{"rendered":"Dash 1\/2 Zip 3.0 femme"},"content":{"rendered":"<p>Le v\u00eatement le plus doux de votre garde-robe de course vient d&#8217;\u00eatre mis \u00e0 jour. Le Brooks Dash 1\/2 Zip 3.0 est un t-shirt de course \u00e0 demi-zip pour femme, con\u00e7u pour vous offrir confort et praticit\u00e9 \u00e0 chaque entra\u00eenement. La fen\u00eatre pour la montre vous permet de contr\u00f4ler votre rythme sans avoir \u00e0 d\u00e9couvrir votre poignet, vous gardant ainsi au chaud.<\/p>\n<p>Le tissu doux et respirant assure une coupe semi-ajust\u00e9e qui \u00e9pouse la forme du corps, tandis que les trous pour les pouces offrent une stabilit\u00e9 et un confort suppl\u00e9mentaires lors des journ\u00e9es plus fra\u00eeches. Un v\u00eatement indispensable pour courir sans distraction.<\/p>\n<p><strong>D\u00e9tails techniques :<\/strong><br \/>\n&#8211; Coupe : semi-ajust\u00e9e<br \/>\n&#8211; Design : confort sans distraction<br \/>\n&#8211; Tissu : doux et respirant<br \/>\n&#8211; Demi-zip avec fen\u00eatre pour montre<br \/>\n&#8211; Trous pour les pouces<\/p>\n<p>Entretien : laver s\u00e9par\u00e9ment en machine, sans adoucissant ; s\u00e9cher \u00e0 basse temp\u00e9rature.<\/p>\n<p>&nbsp;<\/p>\n<p>&nbsp;<\/p>\n","protected":false},"excerpt":{"rendered":"<p>&#8211; Tissu doux et respirant pour un confort maximal<br \/>\n&#8211; Coupe semi-ajust\u00e9e qui suit les mouvements<br \/>\n&#8211; Demi-zip avec fen\u00eatre pour la montre<br \/>\n&#8211; Trous pour les pouces pour plus de stabilit\u00e9 et de protection<\/p>\n","protected":false},"featured_media":358334,"template":"","meta":{"_acf_changed":false,"inline_featured_image":false},"product_brand":[],"product_cat":[22601,22596],"product_tag":[23462,23656],"class_list":{"0":"post-346492","1":"product","2":"type-product","3":"status-publish","4":"has-post-thumbnail","6":"product_cat-maillots","7":"product_cat-vetements-pour-femmes","8":"product_tag-brooks-fr","9":"product_tag-brooks-femme","10":"pa_attivita-marcher","11":"pa_attivita-running-fr","12":"pa_colore-dash-1-2-zip-3-0-w-nightshadow-fr","13":"pa_marca-brooks-fr","14":"pa_sesso-femme","15":"pa_size-extra-small-fr","16":"pa_size-small-fr","17":"pa_size-medium-fr","19":"first","20":"instock","21":"sale","22":"taxable","23":"shipping-taxable","24":"purchasable","25":"product-type-variable","26":"wvs-archive-product-wrapper"},"acf":[],"yoast_head":"<!-- This site is optimized with the Yoast SEO plugin v26.8 - https:\/\/yoast.com\/product\/yoast-seo-wordpress\/ -->\n<title>Brooks Dash 1\/2 Zip 3.0 femme - Maillot de course \u00e0 pied- MioMioRun<\/title>\n<meta name=\"description\" content=\"Brooks Dash 1\/2 Zip 3.0 Femme : t-shirt de course souple et respirant avec demi-zip, fen\u00eatre pour la montre et trous pour les pouces. Confort et praticit\u00e9.\" \/>\n<meta name=\"robots\" content=\"index, follow, max-snippet:-1, max-image-preview:large, max-video-preview:-1\" \/>\n<link rel=\"canonical\" href=\"https:\/\/www.miomiorun.com\/fr\/produit\/dash-1-2-zip-3-0-femme\/\" \/>\n<meta property=\"og:locale\" content=\"fr_FR\" \/>\n<meta property=\"og:type\" content=\"article\" \/>\n<meta property=\"og:title\" content=\"Brooks Dash 1\/2 Zip 3.0 femme - Maillot de course \u00e0 pied- MioMioRun\" \/>\n<meta property=\"og:description\" content=\"Brooks Dash 1\/2 Zip 3.0 Femme : t-shirt de course souple et respirant avec demi-zip, fen\u00eatre pour la montre et trous pour les pouces. Confort et praticit\u00e9.\" \/>\n<meta property=\"og:url\" content=\"https:\/\/www.miomiorun.com\/fr\/produit\/dash-1-2-zip-3-0-femme\/\" \/>\n<meta property=\"og:site_name\" content=\"MioMioRun\" \/>\n<meta property=\"article:publisher\" content=\"https:\/\/www.facebook.com\/miomiorun\/\" \/>\n<meta property=\"article:modified_time\" content=\"2026-05-09T08:05:47+00:00\" \/>\n<meta property=\"og:image\" content=\"https:\/\/www.miomiorun.com\/app\/uploads\/2025\/10\/brooks-Dash-1-2-zip-3.0-W-nightshadow-221733414.webp\" \/>\n\t<meta property=\"og:image:width\" content=\"720\" \/>\n\t<meta property=\"og:image:height\" content=\"720\" \/>\n\t<meta property=\"og:image:type\" content=\"image\/webp\" \/>\n<meta name=\"twitter:card\" content=\"summary_large_image\" \/>\n<meta name=\"twitter:label1\" content=\"Est. reading time\" \/>\n\t<meta name=\"twitter:data1\" content=\"1 minute\" \/>\n<script type=\"application\/ld+json\" class=\"yoast-schema-graph\">{\"@context\":\"https:\/\/schema.org\",\"@graph\":[{\"@type\":\"WebPage\",\"@id\":\"https:\/\/www.miomiorun.com\/fr\/produit\/dash-1-2-zip-3-0-femme\/\",\"url\":\"https:\/\/www.miomiorun.com\/fr\/produit\/dash-1-2-zip-3-0-femme\/\",\"name\":\"Brooks Dash 1\/2 Zip 3.0 femme - Maillot de course \u00e0 pied- MioMioRun\",\"isPartOf\":{\"@id\":\"https:\/\/www.miomiorun.com\/fr\/#website\"},\"primaryImageOfPage\":{\"@id\":\"https:\/\/www.miomiorun.com\/fr\/produit\/dash-1-2-zip-3-0-femme\/#primaryimage\"},\"image\":{\"@id\":\"https:\/\/www.miomiorun.com\/fr\/produit\/dash-1-2-zip-3-0-femme\/#primaryimage\"},\"thumbnailUrl\":\"https:\/\/www.miomiorun.com\/app\/uploads\/2025\/10\/brooks-Dash-1-2-zip-3.0-W-nightshadow-221733414.webp\",\"datePublished\":\"2025-09-10T14:47:12+00:00\",\"dateModified\":\"2026-05-09T08:05:47+00:00\",\"description\":\"Brooks Dash 1\/2 Zip 3.0 Femme : t-shirt de course souple et respirant avec demi-zip, fen\u00eatre pour la montre et trous pour les pouces. Confort et praticit\u00e9.\",\"breadcrumb\":{\"@id\":\"https:\/\/www.miomiorun.com\/fr\/produit\/dash-1-2-zip-3-0-femme\/#breadcrumb\"},\"inLanguage\":\"fr-FR\",\"potentialAction\":[{\"@type\":\"ReadAction\",\"target\":[\"https:\/\/www.miomiorun.com\/fr\/produit\/dash-1-2-zip-3-0-femme\/\"]}]},{\"@type\":\"ImageObject\",\"inLanguage\":\"fr-FR\",\"@id\":\"https:\/\/www.miomiorun.com\/fr\/produit\/dash-1-2-zip-3-0-femme\/#primaryimage\",\"url\":\"https:\/\/www.miomiorun.com\/app\/uploads\/2025\/10\/brooks-Dash-1-2-zip-3.0-W-nightshadow-221733414.webp\",\"contentUrl\":\"https:\/\/www.miomiorun.com\/app\/uploads\/2025\/10\/brooks-Dash-1-2-zip-3.0-W-nightshadow-221733414.webp\",\"width\":720,\"height\":720,\"caption\":\"brooks Dash 1 2 zip 3.0 W nightshadow 221733414\"},{\"@type\":\"BreadcrumbList\",\"@id\":\"https:\/\/www.miomiorun.com\/fr\/produit\/dash-1-2-zip-3-0-femme\/#breadcrumb\",\"itemListElement\":[{\"@type\":\"ListItem\",\"position\":1,\"name\":\"Home\",\"item\":\"https:\/\/www.miomiorun.com\/fr\/home-page\/\"},{\"@type\":\"ListItem\",\"position\":2,\"name\":\"Shop\",\"item\":\"https:\/\/www.miomiorun.com\/shop\/\"},{\"@type\":\"ListItem\",\"position\":3,\"name\":\"Dash 1\/2 Zip 3.0 femme\"}]},{\"@type\":\"WebSite\",\"@id\":\"https:\/\/www.miomiorun.com\/fr\/#website\",\"url\":\"https:\/\/www.miomiorun.com\/fr\/\",\"name\":\"MioMioRun\",\"description\":\"Boutique 100% running et trail\",\"publisher\":{\"@id\":\"https:\/\/www.miomiorun.com\/fr\/#organization\"},\"potentialAction\":[{\"@type\":\"SearchAction\",\"target\":{\"@type\":\"EntryPoint\",\"urlTemplate\":\"https:\/\/www.miomiorun.com\/fr\/?s={search_term_string}\"},\"query-input\":{\"@type\":\"PropertyValueSpecification\",\"valueRequired\":true,\"valueName\":\"search_term_string\"}}],\"inLanguage\":\"fr-FR\"},{\"@type\":\"Organization\",\"@id\":\"https:\/\/www.miomiorun.com\/fr\/#organization\",\"name\":\"MioMio Run\",\"url\":\"https:\/\/www.miomiorun.com\/fr\/\",\"logo\":{\"@type\":\"ImageObject\",\"inLanguage\":\"fr-FR\",\"@id\":\"https:\/\/www.miomiorun.com\/fr\/#\/schema\/logo\/image\/\",\"url\":\"https:\/\/www.miomiorun.com\/app\/uploads\/2019\/12\/logomio.png\",\"contentUrl\":\"https:\/\/www.miomiorun.com\/app\/uploads\/2019\/12\/logomio.png\",\"width\":115,\"height\":82,\"caption\":\"MioMio Run\"},\"image\":{\"@id\":\"https:\/\/www.miomiorun.com\/fr\/#\/schema\/logo\/image\/\"},\"sameAs\":[\"https:\/\/www.facebook.com\/miomiorun\/\",\"https:\/\/www.instagram.com\/miomiorun\/\"]}]}<\/script>\n<!-- \/ Yoast SEO plugin. -->","yoast_head_json":{"title":"Brooks Dash 1\/2 Zip 3.0 femme - Maillot de course \u00e0 pied- MioMioRun","description":"Brooks Dash 1\/2 Zip 3.0 Femme : t-shirt de course souple et respirant avec demi-zip, fen\u00eatre pour la montre et trous pour les pouces. Confort et praticit\u00e9.","robots":{"index":"index","follow":"follow","max-snippet":"max-snippet:-1","max-image-preview":"max-image-preview:large","max-video-preview":"max-video-preview:-1"},"canonical":"https:\/\/www.miomiorun.com\/fr\/produit\/dash-1-2-zip-3-0-femme\/","og_locale":"fr_FR","og_type":"article","og_title":"Brooks Dash 1\/2 Zip 3.0 femme - Maillot de course \u00e0 pied- MioMioRun","og_description":"Brooks Dash 1\/2 Zip 3.0 Femme : t-shirt de course souple et respirant avec demi-zip, fen\u00eatre pour la montre et trous pour les pouces. Confort et praticit\u00e9.","og_url":"https:\/\/www.miomiorun.com\/fr\/produit\/dash-1-2-zip-3-0-femme\/","og_site_name":"MioMioRun","article_publisher":"https:\/\/www.facebook.com\/miomiorun\/","article_modified_time":"2026-05-09T08:05:47+00:00","og_image":[{"width":720,"height":720,"url":"https:\/\/www.miomiorun.com\/app\/uploads\/2025\/10\/brooks-Dash-1-2-zip-3.0-W-nightshadow-221733414.webp","type":"image\/webp"}],"twitter_card":"summary_large_image","twitter_misc":{"Est. reading time":"1 minute"},"schema":{"@context":"https:\/\/schema.org","@graph":[{"@type":"WebPage","@id":"https:\/\/www.miomiorun.com\/fr\/produit\/dash-1-2-zip-3-0-femme\/","url":"https:\/\/www.miomiorun.com\/fr\/produit\/dash-1-2-zip-3-0-femme\/","name":"Brooks Dash 1\/2 Zip 3.0 femme - Maillot de course \u00e0 pied- MioMioRun","isPartOf":{"@id":"https:\/\/www.miomiorun.com\/fr\/#website"},"primaryImageOfPage":{"@id":"https:\/\/www.miomiorun.com\/fr\/produit\/dash-1-2-zip-3-0-femme\/#primaryimage"},"image":{"@id":"https:\/\/www.miomiorun.com\/fr\/produit\/dash-1-2-zip-3-0-femme\/#primaryimage"},"thumbnailUrl":"https:\/\/www.miomiorun.com\/app\/uploads\/2025\/10\/brooks-Dash-1-2-zip-3.0-W-nightshadow-221733414.webp","datePublished":"2025-09-10T14:47:12+00:00","dateModified":"2026-05-09T08:05:47+00:00","description":"Brooks Dash 1\/2 Zip 3.0 Femme : t-shirt de course souple et respirant avec demi-zip, fen\u00eatre pour la montre et trous pour les pouces. Confort et praticit\u00e9.","breadcrumb":{"@id":"https:\/\/www.miomiorun.com\/fr\/produit\/dash-1-2-zip-3-0-femme\/#breadcrumb"},"inLanguage":"fr-FR","potentialAction":[{"@type":"ReadAction","target":["https:\/\/www.miomiorun.com\/fr\/produit\/dash-1-2-zip-3-0-femme\/"]}]},{"@type":"ImageObject","inLanguage":"fr-FR","@id":"https:\/\/www.miomiorun.com\/fr\/produit\/dash-1-2-zip-3-0-femme\/#primaryimage","url":"https:\/\/www.miomiorun.com\/app\/uploads\/2025\/10\/brooks-Dash-1-2-zip-3.0-W-nightshadow-221733414.webp","contentUrl":"https:\/\/www.miomiorun.com\/app\/uploads\/2025\/10\/brooks-Dash-1-2-zip-3.0-W-nightshadow-221733414.webp","width":720,"height":720,"caption":"brooks Dash 1 2 zip 3.0 W nightshadow 221733414"},{"@type":"BreadcrumbList","@id":"https:\/\/www.miomiorun.com\/fr\/produit\/dash-1-2-zip-3-0-femme\/#breadcrumb","itemListElement":[{"@type":"ListItem","position":1,"name":"Home","item":"https:\/\/www.miomiorun.com\/fr\/home-page\/"},{"@type":"ListItem","position":2,"name":"Shop","item":"https:\/\/www.miomiorun.com\/shop\/"},{"@type":"ListItem","position":3,"name":"Dash 1\/2 Zip 3.0 femme"}]},{"@type":"WebSite","@id":"https:\/\/www.miomiorun.com\/fr\/#website","url":"https:\/\/www.miomiorun.com\/fr\/","name":"MioMioRun","description":"Boutique 100% running et trail","publisher":{"@id":"https:\/\/www.miomiorun.com\/fr\/#organization"},"potentialAction":[{"@type":"SearchAction","target":{"@type":"EntryPoint","urlTemplate":"https:\/\/www.miomiorun.com\/fr\/?s={search_term_string}"},"query-input":{"@type":"PropertyValueSpecification","valueRequired":true,"valueName":"search_term_string"}}],"inLanguage":"fr-FR"},{"@type":"Organization","@id":"https:\/\/www.miomiorun.com\/fr\/#organization","name":"MioMio Run","url":"https:\/\/www.miomiorun.com\/fr\/","logo":{"@type":"ImageObject","inLanguage":"fr-FR","@id":"https:\/\/www.miomiorun.com\/fr\/#\/schema\/logo\/image\/","url":"https:\/\/www.miomiorun.com\/app\/uploads\/2019\/12\/logomio.png","contentUrl":"https:\/\/www.miomiorun.com\/app\/uploads\/2019\/12\/logomio.png","width":115,"height":82,"caption":"MioMio Run"},"image":{"@id":"https:\/\/www.miomiorun.com\/fr\/#\/schema\/logo\/image\/"},"sameAs":["https:\/\/www.facebook.com\/miomiorun\/","https:\/\/www.instagram.com\/miomiorun\/"]}]}},"_links":{"self":[{"href":"https:\/\/www.miomiorun.com\/fr\/wp-json\/wp\/v2\/product\/346492","targetHints":{"allow":["GET"]}}],"collection":[{"href":"https:\/\/www.miomiorun.com\/fr\/wp-json\/wp\/v2\/product"}],"about":[{"href":"https:\/\/www.miomiorun.com\/fr\/wp-json\/wp\/v2\/types\/product"}],"wp:featuredmedia":[{"embeddable":true,"href":"https:\/\/www.miomiorun.com\/fr\/wp-json\/wp\/v2\/media\/358334"}],"wp:attachment":[{"href":"https:\/\/www.miomiorun.com\/fr\/wp-json\/wp\/v2\/media?parent=346492"}],"wp:term":[{"taxonomy":"product_brand","embeddable":true,"href":"https:\/\/www.miomiorun.com\/fr\/wp-json\/wp\/v2\/product_brand?post=346492"},{"taxonomy":"product_cat","embeddable":true,"href":"https:\/\/www.miomiorun.com\/fr\/wp-json\/wp\/v2\/product_cat?post=346492"},{"taxonomy":"product_tag","embeddable":true,"href":"https:\/\/www.miomiorun.com\/fr\/wp-json\/wp\/v2\/product_tag?post=346492"}],"curies":[{"name":"wp","href":"https:\/\/api.w.org\/{rel}","templated":true}]}}