{"id":346449,"date":"2025-09-10T16:37:32","date_gmt":"2025-09-10T14:37:32","guid":{"rendered":"https:\/\/www.miomiorun.com\/?post_type=product&#038;p=346449"},"modified":"2026-04-17T11:03:28","modified_gmt":"2026-04-17T09:03:28","slug":"dash-1-4-zip-3-0-homme","status":"publish","type":"product","link":"https:\/\/www.miomiorun.com\/fr\/produit\/dash-1-4-zip-3-0-homme\/","title":{"rendered":"Dash 1\/4 zip 3.0 homme"},"content":{"rendered":"<div class=\"single-product-description\">\n<p><strong>Brooks Pull \u00e0 manches longues avec fermeture \u00e9clair&nbsp;<\/strong><\/p>\n<p>Ce pull mi-long tr\u00e8s doux \u00e0 manches longues et fermeture \u00e9clair est con\u00e7u pour vous offrir un confort maximal lors de vos courses quotidiennes. Sa coupe semi-ajust\u00e9e \u00e9pouse la forme du corps sans limiter les mouvements, tandis que des d\u00e9tails intelligents tels que les trous pour les pouces et la fen\u00eatre pour la montre ajoutent praticit\u00e9 et fonctionnalit\u00e9.<\/p>\n<p>Fabriqu\u00e9 dans un tissu doux et respirant, il assure un confort optimal et aucune distraction. Id\u00e9al pour les entra\u00eenements et les sorties en plein air en toutes saisons.<\/p>\n<p>D\u00e9tails techniques :<br \/>\n&#8211; Coupe : semi-ajust\u00e9e<br \/>\n&#8211; Design : confort sans distraction<br \/>\n&#8211; Tissu : doux et respirant<br \/>\n&#8211; Trous pour les pouces<br \/>\n&#8211; Fen\u00eatre pour la montre<\/p>\n<p>Entretien du produit : laver s\u00e9par\u00e9ment en machine, sans adoucissant ; s\u00e9cher \u00e0 basse temp\u00e9rature.<\/p>\n<p>&nbsp;<\/p>\n<p>&nbsp;<\/p>\n<\/div>\n","protected":false},"excerpt":{"rendered":"<p>&#8211; Tissu doux et respirant pour un confort maximal<br \/>\n&#8211; Coupe semi-ajust\u00e9e pour une libert\u00e9 de mouvement optimale<br \/>\n&#8211; Trous pour les pouces et fen\u00eatre pour la montre<br \/>\n&#8211; Design pratique sans distraction<\/p>\n","protected":false},"featured_media":358317,"template":"","meta":{"_acf_changed":false,"inline_featured_image":false},"product_brand":[],"product_cat":[24478,24482],"product_tag":[23462,23655],"class_list":{"0":"post-346449","1":"product","2":"type-product","3":"status-publish","4":"has-post-thumbnail","6":"product_cat-maillots-fr-2","7":"product_cat-vetements-pour-hommes-fr","8":"product_tag-brooks-fr","9":"product_tag-brooks-homme","10":"pa_attivita-marcher","11":"pa_attivita-running-fr","12":"pa_colore-dash-1-4-zip-3-0-smoke-fr","13":"pa_marca-brooks-fr","14":"pa_sesso-homme","15":"pa_size-small-fr","16":"pa_size-medium-fr","18":"first","19":"instock","20":"sale","21":"taxable","22":"shipping-taxable","23":"purchasable","24":"product-type-variable","25":"wvs-archive-product-wrapper"},"acf":[],"yoast_head":"<!-- This site is optimized with the Yoast SEO plugin v26.8 - https:\/\/yoast.com\/product\/yoast-seo-wordpress\/ -->\n<title>Brooks Dash 1\/4 zip 3.0 homme - Maillot de course \u00e0 pied - MioMioRun<\/title>\n<meta name=\"description\" content=\"Brooks Pull \u00e0 manches longues avec fermeture \u00e9clair : doux, respirant et semi-ajust\u00e9, avec des trous pour les pouces et une fen\u00eatre pour la montre. Un confort sans distraction.\" \/>\n<meta name=\"robots\" content=\"index, follow, max-snippet:-1, max-image-preview:large, max-video-preview:-1\" \/>\n<link rel=\"canonical\" href=\"https:\/\/www.miomiorun.com\/fr\/produit\/dash-1-4-zip-3-0-homme\/\" \/>\n<meta property=\"og:locale\" content=\"fr_FR\" \/>\n<meta property=\"og:type\" content=\"article\" \/>\n<meta property=\"og:title\" content=\"Brooks Dash 1\/4 zip 3.0 homme - Maillot de course \u00e0 pied - MioMioRun\" \/>\n<meta property=\"og:description\" content=\"Brooks Pull \u00e0 manches longues avec fermeture \u00e9clair : doux, respirant et semi-ajust\u00e9, avec des trous pour les pouces et une fen\u00eatre pour la montre. Un confort sans distraction.\" \/>\n<meta property=\"og:url\" content=\"https:\/\/www.miomiorun.com\/fr\/produit\/dash-1-4-zip-3-0-homme\/\" \/>\n<meta property=\"og:site_name\" content=\"MioMioRun\" \/>\n<meta property=\"article:publisher\" content=\"https:\/\/www.facebook.com\/miomiorun\/\" \/>\n<meta property=\"article:modified_time\" content=\"2026-04-17T09:03:28+00:00\" \/>\n<meta property=\"og:image\" content=\"https:\/\/www.miomiorun.com\/app\/uploads\/2025\/10\/brooks-Dash-1-4-zip-3.0-smoke-211565139.webp\" \/>\n\t<meta property=\"og:image:width\" content=\"720\" \/>\n\t<meta property=\"og:image:height\" content=\"720\" \/>\n\t<meta property=\"og:image:type\" content=\"image\/webp\" \/>\n<meta name=\"twitter:card\" content=\"summary_large_image\" \/>\n<meta name=\"twitter:label1\" content=\"Est. reading time\" \/>\n\t<meta name=\"twitter:data1\" content=\"1 minute\" \/>\n<script type=\"application\/ld+json\" class=\"yoast-schema-graph\">{\"@context\":\"https:\/\/schema.org\",\"@graph\":[{\"@type\":\"WebPage\",\"@id\":\"https:\/\/www.miomiorun.com\/fr\/produit\/dash-1-4-zip-3-0-homme\/\",\"url\":\"https:\/\/www.miomiorun.com\/fr\/produit\/dash-1-4-zip-3-0-homme\/\",\"name\":\"Brooks Dash 1\/4 zip 3.0 homme - Maillot de course \u00e0 pied - MioMioRun\",\"isPartOf\":{\"@id\":\"https:\/\/www.miomiorun.com\/fr\/#website\"},\"primaryImageOfPage\":{\"@id\":\"https:\/\/www.miomiorun.com\/fr\/produit\/dash-1-4-zip-3-0-homme\/#primaryimage\"},\"image\":{\"@id\":\"https:\/\/www.miomiorun.com\/fr\/produit\/dash-1-4-zip-3-0-homme\/#primaryimage\"},\"thumbnailUrl\":\"https:\/\/www.miomiorun.com\/app\/uploads\/2025\/10\/brooks-Dash-1-4-zip-3.0-smoke-211565139.webp\",\"datePublished\":\"2025-09-10T14:37:32+00:00\",\"dateModified\":\"2026-04-17T09:03:28+00:00\",\"description\":\"Brooks Pull \u00e0 manches longues avec fermeture \u00e9clair : doux, respirant et semi-ajust\u00e9, avec des trous pour les pouces et une fen\u00eatre pour la montre. Un confort sans distraction.\",\"breadcrumb\":{\"@id\":\"https:\/\/www.miomiorun.com\/fr\/produit\/dash-1-4-zip-3-0-homme\/#breadcrumb\"},\"inLanguage\":\"fr-FR\",\"potentialAction\":[{\"@type\":\"ReadAction\",\"target\":[\"https:\/\/www.miomiorun.com\/fr\/produit\/dash-1-4-zip-3-0-homme\/\"]}]},{\"@type\":\"ImageObject\",\"inLanguage\":\"fr-FR\",\"@id\":\"https:\/\/www.miomiorun.com\/fr\/produit\/dash-1-4-zip-3-0-homme\/#primaryimage\",\"url\":\"https:\/\/www.miomiorun.com\/app\/uploads\/2025\/10\/brooks-Dash-1-4-zip-3.0-smoke-211565139.webp\",\"contentUrl\":\"https:\/\/www.miomiorun.com\/app\/uploads\/2025\/10\/brooks-Dash-1-4-zip-3.0-smoke-211565139.webp\",\"width\":720,\"height\":720,\"caption\":\"brooks Dash 1 4 zip 3.0 smoke 211565139\"},{\"@type\":\"BreadcrumbList\",\"@id\":\"https:\/\/www.miomiorun.com\/fr\/produit\/dash-1-4-zip-3-0-homme\/#breadcrumb\",\"itemListElement\":[{\"@type\":\"ListItem\",\"position\":1,\"name\":\"Home\",\"item\":\"https:\/\/www.miomiorun.com\/fr\/home-page\/\"},{\"@type\":\"ListItem\",\"position\":2,\"name\":\"Shop\",\"item\":\"https:\/\/www.miomiorun.com\/shop\/\"},{\"@type\":\"ListItem\",\"position\":3,\"name\":\"Dash 1\/4 zip 3.0 homme\"}]},{\"@type\":\"WebSite\",\"@id\":\"https:\/\/www.miomiorun.com\/fr\/#website\",\"url\":\"https:\/\/www.miomiorun.com\/fr\/\",\"name\":\"MioMioRun\",\"description\":\"Boutique 100% running et trail\",\"publisher\":{\"@id\":\"https:\/\/www.miomiorun.com\/fr\/#organization\"},\"potentialAction\":[{\"@type\":\"SearchAction\",\"target\":{\"@type\":\"EntryPoint\",\"urlTemplate\":\"https:\/\/www.miomiorun.com\/fr\/?s={search_term_string}\"},\"query-input\":{\"@type\":\"PropertyValueSpecification\",\"valueRequired\":true,\"valueName\":\"search_term_string\"}}],\"inLanguage\":\"fr-FR\"},{\"@type\":\"Organization\",\"@id\":\"https:\/\/www.miomiorun.com\/fr\/#organization\",\"name\":\"MioMio Run\",\"url\":\"https:\/\/www.miomiorun.com\/fr\/\",\"logo\":{\"@type\":\"ImageObject\",\"inLanguage\":\"fr-FR\",\"@id\":\"https:\/\/www.miomiorun.com\/fr\/#\/schema\/logo\/image\/\",\"url\":\"https:\/\/www.miomiorun.com\/app\/uploads\/2019\/12\/logomio.png\",\"contentUrl\":\"https:\/\/www.miomiorun.com\/app\/uploads\/2019\/12\/logomio.png\",\"width\":115,\"height\":82,\"caption\":\"MioMio Run\"},\"image\":{\"@id\":\"https:\/\/www.miomiorun.com\/fr\/#\/schema\/logo\/image\/\"},\"sameAs\":[\"https:\/\/www.facebook.com\/miomiorun\/\",\"https:\/\/www.instagram.com\/miomiorun\/\"]}]}<\/script>\n<!-- \/ Yoast SEO plugin. -->","yoast_head_json":{"title":"Brooks Dash 1\/4 zip 3.0 homme - Maillot de course \u00e0 pied - MioMioRun","description":"Brooks Pull \u00e0 manches longues avec fermeture \u00e9clair : doux, respirant et semi-ajust\u00e9, avec des trous pour les pouces et une fen\u00eatre pour la montre. Un confort sans distraction.","robots":{"index":"index","follow":"follow","max-snippet":"max-snippet:-1","max-image-preview":"max-image-preview:large","max-video-preview":"max-video-preview:-1"},"canonical":"https:\/\/www.miomiorun.com\/fr\/produit\/dash-1-4-zip-3-0-homme\/","og_locale":"fr_FR","og_type":"article","og_title":"Brooks Dash 1\/4 zip 3.0 homme - Maillot de course \u00e0 pied - MioMioRun","og_description":"Brooks Pull \u00e0 manches longues avec fermeture \u00e9clair : doux, respirant et semi-ajust\u00e9, avec des trous pour les pouces et une fen\u00eatre pour la montre. Un confort sans distraction.","og_url":"https:\/\/www.miomiorun.com\/fr\/produit\/dash-1-4-zip-3-0-homme\/","og_site_name":"MioMioRun","article_publisher":"https:\/\/www.facebook.com\/miomiorun\/","article_modified_time":"2026-04-17T09:03:28+00:00","og_image":[{"width":720,"height":720,"url":"https:\/\/www.miomiorun.com\/app\/uploads\/2025\/10\/brooks-Dash-1-4-zip-3.0-smoke-211565139.webp","type":"image\/webp"}],"twitter_card":"summary_large_image","twitter_misc":{"Est. reading time":"1 minute"},"schema":{"@context":"https:\/\/schema.org","@graph":[{"@type":"WebPage","@id":"https:\/\/www.miomiorun.com\/fr\/produit\/dash-1-4-zip-3-0-homme\/","url":"https:\/\/www.miomiorun.com\/fr\/produit\/dash-1-4-zip-3-0-homme\/","name":"Brooks Dash 1\/4 zip 3.0 homme - Maillot de course \u00e0 pied - MioMioRun","isPartOf":{"@id":"https:\/\/www.miomiorun.com\/fr\/#website"},"primaryImageOfPage":{"@id":"https:\/\/www.miomiorun.com\/fr\/produit\/dash-1-4-zip-3-0-homme\/#primaryimage"},"image":{"@id":"https:\/\/www.miomiorun.com\/fr\/produit\/dash-1-4-zip-3-0-homme\/#primaryimage"},"thumbnailUrl":"https:\/\/www.miomiorun.com\/app\/uploads\/2025\/10\/brooks-Dash-1-4-zip-3.0-smoke-211565139.webp","datePublished":"2025-09-10T14:37:32+00:00","dateModified":"2026-04-17T09:03:28+00:00","description":"Brooks Pull \u00e0 manches longues avec fermeture \u00e9clair : doux, respirant et semi-ajust\u00e9, avec des trous pour les pouces et une fen\u00eatre pour la montre. Un confort sans distraction.","breadcrumb":{"@id":"https:\/\/www.miomiorun.com\/fr\/produit\/dash-1-4-zip-3-0-homme\/#breadcrumb"},"inLanguage":"fr-FR","potentialAction":[{"@type":"ReadAction","target":["https:\/\/www.miomiorun.com\/fr\/produit\/dash-1-4-zip-3-0-homme\/"]}]},{"@type":"ImageObject","inLanguage":"fr-FR","@id":"https:\/\/www.miomiorun.com\/fr\/produit\/dash-1-4-zip-3-0-homme\/#primaryimage","url":"https:\/\/www.miomiorun.com\/app\/uploads\/2025\/10\/brooks-Dash-1-4-zip-3.0-smoke-211565139.webp","contentUrl":"https:\/\/www.miomiorun.com\/app\/uploads\/2025\/10\/brooks-Dash-1-4-zip-3.0-smoke-211565139.webp","width":720,"height":720,"caption":"brooks Dash 1 4 zip 3.0 smoke 211565139"},{"@type":"BreadcrumbList","@id":"https:\/\/www.miomiorun.com\/fr\/produit\/dash-1-4-zip-3-0-homme\/#breadcrumb","itemListElement":[{"@type":"ListItem","position":1,"name":"Home","item":"https:\/\/www.miomiorun.com\/fr\/home-page\/"},{"@type":"ListItem","position":2,"name":"Shop","item":"https:\/\/www.miomiorun.com\/shop\/"},{"@type":"ListItem","position":3,"name":"Dash 1\/4 zip 3.0 homme"}]},{"@type":"WebSite","@id":"https:\/\/www.miomiorun.com\/fr\/#website","url":"https:\/\/www.miomiorun.com\/fr\/","name":"MioMioRun","description":"Boutique 100% running et trail","publisher":{"@id":"https:\/\/www.miomiorun.com\/fr\/#organization"},"potentialAction":[{"@type":"SearchAction","target":{"@type":"EntryPoint","urlTemplate":"https:\/\/www.miomiorun.com\/fr\/?s={search_term_string}"},"query-input":{"@type":"PropertyValueSpecification","valueRequired":true,"valueName":"search_term_string"}}],"inLanguage":"fr-FR"},{"@type":"Organization","@id":"https:\/\/www.miomiorun.com\/fr\/#organization","name":"MioMio Run","url":"https:\/\/www.miomiorun.com\/fr\/","logo":{"@type":"ImageObject","inLanguage":"fr-FR","@id":"https:\/\/www.miomiorun.com\/fr\/#\/schema\/logo\/image\/","url":"https:\/\/www.miomiorun.com\/app\/uploads\/2019\/12\/logomio.png","contentUrl":"https:\/\/www.miomiorun.com\/app\/uploads\/2019\/12\/logomio.png","width":115,"height":82,"caption":"MioMio Run"},"image":{"@id":"https:\/\/www.miomiorun.com\/fr\/#\/schema\/logo\/image\/"},"sameAs":["https:\/\/www.facebook.com\/miomiorun\/","https:\/\/www.instagram.com\/miomiorun\/"]}]}},"_links":{"self":[{"href":"https:\/\/www.miomiorun.com\/fr\/wp-json\/wp\/v2\/product\/346449","targetHints":{"allow":["GET"]}}],"collection":[{"href":"https:\/\/www.miomiorun.com\/fr\/wp-json\/wp\/v2\/product"}],"about":[{"href":"https:\/\/www.miomiorun.com\/fr\/wp-json\/wp\/v2\/types\/product"}],"wp:featuredmedia":[{"embeddable":true,"href":"https:\/\/www.miomiorun.com\/fr\/wp-json\/wp\/v2\/media\/358317"}],"wp:attachment":[{"href":"https:\/\/www.miomiorun.com\/fr\/wp-json\/wp\/v2\/media?parent=346449"}],"wp:term":[{"taxonomy":"product_brand","embeddable":true,"href":"https:\/\/www.miomiorun.com\/fr\/wp-json\/wp\/v2\/product_brand?post=346449"},{"taxonomy":"product_cat","embeddable":true,"href":"https:\/\/www.miomiorun.com\/fr\/wp-json\/wp\/v2\/product_cat?post=346449"},{"taxonomy":"product_tag","embeddable":true,"href":"https:\/\/www.miomiorun.com\/fr\/wp-json\/wp\/v2\/product_tag?post=346449"}],"curies":[{"name":"wp","href":"https:\/\/api.w.org\/{rel}","templated":true}]}}