{"id":346164,"date":"2025-09-10T16:08:13","date_gmt":"2025-09-10T14:08:13","guid":{"rendered":"https:\/\/www.miomiorun.com\/?post_type=product&#038;p=346164"},"modified":"2026-04-17T11:03:45","modified_gmt":"2026-04-17T09:03:45","slug":"canopy-packable-jacket-homme","status":"publish","type":"product","link":"https:\/\/www.miomiorun.com\/fr\/produit\/canopy-packable-jacket-homme\/","title":{"rendered":"Canopy Packable Jacket homme"},"content":{"rendered":"<p>La <strong>Brooks Canopy Packable Jacket<\/strong> est l&#8217;\u00e9volution de la veste de course imperm\u00e9able historique la plus appr\u00e9ci\u00e9e des coureurs. Encore plus pratique, elle offre une <strong data-start=\"352\" data-end=\"381\">coupe semi-ajust\u00e9e<\/strong> qui \u00e9pouse la forme du corps, garantissant libert\u00e9 de mouvement et confort \u00e0 chaque entra\u00eenement.<\/p>\n<p data-start=\"477\" data-end=\"796\">Le nouveau design int\u00e8gre une <strong data-start=\"504\" data-end=\"528\">capuche am\u00e9lior\u00e9e<\/strong>, une construction r\u00e9sistante au <strong data-start=\"560\" data-end=\"581\">vent et \u00e0 l&#8217;eau<\/strong> et la possibilit\u00e9 de <strong data-start=\"603\" data-end=\"653\">la replier facilement dans la poche pour les mains<\/strong>. Les <strong data-start=\"658\" data-end=\"676\">poches zipp\u00e9es<\/strong> ajoutent une touche pratique, tandis que la protection <strong data-start=\"720\" data-end=\"731\">UPF 50+<\/strong> prot\u00e8ge la peau des rayons du soleil pendant les courses en plein air.<\/p>\n<p data-start=\"798\" data-end=\"918\">Un v\u00eatement polyvalent et l\u00e9ger, con\u00e7u pour les coureurs qui recherchent protection, confort et praticit\u00e9 dans toutes les conditions.<\/p>\n<p data-start=\"1086\" data-end=\"1108\">\n<p data-start=\"1086\" data-end=\"1108\"><strong data-start=\"1086\" data-end=\"1106\">D\u00e9tails techniques :<\/strong><\/p>\n<ul data-start=\"1109\" data-end=\"1410\">\n<li data-start=\"1109\" data-end=\"1139\">\n<p data-start=\"1111\" data-end=\"1139\">Coupe : semi-ajust\u00e9e<\/p>\n<\/li>\n<li data-start=\"1140\" data-end=\"1187\">\n<p data-start=\"1142\" data-end=\"1187\">Caract\u00e9ristiques : d\u00e9perlant et coupe-vent<\/p>\n<\/li>\n<li data-start=\"1188\" data-end=\"1212\">\n<p data-start=\"1190\" data-end=\"1212\">Capuche am\u00e9lior\u00e9e<\/p>\n<\/li>\n<li data-start=\"1213\" data-end=\"1252\">\n<p data-start=\"1215\" data-end=\"1252\">Pliable dans la poche pour les mains<\/p>\n<\/li>\n<li data-start=\"1253\" data-end=\"1283\">\n<p data-start=\"1255\" data-end=\"1283\">Poches pour les mains avec fermeture \u00e9clair<\/p>\n<\/li>\n<li data-start=\"1284\" data-end=\"1313\">\n<p data-start=\"1286\" data-end=\"1313\">Protection solaire UPF 50+<\/p>\n<\/li>\n<li data-start=\"1314\" data-end=\"1410\">\n<p data-start=\"1316\" data-end=\"1410\">Entretien : laver s\u00e9par\u00e9ment en machine, sans adoucissant ; s\u00e9cher \u00e0 basse temp\u00e9rature<\/p>\n<\/li>\n<\/ul>\n<p>&nbsp;<\/p><\/p>\n","protected":false},"excerpt":{"rendered":"<ul>\n<li data-start=\"1606\" data-end=\"1651\">\n<p data-start=\"1608\" data-end=\"1651\">Veste de course imperm\u00e9able et coupe-vent<\/p>\n<\/li>\n<li data-start=\"1652\" data-end=\"1704\">\n<p data-start=\"1654\" data-end=\"1704\">Capuche am\u00e9lior\u00e9e et coupe semi-ajust\u00e9e<\/p>\n<\/li>\n<li data-start=\"1705\" data-end=\"1754\">\n<p data-start=\"1707\" data-end=\"1754\">Se replie facilement dans la poche pour les mains<\/p>\n<\/li>\n<li data-start=\"1755\" data-end=\"1788\">\n<p data-start=\"1757\" data-end=\"1788\">UPF 50+ pour une protection solaire<\/p>\n<\/li>\n<\/ul>\n","protected":false},"featured_media":358302,"template":"","meta":{"_acf_changed":false,"inline_featured_image":false},"product_brand":[],"product_cat":[24480,24482,24484],"product_tag":[23462,23655],"class_list":{"0":"post-346164","1":"product","2":"type-product","3":"status-publish","4":"has-post-thumbnail","6":"product_cat-vestes-fr-2","7":"product_cat-vetements-pour-hommes-fr","8":"product_cat-homme","9":"product_tag-brooks-fr","10":"product_tag-brooks-homme","11":"pa_attivita-marcher","12":"pa_attivita-running-fr","13":"pa_colore-canopy-packable-jacket-neo-blue-smoke-fr","14":"pa_marca-brooks-fr","15":"pa_sesso-homme","16":"pa_size-small-fr","17":"pa_size-medium-fr","18":"pa_size-large-fr","20":"first","21":"instock","22":"sale","23":"taxable","24":"shipping-taxable","25":"purchasable","26":"product-type-variable","27":"wvs-archive-product-wrapper"},"acf":[],"yoast_head":"<!-- This site is optimized with the Yoast SEO plugin v26.8 - https:\/\/yoast.com\/product\/yoast-seo-wordpress\/ -->\n<title>Brooks Canopy Packable Jacket homme - Veste de course - MioMioRun.com<\/title>\n<meta name=\"description\" content=\"Brooks Canopy Jacket : veste de course pliable, coupe-vent et d\u00e9perlante, avec capuche am\u00e9lior\u00e9e, indice UPF 50+ et poches zipp\u00e9es.\" \/>\n<meta name=\"robots\" content=\"index, follow, max-snippet:-1, max-image-preview:large, max-video-preview:-1\" \/>\n<link rel=\"canonical\" href=\"https:\/\/www.miomiorun.com\/fr\/produit\/canopy-packable-jacket-homme\/\" \/>\n<meta property=\"og:locale\" content=\"fr_FR\" \/>\n<meta property=\"og:type\" content=\"article\" \/>\n<meta property=\"og:title\" content=\"Brooks Canopy Packable Jacket homme - Veste de course - MioMioRun.com\" \/>\n<meta property=\"og:description\" content=\"Brooks Canopy Jacket : veste de course pliable, coupe-vent et d\u00e9perlante, avec capuche am\u00e9lior\u00e9e, indice UPF 50+ et poches zipp\u00e9es.\" \/>\n<meta property=\"og:url\" content=\"https:\/\/www.miomiorun.com\/fr\/produit\/canopy-packable-jacket-homme\/\" \/>\n<meta property=\"og:site_name\" content=\"MioMioRun\" \/>\n<meta property=\"article:publisher\" content=\"https:\/\/www.facebook.com\/miomiorun\/\" \/>\n<meta property=\"article:modified_time\" content=\"2026-04-17T09:03:45+00:00\" \/>\n<meta property=\"og:image\" content=\"https:\/\/www.miomiorun.com\/app\/uploads\/2025\/10\/brooks-Canopy-packable-jacket-neo-blue-smoke-211564420.webp\" \/>\n\t<meta property=\"og:image:width\" content=\"720\" \/>\n\t<meta property=\"og:image:height\" content=\"720\" \/>\n\t<meta property=\"og:image:type\" content=\"image\/webp\" \/>\n<meta name=\"twitter:card\" content=\"summary_large_image\" \/>\n<meta name=\"twitter:label1\" content=\"Est. reading time\" \/>\n\t<meta name=\"twitter:data1\" content=\"1 minute\" \/>\n<script type=\"application\/ld+json\" class=\"yoast-schema-graph\">{\"@context\":\"https:\/\/schema.org\",\"@graph\":[{\"@type\":\"WebPage\",\"@id\":\"https:\/\/www.miomiorun.com\/fr\/produit\/canopy-packable-jacket-homme\/\",\"url\":\"https:\/\/www.miomiorun.com\/fr\/produit\/canopy-packable-jacket-homme\/\",\"name\":\"Brooks Canopy Packable Jacket homme - Veste de course - MioMioRun.com\",\"isPartOf\":{\"@id\":\"https:\/\/www.miomiorun.com\/fr\/#website\"},\"primaryImageOfPage\":{\"@id\":\"https:\/\/www.miomiorun.com\/fr\/produit\/canopy-packable-jacket-homme\/#primaryimage\"},\"image\":{\"@id\":\"https:\/\/www.miomiorun.com\/fr\/produit\/canopy-packable-jacket-homme\/#primaryimage\"},\"thumbnailUrl\":\"https:\/\/www.miomiorun.com\/app\/uploads\/2025\/10\/brooks-Canopy-packable-jacket-neo-blue-smoke-211564420.webp\",\"datePublished\":\"2025-09-10T14:08:13+00:00\",\"dateModified\":\"2026-04-17T09:03:45+00:00\",\"description\":\"Brooks Canopy Jacket : veste de course pliable, coupe-vent et d\u00e9perlante, avec capuche am\u00e9lior\u00e9e, indice UPF 50+ et poches zipp\u00e9es.\",\"breadcrumb\":{\"@id\":\"https:\/\/www.miomiorun.com\/fr\/produit\/canopy-packable-jacket-homme\/#breadcrumb\"},\"inLanguage\":\"fr-FR\",\"potentialAction\":[{\"@type\":\"ReadAction\",\"target\":[\"https:\/\/www.miomiorun.com\/fr\/produit\/canopy-packable-jacket-homme\/\"]}]},{\"@type\":\"ImageObject\",\"inLanguage\":\"fr-FR\",\"@id\":\"https:\/\/www.miomiorun.com\/fr\/produit\/canopy-packable-jacket-homme\/#primaryimage\",\"url\":\"https:\/\/www.miomiorun.com\/app\/uploads\/2025\/10\/brooks-Canopy-packable-jacket-neo-blue-smoke-211564420.webp\",\"contentUrl\":\"https:\/\/www.miomiorun.com\/app\/uploads\/2025\/10\/brooks-Canopy-packable-jacket-neo-blue-smoke-211564420.webp\",\"width\":720,\"height\":720,\"caption\":\"brooks Canopy packable jacket neo blue smoke 211564420\"},{\"@type\":\"BreadcrumbList\",\"@id\":\"https:\/\/www.miomiorun.com\/fr\/produit\/canopy-packable-jacket-homme\/#breadcrumb\",\"itemListElement\":[{\"@type\":\"ListItem\",\"position\":1,\"name\":\"Home\",\"item\":\"https:\/\/www.miomiorun.com\/fr\/home-page\/\"},{\"@type\":\"ListItem\",\"position\":2,\"name\":\"Shop\",\"item\":\"https:\/\/www.miomiorun.com\/shop\/\"},{\"@type\":\"ListItem\",\"position\":3,\"name\":\"Canopy Packable Jacket homme\"}]},{\"@type\":\"WebSite\",\"@id\":\"https:\/\/www.miomiorun.com\/fr\/#website\",\"url\":\"https:\/\/www.miomiorun.com\/fr\/\",\"name\":\"MioMioRun\",\"description\":\"Boutique 100% running et trail\",\"publisher\":{\"@id\":\"https:\/\/www.miomiorun.com\/fr\/#organization\"},\"potentialAction\":[{\"@type\":\"SearchAction\",\"target\":{\"@type\":\"EntryPoint\",\"urlTemplate\":\"https:\/\/www.miomiorun.com\/fr\/?s={search_term_string}\"},\"query-input\":{\"@type\":\"PropertyValueSpecification\",\"valueRequired\":true,\"valueName\":\"search_term_string\"}}],\"inLanguage\":\"fr-FR\"},{\"@type\":\"Organization\",\"@id\":\"https:\/\/www.miomiorun.com\/fr\/#organization\",\"name\":\"MioMio Run\",\"url\":\"https:\/\/www.miomiorun.com\/fr\/\",\"logo\":{\"@type\":\"ImageObject\",\"inLanguage\":\"fr-FR\",\"@id\":\"https:\/\/www.miomiorun.com\/fr\/#\/schema\/logo\/image\/\",\"url\":\"https:\/\/www.miomiorun.com\/app\/uploads\/2019\/12\/logomio.png\",\"contentUrl\":\"https:\/\/www.miomiorun.com\/app\/uploads\/2019\/12\/logomio.png\",\"width\":115,\"height\":82,\"caption\":\"MioMio Run\"},\"image\":{\"@id\":\"https:\/\/www.miomiorun.com\/fr\/#\/schema\/logo\/image\/\"},\"sameAs\":[\"https:\/\/www.facebook.com\/miomiorun\/\",\"https:\/\/www.instagram.com\/miomiorun\/\"]}]}<\/script>\n<!-- \/ Yoast SEO plugin. -->","yoast_head_json":{"title":"Brooks Canopy Packable Jacket homme - Veste de course - MioMioRun.com","description":"Brooks Canopy Jacket : veste de course pliable, coupe-vent et d\u00e9perlante, avec capuche am\u00e9lior\u00e9e, indice UPF 50+ et poches zipp\u00e9es.","robots":{"index":"index","follow":"follow","max-snippet":"max-snippet:-1","max-image-preview":"max-image-preview:large","max-video-preview":"max-video-preview:-1"},"canonical":"https:\/\/www.miomiorun.com\/fr\/produit\/canopy-packable-jacket-homme\/","og_locale":"fr_FR","og_type":"article","og_title":"Brooks Canopy Packable Jacket homme - Veste de course - MioMioRun.com","og_description":"Brooks Canopy Jacket : veste de course pliable, coupe-vent et d\u00e9perlante, avec capuche am\u00e9lior\u00e9e, indice UPF 50+ et poches zipp\u00e9es.","og_url":"https:\/\/www.miomiorun.com\/fr\/produit\/canopy-packable-jacket-homme\/","og_site_name":"MioMioRun","article_publisher":"https:\/\/www.facebook.com\/miomiorun\/","article_modified_time":"2026-04-17T09:03:45+00:00","og_image":[{"width":720,"height":720,"url":"https:\/\/www.miomiorun.com\/app\/uploads\/2025\/10\/brooks-Canopy-packable-jacket-neo-blue-smoke-211564420.webp","type":"image\/webp"}],"twitter_card":"summary_large_image","twitter_misc":{"Est. reading time":"1 minute"},"schema":{"@context":"https:\/\/schema.org","@graph":[{"@type":"WebPage","@id":"https:\/\/www.miomiorun.com\/fr\/produit\/canopy-packable-jacket-homme\/","url":"https:\/\/www.miomiorun.com\/fr\/produit\/canopy-packable-jacket-homme\/","name":"Brooks Canopy Packable Jacket homme - Veste de course - MioMioRun.com","isPartOf":{"@id":"https:\/\/www.miomiorun.com\/fr\/#website"},"primaryImageOfPage":{"@id":"https:\/\/www.miomiorun.com\/fr\/produit\/canopy-packable-jacket-homme\/#primaryimage"},"image":{"@id":"https:\/\/www.miomiorun.com\/fr\/produit\/canopy-packable-jacket-homme\/#primaryimage"},"thumbnailUrl":"https:\/\/www.miomiorun.com\/app\/uploads\/2025\/10\/brooks-Canopy-packable-jacket-neo-blue-smoke-211564420.webp","datePublished":"2025-09-10T14:08:13+00:00","dateModified":"2026-04-17T09:03:45+00:00","description":"Brooks Canopy Jacket : veste de course pliable, coupe-vent et d\u00e9perlante, avec capuche am\u00e9lior\u00e9e, indice UPF 50+ et poches zipp\u00e9es.","breadcrumb":{"@id":"https:\/\/www.miomiorun.com\/fr\/produit\/canopy-packable-jacket-homme\/#breadcrumb"},"inLanguage":"fr-FR","potentialAction":[{"@type":"ReadAction","target":["https:\/\/www.miomiorun.com\/fr\/produit\/canopy-packable-jacket-homme\/"]}]},{"@type":"ImageObject","inLanguage":"fr-FR","@id":"https:\/\/www.miomiorun.com\/fr\/produit\/canopy-packable-jacket-homme\/#primaryimage","url":"https:\/\/www.miomiorun.com\/app\/uploads\/2025\/10\/brooks-Canopy-packable-jacket-neo-blue-smoke-211564420.webp","contentUrl":"https:\/\/www.miomiorun.com\/app\/uploads\/2025\/10\/brooks-Canopy-packable-jacket-neo-blue-smoke-211564420.webp","width":720,"height":720,"caption":"brooks Canopy packable jacket neo blue smoke 211564420"},{"@type":"BreadcrumbList","@id":"https:\/\/www.miomiorun.com\/fr\/produit\/canopy-packable-jacket-homme\/#breadcrumb","itemListElement":[{"@type":"ListItem","position":1,"name":"Home","item":"https:\/\/www.miomiorun.com\/fr\/home-page\/"},{"@type":"ListItem","position":2,"name":"Shop","item":"https:\/\/www.miomiorun.com\/shop\/"},{"@type":"ListItem","position":3,"name":"Canopy Packable Jacket homme"}]},{"@type":"WebSite","@id":"https:\/\/www.miomiorun.com\/fr\/#website","url":"https:\/\/www.miomiorun.com\/fr\/","name":"MioMioRun","description":"Boutique 100% running et trail","publisher":{"@id":"https:\/\/www.miomiorun.com\/fr\/#organization"},"potentialAction":[{"@type":"SearchAction","target":{"@type":"EntryPoint","urlTemplate":"https:\/\/www.miomiorun.com\/fr\/?s={search_term_string}"},"query-input":{"@type":"PropertyValueSpecification","valueRequired":true,"valueName":"search_term_string"}}],"inLanguage":"fr-FR"},{"@type":"Organization","@id":"https:\/\/www.miomiorun.com\/fr\/#organization","name":"MioMio Run","url":"https:\/\/www.miomiorun.com\/fr\/","logo":{"@type":"ImageObject","inLanguage":"fr-FR","@id":"https:\/\/www.miomiorun.com\/fr\/#\/schema\/logo\/image\/","url":"https:\/\/www.miomiorun.com\/app\/uploads\/2019\/12\/logomio.png","contentUrl":"https:\/\/www.miomiorun.com\/app\/uploads\/2019\/12\/logomio.png","width":115,"height":82,"caption":"MioMio Run"},"image":{"@id":"https:\/\/www.miomiorun.com\/fr\/#\/schema\/logo\/image\/"},"sameAs":["https:\/\/www.facebook.com\/miomiorun\/","https:\/\/www.instagram.com\/miomiorun\/"]}]}},"_links":{"self":[{"href":"https:\/\/www.miomiorun.com\/fr\/wp-json\/wp\/v2\/product\/346164","targetHints":{"allow":["GET"]}}],"collection":[{"href":"https:\/\/www.miomiorun.com\/fr\/wp-json\/wp\/v2\/product"}],"about":[{"href":"https:\/\/www.miomiorun.com\/fr\/wp-json\/wp\/v2\/types\/product"}],"wp:featuredmedia":[{"embeddable":true,"href":"https:\/\/www.miomiorun.com\/fr\/wp-json\/wp\/v2\/media\/358302"}],"wp:attachment":[{"href":"https:\/\/www.miomiorun.com\/fr\/wp-json\/wp\/v2\/media?parent=346164"}],"wp:term":[{"taxonomy":"product_brand","embeddable":true,"href":"https:\/\/www.miomiorun.com\/fr\/wp-json\/wp\/v2\/product_brand?post=346164"},{"taxonomy":"product_cat","embeddable":true,"href":"https:\/\/www.miomiorun.com\/fr\/wp-json\/wp\/v2\/product_cat?post=346164"},{"taxonomy":"product_tag","embeddable":true,"href":"https:\/\/www.miomiorun.com\/fr\/wp-json\/wp\/v2\/product_tag?post=346164"}],"curies":[{"name":"wp","href":"https:\/\/api.w.org\/{rel}","templated":true}]}}