{"id":345557,"date":"2025-09-10T11:53:17","date_gmt":"2025-09-10T09:53:17","guid":{"rendered":"https:\/\/www.miomiorun.com\/?post_type=product&#038;p=345557"},"modified":"2026-05-08T16:30:08","modified_gmt":"2026-05-08T14:30:08","slug":"gel-cumulus-27-gs","status":"publish","type":"product","link":"https:\/\/www.miomiorun.com\/fr\/produit\/gel-cumulus-27-gs\/","title":{"rendered":"Gel-Cumulus 27 GS"},"content":{"rendered":"<table style=\"border-collapse: collapse;width: 100%\">\n<tbody>\n<tr>\n<td style=\"width: 33.3333%;vertical-align: top\">\n<h4>Caract\u00e9ristiques techniques<\/h4>\n<p>Cat\u00e9gorie : Amorti structur\u00e9<br \/>\nD\u00e9calage : 8,5 mm<br \/>\nPoids : 215 g<\/p>\n<p>Id\u00e9al pour : les plus jeunes, con\u00e7u pour garantir confort, l\u00e9g\u00e8ret\u00e9 et respirabilit\u00e9 pendant toutes les activit\u00e9s quotidiennes.<br \/>\nPoids de l&#8217;athl\u00e8te : 25-30 kg<br \/>\nAllure de course : 5 min\/km<br \/>\n<a href=\"https:\/\/miomiorun.com\/guida-alle-specifiche-tecniche\/\">Guide des sp\u00e9cifications techniques<\/a><\/td>\n<td style=\"width: 66.6666%;vertical-align: top\">\n<p data-start=\"204\" data-end=\"513\">La <strong data-start=\"207\" data-end=\"228\">GEL-CUMULUS 27 GS<\/strong> est la chaussure de course parfaite pour les plus jeunes, con\u00e7ue pour garantir confort, l\u00e9g\u00e8ret\u00e9 et respirabilit\u00e9 pendant toutes les activit\u00e9s quotidiennes. La tige en <strong data-start=\"393\" data-end=\"412\">mesh renforc\u00e9<\/strong> garde les pieds au frais, r\u00e9duisant ainsi le besoin de couches suppl\u00e9mentaires et am\u00e9liorant la durabilit\u00e9. <\/p>\n<p data-start=\"515\" data-end=\"715\">La semelle interm\u00e9diaire combine <strong data-start=\"536\" data-end=\"565\">l&#8217;amorti AMPLIFOAM<\/strong> et <strong data-start=\"568\" data-end=\"586\">la technologie GEL<\/strong>, strat\u00e9giquement positionn\u00e9s pour offrir un soutien souple et une absorption des chocs, favorisant une course fluide et confortable.<\/p>\n<p data-start=\"717\" data-end=\"965\">De plus, la chaussure est <strong data-start=\"738\" data-end=\"756\">adapt\u00e9e aux v\u00e9g\u00e9taliens<\/strong> (aucun mat\u00e9riau d&#8217;origine animale n&#8217;est utilis\u00e9) et fabriqu\u00e9e selon des proc\u00e9d\u00e9s durables, tels que la <strong data-start=\"842\" data-end=\"876\">teinture en p\u00e2te de la semelle int\u00e9rieure<\/strong>, qui r\u00e9duit la consommation d&#8217;eau et les \u00e9missions de carbone par rapport aux m\u00e9thodes traditionnelles.<\/p>\n<ul>\n<li data-start=\"967\" data-end=\"1231\">&nbsp;Confort et amorti id\u00e9aux pour les pieds jeunes et actifs<\/li>\n<li data-start=\"967\" data-end=\"1231\">Technologie GEL pour absorber les chocs et prot\u00e9ger les articulations<\/li>\n<li data-start=\"967\" data-end=\"1231\">Tige respirante et r\u00e9sistante en mesh renforc\u00e9<\/li>\n<\/ul>\n<\/td>\n<\/tr>\n<\/tbody>\n<\/table>\n<p>&nbsp;<\/p>\n","protected":false},"excerpt":{"rendered":"<ul>\n<li>Une basket polyvalente pour tous les jours, destin\u00e9e aux pieds jeunes et actifs.<\/li>\n<li>Confort exceptionnel.<\/li>\n<\/ul>\n","protected":false},"featured_media":351542,"template":"","meta":{"_acf_changed":false,"inline_featured_image":false},"product_brand":[],"product_cat":[22594,22593,22590],"product_tag":[23560,24180,24186],"class_list":{"0":"post-345557","1":"product","2":"type-product","3":"status-publish","4":"has-post-thumbnail","6":"product_cat-chaussures-pour-enfants","7":"product_cat-chaussures-pour-filles","8":"product_cat-enfant","9":"product_tag-asics-fr","10":"product_tag-asics-fille","11":"product_tag-asics-garcon","12":"pa_attivita-fitness-fr","13":"pa_attivita-lifestyle-fr","14":"pa_attivita-marcher","15":"pa_attivita-running-fr","16":"pa_colore-cumulus-27-gs-dark-pink-clay-cream-fr","17":"pa_colore-cumulus-27-gs-indigo-fog-lucid-yellow-fr","18":"pa_marca-asics-fr","19":"pa_sesso-femme","20":"pa_sesso-homme","21":"pa_size-32-5-fr","22":"pa_size-33-fr","23":"pa_size-33-5-fr","24":"pa_size-34-5-fr","25":"pa_size-35-fr","26":"pa_size-35-5-fr","27":"pa_size-36-fr","29":"first","30":"instock","31":"sale","32":"taxable","33":"shipping-taxable","34":"purchasable","35":"product-type-variable","36":"wvs-archive-product-wrapper"},"acf":[],"yoast_head":"<!-- This site is optimized with the Yoast SEO plugin v26.8 - https:\/\/yoast.com\/product\/yoast-seo-wordpress\/ -->\n<title>Asics Gel-Cumulus 27 GS - chaussures de course pour enfants - MioMioRun<\/title>\n<meta name=\"description\" content=\"ASICS GEL-CUMULUS 27 GS : chaussures de course pour enfants avec amorti GEL et AMPLIFOAM, tige respirante et design \u00e9cologique. Confort au quotidien.\" \/>\n<meta name=\"robots\" content=\"index, follow, max-snippet:-1, max-image-preview:large, max-video-preview:-1\" \/>\n<link rel=\"canonical\" href=\"https:\/\/www.miomiorun.com\/fr\/produit\/gel-cumulus-27-gs\/\" \/>\n<meta property=\"og:locale\" content=\"fr_FR\" \/>\n<meta property=\"og:type\" content=\"article\" \/>\n<meta property=\"og:title\" content=\"Asics Gel-Cumulus 27 GS - chaussures de course pour enfants - MioMioRun\" \/>\n<meta property=\"og:description\" content=\"ASICS GEL-CUMULUS 27 GS : chaussures de course pour enfants avec amorti GEL et AMPLIFOAM, tige respirante et design \u00e9cologique. Confort au quotidien.\" \/>\n<meta property=\"og:url\" content=\"https:\/\/www.miomiorun.com\/fr\/produit\/gel-cumulus-27-gs\/\" \/>\n<meta property=\"og:site_name\" content=\"MioMioRun\" \/>\n<meta property=\"article:publisher\" content=\"https:\/\/www.facebook.com\/miomiorun\/\" \/>\n<meta property=\"article:modified_time\" content=\"2026-05-08T14:30:08+00:00\" \/>\n<meta property=\"og:image\" content=\"https:\/\/www.miomiorun.com\/app\/uploads\/2025\/09\/asics-Cumulus-27-GS-indigo-fog-lucid-yellow-1014A366-500.webp\" \/>\n\t<meta property=\"og:image:width\" content=\"600\" \/>\n\t<meta property=\"og:image:height\" content=\"600\" \/>\n\t<meta property=\"og:image:type\" content=\"image\/webp\" \/>\n<meta name=\"twitter:card\" content=\"summary_large_image\" \/>\n<meta name=\"twitter:label1\" content=\"Est. reading time\" \/>\n\t<meta name=\"twitter:data1\" content=\"1 minute\" \/>\n<script type=\"application\/ld+json\" class=\"yoast-schema-graph\">{\"@context\":\"https:\/\/schema.org\",\"@graph\":[{\"@type\":\"WebPage\",\"@id\":\"https:\/\/www.miomiorun.com\/fr\/produit\/gel-cumulus-27-gs\/\",\"url\":\"https:\/\/www.miomiorun.com\/fr\/produit\/gel-cumulus-27-gs\/\",\"name\":\"Asics Gel-Cumulus 27 GS - chaussures de course pour enfants - MioMioRun\",\"isPartOf\":{\"@id\":\"https:\/\/www.miomiorun.com\/fr\/#website\"},\"primaryImageOfPage\":{\"@id\":\"https:\/\/www.miomiorun.com\/fr\/produit\/gel-cumulus-27-gs\/#primaryimage\"},\"image\":{\"@id\":\"https:\/\/www.miomiorun.com\/fr\/produit\/gel-cumulus-27-gs\/#primaryimage\"},\"thumbnailUrl\":\"https:\/\/www.miomiorun.com\/app\/uploads\/2025\/09\/asics-Cumulus-27-GS-indigo-fog-lucid-yellow-1014A366-500.webp\",\"datePublished\":\"2025-09-10T09:53:17+00:00\",\"dateModified\":\"2026-05-08T14:30:08+00:00\",\"description\":\"ASICS GEL-CUMULUS 27 GS : chaussures de course pour enfants avec amorti GEL et AMPLIFOAM, tige respirante et design \u00e9cologique. Confort au quotidien.\",\"breadcrumb\":{\"@id\":\"https:\/\/www.miomiorun.com\/fr\/produit\/gel-cumulus-27-gs\/#breadcrumb\"},\"inLanguage\":\"fr-FR\",\"potentialAction\":[{\"@type\":\"ReadAction\",\"target\":[\"https:\/\/www.miomiorun.com\/fr\/produit\/gel-cumulus-27-gs\/\"]}]},{\"@type\":\"ImageObject\",\"inLanguage\":\"fr-FR\",\"@id\":\"https:\/\/www.miomiorun.com\/fr\/produit\/gel-cumulus-27-gs\/#primaryimage\",\"url\":\"https:\/\/www.miomiorun.com\/app\/uploads\/2025\/09\/asics-Cumulus-27-GS-indigo-fog-lucid-yellow-1014A366-500.webp\",\"contentUrl\":\"https:\/\/www.miomiorun.com\/app\/uploads\/2025\/09\/asics-Cumulus-27-GS-indigo-fog-lucid-yellow-1014A366-500.webp\",\"width\":600,\"height\":600,\"caption\":\"asics Cumulus 27 GS indigo fog lucid yellow 1014A366 500\"},{\"@type\":\"BreadcrumbList\",\"@id\":\"https:\/\/www.miomiorun.com\/fr\/produit\/gel-cumulus-27-gs\/#breadcrumb\",\"itemListElement\":[{\"@type\":\"ListItem\",\"position\":1,\"name\":\"Home\",\"item\":\"https:\/\/www.miomiorun.com\/fr\/home-page\/\"},{\"@type\":\"ListItem\",\"position\":2,\"name\":\"Shop\",\"item\":\"https:\/\/www.miomiorun.com\/shop\/\"},{\"@type\":\"ListItem\",\"position\":3,\"name\":\"Gel-Cumulus 27 GS\"}]},{\"@type\":\"WebSite\",\"@id\":\"https:\/\/www.miomiorun.com\/fr\/#website\",\"url\":\"https:\/\/www.miomiorun.com\/fr\/\",\"name\":\"MioMioRun\",\"description\":\"Boutique 100% running et trail\",\"publisher\":{\"@id\":\"https:\/\/www.miomiorun.com\/fr\/#organization\"},\"potentialAction\":[{\"@type\":\"SearchAction\",\"target\":{\"@type\":\"EntryPoint\",\"urlTemplate\":\"https:\/\/www.miomiorun.com\/fr\/?s={search_term_string}\"},\"query-input\":{\"@type\":\"PropertyValueSpecification\",\"valueRequired\":true,\"valueName\":\"search_term_string\"}}],\"inLanguage\":\"fr-FR\"},{\"@type\":\"Organization\",\"@id\":\"https:\/\/www.miomiorun.com\/fr\/#organization\",\"name\":\"MioMio Run\",\"url\":\"https:\/\/www.miomiorun.com\/fr\/\",\"logo\":{\"@type\":\"ImageObject\",\"inLanguage\":\"fr-FR\",\"@id\":\"https:\/\/www.miomiorun.com\/fr\/#\/schema\/logo\/image\/\",\"url\":\"https:\/\/www.miomiorun.com\/app\/uploads\/2019\/12\/logomio.png\",\"contentUrl\":\"https:\/\/www.miomiorun.com\/app\/uploads\/2019\/12\/logomio.png\",\"width\":115,\"height\":82,\"caption\":\"MioMio Run\"},\"image\":{\"@id\":\"https:\/\/www.miomiorun.com\/fr\/#\/schema\/logo\/image\/\"},\"sameAs\":[\"https:\/\/www.facebook.com\/miomiorun\/\",\"https:\/\/www.instagram.com\/miomiorun\/\"]}]}<\/script>\n<!-- \/ Yoast SEO plugin. -->","yoast_head_json":{"title":"Asics Gel-Cumulus 27 GS - chaussures de course pour enfants - MioMioRun","description":"ASICS GEL-CUMULUS 27 GS : chaussures de course pour enfants avec amorti GEL et AMPLIFOAM, tige respirante et design \u00e9cologique. Confort au quotidien.","robots":{"index":"index","follow":"follow","max-snippet":"max-snippet:-1","max-image-preview":"max-image-preview:large","max-video-preview":"max-video-preview:-1"},"canonical":"https:\/\/www.miomiorun.com\/fr\/produit\/gel-cumulus-27-gs\/","og_locale":"fr_FR","og_type":"article","og_title":"Asics Gel-Cumulus 27 GS - chaussures de course pour enfants - MioMioRun","og_description":"ASICS GEL-CUMULUS 27 GS : chaussures de course pour enfants avec amorti GEL et AMPLIFOAM, tige respirante et design \u00e9cologique. Confort au quotidien.","og_url":"https:\/\/www.miomiorun.com\/fr\/produit\/gel-cumulus-27-gs\/","og_site_name":"MioMioRun","article_publisher":"https:\/\/www.facebook.com\/miomiorun\/","article_modified_time":"2026-05-08T14:30:08+00:00","og_image":[{"width":600,"height":600,"url":"https:\/\/www.miomiorun.com\/app\/uploads\/2025\/09\/asics-Cumulus-27-GS-indigo-fog-lucid-yellow-1014A366-500.webp","type":"image\/webp"}],"twitter_card":"summary_large_image","twitter_misc":{"Est. reading time":"1 minute"},"schema":{"@context":"https:\/\/schema.org","@graph":[{"@type":"WebPage","@id":"https:\/\/www.miomiorun.com\/fr\/produit\/gel-cumulus-27-gs\/","url":"https:\/\/www.miomiorun.com\/fr\/produit\/gel-cumulus-27-gs\/","name":"Asics Gel-Cumulus 27 GS - chaussures de course pour enfants - MioMioRun","isPartOf":{"@id":"https:\/\/www.miomiorun.com\/fr\/#website"},"primaryImageOfPage":{"@id":"https:\/\/www.miomiorun.com\/fr\/produit\/gel-cumulus-27-gs\/#primaryimage"},"image":{"@id":"https:\/\/www.miomiorun.com\/fr\/produit\/gel-cumulus-27-gs\/#primaryimage"},"thumbnailUrl":"https:\/\/www.miomiorun.com\/app\/uploads\/2025\/09\/asics-Cumulus-27-GS-indigo-fog-lucid-yellow-1014A366-500.webp","datePublished":"2025-09-10T09:53:17+00:00","dateModified":"2026-05-08T14:30:08+00:00","description":"ASICS GEL-CUMULUS 27 GS : chaussures de course pour enfants avec amorti GEL et AMPLIFOAM, tige respirante et design \u00e9cologique. Confort au quotidien.","breadcrumb":{"@id":"https:\/\/www.miomiorun.com\/fr\/produit\/gel-cumulus-27-gs\/#breadcrumb"},"inLanguage":"fr-FR","potentialAction":[{"@type":"ReadAction","target":["https:\/\/www.miomiorun.com\/fr\/produit\/gel-cumulus-27-gs\/"]}]},{"@type":"ImageObject","inLanguage":"fr-FR","@id":"https:\/\/www.miomiorun.com\/fr\/produit\/gel-cumulus-27-gs\/#primaryimage","url":"https:\/\/www.miomiorun.com\/app\/uploads\/2025\/09\/asics-Cumulus-27-GS-indigo-fog-lucid-yellow-1014A366-500.webp","contentUrl":"https:\/\/www.miomiorun.com\/app\/uploads\/2025\/09\/asics-Cumulus-27-GS-indigo-fog-lucid-yellow-1014A366-500.webp","width":600,"height":600,"caption":"asics Cumulus 27 GS indigo fog lucid yellow 1014A366 500"},{"@type":"BreadcrumbList","@id":"https:\/\/www.miomiorun.com\/fr\/produit\/gel-cumulus-27-gs\/#breadcrumb","itemListElement":[{"@type":"ListItem","position":1,"name":"Home","item":"https:\/\/www.miomiorun.com\/fr\/home-page\/"},{"@type":"ListItem","position":2,"name":"Shop","item":"https:\/\/www.miomiorun.com\/shop\/"},{"@type":"ListItem","position":3,"name":"Gel-Cumulus 27 GS"}]},{"@type":"WebSite","@id":"https:\/\/www.miomiorun.com\/fr\/#website","url":"https:\/\/www.miomiorun.com\/fr\/","name":"MioMioRun","description":"Boutique 100% running et trail","publisher":{"@id":"https:\/\/www.miomiorun.com\/fr\/#organization"},"potentialAction":[{"@type":"SearchAction","target":{"@type":"EntryPoint","urlTemplate":"https:\/\/www.miomiorun.com\/fr\/?s={search_term_string}"},"query-input":{"@type":"PropertyValueSpecification","valueRequired":true,"valueName":"search_term_string"}}],"inLanguage":"fr-FR"},{"@type":"Organization","@id":"https:\/\/www.miomiorun.com\/fr\/#organization","name":"MioMio Run","url":"https:\/\/www.miomiorun.com\/fr\/","logo":{"@type":"ImageObject","inLanguage":"fr-FR","@id":"https:\/\/www.miomiorun.com\/fr\/#\/schema\/logo\/image\/","url":"https:\/\/www.miomiorun.com\/app\/uploads\/2019\/12\/logomio.png","contentUrl":"https:\/\/www.miomiorun.com\/app\/uploads\/2019\/12\/logomio.png","width":115,"height":82,"caption":"MioMio Run"},"image":{"@id":"https:\/\/www.miomiorun.com\/fr\/#\/schema\/logo\/image\/"},"sameAs":["https:\/\/www.facebook.com\/miomiorun\/","https:\/\/www.instagram.com\/miomiorun\/"]}]}},"_links":{"self":[{"href":"https:\/\/www.miomiorun.com\/fr\/wp-json\/wp\/v2\/product\/345557","targetHints":{"allow":["GET"]}}],"collection":[{"href":"https:\/\/www.miomiorun.com\/fr\/wp-json\/wp\/v2\/product"}],"about":[{"href":"https:\/\/www.miomiorun.com\/fr\/wp-json\/wp\/v2\/types\/product"}],"wp:featuredmedia":[{"embeddable":true,"href":"https:\/\/www.miomiorun.com\/fr\/wp-json\/wp\/v2\/media\/351542"}],"wp:attachment":[{"href":"https:\/\/www.miomiorun.com\/fr\/wp-json\/wp\/v2\/media?parent=345557"}],"wp:term":[{"taxonomy":"product_brand","embeddable":true,"href":"https:\/\/www.miomiorun.com\/fr\/wp-json\/wp\/v2\/product_brand?post=345557"},{"taxonomy":"product_cat","embeddable":true,"href":"https:\/\/www.miomiorun.com\/fr\/wp-json\/wp\/v2\/product_cat?post=345557"},{"taxonomy":"product_tag","embeddable":true,"href":"https:\/\/www.miomiorun.com\/fr\/wp-json\/wp\/v2\/product_tag?post=345557"}],"curies":[{"name":"wp","href":"https:\/\/api.w.org\/{rel}","templated":true}]}}