{"id":345091,"date":"2025-09-09T11:15:10","date_gmt":"2025-09-09T09:15:10","guid":{"rendered":"https:\/\/www.miomiorun.com\/?post_type=product&#038;p=345091"},"modified":"2026-04-17T11:04:27","modified_gmt":"2026-04-17T09:04:27","slug":"gt-1000-14-gtx-femme","status":"publish","type":"product","link":"https:\/\/www.miomiorun.com\/fr\/produit\/gt-1000-14-gtx-femme\/","title":{"rendered":"GT-1000 14 GTX femme"},"content":{"rendered":"<table style=\"border-collapse: collapse;width: 100%\">\n<tbody>\n<tr>\n<td style=\"width: 33.3333%;vertical-align: top;text-align: center\"><strong>Caract\u00e9ristiques techniques<\/strong><\/p>\n<p>Cat\u00e9gorie : amorti moyen<br \/>\nD\u00e9calage : 8 mm<br \/>\nPoids : 270 g<br \/>\nId\u00e9al pour : les coureurs ayant tendance \u00e0 la pronation et recherchant un mod\u00e8le capable de garantir stabilit\u00e9 et protection, d&#8217;offrir un amorti ad\u00e9quat et une bonne tenue dans le temps, d\u00e9sormais \u00e9galement imperm\u00e9able.<br \/>\nPoids de l&#8217;athl\u00e8te : 50-70 kg<br \/>\nAllure de course : moyenne (&gt;5,00 min\/km)<br \/>\n<a href=\"https:\/\/miomiorun.com\/guida-alle-specifiche-tecniche\/\">Guide des sp\u00e9cifications techniques<\/a><\/td>\n<td style=\"width: 66.6666%;vertical-align: top;text-align: center\">\n<p data-start=\"198\" data-end=\"502\">La <strong data-start=\"201\" data-end=\"224\">GT-1000 14 GTX Femme<\/strong> a \u00e9t\u00e9 repens\u00e9e pour offrir un meilleur amorti, une meilleure stabilit\u00e9 et une meilleure protection contre les intemp\u00e9ries. La tige en <strong data-start=\"338\" data-end=\"363\">GORE-TEX imperm\u00e9able<\/strong> garde les pieds au sec sous la pluie et la neige, tandis que la nouvelle semelle interm\u00e9diaire avec <strong data-start=\"445\" data-end=\"457\">FF BLAST<\/strong> assure une foul\u00e9e plus souple et r\u00e9active.<\/p>\n<p data-start=\"504\" data-end=\"733\">Le <strong data-start=\"507\" data-end=\"529\">3D GUIDANCE SYSTEM<\/strong> offre un soutien stable et adaptable, favorisant une foul\u00e9e \u00e9quilibr\u00e9e, tandis que la <strong data-start=\"620\" data-end=\"642\">technologie PureGEL<\/strong> au talon assure des atterrissages plus souples et plus confortables que le GEL traditionnel.<\/p>\n<p data-start=\"735\" data-end=\"1071\">La <strong data-start=\"738\" data-end=\"775\">semelle sp\u00e9cifique pour le trail running<\/strong>, renforc\u00e9e avec du caoutchouc <strong data-start=\"798\" data-end=\"809\">AHAR LO<\/strong>, offre une traction fiable et une r\u00e9sistance sur les terrains mixtes, compl\u00e9t\u00e9e par la <strong data-start=\"886\" data-end=\"913\">semelle int\u00e9rieure Hybrid Max Lite<\/strong> qui am\u00e9liore le contr\u00f4le de l&#8217;humidit\u00e9, la respirabilit\u00e9 et le confort. Une chaussure polyvalente et moderne, con\u00e7ue pour ceux qui recherchent la fiabilit\u00e9 sur route et hors route.<\/p>\n<ul>\n<li data-start=\"1073\" data-end=\"1293\">&nbsp;Protection totale contre la pluie et la neige avec GORE-TEX<\/li>\n<li data-start=\"1073\" data-end=\"1293\">Amorti avanc\u00e9 avec FF BLAST + PureGEL<\/li>\n<li data-start=\"1073\" data-end=\"1293\">Stabilit\u00e9 et maintien gr\u00e2ce au 3D GUIDANCE SYSTEM<\/li>\n<li data-start=\"1073\" data-end=\"1293\">Semelle de trail pour une traction et une durabilit\u00e9 optimales sur les terrains mixtes<\/li>\n<\/ul>\n<\/p>\n<\/td>\n<\/tr>\n<\/tbody>\n<\/table>\n<p>&nbsp;<\/p>\n","protected":false},"excerpt":{"rendered":"<ul>\n<li data-start=\"1811\" data-end=\"1873\">\n<p data-start=\"1813\" data-end=\"1873\">Tige GORE-TEX imperm\u00e9able : protection contre la pluie et la neige<\/p>\n<\/li>\n<li data-start=\"1874\" data-end=\"1937\">\n<p data-start=\"1876\" data-end=\"1937\">Semelle interm\u00e9diaire FF BLAST + PureGEL : confort moelleux et r\u00e9activit\u00e9<\/p>\n<\/li>\n<li data-start=\"1938\" data-end=\"2004\">\n<p data-start=\"1940\" data-end=\"2004\">3D GUIDANCE SYSTEM : stabilit\u00e9 adaptable et foul\u00e9e \u00e9quilibr\u00e9e<\/p>\n<\/li>\n<li data-start=\"2005\" data-end=\"2079\">\n<p data-start=\"2007\" data-end=\"2079\">Semelle AHAR LO avec design trail : traction et r\u00e9sistance sur terrains mixtes<\/p>\n<\/li>\n<\/ul>\n","protected":false},"featured_media":352899,"template":"","meta":{"_acf_changed":false,"inline_featured_image":false},"product_brand":[],"product_cat":[22605,22607],"product_tag":[23560,23668],"class_list":{"0":"post-345091","1":"product","2":"type-product","3":"status-publish","4":"has-post-thumbnail","6":"product_cat-chaussures-pour-femmes","7":"product_cat-ecuries","8":"product_tag-asics-fr","9":"product_tag-asics-femme","10":"pa_attivita-marcher","11":"pa_attivita-running-fr","12":"pa_colore-gt-1000-gtx-w-black-dark-cobalt-fr","13":"pa_marca-asics-fr","14":"pa_sesso-femme","15":"pa_size-40-fr","17":"first","18":"instock","19":"sale","20":"taxable","21":"shipping-taxable","22":"purchasable","23":"product-type-variable","24":"wvs-archive-product-wrapper"},"acf":[],"yoast_head":"<!-- This site is optimized with the Yoast SEO plugin v26.8 - https:\/\/yoast.com\/product\/yoast-seo-wordpress\/ -->\n<title>Asics GT-1000 14 GTX femme - chaussures de course femmes- MioMioRun<\/title>\n<meta name=\"description\" content=\"ASICS GT-1000 14 GTX Homme : chaussure de course imperm\u00e9able avec amorti FF BLAST, stabilit\u00e9 3D GUIDANCE et semelle trail pour une traction sur terrains mixtes.\" \/>\n<meta name=\"robots\" content=\"index, follow, max-snippet:-1, max-image-preview:large, max-video-preview:-1\" \/>\n<link rel=\"canonical\" href=\"https:\/\/www.miomiorun.com\/fr\/produit\/gt-1000-14-gtx-femme\/\" \/>\n<meta property=\"og:locale\" content=\"fr_FR\" \/>\n<meta property=\"og:type\" content=\"article\" \/>\n<meta property=\"og:title\" content=\"Asics GT-1000 14 GTX femme - chaussures de course femmes- MioMioRun\" \/>\n<meta property=\"og:description\" content=\"ASICS GT-1000 14 GTX Homme : chaussure de course imperm\u00e9able avec amorti FF BLAST, stabilit\u00e9 3D GUIDANCE et semelle trail pour une traction sur terrains mixtes.\" \/>\n<meta property=\"og:url\" content=\"https:\/\/www.miomiorun.com\/fr\/produit\/gt-1000-14-gtx-femme\/\" \/>\n<meta property=\"og:site_name\" content=\"MioMioRun\" \/>\n<meta property=\"article:publisher\" content=\"https:\/\/www.facebook.com\/miomiorun\/\" \/>\n<meta property=\"article:modified_time\" content=\"2026-04-17T09:04:27+00:00\" \/>\n<meta property=\"og:image\" content=\"https:\/\/www.miomiorun.com\/app\/uploads\/2025\/09\/asics-GT-1000-GTX-W-black-dark-cobalt-1012B857-001.webp\" \/>\n\t<meta property=\"og:image:width\" content=\"720\" \/>\n\t<meta property=\"og:image:height\" content=\"720\" \/>\n\t<meta property=\"og:image:type\" content=\"image\/webp\" \/>\n<meta name=\"twitter:card\" content=\"summary_large_image\" \/>\n<meta name=\"twitter:label1\" content=\"Est. reading time\" \/>\n\t<meta name=\"twitter:data1\" content=\"1 minute\" \/>\n<script type=\"application\/ld+json\" class=\"yoast-schema-graph\">{\"@context\":\"https:\/\/schema.org\",\"@graph\":[{\"@type\":\"WebPage\",\"@id\":\"https:\/\/www.miomiorun.com\/fr\/produit\/gt-1000-14-gtx-femme\/\",\"url\":\"https:\/\/www.miomiorun.com\/fr\/produit\/gt-1000-14-gtx-femme\/\",\"name\":\"Asics GT-1000 14 GTX femme - chaussures de course femmes- MioMioRun\",\"isPartOf\":{\"@id\":\"https:\/\/www.miomiorun.com\/fr\/#website\"},\"primaryImageOfPage\":{\"@id\":\"https:\/\/www.miomiorun.com\/fr\/produit\/gt-1000-14-gtx-femme\/#primaryimage\"},\"image\":{\"@id\":\"https:\/\/www.miomiorun.com\/fr\/produit\/gt-1000-14-gtx-femme\/#primaryimage\"},\"thumbnailUrl\":\"https:\/\/www.miomiorun.com\/app\/uploads\/2025\/09\/asics-GT-1000-GTX-W-black-dark-cobalt-1012B857-001.webp\",\"datePublished\":\"2025-09-09T09:15:10+00:00\",\"dateModified\":\"2026-04-17T09:04:27+00:00\",\"description\":\"ASICS GT-1000 14 GTX Homme : chaussure de course imperm\u00e9able avec amorti FF BLAST, stabilit\u00e9 3D GUIDANCE et semelle trail pour une traction sur terrains mixtes.\",\"breadcrumb\":{\"@id\":\"https:\/\/www.miomiorun.com\/fr\/produit\/gt-1000-14-gtx-femme\/#breadcrumb\"},\"inLanguage\":\"fr-FR\",\"potentialAction\":[{\"@type\":\"ReadAction\",\"target\":[\"https:\/\/www.miomiorun.com\/fr\/produit\/gt-1000-14-gtx-femme\/\"]}]},{\"@type\":\"ImageObject\",\"inLanguage\":\"fr-FR\",\"@id\":\"https:\/\/www.miomiorun.com\/fr\/produit\/gt-1000-14-gtx-femme\/#primaryimage\",\"url\":\"https:\/\/www.miomiorun.com\/app\/uploads\/2025\/09\/asics-GT-1000-GTX-W-black-dark-cobalt-1012B857-001.webp\",\"contentUrl\":\"https:\/\/www.miomiorun.com\/app\/uploads\/2025\/09\/asics-GT-1000-GTX-W-black-dark-cobalt-1012B857-001.webp\",\"width\":720,\"height\":720,\"caption\":\"asics GT-1000 GTX W black dark cobalt 1012B857 001\"},{\"@type\":\"BreadcrumbList\",\"@id\":\"https:\/\/www.miomiorun.com\/fr\/produit\/gt-1000-14-gtx-femme\/#breadcrumb\",\"itemListElement\":[{\"@type\":\"ListItem\",\"position\":1,\"name\":\"Home\",\"item\":\"https:\/\/www.miomiorun.com\/fr\/home-page\/\"},{\"@type\":\"ListItem\",\"position\":2,\"name\":\"Shop\",\"item\":\"https:\/\/www.miomiorun.com\/shop\/\"},{\"@type\":\"ListItem\",\"position\":3,\"name\":\"GT-1000 14 GTX femme\"}]},{\"@type\":\"WebSite\",\"@id\":\"https:\/\/www.miomiorun.com\/fr\/#website\",\"url\":\"https:\/\/www.miomiorun.com\/fr\/\",\"name\":\"MioMioRun\",\"description\":\"Boutique 100% running et trail\",\"publisher\":{\"@id\":\"https:\/\/www.miomiorun.com\/fr\/#organization\"},\"potentialAction\":[{\"@type\":\"SearchAction\",\"target\":{\"@type\":\"EntryPoint\",\"urlTemplate\":\"https:\/\/www.miomiorun.com\/fr\/?s={search_term_string}\"},\"query-input\":{\"@type\":\"PropertyValueSpecification\",\"valueRequired\":true,\"valueName\":\"search_term_string\"}}],\"inLanguage\":\"fr-FR\"},{\"@type\":\"Organization\",\"@id\":\"https:\/\/www.miomiorun.com\/fr\/#organization\",\"name\":\"MioMio Run\",\"url\":\"https:\/\/www.miomiorun.com\/fr\/\",\"logo\":{\"@type\":\"ImageObject\",\"inLanguage\":\"fr-FR\",\"@id\":\"https:\/\/www.miomiorun.com\/fr\/#\/schema\/logo\/image\/\",\"url\":\"https:\/\/www.miomiorun.com\/app\/uploads\/2019\/12\/logomio.png\",\"contentUrl\":\"https:\/\/www.miomiorun.com\/app\/uploads\/2019\/12\/logomio.png\",\"width\":115,\"height\":82,\"caption\":\"MioMio Run\"},\"image\":{\"@id\":\"https:\/\/www.miomiorun.com\/fr\/#\/schema\/logo\/image\/\"},\"sameAs\":[\"https:\/\/www.facebook.com\/miomiorun\/\",\"https:\/\/www.instagram.com\/miomiorun\/\"]}]}<\/script>\n<!-- \/ Yoast SEO plugin. -->","yoast_head_json":{"title":"Asics GT-1000 14 GTX femme - chaussures de course femmes- MioMioRun","description":"ASICS GT-1000 14 GTX Homme : chaussure de course imperm\u00e9able avec amorti FF BLAST, stabilit\u00e9 3D GUIDANCE et semelle trail pour une traction sur terrains mixtes.","robots":{"index":"index","follow":"follow","max-snippet":"max-snippet:-1","max-image-preview":"max-image-preview:large","max-video-preview":"max-video-preview:-1"},"canonical":"https:\/\/www.miomiorun.com\/fr\/produit\/gt-1000-14-gtx-femme\/","og_locale":"fr_FR","og_type":"article","og_title":"Asics GT-1000 14 GTX femme - chaussures de course femmes- MioMioRun","og_description":"ASICS GT-1000 14 GTX Homme : chaussure de course imperm\u00e9able avec amorti FF BLAST, stabilit\u00e9 3D GUIDANCE et semelle trail pour une traction sur terrains mixtes.","og_url":"https:\/\/www.miomiorun.com\/fr\/produit\/gt-1000-14-gtx-femme\/","og_site_name":"MioMioRun","article_publisher":"https:\/\/www.facebook.com\/miomiorun\/","article_modified_time":"2026-04-17T09:04:27+00:00","og_image":[{"width":720,"height":720,"url":"https:\/\/www.miomiorun.com\/app\/uploads\/2025\/09\/asics-GT-1000-GTX-W-black-dark-cobalt-1012B857-001.webp","type":"image\/webp"}],"twitter_card":"summary_large_image","twitter_misc":{"Est. reading time":"1 minute"},"schema":{"@context":"https:\/\/schema.org","@graph":[{"@type":"WebPage","@id":"https:\/\/www.miomiorun.com\/fr\/produit\/gt-1000-14-gtx-femme\/","url":"https:\/\/www.miomiorun.com\/fr\/produit\/gt-1000-14-gtx-femme\/","name":"Asics GT-1000 14 GTX femme - chaussures de course femmes- MioMioRun","isPartOf":{"@id":"https:\/\/www.miomiorun.com\/fr\/#website"},"primaryImageOfPage":{"@id":"https:\/\/www.miomiorun.com\/fr\/produit\/gt-1000-14-gtx-femme\/#primaryimage"},"image":{"@id":"https:\/\/www.miomiorun.com\/fr\/produit\/gt-1000-14-gtx-femme\/#primaryimage"},"thumbnailUrl":"https:\/\/www.miomiorun.com\/app\/uploads\/2025\/09\/asics-GT-1000-GTX-W-black-dark-cobalt-1012B857-001.webp","datePublished":"2025-09-09T09:15:10+00:00","dateModified":"2026-04-17T09:04:27+00:00","description":"ASICS GT-1000 14 GTX Homme : chaussure de course imperm\u00e9able avec amorti FF BLAST, stabilit\u00e9 3D GUIDANCE et semelle trail pour une traction sur terrains mixtes.","breadcrumb":{"@id":"https:\/\/www.miomiorun.com\/fr\/produit\/gt-1000-14-gtx-femme\/#breadcrumb"},"inLanguage":"fr-FR","potentialAction":[{"@type":"ReadAction","target":["https:\/\/www.miomiorun.com\/fr\/produit\/gt-1000-14-gtx-femme\/"]}]},{"@type":"ImageObject","inLanguage":"fr-FR","@id":"https:\/\/www.miomiorun.com\/fr\/produit\/gt-1000-14-gtx-femme\/#primaryimage","url":"https:\/\/www.miomiorun.com\/app\/uploads\/2025\/09\/asics-GT-1000-GTX-W-black-dark-cobalt-1012B857-001.webp","contentUrl":"https:\/\/www.miomiorun.com\/app\/uploads\/2025\/09\/asics-GT-1000-GTX-W-black-dark-cobalt-1012B857-001.webp","width":720,"height":720,"caption":"asics GT-1000 GTX W black dark cobalt 1012B857 001"},{"@type":"BreadcrumbList","@id":"https:\/\/www.miomiorun.com\/fr\/produit\/gt-1000-14-gtx-femme\/#breadcrumb","itemListElement":[{"@type":"ListItem","position":1,"name":"Home","item":"https:\/\/www.miomiorun.com\/fr\/home-page\/"},{"@type":"ListItem","position":2,"name":"Shop","item":"https:\/\/www.miomiorun.com\/shop\/"},{"@type":"ListItem","position":3,"name":"GT-1000 14 GTX femme"}]},{"@type":"WebSite","@id":"https:\/\/www.miomiorun.com\/fr\/#website","url":"https:\/\/www.miomiorun.com\/fr\/","name":"MioMioRun","description":"Boutique 100% running et trail","publisher":{"@id":"https:\/\/www.miomiorun.com\/fr\/#organization"},"potentialAction":[{"@type":"SearchAction","target":{"@type":"EntryPoint","urlTemplate":"https:\/\/www.miomiorun.com\/fr\/?s={search_term_string}"},"query-input":{"@type":"PropertyValueSpecification","valueRequired":true,"valueName":"search_term_string"}}],"inLanguage":"fr-FR"},{"@type":"Organization","@id":"https:\/\/www.miomiorun.com\/fr\/#organization","name":"MioMio Run","url":"https:\/\/www.miomiorun.com\/fr\/","logo":{"@type":"ImageObject","inLanguage":"fr-FR","@id":"https:\/\/www.miomiorun.com\/fr\/#\/schema\/logo\/image\/","url":"https:\/\/www.miomiorun.com\/app\/uploads\/2019\/12\/logomio.png","contentUrl":"https:\/\/www.miomiorun.com\/app\/uploads\/2019\/12\/logomio.png","width":115,"height":82,"caption":"MioMio Run"},"image":{"@id":"https:\/\/www.miomiorun.com\/fr\/#\/schema\/logo\/image\/"},"sameAs":["https:\/\/www.facebook.com\/miomiorun\/","https:\/\/www.instagram.com\/miomiorun\/"]}]}},"_links":{"self":[{"href":"https:\/\/www.miomiorun.com\/fr\/wp-json\/wp\/v2\/product\/345091","targetHints":{"allow":["GET"]}}],"collection":[{"href":"https:\/\/www.miomiorun.com\/fr\/wp-json\/wp\/v2\/product"}],"about":[{"href":"https:\/\/www.miomiorun.com\/fr\/wp-json\/wp\/v2\/types\/product"}],"wp:featuredmedia":[{"embeddable":true,"href":"https:\/\/www.miomiorun.com\/fr\/wp-json\/wp\/v2\/media\/352899"}],"wp:attachment":[{"href":"https:\/\/www.miomiorun.com\/fr\/wp-json\/wp\/v2\/media?parent=345091"}],"wp:term":[{"taxonomy":"product_brand","embeddable":true,"href":"https:\/\/www.miomiorun.com\/fr\/wp-json\/wp\/v2\/product_brand?post=345091"},{"taxonomy":"product_cat","embeddable":true,"href":"https:\/\/www.miomiorun.com\/fr\/wp-json\/wp\/v2\/product_cat?post=345091"},{"taxonomy":"product_tag","embeddable":true,"href":"https:\/\/www.miomiorun.com\/fr\/wp-json\/wp\/v2\/product_tag?post=345091"}],"curies":[{"name":"wp","href":"https:\/\/api.w.org\/{rel}","templated":true}]}}