{"id":344312,"date":"2025-09-09T10:44:32","date_gmt":"2025-09-09T08:44:32","guid":{"rendered":"https:\/\/www.miomiorun.com\/?post_type=product&#038;p=344312"},"modified":"2025-12-10T19:27:15","modified_gmt":"2025-12-10T18:27:15","slug":"sonicblast-homme","status":"publish","type":"product","link":"https:\/\/www.miomiorun.com\/fr\/produit\/sonicblast-homme\/","title":{"rendered":"Sonicblast homme"},"content":{"rendered":"<table style=\"border-collapse: collapse;width: 100%\">\n<tbody>\n<tr>\n<td style=\"width: 33.3333%;vertical-align: top;text-align: center\">\n<h4>Caract\u00e9ristiques techniques<\/h4>\n<p>Cat\u00e9gorie : amorti maximal<br \/>\nD\u00e9calage : 8 mm<br \/>\nPoids : 256 g<br \/>\nId\u00e9al pour : les coureurs de niveau interm\u00e9diaire \u00e0 avanc\u00e9, \u00e0 la recherche \u00e0 la fois de performances et de confort, pour obtenir de bons r\u00e9sultats en comp\u00e9tition ou pour des entra\u00eenements de qualit\u00e9.<br \/>\nPoids de l&#8217;athl\u00e8te : 55-75 kg<br \/>\nAllure de course : rapide (&gt;4,30 min\/km)<br \/>\n<a href=\"https:\/\/miomiorun.com\/guida-alle-specifiche-tecniche\/\">Guide des sp\u00e9cifications techniques<\/a><\/td>\n<td style=\"width: 66.6666%;vertical-align: top;text-align: center\">\n<p data-start=\"286\" data-end=\"555\">La <strong data-start=\"289\" data-end=\"308\">SONICBLAST Homme<\/strong> est la chaussure id\u00e9ale pour ceux qui recherchent vitesse, r\u00e9activit\u00e9 et \u00e9lasticit\u00e9 lors d&#8217;entra\u00eenements intensifs sur route. Con\u00e7ue pour lib\u00e9rer votre \u00e9nergie, elle allie l\u00e9g\u00e8ret\u00e9 et confort, vous aidant \u00e0 courir plus vite sans sacrifier la stabilit\u00e9.<\/p>\n<p data-start=\"557\" data-end=\"861\">L&#8217;innovante <strong data-start=\"570\" data-end=\"591\">FF TURBO SQUARED\u00b2<\/strong>, associ\u00e9e \u00e0 l&#8217;amorti <strong data-start=\"620\" data-end=\"636\">FF BLAST MAX<\/strong>, offre un appui souple et \u00e9lastique, tandis que la technologie <strong data-start=\"697\" data-end=\"711\">ASTROPLATE<\/strong> apporte fluidit\u00e9 et propulsion \u00e0 chaque foul\u00e9e. La <strong data-start=\"763\" data-end=\"782\">semelle ASICSGRIP<\/strong> garantit adh\u00e9rence et contr\u00f4le, permettant des acc\u00e9l\u00e9rations fluides et efficaces.<\/p>\n<p data-start=\"863\" data-end=\"1115\">La tige en <strong data-start=\"876\" data-end=\"904\">mesh jacquard renforc\u00e9<\/strong> assure respirabilit\u00e9 et confort, tandis que le syst\u00e8me de languette \u00e0 soufflet stabilise le pied. De plus, la chaussure est con\u00e7ue \u00e0 partir de mat\u00e9riaux recycl\u00e9s et de processus de production \u00e0 faible impact environnemental.<\/p>\n<ul>\n<li data-start=\"1117\" data-end=\"1354\">&nbsp;Con\u00e7ue pour les entra\u00eenements intenses et les courses rapides<\/li>\n<li data-start=\"1117\" data-end=\"1354\">Amorti r\u00e9actif avec FF TURBO SQUARED\u00b2 et FF BLAST MAX<\/li>\n<li data-start=\"1117\" data-end=\"1354\">Stabilit\u00e9 et propulsion gr\u00e2ce \u00e0 la technologie ASTROPLATE<\/li>\n<li data-start=\"1117\" data-end=\"1354\">Semelle ASICSGRIP pour une traction et un contr\u00f4le optimaux<\/li>\n<\/ul>\n<p>&nbsp;<\/p>\n<\/p>\n<\/td>\n<\/tr>\n<\/tbody>\n<\/table>\n<p>&nbsp;<\/p>\n","protected":false},"excerpt":{"rendered":"<ul>\n<li data-start=\"1821\" data-end=\"1891\">\n<p data-start=\"1823\" data-end=\"1891\">Mousse FF TURBO SQUARED\u00b2 + FF BLAST MAX pour plus de vitesse et de r\u00e9activit\u00e9<\/p>\n<\/li>\n<li data-start=\"1892\" data-end=\"1946\">\n<p data-start=\"1894\" data-end=\"1946\">Technologie ASTROPLATE : fluidit\u00e9 et propulsion vers l&#8217;avant<\/p>\n<\/li>\n<li data-start=\"1947\" data-end=\"2000\">\n<p data-start=\"1949\" data-end=\"2000\">Semelle ASICSGRIP pour une traction et un contr\u00f4le optimaux<\/p>\n<\/li>\n<li data-start=\"2001\" data-end=\"2067\">\n<p data-start=\"2003\" data-end=\"2067\">Tige en mesh recycl\u00e9 : respirante, l\u00e9g\u00e8re et \u00e9cologique<\/p>\n<\/li>\n<\/ul>\n","protected":false},"featured_media":352270,"template":"","meta":{"_acf_changed":false,"inline_featured_image":false},"product_brand":[],"product_cat":[24448,24447],"product_tag":[23560,23667],"class_list":{"0":"post-344312","1":"product","2":"type-product","3":"status-publish","4":"has-post-thumbnail","6":"product_cat-chaussures-pour-hommes-fr","7":"product_cat-neutre-fr-3","8":"product_tag-asics-fr","9":"product_tag-asics-homme","10":"pa_attivita-running-fr","11":"pa_colore-sonicblast-arctic-blue-grey-blue-fr","12":"pa_colore-sonicblast-citron-tranquil-teal-fr","13":"pa_colore-sonicblast-cream-blue-fade-fr","14":"pa_colore-sonicblast-vital-green-black","15":"pa_marca-asics-fr","16":"pa_sesso-homme","17":"pa_size-41-5-fr","18":"pa_size-42-fr","19":"pa_size-42-5-fr","20":"pa_size-43-5-fr","21":"pa_size-44-fr","22":"pa_size-44-5-fr","23":"pa_size-46-fr","25":"first","26":"instock","27":"sale","28":"taxable","29":"shipping-taxable","30":"purchasable","31":"product-type-variable","32":"wvs-archive-product-wrapper"},"acf":[],"yoast_head":"<!-- This site is optimized with the Yoast SEO plugin v26.8 - https:\/\/yoast.com\/product\/yoast-seo-wordpress\/ -->\n<title>Asics Sonicblast homme - chaussures de course pour homme- MioMioRun<\/title>\n<meta name=\"description\" content=\"ASICS SONICBLAST Homme : chaussure de course l\u00e9g\u00e8re et r\u00e9active pour les entra\u00eenements intenses. Amorti \u00e9lastique, adh\u00e9rence sup\u00e9rieure et confort respirant.\" \/>\n<meta name=\"robots\" content=\"index, follow, max-snippet:-1, max-image-preview:large, max-video-preview:-1\" \/>\n<link rel=\"canonical\" href=\"https:\/\/www.miomiorun.com\/fr\/produit\/sonicblast-homme\/\" \/>\n<meta property=\"og:locale\" content=\"fr_FR\" \/>\n<meta property=\"og:type\" content=\"article\" \/>\n<meta property=\"og:title\" content=\"Asics Sonicblast homme - chaussures de course pour homme- MioMioRun\" \/>\n<meta property=\"og:description\" content=\"ASICS SONICBLAST Homme : chaussure de course l\u00e9g\u00e8re et r\u00e9active pour les entra\u00eenements intenses. Amorti \u00e9lastique, adh\u00e9rence sup\u00e9rieure et confort respirant.\" \/>\n<meta property=\"og:url\" content=\"https:\/\/www.miomiorun.com\/fr\/produit\/sonicblast-homme\/\" \/>\n<meta property=\"og:site_name\" content=\"MioMioRun\" \/>\n<meta property=\"article:publisher\" content=\"https:\/\/www.facebook.com\/miomiorun\/\" \/>\n<meta property=\"article:modified_time\" content=\"2025-12-10T18:27:15+00:00\" \/>\n<meta property=\"og:image\" content=\"https:\/\/www.miomiorun.com\/app\/uploads\/2025\/09\/asics-Sonicblast-citron-tranquil-teal-1011C083-750.webp\" \/>\n\t<meta property=\"og:image:width\" content=\"720\" \/>\n\t<meta property=\"og:image:height\" content=\"720\" \/>\n\t<meta property=\"og:image:type\" content=\"image\/webp\" \/>\n<meta name=\"twitter:card\" content=\"summary_large_image\" \/>\n<meta name=\"twitter:label1\" content=\"Est. reading time\" \/>\n\t<meta name=\"twitter:data1\" content=\"1 minute\" \/>\n<script type=\"application\/ld+json\" class=\"yoast-schema-graph\">{\"@context\":\"https:\/\/schema.org\",\"@graph\":[{\"@type\":\"WebPage\",\"@id\":\"https:\/\/www.miomiorun.com\/fr\/produit\/sonicblast-homme\/\",\"url\":\"https:\/\/www.miomiorun.com\/fr\/produit\/sonicblast-homme\/\",\"name\":\"Asics Sonicblast homme - chaussures de course pour homme- MioMioRun\",\"isPartOf\":{\"@id\":\"https:\/\/www.miomiorun.com\/fr\/#website\"},\"primaryImageOfPage\":{\"@id\":\"https:\/\/www.miomiorun.com\/fr\/produit\/sonicblast-homme\/#primaryimage\"},\"image\":{\"@id\":\"https:\/\/www.miomiorun.com\/fr\/produit\/sonicblast-homme\/#primaryimage\"},\"thumbnailUrl\":\"https:\/\/www.miomiorun.com\/app\/uploads\/2025\/09\/asics-Sonicblast-citron-tranquil-teal-1011C083-750.webp\",\"datePublished\":\"2025-09-09T08:44:32+00:00\",\"dateModified\":\"2025-12-10T18:27:15+00:00\",\"description\":\"ASICS SONICBLAST Homme : chaussure de course l\u00e9g\u00e8re et r\u00e9active pour les entra\u00eenements intenses. Amorti \u00e9lastique, adh\u00e9rence sup\u00e9rieure et confort respirant.\",\"breadcrumb\":{\"@id\":\"https:\/\/www.miomiorun.com\/fr\/produit\/sonicblast-homme\/#breadcrumb\"},\"inLanguage\":\"fr-FR\",\"potentialAction\":[{\"@type\":\"ReadAction\",\"target\":[\"https:\/\/www.miomiorun.com\/fr\/produit\/sonicblast-homme\/\"]}]},{\"@type\":\"ImageObject\",\"inLanguage\":\"fr-FR\",\"@id\":\"https:\/\/www.miomiorun.com\/fr\/produit\/sonicblast-homme\/#primaryimage\",\"url\":\"https:\/\/www.miomiorun.com\/app\/uploads\/2025\/09\/asics-Sonicblast-citron-tranquil-teal-1011C083-750.webp\",\"contentUrl\":\"https:\/\/www.miomiorun.com\/app\/uploads\/2025\/09\/asics-Sonicblast-citron-tranquil-teal-1011C083-750.webp\",\"width\":720,\"height\":720,\"caption\":\"asics Sonicblast citron tranquil teal 1011C083 750\"},{\"@type\":\"BreadcrumbList\",\"@id\":\"https:\/\/www.miomiorun.com\/fr\/produit\/sonicblast-homme\/#breadcrumb\",\"itemListElement\":[{\"@type\":\"ListItem\",\"position\":1,\"name\":\"Home\",\"item\":\"https:\/\/www.miomiorun.com\/fr\/home-page\/\"},{\"@type\":\"ListItem\",\"position\":2,\"name\":\"Shop\",\"item\":\"https:\/\/www.miomiorun.com\/shop\/\"},{\"@type\":\"ListItem\",\"position\":3,\"name\":\"Sonicblast homme\"}]},{\"@type\":\"WebSite\",\"@id\":\"https:\/\/www.miomiorun.com\/fr\/#website\",\"url\":\"https:\/\/www.miomiorun.com\/fr\/\",\"name\":\"MioMioRun\",\"description\":\"Boutique 100% running et trail\",\"publisher\":{\"@id\":\"https:\/\/www.miomiorun.com\/fr\/#organization\"},\"potentialAction\":[{\"@type\":\"SearchAction\",\"target\":{\"@type\":\"EntryPoint\",\"urlTemplate\":\"https:\/\/www.miomiorun.com\/fr\/?s={search_term_string}\"},\"query-input\":{\"@type\":\"PropertyValueSpecification\",\"valueRequired\":true,\"valueName\":\"search_term_string\"}}],\"inLanguage\":\"fr-FR\"},{\"@type\":\"Organization\",\"@id\":\"https:\/\/www.miomiorun.com\/fr\/#organization\",\"name\":\"MioMio Run\",\"url\":\"https:\/\/www.miomiorun.com\/fr\/\",\"logo\":{\"@type\":\"ImageObject\",\"inLanguage\":\"fr-FR\",\"@id\":\"https:\/\/www.miomiorun.com\/fr\/#\/schema\/logo\/image\/\",\"url\":\"https:\/\/www.miomiorun.com\/app\/uploads\/2019\/12\/logomio.png\",\"contentUrl\":\"https:\/\/www.miomiorun.com\/app\/uploads\/2019\/12\/logomio.png\",\"width\":115,\"height\":82,\"caption\":\"MioMio Run\"},\"image\":{\"@id\":\"https:\/\/www.miomiorun.com\/fr\/#\/schema\/logo\/image\/\"},\"sameAs\":[\"https:\/\/www.facebook.com\/miomiorun\/\",\"https:\/\/www.instagram.com\/miomiorun\/\"]}]}<\/script>\n<!-- \/ Yoast SEO plugin. -->","yoast_head_json":{"title":"Asics Sonicblast homme - chaussures de course pour homme- MioMioRun","description":"ASICS SONICBLAST Homme : chaussure de course l\u00e9g\u00e8re et r\u00e9active pour les entra\u00eenements intenses. Amorti \u00e9lastique, adh\u00e9rence sup\u00e9rieure et confort respirant.","robots":{"index":"index","follow":"follow","max-snippet":"max-snippet:-1","max-image-preview":"max-image-preview:large","max-video-preview":"max-video-preview:-1"},"canonical":"https:\/\/www.miomiorun.com\/fr\/produit\/sonicblast-homme\/","og_locale":"fr_FR","og_type":"article","og_title":"Asics Sonicblast homme - chaussures de course pour homme- MioMioRun","og_description":"ASICS SONICBLAST Homme : chaussure de course l\u00e9g\u00e8re et r\u00e9active pour les entra\u00eenements intenses. Amorti \u00e9lastique, adh\u00e9rence sup\u00e9rieure et confort respirant.","og_url":"https:\/\/www.miomiorun.com\/fr\/produit\/sonicblast-homme\/","og_site_name":"MioMioRun","article_publisher":"https:\/\/www.facebook.com\/miomiorun\/","article_modified_time":"2025-12-10T18:27:15+00:00","og_image":[{"width":720,"height":720,"url":"https:\/\/www.miomiorun.com\/app\/uploads\/2025\/09\/asics-Sonicblast-citron-tranquil-teal-1011C083-750.webp","type":"image\/webp"}],"twitter_card":"summary_large_image","twitter_misc":{"Est. reading time":"1 minute"},"schema":{"@context":"https:\/\/schema.org","@graph":[{"@type":"WebPage","@id":"https:\/\/www.miomiorun.com\/fr\/produit\/sonicblast-homme\/","url":"https:\/\/www.miomiorun.com\/fr\/produit\/sonicblast-homme\/","name":"Asics Sonicblast homme - chaussures de course pour homme- MioMioRun","isPartOf":{"@id":"https:\/\/www.miomiorun.com\/fr\/#website"},"primaryImageOfPage":{"@id":"https:\/\/www.miomiorun.com\/fr\/produit\/sonicblast-homme\/#primaryimage"},"image":{"@id":"https:\/\/www.miomiorun.com\/fr\/produit\/sonicblast-homme\/#primaryimage"},"thumbnailUrl":"https:\/\/www.miomiorun.com\/app\/uploads\/2025\/09\/asics-Sonicblast-citron-tranquil-teal-1011C083-750.webp","datePublished":"2025-09-09T08:44:32+00:00","dateModified":"2025-12-10T18:27:15+00:00","description":"ASICS SONICBLAST Homme : chaussure de course l\u00e9g\u00e8re et r\u00e9active pour les entra\u00eenements intenses. Amorti \u00e9lastique, adh\u00e9rence sup\u00e9rieure et confort respirant.","breadcrumb":{"@id":"https:\/\/www.miomiorun.com\/fr\/produit\/sonicblast-homme\/#breadcrumb"},"inLanguage":"fr-FR","potentialAction":[{"@type":"ReadAction","target":["https:\/\/www.miomiorun.com\/fr\/produit\/sonicblast-homme\/"]}]},{"@type":"ImageObject","inLanguage":"fr-FR","@id":"https:\/\/www.miomiorun.com\/fr\/produit\/sonicblast-homme\/#primaryimage","url":"https:\/\/www.miomiorun.com\/app\/uploads\/2025\/09\/asics-Sonicblast-citron-tranquil-teal-1011C083-750.webp","contentUrl":"https:\/\/www.miomiorun.com\/app\/uploads\/2025\/09\/asics-Sonicblast-citron-tranquil-teal-1011C083-750.webp","width":720,"height":720,"caption":"asics Sonicblast citron tranquil teal 1011C083 750"},{"@type":"BreadcrumbList","@id":"https:\/\/www.miomiorun.com\/fr\/produit\/sonicblast-homme\/#breadcrumb","itemListElement":[{"@type":"ListItem","position":1,"name":"Home","item":"https:\/\/www.miomiorun.com\/fr\/home-page\/"},{"@type":"ListItem","position":2,"name":"Shop","item":"https:\/\/www.miomiorun.com\/shop\/"},{"@type":"ListItem","position":3,"name":"Sonicblast homme"}]},{"@type":"WebSite","@id":"https:\/\/www.miomiorun.com\/fr\/#website","url":"https:\/\/www.miomiorun.com\/fr\/","name":"MioMioRun","description":"Boutique 100% running et trail","publisher":{"@id":"https:\/\/www.miomiorun.com\/fr\/#organization"},"potentialAction":[{"@type":"SearchAction","target":{"@type":"EntryPoint","urlTemplate":"https:\/\/www.miomiorun.com\/fr\/?s={search_term_string}"},"query-input":{"@type":"PropertyValueSpecification","valueRequired":true,"valueName":"search_term_string"}}],"inLanguage":"fr-FR"},{"@type":"Organization","@id":"https:\/\/www.miomiorun.com\/fr\/#organization","name":"MioMio Run","url":"https:\/\/www.miomiorun.com\/fr\/","logo":{"@type":"ImageObject","inLanguage":"fr-FR","@id":"https:\/\/www.miomiorun.com\/fr\/#\/schema\/logo\/image\/","url":"https:\/\/www.miomiorun.com\/app\/uploads\/2019\/12\/logomio.png","contentUrl":"https:\/\/www.miomiorun.com\/app\/uploads\/2019\/12\/logomio.png","width":115,"height":82,"caption":"MioMio Run"},"image":{"@id":"https:\/\/www.miomiorun.com\/fr\/#\/schema\/logo\/image\/"},"sameAs":["https:\/\/www.facebook.com\/miomiorun\/","https:\/\/www.instagram.com\/miomiorun\/"]}]}},"_links":{"self":[{"href":"https:\/\/www.miomiorun.com\/fr\/wp-json\/wp\/v2\/product\/344312","targetHints":{"allow":["GET"]}}],"collection":[{"href":"https:\/\/www.miomiorun.com\/fr\/wp-json\/wp\/v2\/product"}],"about":[{"href":"https:\/\/www.miomiorun.com\/fr\/wp-json\/wp\/v2\/types\/product"}],"wp:featuredmedia":[{"embeddable":true,"href":"https:\/\/www.miomiorun.com\/fr\/wp-json\/wp\/v2\/media\/352270"}],"wp:attachment":[{"href":"https:\/\/www.miomiorun.com\/fr\/wp-json\/wp\/v2\/media?parent=344312"}],"wp:term":[{"taxonomy":"product_brand","embeddable":true,"href":"https:\/\/www.miomiorun.com\/fr\/wp-json\/wp\/v2\/product_brand?post=344312"},{"taxonomy":"product_cat","embeddable":true,"href":"https:\/\/www.miomiorun.com\/fr\/wp-json\/wp\/v2\/product_cat?post=344312"},{"taxonomy":"product_tag","embeddable":true,"href":"https:\/\/www.miomiorun.com\/fr\/wp-json\/wp\/v2\/product_tag?post=344312"}],"curies":[{"name":"wp","href":"https:\/\/api.w.org\/{rel}","templated":true}]}}