{"id":344100,"date":"2025-09-09T10:21:00","date_gmt":"2025-09-09T08:21:00","guid":{"rendered":"https:\/\/www.miomiorun.com\/?post_type=product&#038;p=344100"},"modified":"2026-05-09T10:03:43","modified_gmt":"2026-05-09T08:03:43","slug":"torin-8-gtx-femme","status":"publish","type":"product","link":"https:\/\/www.miomiorun.com\/fr\/produit\/torin-8-gtx-femme\/","title":{"rendered":"Torin 8 GTX femme"},"content":{"rendered":"<div class=\"vc-row container\"><div class=\"vc-column\"><div class=\"vc-column-text\"><\/p>\n<p><strong>Caract\u00e9ristiques techniques<\/strong><\/p>\n<p>Cat\u00e9gorie : amorti \u00e9lev\u00e9<br \/>\nHauteur de la semelle : 30 mm<br \/>\nD\u00e9port : 0 mm<br \/>\nPoids : 260,8 g<br \/>\nId\u00e9al pour : les coureurs qui aiment courir sur tous les terrains et qui recherchent un mod\u00e8le bien amorti pouvant \u00eatre utilis\u00e9 pour les longues et moyennes distances, d\u00e9sormais \u00e9galement avec une protection contre la pluie.<br \/>\nPoids de l&#8217;athl\u00e8te : 50-70 kg<br \/>\nAllure de course : moyenne (5,00 min\/km)<br \/>\n<a href=\"https:\/\/miomiorun.com\/guida-alle-specifiche-tecniche\/\">Guide des sp\u00e9cifications techniques<\/a><\/p>\n<p><\/div><\/div><div class=\"vc-column\"><div class=\"vc-column-text\"><\/p>\n<div class=\"content\">\n<div class=\"techspec-bars col-12 col-md-6 text-center\">\n<div id=\"cushion-info\" class=\"tech-cushion mb-4\">\n<div class=\"tech-info\">\n<div class=\"tech-indicator\">\n<p data-start=\"237\" data-end=\"545\">Affrontez toutes vos courses, m\u00eame les jours de pluie, avec les <strong data-start=\"294\" data-end=\"319\">Torin 8 Gore-Tex Femme<\/strong>. L&#8217;un des mod\u00e8les les plus appr\u00e9ci\u00e9s d&#8217;Altra est d\u00e9sormais disponible avec une <strong data-start=\"383\" data-end=\"432\">tige imperm\u00e9able en GORE-TEX Invisible Fit<\/strong>, l\u00e9g\u00e8re et r\u00e9sistante, con\u00e7ue pour garder vos pieds au sec sans compromettre le confort et la respirabilit\u00e9.<\/p>\n<p data-start=\"547\" data-end=\"818\">Gr\u00e2ce \u00e0 la <strong data-start=\"558\" data-end=\"587\">semelle interm\u00e9diaire Altra EGO\u2122 MAX<\/strong>, la chaussure offre un amorti souple et r\u00e9actif, id\u00e9al pour les longues distances sur route. Le <strong data-start=\"685\" data-end=\"698\">drop de 0 mm<\/strong> et l&#8217;espace g\u00e9n\u00e9reux \u00e0 l&#8217;avant respectent la biom\u00e9canique naturelle du pied, favorisant un mouvement plus libre et plus stable.<\/p>\n<p data-start=\"820\" data-end=\"1075\">La technologie <strong data-start=\"834\" data-end=\"846\">FOOTPOD\u2122<\/strong> suit la conformation des os et des tendons, favorisant une foul\u00e9e naturelle, tandis que la <strong data-start=\"931\" data-end=\"949\">semelle en caoutchouc<\/strong> garantit traction et durabilit\u00e9. Avec un poids de seulement <strong>260,8 g<\/strong>, ces chaussures allient l\u00e9g\u00e8ret\u00e9, maintien et protection. <\/p>\n<ul>\n<li data-start=\"1077\" data-end=\"1282\">&nbsp;Id\u00e9ales pour les <strong data-start=\"1090\" data-end=\"1104\">courses quotidiennes<\/strong> et les marches<\/li>\n<li data-start=\"1077\" data-end=\"1282\"><strong data-start=\"1121\" data-end=\"1151\">Imperm\u00e9ables et respirantes<\/strong> gr\u00e2ce \u00e0 GORE-TEX<\/li>\n<li data-start=\"1077\" data-end=\"1282\">Amorti \u00e9lev\u00e9 pour un confort sup\u00e9rieur<\/li>\n<li data-start=\"1077\" data-end=\"1282\">Design naturel avec <strong data-start=\"1244\" data-end=\"1257\">drop z\u00e9ro<\/strong> et <strong data-start=\"1260\" data-end=\"1280\">pointe spacieuse<\/strong><\/li>\n<\/ul>\n<p>&nbsp;<\/p>\n<\/div>\n<\/div>\n<\/div>\n<\/div>\n<\/div>\n<p><\/div><\/div><\/div>\n","protected":false},"excerpt":{"rendered":"<ul>\n<li data-start=\"1742\" data-end=\"1803\">\n<p data-start=\"1744\" data-end=\"1803\">Tige GORE-TEX Invisible Fit : imperm\u00e9able et respirante<\/p>\n<\/li>\n<li data-start=\"1804\" data-end=\"1872\">\n<p data-start=\"1806\" data-end=\"1872\">Semelle interm\u00e9diaire Altra EGO\u2122 MAX pour un amorti souple et r\u00e9actif<\/p>\n<\/li>\n<li data-start=\"1873\" data-end=\"1931\">\n<p data-start=\"1875\" data-end=\"1931\">Drop de 0 mm et pointe spacieuse pour un mouvement naturel<\/p>\n<\/li>\n<li data-start=\"1932\" data-end=\"1991\">\n<p data-start=\"1934\" data-end=\"1991\">Technologie FOOTPOD\u2122 qui suit la biom\u00e9canique du pied<\/p>\n<\/li>\n<\/ul>\n","protected":false},"featured_media":357805,"template":"","meta":{"_acf_changed":false,"inline_featured_image":false},"product_brand":[],"product_cat":[22605,22606],"product_tag":[23458,23672],"class_list":{"0":"post-344100","1":"product","2":"type-product","3":"status-publish","4":"has-post-thumbnail","6":"product_cat-chaussures-pour-femmes","7":"product_cat-neutre","8":"product_tag-altra-fr","9":"product_tag-altra-femme","10":"pa_attivita-marcher","11":"pa_attivita-running-fr","12":"pa_colore-torin-8-gtx-w-black-mint-fr","13":"pa_marca-altra-fr","14":"pa_sesso-femme","15":"pa_size-38-fr","16":"pa_size-40-fr","18":"first","19":"instock","20":"sale","21":"taxable","22":"shipping-taxable","23":"purchasable","24":"product-type-variable","25":"wvs-archive-product-wrapper"},"acf":[],"yoast_head":"<!-- This site is optimized with the Yoast SEO plugin v26.8 - https:\/\/yoast.com\/product\/yoast-seo-wordpress\/ -->\n<title>Altra Torin 8 GTX femme - Chaussures de course pour femmes - MioMioRun<\/title>\n<meta name=\"description\" content=\"Chaussures de course pour femmes Altra Torin 8 Gore-Tex : imperm\u00e9ables, amortissantes et naturelles. Confort et protection pour vos courses sur route.\" \/>\n<meta name=\"robots\" content=\"index, follow, max-snippet:-1, max-image-preview:large, max-video-preview:-1\" \/>\n<link rel=\"canonical\" href=\"https:\/\/www.miomiorun.com\/fr\/produit\/torin-8-gtx-femme\/\" \/>\n<meta property=\"og:locale\" content=\"fr_FR\" \/>\n<meta property=\"og:type\" content=\"article\" \/>\n<meta property=\"og:title\" content=\"Altra Torin 8 GTX femme - Chaussures de course pour femmes - MioMioRun\" \/>\n<meta property=\"og:description\" content=\"Chaussures de course pour femmes Altra Torin 8 Gore-Tex : imperm\u00e9ables, amortissantes et naturelles. Confort et protection pour vos courses sur route.\" \/>\n<meta property=\"og:url\" content=\"https:\/\/www.miomiorun.com\/fr\/produit\/torin-8-gtx-femme\/\" \/>\n<meta property=\"og:site_name\" content=\"MioMioRun\" \/>\n<meta property=\"article:publisher\" content=\"https:\/\/www.facebook.com\/miomiorun\/\" \/>\n<meta property=\"article:modified_time\" content=\"2026-05-09T08:03:43+00:00\" \/>\n<meta property=\"og:image\" content=\"https:\/\/www.miomiorun.com\/app\/uploads\/2025\/10\/altra-Torin-8-GTX-W-black-mint-AL0A85QH0321.webp\" \/>\n\t<meta property=\"og:image:width\" content=\"720\" \/>\n\t<meta property=\"og:image:height\" content=\"720\" \/>\n\t<meta property=\"og:image:type\" content=\"image\/webp\" \/>\n<meta name=\"twitter:card\" content=\"summary_large_image\" \/>\n<meta name=\"twitter:label1\" content=\"Est. reading time\" \/>\n\t<meta name=\"twitter:data1\" content=\"2 minutes\" \/>\n<script type=\"application\/ld+json\" class=\"yoast-schema-graph\">{\"@context\":\"https:\/\/schema.org\",\"@graph\":[{\"@type\":\"WebPage\",\"@id\":\"https:\/\/www.miomiorun.com\/fr\/produit\/torin-8-gtx-femme\/\",\"url\":\"https:\/\/www.miomiorun.com\/fr\/produit\/torin-8-gtx-femme\/\",\"name\":\"Altra Torin 8 GTX femme - Chaussures de course pour femmes - MioMioRun\",\"isPartOf\":{\"@id\":\"https:\/\/www.miomiorun.com\/fr\/#website\"},\"primaryImageOfPage\":{\"@id\":\"https:\/\/www.miomiorun.com\/fr\/produit\/torin-8-gtx-femme\/#primaryimage\"},\"image\":{\"@id\":\"https:\/\/www.miomiorun.com\/fr\/produit\/torin-8-gtx-femme\/#primaryimage\"},\"thumbnailUrl\":\"https:\/\/www.miomiorun.com\/app\/uploads\/2025\/10\/altra-Torin-8-GTX-W-black-mint-AL0A85QH0321.webp\",\"datePublished\":\"2025-09-09T08:21:00+00:00\",\"dateModified\":\"2026-05-09T08:03:43+00:00\",\"description\":\"Chaussures de course pour femmes Altra Torin 8 Gore-Tex : imperm\u00e9ables, amortissantes et naturelles. Confort et protection pour vos courses sur route.\",\"breadcrumb\":{\"@id\":\"https:\/\/www.miomiorun.com\/fr\/produit\/torin-8-gtx-femme\/#breadcrumb\"},\"inLanguage\":\"fr-FR\",\"potentialAction\":[{\"@type\":\"ReadAction\",\"target\":[\"https:\/\/www.miomiorun.com\/fr\/produit\/torin-8-gtx-femme\/\"]}]},{\"@type\":\"ImageObject\",\"inLanguage\":\"fr-FR\",\"@id\":\"https:\/\/www.miomiorun.com\/fr\/produit\/torin-8-gtx-femme\/#primaryimage\",\"url\":\"https:\/\/www.miomiorun.com\/app\/uploads\/2025\/10\/altra-Torin-8-GTX-W-black-mint-AL0A85QH0321.webp\",\"contentUrl\":\"https:\/\/www.miomiorun.com\/app\/uploads\/2025\/10\/altra-Torin-8-GTX-W-black-mint-AL0A85QH0321.webp\",\"width\":720,\"height\":720,\"caption\":\"altra Torin 8 GTX W black mint AL0A85QH0321\"},{\"@type\":\"BreadcrumbList\",\"@id\":\"https:\/\/www.miomiorun.com\/fr\/produit\/torin-8-gtx-femme\/#breadcrumb\",\"itemListElement\":[{\"@type\":\"ListItem\",\"position\":1,\"name\":\"Home\",\"item\":\"https:\/\/www.miomiorun.com\/fr\/home-page\/\"},{\"@type\":\"ListItem\",\"position\":2,\"name\":\"Shop\",\"item\":\"https:\/\/www.miomiorun.com\/shop\/\"},{\"@type\":\"ListItem\",\"position\":3,\"name\":\"Torin 8 GTX femme\"}]},{\"@type\":\"WebSite\",\"@id\":\"https:\/\/www.miomiorun.com\/fr\/#website\",\"url\":\"https:\/\/www.miomiorun.com\/fr\/\",\"name\":\"MioMioRun\",\"description\":\"Boutique 100% running et trail\",\"publisher\":{\"@id\":\"https:\/\/www.miomiorun.com\/fr\/#organization\"},\"potentialAction\":[{\"@type\":\"SearchAction\",\"target\":{\"@type\":\"EntryPoint\",\"urlTemplate\":\"https:\/\/www.miomiorun.com\/fr\/?s={search_term_string}\"},\"query-input\":{\"@type\":\"PropertyValueSpecification\",\"valueRequired\":true,\"valueName\":\"search_term_string\"}}],\"inLanguage\":\"fr-FR\"},{\"@type\":\"Organization\",\"@id\":\"https:\/\/www.miomiorun.com\/fr\/#organization\",\"name\":\"MioMio Run\",\"url\":\"https:\/\/www.miomiorun.com\/fr\/\",\"logo\":{\"@type\":\"ImageObject\",\"inLanguage\":\"fr-FR\",\"@id\":\"https:\/\/www.miomiorun.com\/fr\/#\/schema\/logo\/image\/\",\"url\":\"https:\/\/www.miomiorun.com\/app\/uploads\/2019\/12\/logomio.png\",\"contentUrl\":\"https:\/\/www.miomiorun.com\/app\/uploads\/2019\/12\/logomio.png\",\"width\":115,\"height\":82,\"caption\":\"MioMio Run\"},\"image\":{\"@id\":\"https:\/\/www.miomiorun.com\/fr\/#\/schema\/logo\/image\/\"},\"sameAs\":[\"https:\/\/www.facebook.com\/miomiorun\/\",\"https:\/\/www.instagram.com\/miomiorun\/\"]}]}<\/script>\n<!-- \/ Yoast SEO plugin. -->","yoast_head_json":{"title":"Altra Torin 8 GTX femme - Chaussures de course pour femmes - MioMioRun","description":"Chaussures de course pour femmes Altra Torin 8 Gore-Tex : imperm\u00e9ables, amortissantes et naturelles. Confort et protection pour vos courses sur route.","robots":{"index":"index","follow":"follow","max-snippet":"max-snippet:-1","max-image-preview":"max-image-preview:large","max-video-preview":"max-video-preview:-1"},"canonical":"https:\/\/www.miomiorun.com\/fr\/produit\/torin-8-gtx-femme\/","og_locale":"fr_FR","og_type":"article","og_title":"Altra Torin 8 GTX femme - Chaussures de course pour femmes - MioMioRun","og_description":"Chaussures de course pour femmes Altra Torin 8 Gore-Tex : imperm\u00e9ables, amortissantes et naturelles. Confort et protection pour vos courses sur route.","og_url":"https:\/\/www.miomiorun.com\/fr\/produit\/torin-8-gtx-femme\/","og_site_name":"MioMioRun","article_publisher":"https:\/\/www.facebook.com\/miomiorun\/","article_modified_time":"2026-05-09T08:03:43+00:00","og_image":[{"width":720,"height":720,"url":"https:\/\/www.miomiorun.com\/app\/uploads\/2025\/10\/altra-Torin-8-GTX-W-black-mint-AL0A85QH0321.webp","type":"image\/webp"}],"twitter_card":"summary_large_image","twitter_misc":{"Est. reading time":"2 minutes"},"schema":{"@context":"https:\/\/schema.org","@graph":[{"@type":"WebPage","@id":"https:\/\/www.miomiorun.com\/fr\/produit\/torin-8-gtx-femme\/","url":"https:\/\/www.miomiorun.com\/fr\/produit\/torin-8-gtx-femme\/","name":"Altra Torin 8 GTX femme - Chaussures de course pour femmes - MioMioRun","isPartOf":{"@id":"https:\/\/www.miomiorun.com\/fr\/#website"},"primaryImageOfPage":{"@id":"https:\/\/www.miomiorun.com\/fr\/produit\/torin-8-gtx-femme\/#primaryimage"},"image":{"@id":"https:\/\/www.miomiorun.com\/fr\/produit\/torin-8-gtx-femme\/#primaryimage"},"thumbnailUrl":"https:\/\/www.miomiorun.com\/app\/uploads\/2025\/10\/altra-Torin-8-GTX-W-black-mint-AL0A85QH0321.webp","datePublished":"2025-09-09T08:21:00+00:00","dateModified":"2026-05-09T08:03:43+00:00","description":"Chaussures de course pour femmes Altra Torin 8 Gore-Tex : imperm\u00e9ables, amortissantes et naturelles. Confort et protection pour vos courses sur route.","breadcrumb":{"@id":"https:\/\/www.miomiorun.com\/fr\/produit\/torin-8-gtx-femme\/#breadcrumb"},"inLanguage":"fr-FR","potentialAction":[{"@type":"ReadAction","target":["https:\/\/www.miomiorun.com\/fr\/produit\/torin-8-gtx-femme\/"]}]},{"@type":"ImageObject","inLanguage":"fr-FR","@id":"https:\/\/www.miomiorun.com\/fr\/produit\/torin-8-gtx-femme\/#primaryimage","url":"https:\/\/www.miomiorun.com\/app\/uploads\/2025\/10\/altra-Torin-8-GTX-W-black-mint-AL0A85QH0321.webp","contentUrl":"https:\/\/www.miomiorun.com\/app\/uploads\/2025\/10\/altra-Torin-8-GTX-W-black-mint-AL0A85QH0321.webp","width":720,"height":720,"caption":"altra Torin 8 GTX W black mint AL0A85QH0321"},{"@type":"BreadcrumbList","@id":"https:\/\/www.miomiorun.com\/fr\/produit\/torin-8-gtx-femme\/#breadcrumb","itemListElement":[{"@type":"ListItem","position":1,"name":"Home","item":"https:\/\/www.miomiorun.com\/fr\/home-page\/"},{"@type":"ListItem","position":2,"name":"Shop","item":"https:\/\/www.miomiorun.com\/shop\/"},{"@type":"ListItem","position":3,"name":"Torin 8 GTX femme"}]},{"@type":"WebSite","@id":"https:\/\/www.miomiorun.com\/fr\/#website","url":"https:\/\/www.miomiorun.com\/fr\/","name":"MioMioRun","description":"Boutique 100% running et trail","publisher":{"@id":"https:\/\/www.miomiorun.com\/fr\/#organization"},"potentialAction":[{"@type":"SearchAction","target":{"@type":"EntryPoint","urlTemplate":"https:\/\/www.miomiorun.com\/fr\/?s={search_term_string}"},"query-input":{"@type":"PropertyValueSpecification","valueRequired":true,"valueName":"search_term_string"}}],"inLanguage":"fr-FR"},{"@type":"Organization","@id":"https:\/\/www.miomiorun.com\/fr\/#organization","name":"MioMio Run","url":"https:\/\/www.miomiorun.com\/fr\/","logo":{"@type":"ImageObject","inLanguage":"fr-FR","@id":"https:\/\/www.miomiorun.com\/fr\/#\/schema\/logo\/image\/","url":"https:\/\/www.miomiorun.com\/app\/uploads\/2019\/12\/logomio.png","contentUrl":"https:\/\/www.miomiorun.com\/app\/uploads\/2019\/12\/logomio.png","width":115,"height":82,"caption":"MioMio Run"},"image":{"@id":"https:\/\/www.miomiorun.com\/fr\/#\/schema\/logo\/image\/"},"sameAs":["https:\/\/www.facebook.com\/miomiorun\/","https:\/\/www.instagram.com\/miomiorun\/"]}]}},"_links":{"self":[{"href":"https:\/\/www.miomiorun.com\/fr\/wp-json\/wp\/v2\/product\/344100","targetHints":{"allow":["GET"]}}],"collection":[{"href":"https:\/\/www.miomiorun.com\/fr\/wp-json\/wp\/v2\/product"}],"about":[{"href":"https:\/\/www.miomiorun.com\/fr\/wp-json\/wp\/v2\/types\/product"}],"wp:featuredmedia":[{"embeddable":true,"href":"https:\/\/www.miomiorun.com\/fr\/wp-json\/wp\/v2\/media\/357805"}],"wp:attachment":[{"href":"https:\/\/www.miomiorun.com\/fr\/wp-json\/wp\/v2\/media?parent=344100"}],"wp:term":[{"taxonomy":"product_brand","embeddable":true,"href":"https:\/\/www.miomiorun.com\/fr\/wp-json\/wp\/v2\/product_brand?post=344100"},{"taxonomy":"product_cat","embeddable":true,"href":"https:\/\/www.miomiorun.com\/fr\/wp-json\/wp\/v2\/product_cat?post=344100"},{"taxonomy":"product_tag","embeddable":true,"href":"https:\/\/www.miomiorun.com\/fr\/wp-json\/wp\/v2\/product_tag?post=344100"}],"curies":[{"name":"wp","href":"https:\/\/api.w.org\/{rel}","templated":true}]}}