{"id":341682,"date":"2025-09-01T18:04:34","date_gmt":"2025-09-01T16:04:34","guid":{"rendered":"https:\/\/www.miomiorun.com\/?post_type=product&#038;p=341682"},"modified":"2026-05-09T10:03:18","modified_gmt":"2026-05-09T08:03:18","slug":"mach-x-3-homme","status":"publish","type":"product","link":"https:\/\/www.miomiorun.com\/fr\/produit\/mach-x-3-homme\/","title":{"rendered":"Mach X 3 homme"},"content":{"rendered":"<div class=\"vc-row container\"><div class=\"vc-column\"><div class=\"vc-column-text\"><\/p>\n<h4>Sp\u00e9cifications techniques<\/h4>\n<p>Cat\u00e9gorie : amorti r\u00e9actif<br \/>\nD\u00e9calage : 5 mm<br \/>\nPoids : 288 g<br \/>\nId\u00e9al pour : les coureurs \u00e0 la recherche d&#8217;une chaussure l\u00e9g\u00e8re et r\u00e9active pour les courses de moyenne distance \u00e0 rythme soutenu.<br \/>\nPoids de l&#8217;athl\u00e8te : &lt;70 kg<br \/>\nAllure de course : &lt;4,30 min\/km<br \/>\n<a href=\"https:\/\/miomiorun.com\/guida-alle-specifiche-tecniche\/\">Guide des sp\u00e9cifications techniques<\/a><\/p>\n<p><\/div><\/div><div class=\"vc-column\"><div class=\"vc-column-text\"><\/p>\n<p><strong>Propulsion pour entra\u00eener la vitesse.<\/strong><\/p>\n<p>Des entra\u00eenements \u00e0 rythme soutenu sans renoncer au confort : la HOKA Mach X 3 est la chaussure d&#8217;entra\u00eenement quotidienne avec plaque con\u00e7ue pour donner de la propulsion aux r\u00e9p\u00e9titions, aux courses moyennes et aux courses progressives. La semelle interm\u00e9diaire \u00e0 double densit\u00e9 avec couche sup\u00e9rieure en PEBA fonctionne avec la plaque Pebax pour un d\u00e9collage rapide et fluide, tandis que le profil MetaRocker favorise une transition rapide. La tige en tissu ind\u00e9maillable plus respirant, la nouvelle languette souple et le col revisit\u00e9 assurent un ajustement stable et frais, m\u00eame lorsque vous acc\u00e9l\u00e9rez le rythme.<\/p>\n<p>Stabilit\u00e9 \u00ab intrins\u00e8que \u00bb mod\u00e9r\u00e9e gr\u00e2ce \u00e0 une base large, \u00e0 l&#8217;Active Foot Frame et au support J-Frame : id\u00e9al pour les coureurs neutres et ceux qui recherchent un petit coup de pouce pour contr\u00f4ler une pronation excessive sans rigidifier leur foul\u00e9e. Drop de 5 mm ; poids indicatif de 288 g (homme ; le poids peut varier en fonction de la taille).<\/p>\n<p data-start=\"969\" data-end=\"999\"><strong data-start=\"969\" data-end=\"999\">Caract\u00e9ristiques principales<\/strong><\/p>\n<ul data-start=\"1000\" data-end=\"1493\">\n<li data-start=\"1000\" data-end=\"1147\">\n<p data-start=\"1002\" data-end=\"1147\">Plaque Pebax\u00ae avec ailettes pour une pouss\u00e9e r\u00e9active + semelle interm\u00e9diaire double densit\u00e9 avec couche sup\u00e9rieure en PEBA.<\/p>\n<\/li>\n<li data-start=\"1148\" data-end=\"1237\">\n<p data-start=\"1150\" data-end=\"1237\">G\u00e9om\u00e9trie MetaRocker\u2122 orient\u00e9e vers la vitesse.<\/p>\n<\/li>\n<li data-start=\"1238\" data-end=\"1364\">\n<p data-start=\"1240\" data-end=\"1364\">Tige ind\u00e9maillable plus respirante ; languette plus souple et col am\u00e9lior\u00e9.<\/p>\n<\/li>\n<li data-start=\"1365\" data-end=\"1493\">\n<p data-start=\"1367\" data-end=\"1493\">Semelle en caoutchouc moul\u00e9e par compression pour une meilleure adh\u00e9rence et une plus grande durabilit\u00e9 ; drop de 5 mm ; poids 288 g (homme).<\/p>\n<\/li>\n<\/ul>\n<p>&nbsp;<\/p>\n<p><\/div><\/div><\/div>\n","protected":false},"excerpt":{"rendered":"<ul class=\"features-container\">\n<li data-start=\"1691\" data-end=\"1823\">\n<p data-start=\"1694\" data-end=\"1823\"><strong data-start=\"1694\" data-end=\"1719\">Propulsion imm\u00e9diate<\/strong> \u2013 Plaque Pebax + couche PEBA pour un d\u00e9collage rapide et r\u00e9actif. <span class=\"\" data-state=\"closed\"><span class=\"ms-1 inline-flex max-w-full items-center relative top-[-0.094rem] animate-[show_150ms_ease-in]\" data-testid=\"webpage-citation-pill\"><\/span><\/span><\/p>\n<\/li>\n<li data-start=\"1824\" data-end=\"1988\">\n<p data-start=\"1827\" data-end=\"1988\"><strong data-start=\"1827\" data-end=\"1850\">Confort respirant<\/strong> \u2013 Tige ind\u00e9maillable, languette plus souple et col revisit\u00e9 pour plus de stabilit\u00e9 et de fra\u00eecheur. <span class=\"\" data-state=\"closed\"><span class=\"ms-1 inline-flex max-w-full items-center relative top-[-0.094rem] animate-[show_150ms_ease-in]\" data-testid=\"webpage-citation-pill\"><\/span><\/span><\/p>\n<\/li>\n<li data-start=\"1989\" data-end=\"2157\">\n<p data-start=\"1992\" data-end=\"2157\"><strong data-start=\"1992\" data-end=\"2014\">Stabilit\u00e9 mod\u00e9r\u00e9e<\/strong> \u2013 Le J-Frame, la base large et l&#8217;Active Foot Frame aident \u00e0 contr\u00f4ler la pronation sans rigidifier la course.<\/p>\n<\/li>\n<\/ul>\n","protected":false},"featured_media":396440,"template":"","meta":{"_acf_changed":false,"inline_featured_image":false},"product_brand":[],"product_cat":[24448,24447],"product_tag":[23478,23604],"class_list":{"0":"post-341682","1":"product","2":"type-product","3":"status-publish","4":"has-post-thumbnail","6":"product_cat-chaussures-pour-hommes-fr","7":"product_cat-neutre-fr-3","8":"product_tag-hoka-one-one-fr","9":"product_tag-hoka-homme","10":"pa_attivita-running-fr","11":"pa_colore-mach-x3-neon-yuzu-squik-ink","12":"pa_colore-mach-x3-white-alabaster","13":"pa_marca-hoka-fr","14":"pa_sesso-homme","15":"pa_size-41-fr","16":"pa_size-42-fr","18":"pa_size-43-fr","19":"pa_size-44-fr","21":"pa_size-45-fr","22":"pa_size-46-fr","24":"first","25":"instock","26":"sale","27":"taxable","28":"shipping-taxable","29":"purchasable","30":"product-type-variable","31":"wvs-archive-product-wrapper"},"acf":[],"yoast_head":"<!-- This site is optimized with the Yoast SEO plugin v26.8 - https:\/\/yoast.com\/product\/yoast-seo-wordpress\/ -->\n<title>Hoka Mach X 3 homme - chaussures de course - MioMioRun.com<\/title>\n<meta name=\"description\" content=\"HOKA Mach X 3 : chaussures de course sur route avec plaque Pebax et couche PEBA. R\u00e9actives, l\u00e9g\u00e8res et stables (J-Frame). Drop de 5 mm. Parfaites pour les courses de moyenne distance, les r\u00e9p\u00e9titions et les progressives.\" \/>\n<meta name=\"robots\" content=\"index, follow, max-snippet:-1, max-image-preview:large, max-video-preview:-1\" \/>\n<link rel=\"canonical\" href=\"https:\/\/www.miomiorun.com\/fr\/produit\/mach-x-3-homme\/\" \/>\n<meta property=\"og:locale\" content=\"fr_FR\" \/>\n<meta property=\"og:type\" content=\"article\" \/>\n<meta property=\"og:title\" content=\"Hoka Mach X 3 homme - chaussures de course - MioMioRun.com\" \/>\n<meta property=\"og:description\" content=\"HOKA Mach X 3 : chaussures de course sur route avec plaque Pebax et couche PEBA. R\u00e9actives, l\u00e9g\u00e8res et stables (J-Frame). Drop de 5 mm. Parfaites pour les courses de moyenne distance, les r\u00e9p\u00e9titions et les progressives.\" \/>\n<meta property=\"og:url\" content=\"https:\/\/www.miomiorun.com\/fr\/produit\/mach-x-3-homme\/\" \/>\n<meta property=\"og:site_name\" content=\"MioMioRun\" \/>\n<meta property=\"article:publisher\" content=\"https:\/\/www.facebook.com\/miomiorun\/\" \/>\n<meta property=\"article:modified_time\" content=\"2026-05-09T08:03:18+00:00\" \/>\n<meta property=\"og:image\" content=\"https:\/\/www.miomiorun.com\/app\/uploads\/2026\/02\/hoka-Mach-X3-neon-yuzu-squik-ink-1168720-NZS.webp\" \/>\n\t<meta property=\"og:image:width\" content=\"720\" \/>\n\t<meta property=\"og:image:height\" content=\"720\" \/>\n\t<meta property=\"og:image:type\" content=\"image\/webp\" \/>\n<meta name=\"twitter:card\" content=\"summary_large_image\" \/>\n<meta name=\"twitter:label1\" content=\"Est. reading time\" \/>\n\t<meta name=\"twitter:data1\" content=\"2 minutes\" \/>\n<script type=\"application\/ld+json\" class=\"yoast-schema-graph\">{\"@context\":\"https:\/\/schema.org\",\"@graph\":[{\"@type\":\"WebPage\",\"@id\":\"https:\/\/www.miomiorun.com\/fr\/produit\/mach-x-3-homme\/\",\"url\":\"https:\/\/www.miomiorun.com\/fr\/produit\/mach-x-3-homme\/\",\"name\":\"Hoka Mach X 3 homme - chaussures de course - MioMioRun.com\",\"isPartOf\":{\"@id\":\"https:\/\/www.miomiorun.com\/fr\/#website\"},\"primaryImageOfPage\":{\"@id\":\"https:\/\/www.miomiorun.com\/fr\/produit\/mach-x-3-homme\/#primaryimage\"},\"image\":{\"@id\":\"https:\/\/www.miomiorun.com\/fr\/produit\/mach-x-3-homme\/#primaryimage\"},\"thumbnailUrl\":\"https:\/\/www.miomiorun.com\/app\/uploads\/2026\/02\/hoka-Mach-X3-neon-yuzu-squik-ink-1168720-NZS.webp\",\"datePublished\":\"2025-09-01T16:04:34+00:00\",\"dateModified\":\"2026-05-09T08:03:18+00:00\",\"description\":\"HOKA Mach X 3 : chaussures de course sur route avec plaque Pebax et couche PEBA. R\u00e9actives, l\u00e9g\u00e8res et stables (J-Frame). Drop de 5 mm. Parfaites pour les courses de moyenne distance, les r\u00e9p\u00e9titions et les progressives.\",\"breadcrumb\":{\"@id\":\"https:\/\/www.miomiorun.com\/fr\/produit\/mach-x-3-homme\/#breadcrumb\"},\"inLanguage\":\"fr-FR\",\"potentialAction\":[{\"@type\":\"ReadAction\",\"target\":[\"https:\/\/www.miomiorun.com\/fr\/produit\/mach-x-3-homme\/\"]}]},{\"@type\":\"ImageObject\",\"inLanguage\":\"fr-FR\",\"@id\":\"https:\/\/www.miomiorun.com\/fr\/produit\/mach-x-3-homme\/#primaryimage\",\"url\":\"https:\/\/www.miomiorun.com\/app\/uploads\/2026\/02\/hoka-Mach-X3-neon-yuzu-squik-ink-1168720-NZS.webp\",\"contentUrl\":\"https:\/\/www.miomiorun.com\/app\/uploads\/2026\/02\/hoka-Mach-X3-neon-yuzu-squik-ink-1168720-NZS.webp\",\"width\":720,\"height\":720,\"caption\":\"hoka Mach X3 neon yuzu squik ink 1168720 NZS\"},{\"@type\":\"BreadcrumbList\",\"@id\":\"https:\/\/www.miomiorun.com\/fr\/produit\/mach-x-3-homme\/#breadcrumb\",\"itemListElement\":[{\"@type\":\"ListItem\",\"position\":1,\"name\":\"Home\",\"item\":\"https:\/\/www.miomiorun.com\/fr\/home-page\/\"},{\"@type\":\"ListItem\",\"position\":2,\"name\":\"Shop\",\"item\":\"https:\/\/www.miomiorun.com\/shop\/\"},{\"@type\":\"ListItem\",\"position\":3,\"name\":\"Mach X 3 homme\"}]},{\"@type\":\"WebSite\",\"@id\":\"https:\/\/www.miomiorun.com\/fr\/#website\",\"url\":\"https:\/\/www.miomiorun.com\/fr\/\",\"name\":\"MioMioRun\",\"description\":\"Boutique 100% running et trail\",\"publisher\":{\"@id\":\"https:\/\/www.miomiorun.com\/fr\/#organization\"},\"potentialAction\":[{\"@type\":\"SearchAction\",\"target\":{\"@type\":\"EntryPoint\",\"urlTemplate\":\"https:\/\/www.miomiorun.com\/fr\/?s={search_term_string}\"},\"query-input\":{\"@type\":\"PropertyValueSpecification\",\"valueRequired\":true,\"valueName\":\"search_term_string\"}}],\"inLanguage\":\"fr-FR\"},{\"@type\":\"Organization\",\"@id\":\"https:\/\/www.miomiorun.com\/fr\/#organization\",\"name\":\"MioMio Run\",\"url\":\"https:\/\/www.miomiorun.com\/fr\/\",\"logo\":{\"@type\":\"ImageObject\",\"inLanguage\":\"fr-FR\",\"@id\":\"https:\/\/www.miomiorun.com\/fr\/#\/schema\/logo\/image\/\",\"url\":\"https:\/\/www.miomiorun.com\/app\/uploads\/2019\/12\/logomio.png\",\"contentUrl\":\"https:\/\/www.miomiorun.com\/app\/uploads\/2019\/12\/logomio.png\",\"width\":115,\"height\":82,\"caption\":\"MioMio Run\"},\"image\":{\"@id\":\"https:\/\/www.miomiorun.com\/fr\/#\/schema\/logo\/image\/\"},\"sameAs\":[\"https:\/\/www.facebook.com\/miomiorun\/\",\"https:\/\/www.instagram.com\/miomiorun\/\"]}]}<\/script>\n<!-- \/ Yoast SEO plugin. -->","yoast_head_json":{"title":"Hoka Mach X 3 homme - chaussures de course - MioMioRun.com","description":"HOKA Mach X 3 : chaussures de course sur route avec plaque Pebax et couche PEBA. R\u00e9actives, l\u00e9g\u00e8res et stables (J-Frame). Drop de 5 mm. Parfaites pour les courses de moyenne distance, les r\u00e9p\u00e9titions et les progressives.","robots":{"index":"index","follow":"follow","max-snippet":"max-snippet:-1","max-image-preview":"max-image-preview:large","max-video-preview":"max-video-preview:-1"},"canonical":"https:\/\/www.miomiorun.com\/fr\/produit\/mach-x-3-homme\/","og_locale":"fr_FR","og_type":"article","og_title":"Hoka Mach X 3 homme - chaussures de course - MioMioRun.com","og_description":"HOKA Mach X 3 : chaussures de course sur route avec plaque Pebax et couche PEBA. R\u00e9actives, l\u00e9g\u00e8res et stables (J-Frame). Drop de 5 mm. Parfaites pour les courses de moyenne distance, les r\u00e9p\u00e9titions et les progressives.","og_url":"https:\/\/www.miomiorun.com\/fr\/produit\/mach-x-3-homme\/","og_site_name":"MioMioRun","article_publisher":"https:\/\/www.facebook.com\/miomiorun\/","article_modified_time":"2026-05-09T08:03:18+00:00","og_image":[{"width":720,"height":720,"url":"https:\/\/www.miomiorun.com\/app\/uploads\/2026\/02\/hoka-Mach-X3-neon-yuzu-squik-ink-1168720-NZS.webp","type":"image\/webp"}],"twitter_card":"summary_large_image","twitter_misc":{"Est. reading time":"2 minutes"},"schema":{"@context":"https:\/\/schema.org","@graph":[{"@type":"WebPage","@id":"https:\/\/www.miomiorun.com\/fr\/produit\/mach-x-3-homme\/","url":"https:\/\/www.miomiorun.com\/fr\/produit\/mach-x-3-homme\/","name":"Hoka Mach X 3 homme - chaussures de course - MioMioRun.com","isPartOf":{"@id":"https:\/\/www.miomiorun.com\/fr\/#website"},"primaryImageOfPage":{"@id":"https:\/\/www.miomiorun.com\/fr\/produit\/mach-x-3-homme\/#primaryimage"},"image":{"@id":"https:\/\/www.miomiorun.com\/fr\/produit\/mach-x-3-homme\/#primaryimage"},"thumbnailUrl":"https:\/\/www.miomiorun.com\/app\/uploads\/2026\/02\/hoka-Mach-X3-neon-yuzu-squik-ink-1168720-NZS.webp","datePublished":"2025-09-01T16:04:34+00:00","dateModified":"2026-05-09T08:03:18+00:00","description":"HOKA Mach X 3 : chaussures de course sur route avec plaque Pebax et couche PEBA. R\u00e9actives, l\u00e9g\u00e8res et stables (J-Frame). Drop de 5 mm. Parfaites pour les courses de moyenne distance, les r\u00e9p\u00e9titions et les progressives.","breadcrumb":{"@id":"https:\/\/www.miomiorun.com\/fr\/produit\/mach-x-3-homme\/#breadcrumb"},"inLanguage":"fr-FR","potentialAction":[{"@type":"ReadAction","target":["https:\/\/www.miomiorun.com\/fr\/produit\/mach-x-3-homme\/"]}]},{"@type":"ImageObject","inLanguage":"fr-FR","@id":"https:\/\/www.miomiorun.com\/fr\/produit\/mach-x-3-homme\/#primaryimage","url":"https:\/\/www.miomiorun.com\/app\/uploads\/2026\/02\/hoka-Mach-X3-neon-yuzu-squik-ink-1168720-NZS.webp","contentUrl":"https:\/\/www.miomiorun.com\/app\/uploads\/2026\/02\/hoka-Mach-X3-neon-yuzu-squik-ink-1168720-NZS.webp","width":720,"height":720,"caption":"hoka Mach X3 neon yuzu squik ink 1168720 NZS"},{"@type":"BreadcrumbList","@id":"https:\/\/www.miomiorun.com\/fr\/produit\/mach-x-3-homme\/#breadcrumb","itemListElement":[{"@type":"ListItem","position":1,"name":"Home","item":"https:\/\/www.miomiorun.com\/fr\/home-page\/"},{"@type":"ListItem","position":2,"name":"Shop","item":"https:\/\/www.miomiorun.com\/shop\/"},{"@type":"ListItem","position":3,"name":"Mach X 3 homme"}]},{"@type":"WebSite","@id":"https:\/\/www.miomiorun.com\/fr\/#website","url":"https:\/\/www.miomiorun.com\/fr\/","name":"MioMioRun","description":"Boutique 100% running et trail","publisher":{"@id":"https:\/\/www.miomiorun.com\/fr\/#organization"},"potentialAction":[{"@type":"SearchAction","target":{"@type":"EntryPoint","urlTemplate":"https:\/\/www.miomiorun.com\/fr\/?s={search_term_string}"},"query-input":{"@type":"PropertyValueSpecification","valueRequired":true,"valueName":"search_term_string"}}],"inLanguage":"fr-FR"},{"@type":"Organization","@id":"https:\/\/www.miomiorun.com\/fr\/#organization","name":"MioMio Run","url":"https:\/\/www.miomiorun.com\/fr\/","logo":{"@type":"ImageObject","inLanguage":"fr-FR","@id":"https:\/\/www.miomiorun.com\/fr\/#\/schema\/logo\/image\/","url":"https:\/\/www.miomiorun.com\/app\/uploads\/2019\/12\/logomio.png","contentUrl":"https:\/\/www.miomiorun.com\/app\/uploads\/2019\/12\/logomio.png","width":115,"height":82,"caption":"MioMio Run"},"image":{"@id":"https:\/\/www.miomiorun.com\/fr\/#\/schema\/logo\/image\/"},"sameAs":["https:\/\/www.facebook.com\/miomiorun\/","https:\/\/www.instagram.com\/miomiorun\/"]}]}},"_links":{"self":[{"href":"https:\/\/www.miomiorun.com\/fr\/wp-json\/wp\/v2\/product\/341682","targetHints":{"allow":["GET"]}}],"collection":[{"href":"https:\/\/www.miomiorun.com\/fr\/wp-json\/wp\/v2\/product"}],"about":[{"href":"https:\/\/www.miomiorun.com\/fr\/wp-json\/wp\/v2\/types\/product"}],"wp:featuredmedia":[{"embeddable":true,"href":"https:\/\/www.miomiorun.com\/fr\/wp-json\/wp\/v2\/media\/396440"}],"wp:attachment":[{"href":"https:\/\/www.miomiorun.com\/fr\/wp-json\/wp\/v2\/media?parent=341682"}],"wp:term":[{"taxonomy":"product_brand","embeddable":true,"href":"https:\/\/www.miomiorun.com\/fr\/wp-json\/wp\/v2\/product_brand?post=341682"},{"taxonomy":"product_cat","embeddable":true,"href":"https:\/\/www.miomiorun.com\/fr\/wp-json\/wp\/v2\/product_cat?post=341682"},{"taxonomy":"product_tag","embeddable":true,"href":"https:\/\/www.miomiorun.com\/fr\/wp-json\/wp\/v2\/product_tag?post=341682"}],"curies":[{"name":"wp","href":"https:\/\/api.w.org\/{rel}","templated":true}]}}