{"id":341563,"date":"2025-08-30T18:06:25","date_gmt":"2025-08-30T16:06:25","guid":{"rendered":"https:\/\/www.miomiorun.com\/?post_type=product&#038;p=341563"},"modified":"2026-05-05T10:11:47","modified_gmt":"2026-05-05T08:11:47","slug":"mach-x-3-femme","status":"publish","type":"product","link":"https:\/\/www.miomiorun.com\/fr\/produit\/mach-x-3-femme\/","title":{"rendered":"Mach X 3 femme"},"content":{"rendered":"<div class=\"vc-row container\"><div class=\"vc-column\"><div class=\"vc-column-text\"><\/p>\n<h4>Caract\u00e9ristiques techniques<\/h4>\n<p>Cat\u00e9gorie : amorti r\u00e9actif<br \/>\nD\u00e9calage : 5 mm<br \/>\nPoids : 242 g<br \/>\nId\u00e9al pour : les coureurs \u00e0 la recherche d&#8217;une chaussure l\u00e9g\u00e8re et r\u00e9active pour les courses de moyenne distance \u00e0 rythme soutenu.<br \/>\nPoids de l&#8217;athl\u00e8te : &lt;50 kg<br \/>\nAllure de course : &lt;4,30 min\/km<br \/>\n<a href=\"https:\/\/miomiorun.com\/guida-alle-specifiche-tecniche\/\">Guide des caract\u00e9ristiques techniques<\/a><\/p>\n<p> <\/div><\/div><div class=\"vc-column\"><div class=\"vc-column-text\"><strong>Propulsion pour entra\u00eener la vitesse.<\/strong><\/p>\n<p data-start=\"75\" data-end=\"630\">Entra\u00eenements \u00e0 rythme \u00e9lev\u00e9 sans renoncer au confort : HOKA Mach X 3 est la chaussure d&#8217;entra\u00eenement quotidienne avec plaque con\u00e7ue pour donner de la propulsion aux r\u00e9p\u00e9titions, aux courses moyennes et aux courses progressives. La semelle interm\u00e9diaire \u00e0 double densit\u00e9 avec couche sup\u00e9rieure en PEBA fonctionne avec la plaque Pebax pour un d\u00e9collage rapide et fluide, tandis que le profil MetaRocker favorise une transition rapide. La tige en tissu ind\u00e9maillable plus respirant, la nouvelle languette souple et le col revisit\u00e9 assurent un ajustement stable et frais, m\u00eame lorsque vous acc\u00e9l\u00e9rez le rythme. <span class=\"\" data-state=\"closed\"><span class=\"ms-1 inline-flex max-w-full items-center relative top-&#091;-0.094rem&#093; animate-&#091;show_150ms_ease-in&#093;\" data-testid=\"webpage-citation-pill\"><\/span><\/span><\/p>\n<p data-start=\"632\" data-end=\"967\">Stabilit\u00e9 \u00ab intrins\u00e8que \u00bb mod\u00e9r\u00e9e gr\u00e2ce \u00e0 une base large, \u00e0 l&#8217;Active Foot Frame et au support J-Frame : id\u00e9al pour les coureurs neutres et ceux qui recherchent un petit coup de pouce pour contr\u00f4ler une pronation excessive sans rigidifier leur foul\u00e9e. Drop de 5 mm ; poids approximatif de 242 g (pour les femmes ; le poids peut varier en fonction de la taille). <span class=\"\" data-state=\"closed\"><span class=\"ms-1 inline-flex max-w-full items-center relative top-&#091;-0.094rem&#093; animate-&#091;show_150ms_ease-in&#093;\" data-testid=\"webpage-citation-pill\"><\/span><\/span><\/p>\n<p data-start=\"969\" data-end=\"999\"><strong data-start=\"969\" data-end=\"999\">Caract\u00e9ristiques principales<\/strong><\/p>\n<ul data-start=\"1000\" data-end=\"1493\">\n<li data-start=\"1000\" data-end=\"1147\">\n<p data-start=\"1002\" data-end=\"1147\">Plaque Pebax\u00ae avec ailettes pour une pouss\u00e9e r\u00e9active + semelle interm\u00e9diaire double densit\u00e9 avec couche sup\u00e9rieure en PEBA. <span class=\"\" data-state=\"closed\"><span class=\"ms-1 inline-flex max-w-full items-center relative top-&#091;-0.094rem&#093; animate-&#091;show_150ms_ease-in&#093;\" data-testid=\"webpage-citation-pill\"><\/span><\/span><\/p>\n<\/li>\n<li data-start=\"1148\" data-end=\"1237\">\n<p data-start=\"1150\" data-end=\"1237\">G\u00e9om\u00e9trie MetaRocker\u2122 orient\u00e9e vers la vitesse. <span class=\"\" data-state=\"closed\"><span class=\"ms-1 inline-flex max-w-full items-center relative top-&#091;-0.094rem&#093; animate-&#091;show_150ms_ease-in&#093;\" data-testid=\"webpage-citation-pill\"><\/span><\/span><\/p>\n<\/li>\n<li data-start=\"1238\" data-end=\"1364\">\n<p data-start=\"1240\" data-end=\"1364\">Tige ind\u00e9maillable plus respirante ; languette plus souple et col actualis\u00e9. <span class=\"\" data-state=\"closed\"><span class=\"ms-1 inline-flex max-w-full items-center relative top-&#091;-0.094rem&#093; animate-&#091;show_150ms_ease-in&#093;\" data-testid=\"webpage-citation-pill\"><\/span><\/span><\/p>\n<\/li>\n<li data-start=\"1365\" data-end=\"1493\">\n<p data-start=\"1367\" data-end=\"1493\">Semelle en caoutchouc moul\u00e9e \u00e0 compression pour plus d&#8217;adh\u00e9rence et de durabilit\u00e9 ; drop de 5 mm ; poids de 242 g (femmes).<\/p>\n<\/li>\n<\/ul>\n<p><\/div><div style=\"height:32px\" class=\"vc-empty-space\"><\/div><\/div><\/div>\n","protected":false},"excerpt":{"rendered":"<ul class=\"features-container\">\n<li data-start=\"1691\" data-end=\"1823\">\n<p data-start=\"1694\" data-end=\"1823\"><strong data-start=\"1694\" data-end=\"1719\">Propulsion imm\u00e9diate<\/strong> \u2013 Plaque Pebax + couche PEBA pour un d\u00e9collage rapide et r\u00e9actif. <span class=\"\" data-state=\"closed\"><span class=\"ms-1 inline-flex max-w-full items-center relative top-[-0.094rem] animate-[show_150ms_ease-in]\" data-testid=\"webpage-citation-pill\"><\/span><\/span><\/p>\n<\/li>\n<li data-start=\"1824\" data-end=\"1988\">\n<p data-start=\"1827\" data-end=\"1988\"><strong data-start=\"1827\" data-end=\"1850\">Confort respirant<\/strong> \u2013 Tige ind\u00e9maillable, languette plus souple et col revisit\u00e9 pour plus de stabilit\u00e9 et de fra\u00eecheur. <span class=\"\" data-state=\"closed\"><span class=\"ms-1 inline-flex max-w-full items-center relative top-[-0.094rem] animate-[show_150ms_ease-in]\" data-testid=\"webpage-citation-pill\"><\/span><\/span><\/p>\n<\/li>\n<li data-start=\"1989\" data-end=\"2157\">\n<p data-start=\"1992\" data-end=\"2157\"><strong data-start=\"1992\" data-end=\"2014\">Stabilit\u00e9 mod\u00e9r\u00e9e<\/strong> \u2013 Le J-Frame, la base large et l&#8217;Active Foot Frame aident \u00e0 contr\u00f4ler la pronation sans rigidifier la course. <\/p>\n<\/li>\n<\/ul>\n","protected":false},"featured_media":341525,"template":"","meta":{"_acf_changed":false,"inline_featured_image":false},"product_brand":[],"product_cat":[22605,22606],"product_tag":[23478,23494],"class_list":{"0":"post-341563","1":"product","2":"type-product","3":"status-publish","4":"has-post-thumbnail","6":"product_cat-chaussures-pour-femmes","7":"product_cat-neutre","8":"product_tag-hoka-one-one-fr","9":"product_tag-hoka-femme","10":"pa_attivita-running-fr","11":"pa_colore-mach-x3-w-neon-rose-neon-tangerine-fr","12":"pa_colore-mach-x3-w-neon-yuzu-squik-ink","13":"pa_colore-mach-x3-w-white-alabaster","14":"pa_marca-hoka-fr","15":"pa_sesso-femme","16":"pa_size-38-fr","18":"pa_size-39-fr","19":"pa_size-40-fr","20":"pa_size-41-fr","22":"first","23":"instock","24":"sale","25":"taxable","26":"shipping-taxable","27":"purchasable","28":"product-type-variable","29":"wvs-archive-product-wrapper"},"acf":[],"yoast_head":"<!-- This site is optimized with the Yoast SEO plugin v26.8 - https:\/\/yoast.com\/product\/yoast-seo-wordpress\/ -->\n<title>Hoka Mach X 3 femme - chaussures de course - MioMioRun.com<\/title>\n<meta name=\"description\" content=\"HOKA Mach X 3 : chaussures de course sur route avec plaque Pebax et couche PEBA. R\u00e9actives, l\u00e9g\u00e8res et stables (J-Frame). Drop de 5 mm. Parfaites pour les courses de moyenne distance, les r\u00e9p\u00e9titions et les progressives.\" \/>\n<meta name=\"robots\" content=\"index, follow, max-snippet:-1, max-image-preview:large, max-video-preview:-1\" \/>\n<link rel=\"canonical\" href=\"https:\/\/www.miomiorun.com\/fr\/produit\/mach-x-3-femme\/\" \/>\n<meta property=\"og:locale\" content=\"fr_FR\" \/>\n<meta property=\"og:type\" content=\"article\" \/>\n<meta property=\"og:title\" content=\"Hoka Mach X 3 femme - chaussures de course - MioMioRun.com\" \/>\n<meta property=\"og:description\" content=\"HOKA Mach X 3 : chaussures de course sur route avec plaque Pebax et couche PEBA. R\u00e9actives, l\u00e9g\u00e8res et stables (J-Frame). Drop de 5 mm. Parfaites pour les courses de moyenne distance, les r\u00e9p\u00e9titions et les progressives.\" \/>\n<meta property=\"og:url\" content=\"https:\/\/www.miomiorun.com\/fr\/produit\/mach-x-3-femme\/\" \/>\n<meta property=\"og:site_name\" content=\"MioMioRun\" \/>\n<meta property=\"article:publisher\" content=\"https:\/\/www.facebook.com\/miomiorun\/\" \/>\n<meta property=\"article:modified_time\" content=\"2026-05-05T08:11:47+00:00\" \/>\n<meta property=\"og:image\" content=\"https:\/\/www.miomiorun.com\/app\/uploads\/2025\/08\/hoka-Mach-X3-W-neon-rose-neon-tangerine-1168721-NNRS.webp\" \/>\n\t<meta property=\"og:image:width\" content=\"720\" \/>\n\t<meta property=\"og:image:height\" content=\"720\" \/>\n\t<meta property=\"og:image:type\" content=\"image\/webp\" \/>\n<meta name=\"twitter:card\" content=\"summary_large_image\" \/>\n<meta name=\"twitter:label1\" content=\"Est. reading time\" \/>\n\t<meta name=\"twitter:data1\" content=\"2 minutes\" \/>\n<script type=\"application\/ld+json\" class=\"yoast-schema-graph\">{\"@context\":\"https:\/\/schema.org\",\"@graph\":[{\"@type\":\"WebPage\",\"@id\":\"https:\/\/www.miomiorun.com\/fr\/produit\/mach-x-3-femme\/\",\"url\":\"https:\/\/www.miomiorun.com\/fr\/produit\/mach-x-3-femme\/\",\"name\":\"Hoka Mach X 3 femme - chaussures de course - MioMioRun.com\",\"isPartOf\":{\"@id\":\"https:\/\/www.miomiorun.com\/fr\/#website\"},\"primaryImageOfPage\":{\"@id\":\"https:\/\/www.miomiorun.com\/fr\/produit\/mach-x-3-femme\/#primaryimage\"},\"image\":{\"@id\":\"https:\/\/www.miomiorun.com\/fr\/produit\/mach-x-3-femme\/#primaryimage\"},\"thumbnailUrl\":\"https:\/\/www.miomiorun.com\/app\/uploads\/2025\/08\/hoka-Mach-X3-W-neon-rose-neon-tangerine-1168721-NNRS.webp\",\"datePublished\":\"2025-08-30T16:06:25+00:00\",\"dateModified\":\"2026-05-05T08:11:47+00:00\",\"description\":\"HOKA Mach X 3 : chaussures de course sur route avec plaque Pebax et couche PEBA. R\u00e9actives, l\u00e9g\u00e8res et stables (J-Frame). Drop de 5 mm. Parfaites pour les courses de moyenne distance, les r\u00e9p\u00e9titions et les progressives.\",\"breadcrumb\":{\"@id\":\"https:\/\/www.miomiorun.com\/fr\/produit\/mach-x-3-femme\/#breadcrumb\"},\"inLanguage\":\"fr-FR\",\"potentialAction\":[{\"@type\":\"ReadAction\",\"target\":[\"https:\/\/www.miomiorun.com\/fr\/produit\/mach-x-3-femme\/\"]}]},{\"@type\":\"ImageObject\",\"inLanguage\":\"fr-FR\",\"@id\":\"https:\/\/www.miomiorun.com\/fr\/produit\/mach-x-3-femme\/#primaryimage\",\"url\":\"https:\/\/www.miomiorun.com\/app\/uploads\/2025\/08\/hoka-Mach-X3-W-neon-rose-neon-tangerine-1168721-NNRS.webp\",\"contentUrl\":\"https:\/\/www.miomiorun.com\/app\/uploads\/2025\/08\/hoka-Mach-X3-W-neon-rose-neon-tangerine-1168721-NNRS.webp\",\"width\":720,\"height\":720,\"caption\":\"hoka Mach X3 W neon rose neon tangerine 1168721 NNRS\"},{\"@type\":\"BreadcrumbList\",\"@id\":\"https:\/\/www.miomiorun.com\/fr\/produit\/mach-x-3-femme\/#breadcrumb\",\"itemListElement\":[{\"@type\":\"ListItem\",\"position\":1,\"name\":\"Home\",\"item\":\"https:\/\/www.miomiorun.com\/fr\/home-page\/\"},{\"@type\":\"ListItem\",\"position\":2,\"name\":\"Shop\",\"item\":\"https:\/\/www.miomiorun.com\/shop\/\"},{\"@type\":\"ListItem\",\"position\":3,\"name\":\"Mach X 3 femme\"}]},{\"@type\":\"WebSite\",\"@id\":\"https:\/\/www.miomiorun.com\/fr\/#website\",\"url\":\"https:\/\/www.miomiorun.com\/fr\/\",\"name\":\"MioMioRun\",\"description\":\"Boutique 100% running et trail\",\"publisher\":{\"@id\":\"https:\/\/www.miomiorun.com\/fr\/#organization\"},\"potentialAction\":[{\"@type\":\"SearchAction\",\"target\":{\"@type\":\"EntryPoint\",\"urlTemplate\":\"https:\/\/www.miomiorun.com\/fr\/?s={search_term_string}\"},\"query-input\":{\"@type\":\"PropertyValueSpecification\",\"valueRequired\":true,\"valueName\":\"search_term_string\"}}],\"inLanguage\":\"fr-FR\"},{\"@type\":\"Organization\",\"@id\":\"https:\/\/www.miomiorun.com\/fr\/#organization\",\"name\":\"MioMio Run\",\"url\":\"https:\/\/www.miomiorun.com\/fr\/\",\"logo\":{\"@type\":\"ImageObject\",\"inLanguage\":\"fr-FR\",\"@id\":\"https:\/\/www.miomiorun.com\/fr\/#\/schema\/logo\/image\/\",\"url\":\"https:\/\/www.miomiorun.com\/app\/uploads\/2019\/12\/logomio.png\",\"contentUrl\":\"https:\/\/www.miomiorun.com\/app\/uploads\/2019\/12\/logomio.png\",\"width\":115,\"height\":82,\"caption\":\"MioMio Run\"},\"image\":{\"@id\":\"https:\/\/www.miomiorun.com\/fr\/#\/schema\/logo\/image\/\"},\"sameAs\":[\"https:\/\/www.facebook.com\/miomiorun\/\",\"https:\/\/www.instagram.com\/miomiorun\/\"]}]}<\/script>\n<!-- \/ Yoast SEO plugin. -->","yoast_head_json":{"title":"Hoka Mach X 3 femme - chaussures de course - MioMioRun.com","description":"HOKA Mach X 3 : chaussures de course sur route avec plaque Pebax et couche PEBA. R\u00e9actives, l\u00e9g\u00e8res et stables (J-Frame). Drop de 5 mm. Parfaites pour les courses de moyenne distance, les r\u00e9p\u00e9titions et les progressives.","robots":{"index":"index","follow":"follow","max-snippet":"max-snippet:-1","max-image-preview":"max-image-preview:large","max-video-preview":"max-video-preview:-1"},"canonical":"https:\/\/www.miomiorun.com\/fr\/produit\/mach-x-3-femme\/","og_locale":"fr_FR","og_type":"article","og_title":"Hoka Mach X 3 femme - chaussures de course - MioMioRun.com","og_description":"HOKA Mach X 3 : chaussures de course sur route avec plaque Pebax et couche PEBA. R\u00e9actives, l\u00e9g\u00e8res et stables (J-Frame). Drop de 5 mm. Parfaites pour les courses de moyenne distance, les r\u00e9p\u00e9titions et les progressives.","og_url":"https:\/\/www.miomiorun.com\/fr\/produit\/mach-x-3-femme\/","og_site_name":"MioMioRun","article_publisher":"https:\/\/www.facebook.com\/miomiorun\/","article_modified_time":"2026-05-05T08:11:47+00:00","og_image":[{"width":720,"height":720,"url":"https:\/\/www.miomiorun.com\/app\/uploads\/2025\/08\/hoka-Mach-X3-W-neon-rose-neon-tangerine-1168721-NNRS.webp","type":"image\/webp"}],"twitter_card":"summary_large_image","twitter_misc":{"Est. reading time":"2 minutes"},"schema":{"@context":"https:\/\/schema.org","@graph":[{"@type":"WebPage","@id":"https:\/\/www.miomiorun.com\/fr\/produit\/mach-x-3-femme\/","url":"https:\/\/www.miomiorun.com\/fr\/produit\/mach-x-3-femme\/","name":"Hoka Mach X 3 femme - chaussures de course - MioMioRun.com","isPartOf":{"@id":"https:\/\/www.miomiorun.com\/fr\/#website"},"primaryImageOfPage":{"@id":"https:\/\/www.miomiorun.com\/fr\/produit\/mach-x-3-femme\/#primaryimage"},"image":{"@id":"https:\/\/www.miomiorun.com\/fr\/produit\/mach-x-3-femme\/#primaryimage"},"thumbnailUrl":"https:\/\/www.miomiorun.com\/app\/uploads\/2025\/08\/hoka-Mach-X3-W-neon-rose-neon-tangerine-1168721-NNRS.webp","datePublished":"2025-08-30T16:06:25+00:00","dateModified":"2026-05-05T08:11:47+00:00","description":"HOKA Mach X 3 : chaussures de course sur route avec plaque Pebax et couche PEBA. R\u00e9actives, l\u00e9g\u00e8res et stables (J-Frame). Drop de 5 mm. Parfaites pour les courses de moyenne distance, les r\u00e9p\u00e9titions et les progressives.","breadcrumb":{"@id":"https:\/\/www.miomiorun.com\/fr\/produit\/mach-x-3-femme\/#breadcrumb"},"inLanguage":"fr-FR","potentialAction":[{"@type":"ReadAction","target":["https:\/\/www.miomiorun.com\/fr\/produit\/mach-x-3-femme\/"]}]},{"@type":"ImageObject","inLanguage":"fr-FR","@id":"https:\/\/www.miomiorun.com\/fr\/produit\/mach-x-3-femme\/#primaryimage","url":"https:\/\/www.miomiorun.com\/app\/uploads\/2025\/08\/hoka-Mach-X3-W-neon-rose-neon-tangerine-1168721-NNRS.webp","contentUrl":"https:\/\/www.miomiorun.com\/app\/uploads\/2025\/08\/hoka-Mach-X3-W-neon-rose-neon-tangerine-1168721-NNRS.webp","width":720,"height":720,"caption":"hoka Mach X3 W neon rose neon tangerine 1168721 NNRS"},{"@type":"BreadcrumbList","@id":"https:\/\/www.miomiorun.com\/fr\/produit\/mach-x-3-femme\/#breadcrumb","itemListElement":[{"@type":"ListItem","position":1,"name":"Home","item":"https:\/\/www.miomiorun.com\/fr\/home-page\/"},{"@type":"ListItem","position":2,"name":"Shop","item":"https:\/\/www.miomiorun.com\/shop\/"},{"@type":"ListItem","position":3,"name":"Mach X 3 femme"}]},{"@type":"WebSite","@id":"https:\/\/www.miomiorun.com\/fr\/#website","url":"https:\/\/www.miomiorun.com\/fr\/","name":"MioMioRun","description":"Boutique 100% running et trail","publisher":{"@id":"https:\/\/www.miomiorun.com\/fr\/#organization"},"potentialAction":[{"@type":"SearchAction","target":{"@type":"EntryPoint","urlTemplate":"https:\/\/www.miomiorun.com\/fr\/?s={search_term_string}"},"query-input":{"@type":"PropertyValueSpecification","valueRequired":true,"valueName":"search_term_string"}}],"inLanguage":"fr-FR"},{"@type":"Organization","@id":"https:\/\/www.miomiorun.com\/fr\/#organization","name":"MioMio Run","url":"https:\/\/www.miomiorun.com\/fr\/","logo":{"@type":"ImageObject","inLanguage":"fr-FR","@id":"https:\/\/www.miomiorun.com\/fr\/#\/schema\/logo\/image\/","url":"https:\/\/www.miomiorun.com\/app\/uploads\/2019\/12\/logomio.png","contentUrl":"https:\/\/www.miomiorun.com\/app\/uploads\/2019\/12\/logomio.png","width":115,"height":82,"caption":"MioMio Run"},"image":{"@id":"https:\/\/www.miomiorun.com\/fr\/#\/schema\/logo\/image\/"},"sameAs":["https:\/\/www.facebook.com\/miomiorun\/","https:\/\/www.instagram.com\/miomiorun\/"]}]}},"_links":{"self":[{"href":"https:\/\/www.miomiorun.com\/fr\/wp-json\/wp\/v2\/product\/341563","targetHints":{"allow":["GET"]}}],"collection":[{"href":"https:\/\/www.miomiorun.com\/fr\/wp-json\/wp\/v2\/product"}],"about":[{"href":"https:\/\/www.miomiorun.com\/fr\/wp-json\/wp\/v2\/types\/product"}],"wp:featuredmedia":[{"embeddable":true,"href":"https:\/\/www.miomiorun.com\/fr\/wp-json\/wp\/v2\/media\/341525"}],"wp:attachment":[{"href":"https:\/\/www.miomiorun.com\/fr\/wp-json\/wp\/v2\/media?parent=341563"}],"wp:term":[{"taxonomy":"product_brand","embeddable":true,"href":"https:\/\/www.miomiorun.com\/fr\/wp-json\/wp\/v2\/product_brand?post=341563"},{"taxonomy":"product_cat","embeddable":true,"href":"https:\/\/www.miomiorun.com\/fr\/wp-json\/wp\/v2\/product_cat?post=341563"},{"taxonomy":"product_tag","embeddable":true,"href":"https:\/\/www.miomiorun.com\/fr\/wp-json\/wp\/v2\/product_tag?post=341563"}],"curies":[{"name":"wp","href":"https:\/\/api.w.org\/{rel}","templated":true}]}}