{"id":339262,"date":"2025-08-23T15:37:28","date_gmt":"2025-08-23T13:37:28","guid":{"rendered":"https:\/\/www.miomiorun.com\/?post_type=product&#038;p=339262"},"modified":"2026-05-08T16:31:12","modified_gmt":"2026-05-08T14:31:12","slug":"aero-glide-3-grvl-femme","status":"publish","type":"product","link":"https:\/\/www.miomiorun.com\/fr\/produit\/aero-glide-3-grvl-femme\/","title":{"rendered":"Aero Glide 3 GRVL femme"},"content":{"rendered":"<div class=\"vc-row container\"><div class=\"vc-column\"><div class=\"vc-column-text\"><\/p>\n<h4>Caract\u00e9ristiques techniques<\/h4>\n<p>Cat\u00e9gorie : Amorti sup\u00e9rieur<\/p>\n<p>Poids : 235 g<\/p>\n<p>Drop : 8 mm<\/p>\n<p>Id\u00e9al pour : les coureurs qui recherchent \u00e0 la fois un amorti r\u00e9actif, une protection du pied et un confort exceptionnel<br \/>\n<a href=\"https:\/\/miomiorun.com\/guida-alle-specifiche-tecniche\/\">Guide des sp\u00e9cifications techniques<\/a><\/p>\n<p><\/div><\/div><div class=\"vc-column\"><div class=\"vc-column-text\"><\/p>\n<p data-start=\"177\" data-end=\"794\">L&#8217;Aero Glide 3 GRVL \u00e9l\u00e8ve votre course sur route et sur chemin \u00e0 un niveau sup\u00e9rieur gr\u00e2ce \u00e0 un <strong data-start=\"272\" data-end=\"299\">amorti maximal<\/strong>, un confort radical et un ajustement pr\u00e9cis et enveloppant. Con\u00e7ue pour des foul\u00e9es dynamiques et rebondissantes, cette chaussure d&#8217;entra\u00eenement quotidien est construite sur une semelle haute en mousse <strong data-start=\"493\" data-end=\"512\">Energy Foam evo<\/strong>, qui allie l\u00e9g\u00e8ret\u00e9, r\u00e9activit\u00e9 et amorti de haut niveau. La conception sans coutures de la tige, associ\u00e9e \u00e0 la doublure int\u00e9rieure <strong data-start=\"651\" data-end=\"663\">EndoFit\u2122<\/strong> et au syst\u00e8me <strong data-start=\"677\" data-end=\"690\">SensiFit\u2122<\/strong>, maintient le pied stable, s\u00fbr et parfaitement align\u00e9 de la semelle interm\u00e9diaire jusqu&#8217;\u00e0 la cheville.<\/p>\n<p data-start=\"796\" data-end=\"1195\">La semelle <strong data-start=\"805\" data-end=\"834\">Gravel Running Contagrip\u00ae<\/strong> avec crampons en chevron garantit une traction optimale et une adh\u00e9rence multidirectionnelle sur les terrains meubles tels que la boue, le gravier ou la terre meuble, sans compromettre la s\u00e9curit\u00e9 sur les surfaces dures. La g\u00e9om\u00e9trie <strong data-start=\"1034\" data-end=\"1052\">Reverse Camber<\/strong>, inspir\u00e9e des technologies du ski, donne la sensation de \u00ab flotter \u00bb sur le terrain et favorise des transitions fluides et naturelles \u00e0 chaque pas.<\/p>\n<p data-start=\"1197\" data-end=\"1548\">Le confort est encore am\u00e9lior\u00e9 par la <strong data-start=\"1241\" data-end=\"1274\">tige en mesh 3D respirant<\/strong> et les d\u00e9tails r\u00e9fl\u00e9chissants, tandis que la <strong data-start=\"1313\" data-end=\"1347\">semelle int\u00e9rieure OrthoLite\u00ae moul\u00e9e<\/strong> assure amorti, respirabilit\u00e9 et durabilit\u00e9. L\u00e9g\u00e8re et polyvalente, elle p\u00e8se <strong data-start=\"1435\" data-end=\"1444\">235 g<\/strong> avec un drop de <strong data-start=\"1460\" data-end=\"1468\">8 mm<\/strong>, ce qui la rend id\u00e9ale pour les entra\u00eenements r\u00e9guliers et les courses 2 \u00e0 3 fois par semaine.<\/p>\n<p data-start=\"1550\" data-end=\"1765\">Fabriqu\u00e9e \u00e0 partir de <strong data-start=\"1565\" data-end=\"1588\">mat\u00e9riaux recycl\u00e9s<\/strong>, l&#8217;Aero Glide 3 GRVL allie hautes performances et durabilit\u00e9, ce qui en fait le choix id\u00e9al pour ceux qui veulent s&#8217;aventurer sur le gravier sans renoncer \u00e0 la s\u00e9curit\u00e9 et au confort.<br \/>\n&nbsp;<\/p>\n<p><\/div><\/div><\/div>\n<\/p><\/p>\n","protected":false},"excerpt":{"rendered":"<ul>\n<li data-start=\"316\" data-end=\"405\">\n<p data-start=\"318\" data-end=\"405\">Amorti <strong data-start=\"334\" data-end=\"345\">maximal<\/strong> avec <strong data-start=\"350\" data-end=\"369\">Energy Foam evo<\/strong> pour des foul\u00e9es dynamiques et r\u00e9actives.<\/p>\n<\/li>\n<li data-start=\"406\" data-end=\"491\">\n<p data-start=\"408\" data-end=\"491\"><strong data-start=\"408\" data-end=\"426\">Reverse Camber<\/strong> : transitions fluides et sensation de \u00ab flotter \u00bb sur le terrain.\n<\/p>\n<\/li>\n<li data-start=\"492\" data-end=\"618\">\n<p data-start=\"494\" data-end=\"618\"><strong data-start=\"494\" data-end=\"529\">Semelle Gravel Running Contagrip\u00ae<\/strong> avec crampons en chevron pour une adh\u00e9rence et une traction multidirectionnelles sur les terrains meubles et le gravier.<\/p>\n<\/li>\n<\/ul>\n","protected":false},"featured_media":350957,"template":"","meta":{"_acf_changed":false,"inline_featured_image":false},"product_brand":[],"product_cat":[24435,24432],"product_tag":[23581,23619],"class_list":{"0":"post-339262","1":"product","2":"type-product","3":"status-publish","4":"has-post-thumbnail","6":"product_cat-chaussures-pour-femmes-fr","7":"product_cat-trail-fr-2","8":"product_tag-salomon-fr","9":"product_tag-salomon-femme","10":"pa_attivita-marcher","11":"pa_attivita-running-fr","12":"pa_attivita-trail-fr","13":"pa_colore-aero-glide-3-grvl-w-burnt-ochre-vanilla-fr","14":"pa_colore-aero-glide-3-grvl-w-sea-foam-vanilla-nir-fr","15":"pa_marca-salomon-fr","16":"pa_sesso-femme","17":"pa_size-37-fr","18":"pa_size-38-fr","20":"pa_size-39-fr","21":"pa_size-40-fr","24":"first","25":"instock","26":"sale","27":"taxable","28":"shipping-taxable","29":"purchasable","30":"product-type-variable","31":"wvs-archive-product-wrapper"},"acf":[],"yoast_head":"<!-- This site is optimized with the Yoast SEO plugin v26.8 - https:\/\/yoast.com\/product\/yoast-seo-wordpress\/ -->\n<title>Salomon Aero Glide 3 GRVL femme - chaussures de course femmes - MioMioRun<\/title>\n<meta name=\"description\" content=\"Salomon Aero Glide 3 GRVL : amorti maximal et excellente adh\u00e9rence pour la course sur route et sur chemin, confort et l\u00e9g\u00e8ret\u00e9 pour les entra\u00eenements quotidiens.\" \/>\n<meta name=\"robots\" content=\"index, follow, max-snippet:-1, max-image-preview:large, max-video-preview:-1\" \/>\n<link rel=\"canonical\" href=\"https:\/\/www.miomiorun.com\/fr\/produit\/aero-glide-3-grvl-femme\/\" \/>\n<meta property=\"og:locale\" content=\"fr_FR\" \/>\n<meta property=\"og:type\" content=\"article\" \/>\n<meta property=\"og:title\" content=\"Salomon Aero Glide 3 GRVL femme - chaussures de course femmes - MioMioRun\" \/>\n<meta property=\"og:description\" content=\"Salomon Aero Glide 3 GRVL : amorti maximal et excellente adh\u00e9rence pour la course sur route et sur chemin, confort et l\u00e9g\u00e8ret\u00e9 pour les entra\u00eenements quotidiens.\" \/>\n<meta property=\"og:url\" content=\"https:\/\/www.miomiorun.com\/fr\/produit\/aero-glide-3-grvl-femme\/\" \/>\n<meta property=\"og:site_name\" content=\"MioMioRun\" \/>\n<meta property=\"article:publisher\" content=\"https:\/\/www.facebook.com\/miomiorun\/\" \/>\n<meta property=\"article:modified_time\" content=\"2026-05-08T14:31:12+00:00\" \/>\n<meta property=\"og:image\" content=\"https:\/\/www.miomiorun.com\/app\/uploads\/2025\/09\/salomon-Aero-Glide-3-GRVL-W-sea-foam-vanilla-nir-L47812600.webp\" \/>\n\t<meta property=\"og:image:width\" content=\"720\" \/>\n\t<meta property=\"og:image:height\" content=\"720\" \/>\n\t<meta property=\"og:image:type\" content=\"image\/webp\" \/>\n<meta name=\"twitter:card\" content=\"summary_large_image\" \/>\n<meta name=\"twitter:label1\" content=\"Est. reading time\" \/>\n\t<meta name=\"twitter:data1\" content=\"2 minutes\" \/>\n<script type=\"application\/ld+json\" class=\"yoast-schema-graph\">{\"@context\":\"https:\/\/schema.org\",\"@graph\":[{\"@type\":\"WebPage\",\"@id\":\"https:\/\/www.miomiorun.com\/fr\/produit\/aero-glide-3-grvl-femme\/\",\"url\":\"https:\/\/www.miomiorun.com\/fr\/produit\/aero-glide-3-grvl-femme\/\",\"name\":\"Salomon Aero Glide 3 GRVL femme - chaussures de course femmes - MioMioRun\",\"isPartOf\":{\"@id\":\"https:\/\/www.miomiorun.com\/fr\/#website\"},\"primaryImageOfPage\":{\"@id\":\"https:\/\/www.miomiorun.com\/fr\/produit\/aero-glide-3-grvl-femme\/#primaryimage\"},\"image\":{\"@id\":\"https:\/\/www.miomiorun.com\/fr\/produit\/aero-glide-3-grvl-femme\/#primaryimage\"},\"thumbnailUrl\":\"https:\/\/www.miomiorun.com\/app\/uploads\/2025\/09\/salomon-Aero-Glide-3-GRVL-W-sea-foam-vanilla-nir-L47812600.webp\",\"datePublished\":\"2025-08-23T13:37:28+00:00\",\"dateModified\":\"2026-05-08T14:31:12+00:00\",\"description\":\"Salomon Aero Glide 3 GRVL : amorti maximal et excellente adh\u00e9rence pour la course sur route et sur chemin, confort et l\u00e9g\u00e8ret\u00e9 pour les entra\u00eenements quotidiens.\",\"breadcrumb\":{\"@id\":\"https:\/\/www.miomiorun.com\/fr\/produit\/aero-glide-3-grvl-femme\/#breadcrumb\"},\"inLanguage\":\"fr-FR\",\"potentialAction\":[{\"@type\":\"ReadAction\",\"target\":[\"https:\/\/www.miomiorun.com\/fr\/produit\/aero-glide-3-grvl-femme\/\"]}]},{\"@type\":\"ImageObject\",\"inLanguage\":\"fr-FR\",\"@id\":\"https:\/\/www.miomiorun.com\/fr\/produit\/aero-glide-3-grvl-femme\/#primaryimage\",\"url\":\"https:\/\/www.miomiorun.com\/app\/uploads\/2025\/09\/salomon-Aero-Glide-3-GRVL-W-sea-foam-vanilla-nir-L47812600.webp\",\"contentUrl\":\"https:\/\/www.miomiorun.com\/app\/uploads\/2025\/09\/salomon-Aero-Glide-3-GRVL-W-sea-foam-vanilla-nir-L47812600.webp\",\"width\":720,\"height\":720,\"caption\":\"salomon Aero Glide 3 GRVL W sea foam vanilla nir L47812600\"},{\"@type\":\"BreadcrumbList\",\"@id\":\"https:\/\/www.miomiorun.com\/fr\/produit\/aero-glide-3-grvl-femme\/#breadcrumb\",\"itemListElement\":[{\"@type\":\"ListItem\",\"position\":1,\"name\":\"Home\",\"item\":\"https:\/\/www.miomiorun.com\/fr\/home-page\/\"},{\"@type\":\"ListItem\",\"position\":2,\"name\":\"Shop\",\"item\":\"https:\/\/www.miomiorun.com\/shop\/\"},{\"@type\":\"ListItem\",\"position\":3,\"name\":\"Aero Glide 3 GRVL femme\"}]},{\"@type\":\"WebSite\",\"@id\":\"https:\/\/www.miomiorun.com\/fr\/#website\",\"url\":\"https:\/\/www.miomiorun.com\/fr\/\",\"name\":\"MioMioRun\",\"description\":\"Boutique 100% running et trail\",\"publisher\":{\"@id\":\"https:\/\/www.miomiorun.com\/fr\/#organization\"},\"potentialAction\":[{\"@type\":\"SearchAction\",\"target\":{\"@type\":\"EntryPoint\",\"urlTemplate\":\"https:\/\/www.miomiorun.com\/fr\/?s={search_term_string}\"},\"query-input\":{\"@type\":\"PropertyValueSpecification\",\"valueRequired\":true,\"valueName\":\"search_term_string\"}}],\"inLanguage\":\"fr-FR\"},{\"@type\":\"Organization\",\"@id\":\"https:\/\/www.miomiorun.com\/fr\/#organization\",\"name\":\"MioMio Run\",\"url\":\"https:\/\/www.miomiorun.com\/fr\/\",\"logo\":{\"@type\":\"ImageObject\",\"inLanguage\":\"fr-FR\",\"@id\":\"https:\/\/www.miomiorun.com\/fr\/#\/schema\/logo\/image\/\",\"url\":\"https:\/\/www.miomiorun.com\/app\/uploads\/2019\/12\/logomio.png\",\"contentUrl\":\"https:\/\/www.miomiorun.com\/app\/uploads\/2019\/12\/logomio.png\",\"width\":115,\"height\":82,\"caption\":\"MioMio Run\"},\"image\":{\"@id\":\"https:\/\/www.miomiorun.com\/fr\/#\/schema\/logo\/image\/\"},\"sameAs\":[\"https:\/\/www.facebook.com\/miomiorun\/\",\"https:\/\/www.instagram.com\/miomiorun\/\"]}]}<\/script>\n<!-- \/ Yoast SEO plugin. -->","yoast_head_json":{"title":"Salomon Aero Glide 3 GRVL femme - chaussures de course femmes - MioMioRun","description":"Salomon Aero Glide 3 GRVL : amorti maximal et excellente adh\u00e9rence pour la course sur route et sur chemin, confort et l\u00e9g\u00e8ret\u00e9 pour les entra\u00eenements quotidiens.","robots":{"index":"index","follow":"follow","max-snippet":"max-snippet:-1","max-image-preview":"max-image-preview:large","max-video-preview":"max-video-preview:-1"},"canonical":"https:\/\/www.miomiorun.com\/fr\/produit\/aero-glide-3-grvl-femme\/","og_locale":"fr_FR","og_type":"article","og_title":"Salomon Aero Glide 3 GRVL femme - chaussures de course femmes - MioMioRun","og_description":"Salomon Aero Glide 3 GRVL : amorti maximal et excellente adh\u00e9rence pour la course sur route et sur chemin, confort et l\u00e9g\u00e8ret\u00e9 pour les entra\u00eenements quotidiens.","og_url":"https:\/\/www.miomiorun.com\/fr\/produit\/aero-glide-3-grvl-femme\/","og_site_name":"MioMioRun","article_publisher":"https:\/\/www.facebook.com\/miomiorun\/","article_modified_time":"2026-05-08T14:31:12+00:00","og_image":[{"width":720,"height":720,"url":"https:\/\/www.miomiorun.com\/app\/uploads\/2025\/09\/salomon-Aero-Glide-3-GRVL-W-sea-foam-vanilla-nir-L47812600.webp","type":"image\/webp"}],"twitter_card":"summary_large_image","twitter_misc":{"Est. reading time":"2 minutes"},"schema":{"@context":"https:\/\/schema.org","@graph":[{"@type":"WebPage","@id":"https:\/\/www.miomiorun.com\/fr\/produit\/aero-glide-3-grvl-femme\/","url":"https:\/\/www.miomiorun.com\/fr\/produit\/aero-glide-3-grvl-femme\/","name":"Salomon Aero Glide 3 GRVL femme - chaussures de course femmes - MioMioRun","isPartOf":{"@id":"https:\/\/www.miomiorun.com\/fr\/#website"},"primaryImageOfPage":{"@id":"https:\/\/www.miomiorun.com\/fr\/produit\/aero-glide-3-grvl-femme\/#primaryimage"},"image":{"@id":"https:\/\/www.miomiorun.com\/fr\/produit\/aero-glide-3-grvl-femme\/#primaryimage"},"thumbnailUrl":"https:\/\/www.miomiorun.com\/app\/uploads\/2025\/09\/salomon-Aero-Glide-3-GRVL-W-sea-foam-vanilla-nir-L47812600.webp","datePublished":"2025-08-23T13:37:28+00:00","dateModified":"2026-05-08T14:31:12+00:00","description":"Salomon Aero Glide 3 GRVL : amorti maximal et excellente adh\u00e9rence pour la course sur route et sur chemin, confort et l\u00e9g\u00e8ret\u00e9 pour les entra\u00eenements quotidiens.","breadcrumb":{"@id":"https:\/\/www.miomiorun.com\/fr\/produit\/aero-glide-3-grvl-femme\/#breadcrumb"},"inLanguage":"fr-FR","potentialAction":[{"@type":"ReadAction","target":["https:\/\/www.miomiorun.com\/fr\/produit\/aero-glide-3-grvl-femme\/"]}]},{"@type":"ImageObject","inLanguage":"fr-FR","@id":"https:\/\/www.miomiorun.com\/fr\/produit\/aero-glide-3-grvl-femme\/#primaryimage","url":"https:\/\/www.miomiorun.com\/app\/uploads\/2025\/09\/salomon-Aero-Glide-3-GRVL-W-sea-foam-vanilla-nir-L47812600.webp","contentUrl":"https:\/\/www.miomiorun.com\/app\/uploads\/2025\/09\/salomon-Aero-Glide-3-GRVL-W-sea-foam-vanilla-nir-L47812600.webp","width":720,"height":720,"caption":"salomon Aero Glide 3 GRVL W sea foam vanilla nir L47812600"},{"@type":"BreadcrumbList","@id":"https:\/\/www.miomiorun.com\/fr\/produit\/aero-glide-3-grvl-femme\/#breadcrumb","itemListElement":[{"@type":"ListItem","position":1,"name":"Home","item":"https:\/\/www.miomiorun.com\/fr\/home-page\/"},{"@type":"ListItem","position":2,"name":"Shop","item":"https:\/\/www.miomiorun.com\/shop\/"},{"@type":"ListItem","position":3,"name":"Aero Glide 3 GRVL femme"}]},{"@type":"WebSite","@id":"https:\/\/www.miomiorun.com\/fr\/#website","url":"https:\/\/www.miomiorun.com\/fr\/","name":"MioMioRun","description":"Boutique 100% running et trail","publisher":{"@id":"https:\/\/www.miomiorun.com\/fr\/#organization"},"potentialAction":[{"@type":"SearchAction","target":{"@type":"EntryPoint","urlTemplate":"https:\/\/www.miomiorun.com\/fr\/?s={search_term_string}"},"query-input":{"@type":"PropertyValueSpecification","valueRequired":true,"valueName":"search_term_string"}}],"inLanguage":"fr-FR"},{"@type":"Organization","@id":"https:\/\/www.miomiorun.com\/fr\/#organization","name":"MioMio Run","url":"https:\/\/www.miomiorun.com\/fr\/","logo":{"@type":"ImageObject","inLanguage":"fr-FR","@id":"https:\/\/www.miomiorun.com\/fr\/#\/schema\/logo\/image\/","url":"https:\/\/www.miomiorun.com\/app\/uploads\/2019\/12\/logomio.png","contentUrl":"https:\/\/www.miomiorun.com\/app\/uploads\/2019\/12\/logomio.png","width":115,"height":82,"caption":"MioMio Run"},"image":{"@id":"https:\/\/www.miomiorun.com\/fr\/#\/schema\/logo\/image\/"},"sameAs":["https:\/\/www.facebook.com\/miomiorun\/","https:\/\/www.instagram.com\/miomiorun\/"]}]}},"_links":{"self":[{"href":"https:\/\/www.miomiorun.com\/fr\/wp-json\/wp\/v2\/product\/339262","targetHints":{"allow":["GET"]}}],"collection":[{"href":"https:\/\/www.miomiorun.com\/fr\/wp-json\/wp\/v2\/product"}],"about":[{"href":"https:\/\/www.miomiorun.com\/fr\/wp-json\/wp\/v2\/types\/product"}],"wp:featuredmedia":[{"embeddable":true,"href":"https:\/\/www.miomiorun.com\/fr\/wp-json\/wp\/v2\/media\/350957"}],"wp:attachment":[{"href":"https:\/\/www.miomiorun.com\/fr\/wp-json\/wp\/v2\/media?parent=339262"}],"wp:term":[{"taxonomy":"product_brand","embeddable":true,"href":"https:\/\/www.miomiorun.com\/fr\/wp-json\/wp\/v2\/product_brand?post=339262"},{"taxonomy":"product_cat","embeddable":true,"href":"https:\/\/www.miomiorun.com\/fr\/wp-json\/wp\/v2\/product_cat?post=339262"},{"taxonomy":"product_tag","embeddable":true,"href":"https:\/\/www.miomiorun.com\/fr\/wp-json\/wp\/v2\/product_tag?post=339262"}],"curies":[{"name":"wp","href":"https:\/\/api.w.org\/{rel}","templated":true}]}}