{"id":339030,"date":"2025-08-23T12:07:28","date_gmt":"2025-08-23T10:07:28","guid":{"rendered":"https:\/\/www.miomiorun.com\/?post_type=product&#038;p=339030"},"modified":"2026-05-08T16:31:26","modified_gmt":"2026-05-08T14:31:26","slug":"aero-glide-3-femme","status":"publish","type":"product","link":"https:\/\/www.miomiorun.com\/fr\/produit\/aero-glide-3-femme\/","title":{"rendered":"Aero Glide 3 femme"},"content":{"rendered":"<div class=\"vc-row container\"><div class=\"vc-column\"><div class=\"vc-column-text\"><\/p>\n<h4>Caract\u00e9ristiques techniques<\/h4>\n<p>Cat\u00e9gorie : Amorti sup\u00e9rieur<\/p>\n<p>Poids : 205 g<\/p>\n<p>Drop : 8 mm<\/p>\n<p>Id\u00e9al pour : les coureurs qui recherchent \u00e0 la fois un amorti r\u00e9actif, une protection du pied et un confort exceptionnel<br \/>\n<a href=\"https:\/\/miomiorun.com\/guida-alle-specifiche-tecniche\/\">Guide des caract\u00e9ristiques techniques<\/a><\/p>\n<p><\/div><\/div><div class=\"vc-column\"><div class=\"vc-column-text\"><\/p>\n<p data-start=\"232\" data-end=\"729\">L&#8217;Aero Glide 3 est la chaussure de course qui red\u00e9finit le concept d&#8217;amorti et de confort pour vos courses quotidiennes. Con\u00e7ue pour ceux qui recherchent une foul\u00e9e fluide et dynamique, cette chaussure d&#8217;entra\u00eenement offre un amorti maximal gr\u00e2ce \u00e0 une \u00e9paisse couche de mousse l\u00e9g\u00e8re et r\u00e9active, capable de restituer de l&#8217;\u00e9nergie \u00e0 chaque foul\u00e9e. Avec un poids de seulement 205 grammes et un drop de 8 mm, elle est la compagne id\u00e9ale pour courir 2 \u00e0 3 fois par semaine tout en conservant protection et l\u00e9g\u00e8ret\u00e9.<\/p>\n<p data-start=\"731\" data-end=\"1140\">La semelle Road Contagrip\u00ae garantit une adh\u00e9rence et une durabilit\u00e9 exceptionnelles sur les surfaces dures et planes, gr\u00e2ce \u00e0 une combinaison de crampons larges et d&#8217;un compos\u00e9 hautement r\u00e9sistant. Dans la semelle interm\u00e9diaire, la technologie Reverse Camber, inspir\u00e9e du monde du ski, donne la sensation de \u00ab flotter \u00bb sur le sol, tandis que la nouvelle mousse Energy Foam evo assure une absorption des chocs sup\u00e9rieure avec un effet de rebond \u00e9nergique.<\/p>\n<p data-start=\"1142\" data-end=\"1478\">La tige en mesh 3D sans coutures enveloppe le pied comme un gant, assurant respirabilit\u00e9 et confort du premier au dernier kilom\u00e8tre. \u00c0 l&#8217;int\u00e9rieur, la doublure en tissu doux et la semelle int\u00e9rieure OrthoLite\u00ae moul\u00e9e ajoutent un confort suppl\u00e9mentaire, s&#8217;adaptant \u00e0 la forme du pied et garantissant fra\u00eecheur et amorti durable.<\/p>\n<p data-start=\"1480\" data-end=\"1675\">Le syst\u00e8me de la\u00e7age traditionnel permet un ajustement s\u00fbr et pr\u00e9cis, tandis que les mat\u00e9riaux recycl\u00e9s utilis\u00e9s dans la fabrication soulignent l&#8217;engagement de Salomon en faveur du d\u00e9veloppement durable. <\/p>\n<p data-start=\"1677\" data-end=\"1788\">Avec l&#8217;Aero Glide 3, vous b\u00e9n\u00e9ficierez d&#8217;une \u00e9nergie, d&#8217;une protection et d&#8217;un confort r\u00e9volutionnaires pour aborder chaque course avec l\u00e9g\u00e8ret\u00e9. <\/p>\n<p><\/div><\/div><\/div><\/p>\n","protected":false},"excerpt":{"rendered":"<ul>\n<li data-start=\"114\" data-end=\"178\">\n<p data-start=\"116\" data-end=\"178\">Amorti maximal gr\u00e2ce \u00e0 la mousse Energy Foam evo.<\/p>\n<\/li>\n<li data-start=\"179\" data-end=\"239\">\n<p data-start=\"181\" data-end=\"239\">Semelle Road Contagrip\u00ae : adh\u00e9rence et r\u00e9sistance sur l&#8217;asphalte.<\/p>\n<\/li>\n<li data-start=\"240\" data-end=\"305\">\n<p data-start=\"242\" data-end=\"305\">Semelle interm\u00e9diaire Reverse Camber : transitions fluides et naturelles.<\/p>\n<\/li>\n<\/ul>\n","protected":false},"featured_media":350862,"template":"","meta":{"_acf_changed":false,"inline_featured_image":false},"product_brand":[],"product_cat":[24435,24432],"product_tag":[23581,23619],"class_list":{"0":"post-339030","1":"product","2":"type-product","3":"status-publish","4":"has-post-thumbnail","6":"product_cat-chaussures-pour-femmes-fr","7":"product_cat-trail-fr-2","8":"product_tag-salomon-fr","9":"product_tag-salomon-femme","10":"pa_attivita-lifestyle-fr","11":"pa_attivita-marcher","12":"pa_attivita-running-fr","13":"pa_colore-aero-glide-3-w-sedsa-vanilla-cyclam-fr","14":"pa_marca-salomon-fr","15":"pa_sesso-femme","16":"pa_size-37-fr","17":"pa_size-38-fr","19":"pa_size-39-fr","20":"pa_size-40-fr","22":"first","23":"instock","24":"sale","25":"taxable","26":"shipping-taxable","27":"purchasable","28":"product-type-variable","29":"wvs-archive-product-wrapper"},"acf":[],"yoast_head":"<!-- This site is optimized with the Yoast SEO plugin v26.8 - https:\/\/yoast.com\/product\/yoast-seo-wordpress\/ -->\n<title>Salomon Aero Glide 3 femme - chaussures de course pour femmes - MioMioRun<\/title>\n<meta name=\"description\" content=\"D\u00e9couvrez la Salomon Aero Glide 3 : une chaussure de course l\u00e9g\u00e8re et r\u00e9active, offrant un amorti maximal et un confort sup\u00e9rieur pour vos courses quotidiennes.\" \/>\n<meta name=\"robots\" content=\"index, follow, max-snippet:-1, max-image-preview:large, max-video-preview:-1\" \/>\n<link rel=\"canonical\" href=\"https:\/\/www.miomiorun.com\/fr\/produit\/aero-glide-3-femme\/\" \/>\n<meta property=\"og:locale\" content=\"fr_FR\" \/>\n<meta property=\"og:type\" content=\"article\" \/>\n<meta property=\"og:title\" content=\"Salomon Aero Glide 3 femme - chaussures de course pour femmes - MioMioRun\" \/>\n<meta property=\"og:description\" content=\"D\u00e9couvrez la Salomon Aero Glide 3 : une chaussure de course l\u00e9g\u00e8re et r\u00e9active, offrant un amorti maximal et un confort sup\u00e9rieur pour vos courses quotidiennes.\" \/>\n<meta property=\"og:url\" content=\"https:\/\/www.miomiorun.com\/fr\/produit\/aero-glide-3-femme\/\" \/>\n<meta property=\"og:site_name\" content=\"MioMioRun\" \/>\n<meta property=\"article:publisher\" content=\"https:\/\/www.facebook.com\/miomiorun\/\" \/>\n<meta property=\"article:modified_time\" content=\"2026-05-08T14:31:26+00:00\" \/>\n<meta property=\"og:image\" content=\"https:\/\/www.miomiorun.com\/app\/uploads\/2025\/09\/salomon-Aero-Glide-3-W-sedsa-vanilla-cyclam-L47975800.webp\" \/>\n\t<meta property=\"og:image:width\" content=\"720\" \/>\n\t<meta property=\"og:image:height\" content=\"720\" \/>\n\t<meta property=\"og:image:type\" content=\"image\/webp\" \/>\n<meta name=\"twitter:card\" content=\"summary_large_image\" \/>\n<meta name=\"twitter:label1\" content=\"Est. reading time\" \/>\n\t<meta name=\"twitter:data1\" content=\"2 minutes\" \/>\n<script type=\"application\/ld+json\" class=\"yoast-schema-graph\">{\"@context\":\"https:\/\/schema.org\",\"@graph\":[{\"@type\":\"WebPage\",\"@id\":\"https:\/\/www.miomiorun.com\/fr\/produit\/aero-glide-3-femme\/\",\"url\":\"https:\/\/www.miomiorun.com\/fr\/produit\/aero-glide-3-femme\/\",\"name\":\"Salomon Aero Glide 3 femme - chaussures de course pour femmes - MioMioRun\",\"isPartOf\":{\"@id\":\"https:\/\/www.miomiorun.com\/fr\/#website\"},\"primaryImageOfPage\":{\"@id\":\"https:\/\/www.miomiorun.com\/fr\/produit\/aero-glide-3-femme\/#primaryimage\"},\"image\":{\"@id\":\"https:\/\/www.miomiorun.com\/fr\/produit\/aero-glide-3-femme\/#primaryimage\"},\"thumbnailUrl\":\"https:\/\/www.miomiorun.com\/app\/uploads\/2025\/09\/salomon-Aero-Glide-3-W-sedsa-vanilla-cyclam-L47975800.webp\",\"datePublished\":\"2025-08-23T10:07:28+00:00\",\"dateModified\":\"2026-05-08T14:31:26+00:00\",\"description\":\"D\u00e9couvrez la Salomon Aero Glide 3 : une chaussure de course l\u00e9g\u00e8re et r\u00e9active, offrant un amorti maximal et un confort sup\u00e9rieur pour vos courses quotidiennes.\",\"breadcrumb\":{\"@id\":\"https:\/\/www.miomiorun.com\/fr\/produit\/aero-glide-3-femme\/#breadcrumb\"},\"inLanguage\":\"fr-FR\",\"potentialAction\":[{\"@type\":\"ReadAction\",\"target\":[\"https:\/\/www.miomiorun.com\/fr\/produit\/aero-glide-3-femme\/\"]}]},{\"@type\":\"ImageObject\",\"inLanguage\":\"fr-FR\",\"@id\":\"https:\/\/www.miomiorun.com\/fr\/produit\/aero-glide-3-femme\/#primaryimage\",\"url\":\"https:\/\/www.miomiorun.com\/app\/uploads\/2025\/09\/salomon-Aero-Glide-3-W-sedsa-vanilla-cyclam-L47975800.webp\",\"contentUrl\":\"https:\/\/www.miomiorun.com\/app\/uploads\/2025\/09\/salomon-Aero-Glide-3-W-sedsa-vanilla-cyclam-L47975800.webp\",\"width\":720,\"height\":720,\"caption\":\"salomon Aero Glide 3 W sedsa vanilla cyclam L47975800\"},{\"@type\":\"BreadcrumbList\",\"@id\":\"https:\/\/www.miomiorun.com\/fr\/produit\/aero-glide-3-femme\/#breadcrumb\",\"itemListElement\":[{\"@type\":\"ListItem\",\"position\":1,\"name\":\"Home\",\"item\":\"https:\/\/www.miomiorun.com\/fr\/home-page\/\"},{\"@type\":\"ListItem\",\"position\":2,\"name\":\"Shop\",\"item\":\"https:\/\/www.miomiorun.com\/shop\/\"},{\"@type\":\"ListItem\",\"position\":3,\"name\":\"Aero Glide 3 femme\"}]},{\"@type\":\"WebSite\",\"@id\":\"https:\/\/www.miomiorun.com\/fr\/#website\",\"url\":\"https:\/\/www.miomiorun.com\/fr\/\",\"name\":\"MioMioRun\",\"description\":\"Boutique 100% running et trail\",\"publisher\":{\"@id\":\"https:\/\/www.miomiorun.com\/fr\/#organization\"},\"potentialAction\":[{\"@type\":\"SearchAction\",\"target\":{\"@type\":\"EntryPoint\",\"urlTemplate\":\"https:\/\/www.miomiorun.com\/fr\/?s={search_term_string}\"},\"query-input\":{\"@type\":\"PropertyValueSpecification\",\"valueRequired\":true,\"valueName\":\"search_term_string\"}}],\"inLanguage\":\"fr-FR\"},{\"@type\":\"Organization\",\"@id\":\"https:\/\/www.miomiorun.com\/fr\/#organization\",\"name\":\"MioMio Run\",\"url\":\"https:\/\/www.miomiorun.com\/fr\/\",\"logo\":{\"@type\":\"ImageObject\",\"inLanguage\":\"fr-FR\",\"@id\":\"https:\/\/www.miomiorun.com\/fr\/#\/schema\/logo\/image\/\",\"url\":\"https:\/\/www.miomiorun.com\/app\/uploads\/2019\/12\/logomio.png\",\"contentUrl\":\"https:\/\/www.miomiorun.com\/app\/uploads\/2019\/12\/logomio.png\",\"width\":115,\"height\":82,\"caption\":\"MioMio Run\"},\"image\":{\"@id\":\"https:\/\/www.miomiorun.com\/fr\/#\/schema\/logo\/image\/\"},\"sameAs\":[\"https:\/\/www.facebook.com\/miomiorun\/\",\"https:\/\/www.instagram.com\/miomiorun\/\"]}]}<\/script>\n<!-- \/ Yoast SEO plugin. -->","yoast_head_json":{"title":"Salomon Aero Glide 3 femme - chaussures de course pour femmes - MioMioRun","description":"D\u00e9couvrez la Salomon Aero Glide 3 : une chaussure de course l\u00e9g\u00e8re et r\u00e9active, offrant un amorti maximal et un confort sup\u00e9rieur pour vos courses quotidiennes.","robots":{"index":"index","follow":"follow","max-snippet":"max-snippet:-1","max-image-preview":"max-image-preview:large","max-video-preview":"max-video-preview:-1"},"canonical":"https:\/\/www.miomiorun.com\/fr\/produit\/aero-glide-3-femme\/","og_locale":"fr_FR","og_type":"article","og_title":"Salomon Aero Glide 3 femme - chaussures de course pour femmes - MioMioRun","og_description":"D\u00e9couvrez la Salomon Aero Glide 3 : une chaussure de course l\u00e9g\u00e8re et r\u00e9active, offrant un amorti maximal et un confort sup\u00e9rieur pour vos courses quotidiennes.","og_url":"https:\/\/www.miomiorun.com\/fr\/produit\/aero-glide-3-femme\/","og_site_name":"MioMioRun","article_publisher":"https:\/\/www.facebook.com\/miomiorun\/","article_modified_time":"2026-05-08T14:31:26+00:00","og_image":[{"width":720,"height":720,"url":"https:\/\/www.miomiorun.com\/app\/uploads\/2025\/09\/salomon-Aero-Glide-3-W-sedsa-vanilla-cyclam-L47975800.webp","type":"image\/webp"}],"twitter_card":"summary_large_image","twitter_misc":{"Est. reading time":"2 minutes"},"schema":{"@context":"https:\/\/schema.org","@graph":[{"@type":"WebPage","@id":"https:\/\/www.miomiorun.com\/fr\/produit\/aero-glide-3-femme\/","url":"https:\/\/www.miomiorun.com\/fr\/produit\/aero-glide-3-femme\/","name":"Salomon Aero Glide 3 femme - chaussures de course pour femmes - MioMioRun","isPartOf":{"@id":"https:\/\/www.miomiorun.com\/fr\/#website"},"primaryImageOfPage":{"@id":"https:\/\/www.miomiorun.com\/fr\/produit\/aero-glide-3-femme\/#primaryimage"},"image":{"@id":"https:\/\/www.miomiorun.com\/fr\/produit\/aero-glide-3-femme\/#primaryimage"},"thumbnailUrl":"https:\/\/www.miomiorun.com\/app\/uploads\/2025\/09\/salomon-Aero-Glide-3-W-sedsa-vanilla-cyclam-L47975800.webp","datePublished":"2025-08-23T10:07:28+00:00","dateModified":"2026-05-08T14:31:26+00:00","description":"D\u00e9couvrez la Salomon Aero Glide 3 : une chaussure de course l\u00e9g\u00e8re et r\u00e9active, offrant un amorti maximal et un confort sup\u00e9rieur pour vos courses quotidiennes.","breadcrumb":{"@id":"https:\/\/www.miomiorun.com\/fr\/produit\/aero-glide-3-femme\/#breadcrumb"},"inLanguage":"fr-FR","potentialAction":[{"@type":"ReadAction","target":["https:\/\/www.miomiorun.com\/fr\/produit\/aero-glide-3-femme\/"]}]},{"@type":"ImageObject","inLanguage":"fr-FR","@id":"https:\/\/www.miomiorun.com\/fr\/produit\/aero-glide-3-femme\/#primaryimage","url":"https:\/\/www.miomiorun.com\/app\/uploads\/2025\/09\/salomon-Aero-Glide-3-W-sedsa-vanilla-cyclam-L47975800.webp","contentUrl":"https:\/\/www.miomiorun.com\/app\/uploads\/2025\/09\/salomon-Aero-Glide-3-W-sedsa-vanilla-cyclam-L47975800.webp","width":720,"height":720,"caption":"salomon Aero Glide 3 W sedsa vanilla cyclam L47975800"},{"@type":"BreadcrumbList","@id":"https:\/\/www.miomiorun.com\/fr\/produit\/aero-glide-3-femme\/#breadcrumb","itemListElement":[{"@type":"ListItem","position":1,"name":"Home","item":"https:\/\/www.miomiorun.com\/fr\/home-page\/"},{"@type":"ListItem","position":2,"name":"Shop","item":"https:\/\/www.miomiorun.com\/shop\/"},{"@type":"ListItem","position":3,"name":"Aero Glide 3 femme"}]},{"@type":"WebSite","@id":"https:\/\/www.miomiorun.com\/fr\/#website","url":"https:\/\/www.miomiorun.com\/fr\/","name":"MioMioRun","description":"Boutique 100% running et trail","publisher":{"@id":"https:\/\/www.miomiorun.com\/fr\/#organization"},"potentialAction":[{"@type":"SearchAction","target":{"@type":"EntryPoint","urlTemplate":"https:\/\/www.miomiorun.com\/fr\/?s={search_term_string}"},"query-input":{"@type":"PropertyValueSpecification","valueRequired":true,"valueName":"search_term_string"}}],"inLanguage":"fr-FR"},{"@type":"Organization","@id":"https:\/\/www.miomiorun.com\/fr\/#organization","name":"MioMio Run","url":"https:\/\/www.miomiorun.com\/fr\/","logo":{"@type":"ImageObject","inLanguage":"fr-FR","@id":"https:\/\/www.miomiorun.com\/fr\/#\/schema\/logo\/image\/","url":"https:\/\/www.miomiorun.com\/app\/uploads\/2019\/12\/logomio.png","contentUrl":"https:\/\/www.miomiorun.com\/app\/uploads\/2019\/12\/logomio.png","width":115,"height":82,"caption":"MioMio Run"},"image":{"@id":"https:\/\/www.miomiorun.com\/fr\/#\/schema\/logo\/image\/"},"sameAs":["https:\/\/www.facebook.com\/miomiorun\/","https:\/\/www.instagram.com\/miomiorun\/"]}]}},"_links":{"self":[{"href":"https:\/\/www.miomiorun.com\/fr\/wp-json\/wp\/v2\/product\/339030","targetHints":{"allow":["GET"]}}],"collection":[{"href":"https:\/\/www.miomiorun.com\/fr\/wp-json\/wp\/v2\/product"}],"about":[{"href":"https:\/\/www.miomiorun.com\/fr\/wp-json\/wp\/v2\/types\/product"}],"wp:featuredmedia":[{"embeddable":true,"href":"https:\/\/www.miomiorun.com\/fr\/wp-json\/wp\/v2\/media\/350862"}],"wp:attachment":[{"href":"https:\/\/www.miomiorun.com\/fr\/wp-json\/wp\/v2\/media?parent=339030"}],"wp:term":[{"taxonomy":"product_brand","embeddable":true,"href":"https:\/\/www.miomiorun.com\/fr\/wp-json\/wp\/v2\/product_brand?post=339030"},{"taxonomy":"product_cat","embeddable":true,"href":"https:\/\/www.miomiorun.com\/fr\/wp-json\/wp\/v2\/product_cat?post=339030"},{"taxonomy":"product_tag","embeddable":true,"href":"https:\/\/www.miomiorun.com\/fr\/wp-json\/wp\/v2\/product_tag?post=339030"}],"curies":[{"name":"wp","href":"https:\/\/api.w.org\/{rel}","templated":true}]}}