{"id":338986,"date":"2025-08-23T11:48:21","date_gmt":"2025-08-23T09:48:21","guid":{"rendered":"https:\/\/www.miomiorun.com\/?post_type=product&#038;p=338986"},"modified":"2026-02-06T10:15:16","modified_gmt":"2026-02-06T09:15:16","slug":"soft-flask-250-ml","status":"publish","type":"product","link":"https:\/\/www.miomiorun.com\/fr\/produit\/soft-flask-250-ml\/","title":{"rendered":"Soft Flask 250 ml"},"content":{"rendered":"<p>Avec son bouchon large de 28 mm et sa valve \u00e0 haut d\u00e9bit, la <strong>SOFT FLASK <\/strong>250 ml\/8 oz 28 de Salomon vous aide \u00e0 vous hydrater plus rapidement et plus facilement, afin que vous puissiez vous concentrer sur le chemin \u00e0 parcourir. Se r\u00e9tr\u00e9cissant au fur et \u00e0 mesure que vous buvez pour limiter les mouvements g\u00eanants de l&#8217;eau \u00e0 l&#8217;int\u00e9rieur, cette gourde vous permet de savoir exactement combien de liquide il vous reste. Compatible avec tous les bouchons Salomon dot\u00e9s d&#8217;une ouverture de 28 mm.<\/p>\n<h3>Caract\u00e9ristiques :<\/h3>\n<div class=\"pdp-gap-m\">\n<p class=\"pdp-sidebar-popin-details_subtitle\">HYDRATATION<\/p>\n<ul>\n<li>Valve \u00e0 haut d\u00e9bit<\/li>\n<li>Ouverture de 28 mm<\/li>\n<li>Coutures soud\u00e9es en TPU et par radiofr\u00e9quence<\/li>\n<li>Large plage de temp\u00e9ratures d&#8217;utilisation<\/li>\n<\/ul>\n<\/div>\n<div class=\"pdp-gap-m\">\n<p class=\"pdp-sidebar-popin-details_subtitle\">DURABILIT\u00c9<\/p>\n<ul>\n<li>100 % sans BPA ni PVC<\/li>\n<li>Sans PFC<\/li>\n<\/ul>\n<\/div>\n<p>&nbsp;<\/p>\n<p>&nbsp;<\/p>\n<p>&nbsp;<\/p>\n","protected":false},"excerpt":{"rendered":"<ul>\n<li>Gourde compressible pouvant contenir jusqu&#8217;\u00e0 250 ml de liquide.<\/li>\n<li>Id\u00e9ale pour s&#8217;hydrater pendant les trails.<\/li>\n<\/ul>\n","protected":false},"featured_media":365222,"template":"","meta":{"_acf_changed":false,"inline_featured_image":false},"product_brand":[],"product_cat":[22575,22574,22538],"product_tag":[23581],"class_list":{"0":"post-338986","1":"product","2":"type-product","3":"status-publish","4":"has-post-thumbnail","6":"product_cat-flacons","7":"product_cat-hydratation","8":"product_cat-accessoires","9":"product_tag-salomon-fr","10":"pa_attivita-outdoor-fr","11":"pa_attivita-trail-fr","12":"pa_marca-salomon-fr","13":"pa_sesso-femme","14":"pa_sesso-homme","16":"first","17":"instock","18":"sale","19":"taxable","20":"shipping-taxable","21":"purchasable","22":"product-type-simple"},"acf":[],"yoast_head":"<!-- This site is optimized with the Yoast SEO plugin v26.8 - https:\/\/yoast.com\/product\/yoast-seo-wordpress\/ -->\n<title>SalomonSoft Flask 250 ml - Bouteille d&#039;eau pour le running - MioMioRun<\/title>\n<meta name=\"description\" content=\"La SOFT FLASK 250 ml de Salomon vous aide \u00e0 vous hydrater plus rapidement et plus facilement, afin que vous puissiez vous concentrer sur le parcours \u00e0 accomplir.\" \/>\n<meta name=\"robots\" content=\"index, follow, max-snippet:-1, max-image-preview:large, max-video-preview:-1\" \/>\n<link rel=\"canonical\" href=\"https:\/\/www.miomiorun.com\/fr\/produit\/soft-flask-250-ml\/\" \/>\n<meta property=\"og:locale\" content=\"fr_FR\" \/>\n<meta property=\"og:type\" content=\"article\" \/>\n<meta property=\"og:title\" content=\"SalomonSoft Flask 250 ml - Bouteille d&#039;eau pour le running - MioMioRun\" \/>\n<meta property=\"og:description\" content=\"La SOFT FLASK 250 ml de Salomon vous aide \u00e0 vous hydrater plus rapidement et plus facilement, afin que vous puissiez vous concentrer sur le parcours \u00e0 accomplir.\" \/>\n<meta property=\"og:url\" content=\"https:\/\/www.miomiorun.com\/fr\/produit\/soft-flask-250-ml\/\" \/>\n<meta property=\"og:site_name\" content=\"MioMioRun\" \/>\n<meta property=\"article:publisher\" content=\"https:\/\/www.facebook.com\/miomiorun\/\" \/>\n<meta property=\"article:modified_time\" content=\"2026-02-06T09:15:16+00:00\" \/>\n<meta property=\"og:image\" content=\"https:\/\/www.miomiorun.com\/app\/uploads\/2025\/08\/salomon-Soft-flask-250ml-clear-blue-LC1986400.webp\" \/>\n\t<meta property=\"og:image:width\" content=\"720\" \/>\n\t<meta property=\"og:image:height\" content=\"720\" \/>\n\t<meta property=\"og:image:type\" content=\"image\/webp\" \/>\n<meta name=\"twitter:card\" content=\"summary_large_image\" \/>\n<meta name=\"twitter:label1\" content=\"Est. reading time\" \/>\n\t<meta name=\"twitter:data1\" content=\"1 minute\" \/>\n<script type=\"application\/ld+json\" class=\"yoast-schema-graph\">{\"@context\":\"https:\/\/schema.org\",\"@graph\":[{\"@type\":\"WebPage\",\"@id\":\"https:\/\/www.miomiorun.com\/fr\/produit\/soft-flask-250-ml\/\",\"url\":\"https:\/\/www.miomiorun.com\/fr\/produit\/soft-flask-250-ml\/\",\"name\":\"SalomonSoft Flask 250 ml - Bouteille d'eau pour le running - MioMioRun\",\"isPartOf\":{\"@id\":\"https:\/\/www.miomiorun.com\/fr\/#website\"},\"primaryImageOfPage\":{\"@id\":\"https:\/\/www.miomiorun.com\/fr\/produit\/soft-flask-250-ml\/#primaryimage\"},\"image\":{\"@id\":\"https:\/\/www.miomiorun.com\/fr\/produit\/soft-flask-250-ml\/#primaryimage\"},\"thumbnailUrl\":\"https:\/\/www.miomiorun.com\/app\/uploads\/2025\/08\/salomon-Soft-flask-250ml-clear-blue-LC1986400.webp\",\"datePublished\":\"2025-08-23T09:48:21+00:00\",\"dateModified\":\"2026-02-06T09:15:16+00:00\",\"description\":\"La SOFT FLASK 250 ml de Salomon vous aide \u00e0 vous hydrater plus rapidement et plus facilement, afin que vous puissiez vous concentrer sur le parcours \u00e0 accomplir.\",\"breadcrumb\":{\"@id\":\"https:\/\/www.miomiorun.com\/fr\/produit\/soft-flask-250-ml\/#breadcrumb\"},\"inLanguage\":\"fr-FR\",\"potentialAction\":[{\"@type\":\"ReadAction\",\"target\":[\"https:\/\/www.miomiorun.com\/fr\/produit\/soft-flask-250-ml\/\"]}]},{\"@type\":\"ImageObject\",\"inLanguage\":\"fr-FR\",\"@id\":\"https:\/\/www.miomiorun.com\/fr\/produit\/soft-flask-250-ml\/#primaryimage\",\"url\":\"https:\/\/www.miomiorun.com\/app\/uploads\/2025\/08\/salomon-Soft-flask-250ml-clear-blue-LC1986400.webp\",\"contentUrl\":\"https:\/\/www.miomiorun.com\/app\/uploads\/2025\/08\/salomon-Soft-flask-250ml-clear-blue-LC1986400.webp\",\"width\":720,\"height\":720,\"caption\":\"salomon Soft flask 250ml clear blue LC1986400\"},{\"@type\":\"BreadcrumbList\",\"@id\":\"https:\/\/www.miomiorun.com\/fr\/produit\/soft-flask-250-ml\/#breadcrumb\",\"itemListElement\":[{\"@type\":\"ListItem\",\"position\":1,\"name\":\"Home\",\"item\":\"https:\/\/www.miomiorun.com\/fr\/home-page\/\"},{\"@type\":\"ListItem\",\"position\":2,\"name\":\"Shop\",\"item\":\"https:\/\/www.miomiorun.com\/shop\/\"},{\"@type\":\"ListItem\",\"position\":3,\"name\":\"Soft Flask 250 ml\"}]},{\"@type\":\"WebSite\",\"@id\":\"https:\/\/www.miomiorun.com\/fr\/#website\",\"url\":\"https:\/\/www.miomiorun.com\/fr\/\",\"name\":\"MioMioRun\",\"description\":\"Boutique 100% running et trail\",\"publisher\":{\"@id\":\"https:\/\/www.miomiorun.com\/fr\/#organization\"},\"potentialAction\":[{\"@type\":\"SearchAction\",\"target\":{\"@type\":\"EntryPoint\",\"urlTemplate\":\"https:\/\/www.miomiorun.com\/fr\/?s={search_term_string}\"},\"query-input\":{\"@type\":\"PropertyValueSpecification\",\"valueRequired\":true,\"valueName\":\"search_term_string\"}}],\"inLanguage\":\"fr-FR\"},{\"@type\":\"Organization\",\"@id\":\"https:\/\/www.miomiorun.com\/fr\/#organization\",\"name\":\"MioMio Run\",\"url\":\"https:\/\/www.miomiorun.com\/fr\/\",\"logo\":{\"@type\":\"ImageObject\",\"inLanguage\":\"fr-FR\",\"@id\":\"https:\/\/www.miomiorun.com\/fr\/#\/schema\/logo\/image\/\",\"url\":\"https:\/\/www.miomiorun.com\/app\/uploads\/2019\/12\/logomio.png\",\"contentUrl\":\"https:\/\/www.miomiorun.com\/app\/uploads\/2019\/12\/logomio.png\",\"width\":115,\"height\":82,\"caption\":\"MioMio Run\"},\"image\":{\"@id\":\"https:\/\/www.miomiorun.com\/fr\/#\/schema\/logo\/image\/\"},\"sameAs\":[\"https:\/\/www.facebook.com\/miomiorun\/\",\"https:\/\/www.instagram.com\/miomiorun\/\"]}]}<\/script>\n<!-- \/ Yoast SEO plugin. -->","yoast_head_json":{"title":"SalomonSoft Flask 250 ml - Bouteille d'eau pour le running - MioMioRun","description":"La SOFT FLASK 250 ml de Salomon vous aide \u00e0 vous hydrater plus rapidement et plus facilement, afin que vous puissiez vous concentrer sur le parcours \u00e0 accomplir.","robots":{"index":"index","follow":"follow","max-snippet":"max-snippet:-1","max-image-preview":"max-image-preview:large","max-video-preview":"max-video-preview:-1"},"canonical":"https:\/\/www.miomiorun.com\/fr\/produit\/soft-flask-250-ml\/","og_locale":"fr_FR","og_type":"article","og_title":"SalomonSoft Flask 250 ml - Bouteille d'eau pour le running - MioMioRun","og_description":"La SOFT FLASK 250 ml de Salomon vous aide \u00e0 vous hydrater plus rapidement et plus facilement, afin que vous puissiez vous concentrer sur le parcours \u00e0 accomplir.","og_url":"https:\/\/www.miomiorun.com\/fr\/produit\/soft-flask-250-ml\/","og_site_name":"MioMioRun","article_publisher":"https:\/\/www.facebook.com\/miomiorun\/","article_modified_time":"2026-02-06T09:15:16+00:00","og_image":[{"width":720,"height":720,"url":"https:\/\/www.miomiorun.com\/app\/uploads\/2025\/08\/salomon-Soft-flask-250ml-clear-blue-LC1986400.webp","type":"image\/webp"}],"twitter_card":"summary_large_image","twitter_misc":{"Est. reading time":"1 minute"},"schema":{"@context":"https:\/\/schema.org","@graph":[{"@type":"WebPage","@id":"https:\/\/www.miomiorun.com\/fr\/produit\/soft-flask-250-ml\/","url":"https:\/\/www.miomiorun.com\/fr\/produit\/soft-flask-250-ml\/","name":"SalomonSoft Flask 250 ml - Bouteille d'eau pour le running - MioMioRun","isPartOf":{"@id":"https:\/\/www.miomiorun.com\/fr\/#website"},"primaryImageOfPage":{"@id":"https:\/\/www.miomiorun.com\/fr\/produit\/soft-flask-250-ml\/#primaryimage"},"image":{"@id":"https:\/\/www.miomiorun.com\/fr\/produit\/soft-flask-250-ml\/#primaryimage"},"thumbnailUrl":"https:\/\/www.miomiorun.com\/app\/uploads\/2025\/08\/salomon-Soft-flask-250ml-clear-blue-LC1986400.webp","datePublished":"2025-08-23T09:48:21+00:00","dateModified":"2026-02-06T09:15:16+00:00","description":"La SOFT FLASK 250 ml de Salomon vous aide \u00e0 vous hydrater plus rapidement et plus facilement, afin que vous puissiez vous concentrer sur le parcours \u00e0 accomplir.","breadcrumb":{"@id":"https:\/\/www.miomiorun.com\/fr\/produit\/soft-flask-250-ml\/#breadcrumb"},"inLanguage":"fr-FR","potentialAction":[{"@type":"ReadAction","target":["https:\/\/www.miomiorun.com\/fr\/produit\/soft-flask-250-ml\/"]}]},{"@type":"ImageObject","inLanguage":"fr-FR","@id":"https:\/\/www.miomiorun.com\/fr\/produit\/soft-flask-250-ml\/#primaryimage","url":"https:\/\/www.miomiorun.com\/app\/uploads\/2025\/08\/salomon-Soft-flask-250ml-clear-blue-LC1986400.webp","contentUrl":"https:\/\/www.miomiorun.com\/app\/uploads\/2025\/08\/salomon-Soft-flask-250ml-clear-blue-LC1986400.webp","width":720,"height":720,"caption":"salomon Soft flask 250ml clear blue LC1986400"},{"@type":"BreadcrumbList","@id":"https:\/\/www.miomiorun.com\/fr\/produit\/soft-flask-250-ml\/#breadcrumb","itemListElement":[{"@type":"ListItem","position":1,"name":"Home","item":"https:\/\/www.miomiorun.com\/fr\/home-page\/"},{"@type":"ListItem","position":2,"name":"Shop","item":"https:\/\/www.miomiorun.com\/shop\/"},{"@type":"ListItem","position":3,"name":"Soft Flask 250 ml"}]},{"@type":"WebSite","@id":"https:\/\/www.miomiorun.com\/fr\/#website","url":"https:\/\/www.miomiorun.com\/fr\/","name":"MioMioRun","description":"Boutique 100% running et trail","publisher":{"@id":"https:\/\/www.miomiorun.com\/fr\/#organization"},"potentialAction":[{"@type":"SearchAction","target":{"@type":"EntryPoint","urlTemplate":"https:\/\/www.miomiorun.com\/fr\/?s={search_term_string}"},"query-input":{"@type":"PropertyValueSpecification","valueRequired":true,"valueName":"search_term_string"}}],"inLanguage":"fr-FR"},{"@type":"Organization","@id":"https:\/\/www.miomiorun.com\/fr\/#organization","name":"MioMio Run","url":"https:\/\/www.miomiorun.com\/fr\/","logo":{"@type":"ImageObject","inLanguage":"fr-FR","@id":"https:\/\/www.miomiorun.com\/fr\/#\/schema\/logo\/image\/","url":"https:\/\/www.miomiorun.com\/app\/uploads\/2019\/12\/logomio.png","contentUrl":"https:\/\/www.miomiorun.com\/app\/uploads\/2019\/12\/logomio.png","width":115,"height":82,"caption":"MioMio Run"},"image":{"@id":"https:\/\/www.miomiorun.com\/fr\/#\/schema\/logo\/image\/"},"sameAs":["https:\/\/www.facebook.com\/miomiorun\/","https:\/\/www.instagram.com\/miomiorun\/"]}]}},"_links":{"self":[{"href":"https:\/\/www.miomiorun.com\/fr\/wp-json\/wp\/v2\/product\/338986","targetHints":{"allow":["GET"]}}],"collection":[{"href":"https:\/\/www.miomiorun.com\/fr\/wp-json\/wp\/v2\/product"}],"about":[{"href":"https:\/\/www.miomiorun.com\/fr\/wp-json\/wp\/v2\/types\/product"}],"wp:featuredmedia":[{"embeddable":true,"href":"https:\/\/www.miomiorun.com\/fr\/wp-json\/wp\/v2\/media\/365222"}],"wp:attachment":[{"href":"https:\/\/www.miomiorun.com\/fr\/wp-json\/wp\/v2\/media?parent=338986"}],"wp:term":[{"taxonomy":"product_brand","embeddable":true,"href":"https:\/\/www.miomiorun.com\/fr\/wp-json\/wp\/v2\/product_brand?post=338986"},{"taxonomy":"product_cat","embeddable":true,"href":"https:\/\/www.miomiorun.com\/fr\/wp-json\/wp\/v2\/product_cat?post=338986"},{"taxonomy":"product_tag","embeddable":true,"href":"https:\/\/www.miomiorun.com\/fr\/wp-json\/wp\/v2\/product_tag?post=338986"}],"curies":[{"name":"wp","href":"https:\/\/api.w.org\/{rel}","templated":true}]}}