{"id":338933,"date":"2025-08-23T11:40:57","date_gmt":"2025-08-23T09:40:57","guid":{"rendered":"https:\/\/www.miomiorun.com\/?post_type=product&#038;p=338933"},"modified":"2026-05-08T16:31:27","modified_gmt":"2026-05-08T14:31:27","slug":"s-lab-pulsar-3","status":"publish","type":"product","link":"https:\/\/www.miomiorun.com\/fr\/produit\/s-lab-pulsar-3\/","title":{"rendered":"S\/LAB PULSAR 3"},"content":{"rendered":"<p data-start=\"162\" data-end=\"467\">L\u00e9ger, minimaliste et ultra stable, le <strong data-start=\"203\" data-end=\"221\">S\/LAB Pulsar 3<\/strong> est le sac \u00e0 dos gilet con\u00e7u par Salomon pour ceux qui recherchent une efficacit\u00e9 maximale dans les courses courtes et les courses de trail. Avec un poids de seulement <strong data-start=\"344\" data-end=\"360\">90 g<\/strong>, il offre un espace bien organis\u00e9 et un acc\u00e8s rapide \u00e0 l&#8217;hydratation, pour que vous puissiez vous concentrer uniquement sur la course.<\/p>\n<p data-start=\"469\" data-end=\"780\">Gr\u00e2ce \u00e0 la technologie <strong data-start=\"492\" data-end=\"505\">SensiFit\u2122<\/strong>, le gilet \u00e9pouse parfaitement le corps, garantissant libert\u00e9 de mouvement et confort sans \u00e0-coups. Le syst\u00e8me <strong data-start=\"618\" data-end=\"632\">Quick Link<\/strong> vous permet d&#8217;ajuster et de fixer le sac \u00e0 dos m\u00eame en mouvement, tandis que les deux <strong data-start=\"709\" data-end=\"744\">flasques souples de 250 ml incluses<\/strong> assurent une hydratation imm\u00e9diate. <\/p>\n<h3 data-start=\"787\" data-end=\"823\"><strong data-start=\"791\" data-end=\"821\">Caract\u00e9ristiques principales<\/strong><\/h3>\n<ul data-start=\"824\" data-end=\"1790\">\n<li data-start=\"824\" data-end=\"901\">\n<p data-start=\"826\" data-end=\"901\"><strong data-start=\"826\" data-end=\"853\">Ultra-l\u00e9ger et compact<\/strong> : ne p\u00e8se que <strong data-start=\"860\" data-end=\"868\">90 g<\/strong> (140 g avec les accessoires).<\/p>\n<\/li>\n<li data-start=\"902\" data-end=\"980\">\n<p data-start=\"904\" data-end=\"980\"><strong data-start=\"904\" data-end=\"917\">Volume 3 L<\/strong> : espace essentiel pour les flasques, les barres \u00e9nerg\u00e9tiques et une veste l\u00e9g\u00e8re. <\/p>\n<\/li>\n<li data-start=\"981\" data-end=\"1099\">\n<p data-start=\"983\" data-end=\"1099\"><strong data-start=\"983\" data-end=\"1023\">Hydratation toujours \u00e0 port\u00e9e de main<\/strong> : comprend <strong data-start=\"1033\" data-end=\"1054\">2 flasques de 250 ml<\/strong> + poche arri\u00e8re pour une flasque de 500 ml.<\/p>\n<\/li>\n<li data-start=\"1100\" data-end=\"1205\">\n<p data-start=\"1102\" data-end=\"1205\"><strong data-start=\"1102\" data-end=\"1125\">Stabilit\u00e9 et confort<\/strong> : structure <strong data-start=\"1137\" data-end=\"1150\">SensiFit\u2122<\/strong> en tissu stretch respirant qui \u00e9pouse le corps.\n<\/p>\n<\/li>\n<li data-start=\"1206\" data-end=\"1291\">\n<p data-start=\"1208\" data-end=\"1291\"><strong data-start=\"1208\" data-end=\"1230\">R\u00e9glage rapide<\/strong> : syst\u00e8me <strong data-start=\"1240\" data-end=\"1254\">Quick Link<\/strong> avec sangle \u00e9lastique sur le sternum.<\/p>\n<\/li>\n<li data-start=\"1292\" data-end=\"1501\">\n<p data-start=\"1294\" data-end=\"1324\"><strong data-start=\"1294\" data-end=\"1321\">Organisation optimale<\/strong> :<\/p>\n<ul data-start=\"1327\" data-end=\"1501\">\n<li data-start=\"1327\" data-end=\"1384\">\n<p data-start=\"1329\" data-end=\"1384\">2 poches avant extensibles pour les objets essentiels<\/p>\n<\/li>\n<li data-start=\"1387\" data-end=\"1418\">\n<p data-start=\"1389\" data-end=\"1418\">2 poches avant pour flasques<\/p>\n<\/li>\n<li data-start=\"1421\" data-end=\"1449\">\n<p data-start=\"1423\" data-end=\"1449\">1 poche avant avec fermeture \u00e9clair<\/p>\n<\/li>\n<li data-start=\"1452\" data-end=\"1501\">\n<p data-start=\"1454\" data-end=\"1501\">1 compartiment arri\u00e8re avec acc\u00e8s bilat\u00e9ral<\/p>\n<\/li>\n<\/ul>\n<\/li>\n<li data-start=\"1502\" data-end=\"1633\">\n<p data-start=\"1504\" data-end=\"1633\"><strong data-start=\"1504\" data-end=\"1524\">D\u00e9tails techniques<\/strong> : fermeture \u00e9clair <strong data-start=\"1530\" data-end=\"1537\">YKK<\/strong> fiable, sifflet int\u00e9gr\u00e9, compatible avec le syst\u00e8me <strong data-start=\"1598\" data-end=\"1615\">Custom Quiver<\/strong> pour b\u00e2tons.\n<\/p>\n<\/li>\n<li data-start=\"1634\" data-end=\"1740\">\n<p data-start=\"1636\" data-end=\"1740\"><strong data-start=\"1636\" data-end=\"1657\">Mat\u00e9riaux haut de gamme<\/strong> : Power Mesh l\u00e9ger, tissu extensible dans les 4 sens, finitions \u00e9lastiques douces au toucher.\n<\/p>\n<\/li>\n<li data-start=\"1741\" data-end=\"1790\">\n<p data-start=\"1743\" data-end=\"1790\"><strong data-start=\"1743\" data-end=\"1760\">Durabilit\u00e9<\/strong> : traitement <strong data-start=\"1774\" data-end=\"1787\">sans PFC<\/strong>.<\/p>\n<\/li>\n<\/ul>\n","protected":false},"excerpt":{"rendered":"<ul>\n<li data-start=\"69\" data-end=\"150\">\n<p data-start=\"71\" data-end=\"150\"><strong data-start=\"71\" data-end=\"97\">Ultra-l\u00e9ger et minimaliste<\/strong> : seulement 90 g, id\u00e9al pour les comp\u00e9titions et les courses courtes.<\/p>\n<\/li>\n<li data-start=\"151\" data-end=\"227\">\n<p data-start=\"153\" data-end=\"227\"><strong data-start=\"153\" data-end=\"171\">Volume 3 litres<\/strong> : espace essentiel pour l&#8217;hydratation et les petits objets.<\/p>\n<\/li>\n<li data-start=\"228\" data-end=\"331\">\n<p data-start=\"230\" data-end=\"331\"><strong data-start=\"230\" data-end=\"253\">Hydratation incluse<\/strong> : 2 flasques souples de 250 ml + poche arri\u00e8re pour flasque de 500 ml ou veste.<\/p>\n<\/li>\n<li data-start=\"332\" data-end=\"419\">\n<p data-start=\"334\" data-end=\"419\"><strong data-start=\"334\" data-end=\"362\">Ajustement stable et enveloppant<\/strong> : technologie <strong data-start=\"375\" data-end=\"388\">SensiFit\u2122<\/strong> pour un confort optimal et aucun rebond.<\/p>\n<\/li>\n<\/ul>\n","protected":false},"featured_media":365233,"template":"","meta":{"_acf_changed":false,"inline_featured_image":false},"product_brand":[],"product_cat":[22589,22587,22538],"product_tag":[23581,23619,23580],"class_list":{"0":"post-338933","1":"product","2":"type-product","3":"status-publish","4":"has-post-thumbnail","6":"product_cat-sacs-a-dos","7":"product_cat-sacs-a-dos-et-ceintures","8":"product_cat-accessoires","9":"product_tag-salomon-fr","10":"product_tag-salomon-femme","11":"product_tag-salomon-homme","12":"pa_attivita-outdoor-fr","13":"pa_attivita-trail-fr","14":"pa_colore-s-lab-pulsar-3-set-fiery-red-andorra-fr","15":"pa_marca-salomon-fr","16":"pa_sesso-femme","17":"pa_sesso-homme","18":"pa_size-small-fr","19":"pa_size-medium-fr","20":"pa_size-large-fr","22":"first","23":"instock","24":"sale","25":"taxable","26":"shipping-taxable","27":"purchasable","28":"product-type-variable","29":"wvs-archive-product-wrapper"},"acf":[],"yoast_head":"<!-- This site is optimized with the Yoast SEO plugin v26.8 - https:\/\/yoast.com\/product\/yoast-seo-wordpress\/ -->\n<title>Salomon S\/LAB PULSAR 3 - sac \u00e0 dos de course - MioMioRun<\/title>\n<meta name=\"description\" content=\"Salomon S\/LAB Pulsar 3, le sac \u00e0 dos gilet ultra-l\u00e9ger pour le trail running avec flasques incluses, structure SensiFit\u2122 stable et respirante. Volume 3 L pour les courses courtes.\" \/>\n<meta name=\"robots\" content=\"index, follow, max-snippet:-1, max-image-preview:large, max-video-preview:-1\" \/>\n<link rel=\"canonical\" href=\"https:\/\/www.miomiorun.com\/fr\/produit\/s-lab-pulsar-3\/\" \/>\n<meta property=\"og:locale\" content=\"fr_FR\" \/>\n<meta property=\"og:type\" content=\"article\" \/>\n<meta property=\"og:title\" content=\"Salomon S\/LAB PULSAR 3 - sac \u00e0 dos de course - MioMioRun\" \/>\n<meta property=\"og:description\" content=\"Salomon S\/LAB Pulsar 3, le sac \u00e0 dos gilet ultra-l\u00e9ger pour le trail running avec flasques incluses, structure SensiFit\u2122 stable et respirante. Volume 3 L pour les courses courtes.\" \/>\n<meta property=\"og:url\" content=\"https:\/\/www.miomiorun.com\/fr\/produit\/s-lab-pulsar-3\/\" \/>\n<meta property=\"og:site_name\" content=\"MioMioRun\" \/>\n<meta property=\"article:publisher\" content=\"https:\/\/www.facebook.com\/miomiorun\/\" \/>\n<meta property=\"article:modified_time\" content=\"2026-05-08T14:31:27+00:00\" \/>\n<meta property=\"og:image\" content=\"https:\/\/www.miomiorun.com\/app\/uploads\/2025\/10\/salomon-S-LAB-Pulsar-3-set-fiery-red-andorra-LC2461500.webp\" \/>\n\t<meta property=\"og:image:width\" content=\"720\" \/>\n\t<meta property=\"og:image:height\" content=\"720\" \/>\n\t<meta property=\"og:image:type\" content=\"image\/webp\" \/>\n<meta name=\"twitter:card\" content=\"summary_large_image\" \/>\n<meta name=\"twitter:label1\" content=\"Est. reading time\" \/>\n\t<meta name=\"twitter:data1\" content=\"1 minute\" \/>\n<script type=\"application\/ld+json\" class=\"yoast-schema-graph\">{\"@context\":\"https:\/\/schema.org\",\"@graph\":[{\"@type\":\"WebPage\",\"@id\":\"https:\/\/www.miomiorun.com\/fr\/produit\/s-lab-pulsar-3\/\",\"url\":\"https:\/\/www.miomiorun.com\/fr\/produit\/s-lab-pulsar-3\/\",\"name\":\"Salomon S\/LAB PULSAR 3 - sac \u00e0 dos de course - MioMioRun\",\"isPartOf\":{\"@id\":\"https:\/\/www.miomiorun.com\/fr\/#website\"},\"primaryImageOfPage\":{\"@id\":\"https:\/\/www.miomiorun.com\/fr\/produit\/s-lab-pulsar-3\/#primaryimage\"},\"image\":{\"@id\":\"https:\/\/www.miomiorun.com\/fr\/produit\/s-lab-pulsar-3\/#primaryimage\"},\"thumbnailUrl\":\"https:\/\/www.miomiorun.com\/app\/uploads\/2025\/10\/salomon-S-LAB-Pulsar-3-set-fiery-red-andorra-LC2461500.webp\",\"datePublished\":\"2025-08-23T09:40:57+00:00\",\"dateModified\":\"2026-05-08T14:31:27+00:00\",\"description\":\"Salomon S\/LAB Pulsar 3, le sac \u00e0 dos gilet ultra-l\u00e9ger pour le trail running avec flasques incluses, structure SensiFit\u2122 stable et respirante. Volume 3 L pour les courses courtes.\",\"breadcrumb\":{\"@id\":\"https:\/\/www.miomiorun.com\/fr\/produit\/s-lab-pulsar-3\/#breadcrumb\"},\"inLanguage\":\"fr-FR\",\"potentialAction\":[{\"@type\":\"ReadAction\",\"target\":[\"https:\/\/www.miomiorun.com\/fr\/produit\/s-lab-pulsar-3\/\"]}]},{\"@type\":\"ImageObject\",\"inLanguage\":\"fr-FR\",\"@id\":\"https:\/\/www.miomiorun.com\/fr\/produit\/s-lab-pulsar-3\/#primaryimage\",\"url\":\"https:\/\/www.miomiorun.com\/app\/uploads\/2025\/10\/salomon-S-LAB-Pulsar-3-set-fiery-red-andorra-LC2461500.webp\",\"contentUrl\":\"https:\/\/www.miomiorun.com\/app\/uploads\/2025\/10\/salomon-S-LAB-Pulsar-3-set-fiery-red-andorra-LC2461500.webp\",\"width\":720,\"height\":720,\"caption\":\"salomon S LAB Pulsar 3 set fiery red andorra LC2461500\"},{\"@type\":\"BreadcrumbList\",\"@id\":\"https:\/\/www.miomiorun.com\/fr\/produit\/s-lab-pulsar-3\/#breadcrumb\",\"itemListElement\":[{\"@type\":\"ListItem\",\"position\":1,\"name\":\"Home\",\"item\":\"https:\/\/www.miomiorun.com\/fr\/home-page\/\"},{\"@type\":\"ListItem\",\"position\":2,\"name\":\"Shop\",\"item\":\"https:\/\/www.miomiorun.com\/shop\/\"},{\"@type\":\"ListItem\",\"position\":3,\"name\":\"S\/LAB PULSAR 3\"}]},{\"@type\":\"WebSite\",\"@id\":\"https:\/\/www.miomiorun.com\/fr\/#website\",\"url\":\"https:\/\/www.miomiorun.com\/fr\/\",\"name\":\"MioMioRun\",\"description\":\"Boutique 100% running et trail\",\"publisher\":{\"@id\":\"https:\/\/www.miomiorun.com\/fr\/#organization\"},\"potentialAction\":[{\"@type\":\"SearchAction\",\"target\":{\"@type\":\"EntryPoint\",\"urlTemplate\":\"https:\/\/www.miomiorun.com\/fr\/?s={search_term_string}\"},\"query-input\":{\"@type\":\"PropertyValueSpecification\",\"valueRequired\":true,\"valueName\":\"search_term_string\"}}],\"inLanguage\":\"fr-FR\"},{\"@type\":\"Organization\",\"@id\":\"https:\/\/www.miomiorun.com\/fr\/#organization\",\"name\":\"MioMio Run\",\"url\":\"https:\/\/www.miomiorun.com\/fr\/\",\"logo\":{\"@type\":\"ImageObject\",\"inLanguage\":\"fr-FR\",\"@id\":\"https:\/\/www.miomiorun.com\/fr\/#\/schema\/logo\/image\/\",\"url\":\"https:\/\/www.miomiorun.com\/app\/uploads\/2019\/12\/logomio.png\",\"contentUrl\":\"https:\/\/www.miomiorun.com\/app\/uploads\/2019\/12\/logomio.png\",\"width\":115,\"height\":82,\"caption\":\"MioMio Run\"},\"image\":{\"@id\":\"https:\/\/www.miomiorun.com\/fr\/#\/schema\/logo\/image\/\"},\"sameAs\":[\"https:\/\/www.facebook.com\/miomiorun\/\",\"https:\/\/www.instagram.com\/miomiorun\/\"]}]}<\/script>\n<!-- \/ Yoast SEO plugin. -->","yoast_head_json":{"title":"Salomon S\/LAB PULSAR 3 - sac \u00e0 dos de course - MioMioRun","description":"Salomon S\/LAB Pulsar 3, le sac \u00e0 dos gilet ultra-l\u00e9ger pour le trail running avec flasques incluses, structure SensiFit\u2122 stable et respirante. Volume 3 L pour les courses courtes.","robots":{"index":"index","follow":"follow","max-snippet":"max-snippet:-1","max-image-preview":"max-image-preview:large","max-video-preview":"max-video-preview:-1"},"canonical":"https:\/\/www.miomiorun.com\/fr\/produit\/s-lab-pulsar-3\/","og_locale":"fr_FR","og_type":"article","og_title":"Salomon S\/LAB PULSAR 3 - sac \u00e0 dos de course - MioMioRun","og_description":"Salomon S\/LAB Pulsar 3, le sac \u00e0 dos gilet ultra-l\u00e9ger pour le trail running avec flasques incluses, structure SensiFit\u2122 stable et respirante. Volume 3 L pour les courses courtes.","og_url":"https:\/\/www.miomiorun.com\/fr\/produit\/s-lab-pulsar-3\/","og_site_name":"MioMioRun","article_publisher":"https:\/\/www.facebook.com\/miomiorun\/","article_modified_time":"2026-05-08T14:31:27+00:00","og_image":[{"width":720,"height":720,"url":"https:\/\/www.miomiorun.com\/app\/uploads\/2025\/10\/salomon-S-LAB-Pulsar-3-set-fiery-red-andorra-LC2461500.webp","type":"image\/webp"}],"twitter_card":"summary_large_image","twitter_misc":{"Est. reading time":"1 minute"},"schema":{"@context":"https:\/\/schema.org","@graph":[{"@type":"WebPage","@id":"https:\/\/www.miomiorun.com\/fr\/produit\/s-lab-pulsar-3\/","url":"https:\/\/www.miomiorun.com\/fr\/produit\/s-lab-pulsar-3\/","name":"Salomon S\/LAB PULSAR 3 - sac \u00e0 dos de course - MioMioRun","isPartOf":{"@id":"https:\/\/www.miomiorun.com\/fr\/#website"},"primaryImageOfPage":{"@id":"https:\/\/www.miomiorun.com\/fr\/produit\/s-lab-pulsar-3\/#primaryimage"},"image":{"@id":"https:\/\/www.miomiorun.com\/fr\/produit\/s-lab-pulsar-3\/#primaryimage"},"thumbnailUrl":"https:\/\/www.miomiorun.com\/app\/uploads\/2025\/10\/salomon-S-LAB-Pulsar-3-set-fiery-red-andorra-LC2461500.webp","datePublished":"2025-08-23T09:40:57+00:00","dateModified":"2026-05-08T14:31:27+00:00","description":"Salomon S\/LAB Pulsar 3, le sac \u00e0 dos gilet ultra-l\u00e9ger pour le trail running avec flasques incluses, structure SensiFit\u2122 stable et respirante. Volume 3 L pour les courses courtes.","breadcrumb":{"@id":"https:\/\/www.miomiorun.com\/fr\/produit\/s-lab-pulsar-3\/#breadcrumb"},"inLanguage":"fr-FR","potentialAction":[{"@type":"ReadAction","target":["https:\/\/www.miomiorun.com\/fr\/produit\/s-lab-pulsar-3\/"]}]},{"@type":"ImageObject","inLanguage":"fr-FR","@id":"https:\/\/www.miomiorun.com\/fr\/produit\/s-lab-pulsar-3\/#primaryimage","url":"https:\/\/www.miomiorun.com\/app\/uploads\/2025\/10\/salomon-S-LAB-Pulsar-3-set-fiery-red-andorra-LC2461500.webp","contentUrl":"https:\/\/www.miomiorun.com\/app\/uploads\/2025\/10\/salomon-S-LAB-Pulsar-3-set-fiery-red-andorra-LC2461500.webp","width":720,"height":720,"caption":"salomon S LAB Pulsar 3 set fiery red andorra LC2461500"},{"@type":"BreadcrumbList","@id":"https:\/\/www.miomiorun.com\/fr\/produit\/s-lab-pulsar-3\/#breadcrumb","itemListElement":[{"@type":"ListItem","position":1,"name":"Home","item":"https:\/\/www.miomiorun.com\/fr\/home-page\/"},{"@type":"ListItem","position":2,"name":"Shop","item":"https:\/\/www.miomiorun.com\/shop\/"},{"@type":"ListItem","position":3,"name":"S\/LAB PULSAR 3"}]},{"@type":"WebSite","@id":"https:\/\/www.miomiorun.com\/fr\/#website","url":"https:\/\/www.miomiorun.com\/fr\/","name":"MioMioRun","description":"Boutique 100% running et trail","publisher":{"@id":"https:\/\/www.miomiorun.com\/fr\/#organization"},"potentialAction":[{"@type":"SearchAction","target":{"@type":"EntryPoint","urlTemplate":"https:\/\/www.miomiorun.com\/fr\/?s={search_term_string}"},"query-input":{"@type":"PropertyValueSpecification","valueRequired":true,"valueName":"search_term_string"}}],"inLanguage":"fr-FR"},{"@type":"Organization","@id":"https:\/\/www.miomiorun.com\/fr\/#organization","name":"MioMio Run","url":"https:\/\/www.miomiorun.com\/fr\/","logo":{"@type":"ImageObject","inLanguage":"fr-FR","@id":"https:\/\/www.miomiorun.com\/fr\/#\/schema\/logo\/image\/","url":"https:\/\/www.miomiorun.com\/app\/uploads\/2019\/12\/logomio.png","contentUrl":"https:\/\/www.miomiorun.com\/app\/uploads\/2019\/12\/logomio.png","width":115,"height":82,"caption":"MioMio Run"},"image":{"@id":"https:\/\/www.miomiorun.com\/fr\/#\/schema\/logo\/image\/"},"sameAs":["https:\/\/www.facebook.com\/miomiorun\/","https:\/\/www.instagram.com\/miomiorun\/"]}]}},"_links":{"self":[{"href":"https:\/\/www.miomiorun.com\/fr\/wp-json\/wp\/v2\/product\/338933","targetHints":{"allow":["GET"]}}],"collection":[{"href":"https:\/\/www.miomiorun.com\/fr\/wp-json\/wp\/v2\/product"}],"about":[{"href":"https:\/\/www.miomiorun.com\/fr\/wp-json\/wp\/v2\/types\/product"}],"wp:featuredmedia":[{"embeddable":true,"href":"https:\/\/www.miomiorun.com\/fr\/wp-json\/wp\/v2\/media\/365233"}],"wp:attachment":[{"href":"https:\/\/www.miomiorun.com\/fr\/wp-json\/wp\/v2\/media?parent=338933"}],"wp:term":[{"taxonomy":"product_brand","embeddable":true,"href":"https:\/\/www.miomiorun.com\/fr\/wp-json\/wp\/v2\/product_brand?post=338933"},{"taxonomy":"product_cat","embeddable":true,"href":"https:\/\/www.miomiorun.com\/fr\/wp-json\/wp\/v2\/product_cat?post=338933"},{"taxonomy":"product_tag","embeddable":true,"href":"https:\/\/www.miomiorun.com\/fr\/wp-json\/wp\/v2\/product_tag?post=338933"}],"curies":[{"name":"wp","href":"https:\/\/api.w.org\/{rel}","templated":true}]}}