{"id":337819,"date":"2025-08-20T19:04:28","date_gmt":"2025-08-20T17:04:28","guid":{"rendered":"https:\/\/www.miomiorun.com\/?post_type=product&#038;p=337819"},"modified":"2026-01-29T10:34:29","modified_gmt":"2026-01-29T09:34:29","slug":"quest-4-gtx-femme","status":"publish","type":"product","link":"https:\/\/www.miomiorun.com\/fr\/produit\/quest-4-gtx-femme\/","title":{"rendered":"Quest 4 GTX femme"},"content":{"rendered":"<div class=\"vc-row container\"><div class=\"vc-column\"><div class=\"vc-column-text\"><\/p>\n<p><strong>Caract\u00e9ristiques techniques<\/strong><\/p>\n<p>Cat\u00e9gorie : amorti sup\u00e9rieur<br \/>\nPoids : 535 g<br \/>\nId\u00e9al pour : randonn\u00e9es de plusieurs jours, backpacking, terrain alpin, terrains mixtes<br \/>\nPoids de l&#8217;athl\u00e8te : 55-75 kg<br \/>\nAllure de course : moyenne \u00e0 lente (&gt;5,30 min\/km)<br \/>\n<a href=\"https:\/\/miomiorun.com\/guida-alle-specifiche-tecniche\/\">Guide des caract\u00e9ristiques techniques<\/a><\/p>\n<p><\/div><\/div><div class=\"vc-column\"><div class=\"vc-column-text\"><\/p>\n<p>La <strong data-start=\"186\" data-end=\"214\">Salomon QUEST 4 GORE-TEX<\/strong> est con\u00e7ue pour les randonn\u00e9es longues et difficiles, offrant stabilit\u00e9, protection et confort m\u00eame avec des sacs \u00e0 dos lourds. Le nouveau <strong data-start=\"347\" data-end=\"371\">4D Advanced Chassis\u2122<\/strong> soutient le pied et r\u00e9duit la fatigue des articulations, garantissant un roulement fluide sur les terrains techniques et alpins. Gr\u00e2ce \u00e0 la membrane <strong data-start=\"516\" data-end=\"556\">GORE-TEX\u00ae imperm\u00e9able et respirante<\/strong>, vos pieds resteront au sec dans toutes les conditions, tandis que les mat\u00e9riaux haut de gamme en cuir nubuck et en mesh renforc\u00e9 garantissent r\u00e9sistance et durabilit\u00e9. Avec une adh\u00e9rence s\u00fbre, un soutien suppl\u00e9mentaire et un ajustement pr\u00e9cis, cette chaussure est con\u00e7ue pour vous accompagner en toute confiance sur tous les types de terrain, m\u00eame lors d&#8217;aventures de plusieurs jours.<\/p>\n<h3 data-start=\"887\" data-end=\"902\">Points forts<\/h3>\n<ul data-start=\"903\" data-end=\"1696\">\n<li data-start=\"903\" data-end=\"1053\">\n<p data-start=\"905\" data-end=\"1053\"><strong data-start=\"905\" data-end=\"927\">Stabilit\u00e9 avanc\u00e9e<\/strong> : le ch\u00e2ssis 4D Advanced Chassis\u2122 prot\u00e8ge vos articulations et maintient votre pied stable, m\u00eame sur les terrains les plus accident\u00e9s.\n<\/p>\n<\/li>\n<li data-start=\"1054\" data-end=\"1177\">\n<p data-start=\"1056\" data-end=\"1177\"><strong data-start=\"1056\" data-end=\"1084\">Imperm\u00e9abilit\u00e9 et confort<\/strong> : la membrane <strong data-start=\"1098\" data-end=\"1111\">GORE-TEX\u00ae<\/strong> garde vos pieds au sec sans sacrifier la respirabilit\u00e9.\n<\/p>\n<\/li>\n<li data-start=\"1178\" data-end=\"1322\">\n<p data-start=\"1180\" data-end=\"1322\"><strong data-start=\"1180\" data-end=\"1207\">Adh\u00e9rence sur toutes les surfaces<\/strong> : la semelle <strong data-start=\"1218\" data-end=\"1244\">All Terrain Contagrip\u00ae<\/strong> garantit une traction s\u00fbre sur les surfaces humides, s\u00e8ches, dures ou meubles.\n<\/p>\n<\/li>\n<li data-start=\"1323\" data-end=\"1447\">\n<p data-start=\"1325\" data-end=\"1447\"><strong data-start=\"1325\" data-end=\"1346\">Mat\u00e9riaux haut de gamme<\/strong> : tige en <strong data-start=\"1358\" data-end=\"1373\">cuir nubuck<\/strong> hydrofuge et renforts protecteurs pour une r\u00e9sistance et une durabilit\u00e9 sup\u00e9rieures.\n<\/p>\n<\/li>\n<li data-start=\"1448\" data-end=\"1551\">\n<p data-start=\"1450\" data-end=\"1551\"><strong data-start=\"1450\" data-end=\"1469\">Ajustement pr\u00e9cis<\/strong> : la technologie <strong data-start=\"1485\" data-end=\"1498\">SensiFit\u2122<\/strong> enveloppe le pied pour un ajustement s\u00fbr et confortable.\n<\/p>\n<\/li>\n<li data-start=\"1552\" data-end=\"1696\">\n<p data-start=\"1554\" data-end=\"1696\"><strong data-start=\"1554\" data-end=\"1576\">Confort prolong\u00e9<\/strong> : semelle int\u00e9rieure moul\u00e9e <strong data-start=\"1595\" data-end=\"1609\">OrthoLite\u00ae<\/strong> et semelle interm\u00e9diaire en <strong data-start=\"1626\" data-end=\"1645\">EnergyCell\u2122 EVA<\/strong> pour un amorti et une fra\u00eecheur longue dur\u00e9e.\n<\/p>\n<\/li>\n<\/ul>\n<p><\/div><\/div><\/div>\n","protected":false},"excerpt":{"rendered":"<ul>\n<li data-start=\"83\" data-end=\"229\">\n<p data-start=\"85\" data-end=\"229\">Stabilit\u00e9 sup\u00e9rieure<\/p>\n<\/li>\n<li data-start=\"230\" data-end=\"336\">\n<p data-start=\"232\" data-end=\"336\">Imperm\u00e9abilit\u00e9 et respirabilit\u00e9<\/p>\n<\/li>\n<li data-start=\"337\" data-end=\"433\">\n<p data-start=\"339\" data-end=\"433\">Adh\u00e9rence s\u00fbre<\/p>\n<\/li>\n<\/ul>\n","protected":false},"featured_media":350608,"template":"","meta":{"_acf_changed":false,"inline_featured_image":false},"product_brand":[],"product_cat":[24435,24432],"product_tag":[23581,23619],"class_list":{"0":"post-337819","1":"product","2":"type-product","3":"status-publish","4":"has-post-thumbnail","6":"product_cat-chaussures-pour-femmes-fr","7":"product_cat-trail-fr-2","8":"product_tag-salomon-fr","9":"product_tag-salomon-femme","10":"pa_attivita-outdoor-fr","11":"pa_colore-quest-4-gtx-w-shopping-bag-black-cork-fr","12":"pa_marca-salomon-fr","13":"pa_sesso-femme","14":"pa_size-37-fr","15":"pa_size-38-fr","17":"pa_size-41-fr","19":"first","20":"instock","21":"sale","22":"taxable","23":"shipping-taxable","24":"purchasable","25":"product-type-variable","26":"wvs-archive-product-wrapper"},"acf":[],"yoast_head":"<!-- This site is optimized with the Yoast SEO plugin v26.8 - https:\/\/yoast.com\/product\/yoast-seo-wordpress\/ -->\n<title>Salomon Quest 4 GTX femme - chaussures de trail pour femmes - MioMioRun<\/title>\n<meta name=\"description\" content=\"Salomon X ULTRA 4 GTX W : chaussure de randonn\u00e9e pour femme, protection GORE-TEX, stabilit\u00e9 et adh\u00e9rence \u00e9lev\u00e9e pour les excursions sur tous les terrains.\" \/>\n<meta name=\"robots\" content=\"index, follow, max-snippet:-1, max-image-preview:large, max-video-preview:-1\" \/>\n<link rel=\"canonical\" href=\"https:\/\/www.miomiorun.com\/fr\/produit\/quest-4-gtx-femme\/\" \/>\n<meta property=\"og:locale\" content=\"fr_FR\" \/>\n<meta property=\"og:type\" content=\"article\" \/>\n<meta property=\"og:title\" content=\"Salomon Quest 4 GTX femme - chaussures de trail pour femmes - MioMioRun\" \/>\n<meta property=\"og:description\" content=\"Salomon X ULTRA 4 GTX W : chaussure de randonn\u00e9e pour femme, protection GORE-TEX, stabilit\u00e9 et adh\u00e9rence \u00e9lev\u00e9e pour les excursions sur tous les terrains.\" \/>\n<meta property=\"og:url\" content=\"https:\/\/www.miomiorun.com\/fr\/produit\/quest-4-gtx-femme\/\" \/>\n<meta property=\"og:site_name\" content=\"MioMioRun\" \/>\n<meta property=\"article:publisher\" content=\"https:\/\/www.facebook.com\/miomiorun\/\" \/>\n<meta property=\"article:modified_time\" content=\"2026-01-29T09:34:29+00:00\" \/>\n<meta property=\"og:image\" content=\"https:\/\/www.miomiorun.com\/app\/uploads\/2025\/09\/salomon-Quest-4-GTX-W-shopping-bag-black-cork-L47453300.webp\" \/>\n\t<meta property=\"og:image:width\" content=\"720\" \/>\n\t<meta property=\"og:image:height\" content=\"720\" \/>\n\t<meta property=\"og:image:type\" content=\"image\/webp\" \/>\n<meta name=\"twitter:card\" content=\"summary_large_image\" \/>\n<meta name=\"twitter:label1\" content=\"Est. reading time\" \/>\n\t<meta name=\"twitter:data1\" content=\"2 minutes\" \/>\n<script type=\"application\/ld+json\" class=\"yoast-schema-graph\">{\"@context\":\"https:\/\/schema.org\",\"@graph\":[{\"@type\":\"WebPage\",\"@id\":\"https:\/\/www.miomiorun.com\/fr\/produit\/quest-4-gtx-femme\/\",\"url\":\"https:\/\/www.miomiorun.com\/fr\/produit\/quest-4-gtx-femme\/\",\"name\":\"Salomon Quest 4 GTX femme - chaussures de trail pour femmes - MioMioRun\",\"isPartOf\":{\"@id\":\"https:\/\/www.miomiorun.com\/fr\/#website\"},\"primaryImageOfPage\":{\"@id\":\"https:\/\/www.miomiorun.com\/fr\/produit\/quest-4-gtx-femme\/#primaryimage\"},\"image\":{\"@id\":\"https:\/\/www.miomiorun.com\/fr\/produit\/quest-4-gtx-femme\/#primaryimage\"},\"thumbnailUrl\":\"https:\/\/www.miomiorun.com\/app\/uploads\/2025\/09\/salomon-Quest-4-GTX-W-shopping-bag-black-cork-L47453300.webp\",\"datePublished\":\"2025-08-20T17:04:28+00:00\",\"dateModified\":\"2026-01-29T09:34:29+00:00\",\"description\":\"Salomon X ULTRA 4 GTX W : chaussure de randonn\u00e9e pour femme, protection GORE-TEX, stabilit\u00e9 et adh\u00e9rence \u00e9lev\u00e9e pour les excursions sur tous les terrains.\",\"breadcrumb\":{\"@id\":\"https:\/\/www.miomiorun.com\/fr\/produit\/quest-4-gtx-femme\/#breadcrumb\"},\"inLanguage\":\"fr-FR\",\"potentialAction\":[{\"@type\":\"ReadAction\",\"target\":[\"https:\/\/www.miomiorun.com\/fr\/produit\/quest-4-gtx-femme\/\"]}]},{\"@type\":\"ImageObject\",\"inLanguage\":\"fr-FR\",\"@id\":\"https:\/\/www.miomiorun.com\/fr\/produit\/quest-4-gtx-femme\/#primaryimage\",\"url\":\"https:\/\/www.miomiorun.com\/app\/uploads\/2025\/09\/salomon-Quest-4-GTX-W-shopping-bag-black-cork-L47453300.webp\",\"contentUrl\":\"https:\/\/www.miomiorun.com\/app\/uploads\/2025\/09\/salomon-Quest-4-GTX-W-shopping-bag-black-cork-L47453300.webp\",\"width\":720,\"height\":720,\"caption\":\"salomon Quest 4 GTX W shopping bag black cork L47453300\"},{\"@type\":\"BreadcrumbList\",\"@id\":\"https:\/\/www.miomiorun.com\/fr\/produit\/quest-4-gtx-femme\/#breadcrumb\",\"itemListElement\":[{\"@type\":\"ListItem\",\"position\":1,\"name\":\"Home\",\"item\":\"https:\/\/www.miomiorun.com\/fr\/home-page\/\"},{\"@type\":\"ListItem\",\"position\":2,\"name\":\"Shop\",\"item\":\"https:\/\/www.miomiorun.com\/shop\/\"},{\"@type\":\"ListItem\",\"position\":3,\"name\":\"Quest 4 GTX femme\"}]},{\"@type\":\"WebSite\",\"@id\":\"https:\/\/www.miomiorun.com\/fr\/#website\",\"url\":\"https:\/\/www.miomiorun.com\/fr\/\",\"name\":\"MioMioRun\",\"description\":\"Boutique 100% running et trail\",\"publisher\":{\"@id\":\"https:\/\/www.miomiorun.com\/fr\/#organization\"},\"potentialAction\":[{\"@type\":\"SearchAction\",\"target\":{\"@type\":\"EntryPoint\",\"urlTemplate\":\"https:\/\/www.miomiorun.com\/fr\/?s={search_term_string}\"},\"query-input\":{\"@type\":\"PropertyValueSpecification\",\"valueRequired\":true,\"valueName\":\"search_term_string\"}}],\"inLanguage\":\"fr-FR\"},{\"@type\":\"Organization\",\"@id\":\"https:\/\/www.miomiorun.com\/fr\/#organization\",\"name\":\"MioMio Run\",\"url\":\"https:\/\/www.miomiorun.com\/fr\/\",\"logo\":{\"@type\":\"ImageObject\",\"inLanguage\":\"fr-FR\",\"@id\":\"https:\/\/www.miomiorun.com\/fr\/#\/schema\/logo\/image\/\",\"url\":\"https:\/\/www.miomiorun.com\/app\/uploads\/2019\/12\/logomio.png\",\"contentUrl\":\"https:\/\/www.miomiorun.com\/app\/uploads\/2019\/12\/logomio.png\",\"width\":115,\"height\":82,\"caption\":\"MioMio Run\"},\"image\":{\"@id\":\"https:\/\/www.miomiorun.com\/fr\/#\/schema\/logo\/image\/\"},\"sameAs\":[\"https:\/\/www.facebook.com\/miomiorun\/\",\"https:\/\/www.instagram.com\/miomiorun\/\"]}]}<\/script>\n<!-- \/ Yoast SEO plugin. -->","yoast_head_json":{"title":"Salomon Quest 4 GTX femme - chaussures de trail pour femmes - MioMioRun","description":"Salomon X ULTRA 4 GTX W : chaussure de randonn\u00e9e pour femme, protection GORE-TEX, stabilit\u00e9 et adh\u00e9rence \u00e9lev\u00e9e pour les excursions sur tous les terrains.","robots":{"index":"index","follow":"follow","max-snippet":"max-snippet:-1","max-image-preview":"max-image-preview:large","max-video-preview":"max-video-preview:-1"},"canonical":"https:\/\/www.miomiorun.com\/fr\/produit\/quest-4-gtx-femme\/","og_locale":"fr_FR","og_type":"article","og_title":"Salomon Quest 4 GTX femme - chaussures de trail pour femmes - MioMioRun","og_description":"Salomon X ULTRA 4 GTX W : chaussure de randonn\u00e9e pour femme, protection GORE-TEX, stabilit\u00e9 et adh\u00e9rence \u00e9lev\u00e9e pour les excursions sur tous les terrains.","og_url":"https:\/\/www.miomiorun.com\/fr\/produit\/quest-4-gtx-femme\/","og_site_name":"MioMioRun","article_publisher":"https:\/\/www.facebook.com\/miomiorun\/","article_modified_time":"2026-01-29T09:34:29+00:00","og_image":[{"width":720,"height":720,"url":"https:\/\/www.miomiorun.com\/app\/uploads\/2025\/09\/salomon-Quest-4-GTX-W-shopping-bag-black-cork-L47453300.webp","type":"image\/webp"}],"twitter_card":"summary_large_image","twitter_misc":{"Est. reading time":"2 minutes"},"schema":{"@context":"https:\/\/schema.org","@graph":[{"@type":"WebPage","@id":"https:\/\/www.miomiorun.com\/fr\/produit\/quest-4-gtx-femme\/","url":"https:\/\/www.miomiorun.com\/fr\/produit\/quest-4-gtx-femme\/","name":"Salomon Quest 4 GTX femme - chaussures de trail pour femmes - MioMioRun","isPartOf":{"@id":"https:\/\/www.miomiorun.com\/fr\/#website"},"primaryImageOfPage":{"@id":"https:\/\/www.miomiorun.com\/fr\/produit\/quest-4-gtx-femme\/#primaryimage"},"image":{"@id":"https:\/\/www.miomiorun.com\/fr\/produit\/quest-4-gtx-femme\/#primaryimage"},"thumbnailUrl":"https:\/\/www.miomiorun.com\/app\/uploads\/2025\/09\/salomon-Quest-4-GTX-W-shopping-bag-black-cork-L47453300.webp","datePublished":"2025-08-20T17:04:28+00:00","dateModified":"2026-01-29T09:34:29+00:00","description":"Salomon X ULTRA 4 GTX W : chaussure de randonn\u00e9e pour femme, protection GORE-TEX, stabilit\u00e9 et adh\u00e9rence \u00e9lev\u00e9e pour les excursions sur tous les terrains.","breadcrumb":{"@id":"https:\/\/www.miomiorun.com\/fr\/produit\/quest-4-gtx-femme\/#breadcrumb"},"inLanguage":"fr-FR","potentialAction":[{"@type":"ReadAction","target":["https:\/\/www.miomiorun.com\/fr\/produit\/quest-4-gtx-femme\/"]}]},{"@type":"ImageObject","inLanguage":"fr-FR","@id":"https:\/\/www.miomiorun.com\/fr\/produit\/quest-4-gtx-femme\/#primaryimage","url":"https:\/\/www.miomiorun.com\/app\/uploads\/2025\/09\/salomon-Quest-4-GTX-W-shopping-bag-black-cork-L47453300.webp","contentUrl":"https:\/\/www.miomiorun.com\/app\/uploads\/2025\/09\/salomon-Quest-4-GTX-W-shopping-bag-black-cork-L47453300.webp","width":720,"height":720,"caption":"salomon Quest 4 GTX W shopping bag black cork L47453300"},{"@type":"BreadcrumbList","@id":"https:\/\/www.miomiorun.com\/fr\/produit\/quest-4-gtx-femme\/#breadcrumb","itemListElement":[{"@type":"ListItem","position":1,"name":"Home","item":"https:\/\/www.miomiorun.com\/fr\/home-page\/"},{"@type":"ListItem","position":2,"name":"Shop","item":"https:\/\/www.miomiorun.com\/shop\/"},{"@type":"ListItem","position":3,"name":"Quest 4 GTX femme"}]},{"@type":"WebSite","@id":"https:\/\/www.miomiorun.com\/fr\/#website","url":"https:\/\/www.miomiorun.com\/fr\/","name":"MioMioRun","description":"Boutique 100% running et trail","publisher":{"@id":"https:\/\/www.miomiorun.com\/fr\/#organization"},"potentialAction":[{"@type":"SearchAction","target":{"@type":"EntryPoint","urlTemplate":"https:\/\/www.miomiorun.com\/fr\/?s={search_term_string}"},"query-input":{"@type":"PropertyValueSpecification","valueRequired":true,"valueName":"search_term_string"}}],"inLanguage":"fr-FR"},{"@type":"Organization","@id":"https:\/\/www.miomiorun.com\/fr\/#organization","name":"MioMio Run","url":"https:\/\/www.miomiorun.com\/fr\/","logo":{"@type":"ImageObject","inLanguage":"fr-FR","@id":"https:\/\/www.miomiorun.com\/fr\/#\/schema\/logo\/image\/","url":"https:\/\/www.miomiorun.com\/app\/uploads\/2019\/12\/logomio.png","contentUrl":"https:\/\/www.miomiorun.com\/app\/uploads\/2019\/12\/logomio.png","width":115,"height":82,"caption":"MioMio Run"},"image":{"@id":"https:\/\/www.miomiorun.com\/fr\/#\/schema\/logo\/image\/"},"sameAs":["https:\/\/www.facebook.com\/miomiorun\/","https:\/\/www.instagram.com\/miomiorun\/"]}]}},"_links":{"self":[{"href":"https:\/\/www.miomiorun.com\/fr\/wp-json\/wp\/v2\/product\/337819","targetHints":{"allow":["GET"]}}],"collection":[{"href":"https:\/\/www.miomiorun.com\/fr\/wp-json\/wp\/v2\/product"}],"about":[{"href":"https:\/\/www.miomiorun.com\/fr\/wp-json\/wp\/v2\/types\/product"}],"wp:featuredmedia":[{"embeddable":true,"href":"https:\/\/www.miomiorun.com\/fr\/wp-json\/wp\/v2\/media\/350608"}],"wp:attachment":[{"href":"https:\/\/www.miomiorun.com\/fr\/wp-json\/wp\/v2\/media?parent=337819"}],"wp:term":[{"taxonomy":"product_brand","embeddable":true,"href":"https:\/\/www.miomiorun.com\/fr\/wp-json\/wp\/v2\/product_brand?post=337819"},{"taxonomy":"product_cat","embeddable":true,"href":"https:\/\/www.miomiorun.com\/fr\/wp-json\/wp\/v2\/product_cat?post=337819"},{"taxonomy":"product_tag","embeddable":true,"href":"https:\/\/www.miomiorun.com\/fr\/wp-json\/wp\/v2\/product_tag?post=337819"}],"curies":[{"name":"wp","href":"https:\/\/api.w.org\/{rel}","templated":true}]}}