{"id":335919,"date":"2025-08-14T12:18:13","date_gmt":"2025-08-14T10:18:13","guid":{"rendered":"https:\/\/www.miomiorun.com\/?post_type=product&#038;p=335919"},"modified":"2026-03-25T17:12:31","modified_gmt":"2026-03-25T16:12:31","slug":"ghost-max-3-homme","status":"publish","type":"product","link":"https:\/\/www.miomiorun.com\/fr\/produit\/ghost-max-3-homme\/","title":{"rendered":"Ghost Max 3 homme"},"content":{"rendered":"<table style=\"border-collapse: collapse;width: 100%\">\n<tbody>\n<tr>\n<td style=\"width: 33.3333%;vertical-align: top;text-align: center\">\n<h4>Caract\u00e9ristiques techniques<\/h4>\n<p>Cat\u00e9gorie : Amorti structur\u00e9<br \/>\nD\u00e9calage : 6 mm<br \/>\nPoids : 317,5 g<br \/>\nId\u00e9al pour : les coureurs \u00e0 foul\u00e9e neutre \u00e0 la recherche d&#8217;un mod\u00e8le offrant un bon amorti protecteur et une excellente polyvalence pour la course et la marche sur de longues ou moyennes distances.<br \/>\nPoids de l&#8217;athl\u00e8te : 70 kg<br \/>\nAllure de course : moyenne (5 min\/km)<br \/>\n<a href=\"https:\/\/miomiorun.com\/guida-alle-specifiche-tecniche\/\">Guide des sp\u00e9cifications techniques<\/a><\/td>\n<td style=\"width: 66.6666%;vertical-align: top;text-align: center\">La <strong data-start=\"240\" data-end=\"265\">Ghost Max 3 de Brooks<\/strong> est la nouvelle fronti\u00e8re du confort quotidien, con\u00e7ue pour offrir un amorti encore plus g\u00e9n\u00e9reux que la l\u00e9gendaire Ghost, sans renoncer \u00e0 la fluidit\u00e9 et au naturel de la course. Cette version am\u00e9lior\u00e9e se distingue par une base d&#8217;appui l\u00e9g\u00e8rement plus large, qui augmente la stabilit\u00e9 et garantit la s\u00e9curit\u00e9 \u00e0 chaque pas. Parfaite pour ceux qui utilisent des semelles orthop\u00e9diques, pour les coureurs qui recherchent une protection pendant leur course quotidienne, pour les longues marches ou simplement pour relever les d\u00e9fis de la vie quotidienne, la Ghost Max 3 s&#8217;adapte avec polyvalence \u00e0 tous les rythmes et tous les terrains urbains. Sa conception \u00e9quilibre amorti et r\u00e9activit\u00e9, prot\u00e9geant les articulations et maintenant une transition fluide et naturelle du pied. Si vous recherchez une chaussure fiable, polyvalente et confortable, capable de vous accompagner de votre premi\u00e8re course matinale \u00e0 votre promenade du soir, la <strong data-start=\"1174\" data-end=\"1189\">Ghost Max 3<\/strong> est pr\u00eate \u00e0 devenir votre nouvelle compagne de tous les jours.\n<\/td>\n<\/tr>\n<\/tbody>\n<\/table>\n<p>&nbsp;<\/p>\n","protected":false},"excerpt":{"rendered":"<ul>\n<li data-start=\"1558\" data-end=\"1636\">\n<p data-start=\"1560\" data-end=\"1636\">Base d&#8217;appui l\u00e9g\u00e8rement plus large pour plus de stabilit\u00e9 et de s\u00e9curit\u00e9.<\/p>\n<\/li>\n<li data-start=\"1637\" data-end=\"1703\">\n<p data-start=\"1639\" data-end=\"1703\">Transitions fluides et naturelles pour une foul\u00e9e souple et r\u00e9active.<\/p>\n<\/li>\n<li data-start=\"1704\" data-end=\"1794\">\n<p data-start=\"1706\" data-end=\"1794\">Polyvalente : parfaite pour les semelles orthop\u00e9diques, la course quotidienne, la marche et un usage quotidien.<\/p>\n<\/li>\n<\/ul>\n","protected":false},"featured_media":390228,"template":"","meta":{"_acf_changed":false,"inline_featured_image":false},"product_brand":[],"product_cat":[24448,24447],"product_tag":[23462,23655],"class_list":{"0":"post-335919","1":"product","2":"type-product","3":"status-publish","4":"has-post-thumbnail","6":"product_cat-chaussures-pour-hommes-fr","7":"product_cat-neutre-fr-3","8":"product_tag-brooks-fr","9":"product_tag-brooks-homme","10":"pa_attivita-marcher","11":"pa_attivita-running-fr","12":"pa_colore-ghost-max-3-atlantic-deep-black-green-fr","13":"pa_colore-ghost-max-3-primer-grey-antarctica-red-fr","14":"pa_colore-ghost-max-3-skyway-blue-orange","15":"pa_marca-brooks-fr","16":"pa_sesso-homme","17":"pa_size-42-fr","18":"pa_size-42-5-fr","19":"pa_size-43-fr","20":"pa_size-44-fr","21":"pa_size-44-5-fr","22":"pa_size-45-fr","23":"pa_size-45-5-fr","24":"pa_size-46-fr","25":"pa_size-46-5-fr","27":"first","28":"instock","29":"sale","30":"taxable","31":"shipping-taxable","32":"purchasable","33":"product-type-variable","34":"wvs-archive-product-wrapper"},"acf":[],"yoast_head":"<!-- This site is optimized with the Yoast SEO plugin v26.8 - https:\/\/yoast.com\/product\/yoast-seo-wordpress\/ -->\n<title>Brooks Ghost Max 3 homme - chaussures de course - MioMioRun.com<\/title>\n<meta name=\"description\" content=\"Ghost Max 3 Brooks \u2013 Amorti maximal, stabilit\u00e9 et transitions fluides. Id\u00e9al pour les semelles orthop\u00e9diques, la course quotidienne, la marche et un usage quotidien.\" \/>\n<meta name=\"robots\" content=\"index, follow, max-snippet:-1, max-image-preview:large, max-video-preview:-1\" \/>\n<link rel=\"canonical\" href=\"https:\/\/www.miomiorun.com\/fr\/produit\/ghost-max-3-homme\/\" \/>\n<meta property=\"og:locale\" content=\"fr_FR\" \/>\n<meta property=\"og:type\" content=\"article\" \/>\n<meta property=\"og:title\" content=\"Brooks Ghost Max 3 homme - chaussures de course - MioMioRun.com\" \/>\n<meta property=\"og:description\" content=\"Ghost Max 3 Brooks \u2013 Amorti maximal, stabilit\u00e9 et transitions fluides. Id\u00e9al pour les semelles orthop\u00e9diques, la course quotidienne, la marche et un usage quotidien.\" \/>\n<meta property=\"og:url\" content=\"https:\/\/www.miomiorun.com\/fr\/produit\/ghost-max-3-homme\/\" \/>\n<meta property=\"og:site_name\" content=\"MioMioRun\" \/>\n<meta property=\"article:publisher\" content=\"https:\/\/www.facebook.com\/miomiorun\/\" \/>\n<meta property=\"article:modified_time\" content=\"2026-03-25T16:12:31+00:00\" \/>\n<meta property=\"og:image\" content=\"https:\/\/www.miomiorun.com\/app\/uploads\/2026\/01\/brooks-Ghost-Max-3-atlantic-deep-black-green-1104641D338.webp\" \/>\n\t<meta property=\"og:image:width\" content=\"720\" \/>\n\t<meta property=\"og:image:height\" content=\"720\" \/>\n\t<meta property=\"og:image:type\" content=\"image\/webp\" \/>\n<meta name=\"twitter:card\" content=\"summary_large_image\" \/>\n<meta name=\"twitter:label1\" content=\"Est. reading time\" \/>\n\t<meta name=\"twitter:data1\" content=\"1 minute\" \/>\n<script type=\"application\/ld+json\" class=\"yoast-schema-graph\">{\"@context\":\"https:\/\/schema.org\",\"@graph\":[{\"@type\":\"WebPage\",\"@id\":\"https:\/\/www.miomiorun.com\/fr\/produit\/ghost-max-3-homme\/\",\"url\":\"https:\/\/www.miomiorun.com\/fr\/produit\/ghost-max-3-homme\/\",\"name\":\"Brooks Ghost Max 3 homme - chaussures de course - MioMioRun.com\",\"isPartOf\":{\"@id\":\"https:\/\/www.miomiorun.com\/fr\/#website\"},\"primaryImageOfPage\":{\"@id\":\"https:\/\/www.miomiorun.com\/fr\/produit\/ghost-max-3-homme\/#primaryimage\"},\"image\":{\"@id\":\"https:\/\/www.miomiorun.com\/fr\/produit\/ghost-max-3-homme\/#primaryimage\"},\"thumbnailUrl\":\"https:\/\/www.miomiorun.com\/app\/uploads\/2026\/01\/brooks-Ghost-Max-3-atlantic-deep-black-green-1104641D338.webp\",\"datePublished\":\"2025-08-14T10:18:13+00:00\",\"dateModified\":\"2026-03-25T16:12:31+00:00\",\"description\":\"Ghost Max 3 Brooks \u2013 Amorti maximal, stabilit\u00e9 et transitions fluides. Id\u00e9al pour les semelles orthop\u00e9diques, la course quotidienne, la marche et un usage quotidien.\",\"breadcrumb\":{\"@id\":\"https:\/\/www.miomiorun.com\/fr\/produit\/ghost-max-3-homme\/#breadcrumb\"},\"inLanguage\":\"fr-FR\",\"potentialAction\":[{\"@type\":\"ReadAction\",\"target\":[\"https:\/\/www.miomiorun.com\/fr\/produit\/ghost-max-3-homme\/\"]}]},{\"@type\":\"ImageObject\",\"inLanguage\":\"fr-FR\",\"@id\":\"https:\/\/www.miomiorun.com\/fr\/produit\/ghost-max-3-homme\/#primaryimage\",\"url\":\"https:\/\/www.miomiorun.com\/app\/uploads\/2026\/01\/brooks-Ghost-Max-3-atlantic-deep-black-green-1104641D338.webp\",\"contentUrl\":\"https:\/\/www.miomiorun.com\/app\/uploads\/2026\/01\/brooks-Ghost-Max-3-atlantic-deep-black-green-1104641D338.webp\",\"width\":720,\"height\":720,\"caption\":\"brooks Ghost Max 3 atlantic deep black green 1104641D338\"},{\"@type\":\"BreadcrumbList\",\"@id\":\"https:\/\/www.miomiorun.com\/fr\/produit\/ghost-max-3-homme\/#breadcrumb\",\"itemListElement\":[{\"@type\":\"ListItem\",\"position\":1,\"name\":\"Home\",\"item\":\"https:\/\/www.miomiorun.com\/fr\/home-page\/\"},{\"@type\":\"ListItem\",\"position\":2,\"name\":\"Shop\",\"item\":\"https:\/\/www.miomiorun.com\/shop\/\"},{\"@type\":\"ListItem\",\"position\":3,\"name\":\"Ghost Max 3 homme\"}]},{\"@type\":\"WebSite\",\"@id\":\"https:\/\/www.miomiorun.com\/fr\/#website\",\"url\":\"https:\/\/www.miomiorun.com\/fr\/\",\"name\":\"MioMioRun\",\"description\":\"Boutique 100% running et trail\",\"publisher\":{\"@id\":\"https:\/\/www.miomiorun.com\/fr\/#organization\"},\"potentialAction\":[{\"@type\":\"SearchAction\",\"target\":{\"@type\":\"EntryPoint\",\"urlTemplate\":\"https:\/\/www.miomiorun.com\/fr\/?s={search_term_string}\"},\"query-input\":{\"@type\":\"PropertyValueSpecification\",\"valueRequired\":true,\"valueName\":\"search_term_string\"}}],\"inLanguage\":\"fr-FR\"},{\"@type\":\"Organization\",\"@id\":\"https:\/\/www.miomiorun.com\/fr\/#organization\",\"name\":\"MioMio Run\",\"url\":\"https:\/\/www.miomiorun.com\/fr\/\",\"logo\":{\"@type\":\"ImageObject\",\"inLanguage\":\"fr-FR\",\"@id\":\"https:\/\/www.miomiorun.com\/fr\/#\/schema\/logo\/image\/\",\"url\":\"https:\/\/www.miomiorun.com\/app\/uploads\/2019\/12\/logomio.png\",\"contentUrl\":\"https:\/\/www.miomiorun.com\/app\/uploads\/2019\/12\/logomio.png\",\"width\":115,\"height\":82,\"caption\":\"MioMio Run\"},\"image\":{\"@id\":\"https:\/\/www.miomiorun.com\/fr\/#\/schema\/logo\/image\/\"},\"sameAs\":[\"https:\/\/www.facebook.com\/miomiorun\/\",\"https:\/\/www.instagram.com\/miomiorun\/\"]}]}<\/script>\n<!-- \/ Yoast SEO plugin. -->","yoast_head_json":{"title":"Brooks Ghost Max 3 homme - chaussures de course - MioMioRun.com","description":"Ghost Max 3 Brooks \u2013 Amorti maximal, stabilit\u00e9 et transitions fluides. Id\u00e9al pour les semelles orthop\u00e9diques, la course quotidienne, la marche et un usage quotidien.","robots":{"index":"index","follow":"follow","max-snippet":"max-snippet:-1","max-image-preview":"max-image-preview:large","max-video-preview":"max-video-preview:-1"},"canonical":"https:\/\/www.miomiorun.com\/fr\/produit\/ghost-max-3-homme\/","og_locale":"fr_FR","og_type":"article","og_title":"Brooks Ghost Max 3 homme - chaussures de course - MioMioRun.com","og_description":"Ghost Max 3 Brooks \u2013 Amorti maximal, stabilit\u00e9 et transitions fluides. Id\u00e9al pour les semelles orthop\u00e9diques, la course quotidienne, la marche et un usage quotidien.","og_url":"https:\/\/www.miomiorun.com\/fr\/produit\/ghost-max-3-homme\/","og_site_name":"MioMioRun","article_publisher":"https:\/\/www.facebook.com\/miomiorun\/","article_modified_time":"2026-03-25T16:12:31+00:00","og_image":[{"width":720,"height":720,"url":"https:\/\/www.miomiorun.com\/app\/uploads\/2026\/01\/brooks-Ghost-Max-3-atlantic-deep-black-green-1104641D338.webp","type":"image\/webp"}],"twitter_card":"summary_large_image","twitter_misc":{"Est. reading time":"1 minute"},"schema":{"@context":"https:\/\/schema.org","@graph":[{"@type":"WebPage","@id":"https:\/\/www.miomiorun.com\/fr\/produit\/ghost-max-3-homme\/","url":"https:\/\/www.miomiorun.com\/fr\/produit\/ghost-max-3-homme\/","name":"Brooks Ghost Max 3 homme - chaussures de course - MioMioRun.com","isPartOf":{"@id":"https:\/\/www.miomiorun.com\/fr\/#website"},"primaryImageOfPage":{"@id":"https:\/\/www.miomiorun.com\/fr\/produit\/ghost-max-3-homme\/#primaryimage"},"image":{"@id":"https:\/\/www.miomiorun.com\/fr\/produit\/ghost-max-3-homme\/#primaryimage"},"thumbnailUrl":"https:\/\/www.miomiorun.com\/app\/uploads\/2026\/01\/brooks-Ghost-Max-3-atlantic-deep-black-green-1104641D338.webp","datePublished":"2025-08-14T10:18:13+00:00","dateModified":"2026-03-25T16:12:31+00:00","description":"Ghost Max 3 Brooks \u2013 Amorti maximal, stabilit\u00e9 et transitions fluides. Id\u00e9al pour les semelles orthop\u00e9diques, la course quotidienne, la marche et un usage quotidien.","breadcrumb":{"@id":"https:\/\/www.miomiorun.com\/fr\/produit\/ghost-max-3-homme\/#breadcrumb"},"inLanguage":"fr-FR","potentialAction":[{"@type":"ReadAction","target":["https:\/\/www.miomiorun.com\/fr\/produit\/ghost-max-3-homme\/"]}]},{"@type":"ImageObject","inLanguage":"fr-FR","@id":"https:\/\/www.miomiorun.com\/fr\/produit\/ghost-max-3-homme\/#primaryimage","url":"https:\/\/www.miomiorun.com\/app\/uploads\/2026\/01\/brooks-Ghost-Max-3-atlantic-deep-black-green-1104641D338.webp","contentUrl":"https:\/\/www.miomiorun.com\/app\/uploads\/2026\/01\/brooks-Ghost-Max-3-atlantic-deep-black-green-1104641D338.webp","width":720,"height":720,"caption":"brooks Ghost Max 3 atlantic deep black green 1104641D338"},{"@type":"BreadcrumbList","@id":"https:\/\/www.miomiorun.com\/fr\/produit\/ghost-max-3-homme\/#breadcrumb","itemListElement":[{"@type":"ListItem","position":1,"name":"Home","item":"https:\/\/www.miomiorun.com\/fr\/home-page\/"},{"@type":"ListItem","position":2,"name":"Shop","item":"https:\/\/www.miomiorun.com\/shop\/"},{"@type":"ListItem","position":3,"name":"Ghost Max 3 homme"}]},{"@type":"WebSite","@id":"https:\/\/www.miomiorun.com\/fr\/#website","url":"https:\/\/www.miomiorun.com\/fr\/","name":"MioMioRun","description":"Boutique 100% running et trail","publisher":{"@id":"https:\/\/www.miomiorun.com\/fr\/#organization"},"potentialAction":[{"@type":"SearchAction","target":{"@type":"EntryPoint","urlTemplate":"https:\/\/www.miomiorun.com\/fr\/?s={search_term_string}"},"query-input":{"@type":"PropertyValueSpecification","valueRequired":true,"valueName":"search_term_string"}}],"inLanguage":"fr-FR"},{"@type":"Organization","@id":"https:\/\/www.miomiorun.com\/fr\/#organization","name":"MioMio Run","url":"https:\/\/www.miomiorun.com\/fr\/","logo":{"@type":"ImageObject","inLanguage":"fr-FR","@id":"https:\/\/www.miomiorun.com\/fr\/#\/schema\/logo\/image\/","url":"https:\/\/www.miomiorun.com\/app\/uploads\/2019\/12\/logomio.png","contentUrl":"https:\/\/www.miomiorun.com\/app\/uploads\/2019\/12\/logomio.png","width":115,"height":82,"caption":"MioMio Run"},"image":{"@id":"https:\/\/www.miomiorun.com\/fr\/#\/schema\/logo\/image\/"},"sameAs":["https:\/\/www.facebook.com\/miomiorun\/","https:\/\/www.instagram.com\/miomiorun\/"]}]}},"_links":{"self":[{"href":"https:\/\/www.miomiorun.com\/fr\/wp-json\/wp\/v2\/product\/335919","targetHints":{"allow":["GET"]}}],"collection":[{"href":"https:\/\/www.miomiorun.com\/fr\/wp-json\/wp\/v2\/product"}],"about":[{"href":"https:\/\/www.miomiorun.com\/fr\/wp-json\/wp\/v2\/types\/product"}],"wp:featuredmedia":[{"embeddable":true,"href":"https:\/\/www.miomiorun.com\/fr\/wp-json\/wp\/v2\/media\/390228"}],"wp:attachment":[{"href":"https:\/\/www.miomiorun.com\/fr\/wp-json\/wp\/v2\/media?parent=335919"}],"wp:term":[{"taxonomy":"product_brand","embeddable":true,"href":"https:\/\/www.miomiorun.com\/fr\/wp-json\/wp\/v2\/product_brand?post=335919"},{"taxonomy":"product_cat","embeddable":true,"href":"https:\/\/www.miomiorun.com\/fr\/wp-json\/wp\/v2\/product_cat?post=335919"},{"taxonomy":"product_tag","embeddable":true,"href":"https:\/\/www.miomiorun.com\/fr\/wp-json\/wp\/v2\/product_tag?post=335919"}],"curies":[{"name":"wp","href":"https:\/\/api.w.org\/{rel}","templated":true}]}}