{"id":335389,"date":"2025-08-14T10:40:52","date_gmt":"2025-08-14T08:40:52","guid":{"rendered":"https:\/\/www.miomiorun.com\/?post_type=product&#038;p=335389"},"modified":"2026-04-23T17:40:54","modified_gmt":"2026-04-23T15:40:54","slug":"fuji-lite-6-homme","status":"publish","type":"product","link":"https:\/\/www.miomiorun.com\/fr\/produit\/fuji-lite-6-homme\/","title":{"rendered":"Fuji Lite 6 homme"},"content":{"rendered":"<div class=\"vc-row container\"><div class=\"vc-column\"><div class=\"vc-column-text\"><\/p>\n<p><strong>Caract\u00e9ristiques techniques<\/strong><\/p>\n<p>Cat\u00e9gorie : amorti sup\u00e9rieur<br \/>\nD\u00e9calage : 4 mm<br \/>\nPoids : 250 g<br \/>\nId\u00e9al pour : les coureurs amateurs de course tout-terrain \u00e0 la recherche d&#8217;un mod\u00e8le bien amorti pouvant \u00eatre utilis\u00e9 pour les longues et moyennes distances, aussi bien en montagne que sur des chemins de terre et occasionnellement sur l&#8217;asphalte.<br \/>\nPoids de l&#8217;athl\u00e8te : 60-80 kg<br \/>\nAllure de course : moyenne (5,00 min\/km)<br \/>\n<a href=\"https:\/\/miomiorun.com\/guida-alle-specifiche-tecniche\/\">Guide des sp\u00e9cifications techniques<\/a><\/p>\n<p><\/div><\/div><div class=\"vc-column\"><div class=\"vc-column-text\"><\/p>\n<p data-start=\"176\" data-end=\"446\">La ASICS FUJI LITE 6 est la compagne id\u00e9ale pour ceux qui aiment courir sur les sentiers avec contr\u00f4le, l\u00e9g\u00e8ret\u00e9 et s\u00e9curit\u00e9. Con\u00e7ue pour vous permettre de vous sentir en harmonie avec le terrain, elle allie une adh\u00e9rence fiable et une stabilit\u00e9 qui vous permettent d&#8217;affronter en toute confiance m\u00eame les parcours les plus techniques. La semelle interm\u00e9diaire avec <strong data-start=\"465\" data-end=\"498\">amorti FF BLAST PLUS<\/strong> offre une combinaison imbattable de l\u00e9g\u00e8ret\u00e9, de r\u00e9activit\u00e9 et de confort, r\u00e9duisant l&#8217;impact et restituant de l&#8217;\u00e9nergie \u00e0 chaque foul\u00e9e. La nouvelle configuration enveloppe le milieu du pied jusqu&#8217;\u00e0 l&#8217;avant-pied, am\u00e9liorant ainsi l&#8217;ajustement et la stabilit\u00e9, tandis que les renforts au niveau des \u0153illets maintiennent le pied bien en place, m\u00eame sur les terrains les plus difficiles. La tige en <strong data-start=\"863\" data-end=\"882\">mesh renforc\u00e9<\/strong> est l\u00e9g\u00e8re, respirante et durable : plus de 50 % du mat\u00e9riau principal est fabriqu\u00e9 \u00e0 partir de fibres recycl\u00e9es, ce qui r\u00e9duit l&#8217;impact environnemental sans sacrifier les performances. Les <strong data-start=\"1060\" data-end=\"1084\">d\u00e9tails r\u00e9fl\u00e9chissants<\/strong> augmentent la visibilit\u00e9 dans des conditions de faible luminosit\u00e9 et la <strong data-start=\"1139\" data-end=\"1162\">bande de blocage des lacets<\/strong> sur la languette vous permet de tout garder en ordre, en \u00e9vitant les accrochages. La semelle <strong data-start=\"1254\" data-end=\"1267\">ASICSGRIP<\/strong> assure une adh\u00e9rence avanc\u00e9e sur diff\u00e9rents types de terrain, tandis que les <strong data-start=\"1330\" data-end=\"1348\">ailettes de 4 mm<\/strong> garantissent une traction et un contr\u00f4le optimaux dans les passages techniques. De plus, c&#8217;est un mod\u00e8le <strong data-start=\"1435\" data-end=\"1453\">vegan friendly<\/strong>, con\u00e7u sans utiliser de mat\u00e9riaux d&#8217;origine animale.<br \/>\n<\/div><\/div><\/div>\n","protected":false},"excerpt":{"rendered":"<ul>\n<li>chaussure adapt\u00e9e aux longues randonn\u00e9es sur sentiers mixtes<\/li>\n<li>amortie et l\u00e9g\u00e8re<\/li>\n<\/ul>\n","protected":false},"featured_media":338320,"template":"","meta":{"_acf_changed":false,"inline_featured_image":false},"product_brand":[],"product_cat":[24448,24445],"product_tag":[23560,23667],"class_list":{"0":"post-335389","1":"product","2":"type-product","3":"status-publish","4":"has-post-thumbnail","6":"product_cat-chaussures-pour-hommes-fr","7":"product_cat-trail-fr-3","8":"product_tag-asics-fr","9":"product_tag-asics-homme","10":"pa_attivita-outdoor-fr","11":"pa_attivita-trail-fr","12":"pa_colore-fuji-lite-6-khaki-cream-fr","13":"pa_colore-fuji-lite-6-red-clay-black-fr","14":"pa_marca-asics-fr","15":"pa_sesso-homme","16":"pa_size-42-fr","17":"pa_size-44-fr","18":"pa_size-45-fr","19":"pa_size-46-fr","21":"first","22":"instock","23":"sale","24":"taxable","25":"shipping-taxable","26":"purchasable","27":"product-type-variable","28":"wvs-archive-product-wrapper"},"acf":[],"yoast_head":"<!-- This site is optimized with the Yoast SEO plugin v26.8 - https:\/\/yoast.com\/product\/yoast-seo-wordpress\/ -->\n<title>Asics Fuji Lite 6 homme - chaussures de trail pour homme - MioMioRun.com<\/title>\n<meta name=\"description\" content=\"ASICS FUJI LITE 6 : chaussure de trail l\u00e9g\u00e8re et r\u00e9active avec FF BLAST PLUS, semelle ASICSGRIP et tige durable. Adh\u00e9rence et contr\u00f4le sur tous les terrains.\" \/>\n<meta name=\"robots\" content=\"index, follow, max-snippet:-1, max-image-preview:large, max-video-preview:-1\" \/>\n<link rel=\"canonical\" href=\"https:\/\/www.miomiorun.com\/fr\/produit\/fuji-lite-6-homme\/\" \/>\n<meta property=\"og:locale\" content=\"fr_FR\" \/>\n<meta property=\"og:type\" content=\"article\" \/>\n<meta property=\"og:title\" content=\"Asics Fuji Lite 6 homme - chaussures de trail pour homme - MioMioRun.com\" \/>\n<meta property=\"og:description\" content=\"ASICS FUJI LITE 6 : chaussure de trail l\u00e9g\u00e8re et r\u00e9active avec FF BLAST PLUS, semelle ASICSGRIP et tige durable. Adh\u00e9rence et contr\u00f4le sur tous les terrains.\" \/>\n<meta property=\"og:url\" content=\"https:\/\/www.miomiorun.com\/fr\/produit\/fuji-lite-6-homme\/\" \/>\n<meta property=\"og:site_name\" content=\"MioMioRun\" \/>\n<meta property=\"article:publisher\" content=\"https:\/\/www.facebook.com\/miomiorun\/\" \/>\n<meta property=\"article:modified_time\" content=\"2026-04-23T15:40:54+00:00\" \/>\n<meta property=\"og:image\" content=\"https:\/\/www.miomiorun.com\/app\/uploads\/2025\/08\/asics-Fuji-Lite-6-red-clay-black-1011C086-600.webp\" \/>\n\t<meta property=\"og:image:width\" content=\"720\" \/>\n\t<meta property=\"og:image:height\" content=\"720\" \/>\n\t<meta property=\"og:image:type\" content=\"image\/webp\" \/>\n<meta name=\"twitter:card\" content=\"summary_large_image\" \/>\n<meta name=\"twitter:label1\" content=\"Est. reading time\" \/>\n\t<meta name=\"twitter:data1\" content=\"2 minutes\" \/>\n<script type=\"application\/ld+json\" class=\"yoast-schema-graph\">{\"@context\":\"https:\/\/schema.org\",\"@graph\":[{\"@type\":\"WebPage\",\"@id\":\"https:\/\/www.miomiorun.com\/fr\/produit\/fuji-lite-6-homme\/\",\"url\":\"https:\/\/www.miomiorun.com\/fr\/produit\/fuji-lite-6-homme\/\",\"name\":\"Asics Fuji Lite 6 homme - chaussures de trail pour homme - MioMioRun.com\",\"isPartOf\":{\"@id\":\"https:\/\/www.miomiorun.com\/fr\/#website\"},\"primaryImageOfPage\":{\"@id\":\"https:\/\/www.miomiorun.com\/fr\/produit\/fuji-lite-6-homme\/#primaryimage\"},\"image\":{\"@id\":\"https:\/\/www.miomiorun.com\/fr\/produit\/fuji-lite-6-homme\/#primaryimage\"},\"thumbnailUrl\":\"https:\/\/www.miomiorun.com\/app\/uploads\/2025\/08\/asics-Fuji-Lite-6-red-clay-black-1011C086-600.webp\",\"datePublished\":\"2025-08-14T08:40:52+00:00\",\"dateModified\":\"2026-04-23T15:40:54+00:00\",\"description\":\"ASICS FUJI LITE 6 : chaussure de trail l\u00e9g\u00e8re et r\u00e9active avec FF BLAST PLUS, semelle ASICSGRIP et tige durable. Adh\u00e9rence et contr\u00f4le sur tous les terrains.\",\"breadcrumb\":{\"@id\":\"https:\/\/www.miomiorun.com\/fr\/produit\/fuji-lite-6-homme\/#breadcrumb\"},\"inLanguage\":\"fr-FR\",\"potentialAction\":[{\"@type\":\"ReadAction\",\"target\":[\"https:\/\/www.miomiorun.com\/fr\/produit\/fuji-lite-6-homme\/\"]}]},{\"@type\":\"ImageObject\",\"inLanguage\":\"fr-FR\",\"@id\":\"https:\/\/www.miomiorun.com\/fr\/produit\/fuji-lite-6-homme\/#primaryimage\",\"url\":\"https:\/\/www.miomiorun.com\/app\/uploads\/2025\/08\/asics-Fuji-Lite-6-red-clay-black-1011C086-600.webp\",\"contentUrl\":\"https:\/\/www.miomiorun.com\/app\/uploads\/2025\/08\/asics-Fuji-Lite-6-red-clay-black-1011C086-600.webp\",\"width\":720,\"height\":720,\"caption\":\"asics Fuji Lite 6 red clay black 1011C086 600\"},{\"@type\":\"BreadcrumbList\",\"@id\":\"https:\/\/www.miomiorun.com\/fr\/produit\/fuji-lite-6-homme\/#breadcrumb\",\"itemListElement\":[{\"@type\":\"ListItem\",\"position\":1,\"name\":\"Home\",\"item\":\"https:\/\/www.miomiorun.com\/fr\/home-page\/\"},{\"@type\":\"ListItem\",\"position\":2,\"name\":\"Shop\",\"item\":\"https:\/\/www.miomiorun.com\/shop\/\"},{\"@type\":\"ListItem\",\"position\":3,\"name\":\"Fuji Lite 6 homme\"}]},{\"@type\":\"WebSite\",\"@id\":\"https:\/\/www.miomiorun.com\/fr\/#website\",\"url\":\"https:\/\/www.miomiorun.com\/fr\/\",\"name\":\"MioMioRun\",\"description\":\"Boutique 100% running et trail\",\"publisher\":{\"@id\":\"https:\/\/www.miomiorun.com\/fr\/#organization\"},\"potentialAction\":[{\"@type\":\"SearchAction\",\"target\":{\"@type\":\"EntryPoint\",\"urlTemplate\":\"https:\/\/www.miomiorun.com\/fr\/?s={search_term_string}\"},\"query-input\":{\"@type\":\"PropertyValueSpecification\",\"valueRequired\":true,\"valueName\":\"search_term_string\"}}],\"inLanguage\":\"fr-FR\"},{\"@type\":\"Organization\",\"@id\":\"https:\/\/www.miomiorun.com\/fr\/#organization\",\"name\":\"MioMio Run\",\"url\":\"https:\/\/www.miomiorun.com\/fr\/\",\"logo\":{\"@type\":\"ImageObject\",\"inLanguage\":\"fr-FR\",\"@id\":\"https:\/\/www.miomiorun.com\/fr\/#\/schema\/logo\/image\/\",\"url\":\"https:\/\/www.miomiorun.com\/app\/uploads\/2019\/12\/logomio.png\",\"contentUrl\":\"https:\/\/www.miomiorun.com\/app\/uploads\/2019\/12\/logomio.png\",\"width\":115,\"height\":82,\"caption\":\"MioMio Run\"},\"image\":{\"@id\":\"https:\/\/www.miomiorun.com\/fr\/#\/schema\/logo\/image\/\"},\"sameAs\":[\"https:\/\/www.facebook.com\/miomiorun\/\",\"https:\/\/www.instagram.com\/miomiorun\/\"]}]}<\/script>\n<!-- \/ Yoast SEO plugin. -->","yoast_head_json":{"title":"Asics Fuji Lite 6 homme - chaussures de trail pour homme - MioMioRun.com","description":"ASICS FUJI LITE 6 : chaussure de trail l\u00e9g\u00e8re et r\u00e9active avec FF BLAST PLUS, semelle ASICSGRIP et tige durable. Adh\u00e9rence et contr\u00f4le sur tous les terrains.","robots":{"index":"index","follow":"follow","max-snippet":"max-snippet:-1","max-image-preview":"max-image-preview:large","max-video-preview":"max-video-preview:-1"},"canonical":"https:\/\/www.miomiorun.com\/fr\/produit\/fuji-lite-6-homme\/","og_locale":"fr_FR","og_type":"article","og_title":"Asics Fuji Lite 6 homme - chaussures de trail pour homme - MioMioRun.com","og_description":"ASICS FUJI LITE 6 : chaussure de trail l\u00e9g\u00e8re et r\u00e9active avec FF BLAST PLUS, semelle ASICSGRIP et tige durable. Adh\u00e9rence et contr\u00f4le sur tous les terrains.","og_url":"https:\/\/www.miomiorun.com\/fr\/produit\/fuji-lite-6-homme\/","og_site_name":"MioMioRun","article_publisher":"https:\/\/www.facebook.com\/miomiorun\/","article_modified_time":"2026-04-23T15:40:54+00:00","og_image":[{"width":720,"height":720,"url":"https:\/\/www.miomiorun.com\/app\/uploads\/2025\/08\/asics-Fuji-Lite-6-red-clay-black-1011C086-600.webp","type":"image\/webp"}],"twitter_card":"summary_large_image","twitter_misc":{"Est. reading time":"2 minutes"},"schema":{"@context":"https:\/\/schema.org","@graph":[{"@type":"WebPage","@id":"https:\/\/www.miomiorun.com\/fr\/produit\/fuji-lite-6-homme\/","url":"https:\/\/www.miomiorun.com\/fr\/produit\/fuji-lite-6-homme\/","name":"Asics Fuji Lite 6 homme - chaussures de trail pour homme - MioMioRun.com","isPartOf":{"@id":"https:\/\/www.miomiorun.com\/fr\/#website"},"primaryImageOfPage":{"@id":"https:\/\/www.miomiorun.com\/fr\/produit\/fuji-lite-6-homme\/#primaryimage"},"image":{"@id":"https:\/\/www.miomiorun.com\/fr\/produit\/fuji-lite-6-homme\/#primaryimage"},"thumbnailUrl":"https:\/\/www.miomiorun.com\/app\/uploads\/2025\/08\/asics-Fuji-Lite-6-red-clay-black-1011C086-600.webp","datePublished":"2025-08-14T08:40:52+00:00","dateModified":"2026-04-23T15:40:54+00:00","description":"ASICS FUJI LITE 6 : chaussure de trail l\u00e9g\u00e8re et r\u00e9active avec FF BLAST PLUS, semelle ASICSGRIP et tige durable. Adh\u00e9rence et contr\u00f4le sur tous les terrains.","breadcrumb":{"@id":"https:\/\/www.miomiorun.com\/fr\/produit\/fuji-lite-6-homme\/#breadcrumb"},"inLanguage":"fr-FR","potentialAction":[{"@type":"ReadAction","target":["https:\/\/www.miomiorun.com\/fr\/produit\/fuji-lite-6-homme\/"]}]},{"@type":"ImageObject","inLanguage":"fr-FR","@id":"https:\/\/www.miomiorun.com\/fr\/produit\/fuji-lite-6-homme\/#primaryimage","url":"https:\/\/www.miomiorun.com\/app\/uploads\/2025\/08\/asics-Fuji-Lite-6-red-clay-black-1011C086-600.webp","contentUrl":"https:\/\/www.miomiorun.com\/app\/uploads\/2025\/08\/asics-Fuji-Lite-6-red-clay-black-1011C086-600.webp","width":720,"height":720,"caption":"asics Fuji Lite 6 red clay black 1011C086 600"},{"@type":"BreadcrumbList","@id":"https:\/\/www.miomiorun.com\/fr\/produit\/fuji-lite-6-homme\/#breadcrumb","itemListElement":[{"@type":"ListItem","position":1,"name":"Home","item":"https:\/\/www.miomiorun.com\/fr\/home-page\/"},{"@type":"ListItem","position":2,"name":"Shop","item":"https:\/\/www.miomiorun.com\/shop\/"},{"@type":"ListItem","position":3,"name":"Fuji Lite 6 homme"}]},{"@type":"WebSite","@id":"https:\/\/www.miomiorun.com\/fr\/#website","url":"https:\/\/www.miomiorun.com\/fr\/","name":"MioMioRun","description":"Boutique 100% running et trail","publisher":{"@id":"https:\/\/www.miomiorun.com\/fr\/#organization"},"potentialAction":[{"@type":"SearchAction","target":{"@type":"EntryPoint","urlTemplate":"https:\/\/www.miomiorun.com\/fr\/?s={search_term_string}"},"query-input":{"@type":"PropertyValueSpecification","valueRequired":true,"valueName":"search_term_string"}}],"inLanguage":"fr-FR"},{"@type":"Organization","@id":"https:\/\/www.miomiorun.com\/fr\/#organization","name":"MioMio Run","url":"https:\/\/www.miomiorun.com\/fr\/","logo":{"@type":"ImageObject","inLanguage":"fr-FR","@id":"https:\/\/www.miomiorun.com\/fr\/#\/schema\/logo\/image\/","url":"https:\/\/www.miomiorun.com\/app\/uploads\/2019\/12\/logomio.png","contentUrl":"https:\/\/www.miomiorun.com\/app\/uploads\/2019\/12\/logomio.png","width":115,"height":82,"caption":"MioMio Run"},"image":{"@id":"https:\/\/www.miomiorun.com\/fr\/#\/schema\/logo\/image\/"},"sameAs":["https:\/\/www.facebook.com\/miomiorun\/","https:\/\/www.instagram.com\/miomiorun\/"]}]}},"_links":{"self":[{"href":"https:\/\/www.miomiorun.com\/fr\/wp-json\/wp\/v2\/product\/335389","targetHints":{"allow":["GET"]}}],"collection":[{"href":"https:\/\/www.miomiorun.com\/fr\/wp-json\/wp\/v2\/product"}],"about":[{"href":"https:\/\/www.miomiorun.com\/fr\/wp-json\/wp\/v2\/types\/product"}],"wp:featuredmedia":[{"embeddable":true,"href":"https:\/\/www.miomiorun.com\/fr\/wp-json\/wp\/v2\/media\/338320"}],"wp:attachment":[{"href":"https:\/\/www.miomiorun.com\/fr\/wp-json\/wp\/v2\/media?parent=335389"}],"wp:term":[{"taxonomy":"product_brand","embeddable":true,"href":"https:\/\/www.miomiorun.com\/fr\/wp-json\/wp\/v2\/product_brand?post=335389"},{"taxonomy":"product_cat","embeddable":true,"href":"https:\/\/www.miomiorun.com\/fr\/wp-json\/wp\/v2\/product_cat?post=335389"},{"taxonomy":"product_tag","embeddable":true,"href":"https:\/\/www.miomiorun.com\/fr\/wp-json\/wp\/v2\/product_tag?post=335389"}],"curies":[{"name":"wp","href":"https:\/\/api.w.org\/{rel}","templated":true}]}}