{"id":334840,"date":"2025-08-13T16:06:46","date_gmt":"2025-08-13T14:06:46","guid":{"rendered":"https:\/\/www.miomiorun.com\/?post_type=product&#038;p=334840"},"modified":"2025-12-09T18:56:13","modified_gmt":"2025-12-09T17:56:13","slug":"gel-kayano-32-homme","status":"publish","type":"product","link":"https:\/\/www.miomiorun.com\/fr\/produit\/gel-kayano-32-homme\/","title":{"rendered":"Gel Kayano 32 homme"},"content":{"rendered":"<table style=\"border-collapse: collapse;width: 100%\">\n<tbody>\n<tr>\n<td style=\"width: 33.3333%;vertical-align: top\">\n<h4>Caract\u00e9ristiques techniques<\/h4>\n<p>Cat\u00e9gorie : super amorti<br \/>\nD\u00e9calage : 8 mm<br \/>\nPoids : 300 g<\/p>\n<p>Id\u00e9al pour : tous les coureurs \u00e0 la recherche d&#8217;une chaussure stable et super amortie qui offre le soutien n\u00e9cessaire sur les longues distances.<br \/>\nPoids de l&#8217;athl\u00e8te : &gt; 75 kg<br \/>\nAllure de course : &gt; 5,30 min\/km<br \/>\n<a href=\"https:\/\/miomiorun.com\/guida-alle-specifiche-tecniche\/\">Guide des caract\u00e9ristiques techniques<\/a><\/td>\n<td style=\"width: 66.6666%;vertical-align: top\">La nouvelle ASICS GEL-KAYANO 32 est la r\u00e9f\u00e9rence absolue pour ceux qui recherchent stabilit\u00e9, confort et protection sur les longues distances. C&#8217;est la chaussure la plus avanc\u00e9e jamais cr\u00e9\u00e9e par ASICS en termes de soutien, con\u00e7ue pour vous accompagner plus loin et plus longtemps sans compromettre votre confort. Au c\u0153ur de ce mod\u00e8le se trouve la technologie <strong data-start=\"532\" data-end=\"554\">4D GUIDANCE SYSTEM<\/strong>, un syst\u00e8me de stabilit\u00e9 adaptative compos\u00e9 de quatre \u00e9l\u00e9ments distincts qui travaillent en synergie pour soutenir le pied \u00e0 chaque phase de l&#8217;appui. Cette innovation entre en action pr\u00e9cis\u00e9ment lorsque le corps a le plus besoin de contr\u00f4le, permettant une course fluide et s\u00fbre m\u00eame lorsque la fatigue augmente. Pour le confort, la GEL-KAYANO 32 combine le syst\u00e8me <strong data-start=\"926\" data-end=\"937\">PureGEL<\/strong>, qui absorbe les chocs et r\u00e9duit l&#8217;impact sur les articulations, avec la mousse <strong data-start=\"1015\" data-end=\"1032\">FF BLAST PLUS<\/strong>, souple et r\u00e9active, qui offre un appui moelleux et un amorti renforc\u00e9, m\u00eame sur les surfaces les plus dures. Le r\u00e9sultat est une sensation continue de soutien et de l\u00e9g\u00e8ret\u00e9 qui vous invite \u00e0 continuer pas apr\u00e8s pas. La tige en <strong data-start=\"1270\" data-end=\"1289\">mesh renforc\u00e9<\/strong> garantit une excellente respirabilit\u00e9 et maintient les pieds au frais, tandis que la <strong data-start=\"1368\" data-end=\"1394\">semelle hybride ASICSGRIP<\/strong> assure traction et r\u00e9sistance sur diff\u00e9rents types de terrain. \u00c0 l&#8217;int\u00e9rieur, la semelle int\u00e9rieure <strong data-start=\"1478\" data-end=\"1496\">OrthoLite X-55<\/strong> am\u00e9liore le confort et aide \u00e0 g\u00e9rer l&#8217;humidit\u00e9, tandis que les <strong data-start=\"1550\" data-end=\"1574\">d\u00e9tails r\u00e9fl\u00e9chissants<\/strong> vous rendent visible m\u00eame dans des conditions de faible luminosit\u00e9. Gr\u00e2ce aux languettes pratiques au talon, enfiler et retirer la chaussure est plus facile que jamais. La GEL-KAYANO 32 n&#8217;est pas seulement une chaussure de course : c&#8217;est un compagnon d&#8217;entra\u00eenement qui s&#8217;adapte \u00e0 votre foul\u00e9e, vous prot\u00e8ge et vous offre la s\u00e9curit\u00e9 n\u00e9cessaire pour courir toujours au maximum de vos capacit\u00e9s.\n<\/td>\n<\/tr>\n<\/tbody>\n<\/table>\n<p>&nbsp;<\/p>\n","protected":false},"excerpt":{"rendered":"<ul>\n<li>Chaussure ultra-amortissante et stable.<\/li>\n<li>Chaussure id\u00e9ale pour les pronateurs.<\/li>\n<li>Adapt\u00e9e aux longues distances.<\/li>\n<\/ul>\n","protected":false},"featured_media":338278,"template":"","meta":{"_acf_changed":false,"inline_featured_image":false},"product_brand":[],"product_cat":[24448,24446],"product_tag":[23560,23667],"class_list":{"0":"post-334840","1":"product","2":"type-product","3":"status-publish","4":"has-post-thumbnail","6":"product_cat-chaussures-pour-hommes-fr","7":"product_cat-stables","8":"product_tag-asics-fr","9":"product_tag-asics-homme","10":"pa_attivita-marcher","11":"pa_attivita-running-fr","12":"pa_colore-kayano-32-midnight-black-fr","13":"pa_colore-kayano-32-sky-lemon-park","14":"pa_colore-kayano-32-steel-grey-aegean-blue-fr","15":"pa_colore-kayano-32-winter-sea-midnight-fr","16":"pa_marca-asics-fr","17":"pa_sesso-homme","18":"pa_size-42-fr","19":"pa_size-42-5-fr","20":"pa_size-43-5-fr","21":"pa_size-44-fr","22":"pa_size-44-5-fr","23":"pa_size-45-fr","24":"pa_size-46-fr","25":"pa_size-46-5-fr","27":"first","28":"instock","29":"sale","30":"taxable","31":"shipping-taxable","32":"purchasable","33":"product-type-variable","34":"wvs-archive-product-wrapper"},"acf":[],"yoast_head":"<!-- This site is optimized with the Yoast SEO plugin v26.8 - https:\/\/yoast.com\/product\/yoast-seo-wordpress\/ -->\n<title>Asics Gel Kayano 32 homme - chaussures de course homme - MioMioRun .com<\/title>\n<meta name=\"description\" content=\"ASICS GEL-KAYANO 32 : chaussure de course stable et confortable avec 4D GUIDANCE SYSTEM, PureGEL et FF BLAST PLUS. Parfaite pour les longues distances.\" \/>\n<meta name=\"robots\" content=\"index, follow, max-snippet:-1, max-image-preview:large, max-video-preview:-1\" \/>\n<link rel=\"canonical\" href=\"https:\/\/www.miomiorun.com\/fr\/produit\/gel-kayano-32-homme\/\" \/>\n<meta property=\"og:locale\" content=\"fr_FR\" \/>\n<meta property=\"og:type\" content=\"article\" \/>\n<meta property=\"og:title\" content=\"Asics Gel Kayano 32 homme - chaussures de course homme - MioMioRun .com\" \/>\n<meta property=\"og:description\" content=\"ASICS GEL-KAYANO 32 : chaussure de course stable et confortable avec 4D GUIDANCE SYSTEM, PureGEL et FF BLAST PLUS. Parfaite pour les longues distances.\" \/>\n<meta property=\"og:url\" content=\"https:\/\/www.miomiorun.com\/fr\/produit\/gel-kayano-32-homme\/\" \/>\n<meta property=\"og:site_name\" content=\"MioMioRun\" \/>\n<meta property=\"article:publisher\" content=\"https:\/\/www.facebook.com\/miomiorun\/\" \/>\n<meta property=\"article:modified_time\" content=\"2025-12-09T17:56:13+00:00\" \/>\n<meta property=\"og:image\" content=\"https:\/\/www.miomiorun.com\/app\/uploads\/2025\/08\/asics-Kayano-32-winter-sea-midnight-1011C052-401.webp\" \/>\n\t<meta property=\"og:image:width\" content=\"720\" \/>\n\t<meta property=\"og:image:height\" content=\"720\" \/>\n\t<meta property=\"og:image:type\" content=\"image\/webp\" \/>\n<meta name=\"twitter:card\" content=\"summary_large_image\" \/>\n<meta name=\"twitter:label1\" content=\"Est. reading time\" \/>\n\t<meta name=\"twitter:data1\" content=\"2 minutes\" \/>\n<script type=\"application\/ld+json\" class=\"yoast-schema-graph\">{\"@context\":\"https:\/\/schema.org\",\"@graph\":[{\"@type\":\"WebPage\",\"@id\":\"https:\/\/www.miomiorun.com\/fr\/produit\/gel-kayano-32-homme\/\",\"url\":\"https:\/\/www.miomiorun.com\/fr\/produit\/gel-kayano-32-homme\/\",\"name\":\"Asics Gel Kayano 32 homme - chaussures de course homme - MioMioRun .com\",\"isPartOf\":{\"@id\":\"https:\/\/www.miomiorun.com\/fr\/#website\"},\"primaryImageOfPage\":{\"@id\":\"https:\/\/www.miomiorun.com\/fr\/produit\/gel-kayano-32-homme\/#primaryimage\"},\"image\":{\"@id\":\"https:\/\/www.miomiorun.com\/fr\/produit\/gel-kayano-32-homme\/#primaryimage\"},\"thumbnailUrl\":\"https:\/\/www.miomiorun.com\/app\/uploads\/2025\/08\/asics-Kayano-32-winter-sea-midnight-1011C052-401.webp\",\"datePublished\":\"2025-08-13T14:06:46+00:00\",\"dateModified\":\"2025-12-09T17:56:13+00:00\",\"description\":\"ASICS GEL-KAYANO 32 : chaussure de course stable et confortable avec 4D GUIDANCE SYSTEM, PureGEL et FF BLAST PLUS. Parfaite pour les longues distances.\",\"breadcrumb\":{\"@id\":\"https:\/\/www.miomiorun.com\/fr\/produit\/gel-kayano-32-homme\/#breadcrumb\"},\"inLanguage\":\"fr-FR\",\"potentialAction\":[{\"@type\":\"ReadAction\",\"target\":[\"https:\/\/www.miomiorun.com\/fr\/produit\/gel-kayano-32-homme\/\"]}]},{\"@type\":\"ImageObject\",\"inLanguage\":\"fr-FR\",\"@id\":\"https:\/\/www.miomiorun.com\/fr\/produit\/gel-kayano-32-homme\/#primaryimage\",\"url\":\"https:\/\/www.miomiorun.com\/app\/uploads\/2025\/08\/asics-Kayano-32-winter-sea-midnight-1011C052-401.webp\",\"contentUrl\":\"https:\/\/www.miomiorun.com\/app\/uploads\/2025\/08\/asics-Kayano-32-winter-sea-midnight-1011C052-401.webp\",\"width\":720,\"height\":720,\"caption\":\"asics Kayano 32 winter sea midnight 1011C052 401\"},{\"@type\":\"BreadcrumbList\",\"@id\":\"https:\/\/www.miomiorun.com\/fr\/produit\/gel-kayano-32-homme\/#breadcrumb\",\"itemListElement\":[{\"@type\":\"ListItem\",\"position\":1,\"name\":\"Home\",\"item\":\"https:\/\/www.miomiorun.com\/fr\/home-page\/\"},{\"@type\":\"ListItem\",\"position\":2,\"name\":\"Shop\",\"item\":\"https:\/\/www.miomiorun.com\/shop\/\"},{\"@type\":\"ListItem\",\"position\":3,\"name\":\"Gel Kayano 32 homme\"}]},{\"@type\":\"WebSite\",\"@id\":\"https:\/\/www.miomiorun.com\/fr\/#website\",\"url\":\"https:\/\/www.miomiorun.com\/fr\/\",\"name\":\"MioMioRun\",\"description\":\"Boutique 100% running et trail\",\"publisher\":{\"@id\":\"https:\/\/www.miomiorun.com\/fr\/#organization\"},\"potentialAction\":[{\"@type\":\"SearchAction\",\"target\":{\"@type\":\"EntryPoint\",\"urlTemplate\":\"https:\/\/www.miomiorun.com\/fr\/?s={search_term_string}\"},\"query-input\":{\"@type\":\"PropertyValueSpecification\",\"valueRequired\":true,\"valueName\":\"search_term_string\"}}],\"inLanguage\":\"fr-FR\"},{\"@type\":\"Organization\",\"@id\":\"https:\/\/www.miomiorun.com\/fr\/#organization\",\"name\":\"MioMio Run\",\"url\":\"https:\/\/www.miomiorun.com\/fr\/\",\"logo\":{\"@type\":\"ImageObject\",\"inLanguage\":\"fr-FR\",\"@id\":\"https:\/\/www.miomiorun.com\/fr\/#\/schema\/logo\/image\/\",\"url\":\"https:\/\/www.miomiorun.com\/app\/uploads\/2019\/12\/logomio.png\",\"contentUrl\":\"https:\/\/www.miomiorun.com\/app\/uploads\/2019\/12\/logomio.png\",\"width\":115,\"height\":82,\"caption\":\"MioMio Run\"},\"image\":{\"@id\":\"https:\/\/www.miomiorun.com\/fr\/#\/schema\/logo\/image\/\"},\"sameAs\":[\"https:\/\/www.facebook.com\/miomiorun\/\",\"https:\/\/www.instagram.com\/miomiorun\/\"]}]}<\/script>\n<!-- \/ Yoast SEO plugin. -->","yoast_head_json":{"title":"Asics Gel Kayano 32 homme - chaussures de course homme - MioMioRun .com","description":"ASICS GEL-KAYANO 32 : chaussure de course stable et confortable avec 4D GUIDANCE SYSTEM, PureGEL et FF BLAST PLUS. Parfaite pour les longues distances.","robots":{"index":"index","follow":"follow","max-snippet":"max-snippet:-1","max-image-preview":"max-image-preview:large","max-video-preview":"max-video-preview:-1"},"canonical":"https:\/\/www.miomiorun.com\/fr\/produit\/gel-kayano-32-homme\/","og_locale":"fr_FR","og_type":"article","og_title":"Asics Gel Kayano 32 homme - chaussures de course homme - MioMioRun .com","og_description":"ASICS GEL-KAYANO 32 : chaussure de course stable et confortable avec 4D GUIDANCE SYSTEM, PureGEL et FF BLAST PLUS. Parfaite pour les longues distances.","og_url":"https:\/\/www.miomiorun.com\/fr\/produit\/gel-kayano-32-homme\/","og_site_name":"MioMioRun","article_publisher":"https:\/\/www.facebook.com\/miomiorun\/","article_modified_time":"2025-12-09T17:56:13+00:00","og_image":[{"width":720,"height":720,"url":"https:\/\/www.miomiorun.com\/app\/uploads\/2025\/08\/asics-Kayano-32-winter-sea-midnight-1011C052-401.webp","type":"image\/webp"}],"twitter_card":"summary_large_image","twitter_misc":{"Est. reading time":"2 minutes"},"schema":{"@context":"https:\/\/schema.org","@graph":[{"@type":"WebPage","@id":"https:\/\/www.miomiorun.com\/fr\/produit\/gel-kayano-32-homme\/","url":"https:\/\/www.miomiorun.com\/fr\/produit\/gel-kayano-32-homme\/","name":"Asics Gel Kayano 32 homme - chaussures de course homme - MioMioRun .com","isPartOf":{"@id":"https:\/\/www.miomiorun.com\/fr\/#website"},"primaryImageOfPage":{"@id":"https:\/\/www.miomiorun.com\/fr\/produit\/gel-kayano-32-homme\/#primaryimage"},"image":{"@id":"https:\/\/www.miomiorun.com\/fr\/produit\/gel-kayano-32-homme\/#primaryimage"},"thumbnailUrl":"https:\/\/www.miomiorun.com\/app\/uploads\/2025\/08\/asics-Kayano-32-winter-sea-midnight-1011C052-401.webp","datePublished":"2025-08-13T14:06:46+00:00","dateModified":"2025-12-09T17:56:13+00:00","description":"ASICS GEL-KAYANO 32 : chaussure de course stable et confortable avec 4D GUIDANCE SYSTEM, PureGEL et FF BLAST PLUS. Parfaite pour les longues distances.","breadcrumb":{"@id":"https:\/\/www.miomiorun.com\/fr\/produit\/gel-kayano-32-homme\/#breadcrumb"},"inLanguage":"fr-FR","potentialAction":[{"@type":"ReadAction","target":["https:\/\/www.miomiorun.com\/fr\/produit\/gel-kayano-32-homme\/"]}]},{"@type":"ImageObject","inLanguage":"fr-FR","@id":"https:\/\/www.miomiorun.com\/fr\/produit\/gel-kayano-32-homme\/#primaryimage","url":"https:\/\/www.miomiorun.com\/app\/uploads\/2025\/08\/asics-Kayano-32-winter-sea-midnight-1011C052-401.webp","contentUrl":"https:\/\/www.miomiorun.com\/app\/uploads\/2025\/08\/asics-Kayano-32-winter-sea-midnight-1011C052-401.webp","width":720,"height":720,"caption":"asics Kayano 32 winter sea midnight 1011C052 401"},{"@type":"BreadcrumbList","@id":"https:\/\/www.miomiorun.com\/fr\/produit\/gel-kayano-32-homme\/#breadcrumb","itemListElement":[{"@type":"ListItem","position":1,"name":"Home","item":"https:\/\/www.miomiorun.com\/fr\/home-page\/"},{"@type":"ListItem","position":2,"name":"Shop","item":"https:\/\/www.miomiorun.com\/shop\/"},{"@type":"ListItem","position":3,"name":"Gel Kayano 32 homme"}]},{"@type":"WebSite","@id":"https:\/\/www.miomiorun.com\/fr\/#website","url":"https:\/\/www.miomiorun.com\/fr\/","name":"MioMioRun","description":"Boutique 100% running et trail","publisher":{"@id":"https:\/\/www.miomiorun.com\/fr\/#organization"},"potentialAction":[{"@type":"SearchAction","target":{"@type":"EntryPoint","urlTemplate":"https:\/\/www.miomiorun.com\/fr\/?s={search_term_string}"},"query-input":{"@type":"PropertyValueSpecification","valueRequired":true,"valueName":"search_term_string"}}],"inLanguage":"fr-FR"},{"@type":"Organization","@id":"https:\/\/www.miomiorun.com\/fr\/#organization","name":"MioMio Run","url":"https:\/\/www.miomiorun.com\/fr\/","logo":{"@type":"ImageObject","inLanguage":"fr-FR","@id":"https:\/\/www.miomiorun.com\/fr\/#\/schema\/logo\/image\/","url":"https:\/\/www.miomiorun.com\/app\/uploads\/2019\/12\/logomio.png","contentUrl":"https:\/\/www.miomiorun.com\/app\/uploads\/2019\/12\/logomio.png","width":115,"height":82,"caption":"MioMio Run"},"image":{"@id":"https:\/\/www.miomiorun.com\/fr\/#\/schema\/logo\/image\/"},"sameAs":["https:\/\/www.facebook.com\/miomiorun\/","https:\/\/www.instagram.com\/miomiorun\/"]}]}},"_links":{"self":[{"href":"https:\/\/www.miomiorun.com\/fr\/wp-json\/wp\/v2\/product\/334840","targetHints":{"allow":["GET"]}}],"collection":[{"href":"https:\/\/www.miomiorun.com\/fr\/wp-json\/wp\/v2\/product"}],"about":[{"href":"https:\/\/www.miomiorun.com\/fr\/wp-json\/wp\/v2\/types\/product"}],"wp:featuredmedia":[{"embeddable":true,"href":"https:\/\/www.miomiorun.com\/fr\/wp-json\/wp\/v2\/media\/338278"}],"wp:attachment":[{"href":"https:\/\/www.miomiorun.com\/fr\/wp-json\/wp\/v2\/media?parent=334840"}],"wp:term":[{"taxonomy":"product_brand","embeddable":true,"href":"https:\/\/www.miomiorun.com\/fr\/wp-json\/wp\/v2\/product_brand?post=334840"},{"taxonomy":"product_cat","embeddable":true,"href":"https:\/\/www.miomiorun.com\/fr\/wp-json\/wp\/v2\/product_cat?post=334840"},{"taxonomy":"product_tag","embeddable":true,"href":"https:\/\/www.miomiorun.com\/fr\/wp-json\/wp\/v2\/product_tag?post=334840"}],"curies":[{"name":"wp","href":"https:\/\/api.w.org\/{rel}","templated":true}]}}