{"id":334446,"date":"2025-08-13T12:09:24","date_gmt":"2025-08-13T10:09:24","guid":{"rendered":"https:\/\/www.miomiorun.com\/?post_type=product&#038;p=334446"},"modified":"2025-12-09T18:53:35","modified_gmt":"2025-12-09T17:53:35","slug":"metaspeed-sky-tokyo","status":"publish","type":"product","link":"https:\/\/www.miomiorun.com\/fr\/produit\/metaspeed-sky-tokyo\/","title":{"rendered":"Metaspeed Sky Tokyo"},"content":{"rendered":"<div class=\"vc-row container\"><div class=\"vc-column\"><div class=\"vc-column-text\"><\/p>\n<h4>Caract\u00e9ristiques techniques<\/h4>\n<p>Cat\u00e9gorie : amorti maximal<br \/>\nD\u00e9calage : 5 mm<br \/>\nPoids : 170 g<\/p>\n<p>Id\u00e9al pour : les coureurs confirm\u00e9s, \u00e0 la recherche \u00e0 la fois de performances et de confort, pour obtenir de bons r\u00e9sultats en comp\u00e9tition ou pour des entra\u00eenements de qualit\u00e9.<br \/>\nPoids de l&#8217;athl\u00e8te : 55-75 kg<br \/>\nAllure de course : rapide (&gt;4,30 min\/km)<br \/>\n<a href=\"https:\/\/miomiorun.com\/guida-alle-specifiche-tecniche\/\">Guide des caract\u00e9ristiques techniques<\/a><\/p>\n<p><\/div><\/div><div class=\"vc-column\"><div class=\"vc-column-text\"><\/p>\n<p>Si votre objectif est de courir plus vite et plus longtemps, la ASICS METASPEED SKY TOKYO est la chaussure con\u00e7ue pour vous permettre de d\u00e9passer vos limites. Con\u00e7ue pour les coureurs qui misent tout sur leur foul\u00e9e, elle vous aide \u00e0 augmenter votre vitesse en allongeant votre pas et en \u00e9conomisant de l&#8217;\u00e9nergie \u00e0 chaque foul\u00e9e. Le secret r\u00e9side dans la nouvelle combinaison de technologies d&#8217;amorti. Dans la couche inf\u00e9rieure de la semelle interm\u00e9diaire, la <strong data-start=\"572\" data-end=\"591\">mousse FF LEAP<\/strong> offre une l\u00e9g\u00e8ret\u00e9 extr\u00eame, une \u00e9lasticit\u00e9 et un retour d&#8217;\u00e9nergie sup\u00e9rieur. Au-dessus, la <strong data-start=\"682\" data-end=\"699\">FF TURBO PLUS<\/strong> assure un amorti encore plus r\u00e9actif et stable lors de la phase d&#8217;appui, transformant chaque foul\u00e9e en une pouss\u00e9e explosive vers la ligne d&#8217;arriv\u00e9e. Par rapport \u00e0 la METASPEED EDGE TOKYO, ce mod\u00e8le dispose d&#8217;une plaque positionn\u00e9e plus haut et d&#8217;une mousse plus \u00e9paisse \u00e0 l&#8217;avant, un choix de conception qui augmente le retour d&#8217;\u00e9nergie et vous permet de conserver une foul\u00e9e ample et puissante m\u00eame apr\u00e8s 30 km. La tige en <strong data-start=\"1117\" data-end=\"1136\">MOTION WRAP 3.0<\/strong>, l\u00e9g\u00e8re mais renforc\u00e9e, maintient le pied bien en place, tandis que la semelle <strong data-start=\"1202\" data-end=\"1215\">ASICSGRIP<\/strong> garantit une adh\u00e9rence avanc\u00e9e sur diff\u00e9rents types de terrain, pour que vous puissiez donner le meilleur de vous-m\u00eame sans distraction. Avec les METASPEED SKY TOKYO aux pieds, chaque foul\u00e9e est con\u00e7ue pour vous permettre de courir plus vite, plus longtemps et avec moins d&#8217;effort. C&#8217;est la chaussure id\u00e9ale pour ceux qui ne se contentent pas de participer, mais qui veulent remporter le d\u00e9fi contre le chronom\u00e8tre.<\/p>\n<p><\/div><\/div><\/div>\n","protected":false},"excerpt":{"rendered":"<ul>\n<li>Amorti \u00e9lev\u00e9<\/li>\n<li>Id\u00e9al pour vos entra\u00eenements et vos comp\u00e9titions<\/li>\n<li>Confort maximal<\/li>\n<\/ul>\n","protected":false},"featured_media":338128,"template":"","meta":{"_acf_changed":false,"inline_featured_image":false},"product_brand":[],"product_cat":[22605,24448,22606,24447],"product_tag":[23560,23668,23667],"class_list":{"0":"post-334446","1":"product","2":"type-product","3":"status-publish","4":"has-post-thumbnail","6":"product_cat-chaussures-pour-femmes","7":"product_cat-chaussures-pour-hommes-fr","8":"product_cat-neutre","9":"product_cat-neutre-fr-3","10":"product_tag-asics-fr","11":"product_tag-asics-femme","12":"product_tag-asics-homme","13":"pa_attivita-running-fr","14":"pa_colore-metaspeed-sky-tokyo-flash-red-black-fr","15":"pa_colore-metaspeed-sky-tokyo-green-gecko-black-fr","16":"pa_marca-asics-fr","17":"pa_sesso-femme","18":"pa_sesso-homme","19":"pa_size-41-5-fr","20":"pa_size-42-fr","21":"pa_size-44-5-fr","23":"first","24":"instock","25":"sale","26":"taxable","27":"shipping-taxable","28":"purchasable","29":"product-type-variable","30":"wvs-archive-product-wrapper"},"acf":[],"yoast_head":"<!-- This site is optimized with the Yoast SEO plugin v26.8 - https:\/\/yoast.com\/product\/yoast-seo-wordpress\/ -->\n<title>Asics Metaspeed Sky Tokyo - chaussures de course - MioMioRun<\/title>\n<meta name=\"description\" content=\"ASICS METASPEED SKY TOKYO : chaussure de course pour les coureurs \u00e0 foul\u00e9e longue. FF LEAP et FF TURBO PLUS pour un retour d&#039;\u00e9nergie et une vitesse sup\u00e9rieurs.\" \/>\n<meta name=\"robots\" content=\"index, follow, max-snippet:-1, max-image-preview:large, max-video-preview:-1\" \/>\n<link rel=\"canonical\" href=\"https:\/\/www.miomiorun.com\/fr\/produit\/metaspeed-sky-tokyo\/\" \/>\n<meta property=\"og:locale\" content=\"fr_FR\" \/>\n<meta property=\"og:type\" content=\"article\" \/>\n<meta property=\"og:title\" content=\"Asics Metaspeed Sky Tokyo - chaussures de course - MioMioRun\" \/>\n<meta property=\"og:description\" content=\"ASICS METASPEED SKY TOKYO : chaussure de course pour les coureurs \u00e0 foul\u00e9e longue. FF LEAP et FF TURBO PLUS pour un retour d&#039;\u00e9nergie et une vitesse sup\u00e9rieurs.\" \/>\n<meta property=\"og:url\" content=\"https:\/\/www.miomiorun.com\/fr\/produit\/metaspeed-sky-tokyo\/\" \/>\n<meta property=\"og:site_name\" content=\"MioMioRun\" \/>\n<meta property=\"article:publisher\" content=\"https:\/\/www.facebook.com\/miomiorun\/\" \/>\n<meta property=\"article:modified_time\" content=\"2025-12-09T17:53:35+00:00\" \/>\n<meta property=\"og:image\" content=\"https:\/\/www.miomiorun.com\/app\/uploads\/2025\/08\/asics-Metaspeed-sky-tokyo-flash-red-black-1013A162-600.webp\" \/>\n\t<meta property=\"og:image:width\" content=\"720\" \/>\n\t<meta property=\"og:image:height\" content=\"720\" \/>\n\t<meta property=\"og:image:type\" content=\"image\/webp\" \/>\n<meta name=\"twitter:card\" content=\"summary_large_image\" \/>\n<meta name=\"twitter:label1\" content=\"Est. reading time\" \/>\n\t<meta name=\"twitter:data1\" content=\"2 minutes\" \/>\n<script type=\"application\/ld+json\" class=\"yoast-schema-graph\">{\"@context\":\"https:\/\/schema.org\",\"@graph\":[{\"@type\":\"WebPage\",\"@id\":\"https:\/\/www.miomiorun.com\/fr\/produit\/metaspeed-sky-tokyo\/\",\"url\":\"https:\/\/www.miomiorun.com\/fr\/produit\/metaspeed-sky-tokyo\/\",\"name\":\"Asics Metaspeed Sky Tokyo - chaussures de course - MioMioRun\",\"isPartOf\":{\"@id\":\"https:\/\/www.miomiorun.com\/fr\/#website\"},\"primaryImageOfPage\":{\"@id\":\"https:\/\/www.miomiorun.com\/fr\/produit\/metaspeed-sky-tokyo\/#primaryimage\"},\"image\":{\"@id\":\"https:\/\/www.miomiorun.com\/fr\/produit\/metaspeed-sky-tokyo\/#primaryimage\"},\"thumbnailUrl\":\"https:\/\/www.miomiorun.com\/app\/uploads\/2025\/08\/asics-Metaspeed-sky-tokyo-flash-red-black-1013A162-600.webp\",\"datePublished\":\"2025-08-13T10:09:24+00:00\",\"dateModified\":\"2025-12-09T17:53:35+00:00\",\"description\":\"ASICS METASPEED SKY TOKYO : chaussure de course pour les coureurs \u00e0 foul\u00e9e longue. FF LEAP et FF TURBO PLUS pour un retour d'\u00e9nergie et une vitesse sup\u00e9rieurs.\",\"breadcrumb\":{\"@id\":\"https:\/\/www.miomiorun.com\/fr\/produit\/metaspeed-sky-tokyo\/#breadcrumb\"},\"inLanguage\":\"fr-FR\",\"potentialAction\":[{\"@type\":\"ReadAction\",\"target\":[\"https:\/\/www.miomiorun.com\/fr\/produit\/metaspeed-sky-tokyo\/\"]}]},{\"@type\":\"ImageObject\",\"inLanguage\":\"fr-FR\",\"@id\":\"https:\/\/www.miomiorun.com\/fr\/produit\/metaspeed-sky-tokyo\/#primaryimage\",\"url\":\"https:\/\/www.miomiorun.com\/app\/uploads\/2025\/08\/asics-Metaspeed-sky-tokyo-flash-red-black-1013A162-600.webp\",\"contentUrl\":\"https:\/\/www.miomiorun.com\/app\/uploads\/2025\/08\/asics-Metaspeed-sky-tokyo-flash-red-black-1013A162-600.webp\",\"width\":720,\"height\":720,\"caption\":\"asics Metaspeed sky tokyo flash red black 1013A162 600\"},{\"@type\":\"BreadcrumbList\",\"@id\":\"https:\/\/www.miomiorun.com\/fr\/produit\/metaspeed-sky-tokyo\/#breadcrumb\",\"itemListElement\":[{\"@type\":\"ListItem\",\"position\":1,\"name\":\"Home\",\"item\":\"https:\/\/www.miomiorun.com\/fr\/home-page\/\"},{\"@type\":\"ListItem\",\"position\":2,\"name\":\"Shop\",\"item\":\"https:\/\/www.miomiorun.com\/shop\/\"},{\"@type\":\"ListItem\",\"position\":3,\"name\":\"Metaspeed Sky Tokyo\"}]},{\"@type\":\"WebSite\",\"@id\":\"https:\/\/www.miomiorun.com\/fr\/#website\",\"url\":\"https:\/\/www.miomiorun.com\/fr\/\",\"name\":\"MioMioRun\",\"description\":\"Boutique 100% running et trail\",\"publisher\":{\"@id\":\"https:\/\/www.miomiorun.com\/fr\/#organization\"},\"potentialAction\":[{\"@type\":\"SearchAction\",\"target\":{\"@type\":\"EntryPoint\",\"urlTemplate\":\"https:\/\/www.miomiorun.com\/fr\/?s={search_term_string}\"},\"query-input\":{\"@type\":\"PropertyValueSpecification\",\"valueRequired\":true,\"valueName\":\"search_term_string\"}}],\"inLanguage\":\"fr-FR\"},{\"@type\":\"Organization\",\"@id\":\"https:\/\/www.miomiorun.com\/fr\/#organization\",\"name\":\"MioMio Run\",\"url\":\"https:\/\/www.miomiorun.com\/fr\/\",\"logo\":{\"@type\":\"ImageObject\",\"inLanguage\":\"fr-FR\",\"@id\":\"https:\/\/www.miomiorun.com\/fr\/#\/schema\/logo\/image\/\",\"url\":\"https:\/\/www.miomiorun.com\/app\/uploads\/2019\/12\/logomio.png\",\"contentUrl\":\"https:\/\/www.miomiorun.com\/app\/uploads\/2019\/12\/logomio.png\",\"width\":115,\"height\":82,\"caption\":\"MioMio Run\"},\"image\":{\"@id\":\"https:\/\/www.miomiorun.com\/fr\/#\/schema\/logo\/image\/\"},\"sameAs\":[\"https:\/\/www.facebook.com\/miomiorun\/\",\"https:\/\/www.instagram.com\/miomiorun\/\"]}]}<\/script>\n<!-- \/ Yoast SEO plugin. -->","yoast_head_json":{"title":"Asics Metaspeed Sky Tokyo - chaussures de course - MioMioRun","description":"ASICS METASPEED SKY TOKYO : chaussure de course pour les coureurs \u00e0 foul\u00e9e longue. FF LEAP et FF TURBO PLUS pour un retour d'\u00e9nergie et une vitesse sup\u00e9rieurs.","robots":{"index":"index","follow":"follow","max-snippet":"max-snippet:-1","max-image-preview":"max-image-preview:large","max-video-preview":"max-video-preview:-1"},"canonical":"https:\/\/www.miomiorun.com\/fr\/produit\/metaspeed-sky-tokyo\/","og_locale":"fr_FR","og_type":"article","og_title":"Asics Metaspeed Sky Tokyo - chaussures de course - MioMioRun","og_description":"ASICS METASPEED SKY TOKYO : chaussure de course pour les coureurs \u00e0 foul\u00e9e longue. FF LEAP et FF TURBO PLUS pour un retour d'\u00e9nergie et une vitesse sup\u00e9rieurs.","og_url":"https:\/\/www.miomiorun.com\/fr\/produit\/metaspeed-sky-tokyo\/","og_site_name":"MioMioRun","article_publisher":"https:\/\/www.facebook.com\/miomiorun\/","article_modified_time":"2025-12-09T17:53:35+00:00","og_image":[{"width":720,"height":720,"url":"https:\/\/www.miomiorun.com\/app\/uploads\/2025\/08\/asics-Metaspeed-sky-tokyo-flash-red-black-1013A162-600.webp","type":"image\/webp"}],"twitter_card":"summary_large_image","twitter_misc":{"Est. reading time":"2 minutes"},"schema":{"@context":"https:\/\/schema.org","@graph":[{"@type":"WebPage","@id":"https:\/\/www.miomiorun.com\/fr\/produit\/metaspeed-sky-tokyo\/","url":"https:\/\/www.miomiorun.com\/fr\/produit\/metaspeed-sky-tokyo\/","name":"Asics Metaspeed Sky Tokyo - chaussures de course - MioMioRun","isPartOf":{"@id":"https:\/\/www.miomiorun.com\/fr\/#website"},"primaryImageOfPage":{"@id":"https:\/\/www.miomiorun.com\/fr\/produit\/metaspeed-sky-tokyo\/#primaryimage"},"image":{"@id":"https:\/\/www.miomiorun.com\/fr\/produit\/metaspeed-sky-tokyo\/#primaryimage"},"thumbnailUrl":"https:\/\/www.miomiorun.com\/app\/uploads\/2025\/08\/asics-Metaspeed-sky-tokyo-flash-red-black-1013A162-600.webp","datePublished":"2025-08-13T10:09:24+00:00","dateModified":"2025-12-09T17:53:35+00:00","description":"ASICS METASPEED SKY TOKYO : chaussure de course pour les coureurs \u00e0 foul\u00e9e longue. FF LEAP et FF TURBO PLUS pour un retour d'\u00e9nergie et une vitesse sup\u00e9rieurs.","breadcrumb":{"@id":"https:\/\/www.miomiorun.com\/fr\/produit\/metaspeed-sky-tokyo\/#breadcrumb"},"inLanguage":"fr-FR","potentialAction":[{"@type":"ReadAction","target":["https:\/\/www.miomiorun.com\/fr\/produit\/metaspeed-sky-tokyo\/"]}]},{"@type":"ImageObject","inLanguage":"fr-FR","@id":"https:\/\/www.miomiorun.com\/fr\/produit\/metaspeed-sky-tokyo\/#primaryimage","url":"https:\/\/www.miomiorun.com\/app\/uploads\/2025\/08\/asics-Metaspeed-sky-tokyo-flash-red-black-1013A162-600.webp","contentUrl":"https:\/\/www.miomiorun.com\/app\/uploads\/2025\/08\/asics-Metaspeed-sky-tokyo-flash-red-black-1013A162-600.webp","width":720,"height":720,"caption":"asics Metaspeed sky tokyo flash red black 1013A162 600"},{"@type":"BreadcrumbList","@id":"https:\/\/www.miomiorun.com\/fr\/produit\/metaspeed-sky-tokyo\/#breadcrumb","itemListElement":[{"@type":"ListItem","position":1,"name":"Home","item":"https:\/\/www.miomiorun.com\/fr\/home-page\/"},{"@type":"ListItem","position":2,"name":"Shop","item":"https:\/\/www.miomiorun.com\/shop\/"},{"@type":"ListItem","position":3,"name":"Metaspeed Sky Tokyo"}]},{"@type":"WebSite","@id":"https:\/\/www.miomiorun.com\/fr\/#website","url":"https:\/\/www.miomiorun.com\/fr\/","name":"MioMioRun","description":"Boutique 100% running et trail","publisher":{"@id":"https:\/\/www.miomiorun.com\/fr\/#organization"},"potentialAction":[{"@type":"SearchAction","target":{"@type":"EntryPoint","urlTemplate":"https:\/\/www.miomiorun.com\/fr\/?s={search_term_string}"},"query-input":{"@type":"PropertyValueSpecification","valueRequired":true,"valueName":"search_term_string"}}],"inLanguage":"fr-FR"},{"@type":"Organization","@id":"https:\/\/www.miomiorun.com\/fr\/#organization","name":"MioMio Run","url":"https:\/\/www.miomiorun.com\/fr\/","logo":{"@type":"ImageObject","inLanguage":"fr-FR","@id":"https:\/\/www.miomiorun.com\/fr\/#\/schema\/logo\/image\/","url":"https:\/\/www.miomiorun.com\/app\/uploads\/2019\/12\/logomio.png","contentUrl":"https:\/\/www.miomiorun.com\/app\/uploads\/2019\/12\/logomio.png","width":115,"height":82,"caption":"MioMio Run"},"image":{"@id":"https:\/\/www.miomiorun.com\/fr\/#\/schema\/logo\/image\/"},"sameAs":["https:\/\/www.facebook.com\/miomiorun\/","https:\/\/www.instagram.com\/miomiorun\/"]}]}},"_links":{"self":[{"href":"https:\/\/www.miomiorun.com\/fr\/wp-json\/wp\/v2\/product\/334446","targetHints":{"allow":["GET"]}}],"collection":[{"href":"https:\/\/www.miomiorun.com\/fr\/wp-json\/wp\/v2\/product"}],"about":[{"href":"https:\/\/www.miomiorun.com\/fr\/wp-json\/wp\/v2\/types\/product"}],"wp:featuredmedia":[{"embeddable":true,"href":"https:\/\/www.miomiorun.com\/fr\/wp-json\/wp\/v2\/media\/338128"}],"wp:attachment":[{"href":"https:\/\/www.miomiorun.com\/fr\/wp-json\/wp\/v2\/media?parent=334446"}],"wp:term":[{"taxonomy":"product_brand","embeddable":true,"href":"https:\/\/www.miomiorun.com\/fr\/wp-json\/wp\/v2\/product_brand?post=334446"},{"taxonomy":"product_cat","embeddable":true,"href":"https:\/\/www.miomiorun.com\/fr\/wp-json\/wp\/v2\/product_cat?post=334446"},{"taxonomy":"product_tag","embeddable":true,"href":"https:\/\/www.miomiorun.com\/fr\/wp-json\/wp\/v2\/product_tag?post=334446"}],"curies":[{"name":"wp","href":"https:\/\/api.w.org\/{rel}","templated":true}]}}