{"id":334185,"date":"2025-08-13T09:53:55","date_gmt":"2025-08-13T07:53:55","guid":{"rendered":"https:\/\/www.miomiorun.com\/?post_type=product&#038;p=334185"},"modified":"2025-12-09T18:52:48","modified_gmt":"2025-12-09T17:52:48","slug":"gt-2000-14-homme","status":"publish","type":"product","link":"https:\/\/www.miomiorun.com\/fr\/produit\/gt-2000-14-homme\/","title":{"rendered":"GT-2000 14 homme"},"content":{"rendered":"<table style=\"border-collapse: collapse;width: 100%\">\n<tbody>\n<tr>\n<td style=\"width: 33.3333%;vertical-align: top;text-align: center\"><strong>Caract\u00e9ristiques techniques<\/strong><\/p>\n<p>Cat\u00e9gorie : amorti moyen<br \/>\nD\u00e9calage : 8 mm<br \/>\nPoids : 270 g<br \/>\nId\u00e9al pour : les coureurs ayant tendance \u00e0 la pronation et recherchant un mod\u00e8le capable de garantir stabilit\u00e9 et protection, tout en offrant un amorti et une adh\u00e9rence ad\u00e9quats dans le temps.<br \/>\nPoids de l&#8217;athl\u00e8te : 50-70 kg<br \/>\nAllure de course : moyenne (&gt;5,00 min\/km)<br \/>\n<a href=\"https:\/\/miomiorun.com\/guida-alle-specifiche-tecniche\/\">Guide des sp\u00e9cifications techniques<\/a><\/td>\n<td style=\"width: 66.6666%;vertical-align: top;text-align: center\">Si vous recherchez une chaussure de course qui vous offre soutien, confort et s\u00e9curit\u00e9 \u00e0 chaque foul\u00e9e, la nouvelle ASICS GT-2000 14 est la compagne id\u00e9ale pour vos courses quotidiennes. Il s&#8217;agit de la version la plus confortable jamais con\u00e7ue de ce mod\u00e8le et le choix parfait pour ceux qui recherchent plus de stabilit\u00e9 sans renoncer \u00e0 la l\u00e9g\u00e8ret\u00e9. Le c\u0153ur de la GT-2000 14 est la <strong data-start=\"541\" data-end=\"574\">technologie 3D GUIDANCE SYSTEM<\/strong> : trois composants con\u00e7us pour maintenir le pied stable et le guider naturellement vers l&#8217;avant, afin de courir avec moins d&#8217;effort et plus de contr\u00f4le. Le confort, quant \u00e0 lui, est assur\u00e9 par deux technologies de pointe : le <strong data-start=\"804\" data-end=\"815\">PureGEL<\/strong>, qui absorbe les chocs et rend chaque foul\u00e9e plus souple en r\u00e9duisant le stress sur les articulations, et la <strong data-start=\"918\" data-end=\"942\">mousse FF BLAST MAX<\/strong>, pour un amorti l\u00e9ger et r\u00e9actif m\u00eame sur les surfaces les plus dures. Pour compl\u00e9ter le tout, une <strong data-start=\"1049\" data-end=\"1080\">tige en maille renforc\u00e9e<\/strong> qui enveloppe le pied de mani\u00e8re respirante et confortable, une <strong data-start=\"1142\" data-end=\"1161\">plaque interne<\/strong> qui ajoute de la stabilit\u00e9 et de la propulsion, et une <strong data-start=\"1211\" data-end=\"1229\">semelle AHARPLUS<\/strong> pour une plus grande durabilit\u00e9, kilom\u00e8tre apr\u00e8s kilom\u00e8tre. Les <strong data-start=\"1284\" data-end=\"1308\">d\u00e9tails r\u00e9fl\u00e9chissants<\/strong> am\u00e9liorent la visibilit\u00e9 lorsque la lumi\u00e8re est faible, tandis que la semelle int\u00e9rieure <strong data-start=\"1379\" data-end=\"1397\">OrthoLite X-30<\/strong> vous offre une sensation de douceur d\u00e8s le premier pas. En bref : avec la ASICS GT-2000 14, vous pouvez vous concentrer uniquement sur votre course, car elle s&#8217;occupe de tout le reste.\n<\/td>\n<\/tr>\n<\/tbody>\n<\/table>\n<p>&nbsp;<\/p>\n","protected":false},"excerpt":{"rendered":"<ul>\n<li>Chaussure amortissante mais l\u00e9g\u00e8re.<\/li>\n<li>Elle vous aidera \u00e0 fluidifier votre course.<\/li>\n<li>Id\u00e9ale pour les appuis qui ont tendance \u00e0 la pronation.<\/li>\n<\/ul>\n","protected":false},"featured_media":352941,"template":"","meta":{"_acf_changed":false,"inline_featured_image":false},"product_brand":[],"product_cat":[24448,24446],"product_tag":[23560,23667],"class_list":{"0":"post-334185","1":"product","2":"type-product","3":"status-publish","4":"has-post-thumbnail","6":"product_cat-chaussures-pour-hommes-fr","7":"product_cat-stables","8":"product_tag-asics-fr","9":"product_tag-asics-homme","10":"pa_attivita-marcher","11":"pa_attivita-running-fr","12":"pa_colore-gt-2000-14-midnight-vivid-coral-fr","13":"pa_marca-asics-fr","14":"pa_sesso-homme","15":"pa_size-42-5-fr","17":"first","18":"outofstock","19":"sale","20":"taxable","21":"shipping-taxable","22":"purchasable","23":"product-type-variable","24":"wvs-archive-product-wrapper"},"acf":[],"yoast_head":"<!-- This site is optimized with the Yoast SEO plugin v26.8 - https:\/\/yoast.com\/product\/yoast-seo-wordpress\/ -->\n<title>Asics GT-2000 14 homme - chaussures de course - MioMioRun com<\/title>\n<meta name=\"description\" content=\"ASICS GT-2000 14 homme : chaussure de course stable et confortable, avec PureGEL et FF BLAST MAX pour un amorti sup\u00e9rieur. Parfaite pour les courses quotidiennes.\" \/>\n<meta name=\"robots\" content=\"index, follow, max-snippet:-1, max-image-preview:large, max-video-preview:-1\" \/>\n<link rel=\"canonical\" href=\"https:\/\/www.miomiorun.com\/fr\/produit\/gt-2000-14-homme\/\" \/>\n<meta property=\"og:locale\" content=\"fr_FR\" \/>\n<meta property=\"og:type\" content=\"article\" \/>\n<meta property=\"og:title\" content=\"Asics GT-2000 14 homme - chaussures de course - MioMioRun com\" \/>\n<meta property=\"og:description\" content=\"ASICS GT-2000 14 homme : chaussure de course stable et confortable, avec PureGEL et FF BLAST MAX pour un amorti sup\u00e9rieur. Parfaite pour les courses quotidiennes.\" \/>\n<meta property=\"og:url\" content=\"https:\/\/www.miomiorun.com\/fr\/produit\/gt-2000-14-homme\/\" \/>\n<meta property=\"og:site_name\" content=\"MioMioRun\" \/>\n<meta property=\"article:publisher\" content=\"https:\/\/www.facebook.com\/miomiorun\/\" \/>\n<meta property=\"article:modified_time\" content=\"2025-12-09T17:52:48+00:00\" \/>\n<meta property=\"og:image\" content=\"https:\/\/www.miomiorun.com\/app\/uploads\/2025\/09\/asics-GT-2000-14-midnight-vivid-coral-1011C056-401.webp\" \/>\n\t<meta property=\"og:image:width\" content=\"720\" \/>\n\t<meta property=\"og:image:height\" content=\"720\" \/>\n\t<meta property=\"og:image:type\" content=\"image\/webp\" \/>\n<meta name=\"twitter:card\" content=\"summary_large_image\" \/>\n<meta name=\"twitter:label1\" content=\"Est. reading time\" \/>\n\t<meta name=\"twitter:data1\" content=\"2 minutes\" \/>\n<script type=\"application\/ld+json\" class=\"yoast-schema-graph\">{\"@context\":\"https:\/\/schema.org\",\"@graph\":[{\"@type\":\"WebPage\",\"@id\":\"https:\/\/www.miomiorun.com\/fr\/produit\/gt-2000-14-homme\/\",\"url\":\"https:\/\/www.miomiorun.com\/fr\/produit\/gt-2000-14-homme\/\",\"name\":\"Asics GT-2000 14 homme - chaussures de course - MioMioRun com\",\"isPartOf\":{\"@id\":\"https:\/\/www.miomiorun.com\/fr\/#website\"},\"primaryImageOfPage\":{\"@id\":\"https:\/\/www.miomiorun.com\/fr\/produit\/gt-2000-14-homme\/#primaryimage\"},\"image\":{\"@id\":\"https:\/\/www.miomiorun.com\/fr\/produit\/gt-2000-14-homme\/#primaryimage\"},\"thumbnailUrl\":\"https:\/\/www.miomiorun.com\/app\/uploads\/2025\/09\/asics-GT-2000-14-midnight-vivid-coral-1011C056-401.webp\",\"datePublished\":\"2025-08-13T07:53:55+00:00\",\"dateModified\":\"2025-12-09T17:52:48+00:00\",\"description\":\"ASICS GT-2000 14 homme : chaussure de course stable et confortable, avec PureGEL et FF BLAST MAX pour un amorti sup\u00e9rieur. Parfaite pour les courses quotidiennes.\",\"breadcrumb\":{\"@id\":\"https:\/\/www.miomiorun.com\/fr\/produit\/gt-2000-14-homme\/#breadcrumb\"},\"inLanguage\":\"fr-FR\",\"potentialAction\":[{\"@type\":\"ReadAction\",\"target\":[\"https:\/\/www.miomiorun.com\/fr\/produit\/gt-2000-14-homme\/\"]}]},{\"@type\":\"ImageObject\",\"inLanguage\":\"fr-FR\",\"@id\":\"https:\/\/www.miomiorun.com\/fr\/produit\/gt-2000-14-homme\/#primaryimage\",\"url\":\"https:\/\/www.miomiorun.com\/app\/uploads\/2025\/09\/asics-GT-2000-14-midnight-vivid-coral-1011C056-401.webp\",\"contentUrl\":\"https:\/\/www.miomiorun.com\/app\/uploads\/2025\/09\/asics-GT-2000-14-midnight-vivid-coral-1011C056-401.webp\",\"width\":720,\"height\":720,\"caption\":\"asics GT-2000 14 midnight vivid coral 1011C056 401\"},{\"@type\":\"BreadcrumbList\",\"@id\":\"https:\/\/www.miomiorun.com\/fr\/produit\/gt-2000-14-homme\/#breadcrumb\",\"itemListElement\":[{\"@type\":\"ListItem\",\"position\":1,\"name\":\"Home\",\"item\":\"https:\/\/www.miomiorun.com\/fr\/home-page\/\"},{\"@type\":\"ListItem\",\"position\":2,\"name\":\"Shop\",\"item\":\"https:\/\/www.miomiorun.com\/shop\/\"},{\"@type\":\"ListItem\",\"position\":3,\"name\":\"GT-2000 14 homme\"}]},{\"@type\":\"WebSite\",\"@id\":\"https:\/\/www.miomiorun.com\/fr\/#website\",\"url\":\"https:\/\/www.miomiorun.com\/fr\/\",\"name\":\"MioMioRun\",\"description\":\"Boutique 100% running et trail\",\"publisher\":{\"@id\":\"https:\/\/www.miomiorun.com\/fr\/#organization\"},\"potentialAction\":[{\"@type\":\"SearchAction\",\"target\":{\"@type\":\"EntryPoint\",\"urlTemplate\":\"https:\/\/www.miomiorun.com\/fr\/?s={search_term_string}\"},\"query-input\":{\"@type\":\"PropertyValueSpecification\",\"valueRequired\":true,\"valueName\":\"search_term_string\"}}],\"inLanguage\":\"fr-FR\"},{\"@type\":\"Organization\",\"@id\":\"https:\/\/www.miomiorun.com\/fr\/#organization\",\"name\":\"MioMio Run\",\"url\":\"https:\/\/www.miomiorun.com\/fr\/\",\"logo\":{\"@type\":\"ImageObject\",\"inLanguage\":\"fr-FR\",\"@id\":\"https:\/\/www.miomiorun.com\/fr\/#\/schema\/logo\/image\/\",\"url\":\"https:\/\/www.miomiorun.com\/app\/uploads\/2019\/12\/logomio.png\",\"contentUrl\":\"https:\/\/www.miomiorun.com\/app\/uploads\/2019\/12\/logomio.png\",\"width\":115,\"height\":82,\"caption\":\"MioMio Run\"},\"image\":{\"@id\":\"https:\/\/www.miomiorun.com\/fr\/#\/schema\/logo\/image\/\"},\"sameAs\":[\"https:\/\/www.facebook.com\/miomiorun\/\",\"https:\/\/www.instagram.com\/miomiorun\/\"]}]}<\/script>\n<!-- \/ Yoast SEO plugin. -->","yoast_head_json":{"title":"Asics GT-2000 14 homme - chaussures de course - MioMioRun com","description":"ASICS GT-2000 14 homme : chaussure de course stable et confortable, avec PureGEL et FF BLAST MAX pour un amorti sup\u00e9rieur. Parfaite pour les courses quotidiennes.","robots":{"index":"index","follow":"follow","max-snippet":"max-snippet:-1","max-image-preview":"max-image-preview:large","max-video-preview":"max-video-preview:-1"},"canonical":"https:\/\/www.miomiorun.com\/fr\/produit\/gt-2000-14-homme\/","og_locale":"fr_FR","og_type":"article","og_title":"Asics GT-2000 14 homme - chaussures de course - MioMioRun com","og_description":"ASICS GT-2000 14 homme : chaussure de course stable et confortable, avec PureGEL et FF BLAST MAX pour un amorti sup\u00e9rieur. Parfaite pour les courses quotidiennes.","og_url":"https:\/\/www.miomiorun.com\/fr\/produit\/gt-2000-14-homme\/","og_site_name":"MioMioRun","article_publisher":"https:\/\/www.facebook.com\/miomiorun\/","article_modified_time":"2025-12-09T17:52:48+00:00","og_image":[{"width":720,"height":720,"url":"https:\/\/www.miomiorun.com\/app\/uploads\/2025\/09\/asics-GT-2000-14-midnight-vivid-coral-1011C056-401.webp","type":"image\/webp"}],"twitter_card":"summary_large_image","twitter_misc":{"Est. reading time":"2 minutes"},"schema":{"@context":"https:\/\/schema.org","@graph":[{"@type":"WebPage","@id":"https:\/\/www.miomiorun.com\/fr\/produit\/gt-2000-14-homme\/","url":"https:\/\/www.miomiorun.com\/fr\/produit\/gt-2000-14-homme\/","name":"Asics GT-2000 14 homme - chaussures de course - MioMioRun com","isPartOf":{"@id":"https:\/\/www.miomiorun.com\/fr\/#website"},"primaryImageOfPage":{"@id":"https:\/\/www.miomiorun.com\/fr\/produit\/gt-2000-14-homme\/#primaryimage"},"image":{"@id":"https:\/\/www.miomiorun.com\/fr\/produit\/gt-2000-14-homme\/#primaryimage"},"thumbnailUrl":"https:\/\/www.miomiorun.com\/app\/uploads\/2025\/09\/asics-GT-2000-14-midnight-vivid-coral-1011C056-401.webp","datePublished":"2025-08-13T07:53:55+00:00","dateModified":"2025-12-09T17:52:48+00:00","description":"ASICS GT-2000 14 homme : chaussure de course stable et confortable, avec PureGEL et FF BLAST MAX pour un amorti sup\u00e9rieur. Parfaite pour les courses quotidiennes.","breadcrumb":{"@id":"https:\/\/www.miomiorun.com\/fr\/produit\/gt-2000-14-homme\/#breadcrumb"},"inLanguage":"fr-FR","potentialAction":[{"@type":"ReadAction","target":["https:\/\/www.miomiorun.com\/fr\/produit\/gt-2000-14-homme\/"]}]},{"@type":"ImageObject","inLanguage":"fr-FR","@id":"https:\/\/www.miomiorun.com\/fr\/produit\/gt-2000-14-homme\/#primaryimage","url":"https:\/\/www.miomiorun.com\/app\/uploads\/2025\/09\/asics-GT-2000-14-midnight-vivid-coral-1011C056-401.webp","contentUrl":"https:\/\/www.miomiorun.com\/app\/uploads\/2025\/09\/asics-GT-2000-14-midnight-vivid-coral-1011C056-401.webp","width":720,"height":720,"caption":"asics GT-2000 14 midnight vivid coral 1011C056 401"},{"@type":"BreadcrumbList","@id":"https:\/\/www.miomiorun.com\/fr\/produit\/gt-2000-14-homme\/#breadcrumb","itemListElement":[{"@type":"ListItem","position":1,"name":"Home","item":"https:\/\/www.miomiorun.com\/fr\/home-page\/"},{"@type":"ListItem","position":2,"name":"Shop","item":"https:\/\/www.miomiorun.com\/shop\/"},{"@type":"ListItem","position":3,"name":"GT-2000 14 homme"}]},{"@type":"WebSite","@id":"https:\/\/www.miomiorun.com\/fr\/#website","url":"https:\/\/www.miomiorun.com\/fr\/","name":"MioMioRun","description":"Boutique 100% running et trail","publisher":{"@id":"https:\/\/www.miomiorun.com\/fr\/#organization"},"potentialAction":[{"@type":"SearchAction","target":{"@type":"EntryPoint","urlTemplate":"https:\/\/www.miomiorun.com\/fr\/?s={search_term_string}"},"query-input":{"@type":"PropertyValueSpecification","valueRequired":true,"valueName":"search_term_string"}}],"inLanguage":"fr-FR"},{"@type":"Organization","@id":"https:\/\/www.miomiorun.com\/fr\/#organization","name":"MioMio Run","url":"https:\/\/www.miomiorun.com\/fr\/","logo":{"@type":"ImageObject","inLanguage":"fr-FR","@id":"https:\/\/www.miomiorun.com\/fr\/#\/schema\/logo\/image\/","url":"https:\/\/www.miomiorun.com\/app\/uploads\/2019\/12\/logomio.png","contentUrl":"https:\/\/www.miomiorun.com\/app\/uploads\/2019\/12\/logomio.png","width":115,"height":82,"caption":"MioMio Run"},"image":{"@id":"https:\/\/www.miomiorun.com\/fr\/#\/schema\/logo\/image\/"},"sameAs":["https:\/\/www.facebook.com\/miomiorun\/","https:\/\/www.instagram.com\/miomiorun\/"]}]}},"_links":{"self":[{"href":"https:\/\/www.miomiorun.com\/fr\/wp-json\/wp\/v2\/product\/334185","targetHints":{"allow":["GET"]}}],"collection":[{"href":"https:\/\/www.miomiorun.com\/fr\/wp-json\/wp\/v2\/product"}],"about":[{"href":"https:\/\/www.miomiorun.com\/fr\/wp-json\/wp\/v2\/types\/product"}],"wp:featuredmedia":[{"embeddable":true,"href":"https:\/\/www.miomiorun.com\/fr\/wp-json\/wp\/v2\/media\/352941"}],"wp:attachment":[{"href":"https:\/\/www.miomiorun.com\/fr\/wp-json\/wp\/v2\/media?parent=334185"}],"wp:term":[{"taxonomy":"product_brand","embeddable":true,"href":"https:\/\/www.miomiorun.com\/fr\/wp-json\/wp\/v2\/product_brand?post=334185"},{"taxonomy":"product_cat","embeddable":true,"href":"https:\/\/www.miomiorun.com\/fr\/wp-json\/wp\/v2\/product_cat?post=334185"},{"taxonomy":"product_tag","embeddable":true,"href":"https:\/\/www.miomiorun.com\/fr\/wp-json\/wp\/v2\/product_tag?post=334185"}],"curies":[{"name":"wp","href":"https:\/\/api.w.org\/{rel}","templated":true}]}}