{"id":334170,"date":"2025-08-13T09:53:51","date_gmt":"2025-08-13T07:53:51","guid":{"rendered":"https:\/\/www.miomiorun.com\/?post_type=product&#038;p=334170"},"modified":"2025-12-09T18:46:35","modified_gmt":"2025-12-09T17:46:35","slug":"asics-gt-2000-14-femme","status":"publish","type":"product","link":"https:\/\/www.miomiorun.com\/fr\/produit\/asics-gt-2000-14-femme\/","title":{"rendered":"GT-2000 14 femme"},"content":{"rendered":"<div class=\"vc-row container\"><div class=\"vc-column\"><div class=\"vc-column-text\"><\/p>\n<p><strong>Caract\u00e9ristiques techniques<\/strong><\/p>\n<p>Cat\u00e9gorie : amorti moyen<br \/>\nD\u00e9calage : 8 mm<br \/>\nPoids : 240 g<br \/>\nId\u00e9al pour : les coureurs ayant tendance \u00e0 la pronation et recherchant un mod\u00e8le capable de garantir stabilit\u00e9 et protection, tout en offrant un amorti et une adh\u00e9rence ad\u00e9quats dans le temps.<br \/>\nPoids de l&#8217;athl\u00e8te : 50-70 kg<br \/>\nAllure de course : moyenne (&gt;5,00 min\/km)<br \/>\n<a href=\"https:\/\/miomiorun.com\/guida-alle-specifiche-tecniche\/\">Guide des sp\u00e9cifications techniques<\/a><\/p>\n<p><\/div><\/div><div class=\"vc-column\"><div class=\"vc-column-text\"><\/p>\n<p data-start=\"88\" data-end=\"383\">Si vous recherchez une chaussure de course qui vous offre un soutien maximal sans sacrifier le confort, la nouvelle ASICS GT-2000 14 Femme est faite pour vous. Il s&#8217;agit de la version la plus confortable jamais con\u00e7ue de ce mod\u00e8le et du choix id\u00e9al pour celles qui souhaitent courir tous les jours avec plus de stabilit\u00e9 et de l\u00e9g\u00e8ret\u00e9. Le secret r\u00e9side dans la <strong data-start=\"406\" data-end=\"439\">technologie 3D GUIDANCE SYSTEM<\/strong>, qui maintient le pied en place et guide le mouvement vers l&#8217;avant de mani\u00e8re naturelle, pour que chaque foul\u00e9e soit plus s\u00fbre et mieux contr\u00f4l\u00e9e. Pour le confort, ASICS a combin\u00e9 deux de ses technologies les plus avanc\u00e9es : <strong data-start=\"642\" data-end=\"653\">PureGEL<\/strong>, qui absorbe les chocs et r\u00e9duit l&#8217;impact sur les articulations, et la <strong data-start=\"721\" data-end=\"745\">mousse FF BLAST MAX<\/strong>, pour un amorti suppl\u00e9mentaire et r\u00e9actif m\u00eame sur les surfaces les plus dures. La tige en <strong data-start=\"835\" data-end=\"856\">maille renforc\u00e9e<\/strong> enveloppe le pied avec l\u00e9g\u00e8ret\u00e9 et respirabilit\u00e9, tandis que la <strong data-start=\"917\" data-end=\"942\">plaque stabilisatrice<\/strong> assure une pouss\u00e9e \u00e9nergique vers l&#8217;avant sans sacrifier la protection. La semelle et le talon en <strong data-start=\"1051\" data-end=\"1063\">AHARPLUS<\/strong> assurent une durabilit\u00e9 exceptionnelle, et les <strong data-start=\"1103\" data-end=\"1127\">d\u00e9tails r\u00e9fl\u00e9chissants<\/strong> vous rendent plus visible lorsque vous courez \u00e0 l&#8217;aube ou au cr\u00e9puscule. Avec un <strong data-start=\"1199\" data-end=\"1221\">poids de seulement 240 g<\/strong> et un <strong data-start=\"1227\" data-end=\"1252\">diff\u00e9rentiel de 8 mm<\/strong>, la GT-2000 14 Femme offre l&#8217;\u00e9quilibre parfait entre amorti, stabilit\u00e9 et r\u00e9activit\u00e9. Une chaussure test\u00e9e et perfectionn\u00e9e \u00e0 l&#8217;<strong data-start=\"1391\" data-end=\"1433\">Institut des sciences du sport au Japon<\/strong>, pour garantir que chaque course soit fluide, confortable et sans souci.<br \/>\n<\/div><\/div><\/div>\n","protected":false},"excerpt":{"rendered":"<ul>\n<li>Chaussure amortissante mais l\u00e9g\u00e8re.<\/li>\n<li>Elle vous aidera \u00e0 fluidifier votre course.<\/li>\n<li>Id\u00e9ale pour les appuis qui ont tendance \u00e0 la pronation.<\/li>\n<\/ul>\n","protected":false},"featured_media":338084,"template":"","meta":{"_acf_changed":false,"inline_featured_image":false},"product_brand":[],"product_cat":[22605,22607],"product_tag":[23560,23668],"class_list":{"0":"post-334170","1":"product","2":"type-product","3":"status-publish","4":"has-post-thumbnail","6":"product_cat-chaussures-pour-femmes","7":"product_cat-ecuries","8":"product_tag-asics-fr","9":"product_tag-asics-femme","10":"pa_attivita-marcher","11":"pa_attivita-running-fr","12":"pa_colore-gt-2000-14-w-blue-fade-indigo-fog-fr","13":"pa_colore-gt-2000-14-w-whisper-green-monument-blue-fr","14":"pa_marca-asics-fr","15":"pa_sesso-femme","16":"pa_size-38-fr","17":"pa_size-40-fr","18":"pa_size-41-5-fr","19":"pa_size-42-fr","21":"first","22":"instock","23":"sale","24":"taxable","25":"shipping-taxable","26":"purchasable","27":"product-type-variable","28":"wvs-archive-product-wrapper"},"acf":[],"yoast_head":"<!-- This site is optimized with the Yoast SEO plugin v26.8 - https:\/\/yoast.com\/product\/yoast-seo-wordpress\/ -->\n<title>Asics GT-2000 14 femme - chaussures de course - MioMioRun<\/title>\n<meta name=\"description\" content=\"ASICS GT-2000 14 femme : chaussure de course stable et confortable, avec PureGEL et FF BLAST MAX pour un amorti sup\u00e9rieur. Parfaite pour les courses quotidiennes.\" \/>\n<meta name=\"robots\" content=\"index, follow, max-snippet:-1, max-image-preview:large, max-video-preview:-1\" \/>\n<link rel=\"canonical\" href=\"https:\/\/www.miomiorun.com\/fr\/produit\/asics-gt-2000-14-femme\/\" \/>\n<meta property=\"og:locale\" content=\"fr_FR\" \/>\n<meta property=\"og:type\" content=\"article\" \/>\n<meta property=\"og:title\" content=\"Asics GT-2000 14 femme - chaussures de course - MioMioRun\" \/>\n<meta property=\"og:description\" content=\"ASICS GT-2000 14 femme : chaussure de course stable et confortable, avec PureGEL et FF BLAST MAX pour un amorti sup\u00e9rieur. Parfaite pour les courses quotidiennes.\" \/>\n<meta property=\"og:url\" content=\"https:\/\/www.miomiorun.com\/fr\/produit\/asics-gt-2000-14-femme\/\" \/>\n<meta property=\"og:site_name\" content=\"MioMioRun\" \/>\n<meta property=\"article:publisher\" content=\"https:\/\/www.facebook.com\/miomiorun\/\" \/>\n<meta property=\"article:modified_time\" content=\"2025-12-09T17:46:35+00:00\" \/>\n<meta property=\"og:image\" content=\"https:\/\/www.miomiorun.com\/app\/uploads\/2025\/08\/asics-GT-2000-14-W-whisper-green-monument-blue-1012B843-300.webp\" \/>\n\t<meta property=\"og:image:width\" content=\"720\" \/>\n\t<meta property=\"og:image:height\" content=\"720\" \/>\n\t<meta property=\"og:image:type\" content=\"image\/webp\" \/>\n<meta name=\"twitter:card\" content=\"summary_large_image\" \/>\n<meta name=\"twitter:label1\" content=\"Est. reading time\" \/>\n\t<meta name=\"twitter:data1\" content=\"2 minutes\" \/>\n<script type=\"application\/ld+json\" class=\"yoast-schema-graph\">{\"@context\":\"https:\/\/schema.org\",\"@graph\":[{\"@type\":\"WebPage\",\"@id\":\"https:\/\/www.miomiorun.com\/fr\/produit\/asics-gt-2000-14-femme\/\",\"url\":\"https:\/\/www.miomiorun.com\/fr\/produit\/asics-gt-2000-14-femme\/\",\"name\":\"Asics GT-2000 14 femme - chaussures de course - MioMioRun\",\"isPartOf\":{\"@id\":\"https:\/\/www.miomiorun.com\/fr\/#website\"},\"primaryImageOfPage\":{\"@id\":\"https:\/\/www.miomiorun.com\/fr\/produit\/asics-gt-2000-14-femme\/#primaryimage\"},\"image\":{\"@id\":\"https:\/\/www.miomiorun.com\/fr\/produit\/asics-gt-2000-14-femme\/#primaryimage\"},\"thumbnailUrl\":\"https:\/\/www.miomiorun.com\/app\/uploads\/2025\/08\/asics-GT-2000-14-W-whisper-green-monument-blue-1012B843-300.webp\",\"datePublished\":\"2025-08-13T07:53:51+00:00\",\"dateModified\":\"2025-12-09T17:46:35+00:00\",\"description\":\"ASICS GT-2000 14 femme : chaussure de course stable et confortable, avec PureGEL et FF BLAST MAX pour un amorti sup\u00e9rieur. Parfaite pour les courses quotidiennes.\",\"breadcrumb\":{\"@id\":\"https:\/\/www.miomiorun.com\/fr\/produit\/asics-gt-2000-14-femme\/#breadcrumb\"},\"inLanguage\":\"fr-FR\",\"potentialAction\":[{\"@type\":\"ReadAction\",\"target\":[\"https:\/\/www.miomiorun.com\/fr\/produit\/asics-gt-2000-14-femme\/\"]}]},{\"@type\":\"ImageObject\",\"inLanguage\":\"fr-FR\",\"@id\":\"https:\/\/www.miomiorun.com\/fr\/produit\/asics-gt-2000-14-femme\/#primaryimage\",\"url\":\"https:\/\/www.miomiorun.com\/app\/uploads\/2025\/08\/asics-GT-2000-14-W-whisper-green-monument-blue-1012B843-300.webp\",\"contentUrl\":\"https:\/\/www.miomiorun.com\/app\/uploads\/2025\/08\/asics-GT-2000-14-W-whisper-green-monument-blue-1012B843-300.webp\",\"width\":720,\"height\":720,\"caption\":\"asics GT-2000 14 W whisper green monument blue 1012B843 300\"},{\"@type\":\"BreadcrumbList\",\"@id\":\"https:\/\/www.miomiorun.com\/fr\/produit\/asics-gt-2000-14-femme\/#breadcrumb\",\"itemListElement\":[{\"@type\":\"ListItem\",\"position\":1,\"name\":\"Home\",\"item\":\"https:\/\/www.miomiorun.com\/fr\/home-page\/\"},{\"@type\":\"ListItem\",\"position\":2,\"name\":\"Shop\",\"item\":\"https:\/\/www.miomiorun.com\/shop\/\"},{\"@type\":\"ListItem\",\"position\":3,\"name\":\"GT-2000 14 femme\"}]},{\"@type\":\"WebSite\",\"@id\":\"https:\/\/www.miomiorun.com\/fr\/#website\",\"url\":\"https:\/\/www.miomiorun.com\/fr\/\",\"name\":\"MioMioRun\",\"description\":\"Boutique 100% running et trail\",\"publisher\":{\"@id\":\"https:\/\/www.miomiorun.com\/fr\/#organization\"},\"potentialAction\":[{\"@type\":\"SearchAction\",\"target\":{\"@type\":\"EntryPoint\",\"urlTemplate\":\"https:\/\/www.miomiorun.com\/fr\/?s={search_term_string}\"},\"query-input\":{\"@type\":\"PropertyValueSpecification\",\"valueRequired\":true,\"valueName\":\"search_term_string\"}}],\"inLanguage\":\"fr-FR\"},{\"@type\":\"Organization\",\"@id\":\"https:\/\/www.miomiorun.com\/fr\/#organization\",\"name\":\"MioMio Run\",\"url\":\"https:\/\/www.miomiorun.com\/fr\/\",\"logo\":{\"@type\":\"ImageObject\",\"inLanguage\":\"fr-FR\",\"@id\":\"https:\/\/www.miomiorun.com\/fr\/#\/schema\/logo\/image\/\",\"url\":\"https:\/\/www.miomiorun.com\/app\/uploads\/2019\/12\/logomio.png\",\"contentUrl\":\"https:\/\/www.miomiorun.com\/app\/uploads\/2019\/12\/logomio.png\",\"width\":115,\"height\":82,\"caption\":\"MioMio Run\"},\"image\":{\"@id\":\"https:\/\/www.miomiorun.com\/fr\/#\/schema\/logo\/image\/\"},\"sameAs\":[\"https:\/\/www.facebook.com\/miomiorun\/\",\"https:\/\/www.instagram.com\/miomiorun\/\"]}]}<\/script>\n<!-- \/ Yoast SEO plugin. -->","yoast_head_json":{"title":"Asics GT-2000 14 femme - chaussures de course - MioMioRun","description":"ASICS GT-2000 14 femme : chaussure de course stable et confortable, avec PureGEL et FF BLAST MAX pour un amorti sup\u00e9rieur. Parfaite pour les courses quotidiennes.","robots":{"index":"index","follow":"follow","max-snippet":"max-snippet:-1","max-image-preview":"max-image-preview:large","max-video-preview":"max-video-preview:-1"},"canonical":"https:\/\/www.miomiorun.com\/fr\/produit\/asics-gt-2000-14-femme\/","og_locale":"fr_FR","og_type":"article","og_title":"Asics GT-2000 14 femme - chaussures de course - MioMioRun","og_description":"ASICS GT-2000 14 femme : chaussure de course stable et confortable, avec PureGEL et FF BLAST MAX pour un amorti sup\u00e9rieur. Parfaite pour les courses quotidiennes.","og_url":"https:\/\/www.miomiorun.com\/fr\/produit\/asics-gt-2000-14-femme\/","og_site_name":"MioMioRun","article_publisher":"https:\/\/www.facebook.com\/miomiorun\/","article_modified_time":"2025-12-09T17:46:35+00:00","og_image":[{"width":720,"height":720,"url":"https:\/\/www.miomiorun.com\/app\/uploads\/2025\/08\/asics-GT-2000-14-W-whisper-green-monument-blue-1012B843-300.webp","type":"image\/webp"}],"twitter_card":"summary_large_image","twitter_misc":{"Est. reading time":"2 minutes"},"schema":{"@context":"https:\/\/schema.org","@graph":[{"@type":"WebPage","@id":"https:\/\/www.miomiorun.com\/fr\/produit\/asics-gt-2000-14-femme\/","url":"https:\/\/www.miomiorun.com\/fr\/produit\/asics-gt-2000-14-femme\/","name":"Asics GT-2000 14 femme - chaussures de course - MioMioRun","isPartOf":{"@id":"https:\/\/www.miomiorun.com\/fr\/#website"},"primaryImageOfPage":{"@id":"https:\/\/www.miomiorun.com\/fr\/produit\/asics-gt-2000-14-femme\/#primaryimage"},"image":{"@id":"https:\/\/www.miomiorun.com\/fr\/produit\/asics-gt-2000-14-femme\/#primaryimage"},"thumbnailUrl":"https:\/\/www.miomiorun.com\/app\/uploads\/2025\/08\/asics-GT-2000-14-W-whisper-green-monument-blue-1012B843-300.webp","datePublished":"2025-08-13T07:53:51+00:00","dateModified":"2025-12-09T17:46:35+00:00","description":"ASICS GT-2000 14 femme : chaussure de course stable et confortable, avec PureGEL et FF BLAST MAX pour un amorti sup\u00e9rieur. Parfaite pour les courses quotidiennes.","breadcrumb":{"@id":"https:\/\/www.miomiorun.com\/fr\/produit\/asics-gt-2000-14-femme\/#breadcrumb"},"inLanguage":"fr-FR","potentialAction":[{"@type":"ReadAction","target":["https:\/\/www.miomiorun.com\/fr\/produit\/asics-gt-2000-14-femme\/"]}]},{"@type":"ImageObject","inLanguage":"fr-FR","@id":"https:\/\/www.miomiorun.com\/fr\/produit\/asics-gt-2000-14-femme\/#primaryimage","url":"https:\/\/www.miomiorun.com\/app\/uploads\/2025\/08\/asics-GT-2000-14-W-whisper-green-monument-blue-1012B843-300.webp","contentUrl":"https:\/\/www.miomiorun.com\/app\/uploads\/2025\/08\/asics-GT-2000-14-W-whisper-green-monument-blue-1012B843-300.webp","width":720,"height":720,"caption":"asics GT-2000 14 W whisper green monument blue 1012B843 300"},{"@type":"BreadcrumbList","@id":"https:\/\/www.miomiorun.com\/fr\/produit\/asics-gt-2000-14-femme\/#breadcrumb","itemListElement":[{"@type":"ListItem","position":1,"name":"Home","item":"https:\/\/www.miomiorun.com\/fr\/home-page\/"},{"@type":"ListItem","position":2,"name":"Shop","item":"https:\/\/www.miomiorun.com\/shop\/"},{"@type":"ListItem","position":3,"name":"GT-2000 14 femme"}]},{"@type":"WebSite","@id":"https:\/\/www.miomiorun.com\/fr\/#website","url":"https:\/\/www.miomiorun.com\/fr\/","name":"MioMioRun","description":"Boutique 100% running et trail","publisher":{"@id":"https:\/\/www.miomiorun.com\/fr\/#organization"},"potentialAction":[{"@type":"SearchAction","target":{"@type":"EntryPoint","urlTemplate":"https:\/\/www.miomiorun.com\/fr\/?s={search_term_string}"},"query-input":{"@type":"PropertyValueSpecification","valueRequired":true,"valueName":"search_term_string"}}],"inLanguage":"fr-FR"},{"@type":"Organization","@id":"https:\/\/www.miomiorun.com\/fr\/#organization","name":"MioMio Run","url":"https:\/\/www.miomiorun.com\/fr\/","logo":{"@type":"ImageObject","inLanguage":"fr-FR","@id":"https:\/\/www.miomiorun.com\/fr\/#\/schema\/logo\/image\/","url":"https:\/\/www.miomiorun.com\/app\/uploads\/2019\/12\/logomio.png","contentUrl":"https:\/\/www.miomiorun.com\/app\/uploads\/2019\/12\/logomio.png","width":115,"height":82,"caption":"MioMio Run"},"image":{"@id":"https:\/\/www.miomiorun.com\/fr\/#\/schema\/logo\/image\/"},"sameAs":["https:\/\/www.facebook.com\/miomiorun\/","https:\/\/www.instagram.com\/miomiorun\/"]}]}},"_links":{"self":[{"href":"https:\/\/www.miomiorun.com\/fr\/wp-json\/wp\/v2\/product\/334170","targetHints":{"allow":["GET"]}}],"collection":[{"href":"https:\/\/www.miomiorun.com\/fr\/wp-json\/wp\/v2\/product"}],"about":[{"href":"https:\/\/www.miomiorun.com\/fr\/wp-json\/wp\/v2\/types\/product"}],"wp:featuredmedia":[{"embeddable":true,"href":"https:\/\/www.miomiorun.com\/fr\/wp-json\/wp\/v2\/media\/338084"}],"wp:attachment":[{"href":"https:\/\/www.miomiorun.com\/fr\/wp-json\/wp\/v2\/media?parent=334170"}],"wp:term":[{"taxonomy":"product_brand","embeddable":true,"href":"https:\/\/www.miomiorun.com\/fr\/wp-json\/wp\/v2\/product_brand?post=334170"},{"taxonomy":"product_cat","embeddable":true,"href":"https:\/\/www.miomiorun.com\/fr\/wp-json\/wp\/v2\/product_cat?post=334170"},{"taxonomy":"product_tag","embeddable":true,"href":"https:\/\/www.miomiorun.com\/fr\/wp-json\/wp\/v2\/product_tag?post=334170"}],"curies":[{"name":"wp","href":"https:\/\/api.w.org\/{rel}","templated":true}]}}