{"id":334028,"date":"2025-08-13T09:41:49","date_gmt":"2025-08-13T07:41:49","guid":{"rendered":"https:\/\/www.miomiorun.com\/?post_type=product&#038;p=334028"},"modified":"2026-04-17T16:13:58","modified_gmt":"2026-04-17T14:13:58","slug":"adistar-4-homme","status":"publish","type":"product","link":"https:\/\/www.miomiorun.com\/fr\/produit\/adistar-4-homme\/","title":{"rendered":"Adistar 4 homme"},"content":{"rendered":"<table style=\"border-collapse: collapse;width: 100%\">\n<tbody>\n<tr>\n<td style=\"width: 33.3333%;vertical-align: top;text-align: center\">\n<h4>Caract\u00e9ristiques techniques<\/h4>\n<p>Cat\u00e9gorie : Super amorti<br \/>\nD\u00e9calage : 5 mm (talon : 40 mm\/avant-pied : 35 mm)<br \/>\nPoids : 265 g (taille 42 2\/3)<br \/>\nId\u00e9al pour : les coureurs \u00e0 la recherche d&#8217;un mod\u00e8le l\u00e9ger, polyvalent et rapide, capable d&#8217;allier r\u00e9activit\u00e9, facilit\u00e9 de course et souplesse \u00e0 l&#8217;appui, pour les activit\u00e9s de moyenne et longue distance, mais aussi les promenades.<br \/>\nPoids de l&#8217;athl\u00e8te : &gt;50 kg<br \/>\nAllure de course : &gt; 4,30 min \/ km<br \/>\n<a href=\"https:\/\/miomiorun.com\/guida-alle-specifiche-tecniche\/\">Guide des sp\u00e9cifications techniques<\/a><\/td>\n<td style=\"width: 66.6666%;vertical-align: top;text-align: center\">\n<h3 data-start=\"194\" data-end=\"273\"><strong data-start=\"198\" data-end=\"273\">Amorti et confort pour vos longues distances<\/strong><\/h3>\n<p data-start=\"275\" data-end=\"648\">Affrontez chaque kilom\u00e8tre avec une chaussure con\u00e7ue pour r\u00e9sister \u00e0 la distance. L&#8217;<strong data-start=\"358\" data-end=\"387\">adidas Adistar 4 pour homme<\/strong> est con\u00e7ue pour les entra\u00eenements longs et r\u00e9guliers, o\u00f9 le confort, la stabilit\u00e9 et l&#8217;amorti sont essentiels. La semelle interm\u00e9diaire <strong data-start=\"507\" data-end=\"520\">REPETITOR<\/strong> offre un amorti g\u00e9n\u00e9reux et r\u00e9actif, vous aidant \u00e0 conserver une foul\u00e9e fluide et naturelle m\u00eame apr\u00e8s de nombreux kilom\u00e8tres.<\/p>\n<p data-start=\"650\" data-end=\"1066\">La conception incurv\u00e9e de la semelle interm\u00e9diaire guide le pied du talon \u00e0 la pointe pour une transition harmonieuse, tandis que la structure de la chaussure garantit un ajustement s\u00fbr : <strong data-start=\"815\" data-end=\"830\">pointe large<\/strong>, <strong data-start=\"832\" data-end=\"861\">support interne adaptatif<\/strong> et <strong data-start=\"864\" data-end=\"886\">talon enveloppant<\/strong> se combinent pour un ajustement stable et confortable. Avec une semelle en caoutchouc r\u00e9sistante et un poids r\u00e9duit, l&#8217;Adistar 4 est pr\u00eate \u00e0 vous accompagner dans vos sorties les plus longues.<br \/>\nQue vous vous pr\u00e9pariez pour un semi-marathon ou que vous aimiez simplement courir longtemps, cette chaussure vous aide \u00e0 le faire dans un confort optimal.\n<\/p>\n<\/p>\n<\/td>\n<\/tr>\n<\/tbody>\n<\/table>\n<p>&nbsp;<\/p>\n","protected":false},"excerpt":{"rendered":"<ul>\n<li data-start=\"1765\" data-end=\"1838\">\n<p data-start=\"1767\" data-end=\"1838\">Pointe large et panneau int\u00e9rieur adaptatif<\/p>\n<\/li>\n<li data-start=\"1765\" data-end=\"1838\">\n<p data-start=\"1767\" data-end=\"1838\">Structure en couches au niveau du talon<\/p>\n<\/li>\n<li data-start=\"1915\" data-end=\"1961\">\n<p data-start=\"1917\" data-end=\"1961\">Tige et doublure en tissu respirant<\/p>\n<\/li>\n<\/ul>\n","protected":false},"featured_media":334350,"template":"","meta":{"_acf_changed":false,"inline_featured_image":false},"product_brand":[],"product_cat":[24448,24447],"product_tag":[23557,23564],"class_list":{"0":"post-334028","1":"product","2":"type-product","3":"status-publish","4":"has-post-thumbnail","6":"product_cat-chaussures-pour-hommes-fr","7":"product_cat-neutre-fr-3","8":"product_tag-adidas-fr","9":"product_tag-adidas-homme","10":"pa_attivita-marcher","11":"pa_attivita-running-fr","12":"pa_colore-adistar-4-aurink-prloin-limbur-fr","13":"pa_colore-adistar-4-ftwwht-tecind-limbur","14":"pa_colore-adistar-4-m-cwhite-purbur-limbur-fr","15":"pa_colore-adistar-4-onix-cblack-luor","16":"pa_marca-adidas-fr","17":"pa_sesso-homme","18":"pa_size-41-fr","19":"pa_size-42-fr","21":"pa_size-44-fr","22":"pa_size-45-fr","23":"pa_size-46-fr","26":"first","27":"instock","28":"sale","29":"taxable","30":"shipping-taxable","31":"purchasable","32":"product-type-variable","33":"wvs-archive-product-wrapper"},"acf":[],"yoast_head":"<!-- This site is optimized with the Yoast SEO plugin v26.8 - https:\/\/yoast.com\/product\/yoast-seo-wordpress\/ -->\n<title>Adidas Adistar 4 homme - chaussures de course - MioMioRun.com<\/title>\n<meta name=\"description\" content=\"Adistar 4 pour homme : chaussure de course id\u00e9ale pour les longues distances. Amorti REPETITOR, retour d&#039;\u00e9nergie et confort stable kilom\u00e8tre apr\u00e8s kilom\u00e8tre.\" \/>\n<meta name=\"robots\" content=\"index, follow, max-snippet:-1, max-image-preview:large, max-video-preview:-1\" \/>\n<link rel=\"canonical\" href=\"https:\/\/www.miomiorun.com\/fr\/produit\/adistar-4-homme\/\" \/>\n<meta property=\"og:locale\" content=\"fr_FR\" \/>\n<meta property=\"og:type\" content=\"article\" \/>\n<meta property=\"og:title\" content=\"Adidas Adistar 4 homme - chaussures de course - MioMioRun.com\" \/>\n<meta property=\"og:description\" content=\"Adistar 4 pour homme : chaussure de course id\u00e9ale pour les longues distances. Amorti REPETITOR, retour d&#039;\u00e9nergie et confort stable kilom\u00e8tre apr\u00e8s kilom\u00e8tre.\" \/>\n<meta property=\"og:url\" content=\"https:\/\/www.miomiorun.com\/fr\/produit\/adistar-4-homme\/\" \/>\n<meta property=\"og:site_name\" content=\"MioMioRun\" \/>\n<meta property=\"article:publisher\" content=\"https:\/\/www.facebook.com\/miomiorun\/\" \/>\n<meta property=\"article:modified_time\" content=\"2026-04-17T14:13:58+00:00\" \/>\n<meta property=\"og:image\" content=\"https:\/\/www.miomiorun.com\/app\/uploads\/2025\/08\/adidas-Adistar-4-aurink-prloin-limbur-JR0310.webp\" \/>\n\t<meta property=\"og:image:width\" content=\"720\" \/>\n\t<meta property=\"og:image:height\" content=\"720\" \/>\n\t<meta property=\"og:image:type\" content=\"image\/webp\" \/>\n<meta name=\"twitter:card\" content=\"summary_large_image\" \/>\n<meta name=\"twitter:label1\" content=\"Est. reading time\" \/>\n\t<meta name=\"twitter:data1\" content=\"1 minute\" \/>\n<script type=\"application\/ld+json\" class=\"yoast-schema-graph\">{\"@context\":\"https:\/\/schema.org\",\"@graph\":[{\"@type\":\"WebPage\",\"@id\":\"https:\/\/www.miomiorun.com\/fr\/produit\/adistar-4-homme\/\",\"url\":\"https:\/\/www.miomiorun.com\/fr\/produit\/adistar-4-homme\/\",\"name\":\"Adidas Adistar 4 homme - chaussures de course - MioMioRun.com\",\"isPartOf\":{\"@id\":\"https:\/\/www.miomiorun.com\/fr\/#website\"},\"primaryImageOfPage\":{\"@id\":\"https:\/\/www.miomiorun.com\/fr\/produit\/adistar-4-homme\/#primaryimage\"},\"image\":{\"@id\":\"https:\/\/www.miomiorun.com\/fr\/produit\/adistar-4-homme\/#primaryimage\"},\"thumbnailUrl\":\"https:\/\/www.miomiorun.com\/app\/uploads\/2025\/08\/adidas-Adistar-4-aurink-prloin-limbur-JR0310.webp\",\"datePublished\":\"2025-08-13T07:41:49+00:00\",\"dateModified\":\"2026-04-17T14:13:58+00:00\",\"description\":\"Adistar 4 pour homme : chaussure de course id\u00e9ale pour les longues distances. Amorti REPETITOR, retour d'\u00e9nergie et confort stable kilom\u00e8tre apr\u00e8s kilom\u00e8tre.\",\"breadcrumb\":{\"@id\":\"https:\/\/www.miomiorun.com\/fr\/produit\/adistar-4-homme\/#breadcrumb\"},\"inLanguage\":\"fr-FR\",\"potentialAction\":[{\"@type\":\"ReadAction\",\"target\":[\"https:\/\/www.miomiorun.com\/fr\/produit\/adistar-4-homme\/\"]}]},{\"@type\":\"ImageObject\",\"inLanguage\":\"fr-FR\",\"@id\":\"https:\/\/www.miomiorun.com\/fr\/produit\/adistar-4-homme\/#primaryimage\",\"url\":\"https:\/\/www.miomiorun.com\/app\/uploads\/2025\/08\/adidas-Adistar-4-aurink-prloin-limbur-JR0310.webp\",\"contentUrl\":\"https:\/\/www.miomiorun.com\/app\/uploads\/2025\/08\/adidas-Adistar-4-aurink-prloin-limbur-JR0310.webp\",\"width\":720,\"height\":720,\"caption\":\"adidas Adistar 4 aurink prloin limbur JR0310\"},{\"@type\":\"BreadcrumbList\",\"@id\":\"https:\/\/www.miomiorun.com\/fr\/produit\/adistar-4-homme\/#breadcrumb\",\"itemListElement\":[{\"@type\":\"ListItem\",\"position\":1,\"name\":\"Home\",\"item\":\"https:\/\/www.miomiorun.com\/fr\/home-page\/\"},{\"@type\":\"ListItem\",\"position\":2,\"name\":\"Shop\",\"item\":\"https:\/\/www.miomiorun.com\/shop\/\"},{\"@type\":\"ListItem\",\"position\":3,\"name\":\"Adistar 4 homme\"}]},{\"@type\":\"WebSite\",\"@id\":\"https:\/\/www.miomiorun.com\/fr\/#website\",\"url\":\"https:\/\/www.miomiorun.com\/fr\/\",\"name\":\"MioMioRun\",\"description\":\"Boutique 100% running et trail\",\"publisher\":{\"@id\":\"https:\/\/www.miomiorun.com\/fr\/#organization\"},\"potentialAction\":[{\"@type\":\"SearchAction\",\"target\":{\"@type\":\"EntryPoint\",\"urlTemplate\":\"https:\/\/www.miomiorun.com\/fr\/?s={search_term_string}\"},\"query-input\":{\"@type\":\"PropertyValueSpecification\",\"valueRequired\":true,\"valueName\":\"search_term_string\"}}],\"inLanguage\":\"fr-FR\"},{\"@type\":\"Organization\",\"@id\":\"https:\/\/www.miomiorun.com\/fr\/#organization\",\"name\":\"MioMio Run\",\"url\":\"https:\/\/www.miomiorun.com\/fr\/\",\"logo\":{\"@type\":\"ImageObject\",\"inLanguage\":\"fr-FR\",\"@id\":\"https:\/\/www.miomiorun.com\/fr\/#\/schema\/logo\/image\/\",\"url\":\"https:\/\/www.miomiorun.com\/app\/uploads\/2019\/12\/logomio.png\",\"contentUrl\":\"https:\/\/www.miomiorun.com\/app\/uploads\/2019\/12\/logomio.png\",\"width\":115,\"height\":82,\"caption\":\"MioMio Run\"},\"image\":{\"@id\":\"https:\/\/www.miomiorun.com\/fr\/#\/schema\/logo\/image\/\"},\"sameAs\":[\"https:\/\/www.facebook.com\/miomiorun\/\",\"https:\/\/www.instagram.com\/miomiorun\/\"]}]}<\/script>\n<!-- \/ Yoast SEO plugin. -->","yoast_head_json":{"title":"Adidas Adistar 4 homme - chaussures de course - MioMioRun.com","description":"Adistar 4 pour homme : chaussure de course id\u00e9ale pour les longues distances. Amorti REPETITOR, retour d'\u00e9nergie et confort stable kilom\u00e8tre apr\u00e8s kilom\u00e8tre.","robots":{"index":"index","follow":"follow","max-snippet":"max-snippet:-1","max-image-preview":"max-image-preview:large","max-video-preview":"max-video-preview:-1"},"canonical":"https:\/\/www.miomiorun.com\/fr\/produit\/adistar-4-homme\/","og_locale":"fr_FR","og_type":"article","og_title":"Adidas Adistar 4 homme - chaussures de course - MioMioRun.com","og_description":"Adistar 4 pour homme : chaussure de course id\u00e9ale pour les longues distances. Amorti REPETITOR, retour d'\u00e9nergie et confort stable kilom\u00e8tre apr\u00e8s kilom\u00e8tre.","og_url":"https:\/\/www.miomiorun.com\/fr\/produit\/adistar-4-homme\/","og_site_name":"MioMioRun","article_publisher":"https:\/\/www.facebook.com\/miomiorun\/","article_modified_time":"2026-04-17T14:13:58+00:00","og_image":[{"width":720,"height":720,"url":"https:\/\/www.miomiorun.com\/app\/uploads\/2025\/08\/adidas-Adistar-4-aurink-prloin-limbur-JR0310.webp","type":"image\/webp"}],"twitter_card":"summary_large_image","twitter_misc":{"Est. reading time":"1 minute"},"schema":{"@context":"https:\/\/schema.org","@graph":[{"@type":"WebPage","@id":"https:\/\/www.miomiorun.com\/fr\/produit\/adistar-4-homme\/","url":"https:\/\/www.miomiorun.com\/fr\/produit\/adistar-4-homme\/","name":"Adidas Adistar 4 homme - chaussures de course - MioMioRun.com","isPartOf":{"@id":"https:\/\/www.miomiorun.com\/fr\/#website"},"primaryImageOfPage":{"@id":"https:\/\/www.miomiorun.com\/fr\/produit\/adistar-4-homme\/#primaryimage"},"image":{"@id":"https:\/\/www.miomiorun.com\/fr\/produit\/adistar-4-homme\/#primaryimage"},"thumbnailUrl":"https:\/\/www.miomiorun.com\/app\/uploads\/2025\/08\/adidas-Adistar-4-aurink-prloin-limbur-JR0310.webp","datePublished":"2025-08-13T07:41:49+00:00","dateModified":"2026-04-17T14:13:58+00:00","description":"Adistar 4 pour homme : chaussure de course id\u00e9ale pour les longues distances. Amorti REPETITOR, retour d'\u00e9nergie et confort stable kilom\u00e8tre apr\u00e8s kilom\u00e8tre.","breadcrumb":{"@id":"https:\/\/www.miomiorun.com\/fr\/produit\/adistar-4-homme\/#breadcrumb"},"inLanguage":"fr-FR","potentialAction":[{"@type":"ReadAction","target":["https:\/\/www.miomiorun.com\/fr\/produit\/adistar-4-homme\/"]}]},{"@type":"ImageObject","inLanguage":"fr-FR","@id":"https:\/\/www.miomiorun.com\/fr\/produit\/adistar-4-homme\/#primaryimage","url":"https:\/\/www.miomiorun.com\/app\/uploads\/2025\/08\/adidas-Adistar-4-aurink-prloin-limbur-JR0310.webp","contentUrl":"https:\/\/www.miomiorun.com\/app\/uploads\/2025\/08\/adidas-Adistar-4-aurink-prloin-limbur-JR0310.webp","width":720,"height":720,"caption":"adidas Adistar 4 aurink prloin limbur JR0310"},{"@type":"BreadcrumbList","@id":"https:\/\/www.miomiorun.com\/fr\/produit\/adistar-4-homme\/#breadcrumb","itemListElement":[{"@type":"ListItem","position":1,"name":"Home","item":"https:\/\/www.miomiorun.com\/fr\/home-page\/"},{"@type":"ListItem","position":2,"name":"Shop","item":"https:\/\/www.miomiorun.com\/shop\/"},{"@type":"ListItem","position":3,"name":"Adistar 4 homme"}]},{"@type":"WebSite","@id":"https:\/\/www.miomiorun.com\/fr\/#website","url":"https:\/\/www.miomiorun.com\/fr\/","name":"MioMioRun","description":"Boutique 100% running et trail","publisher":{"@id":"https:\/\/www.miomiorun.com\/fr\/#organization"},"potentialAction":[{"@type":"SearchAction","target":{"@type":"EntryPoint","urlTemplate":"https:\/\/www.miomiorun.com\/fr\/?s={search_term_string}"},"query-input":{"@type":"PropertyValueSpecification","valueRequired":true,"valueName":"search_term_string"}}],"inLanguage":"fr-FR"},{"@type":"Organization","@id":"https:\/\/www.miomiorun.com\/fr\/#organization","name":"MioMio Run","url":"https:\/\/www.miomiorun.com\/fr\/","logo":{"@type":"ImageObject","inLanguage":"fr-FR","@id":"https:\/\/www.miomiorun.com\/fr\/#\/schema\/logo\/image\/","url":"https:\/\/www.miomiorun.com\/app\/uploads\/2019\/12\/logomio.png","contentUrl":"https:\/\/www.miomiorun.com\/app\/uploads\/2019\/12\/logomio.png","width":115,"height":82,"caption":"MioMio Run"},"image":{"@id":"https:\/\/www.miomiorun.com\/fr\/#\/schema\/logo\/image\/"},"sameAs":["https:\/\/www.facebook.com\/miomiorun\/","https:\/\/www.instagram.com\/miomiorun\/"]}]}},"_links":{"self":[{"href":"https:\/\/www.miomiorun.com\/fr\/wp-json\/wp\/v2\/product\/334028","targetHints":{"allow":["GET"]}}],"collection":[{"href":"https:\/\/www.miomiorun.com\/fr\/wp-json\/wp\/v2\/product"}],"about":[{"href":"https:\/\/www.miomiorun.com\/fr\/wp-json\/wp\/v2\/types\/product"}],"wp:featuredmedia":[{"embeddable":true,"href":"https:\/\/www.miomiorun.com\/fr\/wp-json\/wp\/v2\/media\/334350"}],"wp:attachment":[{"href":"https:\/\/www.miomiorun.com\/fr\/wp-json\/wp\/v2\/media?parent=334028"}],"wp:term":[{"taxonomy":"product_brand","embeddable":true,"href":"https:\/\/www.miomiorun.com\/fr\/wp-json\/wp\/v2\/product_brand?post=334028"},{"taxonomy":"product_cat","embeddable":true,"href":"https:\/\/www.miomiorun.com\/fr\/wp-json\/wp\/v2\/product_cat?post=334028"},{"taxonomy":"product_tag","embeddable":true,"href":"https:\/\/www.miomiorun.com\/fr\/wp-json\/wp\/v2\/product_tag?post=334028"}],"curies":[{"name":"wp","href":"https:\/\/api.w.org\/{rel}","templated":true}]}}