{"id":329526,"date":"2025-07-19T15:35:20","date_gmt":"2025-07-19T13:35:20","guid":{"rendered":"https:\/\/miomiorun.com\/?post_type=product&#038;p=329526"},"modified":"2026-05-09T09:58:15","modified_gmt":"2026-05-09T07:58:15","slug":"transport-gtx-femme","status":"publish","type":"product","link":"https:\/\/www.miomiorun.com\/fr\/produit\/transport-gtx-femme\/","title":{"rendered":"Transport GTX femme"},"content":{"rendered":"<div class=\"vc-row container\"><div class=\"vc-column\"><div class=\"vc-column-text\"><\/p>\n<p><strong>Caract\u00e9ristiques techniques<\/strong><\/p>\n<p>Cat\u00e9gorie : amorti sup\u00e9rieur<br \/>\nD\u00e9calage : 5 mm<br \/>\nPoids : 284 g<br \/>\nId\u00e9al pour : id\u00e9al pour ceux qui recherchent une chaussure pour tous les jours et pour les amateurs de promenades en ville, \u00e0 la recherche d&#8217;un mod\u00e8le l\u00e9ger, bien amorti et protecteur, capable d&#8217;offrir un confort maximal m\u00eame sur de longues distances.<br \/>\nPoids de l&#8217;athl\u00e8te : 70-80 kg<\/p>\n<p><a href=\"https:\/\/miomiorun.com\/guida-alle-specifiche-tecniche\/\">Guide des sp\u00e9cifications techniques<\/a><\/p>\n<p><\/div><\/div><div class=\"vc-column\"><div class=\"vc-column-text\"><\/p>\n<p data-start=\"162\" data-end=\"421\">Vous recherchez une chaussure polyvalente, confortable et imperm\u00e9able, pr\u00eate \u00e0 tout, du trajet domicile-travail \u00e0 la promenade sous la pluie ? Voici la HOKA Transport GORE-TEX : un mod\u00e8le con\u00e7u pour vous accompagner au quotidien, quelles que soient les conditions m\u00e9t\u00e9orologiques.<\/p>\n<p data-start=\"423\" data-end=\"755\">Cette chaussure n&#8217;est pas seulement performante, elle est \u00e9galement respectueuse de l&#8217;environnement : la semelle interm\u00e9diaire est compos\u00e9e \u00e0 35 % d&#8217;EVA issu de la canne \u00e0 sucre, tandis que la semelle Vibram\u00ae EcoStep Recycle EVO contient 30 % de caoutchouc recycl\u00e9. Et gr\u00e2ce \u00e0 la membrane <strong data-start=\"659\" data-end=\"685\">GORE-TEX Invisible Fit<\/strong>, vos pieds resteront au sec sans renoncer \u00e0 la respirabilit\u00e9 et \u00e0 la l\u00e9g\u00e8ret\u00e9.<\/p>\n<p data-start=\"757\" data-end=\"978\">Le design urbain rencontre la fonctionnalit\u00e9 outdoor : la\u00e7age rapide avec olive, d\u00e9tails r\u00e9fl\u00e9chissants \u00e0 360\u00b0 pour une visibilit\u00e9 \u00e0 tout moment de la journ\u00e9e et tige en <strong data-start=\"928\" data-end=\"950\">Cordura\u00ae recycl\u00e9<\/strong> pour une durabilit\u00e9 exceptionnelle. <\/p>\n<p data-start=\"980\" data-end=\"1169\">De plus, ce mod\u00e8le est enti\u00e8rement <strong data-start=\"1015\" data-end=\"1025\">v\u00e9gan<\/strong>, avec des mat\u00e9riaux recycl\u00e9s \u00e9galement dans la doublure et la semelle int\u00e9rieure, parfait pour ceux qui recherchent un produit \u00e9thique sans compromis en mati\u00e8re de confort.<\/p>\n<p data-start=\"1171\" data-end=\"1365\">Que vous marchiez, exploriez ou affrontiez simplement une journ\u00e9e intense en ville, la Transport GORE-TEX est la compagne id\u00e9ale : amortie, stable, imperm\u00e9able et pr\u00eate \u00e0 tout<\/p>\n<p><\/div><\/div><\/div><\/p>\n","protected":false},"excerpt":{"rendered":"<ul>\n<li data-start=\"153\" data-end=\"271\">\n<p data-start=\"155\" data-end=\"271\">&nbsp;Imperm\u00e9abilit\u00e9 totale<\/p>\n<\/li>\n<li data-start=\"272\" data-end=\"391\">\n<p data-start=\"274\" data-end=\"391\">&nbsp;Mat\u00e9riaux durables<\/p>\n<\/li>\n<li data-start=\"392\" data-end=\"482\">\n<p data-start=\"394\" data-end=\"482\">&nbsp;Tige en Cordura\u00ae recycl\u00e9 (100 %)<\/p>\n<\/li>\n<li data-start=\"483\" data-end=\"551\">\n<p data-start=\"485\" data-end=\"551\">Lacet rapide avec olive<\/p>\n<\/li>\n<\/ul>\n","protected":false},"featured_media":367272,"template":"","meta":{"_acf_changed":false,"inline_featured_image":false},"product_brand":[],"product_cat":[22605,22606],"product_tag":[23478,23494],"class_list":{"0":"post-329526","1":"product","2":"type-product","3":"status-publish","4":"has-post-thumbnail","6":"product_cat-chaussures-pour-femmes","7":"product_cat-neutre","8":"product_tag-hoka-one-one-fr","9":"product_tag-hoka-femme","10":"pa_attivita-marcher","11":"pa_colore-transport-gtx-w-blush-rose-cream-fr","12":"pa_marca-hoka-fr","13":"pa_sesso-femme","14":"pa_size-38-fr","15":"pa_size-42-fr","17":"first","18":"instock","19":"sale","20":"taxable","21":"shipping-taxable","22":"purchasable","23":"product-type-variable","24":"wvs-archive-product-wrapper"},"acf":[],"yoast_head":"<!-- This site is optimized with the Yoast SEO plugin v26.8 - https:\/\/yoast.com\/product\/yoast-seo-wordpress\/ -->\n<title>Hoka Transport GTX femme - chaussures de trail- MioMioRun.com<\/title>\n<meta name=\"description\" content=\"HOKA Transport GORE-TEX : chaussure imperm\u00e9able, durable et confortable pour la ville et les activit\u00e9s de plein air. Avec GORE-TEX Invisible Fit et semelle Vibram\u00ae recycl\u00e9e.\" \/>\n<meta name=\"robots\" content=\"index, follow, max-snippet:-1, max-image-preview:large, max-video-preview:-1\" \/>\n<link rel=\"canonical\" href=\"https:\/\/www.miomiorun.com\/fr\/produit\/transport-gtx-femme\/\" \/>\n<meta property=\"og:locale\" content=\"fr_FR\" \/>\n<meta property=\"og:type\" content=\"article\" \/>\n<meta property=\"og:title\" content=\"Hoka Transport GTX femme - chaussures de trail- MioMioRun.com\" \/>\n<meta property=\"og:description\" content=\"HOKA Transport GORE-TEX : chaussure imperm\u00e9able, durable et confortable pour la ville et les activit\u00e9s de plein air. Avec GORE-TEX Invisible Fit et semelle Vibram\u00ae recycl\u00e9e.\" \/>\n<meta property=\"og:url\" content=\"https:\/\/www.miomiorun.com\/fr\/produit\/transport-gtx-femme\/\" \/>\n<meta property=\"og:site_name\" content=\"MioMioRun\" \/>\n<meta property=\"article:publisher\" content=\"https:\/\/www.facebook.com\/miomiorun\/\" \/>\n<meta property=\"article:modified_time\" content=\"2026-05-09T07:58:15+00:00\" \/>\n<meta property=\"og:image\" content=\"https:\/\/www.miomiorun.com\/app\/uploads\/2025\/11\/hoka-Transport-GTX-W-blush-rose-cream-1133958F-BLSHR.webp\" \/>\n\t<meta property=\"og:image:width\" content=\"720\" \/>\n\t<meta property=\"og:image:height\" content=\"720\" \/>\n\t<meta property=\"og:image:type\" content=\"image\/webp\" \/>\n<meta name=\"twitter:card\" content=\"summary_large_image\" \/>\n<meta name=\"twitter:label1\" content=\"Est. reading time\" \/>\n\t<meta name=\"twitter:data1\" content=\"2 minutes\" \/>\n<script type=\"application\/ld+json\" class=\"yoast-schema-graph\">{\"@context\":\"https:\/\/schema.org\",\"@graph\":[{\"@type\":\"WebPage\",\"@id\":\"https:\/\/www.miomiorun.com\/fr\/produit\/transport-gtx-femme\/\",\"url\":\"https:\/\/www.miomiorun.com\/fr\/produit\/transport-gtx-femme\/\",\"name\":\"Hoka Transport GTX femme - chaussures de trail- MioMioRun.com\",\"isPartOf\":{\"@id\":\"https:\/\/www.miomiorun.com\/fr\/#website\"},\"primaryImageOfPage\":{\"@id\":\"https:\/\/www.miomiorun.com\/fr\/produit\/transport-gtx-femme\/#primaryimage\"},\"image\":{\"@id\":\"https:\/\/www.miomiorun.com\/fr\/produit\/transport-gtx-femme\/#primaryimage\"},\"thumbnailUrl\":\"https:\/\/www.miomiorun.com\/app\/uploads\/2025\/11\/hoka-Transport-GTX-W-blush-rose-cream-1133958F-BLSHR.webp\",\"datePublished\":\"2025-07-19T13:35:20+00:00\",\"dateModified\":\"2026-05-09T07:58:15+00:00\",\"description\":\"HOKA Transport GORE-TEX : chaussure imperm\u00e9able, durable et confortable pour la ville et les activit\u00e9s de plein air. Avec GORE-TEX Invisible Fit et semelle Vibram\u00ae recycl\u00e9e.\",\"breadcrumb\":{\"@id\":\"https:\/\/www.miomiorun.com\/fr\/produit\/transport-gtx-femme\/#breadcrumb\"},\"inLanguage\":\"fr-FR\",\"potentialAction\":[{\"@type\":\"ReadAction\",\"target\":[\"https:\/\/www.miomiorun.com\/fr\/produit\/transport-gtx-femme\/\"]}]},{\"@type\":\"ImageObject\",\"inLanguage\":\"fr-FR\",\"@id\":\"https:\/\/www.miomiorun.com\/fr\/produit\/transport-gtx-femme\/#primaryimage\",\"url\":\"https:\/\/www.miomiorun.com\/app\/uploads\/2025\/11\/hoka-Transport-GTX-W-blush-rose-cream-1133958F-BLSHR.webp\",\"contentUrl\":\"https:\/\/www.miomiorun.com\/app\/uploads\/2025\/11\/hoka-Transport-GTX-W-blush-rose-cream-1133958F-BLSHR.webp\",\"width\":720,\"height\":720,\"caption\":\"hoka Transport GTX W blush rose cream 1133958F BLSHR\"},{\"@type\":\"BreadcrumbList\",\"@id\":\"https:\/\/www.miomiorun.com\/fr\/produit\/transport-gtx-femme\/#breadcrumb\",\"itemListElement\":[{\"@type\":\"ListItem\",\"position\":1,\"name\":\"Home\",\"item\":\"https:\/\/www.miomiorun.com\/fr\/home-page\/\"},{\"@type\":\"ListItem\",\"position\":2,\"name\":\"Shop\",\"item\":\"https:\/\/www.miomiorun.com\/shop\/\"},{\"@type\":\"ListItem\",\"position\":3,\"name\":\"Transport GTX femme\"}]},{\"@type\":\"WebSite\",\"@id\":\"https:\/\/www.miomiorun.com\/fr\/#website\",\"url\":\"https:\/\/www.miomiorun.com\/fr\/\",\"name\":\"MioMioRun\",\"description\":\"Boutique 100% running et trail\",\"publisher\":{\"@id\":\"https:\/\/www.miomiorun.com\/fr\/#organization\"},\"potentialAction\":[{\"@type\":\"SearchAction\",\"target\":{\"@type\":\"EntryPoint\",\"urlTemplate\":\"https:\/\/www.miomiorun.com\/fr\/?s={search_term_string}\"},\"query-input\":{\"@type\":\"PropertyValueSpecification\",\"valueRequired\":true,\"valueName\":\"search_term_string\"}}],\"inLanguage\":\"fr-FR\"},{\"@type\":\"Organization\",\"@id\":\"https:\/\/www.miomiorun.com\/fr\/#organization\",\"name\":\"MioMio Run\",\"url\":\"https:\/\/www.miomiorun.com\/fr\/\",\"logo\":{\"@type\":\"ImageObject\",\"inLanguage\":\"fr-FR\",\"@id\":\"https:\/\/www.miomiorun.com\/fr\/#\/schema\/logo\/image\/\",\"url\":\"https:\/\/www.miomiorun.com\/app\/uploads\/2019\/12\/logomio.png\",\"contentUrl\":\"https:\/\/www.miomiorun.com\/app\/uploads\/2019\/12\/logomio.png\",\"width\":115,\"height\":82,\"caption\":\"MioMio Run\"},\"image\":{\"@id\":\"https:\/\/www.miomiorun.com\/fr\/#\/schema\/logo\/image\/\"},\"sameAs\":[\"https:\/\/www.facebook.com\/miomiorun\/\",\"https:\/\/www.instagram.com\/miomiorun\/\"]}]}<\/script>\n<!-- \/ Yoast SEO plugin. -->","yoast_head_json":{"title":"Hoka Transport GTX femme - chaussures de trail- MioMioRun.com","description":"HOKA Transport GORE-TEX : chaussure imperm\u00e9able, durable et confortable pour la ville et les activit\u00e9s de plein air. Avec GORE-TEX Invisible Fit et semelle Vibram\u00ae recycl\u00e9e.","robots":{"index":"index","follow":"follow","max-snippet":"max-snippet:-1","max-image-preview":"max-image-preview:large","max-video-preview":"max-video-preview:-1"},"canonical":"https:\/\/www.miomiorun.com\/fr\/produit\/transport-gtx-femme\/","og_locale":"fr_FR","og_type":"article","og_title":"Hoka Transport GTX femme - chaussures de trail- MioMioRun.com","og_description":"HOKA Transport GORE-TEX : chaussure imperm\u00e9able, durable et confortable pour la ville et les activit\u00e9s de plein air. Avec GORE-TEX Invisible Fit et semelle Vibram\u00ae recycl\u00e9e.","og_url":"https:\/\/www.miomiorun.com\/fr\/produit\/transport-gtx-femme\/","og_site_name":"MioMioRun","article_publisher":"https:\/\/www.facebook.com\/miomiorun\/","article_modified_time":"2026-05-09T07:58:15+00:00","og_image":[{"width":720,"height":720,"url":"https:\/\/www.miomiorun.com\/app\/uploads\/2025\/11\/hoka-Transport-GTX-W-blush-rose-cream-1133958F-BLSHR.webp","type":"image\/webp"}],"twitter_card":"summary_large_image","twitter_misc":{"Est. reading time":"2 minutes"},"schema":{"@context":"https:\/\/schema.org","@graph":[{"@type":"WebPage","@id":"https:\/\/www.miomiorun.com\/fr\/produit\/transport-gtx-femme\/","url":"https:\/\/www.miomiorun.com\/fr\/produit\/transport-gtx-femme\/","name":"Hoka Transport GTX femme - chaussures de trail- MioMioRun.com","isPartOf":{"@id":"https:\/\/www.miomiorun.com\/fr\/#website"},"primaryImageOfPage":{"@id":"https:\/\/www.miomiorun.com\/fr\/produit\/transport-gtx-femme\/#primaryimage"},"image":{"@id":"https:\/\/www.miomiorun.com\/fr\/produit\/transport-gtx-femme\/#primaryimage"},"thumbnailUrl":"https:\/\/www.miomiorun.com\/app\/uploads\/2025\/11\/hoka-Transport-GTX-W-blush-rose-cream-1133958F-BLSHR.webp","datePublished":"2025-07-19T13:35:20+00:00","dateModified":"2026-05-09T07:58:15+00:00","description":"HOKA Transport GORE-TEX : chaussure imperm\u00e9able, durable et confortable pour la ville et les activit\u00e9s de plein air. Avec GORE-TEX Invisible Fit et semelle Vibram\u00ae recycl\u00e9e.","breadcrumb":{"@id":"https:\/\/www.miomiorun.com\/fr\/produit\/transport-gtx-femme\/#breadcrumb"},"inLanguage":"fr-FR","potentialAction":[{"@type":"ReadAction","target":["https:\/\/www.miomiorun.com\/fr\/produit\/transport-gtx-femme\/"]}]},{"@type":"ImageObject","inLanguage":"fr-FR","@id":"https:\/\/www.miomiorun.com\/fr\/produit\/transport-gtx-femme\/#primaryimage","url":"https:\/\/www.miomiorun.com\/app\/uploads\/2025\/11\/hoka-Transport-GTX-W-blush-rose-cream-1133958F-BLSHR.webp","contentUrl":"https:\/\/www.miomiorun.com\/app\/uploads\/2025\/11\/hoka-Transport-GTX-W-blush-rose-cream-1133958F-BLSHR.webp","width":720,"height":720,"caption":"hoka Transport GTX W blush rose cream 1133958F BLSHR"},{"@type":"BreadcrumbList","@id":"https:\/\/www.miomiorun.com\/fr\/produit\/transport-gtx-femme\/#breadcrumb","itemListElement":[{"@type":"ListItem","position":1,"name":"Home","item":"https:\/\/www.miomiorun.com\/fr\/home-page\/"},{"@type":"ListItem","position":2,"name":"Shop","item":"https:\/\/www.miomiorun.com\/shop\/"},{"@type":"ListItem","position":3,"name":"Transport GTX femme"}]},{"@type":"WebSite","@id":"https:\/\/www.miomiorun.com\/fr\/#website","url":"https:\/\/www.miomiorun.com\/fr\/","name":"MioMioRun","description":"Boutique 100% running et trail","publisher":{"@id":"https:\/\/www.miomiorun.com\/fr\/#organization"},"potentialAction":[{"@type":"SearchAction","target":{"@type":"EntryPoint","urlTemplate":"https:\/\/www.miomiorun.com\/fr\/?s={search_term_string}"},"query-input":{"@type":"PropertyValueSpecification","valueRequired":true,"valueName":"search_term_string"}}],"inLanguage":"fr-FR"},{"@type":"Organization","@id":"https:\/\/www.miomiorun.com\/fr\/#organization","name":"MioMio Run","url":"https:\/\/www.miomiorun.com\/fr\/","logo":{"@type":"ImageObject","inLanguage":"fr-FR","@id":"https:\/\/www.miomiorun.com\/fr\/#\/schema\/logo\/image\/","url":"https:\/\/www.miomiorun.com\/app\/uploads\/2019\/12\/logomio.png","contentUrl":"https:\/\/www.miomiorun.com\/app\/uploads\/2019\/12\/logomio.png","width":115,"height":82,"caption":"MioMio Run"},"image":{"@id":"https:\/\/www.miomiorun.com\/fr\/#\/schema\/logo\/image\/"},"sameAs":["https:\/\/www.facebook.com\/miomiorun\/","https:\/\/www.instagram.com\/miomiorun\/"]}]}},"_links":{"self":[{"href":"https:\/\/www.miomiorun.com\/fr\/wp-json\/wp\/v2\/product\/329526","targetHints":{"allow":["GET"]}}],"collection":[{"href":"https:\/\/www.miomiorun.com\/fr\/wp-json\/wp\/v2\/product"}],"about":[{"href":"https:\/\/www.miomiorun.com\/fr\/wp-json\/wp\/v2\/types\/product"}],"wp:featuredmedia":[{"embeddable":true,"href":"https:\/\/www.miomiorun.com\/fr\/wp-json\/wp\/v2\/media\/367272"}],"wp:attachment":[{"href":"https:\/\/www.miomiorun.com\/fr\/wp-json\/wp\/v2\/media?parent=329526"}],"wp:term":[{"taxonomy":"product_brand","embeddable":true,"href":"https:\/\/www.miomiorun.com\/fr\/wp-json\/wp\/v2\/product_brand?post=329526"},{"taxonomy":"product_cat","embeddable":true,"href":"https:\/\/www.miomiorun.com\/fr\/wp-json\/wp\/v2\/product_cat?post=329526"},{"taxonomy":"product_tag","embeddable":true,"href":"https:\/\/www.miomiorun.com\/fr\/wp-json\/wp\/v2\/product_tag?post=329526"}],"curies":[{"name":"wp","href":"https:\/\/api.w.org\/{rel}","templated":true}]}}