{"id":329104,"date":"2025-07-18T16:07:13","date_gmt":"2025-07-18T14:07:13","guid":{"rendered":"https:\/\/miomiorun.com\/?post_type=product&#038;p=329104"},"modified":"2025-12-28T04:37:36","modified_gmt":"2025-12-28T03:37:36","slug":"mafate-5-femme","status":"publish","type":"product","link":"https:\/\/www.miomiorun.com\/fr\/produit\/mafate-5-femme\/","title":{"rendered":"Mafate 5 femme"},"content":{"rendered":"<div class=\"vc-row container\"><div class=\"vc-column\"><div class=\"vc-column-text\"><\/p>\n<p><strong>Caract\u00e9ristiques techniques<\/strong><\/p>\n<p>Cat\u00e9gorie : amorti sup\u00e9rieur<br \/>\nD\u00e9calage : 8,00 <sup class=\"pl-1\">mm<\/sup><br \/>\nPoids : 286,00 <sup class=\"pl-1\">g<\/sup><br \/>\nId\u00e9al pour : les coureurs de trail et les amateurs de randonn\u00e9es en montagne, \u00e0 la recherche d&#8217;un mod\u00e8le bien amorti et protecteur, capable d&#8217;offrir un confort maximal m\u00eame sur de longues distances.<br \/>\nPoids de l&#8217;athl\u00e8te : 70-90 kg<br \/>\nAllure de course : moyenne (5,00-6,00 min\/km)<br \/>\n<a href=\"https:\/\/miomiorun.com\/guida-alle-specifiche-tecniche\/\">Guide des sp\u00e9cifications techniques<\/a><\/p>\n<p><\/div><\/div><div class=\"vc-column\"><div class=\"vc-column-text\"><\/p>\n<p data-start=\"473\" data-end=\"885\">Cette chaussure est con\u00e7ue pour vous soutenir m\u00eame dans les conditions les plus extr\u00eames : gr\u00e2ce \u00e0 la nouvelle <strong data-start=\"570\" data-end=\"601\">technologie Rocker Integrity<\/strong>, le roulement du pied est fluide et naturel, ce qui r\u00e9duit l&#8217;effort m\u00eame apr\u00e8s plusieurs kilom\u00e8tres. La semelle interm\u00e9diaire \u00e0 <strong data-start=\"709\" data-end=\"727\">double densit\u00e9<\/strong>, avec une mousse r\u00e9active juste sous la plante du pied et une deuxi\u00e8me couche qui absorbe les chocs pr\u00e8s de la semelle, vous offre un m\u00e9lange parfait de confort et de r\u00e9activit\u00e9.<\/p>\n<p data-start=\"887\" data-end=\"1328\">Mais il ne s&#8217;agit pas seulement d&#8217;amorti. La Mafate 5 est dot\u00e9e d&#8217;une <strong data-start=\"950\" data-end=\"1004\">semelle Vibram\u00ae Megagrip avec technologie Traction Lug<\/strong>, qui garantit une traction incroyable sur la roche, la boue, le sol mouill\u00e9&#8230; bref, partout o\u00f9 vous voulez aller. Et pour vous prot\u00e9ger des d\u00e9bris sur le sentier, vous disposez d&#8217;une tige renforc\u00e9e avec un <strong data-start=\"1182\" data-end=\"1216\">traitement anti-effilochage<\/strong>, une <strong data-start=\"1222\" data-end=\"1239\">cage en TPU<\/strong> et m\u00eame la possibilit\u00e9 de fixer des gu\u00eatres gr\u00e2ce \u00e0 des points d&#8217;ancrage sp\u00e9ciaux.<\/p>\n<p data-start=\"1330\" data-end=\"1547\">De plus, elle est dot\u00e9e d&#8217;une nouvelle <strong data-start=\"1351\" data-end=\"1379\">masque \u00e9lastique<\/strong> en instance de brevet, qui enveloppe le pied pour une sensation de stabilit\u00e9 sans contrainte, et de <strong data-start=\"1479\" data-end=\"1507\">d\u00e9tails r\u00e9fl\u00e9chissants<\/strong> pour lorsque vous vous aventurez apr\u00e8s le coucher du soleil.<\/p>\n<p data-start=\"1549\" data-end=\"1782\">En bref, la Mafate 5 est con\u00e7ue pour ceux qui veulent dominer tous les sentiers, sans compromis. C&#8217;est une chaussure robuste, r\u00e9active et fiable. Si votre objectif est d&#8217;aller toujours plus loin, avec elle aux pieds, vous n&#8217;avez vraiment rien \u00e0 craindre.<\/p>\n<p><\/div><\/div><\/div>\n","protected":false},"excerpt":{"rendered":"<ul>\n<li data-start=\"169\" data-end=\"242\">\n<p data-start=\"171\" data-end=\"242\">&nbsp;Rocker Integrity Technology\u2122<\/p>\n<\/li>\n<li data-start=\"243\" data-end=\"324\">\n<p data-start=\"245\" data-end=\"324\">&nbsp;Semelle interm\u00e9diaire double densit\u00e9<\/p>\n<\/li>\n<li data-start=\"325\" data-end=\"400\">\n<p data-start=\"327\" data-end=\"400\">&nbsp;Tige anti-effilochage<\/p>\n<\/li>\n<\/ul>\n","protected":false},"featured_media":395323,"template":"","meta":{"_acf_changed":false,"inline_featured_image":false},"product_brand":[],"product_cat":[22605,22608],"product_tag":[23478,23494],"class_list":{"0":"post-329104","1":"product","2":"type-product","3":"status-publish","4":"has-post-thumbnail","6":"product_cat-chaussures-pour-femmes","7":"product_cat-trail-fr","8":"product_tag-hoka-one-one-fr","9":"product_tag-hoka-femme","10":"pa_attivita-outdoor-fr","11":"pa_attivita-trail-fr","12":"pa_colore-mafate-5-w-ambient-blue-rosemary","13":"pa_colore-mafate-5-w-midnight-blue-starlight-glow","14":"pa_colore-mafate-5-w-skyward-blue-black-fr","15":"pa_marca-hoka-fr","16":"pa_sesso-femme","17":"pa_size-38-fr","19":"pa_size-39-fr","20":"pa_size-40-fr","22":"pa_size-41-fr","23":"pa_size-42-fr","25":"first","26":"instock","27":"sale","28":"taxable","29":"shipping-taxable","30":"purchasable","31":"product-type-variable","32":"wvs-archive-product-wrapper"},"acf":[],"yoast_head":"<!-- This site is optimized with the Yoast SEO plugin v26.8 - https:\/\/yoast.com\/product\/yoast-seo-wordpress\/ -->\n<title>Hoka Mafate 5 femme - chaussures de trail - MioMioRun<\/title>\n<meta name=\"description\" content=\"D\u00e9couvrez la HOKA Mafate 5 pour femme : une chaussure de trail ultra-r\u00e9sistante avec un amorti avanc\u00e9, une semelle Vibram\u00ae et une protection totale pour les parcours techniques.\" \/>\n<meta name=\"robots\" content=\"index, follow, max-snippet:-1, max-image-preview:large, max-video-preview:-1\" \/>\n<link rel=\"canonical\" href=\"https:\/\/www.miomiorun.com\/fr\/produit\/mafate-5-femme\/\" \/>\n<meta property=\"og:locale\" content=\"fr_FR\" \/>\n<meta property=\"og:type\" content=\"article\" \/>\n<meta property=\"og:title\" content=\"Hoka Mafate 5 femme - chaussures de trail - MioMioRun\" \/>\n<meta property=\"og:description\" content=\"D\u00e9couvrez la HOKA Mafate 5 pour femme : une chaussure de trail ultra-r\u00e9sistante avec un amorti avanc\u00e9, une semelle Vibram\u00ae et une protection totale pour les parcours techniques.\" \/>\n<meta property=\"og:url\" content=\"https:\/\/www.miomiorun.com\/fr\/produit\/mafate-5-femme\/\" \/>\n<meta property=\"og:site_name\" content=\"MioMioRun\" \/>\n<meta property=\"article:publisher\" content=\"https:\/\/www.facebook.com\/miomiorun\/\" \/>\n<meta property=\"article:modified_time\" content=\"2025-12-28T03:37:36+00:00\" \/>\n<meta property=\"og:image\" content=\"https:\/\/www.miomiorun.com\/app\/uploads\/2025\/08\/hoka-Mafate-5-W-skyward-blue-black-1168723-SWRD.webp\" \/>\n\t<meta property=\"og:image:width\" content=\"720\" \/>\n\t<meta property=\"og:image:height\" content=\"720\" \/>\n\t<meta property=\"og:image:type\" content=\"image\/webp\" \/>\n<meta name=\"twitter:card\" content=\"summary_large_image\" \/>\n<meta name=\"twitter:label1\" content=\"Est. reading time\" \/>\n\t<meta name=\"twitter:data1\" content=\"2 minutes\" \/>\n<script type=\"application\/ld+json\" class=\"yoast-schema-graph\">{\"@context\":\"https:\/\/schema.org\",\"@graph\":[{\"@type\":\"WebPage\",\"@id\":\"https:\/\/www.miomiorun.com\/fr\/produit\/mafate-5-femme\/\",\"url\":\"https:\/\/www.miomiorun.com\/fr\/produit\/mafate-5-femme\/\",\"name\":\"Hoka Mafate 5 femme - chaussures de trail - MioMioRun\",\"isPartOf\":{\"@id\":\"https:\/\/www.miomiorun.com\/fr\/#website\"},\"primaryImageOfPage\":{\"@id\":\"https:\/\/www.miomiorun.com\/fr\/produit\/mafate-5-femme\/#primaryimage\"},\"image\":{\"@id\":\"https:\/\/www.miomiorun.com\/fr\/produit\/mafate-5-femme\/#primaryimage\"},\"thumbnailUrl\":\"https:\/\/www.miomiorun.com\/app\/uploads\/2026\/02\/hoka-Mafate-5-W-ambient-blue-rosemary-1168723-ABNT.webp\",\"datePublished\":\"2025-07-18T14:07:13+00:00\",\"dateModified\":\"2025-12-28T03:37:36+00:00\",\"description\":\"D\u00e9couvrez la HOKA Mafate 5 pour femme : une chaussure de trail ultra-r\u00e9sistante avec un amorti avanc\u00e9, une semelle Vibram\u00ae et une protection totale pour les parcours techniques.\",\"breadcrumb\":{\"@id\":\"https:\/\/www.miomiorun.com\/fr\/produit\/mafate-5-femme\/#breadcrumb\"},\"inLanguage\":\"fr-FR\",\"potentialAction\":[{\"@type\":\"ReadAction\",\"target\":[\"https:\/\/www.miomiorun.com\/fr\/produit\/mafate-5-femme\/\"]}]},{\"@type\":\"ImageObject\",\"inLanguage\":\"fr-FR\",\"@id\":\"https:\/\/www.miomiorun.com\/fr\/produit\/mafate-5-femme\/#primaryimage\",\"url\":\"https:\/\/www.miomiorun.com\/app\/uploads\/2026\/02\/hoka-Mafate-5-W-ambient-blue-rosemary-1168723-ABNT.webp\",\"contentUrl\":\"https:\/\/www.miomiorun.com\/app\/uploads\/2026\/02\/hoka-Mafate-5-W-ambient-blue-rosemary-1168723-ABNT.webp\",\"width\":720,\"height\":720,\"caption\":\"hoka Mafate 5 W ambient blue rosemary 1168723 ABNT\"},{\"@type\":\"BreadcrumbList\",\"@id\":\"https:\/\/www.miomiorun.com\/fr\/produit\/mafate-5-femme\/#breadcrumb\",\"itemListElement\":[{\"@type\":\"ListItem\",\"position\":1,\"name\":\"Home\",\"item\":\"https:\/\/www.miomiorun.com\/fr\/home-page\/\"},{\"@type\":\"ListItem\",\"position\":2,\"name\":\"Shop\",\"item\":\"https:\/\/www.miomiorun.com\/shop\/\"},{\"@type\":\"ListItem\",\"position\":3,\"name\":\"Mafate 5 femme\"}]},{\"@type\":\"WebSite\",\"@id\":\"https:\/\/www.miomiorun.com\/fr\/#website\",\"url\":\"https:\/\/www.miomiorun.com\/fr\/\",\"name\":\"MioMioRun\",\"description\":\"Boutique 100% running et trail\",\"publisher\":{\"@id\":\"https:\/\/www.miomiorun.com\/fr\/#organization\"},\"potentialAction\":[{\"@type\":\"SearchAction\",\"target\":{\"@type\":\"EntryPoint\",\"urlTemplate\":\"https:\/\/www.miomiorun.com\/fr\/?s={search_term_string}\"},\"query-input\":{\"@type\":\"PropertyValueSpecification\",\"valueRequired\":true,\"valueName\":\"search_term_string\"}}],\"inLanguage\":\"fr-FR\"},{\"@type\":\"Organization\",\"@id\":\"https:\/\/www.miomiorun.com\/fr\/#organization\",\"name\":\"MioMio Run\",\"url\":\"https:\/\/www.miomiorun.com\/fr\/\",\"logo\":{\"@type\":\"ImageObject\",\"inLanguage\":\"fr-FR\",\"@id\":\"https:\/\/www.miomiorun.com\/fr\/#\/schema\/logo\/image\/\",\"url\":\"https:\/\/www.miomiorun.com\/app\/uploads\/2019\/12\/logomio.png\",\"contentUrl\":\"https:\/\/www.miomiorun.com\/app\/uploads\/2019\/12\/logomio.png\",\"width\":115,\"height\":82,\"caption\":\"MioMio Run\"},\"image\":{\"@id\":\"https:\/\/www.miomiorun.com\/fr\/#\/schema\/logo\/image\/\"},\"sameAs\":[\"https:\/\/www.facebook.com\/miomiorun\/\",\"https:\/\/www.instagram.com\/miomiorun\/\"]}]}<\/script>\n<!-- \/ Yoast SEO plugin. -->","yoast_head_json":{"title":"Hoka Mafate 5 femme - chaussures de trail - MioMioRun","description":"D\u00e9couvrez la HOKA Mafate 5 pour femme : une chaussure de trail ultra-r\u00e9sistante avec un amorti avanc\u00e9, une semelle Vibram\u00ae et une protection totale pour les parcours techniques.","robots":{"index":"index","follow":"follow","max-snippet":"max-snippet:-1","max-image-preview":"max-image-preview:large","max-video-preview":"max-video-preview:-1"},"canonical":"https:\/\/www.miomiorun.com\/fr\/produit\/mafate-5-femme\/","og_locale":"fr_FR","og_type":"article","og_title":"Hoka Mafate 5 femme - chaussures de trail - MioMioRun","og_description":"D\u00e9couvrez la HOKA Mafate 5 pour femme : une chaussure de trail ultra-r\u00e9sistante avec un amorti avanc\u00e9, une semelle Vibram\u00ae et une protection totale pour les parcours techniques.","og_url":"https:\/\/www.miomiorun.com\/fr\/produit\/mafate-5-femme\/","og_site_name":"MioMioRun","article_publisher":"https:\/\/www.facebook.com\/miomiorun\/","article_modified_time":"2025-12-28T03:37:36+00:00","og_image":[{"width":720,"height":720,"url":"https:\/\/www.miomiorun.com\/app\/uploads\/2025\/08\/hoka-Mafate-5-W-skyward-blue-black-1168723-SWRD.webp","type":"image\/webp"}],"twitter_card":"summary_large_image","twitter_misc":{"Est. reading time":"2 minutes"},"schema":{"@context":"https:\/\/schema.org","@graph":[{"@type":"WebPage","@id":"https:\/\/www.miomiorun.com\/fr\/produit\/mafate-5-femme\/","url":"https:\/\/www.miomiorun.com\/fr\/produit\/mafate-5-femme\/","name":"Hoka Mafate 5 femme - chaussures de trail - MioMioRun","isPartOf":{"@id":"https:\/\/www.miomiorun.com\/fr\/#website"},"primaryImageOfPage":{"@id":"https:\/\/www.miomiorun.com\/fr\/produit\/mafate-5-femme\/#primaryimage"},"image":{"@id":"https:\/\/www.miomiorun.com\/fr\/produit\/mafate-5-femme\/#primaryimage"},"thumbnailUrl":"https:\/\/www.miomiorun.com\/app\/uploads\/2026\/02\/hoka-Mafate-5-W-ambient-blue-rosemary-1168723-ABNT.webp","datePublished":"2025-07-18T14:07:13+00:00","dateModified":"2025-12-28T03:37:36+00:00","description":"D\u00e9couvrez la HOKA Mafate 5 pour femme : une chaussure de trail ultra-r\u00e9sistante avec un amorti avanc\u00e9, une semelle Vibram\u00ae et une protection totale pour les parcours techniques.","breadcrumb":{"@id":"https:\/\/www.miomiorun.com\/fr\/produit\/mafate-5-femme\/#breadcrumb"},"inLanguage":"fr-FR","potentialAction":[{"@type":"ReadAction","target":["https:\/\/www.miomiorun.com\/fr\/produit\/mafate-5-femme\/"]}]},{"@type":"ImageObject","inLanguage":"fr-FR","@id":"https:\/\/www.miomiorun.com\/fr\/produit\/mafate-5-femme\/#primaryimage","url":"https:\/\/www.miomiorun.com\/app\/uploads\/2026\/02\/hoka-Mafate-5-W-ambient-blue-rosemary-1168723-ABNT.webp","contentUrl":"https:\/\/www.miomiorun.com\/app\/uploads\/2026\/02\/hoka-Mafate-5-W-ambient-blue-rosemary-1168723-ABNT.webp","width":720,"height":720,"caption":"hoka Mafate 5 W ambient blue rosemary 1168723 ABNT"},{"@type":"BreadcrumbList","@id":"https:\/\/www.miomiorun.com\/fr\/produit\/mafate-5-femme\/#breadcrumb","itemListElement":[{"@type":"ListItem","position":1,"name":"Home","item":"https:\/\/www.miomiorun.com\/fr\/home-page\/"},{"@type":"ListItem","position":2,"name":"Shop","item":"https:\/\/www.miomiorun.com\/shop\/"},{"@type":"ListItem","position":3,"name":"Mafate 5 femme"}]},{"@type":"WebSite","@id":"https:\/\/www.miomiorun.com\/fr\/#website","url":"https:\/\/www.miomiorun.com\/fr\/","name":"MioMioRun","description":"Boutique 100% running et trail","publisher":{"@id":"https:\/\/www.miomiorun.com\/fr\/#organization"},"potentialAction":[{"@type":"SearchAction","target":{"@type":"EntryPoint","urlTemplate":"https:\/\/www.miomiorun.com\/fr\/?s={search_term_string}"},"query-input":{"@type":"PropertyValueSpecification","valueRequired":true,"valueName":"search_term_string"}}],"inLanguage":"fr-FR"},{"@type":"Organization","@id":"https:\/\/www.miomiorun.com\/fr\/#organization","name":"MioMio Run","url":"https:\/\/www.miomiorun.com\/fr\/","logo":{"@type":"ImageObject","inLanguage":"fr-FR","@id":"https:\/\/www.miomiorun.com\/fr\/#\/schema\/logo\/image\/","url":"https:\/\/www.miomiorun.com\/app\/uploads\/2019\/12\/logomio.png","contentUrl":"https:\/\/www.miomiorun.com\/app\/uploads\/2019\/12\/logomio.png","width":115,"height":82,"caption":"MioMio Run"},"image":{"@id":"https:\/\/www.miomiorun.com\/fr\/#\/schema\/logo\/image\/"},"sameAs":["https:\/\/www.facebook.com\/miomiorun\/","https:\/\/www.instagram.com\/miomiorun\/"]}]}},"_links":{"self":[{"href":"https:\/\/www.miomiorun.com\/fr\/wp-json\/wp\/v2\/product\/329104","targetHints":{"allow":["GET"]}}],"collection":[{"href":"https:\/\/www.miomiorun.com\/fr\/wp-json\/wp\/v2\/product"}],"about":[{"href":"https:\/\/www.miomiorun.com\/fr\/wp-json\/wp\/v2\/types\/product"}],"wp:featuredmedia":[{"embeddable":true,"href":"https:\/\/www.miomiorun.com\/fr\/wp-json\/wp\/v2\/media\/395323"}],"wp:attachment":[{"href":"https:\/\/www.miomiorun.com\/fr\/wp-json\/wp\/v2\/media?parent=329104"}],"wp:term":[{"taxonomy":"product_brand","embeddable":true,"href":"https:\/\/www.miomiorun.com\/fr\/wp-json\/wp\/v2\/product_brand?post=329104"},{"taxonomy":"product_cat","embeddable":true,"href":"https:\/\/www.miomiorun.com\/fr\/wp-json\/wp\/v2\/product_cat?post=329104"},{"taxonomy":"product_tag","embeddable":true,"href":"https:\/\/www.miomiorun.com\/fr\/wp-json\/wp\/v2\/product_tag?post=329104"}],"curies":[{"name":"wp","href":"https:\/\/api.w.org\/{rel}","templated":true}]}}