{"id":328543,"date":"2025-07-17T17:18:57","date_gmt":"2025-07-17T15:18:57","guid":{"rendered":"https:\/\/miomiorun.com\/?post_type=product&#038;p=328543"},"modified":"2025-12-09T18:16:17","modified_gmt":"2025-12-09T17:16:17","slug":"paradigm-8-homme","status":"publish","type":"product","link":"https:\/\/www.miomiorun.com\/fr\/produit\/paradigm-8-homme\/","title":{"rendered":"Paradigm 8 homme"},"content":{"rendered":"<div class=\"vc-row container\"><div class=\"vc-column\"><div class=\"vc-column-text\"><\/p>\n<h4>Caract\u00e9ristiques techniques<\/h4>\n<p>Cat\u00e9gorie : support<br \/>\nHauteur de la pile : 30 mm<br \/>\nD\u00e9port : 0 mm<br \/>\nPoids : 307,6 g<br \/>\nId\u00e9al pour : ce mod\u00e8le est <span style=\"font-size: 16px\">con\u00e7u pour garantir un amorti et une stabilit\u00e9 maximaux. Il est con\u00e7u pour affronter les courses de longue distance et les entra\u00eenements hebdomadaires avec un confort et un soutien optimaux <\/span>.<br \/>\nPoids de l&#8217;athl\u00e8te : &gt; 80 kg<br \/>\nAllure de course : &gt; 5,30 min\/km<br \/>\n<a href=\"https:\/\/miomiorun.com\/guida-alle-specifiche-tecniche\/\">Guide des sp\u00e9cifications techniques<\/a><\/p>\n<p><\/div><\/div><div class=\"vc-column\"><div class=\"vc-column-text\"><\/p>\n<p data-start=\"204\" data-end=\"505\">La <strong data-start=\"207\" data-end=\"221\">Paradigm 8<\/strong> d&#8217;Altra est la chaussure parfaite pour ceux qui recherchent soutien et amorti sans renoncer \u00e0 la l\u00e9g\u00e8ret\u00e9 et au confort. Con\u00e7ue pour accompagner vos pieds dans une ligne naturelle et droite, cette chaussure vous aide \u00e0 conserver une foul\u00e9e efficace, l\u00e9g\u00e8re et r\u00e9active, course apr\u00e8s course. <\/p>\n<p data-start=\"507\" data-end=\"868\">La semelle interm\u00e9diaire a \u00e9t\u00e9 mise \u00e0 jour avec le <strong data-start=\"546\" data-end=\"572\">compos\u00e9 Altra EGO\u2122 MAX<\/strong>, plus l\u00e9ger et plus souple, qui garantit un amorti sup\u00e9rieur et une sensation de luxe sous le pied. La technologie <strong data-start=\"697\" data-end=\"711\">GuideRail\u2122<\/strong> n&#8217;intervient que lorsque cela est n\u00e9cessaire, offrant un guidage lat\u00e9ral d\u00e9licat pour aider les personnes souffrant d&#8217;hyperpronation, sans jamais entraver le mouvement naturel.<\/p>\n<p data-start=\"870\" data-end=\"1139\">La tige en <strong data-start=\"883\" data-end=\"912\">mesh technique repens\u00e9<\/strong>, associ\u00e9e au syst\u00e8me de la\u00e7age, am\u00e9liore la respirabilit\u00e9 et assure un ajustement confortable et stable. Le <strong data-start=\"1031\" data-end=\"1064\">col de talon moul\u00e9<\/strong> avec des d\u00e9tails souples ajoute un confort imm\u00e9diat d\u00e8s la premi\u00e8re utilisation.<\/p>\n<p data-start=\"1141\" data-end=\"1365\">La coupe classique <strong data-start=\"1161\" data-end=\"1175\">FootShape\u2122<\/strong> sign\u00e9e Altra offre une <strong data-start=\"1200\" data-end=\"1215\">pointe large<\/strong> pour laisser les orteils libres de bouger, tandis que le <strong data-start=\"1272\" data-end=\"1293\">moyen-pied stable<\/strong> et le <strong data-start=\"1299\" data-end=\"1319\">drop nul<\/strong> permettent un appui naturel et \u00e9quilibr\u00e9.<\/p>\n<h3 data-start=\"1967\" data-end=\"1994\"><strong data-start=\"1971\" data-end=\"1992\">\u00c0 qui s&#8217;adresse-t-elle ?<\/strong><\/h3>\n<p data-start=\"1995\" data-end=\"2247\">Id\u00e9ale pour les coureurs qui recherchent <strong data-start=\"2025\" data-end=\"2085\">une chaussure de course amortissante, offrant un bon maintien et naturelle<\/strong>, capable de soutenir non seulement les pieds, mais aussi la posture et le dos. Si vous voulez une chaussure qui travaille avec vous, la <strong data-start=\"2218\" data-end=\"2232\">Paradigm 8<\/strong> est la r\u00e9ponse.<br \/>\n<\/div><\/div><\/div><\/p>\n","protected":false},"excerpt":{"rendered":"<ul>\n<li>Chaussure id\u00e9ale pour les pronateurs<\/li>\n<li>Super amortissante et l\u00e9g\u00e8re<\/li>\n<li>Chaussure qui vous guide dans votre course<\/li>\n<\/ul>\n","protected":false},"featured_media":404709,"template":"","meta":{"_acf_changed":false,"inline_featured_image":false},"product_brand":[],"product_cat":[24448,24446],"product_tag":[23458,23671],"class_list":{"0":"post-328543","1":"product","2":"type-product","3":"status-publish","4":"has-post-thumbnail","6":"product_cat-chaussures-pour-hommes-fr","7":"product_cat-stables","8":"product_tag-altra-fr","9":"product_tag-altra-homme","10":"pa_attivita-marcher","11":"pa_attivita-running-fr","12":"pa_colore-paradigm-8-blue-gray","13":"pa_marca-altra-fr","14":"pa_sesso-homme","15":"pa_size-42-fr","16":"pa_size-42-5-fr","17":"pa_size-44-5-fr","18":"pa_size-46-5-fr","20":"first","21":"instock","22":"sale","23":"taxable","24":"shipping-taxable","25":"purchasable","26":"product-type-variable","27":"wvs-archive-product-wrapper"},"acf":[],"yoast_head":"<!-- This site is optimized with the Yoast SEO plugin v26.8 - https:\/\/yoast.com\/product\/yoast-seo-wordpress\/ -->\n<title>Altra Paradigm 8 homme - Chaussures de course stables - MioMioRun .com<\/title>\n<meta name=\"description\" content=\"Chaussure de course Altra Paradigm 8 : soutien maximal, amorti et confort naturel gr\u00e2ce aux technologies GuideRail\u2122, EGO\u2122 MAX et \u00e0 la forme FootShape\u2122.\" \/>\n<meta name=\"robots\" content=\"index, follow, max-snippet:-1, max-image-preview:large, max-video-preview:-1\" \/>\n<link rel=\"canonical\" href=\"https:\/\/www.miomiorun.com\/fr\/produit\/paradigm-8-homme\/\" \/>\n<meta property=\"og:locale\" content=\"fr_FR\" \/>\n<meta property=\"og:type\" content=\"article\" \/>\n<meta property=\"og:title\" content=\"Altra Paradigm 8 homme - Chaussures de course stables - MioMioRun .com\" \/>\n<meta property=\"og:description\" content=\"Chaussure de course Altra Paradigm 8 : soutien maximal, amorti et confort naturel gr\u00e2ce aux technologies GuideRail\u2122, EGO\u2122 MAX et \u00e0 la forme FootShape\u2122.\" \/>\n<meta property=\"og:url\" content=\"https:\/\/www.miomiorun.com\/fr\/produit\/paradigm-8-homme\/\" \/>\n<meta property=\"og:site_name\" content=\"MioMioRun\" \/>\n<meta property=\"article:publisher\" content=\"https:\/\/www.facebook.com\/miomiorun\/\" \/>\n<meta property=\"article:modified_time\" content=\"2025-12-09T17:16:17+00:00\" \/>\n<meta property=\"og:image\" content=\"https:\/\/www.miomiorun.com\/app\/uploads\/2026\/02\/Altra-Paradigm-8-blue-gray-AL0A85RM4201.webp\" \/>\n\t<meta property=\"og:image:width\" content=\"720\" \/>\n\t<meta property=\"og:image:height\" content=\"720\" \/>\n\t<meta property=\"og:image:type\" content=\"image\/webp\" \/>\n<meta name=\"twitter:card\" content=\"summary_large_image\" \/>\n<meta name=\"twitter:label1\" content=\"Est. reading time\" \/>\n\t<meta name=\"twitter:data1\" content=\"2 minutes\" \/>\n<script type=\"application\/ld+json\" class=\"yoast-schema-graph\">{\"@context\":\"https:\/\/schema.org\",\"@graph\":[{\"@type\":\"WebPage\",\"@id\":\"https:\/\/www.miomiorun.com\/fr\/produit\/paradigm-8-homme\/\",\"url\":\"https:\/\/www.miomiorun.com\/fr\/produit\/paradigm-8-homme\/\",\"name\":\"Altra Paradigm 8 homme - Chaussures de course stables - MioMioRun .com\",\"isPartOf\":{\"@id\":\"https:\/\/www.miomiorun.com\/fr\/#website\"},\"primaryImageOfPage\":{\"@id\":\"https:\/\/www.miomiorun.com\/fr\/produit\/paradigm-8-homme\/#primaryimage\"},\"image\":{\"@id\":\"https:\/\/www.miomiorun.com\/fr\/produit\/paradigm-8-homme\/#primaryimage\"},\"thumbnailUrl\":\"https:\/\/www.miomiorun.com\/app\/uploads\/2026\/02\/Altra-Paradigm-8-blue-gray-AL0A85RM4201.webp\",\"datePublished\":\"2025-07-17T15:18:57+00:00\",\"dateModified\":\"2025-12-09T17:16:17+00:00\",\"description\":\"Chaussure de course Altra Paradigm 8 : soutien maximal, amorti et confort naturel gr\u00e2ce aux technologies GuideRail\u2122, EGO\u2122 MAX et \u00e0 la forme FootShape\u2122.\",\"breadcrumb\":{\"@id\":\"https:\/\/www.miomiorun.com\/fr\/produit\/paradigm-8-homme\/#breadcrumb\"},\"inLanguage\":\"fr-FR\",\"potentialAction\":[{\"@type\":\"ReadAction\",\"target\":[\"https:\/\/www.miomiorun.com\/fr\/produit\/paradigm-8-homme\/\"]}]},{\"@type\":\"ImageObject\",\"inLanguage\":\"fr-FR\",\"@id\":\"https:\/\/www.miomiorun.com\/fr\/produit\/paradigm-8-homme\/#primaryimage\",\"url\":\"https:\/\/www.miomiorun.com\/app\/uploads\/2026\/02\/Altra-Paradigm-8-blue-gray-AL0A85RM4201.webp\",\"contentUrl\":\"https:\/\/www.miomiorun.com\/app\/uploads\/2026\/02\/Altra-Paradigm-8-blue-gray-AL0A85RM4201.webp\",\"width\":720,\"height\":720,\"caption\":\"Altra Paradigm 8 blue gray AL0A85RM4201\"},{\"@type\":\"BreadcrumbList\",\"@id\":\"https:\/\/www.miomiorun.com\/fr\/produit\/paradigm-8-homme\/#breadcrumb\",\"itemListElement\":[{\"@type\":\"ListItem\",\"position\":1,\"name\":\"Home\",\"item\":\"https:\/\/www.miomiorun.com\/fr\/home-page\/\"},{\"@type\":\"ListItem\",\"position\":2,\"name\":\"Shop\",\"item\":\"https:\/\/www.miomiorun.com\/shop\/\"},{\"@type\":\"ListItem\",\"position\":3,\"name\":\"Paradigm 8 homme\"}]},{\"@type\":\"WebSite\",\"@id\":\"https:\/\/www.miomiorun.com\/fr\/#website\",\"url\":\"https:\/\/www.miomiorun.com\/fr\/\",\"name\":\"MioMioRun\",\"description\":\"Boutique 100% running et trail\",\"publisher\":{\"@id\":\"https:\/\/www.miomiorun.com\/fr\/#organization\"},\"potentialAction\":[{\"@type\":\"SearchAction\",\"target\":{\"@type\":\"EntryPoint\",\"urlTemplate\":\"https:\/\/www.miomiorun.com\/fr\/?s={search_term_string}\"},\"query-input\":{\"@type\":\"PropertyValueSpecification\",\"valueRequired\":true,\"valueName\":\"search_term_string\"}}],\"inLanguage\":\"fr-FR\"},{\"@type\":\"Organization\",\"@id\":\"https:\/\/www.miomiorun.com\/fr\/#organization\",\"name\":\"MioMio Run\",\"url\":\"https:\/\/www.miomiorun.com\/fr\/\",\"logo\":{\"@type\":\"ImageObject\",\"inLanguage\":\"fr-FR\",\"@id\":\"https:\/\/www.miomiorun.com\/fr\/#\/schema\/logo\/image\/\",\"url\":\"https:\/\/www.miomiorun.com\/app\/uploads\/2019\/12\/logomio.png\",\"contentUrl\":\"https:\/\/www.miomiorun.com\/app\/uploads\/2019\/12\/logomio.png\",\"width\":115,\"height\":82,\"caption\":\"MioMio Run\"},\"image\":{\"@id\":\"https:\/\/www.miomiorun.com\/fr\/#\/schema\/logo\/image\/\"},\"sameAs\":[\"https:\/\/www.facebook.com\/miomiorun\/\",\"https:\/\/www.instagram.com\/miomiorun\/\"]}]}<\/script>\n<!-- \/ Yoast SEO plugin. -->","yoast_head_json":{"title":"Altra Paradigm 8 homme - Chaussures de course stables - MioMioRun .com","description":"Chaussure de course Altra Paradigm 8 : soutien maximal, amorti et confort naturel gr\u00e2ce aux technologies GuideRail\u2122, EGO\u2122 MAX et \u00e0 la forme FootShape\u2122.","robots":{"index":"index","follow":"follow","max-snippet":"max-snippet:-1","max-image-preview":"max-image-preview:large","max-video-preview":"max-video-preview:-1"},"canonical":"https:\/\/www.miomiorun.com\/fr\/produit\/paradigm-8-homme\/","og_locale":"fr_FR","og_type":"article","og_title":"Altra Paradigm 8 homme - Chaussures de course stables - MioMioRun .com","og_description":"Chaussure de course Altra Paradigm 8 : soutien maximal, amorti et confort naturel gr\u00e2ce aux technologies GuideRail\u2122, EGO\u2122 MAX et \u00e0 la forme FootShape\u2122.","og_url":"https:\/\/www.miomiorun.com\/fr\/produit\/paradigm-8-homme\/","og_site_name":"MioMioRun","article_publisher":"https:\/\/www.facebook.com\/miomiorun\/","article_modified_time":"2025-12-09T17:16:17+00:00","og_image":[{"width":720,"height":720,"url":"https:\/\/www.miomiorun.com\/app\/uploads\/2026\/02\/Altra-Paradigm-8-blue-gray-AL0A85RM4201.webp","type":"image\/webp"}],"twitter_card":"summary_large_image","twitter_misc":{"Est. reading time":"2 minutes"},"schema":{"@context":"https:\/\/schema.org","@graph":[{"@type":"WebPage","@id":"https:\/\/www.miomiorun.com\/fr\/produit\/paradigm-8-homme\/","url":"https:\/\/www.miomiorun.com\/fr\/produit\/paradigm-8-homme\/","name":"Altra Paradigm 8 homme - Chaussures de course stables - MioMioRun .com","isPartOf":{"@id":"https:\/\/www.miomiorun.com\/fr\/#website"},"primaryImageOfPage":{"@id":"https:\/\/www.miomiorun.com\/fr\/produit\/paradigm-8-homme\/#primaryimage"},"image":{"@id":"https:\/\/www.miomiorun.com\/fr\/produit\/paradigm-8-homme\/#primaryimage"},"thumbnailUrl":"https:\/\/www.miomiorun.com\/app\/uploads\/2026\/02\/Altra-Paradigm-8-blue-gray-AL0A85RM4201.webp","datePublished":"2025-07-17T15:18:57+00:00","dateModified":"2025-12-09T17:16:17+00:00","description":"Chaussure de course Altra Paradigm 8 : soutien maximal, amorti et confort naturel gr\u00e2ce aux technologies GuideRail\u2122, EGO\u2122 MAX et \u00e0 la forme FootShape\u2122.","breadcrumb":{"@id":"https:\/\/www.miomiorun.com\/fr\/produit\/paradigm-8-homme\/#breadcrumb"},"inLanguage":"fr-FR","potentialAction":[{"@type":"ReadAction","target":["https:\/\/www.miomiorun.com\/fr\/produit\/paradigm-8-homme\/"]}]},{"@type":"ImageObject","inLanguage":"fr-FR","@id":"https:\/\/www.miomiorun.com\/fr\/produit\/paradigm-8-homme\/#primaryimage","url":"https:\/\/www.miomiorun.com\/app\/uploads\/2026\/02\/Altra-Paradigm-8-blue-gray-AL0A85RM4201.webp","contentUrl":"https:\/\/www.miomiorun.com\/app\/uploads\/2026\/02\/Altra-Paradigm-8-blue-gray-AL0A85RM4201.webp","width":720,"height":720,"caption":"Altra Paradigm 8 blue gray AL0A85RM4201"},{"@type":"BreadcrumbList","@id":"https:\/\/www.miomiorun.com\/fr\/produit\/paradigm-8-homme\/#breadcrumb","itemListElement":[{"@type":"ListItem","position":1,"name":"Home","item":"https:\/\/www.miomiorun.com\/fr\/home-page\/"},{"@type":"ListItem","position":2,"name":"Shop","item":"https:\/\/www.miomiorun.com\/shop\/"},{"@type":"ListItem","position":3,"name":"Paradigm 8 homme"}]},{"@type":"WebSite","@id":"https:\/\/www.miomiorun.com\/fr\/#website","url":"https:\/\/www.miomiorun.com\/fr\/","name":"MioMioRun","description":"Boutique 100% running et trail","publisher":{"@id":"https:\/\/www.miomiorun.com\/fr\/#organization"},"potentialAction":[{"@type":"SearchAction","target":{"@type":"EntryPoint","urlTemplate":"https:\/\/www.miomiorun.com\/fr\/?s={search_term_string}"},"query-input":{"@type":"PropertyValueSpecification","valueRequired":true,"valueName":"search_term_string"}}],"inLanguage":"fr-FR"},{"@type":"Organization","@id":"https:\/\/www.miomiorun.com\/fr\/#organization","name":"MioMio Run","url":"https:\/\/www.miomiorun.com\/fr\/","logo":{"@type":"ImageObject","inLanguage":"fr-FR","@id":"https:\/\/www.miomiorun.com\/fr\/#\/schema\/logo\/image\/","url":"https:\/\/www.miomiorun.com\/app\/uploads\/2019\/12\/logomio.png","contentUrl":"https:\/\/www.miomiorun.com\/app\/uploads\/2019\/12\/logomio.png","width":115,"height":82,"caption":"MioMio Run"},"image":{"@id":"https:\/\/www.miomiorun.com\/fr\/#\/schema\/logo\/image\/"},"sameAs":["https:\/\/www.facebook.com\/miomiorun\/","https:\/\/www.instagram.com\/miomiorun\/"]}]}},"_links":{"self":[{"href":"https:\/\/www.miomiorun.com\/fr\/wp-json\/wp\/v2\/product\/328543","targetHints":{"allow":["GET"]}}],"collection":[{"href":"https:\/\/www.miomiorun.com\/fr\/wp-json\/wp\/v2\/product"}],"about":[{"href":"https:\/\/www.miomiorun.com\/fr\/wp-json\/wp\/v2\/types\/product"}],"wp:featuredmedia":[{"embeddable":true,"href":"https:\/\/www.miomiorun.com\/fr\/wp-json\/wp\/v2\/media\/404709"}],"wp:attachment":[{"href":"https:\/\/www.miomiorun.com\/fr\/wp-json\/wp\/v2\/media?parent=328543"}],"wp:term":[{"taxonomy":"product_brand","embeddable":true,"href":"https:\/\/www.miomiorun.com\/fr\/wp-json\/wp\/v2\/product_brand?post=328543"},{"taxonomy":"product_cat","embeddable":true,"href":"https:\/\/www.miomiorun.com\/fr\/wp-json\/wp\/v2\/product_cat?post=328543"},{"taxonomy":"product_tag","embeddable":true,"href":"https:\/\/www.miomiorun.com\/fr\/wp-json\/wp\/v2\/product_tag?post=328543"}],"curies":[{"name":"wp","href":"https:\/\/api.w.org\/{rel}","templated":true}]}}