{"id":328332,"date":"2025-07-17T15:32:44","date_gmt":"2025-07-17T13:32:44","guid":{"rendered":"https:\/\/miomiorun.com\/?post_type=product&#038;p=328332"},"modified":"2025-12-09T18:14:38","modified_gmt":"2025-12-09T17:14:38","slug":"olympus-275-homme","status":"publish","type":"product","link":"https:\/\/www.miomiorun.com\/fr\/produit\/olympus-275-homme\/","title":{"rendered":"Olympus 275 homme"},"content":{"rendered":"<div class=\"vc-row container\"><div class=\"vc-column\"><div class=\"vc-column-text\"><\/p>\n<p><strong>Caract\u00e9ristiques techniques<\/strong><\/p>\n<p>Cat\u00e9gorie : amorti sup\u00e9rieur<br \/>\nD\u00e9calage : o mm<br \/>\nHauteur de la semelle : 33 mm<br \/>\nPoids : 338,8 g<br \/>\nId\u00e9al pour : les coureurs amateurs de course tout-terrain \u00e0 la recherche d&#8217;un mod\u00e8le bien amorti pouvant \u00eatre utilis\u00e9 pour les longues et moyennes distances, aussi bien en montagne que sur des chemins de terre et occasionnellement sur l&#8217;asphalte.<br \/>\nPoids de l&#8217;athl\u00e8te : 70-90 kg<br \/>\nAllure de course : moyenne (5,00 min\/km)<br \/>\n<a href=\"https:\/\/miomiorun.com\/guida-alle-specifiche-tecniche\/\">Guide des sp\u00e9cifications techniques<\/a><\/p>\n<p><\/div><\/div><div class=\"vc-column\"><div class=\"vc-column-text\"><\/p>\n<p class=\"ds-markdown-paragraph\">Pr\u00eat \u00e0 affronter les terrains les plus techniques avec une chaussure alliant l\u00e9g\u00e8ret\u00e9, protection et adh\u00e9rence extr\u00eame ? L&#8217;<strong>ALTRA Olympus 275<\/strong> est con\u00e7ue pour ceux qui recherchent des performances invincibles sur les sentiers, sans compromis sur le confort.<\/p>\n<p class=\"ds-markdown-paragraph\">Gr\u00e2ce \u00e0 la <strong>semelle Vibram\u00ae Megagrip<\/strong>, vous b\u00e9n\u00e9ficierez d&#8217;une adh\u00e9rence exceptionnelle sur les rochers, la boue et les surfaces humides, tandis que la <strong>tige en MATRYX\u00ae renforc\u00e9e de Kevlar\u00ae<\/strong> vous prot\u00e8ge des abrasions et des chocs sans ajouter de poids. La <strong>gu\u00eatre int\u00e9gr\u00e9e<\/strong> bloque les cailloux et les d\u00e9bris, et le <strong>syst\u00e8me de r\u00e9glage par zones<\/strong> enveloppe le pied comme une seconde peau.<\/p>\n<p class=\"ds-markdown-paragraph\">La <strong>semelle interm\u00e9diaire en EVA compress\u00e9<\/strong> offre un amorti r\u00e9actif sur les longues distances, et la <strong>pointe large avec drop z\u00e9ro<\/strong> garantit une foul\u00e9e naturelle et stable.<\/p>\n<p class=\"ds-markdown-paragraph\">Que vous soyez un coureur de trail exp\u00e9riment\u00e9 ou un explorateur des sentiers, <strong>l&#8217;Olympus 275 est votre arme secr\u00e8te<\/strong>. Chaque pas sera s\u00fbr, chaque kilom\u00e8tre un plaisir.<br \/>\n<\/div><\/div><\/div><\/p>\n","protected":false},"excerpt":{"rendered":"<ul>\n<li>Tige MATRYX\u00ae + Kevlar\u00ae<\/li>\n<li>Gu\u00eatre int\u00e9gr\u00e9e<\/li>\n<li>Semelle interm\u00e9diaire en EVA compress\u00e9<\/li>\n<\/ul>\n","protected":false},"featured_media":404837,"template":"","meta":{"_acf_changed":false,"inline_featured_image":false},"product_brand":[],"product_cat":[24448,24445],"product_tag":[23458,23671],"class_list":{"0":"post-328332","1":"product","2":"type-product","3":"status-publish","4":"has-post-thumbnail","6":"product_cat-chaussures-pour-hommes-fr","7":"product_cat-trail-fr-3","8":"product_tag-altra-fr","9":"product_tag-altra-homme","10":"pa_attivita-outdoor-fr","11":"pa_attivita-trail-fr","12":"pa_colore-olympus-275-black-yellow-fr","13":"pa_colore-olympus-275-gray-orange","14":"pa_marca-altra-fr","15":"pa_sesso-homme","16":"pa_size-41-fr","17":"pa_size-42-fr","18":"pa_size-42-5-fr","19":"pa_size-43-fr","20":"pa_size-44-fr","21":"pa_size-44-5-fr","22":"pa_size-45-fr","23":"pa_size-46-fr","24":"pa_size-46-5-fr","26":"first","27":"instock","28":"sale","29":"taxable","30":"shipping-taxable","31":"purchasable","32":"product-type-variable","33":"wvs-archive-product-wrapper"},"acf":[],"yoast_head":"<!-- This site is optimized with the Yoast SEO plugin v26.8 - https:\/\/yoast.com\/product\/yoast-seo-wordpress\/ -->\n<title>Altra Olympus 275 homme - chaussures de trail pour homme - MioMioRun.com<\/title>\n<meta name=\"description\" content=\"ALTRA Olympus 275 : semelle Vibram\u00ae Megagrip, tige renforc\u00e9e en Kevlar\u00ae et drop z\u00e9ro pour une stabilit\u00e9 et une adh\u00e9rence maximales sur les terrains techniques. D\u00e9couvrez-les avec nous !\" \/>\n<meta name=\"robots\" content=\"index, follow, max-snippet:-1, max-image-preview:large, max-video-preview:-1\" \/>\n<link rel=\"canonical\" href=\"https:\/\/www.miomiorun.com\/fr\/produit\/olympus-275-homme\/\" \/>\n<meta property=\"og:locale\" content=\"fr_FR\" \/>\n<meta property=\"og:type\" content=\"article\" \/>\n<meta property=\"og:title\" content=\"Altra Olympus 275 homme - chaussures de trail pour homme - MioMioRun.com\" \/>\n<meta property=\"og:description\" content=\"ALTRA Olympus 275 : semelle Vibram\u00ae Megagrip, tige renforc\u00e9e en Kevlar\u00ae et drop z\u00e9ro pour une stabilit\u00e9 et une adh\u00e9rence maximales sur les terrains techniques. D\u00e9couvrez-les avec nous !\" \/>\n<meta property=\"og:url\" content=\"https:\/\/www.miomiorun.com\/fr\/produit\/olympus-275-homme\/\" \/>\n<meta property=\"og:site_name\" content=\"MioMioRun\" \/>\n<meta property=\"article:publisher\" content=\"https:\/\/www.facebook.com\/miomiorun\/\" \/>\n<meta property=\"article:modified_time\" content=\"2025-12-09T17:14:38+00:00\" \/>\n<meta property=\"og:image\" content=\"https:\/\/www.miomiorun.com\/app\/uploads\/2026\/02\/Altra-Olympus-275-gray-orange-AL0A85RT2801.webp\" \/>\n\t<meta property=\"og:image:width\" content=\"720\" \/>\n\t<meta property=\"og:image:height\" content=\"720\" \/>\n\t<meta property=\"og:image:type\" content=\"image\/webp\" \/>\n<meta name=\"twitter:card\" content=\"summary_large_image\" \/>\n<meta name=\"twitter:label1\" content=\"Est. reading time\" \/>\n\t<meta name=\"twitter:data1\" content=\"1 minute\" \/>\n<script type=\"application\/ld+json\" class=\"yoast-schema-graph\">{\"@context\":\"https:\/\/schema.org\",\"@graph\":[{\"@type\":\"WebPage\",\"@id\":\"https:\/\/www.miomiorun.com\/fr\/produit\/olympus-275-homme\/\",\"url\":\"https:\/\/www.miomiorun.com\/fr\/produit\/olympus-275-homme\/\",\"name\":\"Altra Olympus 275 homme - chaussures de trail pour homme - MioMioRun.com\",\"isPartOf\":{\"@id\":\"https:\/\/www.miomiorun.com\/fr\/#website\"},\"primaryImageOfPage\":{\"@id\":\"https:\/\/www.miomiorun.com\/fr\/produit\/olympus-275-homme\/#primaryimage\"},\"image\":{\"@id\":\"https:\/\/www.miomiorun.com\/fr\/produit\/olympus-275-homme\/#primaryimage\"},\"thumbnailUrl\":\"https:\/\/www.miomiorun.com\/app\/uploads\/2026\/02\/Altra-Olympus-275-gray-orange-AL0A85RT2801.webp\",\"datePublished\":\"2025-07-17T13:32:44+00:00\",\"dateModified\":\"2025-12-09T17:14:38+00:00\",\"description\":\"ALTRA Olympus 275 : semelle Vibram\u00ae Megagrip, tige renforc\u00e9e en Kevlar\u00ae et drop z\u00e9ro pour une stabilit\u00e9 et une adh\u00e9rence maximales sur les terrains techniques. D\u00e9couvrez-les avec nous !\",\"breadcrumb\":{\"@id\":\"https:\/\/www.miomiorun.com\/fr\/produit\/olympus-275-homme\/#breadcrumb\"},\"inLanguage\":\"fr-FR\",\"potentialAction\":[{\"@type\":\"ReadAction\",\"target\":[\"https:\/\/www.miomiorun.com\/fr\/produit\/olympus-275-homme\/\"]}]},{\"@type\":\"ImageObject\",\"inLanguage\":\"fr-FR\",\"@id\":\"https:\/\/www.miomiorun.com\/fr\/produit\/olympus-275-homme\/#primaryimage\",\"url\":\"https:\/\/www.miomiorun.com\/app\/uploads\/2026\/02\/Altra-Olympus-275-gray-orange-AL0A85RT2801.webp\",\"contentUrl\":\"https:\/\/www.miomiorun.com\/app\/uploads\/2026\/02\/Altra-Olympus-275-gray-orange-AL0A85RT2801.webp\",\"width\":720,\"height\":720,\"caption\":\"Altra Olympus 275 gray orange AL0A85RT2801\"},{\"@type\":\"BreadcrumbList\",\"@id\":\"https:\/\/www.miomiorun.com\/fr\/produit\/olympus-275-homme\/#breadcrumb\",\"itemListElement\":[{\"@type\":\"ListItem\",\"position\":1,\"name\":\"Home\",\"item\":\"https:\/\/www.miomiorun.com\/fr\/home-page\/\"},{\"@type\":\"ListItem\",\"position\":2,\"name\":\"Shop\",\"item\":\"https:\/\/www.miomiorun.com\/shop\/\"},{\"@type\":\"ListItem\",\"position\":3,\"name\":\"Olympus 275 homme\"}]},{\"@type\":\"WebSite\",\"@id\":\"https:\/\/www.miomiorun.com\/fr\/#website\",\"url\":\"https:\/\/www.miomiorun.com\/fr\/\",\"name\":\"MioMioRun\",\"description\":\"Boutique 100% running et trail\",\"publisher\":{\"@id\":\"https:\/\/www.miomiorun.com\/fr\/#organization\"},\"potentialAction\":[{\"@type\":\"SearchAction\",\"target\":{\"@type\":\"EntryPoint\",\"urlTemplate\":\"https:\/\/www.miomiorun.com\/fr\/?s={search_term_string}\"},\"query-input\":{\"@type\":\"PropertyValueSpecification\",\"valueRequired\":true,\"valueName\":\"search_term_string\"}}],\"inLanguage\":\"fr-FR\"},{\"@type\":\"Organization\",\"@id\":\"https:\/\/www.miomiorun.com\/fr\/#organization\",\"name\":\"MioMio Run\",\"url\":\"https:\/\/www.miomiorun.com\/fr\/\",\"logo\":{\"@type\":\"ImageObject\",\"inLanguage\":\"fr-FR\",\"@id\":\"https:\/\/www.miomiorun.com\/fr\/#\/schema\/logo\/image\/\",\"url\":\"https:\/\/www.miomiorun.com\/app\/uploads\/2019\/12\/logomio.png\",\"contentUrl\":\"https:\/\/www.miomiorun.com\/app\/uploads\/2019\/12\/logomio.png\",\"width\":115,\"height\":82,\"caption\":\"MioMio Run\"},\"image\":{\"@id\":\"https:\/\/www.miomiorun.com\/fr\/#\/schema\/logo\/image\/\"},\"sameAs\":[\"https:\/\/www.facebook.com\/miomiorun\/\",\"https:\/\/www.instagram.com\/miomiorun\/\"]}]}<\/script>\n<!-- \/ Yoast SEO plugin. -->","yoast_head_json":{"title":"Altra Olympus 275 homme - chaussures de trail pour homme - MioMioRun.com","description":"ALTRA Olympus 275 : semelle Vibram\u00ae Megagrip, tige renforc\u00e9e en Kevlar\u00ae et drop z\u00e9ro pour une stabilit\u00e9 et une adh\u00e9rence maximales sur les terrains techniques. D\u00e9couvrez-les avec nous !","robots":{"index":"index","follow":"follow","max-snippet":"max-snippet:-1","max-image-preview":"max-image-preview:large","max-video-preview":"max-video-preview:-1"},"canonical":"https:\/\/www.miomiorun.com\/fr\/produit\/olympus-275-homme\/","og_locale":"fr_FR","og_type":"article","og_title":"Altra Olympus 275 homme - chaussures de trail pour homme - MioMioRun.com","og_description":"ALTRA Olympus 275 : semelle Vibram\u00ae Megagrip, tige renforc\u00e9e en Kevlar\u00ae et drop z\u00e9ro pour une stabilit\u00e9 et une adh\u00e9rence maximales sur les terrains techniques. D\u00e9couvrez-les avec nous !","og_url":"https:\/\/www.miomiorun.com\/fr\/produit\/olympus-275-homme\/","og_site_name":"MioMioRun","article_publisher":"https:\/\/www.facebook.com\/miomiorun\/","article_modified_time":"2025-12-09T17:14:38+00:00","og_image":[{"width":720,"height":720,"url":"https:\/\/www.miomiorun.com\/app\/uploads\/2026\/02\/Altra-Olympus-275-gray-orange-AL0A85RT2801.webp","type":"image\/webp"}],"twitter_card":"summary_large_image","twitter_misc":{"Est. reading time":"1 minute"},"schema":{"@context":"https:\/\/schema.org","@graph":[{"@type":"WebPage","@id":"https:\/\/www.miomiorun.com\/fr\/produit\/olympus-275-homme\/","url":"https:\/\/www.miomiorun.com\/fr\/produit\/olympus-275-homme\/","name":"Altra Olympus 275 homme - chaussures de trail pour homme - MioMioRun.com","isPartOf":{"@id":"https:\/\/www.miomiorun.com\/fr\/#website"},"primaryImageOfPage":{"@id":"https:\/\/www.miomiorun.com\/fr\/produit\/olympus-275-homme\/#primaryimage"},"image":{"@id":"https:\/\/www.miomiorun.com\/fr\/produit\/olympus-275-homme\/#primaryimage"},"thumbnailUrl":"https:\/\/www.miomiorun.com\/app\/uploads\/2026\/02\/Altra-Olympus-275-gray-orange-AL0A85RT2801.webp","datePublished":"2025-07-17T13:32:44+00:00","dateModified":"2025-12-09T17:14:38+00:00","description":"ALTRA Olympus 275 : semelle Vibram\u00ae Megagrip, tige renforc\u00e9e en Kevlar\u00ae et drop z\u00e9ro pour une stabilit\u00e9 et une adh\u00e9rence maximales sur les terrains techniques. D\u00e9couvrez-les avec nous !","breadcrumb":{"@id":"https:\/\/www.miomiorun.com\/fr\/produit\/olympus-275-homme\/#breadcrumb"},"inLanguage":"fr-FR","potentialAction":[{"@type":"ReadAction","target":["https:\/\/www.miomiorun.com\/fr\/produit\/olympus-275-homme\/"]}]},{"@type":"ImageObject","inLanguage":"fr-FR","@id":"https:\/\/www.miomiorun.com\/fr\/produit\/olympus-275-homme\/#primaryimage","url":"https:\/\/www.miomiorun.com\/app\/uploads\/2026\/02\/Altra-Olympus-275-gray-orange-AL0A85RT2801.webp","contentUrl":"https:\/\/www.miomiorun.com\/app\/uploads\/2026\/02\/Altra-Olympus-275-gray-orange-AL0A85RT2801.webp","width":720,"height":720,"caption":"Altra Olympus 275 gray orange AL0A85RT2801"},{"@type":"BreadcrumbList","@id":"https:\/\/www.miomiorun.com\/fr\/produit\/olympus-275-homme\/#breadcrumb","itemListElement":[{"@type":"ListItem","position":1,"name":"Home","item":"https:\/\/www.miomiorun.com\/fr\/home-page\/"},{"@type":"ListItem","position":2,"name":"Shop","item":"https:\/\/www.miomiorun.com\/shop\/"},{"@type":"ListItem","position":3,"name":"Olympus 275 homme"}]},{"@type":"WebSite","@id":"https:\/\/www.miomiorun.com\/fr\/#website","url":"https:\/\/www.miomiorun.com\/fr\/","name":"MioMioRun","description":"Boutique 100% running et trail","publisher":{"@id":"https:\/\/www.miomiorun.com\/fr\/#organization"},"potentialAction":[{"@type":"SearchAction","target":{"@type":"EntryPoint","urlTemplate":"https:\/\/www.miomiorun.com\/fr\/?s={search_term_string}"},"query-input":{"@type":"PropertyValueSpecification","valueRequired":true,"valueName":"search_term_string"}}],"inLanguage":"fr-FR"},{"@type":"Organization","@id":"https:\/\/www.miomiorun.com\/fr\/#organization","name":"MioMio Run","url":"https:\/\/www.miomiorun.com\/fr\/","logo":{"@type":"ImageObject","inLanguage":"fr-FR","@id":"https:\/\/www.miomiorun.com\/fr\/#\/schema\/logo\/image\/","url":"https:\/\/www.miomiorun.com\/app\/uploads\/2019\/12\/logomio.png","contentUrl":"https:\/\/www.miomiorun.com\/app\/uploads\/2019\/12\/logomio.png","width":115,"height":82,"caption":"MioMio Run"},"image":{"@id":"https:\/\/www.miomiorun.com\/fr\/#\/schema\/logo\/image\/"},"sameAs":["https:\/\/www.facebook.com\/miomiorun\/","https:\/\/www.instagram.com\/miomiorun\/"]}]}},"_links":{"self":[{"href":"https:\/\/www.miomiorun.com\/fr\/wp-json\/wp\/v2\/product\/328332","targetHints":{"allow":["GET"]}}],"collection":[{"href":"https:\/\/www.miomiorun.com\/fr\/wp-json\/wp\/v2\/product"}],"about":[{"href":"https:\/\/www.miomiorun.com\/fr\/wp-json\/wp\/v2\/types\/product"}],"wp:featuredmedia":[{"embeddable":true,"href":"https:\/\/www.miomiorun.com\/fr\/wp-json\/wp\/v2\/media\/404837"}],"wp:attachment":[{"href":"https:\/\/www.miomiorun.com\/fr\/wp-json\/wp\/v2\/media?parent=328332"}],"wp:term":[{"taxonomy":"product_brand","embeddable":true,"href":"https:\/\/www.miomiorun.com\/fr\/wp-json\/wp\/v2\/product_brand?post=328332"},{"taxonomy":"product_cat","embeddable":true,"href":"https:\/\/www.miomiorun.com\/fr\/wp-json\/wp\/v2\/product_cat?post=328332"},{"taxonomy":"product_tag","embeddable":true,"href":"https:\/\/www.miomiorun.com\/fr\/wp-json\/wp\/v2\/product_tag?post=328332"}],"curies":[{"name":"wp","href":"https:\/\/api.w.org\/{rel}","templated":true}]}}