{"id":328024,"date":"2025-07-17T11:45:43","date_gmt":"2025-07-17T09:45:43","guid":{"rendered":"https:\/\/miomiorun.com\/?post_type=product&#038;p=328024"},"modified":"2025-12-09T17:58:13","modified_gmt":"2025-12-09T16:58:13","slug":"experience-wild-2-homme","status":"publish","type":"product","link":"https:\/\/www.miomiorun.com\/fr\/produit\/experience-wild-2-homme\/","title":{"rendered":"Experience Wild 2 homme"},"content":{"rendered":"<div class=\"vc-row container\"><div class=\"vc-column\"><div class=\"vc-column-text\"><\/p>\n<p><strong>Caract\u00e9ristiques techniques<\/strong><\/p>\n<p>Cat\u00e9gorie : amorti sup\u00e9rieur<br \/>\nHauteur de la semelle : 28 mm\/32 mm<br \/>\nD\u00e9calage : 4 mm<br \/>\nPoids : 293,4 g<br \/>\nId\u00e9al pour : les coureurs de trail et les amateurs de randonn\u00e9es en montagne \u00e0 la recherche d&#8217;un mod\u00e8le l\u00e9ger, bien amorti et protecteur, capable d&#8217;offrir un confort maximal m\u00eame sur de longues distances.<br \/>\nPoids de l&#8217;athl\u00e8te : 60-70 kg<br \/>\nAllure de course : moyenne \u00e0 rapide (4,30-6,00 min\/km)<br \/>\n<a href=\"https:\/\/miomiorun.com\/guida-alle-specifiche-tecniche\/\">Guide des sp\u00e9cifications techniques<\/a><\/p>\n<p><\/div><\/div><div class=\"vc-column\"><div class=\"vc-column-text\"><\/p>\n<p data-start=\"344\" data-end=\"803\">Affrontez chaque sentier avec d\u00e9termination et contr\u00f4le gr\u00e2ce \u00e0 la nouvelle <strong data-start=\"416\" data-end=\"445\">Experience Wild 2 pour homme<\/strong>, la chaussure de <strong data-start=\"460\" data-end=\"477\">trail running<\/strong> con\u00e7ue pour garantir <strong data-start=\"503\" data-end=\"567\">des performances \u00e9lev\u00e9es, une adh\u00e9rence imbattable et un ajustement naturel<\/strong> dans toutes les conditions. D\u00e9velopp\u00e9e pour les coureurs qui n&#8217;acceptent aucun compromis, cette chaussure allie <strong data-start=\"665\" data-end=\"702\">innovation, protection et confort<\/strong> dans un design l\u00e9ger et dynamique, parfait pour les aventures les plus exigeantes en montagne ou en for\u00eat.<\/p>\n<p data-start=\"805\" data-end=\"1356\">La <strong data-start=\"808\" data-end=\"834\">tige en mesh technique<\/strong>, d\u00e9sormais am\u00e9lior\u00e9e, assure une <strong data-start=\"865\" data-end=\"891\">ventilation sup\u00e9rieure<\/strong> et une excellente gestion de la chaleur pendant les sessions les plus intenses. Le <strong data-start=\"960\" data-end=\"993\">nouveau syst\u00e8me de la\u00e7age<\/strong>, avec \u0153illet renforc\u00e9, am\u00e9liore encore la <strong data-start=\"1047\" data-end=\"1075\">pr\u00e9cision de l&#8217;ajustement<\/strong>, assurant un maintien ferme et stable, m\u00eame dans les passages les plus techniques. Dans les descentes raides ou en pr\u00e9sence de rochers, le <strong data-start=\"1191\" data-end=\"1210\">renfort en TPU<\/strong> sur la pointe prot\u00e8ge efficacement contre les chocs, les rayures et les abrasions, offrant un niveau de r\u00e9sistance id\u00e9al pour affronter les terrains les plus agressifs.<\/p>\n<p data-start=\"1358\" data-end=\"1607\">L&#8217;un des d\u00e9tails les plus appr\u00e9ci\u00e9s des coureurs de trail est le <strong data-start=\"1412\" data-end=\"1435\">syst\u00e8me GaiterTrap\u2122<\/strong> int\u00e9gr\u00e9, qui permet d&#8217;<strong data-start=\"1463\" data-end=\"1498\">accrocher facilement les gu\u00eatres<\/strong> et emp\u00eache l&#8217;entr\u00e9e de sable, de cailloux ou de d\u00e9bris, gardant le pied propre et prot\u00e9g\u00e9 en toute situation.<\/p>\n<p data-start=\"1609\" data-end=\"1969\">Sous la plante du pied, la semelle interm\u00e9diaire en <strong data-start=\"1652\" data-end=\"1669\">EVA compress\u00e9<\/strong> offre une course r\u00e9active, fluide et naturelle. Gr\u00e2ce \u00e0 la combinaison de la <strong data-start=\"1748\" data-end=\"1768\">g\u00e9om\u00e9trie rocker<\/strong> et d&#8217;un <strong data-start=\"1774\" data-end=\"1798\">drop r\u00e9duit de 4 mm<\/strong>, l&#8217;Experience Wild 2 favorise une transition harmonieuse de la foul\u00e9e et une <strong data-start=\"1870\" data-end=\"1904\">propulsion efficace sur l&#8217;avant-pied<\/strong>, tout en conservant la biom\u00e9canique du pied aussi naturelle que possible.<\/p>\n<p data-start=\"1971\" data-end=\"2336\">La <strong data-start=\"1974\" data-end=\"1992\">semelle MaxTrac\u2122<\/strong>, con\u00e7ue pour dominer tous les types de surfaces, offre une <strong data-start=\"2049\" data-end=\"2082\">traction agressive mais fluide<\/strong>, assurant une adh\u00e9rence maximale sur la boue, les rochers mouill\u00e9s, les sentiers glissants et les mont\u00e9es difficiles. La <strong data-start=\"2180\" data-end=\"2197\">large pointe<\/strong> permet aux orteils de bouger librement m\u00eame pendant les longues distances, tandis que le milieu du pied ajust\u00e9 offre stabilit\u00e9 et r\u00e9activit\u00e9.<br \/>\n<\/div><\/div><\/div>\n<\/p><\/p>\n","protected":false},"excerpt":{"rendered":"<ul>\n<li data-start=\"2658\" data-end=\"2745\">\n<p data-start=\"2660\" data-end=\"2745\">Tige en mesh technique<\/p>\n<\/li>\n<li data-start=\"2746\" data-end=\"2815\">\n<p data-start=\"2748\" data-end=\"2815\">\u0152illet renforc\u00e9<\/p>\n<\/li>\n<li data-start=\"2816\" data-end=\"2890\">\n<p data-start=\"2818\" data-end=\"2890\">Renfort en TPU sur la pointe<\/p>\n<\/li>\n<li data-start=\"2891\" data-end=\"2992\">\n<p data-start=\"2893\" data-end=\"2992\">Syst\u00e8me GaiterTrap\u2122 int\u00e9gr\u00e9<\/p>\n<\/li>\n<\/ul>\n","protected":false},"featured_media":334999,"template":"","meta":{"_acf_changed":false,"inline_featured_image":false},"product_brand":[],"product_cat":[24254,24481],"product_tag":[23458,23671],"class_list":{"0":"post-328024","1":"product","2":"type-product","3":"status-publish","4":"has-post-thumbnail","6":"product_cat-chaussures-pour-hommes","7":"product_cat-trail-fr-4","8":"product_tag-altra-fr","9":"product_tag-altra-homme","10":"pa_attivita-marcher","11":"pa_attivita-running-fr","12":"pa_attivita-trail-fr","13":"pa_colore-experience-wild-2-coral-black-fr","14":"pa_colore-experience-wild-2-dusty-olive-fr","15":"pa_marca-altra-fr","16":"pa_sesso-homme","17":"pa_size-42-fr","18":"pa_size-42-5-fr","19":"pa_size-43-fr","20":"pa_size-44-fr","21":"pa_size-44-5-fr","22":"pa_size-46-fr","23":"pa_size-46-5-fr","25":"first","26":"instock","27":"sale","28":"taxable","29":"shipping-taxable","30":"purchasable","31":"product-type-variable","32":"wvs-archive-product-wrapper"},"acf":[],"yoast_head":"<!-- This site is optimized with the Yoast SEO plugin v26.8 - https:\/\/yoast.com\/product\/yoast-seo-wordpress\/ -->\n<title>AltraExperience Wild 2 homme - chaussures de trail- MioMioRun.com<\/title>\n<meta name=\"description\" content=\"Experience Wild 2 Homme : chaussure de trail running l\u00e9g\u00e8re et protectrice, avec semelle MaxTrac\u2122, semelle interm\u00e9diaire r\u00e9active et tige respirante. Adh\u00e9rence et confort.\" \/>\n<meta name=\"robots\" content=\"index, follow, max-snippet:-1, max-image-preview:large, max-video-preview:-1\" \/>\n<link rel=\"canonical\" href=\"https:\/\/www.miomiorun.com\/fr\/produit\/experience-wild-2-homme\/\" \/>\n<meta property=\"og:locale\" content=\"fr_FR\" \/>\n<meta property=\"og:type\" content=\"article\" \/>\n<meta property=\"og:title\" content=\"AltraExperience Wild 2 homme - chaussures de trail- MioMioRun.com\" \/>\n<meta property=\"og:description\" content=\"Experience Wild 2 Homme : chaussure de trail running l\u00e9g\u00e8re et protectrice, avec semelle MaxTrac\u2122, semelle interm\u00e9diaire r\u00e9active et tige respirante. Adh\u00e9rence et confort.\" \/>\n<meta property=\"og:url\" content=\"https:\/\/www.miomiorun.com\/fr\/produit\/experience-wild-2-homme\/\" \/>\n<meta property=\"og:site_name\" content=\"MioMioRun\" \/>\n<meta property=\"article:publisher\" content=\"https:\/\/www.facebook.com\/miomiorun\/\" \/>\n<meta property=\"article:modified_time\" content=\"2025-12-09T16:58:13+00:00\" \/>\n<meta property=\"og:image\" content=\"https:\/\/www.miomiorun.com\/app\/uploads\/2025\/08\/altra-Experience-Wild-2-coral-black-AL0A85RX602.webp\" \/>\n\t<meta property=\"og:image:width\" content=\"720\" \/>\n\t<meta property=\"og:image:height\" content=\"720\" \/>\n\t<meta property=\"og:image:type\" content=\"image\/webp\" \/>\n<meta name=\"twitter:card\" content=\"summary_large_image\" \/>\n<meta name=\"twitter:label1\" content=\"Est. reading time\" \/>\n\t<meta name=\"twitter:data1\" content=\"2 minutes\" \/>\n<script type=\"application\/ld+json\" class=\"yoast-schema-graph\">{\"@context\":\"https:\/\/schema.org\",\"@graph\":[{\"@type\":\"WebPage\",\"@id\":\"https:\/\/www.miomiorun.com\/fr\/produit\/experience-wild-2-homme\/\",\"url\":\"https:\/\/www.miomiorun.com\/fr\/produit\/experience-wild-2-homme\/\",\"name\":\"AltraExperience Wild 2 homme - chaussures de trail- MioMioRun.com\",\"isPartOf\":{\"@id\":\"https:\/\/www.miomiorun.com\/fr\/#website\"},\"primaryImageOfPage\":{\"@id\":\"https:\/\/www.miomiorun.com\/fr\/produit\/experience-wild-2-homme\/#primaryimage\"},\"image\":{\"@id\":\"https:\/\/www.miomiorun.com\/fr\/produit\/experience-wild-2-homme\/#primaryimage\"},\"thumbnailUrl\":\"https:\/\/www.miomiorun.com\/app\/uploads\/2025\/08\/altra-Experience-Wild-2-coral-black-AL0A85RX602.webp\",\"datePublished\":\"2025-07-17T09:45:43+00:00\",\"dateModified\":\"2025-12-09T16:58:13+00:00\",\"description\":\"Experience Wild 2 Homme : chaussure de trail running l\u00e9g\u00e8re et protectrice, avec semelle MaxTrac\u2122, semelle interm\u00e9diaire r\u00e9active et tige respirante. Adh\u00e9rence et confort.\",\"breadcrumb\":{\"@id\":\"https:\/\/www.miomiorun.com\/fr\/produit\/experience-wild-2-homme\/#breadcrumb\"},\"inLanguage\":\"fr-FR\",\"potentialAction\":[{\"@type\":\"ReadAction\",\"target\":[\"https:\/\/www.miomiorun.com\/fr\/produit\/experience-wild-2-homme\/\"]}]},{\"@type\":\"ImageObject\",\"inLanguage\":\"fr-FR\",\"@id\":\"https:\/\/www.miomiorun.com\/fr\/produit\/experience-wild-2-homme\/#primaryimage\",\"url\":\"https:\/\/www.miomiorun.com\/app\/uploads\/2025\/08\/altra-Experience-Wild-2-coral-black-AL0A85RX602.webp\",\"contentUrl\":\"https:\/\/www.miomiorun.com\/app\/uploads\/2025\/08\/altra-Experience-Wild-2-coral-black-AL0A85RX602.webp\",\"width\":720,\"height\":720,\"caption\":\"altra Experience Wild 2 coral black AL0A85RX602\"},{\"@type\":\"BreadcrumbList\",\"@id\":\"https:\/\/www.miomiorun.com\/fr\/produit\/experience-wild-2-homme\/#breadcrumb\",\"itemListElement\":[{\"@type\":\"ListItem\",\"position\":1,\"name\":\"Home\",\"item\":\"https:\/\/www.miomiorun.com\/fr\/home-page\/\"},{\"@type\":\"ListItem\",\"position\":2,\"name\":\"Shop\",\"item\":\"https:\/\/www.miomiorun.com\/shop\/\"},{\"@type\":\"ListItem\",\"position\":3,\"name\":\"Experience Wild 2 homme\"}]},{\"@type\":\"WebSite\",\"@id\":\"https:\/\/www.miomiorun.com\/fr\/#website\",\"url\":\"https:\/\/www.miomiorun.com\/fr\/\",\"name\":\"MioMioRun\",\"description\":\"Boutique 100% running et trail\",\"publisher\":{\"@id\":\"https:\/\/www.miomiorun.com\/fr\/#organization\"},\"potentialAction\":[{\"@type\":\"SearchAction\",\"target\":{\"@type\":\"EntryPoint\",\"urlTemplate\":\"https:\/\/www.miomiorun.com\/fr\/?s={search_term_string}\"},\"query-input\":{\"@type\":\"PropertyValueSpecification\",\"valueRequired\":true,\"valueName\":\"search_term_string\"}}],\"inLanguage\":\"fr-FR\"},{\"@type\":\"Organization\",\"@id\":\"https:\/\/www.miomiorun.com\/fr\/#organization\",\"name\":\"MioMio Run\",\"url\":\"https:\/\/www.miomiorun.com\/fr\/\",\"logo\":{\"@type\":\"ImageObject\",\"inLanguage\":\"fr-FR\",\"@id\":\"https:\/\/www.miomiorun.com\/fr\/#\/schema\/logo\/image\/\",\"url\":\"https:\/\/www.miomiorun.com\/app\/uploads\/2019\/12\/logomio.png\",\"contentUrl\":\"https:\/\/www.miomiorun.com\/app\/uploads\/2019\/12\/logomio.png\",\"width\":115,\"height\":82,\"caption\":\"MioMio Run\"},\"image\":{\"@id\":\"https:\/\/www.miomiorun.com\/fr\/#\/schema\/logo\/image\/\"},\"sameAs\":[\"https:\/\/www.facebook.com\/miomiorun\/\",\"https:\/\/www.instagram.com\/miomiorun\/\"]}]}<\/script>\n<!-- \/ Yoast SEO plugin. -->","yoast_head_json":{"title":"AltraExperience Wild 2 homme - chaussures de trail- MioMioRun.com","description":"Experience Wild 2 Homme : chaussure de trail running l\u00e9g\u00e8re et protectrice, avec semelle MaxTrac\u2122, semelle interm\u00e9diaire r\u00e9active et tige respirante. Adh\u00e9rence et confort.","robots":{"index":"index","follow":"follow","max-snippet":"max-snippet:-1","max-image-preview":"max-image-preview:large","max-video-preview":"max-video-preview:-1"},"canonical":"https:\/\/www.miomiorun.com\/fr\/produit\/experience-wild-2-homme\/","og_locale":"fr_FR","og_type":"article","og_title":"AltraExperience Wild 2 homme - chaussures de trail- MioMioRun.com","og_description":"Experience Wild 2 Homme : chaussure de trail running l\u00e9g\u00e8re et protectrice, avec semelle MaxTrac\u2122, semelle interm\u00e9diaire r\u00e9active et tige respirante. Adh\u00e9rence et confort.","og_url":"https:\/\/www.miomiorun.com\/fr\/produit\/experience-wild-2-homme\/","og_site_name":"MioMioRun","article_publisher":"https:\/\/www.facebook.com\/miomiorun\/","article_modified_time":"2025-12-09T16:58:13+00:00","og_image":[{"width":720,"height":720,"url":"https:\/\/www.miomiorun.com\/app\/uploads\/2025\/08\/altra-Experience-Wild-2-coral-black-AL0A85RX602.webp","type":"image\/webp"}],"twitter_card":"summary_large_image","twitter_misc":{"Est. reading time":"2 minutes"},"schema":{"@context":"https:\/\/schema.org","@graph":[{"@type":"WebPage","@id":"https:\/\/www.miomiorun.com\/fr\/produit\/experience-wild-2-homme\/","url":"https:\/\/www.miomiorun.com\/fr\/produit\/experience-wild-2-homme\/","name":"AltraExperience Wild 2 homme - chaussures de trail- MioMioRun.com","isPartOf":{"@id":"https:\/\/www.miomiorun.com\/fr\/#website"},"primaryImageOfPage":{"@id":"https:\/\/www.miomiorun.com\/fr\/produit\/experience-wild-2-homme\/#primaryimage"},"image":{"@id":"https:\/\/www.miomiorun.com\/fr\/produit\/experience-wild-2-homme\/#primaryimage"},"thumbnailUrl":"https:\/\/www.miomiorun.com\/app\/uploads\/2025\/08\/altra-Experience-Wild-2-coral-black-AL0A85RX602.webp","datePublished":"2025-07-17T09:45:43+00:00","dateModified":"2025-12-09T16:58:13+00:00","description":"Experience Wild 2 Homme : chaussure de trail running l\u00e9g\u00e8re et protectrice, avec semelle MaxTrac\u2122, semelle interm\u00e9diaire r\u00e9active et tige respirante. Adh\u00e9rence et confort.","breadcrumb":{"@id":"https:\/\/www.miomiorun.com\/fr\/produit\/experience-wild-2-homme\/#breadcrumb"},"inLanguage":"fr-FR","potentialAction":[{"@type":"ReadAction","target":["https:\/\/www.miomiorun.com\/fr\/produit\/experience-wild-2-homme\/"]}]},{"@type":"ImageObject","inLanguage":"fr-FR","@id":"https:\/\/www.miomiorun.com\/fr\/produit\/experience-wild-2-homme\/#primaryimage","url":"https:\/\/www.miomiorun.com\/app\/uploads\/2025\/08\/altra-Experience-Wild-2-coral-black-AL0A85RX602.webp","contentUrl":"https:\/\/www.miomiorun.com\/app\/uploads\/2025\/08\/altra-Experience-Wild-2-coral-black-AL0A85RX602.webp","width":720,"height":720,"caption":"altra Experience Wild 2 coral black AL0A85RX602"},{"@type":"BreadcrumbList","@id":"https:\/\/www.miomiorun.com\/fr\/produit\/experience-wild-2-homme\/#breadcrumb","itemListElement":[{"@type":"ListItem","position":1,"name":"Home","item":"https:\/\/www.miomiorun.com\/fr\/home-page\/"},{"@type":"ListItem","position":2,"name":"Shop","item":"https:\/\/www.miomiorun.com\/shop\/"},{"@type":"ListItem","position":3,"name":"Experience Wild 2 homme"}]},{"@type":"WebSite","@id":"https:\/\/www.miomiorun.com\/fr\/#website","url":"https:\/\/www.miomiorun.com\/fr\/","name":"MioMioRun","description":"Boutique 100% running et trail","publisher":{"@id":"https:\/\/www.miomiorun.com\/fr\/#organization"},"potentialAction":[{"@type":"SearchAction","target":{"@type":"EntryPoint","urlTemplate":"https:\/\/www.miomiorun.com\/fr\/?s={search_term_string}"},"query-input":{"@type":"PropertyValueSpecification","valueRequired":true,"valueName":"search_term_string"}}],"inLanguage":"fr-FR"},{"@type":"Organization","@id":"https:\/\/www.miomiorun.com\/fr\/#organization","name":"MioMio Run","url":"https:\/\/www.miomiorun.com\/fr\/","logo":{"@type":"ImageObject","inLanguage":"fr-FR","@id":"https:\/\/www.miomiorun.com\/fr\/#\/schema\/logo\/image\/","url":"https:\/\/www.miomiorun.com\/app\/uploads\/2019\/12\/logomio.png","contentUrl":"https:\/\/www.miomiorun.com\/app\/uploads\/2019\/12\/logomio.png","width":115,"height":82,"caption":"MioMio Run"},"image":{"@id":"https:\/\/www.miomiorun.com\/fr\/#\/schema\/logo\/image\/"},"sameAs":["https:\/\/www.facebook.com\/miomiorun\/","https:\/\/www.instagram.com\/miomiorun\/"]}]}},"_links":{"self":[{"href":"https:\/\/www.miomiorun.com\/fr\/wp-json\/wp\/v2\/product\/328024","targetHints":{"allow":["GET"]}}],"collection":[{"href":"https:\/\/www.miomiorun.com\/fr\/wp-json\/wp\/v2\/product"}],"about":[{"href":"https:\/\/www.miomiorun.com\/fr\/wp-json\/wp\/v2\/types\/product"}],"wp:featuredmedia":[{"embeddable":true,"href":"https:\/\/www.miomiorun.com\/fr\/wp-json\/wp\/v2\/media\/334999"}],"wp:attachment":[{"href":"https:\/\/www.miomiorun.com\/fr\/wp-json\/wp\/v2\/media?parent=328024"}],"wp:term":[{"taxonomy":"product_brand","embeddable":true,"href":"https:\/\/www.miomiorun.com\/fr\/wp-json\/wp\/v2\/product_brand?post=328024"},{"taxonomy":"product_cat","embeddable":true,"href":"https:\/\/www.miomiorun.com\/fr\/wp-json\/wp\/v2\/product_cat?post=328024"},{"taxonomy":"product_tag","embeddable":true,"href":"https:\/\/www.miomiorun.com\/fr\/wp-json\/wp\/v2\/product_tag?post=328024"}],"curies":[{"name":"wp","href":"https:\/\/api.w.org\/{rel}","templated":true}]}}