{"id":327984,"date":"2025-07-17T11:45:46","date_gmt":"2025-07-17T09:45:46","guid":{"rendered":"https:\/\/miomiorun.com\/?post_type=product&#038;p=327984"},"modified":"2026-03-14T00:35:38","modified_gmt":"2026-03-13T23:35:38","slug":"experience-wild-2-femme","status":"publish","type":"product","link":"https:\/\/www.miomiorun.com\/fr\/produit\/experience-wild-2-femme\/","title":{"rendered":"Experience Wild 2 femme"},"content":{"rendered":"<div class=\"vc-row container\"><div class=\"vc-column\"><div class=\"vc-column-text\"><\/p>\n<p><strong>Caract\u00e9ristiques techniques<\/strong><\/p>\n<p>Cat\u00e9gorie : amorti mod\u00e9r\u00e9<br \/>\nHauteur de la semelle : 26 mm\/30 mm<\/p>\n<p>D\u00e9calage : 4 mm<br \/>\nPoids : 249,5 g<br \/>\nId\u00e9al pour : les coureurs de trail et les amateurs de randonn\u00e9e en montagne \u00e0 la recherche d&#8217;un mod\u00e8le l\u00e9ger, bien amorti et protecteur, capable d&#8217;offrir un confort maximal m\u00eame sur de longues distances.<br \/>\nPoids de l&#8217;athl\u00e8te : 50-70 kg<br \/>\nAllure de course : moyenne \u00e0 rapide (4,30-6,00 min\/km)<br \/>\n<a href=\"https:\/\/miomiorun.com\/guida-alle-specifiche-tecniche\/\">Guide des sp\u00e9cifications techniques<\/a><\/p>\n<p><\/div><\/div><div class=\"vc-column\"><div class=\"vc-column-text\"><\/p>\n<p data-start=\"240\" data-end=\"531\">D\u00e9couvrez la nouvelle <strong data-start=\"256\" data-end=\"277\">Experience Wild 2<\/strong>, la chaussure de <strong data-start=\"292\" data-end=\"309\">trail running<\/strong> con\u00e7ue pour ceux qui recherchent <strong data-start=\"335\" data-end=\"380\">l\u00e9g\u00e8ret\u00e9, protection et adh\u00e9rence exceptionnelle<\/strong> sur tous les types de terrain. Chaque d\u00e9tail a \u00e9t\u00e9 optimis\u00e9 pour vous offrir une foul\u00e9e naturelle et un ajustement sur mesure, m\u00eame sur les sentiers les plus techniques.<\/p>\n<p data-start=\"533\" data-end=\"880\">La tige en mesh am\u00e9lior\u00e9e offre une meilleure <strong data-start=\"574\" data-end=\"592\">respirabilit\u00e9<\/strong>, tandis que le nouveau syst\u00e8me de la\u00e7age garantit un <strong data-start=\"649\" data-end=\"676\">ajustement plus pr\u00e9cis<\/strong>. Le <strong data-start=\"681\" data-end=\"700\">renfort en TPU<\/strong> sur la pointe prot\u00e8ge les orteils des chocs et des abrasions sur les rochers et les racines. Gr\u00e2ce au <strong data-start=\"779\" data-end=\"802\">syst\u00e8me GaiterTrap\u2122<\/strong>, vous pouvez facilement fixer vos gu\u00eatres de trail et \u00e9viter que des d\u00e9bris ne s&#8217;introduisent dans la chaussure.<\/p>\n<p data-start=\"882\" data-end=\"1285\">La semelle interm\u00e9diaire en mousse r\u00e9active assure <strong data-start=\"924\" data-end=\"956\">confort et retour d&#8217;\u00e9nergie<\/strong>, tandis que la semelle <strong data-start=\"974\" data-end=\"986\">MaxTrac\u2122<\/strong> garantit une <strong data-start=\"1001\" data-end=\"1023\">adh\u00e9rence sup\u00e9rieure<\/strong> en mont\u00e9e et en descente. Le <strong data-start=\"1051\" data-end=\"1067\">drop de 4 mm<\/strong> et la <strong data-start=\"1073\" data-end=\"1093\">g\u00e9om\u00e9trie rocker<\/strong> favorisent une foul\u00e9e fluide et naturelle, avec plus de propulsion \u00e0 l&#8217;avant-pied. Et avec un bout large et un ajustement serr\u00e9 au milieu du pied, vous disposez de tout l&#8217;espace n\u00e9cessaire pour courir \u00e0 votre maximum.<br \/>\n<\/div><\/div><\/div><\/p>\n","protected":false},"excerpt":{"rendered":"<ul>\n<li data-start=\"1474\" data-end=\"1570\">\n<p data-start=\"1476\" data-end=\"1570\">Tige en mesh respirant<\/p>\n<\/li>\n<li data-start=\"1571\" data-end=\"1658\">\n<p data-start=\"1573\" data-end=\"1658\">Renforts en TPU<\/p>\n<\/li>\n<li data-start=\"1659\" data-end=\"1761\">\n<p data-start=\"1661\" data-end=\"1761\">Syst\u00e8me GaiterTrap\u2122<\/p>\n<\/li>\n<li data-start=\"1762\" data-end=\"1830\">\n<p data-start=\"1764\" data-end=\"1830\">Nouvelle \u0153illette<\/p>\n<\/li>\n<\/ul>\n","protected":false},"featured_media":336209,"template":"","meta":{"_acf_changed":false,"inline_featured_image":false},"product_brand":[],"product_cat":[24435,24432],"product_tag":[23458,23672],"class_list":{"0":"post-327984","1":"product","2":"type-product","3":"status-publish","4":"has-post-thumbnail","6":"product_cat-chaussures-pour-femmes-fr","7":"product_cat-trail-fr-2","8":"product_tag-altra-fr","9":"product_tag-altra-femme","10":"pa_attivita-marcher","11":"pa_attivita-running-fr","12":"pa_attivita-trail-fr","13":"pa_colore-experience-wild-2-w-maroon-fr","14":"pa_colore-experience-wild-2-w-navy-black-fr","15":"pa_marca-altra-fr","16":"pa_sesso-femme","17":"pa_size-38-fr","18":"pa_size-38-5-fr","19":"pa_size-40-5-fr","21":"first","22":"instock","23":"sale","24":"taxable","25":"shipping-taxable","26":"purchasable","27":"product-type-variable","28":"wvs-archive-product-wrapper"},"acf":[],"yoast_head":"<!-- This site is optimized with the Yoast SEO plugin v26.8 - https:\/\/yoast.com\/product\/yoast-seo-wordpress\/ -->\n<title>Altra Experience Wild 2 femme - chaussures de trail - MioMioRun.com<\/title>\n<meta name=\"description\" content=\"Experience Wild 2 : chaussure de trail running l\u00e9g\u00e8re, respirante et protectrice avec semelle MaxTrac\u2122, semelle interm\u00e9diaire r\u00e9active et g\u00e9om\u00e9trie rocker. Adh\u00e9rence exceptionnelle et ajustement naturel.\" \/>\n<meta name=\"robots\" content=\"index, follow, max-snippet:-1, max-image-preview:large, max-video-preview:-1\" \/>\n<link rel=\"canonical\" href=\"https:\/\/www.miomiorun.com\/fr\/produit\/experience-wild-2-femme\/\" \/>\n<meta property=\"og:locale\" content=\"fr_FR\" \/>\n<meta property=\"og:type\" content=\"article\" \/>\n<meta property=\"og:title\" content=\"Altra Experience Wild 2 femme - chaussures de trail - MioMioRun.com\" \/>\n<meta property=\"og:description\" content=\"Experience Wild 2 : chaussure de trail running l\u00e9g\u00e8re, respirante et protectrice avec semelle MaxTrac\u2122, semelle interm\u00e9diaire r\u00e9active et g\u00e9om\u00e9trie rocker. Adh\u00e9rence exceptionnelle et ajustement naturel.\" \/>\n<meta property=\"og:url\" content=\"https:\/\/www.miomiorun.com\/fr\/produit\/experience-wild-2-femme\/\" \/>\n<meta property=\"og:site_name\" content=\"MioMioRun\" \/>\n<meta property=\"article:publisher\" content=\"https:\/\/www.facebook.com\/miomiorun\/\" \/>\n<meta property=\"article:modified_time\" content=\"2026-03-13T23:35:38+00:00\" \/>\n<meta property=\"og:image\" content=\"https:\/\/www.miomiorun.com\/app\/uploads\/2025\/08\/altra-Experience-Wild-2-W-maroon-AL0A85RY666.webp\" \/>\n\t<meta property=\"og:image:width\" content=\"720\" \/>\n\t<meta property=\"og:image:height\" content=\"720\" \/>\n\t<meta property=\"og:image:type\" content=\"image\/webp\" \/>\n<meta name=\"twitter:card\" content=\"summary_large_image\" \/>\n<meta name=\"twitter:label1\" content=\"Est. reading time\" \/>\n\t<meta name=\"twitter:data1\" content=\"2 minutes\" \/>\n<script type=\"application\/ld+json\" class=\"yoast-schema-graph\">{\"@context\":\"https:\/\/schema.org\",\"@graph\":[{\"@type\":\"WebPage\",\"@id\":\"https:\/\/www.miomiorun.com\/fr\/produit\/experience-wild-2-femme\/\",\"url\":\"https:\/\/www.miomiorun.com\/fr\/produit\/experience-wild-2-femme\/\",\"name\":\"Altra Experience Wild 2 femme - chaussures de trail - MioMioRun.com\",\"isPartOf\":{\"@id\":\"https:\/\/www.miomiorun.com\/fr\/#website\"},\"primaryImageOfPage\":{\"@id\":\"https:\/\/www.miomiorun.com\/fr\/produit\/experience-wild-2-femme\/#primaryimage\"},\"image\":{\"@id\":\"https:\/\/www.miomiorun.com\/fr\/produit\/experience-wild-2-femme\/#primaryimage\"},\"thumbnailUrl\":\"https:\/\/www.miomiorun.com\/app\/uploads\/2025\/08\/altra-Experience-Wild-2-W-maroon-AL0A85RY666.webp\",\"datePublished\":\"2025-07-17T09:45:46+00:00\",\"dateModified\":\"2026-03-13T23:35:38+00:00\",\"description\":\"Experience Wild 2 : chaussure de trail running l\u00e9g\u00e8re, respirante et protectrice avec semelle MaxTrac\u2122, semelle interm\u00e9diaire r\u00e9active et g\u00e9om\u00e9trie rocker. Adh\u00e9rence exceptionnelle et ajustement naturel.\",\"breadcrumb\":{\"@id\":\"https:\/\/www.miomiorun.com\/fr\/produit\/experience-wild-2-femme\/#breadcrumb\"},\"inLanguage\":\"fr-FR\",\"potentialAction\":[{\"@type\":\"ReadAction\",\"target\":[\"https:\/\/www.miomiorun.com\/fr\/produit\/experience-wild-2-femme\/\"]}]},{\"@type\":\"ImageObject\",\"inLanguage\":\"fr-FR\",\"@id\":\"https:\/\/www.miomiorun.com\/fr\/produit\/experience-wild-2-femme\/#primaryimage\",\"url\":\"https:\/\/www.miomiorun.com\/app\/uploads\/2025\/08\/altra-Experience-Wild-2-W-maroon-AL0A85RY666.webp\",\"contentUrl\":\"https:\/\/www.miomiorun.com\/app\/uploads\/2025\/08\/altra-Experience-Wild-2-W-maroon-AL0A85RY666.webp\",\"width\":720,\"height\":720,\"caption\":\"altra Experience Wild 2 W maroon AL0A85RY666\"},{\"@type\":\"BreadcrumbList\",\"@id\":\"https:\/\/www.miomiorun.com\/fr\/produit\/experience-wild-2-femme\/#breadcrumb\",\"itemListElement\":[{\"@type\":\"ListItem\",\"position\":1,\"name\":\"Home\",\"item\":\"https:\/\/www.miomiorun.com\/fr\/home-page\/\"},{\"@type\":\"ListItem\",\"position\":2,\"name\":\"Shop\",\"item\":\"https:\/\/www.miomiorun.com\/shop\/\"},{\"@type\":\"ListItem\",\"position\":3,\"name\":\"Experience Wild 2 femme\"}]},{\"@type\":\"WebSite\",\"@id\":\"https:\/\/www.miomiorun.com\/fr\/#website\",\"url\":\"https:\/\/www.miomiorun.com\/fr\/\",\"name\":\"MioMioRun\",\"description\":\"Boutique 100% running et trail\",\"publisher\":{\"@id\":\"https:\/\/www.miomiorun.com\/fr\/#organization\"},\"potentialAction\":[{\"@type\":\"SearchAction\",\"target\":{\"@type\":\"EntryPoint\",\"urlTemplate\":\"https:\/\/www.miomiorun.com\/fr\/?s={search_term_string}\"},\"query-input\":{\"@type\":\"PropertyValueSpecification\",\"valueRequired\":true,\"valueName\":\"search_term_string\"}}],\"inLanguage\":\"fr-FR\"},{\"@type\":\"Organization\",\"@id\":\"https:\/\/www.miomiorun.com\/fr\/#organization\",\"name\":\"MioMio Run\",\"url\":\"https:\/\/www.miomiorun.com\/fr\/\",\"logo\":{\"@type\":\"ImageObject\",\"inLanguage\":\"fr-FR\",\"@id\":\"https:\/\/www.miomiorun.com\/fr\/#\/schema\/logo\/image\/\",\"url\":\"https:\/\/www.miomiorun.com\/app\/uploads\/2019\/12\/logomio.png\",\"contentUrl\":\"https:\/\/www.miomiorun.com\/app\/uploads\/2019\/12\/logomio.png\",\"width\":115,\"height\":82,\"caption\":\"MioMio Run\"},\"image\":{\"@id\":\"https:\/\/www.miomiorun.com\/fr\/#\/schema\/logo\/image\/\"},\"sameAs\":[\"https:\/\/www.facebook.com\/miomiorun\/\",\"https:\/\/www.instagram.com\/miomiorun\/\"]}]}<\/script>\n<!-- \/ Yoast SEO plugin. -->","yoast_head_json":{"title":"Altra Experience Wild 2 femme - chaussures de trail - MioMioRun.com","description":"Experience Wild 2 : chaussure de trail running l\u00e9g\u00e8re, respirante et protectrice avec semelle MaxTrac\u2122, semelle interm\u00e9diaire r\u00e9active et g\u00e9om\u00e9trie rocker. Adh\u00e9rence exceptionnelle et ajustement naturel.","robots":{"index":"index","follow":"follow","max-snippet":"max-snippet:-1","max-image-preview":"max-image-preview:large","max-video-preview":"max-video-preview:-1"},"canonical":"https:\/\/www.miomiorun.com\/fr\/produit\/experience-wild-2-femme\/","og_locale":"fr_FR","og_type":"article","og_title":"Altra Experience Wild 2 femme - chaussures de trail - MioMioRun.com","og_description":"Experience Wild 2 : chaussure de trail running l\u00e9g\u00e8re, respirante et protectrice avec semelle MaxTrac\u2122, semelle interm\u00e9diaire r\u00e9active et g\u00e9om\u00e9trie rocker. Adh\u00e9rence exceptionnelle et ajustement naturel.","og_url":"https:\/\/www.miomiorun.com\/fr\/produit\/experience-wild-2-femme\/","og_site_name":"MioMioRun","article_publisher":"https:\/\/www.facebook.com\/miomiorun\/","article_modified_time":"2026-03-13T23:35:38+00:00","og_image":[{"width":720,"height":720,"url":"https:\/\/www.miomiorun.com\/app\/uploads\/2025\/08\/altra-Experience-Wild-2-W-maroon-AL0A85RY666.webp","type":"image\/webp"}],"twitter_card":"summary_large_image","twitter_misc":{"Est. reading time":"2 minutes"},"schema":{"@context":"https:\/\/schema.org","@graph":[{"@type":"WebPage","@id":"https:\/\/www.miomiorun.com\/fr\/produit\/experience-wild-2-femme\/","url":"https:\/\/www.miomiorun.com\/fr\/produit\/experience-wild-2-femme\/","name":"Altra Experience Wild 2 femme - chaussures de trail - MioMioRun.com","isPartOf":{"@id":"https:\/\/www.miomiorun.com\/fr\/#website"},"primaryImageOfPage":{"@id":"https:\/\/www.miomiorun.com\/fr\/produit\/experience-wild-2-femme\/#primaryimage"},"image":{"@id":"https:\/\/www.miomiorun.com\/fr\/produit\/experience-wild-2-femme\/#primaryimage"},"thumbnailUrl":"https:\/\/www.miomiorun.com\/app\/uploads\/2025\/08\/altra-Experience-Wild-2-W-maroon-AL0A85RY666.webp","datePublished":"2025-07-17T09:45:46+00:00","dateModified":"2026-03-13T23:35:38+00:00","description":"Experience Wild 2 : chaussure de trail running l\u00e9g\u00e8re, respirante et protectrice avec semelle MaxTrac\u2122, semelle interm\u00e9diaire r\u00e9active et g\u00e9om\u00e9trie rocker. Adh\u00e9rence exceptionnelle et ajustement naturel.","breadcrumb":{"@id":"https:\/\/www.miomiorun.com\/fr\/produit\/experience-wild-2-femme\/#breadcrumb"},"inLanguage":"fr-FR","potentialAction":[{"@type":"ReadAction","target":["https:\/\/www.miomiorun.com\/fr\/produit\/experience-wild-2-femme\/"]}]},{"@type":"ImageObject","inLanguage":"fr-FR","@id":"https:\/\/www.miomiorun.com\/fr\/produit\/experience-wild-2-femme\/#primaryimage","url":"https:\/\/www.miomiorun.com\/app\/uploads\/2025\/08\/altra-Experience-Wild-2-W-maroon-AL0A85RY666.webp","contentUrl":"https:\/\/www.miomiorun.com\/app\/uploads\/2025\/08\/altra-Experience-Wild-2-W-maroon-AL0A85RY666.webp","width":720,"height":720,"caption":"altra Experience Wild 2 W maroon AL0A85RY666"},{"@type":"BreadcrumbList","@id":"https:\/\/www.miomiorun.com\/fr\/produit\/experience-wild-2-femme\/#breadcrumb","itemListElement":[{"@type":"ListItem","position":1,"name":"Home","item":"https:\/\/www.miomiorun.com\/fr\/home-page\/"},{"@type":"ListItem","position":2,"name":"Shop","item":"https:\/\/www.miomiorun.com\/shop\/"},{"@type":"ListItem","position":3,"name":"Experience Wild 2 femme"}]},{"@type":"WebSite","@id":"https:\/\/www.miomiorun.com\/fr\/#website","url":"https:\/\/www.miomiorun.com\/fr\/","name":"MioMioRun","description":"Boutique 100% running et trail","publisher":{"@id":"https:\/\/www.miomiorun.com\/fr\/#organization"},"potentialAction":[{"@type":"SearchAction","target":{"@type":"EntryPoint","urlTemplate":"https:\/\/www.miomiorun.com\/fr\/?s={search_term_string}"},"query-input":{"@type":"PropertyValueSpecification","valueRequired":true,"valueName":"search_term_string"}}],"inLanguage":"fr-FR"},{"@type":"Organization","@id":"https:\/\/www.miomiorun.com\/fr\/#organization","name":"MioMio Run","url":"https:\/\/www.miomiorun.com\/fr\/","logo":{"@type":"ImageObject","inLanguage":"fr-FR","@id":"https:\/\/www.miomiorun.com\/fr\/#\/schema\/logo\/image\/","url":"https:\/\/www.miomiorun.com\/app\/uploads\/2019\/12\/logomio.png","contentUrl":"https:\/\/www.miomiorun.com\/app\/uploads\/2019\/12\/logomio.png","width":115,"height":82,"caption":"MioMio Run"},"image":{"@id":"https:\/\/www.miomiorun.com\/fr\/#\/schema\/logo\/image\/"},"sameAs":["https:\/\/www.facebook.com\/miomiorun\/","https:\/\/www.instagram.com\/miomiorun\/"]}]}},"_links":{"self":[{"href":"https:\/\/www.miomiorun.com\/fr\/wp-json\/wp\/v2\/product\/327984","targetHints":{"allow":["GET"]}}],"collection":[{"href":"https:\/\/www.miomiorun.com\/fr\/wp-json\/wp\/v2\/product"}],"about":[{"href":"https:\/\/www.miomiorun.com\/fr\/wp-json\/wp\/v2\/types\/product"}],"wp:featuredmedia":[{"embeddable":true,"href":"https:\/\/www.miomiorun.com\/fr\/wp-json\/wp\/v2\/media\/336209"}],"wp:attachment":[{"href":"https:\/\/www.miomiorun.com\/fr\/wp-json\/wp\/v2\/media?parent=327984"}],"wp:term":[{"taxonomy":"product_brand","embeddable":true,"href":"https:\/\/www.miomiorun.com\/fr\/wp-json\/wp\/v2\/product_brand?post=327984"},{"taxonomy":"product_cat","embeddable":true,"href":"https:\/\/www.miomiorun.com\/fr\/wp-json\/wp\/v2\/product_cat?post=327984"},{"taxonomy":"product_tag","embeddable":true,"href":"https:\/\/www.miomiorun.com\/fr\/wp-json\/wp\/v2\/product_tag?post=327984"}],"curies":[{"name":"wp","href":"https:\/\/api.w.org\/{rel}","templated":true}]}}