{"id":327571,"date":"2025-07-17T09:52:28","date_gmt":"2025-07-17T07:52:28","guid":{"rendered":"https:\/\/miomiorun.com\/?post_type=product&#038;p=327571"},"modified":"2025-12-09T17:54:52","modified_gmt":"2025-12-09T16:54:52","slug":"experience-flow-2-femme","status":"publish","type":"product","link":"https:\/\/www.miomiorun.com\/fr\/produit\/experience-flow-2-femme\/","title":{"rendered":"Experience Flow 2 femme"},"content":{"rendered":"<div class=\"vc-row container\"><div class=\"vc-column\"><div class=\"vc-column-text\"><\/p>\n<p><strong>Caract\u00e9ristiques techniques<\/strong><\/p>\n<p>Cat\u00e9gorie : amorti mod\u00e9r\u00e9<br \/>\nHauteur de la semelle : 26 mm\/30 mm<br \/>\nD\u00e9calage : 4 mm<br \/>\nPoids : 199,8 g<br \/>\nId\u00e9al pour : les coureurs qui aiment courir sur route et qui recherchent une chaussure \u00e0 amorti mod\u00e9r\u00e9 pour une course encore plus agile et efficace, id\u00e9ale pour les longues et moyennes distances.<br \/>\nPoids de l&#8217;athl\u00e8te : 50-70 kg<br \/>\nAllure de course : moyenne (4,50 min\/km)<br \/>\n<a href=\"https:\/\/miomiorun.com\/guida-alle-specifiche-tecniche\/\">Guide des sp\u00e9cifications techniques<\/a><\/p>\n<p><\/div><\/div><div class=\"vc-column\"><div class=\"vc-column-text\"><\/p>\n<p class=\"ds-markdown-paragraph\">Pr\u00eat \u00e0 transformer chaque course en une exp\u00e9rience de pure fluidit\u00e9 ? La nouvelle <strong>ALTRA Experience Flow 2<\/strong> est l\u00e0 pour vous offrir <strong>r\u00e9activit\u00e9, confort et libert\u00e9 de mouvement<\/strong>, kilom\u00e8tre apr\u00e8s kilom\u00e8tre.<\/p>\n<p class=\"ds-markdown-paragraph\">Gr\u00e2ce \u00e0 sa <strong>semelle interm\u00e9diaire en mousse EGO\u2122 P35<\/strong> exclusive, l\u00e9g\u00e8re mais hyper r\u00e9active, cette chaussure vous accompagnera \u00e0 un rythme naturel, en absorbant les chocs sans sacrifier la propulsion. Le <strong>drop de 4 mm<\/strong> et la <strong>g\u00e9om\u00e9trie rocker<\/strong> fonctionnent ensemble pour offrir un roulement fluide et un d\u00e9collage efficace, tandis que l&#8217;avant-pied spacieux laisse les orteils libres de bouger. La <strong>tige en Engineered Mesh<\/strong> et le <strong>ajustement arri\u00e8re repens\u00e9<\/strong> garantissent une respirabilit\u00e9 et une adh\u00e9rence parfaites, pour un confort qui dure du premier au dernier pas.<\/p>\n<p class=\"ds-markdown-paragraph\">Que vous recherchiez la performance ou le plaisir d&#8217;une course r\u00e9g\u00e9n\u00e9rante, l&#8217;Experience Flow 2 est la chaussure qu&#8217;il vous fallait.<br \/>\n<\/div><\/div><\/div><\/p>\n","protected":false},"excerpt":{"rendered":"<ul>\n<li>&nbsp;Semelle interm\u00e9diaire EGO\u2122 P35<\/li>\n<li>G\u00e9om\u00e9trie Rocker<\/li>\n<li>Tige en mesh technique<\/li>\n<\/ul>\n","protected":false},"featured_media":336159,"template":"","meta":{"_acf_changed":false,"inline_featured_image":false},"product_brand":[],"product_cat":[24435,24434],"product_tag":[23458,23672],"class_list":{"0":"post-327571","1":"product","2":"type-product","3":"status-publish","4":"has-post-thumbnail","6":"product_cat-chaussures-pour-femmes-fr","7":"product_cat-neutre-fr-2","8":"product_tag-altra-fr","9":"product_tag-altra-femme","10":"pa_attivita-marcher","11":"pa_attivita-running-fr","12":"pa_colore-experience-flow-2-w-black-lt-fr","13":"pa_colore-experience-flow-2-w-white-orange-fr","14":"pa_marca-altra-fr","15":"pa_sesso-femme","16":"pa_size-38-fr","17":"pa_size-38-5-fr","19":"first","20":"instock","21":"sale","22":"taxable","23":"shipping-taxable","24":"purchasable","25":"product-type-variable","26":"wvs-archive-product-wrapper"},"acf":[],"yoast_head":"<!-- This site is optimized with the Yoast SEO plugin v26.8 - https:\/\/yoast.com\/product\/yoast-seo-wordpress\/ -->\n<title>Altra Experience Flow 2 femme - Chaussures de course - MioMioRun.com<\/title>\n<meta name=\"description\" content=\"ALTRA Experience Flow 2 Femme : semelle interm\u00e9diaire EGO\u2122 P35, drop de 4 mm et tige respirante pour une r\u00e9activit\u00e9 et un confort maximum. Id\u00e9ale pour la course sur route et la marche.\" \/>\n<meta name=\"robots\" content=\"index, follow, max-snippet:-1, max-image-preview:large, max-video-preview:-1\" \/>\n<link rel=\"canonical\" href=\"https:\/\/www.miomiorun.com\/fr\/produit\/experience-flow-2-femme\/\" \/>\n<meta property=\"og:locale\" content=\"fr_FR\" \/>\n<meta property=\"og:type\" content=\"article\" \/>\n<meta property=\"og:title\" content=\"Altra Experience Flow 2 femme - Chaussures de course - MioMioRun.com\" \/>\n<meta property=\"og:description\" content=\"ALTRA Experience Flow 2 Femme : semelle interm\u00e9diaire EGO\u2122 P35, drop de 4 mm et tige respirante pour une r\u00e9activit\u00e9 et un confort maximum. Id\u00e9ale pour la course sur route et la marche.\" \/>\n<meta property=\"og:url\" content=\"https:\/\/www.miomiorun.com\/fr\/produit\/experience-flow-2-femme\/\" \/>\n<meta property=\"og:site_name\" content=\"MioMioRun\" \/>\n<meta property=\"article:publisher\" content=\"https:\/\/www.facebook.com\/miomiorun\/\" \/>\n<meta property=\"article:modified_time\" content=\"2025-12-09T16:54:52+00:00\" \/>\n<meta property=\"og:image\" content=\"https:\/\/www.miomiorun.com\/app\/uploads\/2025\/08\/altra-Experience-Flow-2-W-black-lt-AL0A85RF036.webp\" \/>\n\t<meta property=\"og:image:width\" content=\"720\" \/>\n\t<meta property=\"og:image:height\" content=\"720\" \/>\n\t<meta property=\"og:image:type\" content=\"image\/webp\" \/>\n<meta name=\"twitter:card\" content=\"summary_large_image\" \/>\n<meta name=\"twitter:label1\" content=\"Est. reading time\" \/>\n\t<meta name=\"twitter:data1\" content=\"1 minute\" \/>\n<script type=\"application\/ld+json\" class=\"yoast-schema-graph\">{\"@context\":\"https:\/\/schema.org\",\"@graph\":[{\"@type\":\"WebPage\",\"@id\":\"https:\/\/www.miomiorun.com\/fr\/produit\/experience-flow-2-femme\/\",\"url\":\"https:\/\/www.miomiorun.com\/fr\/produit\/experience-flow-2-femme\/\",\"name\":\"Altra Experience Flow 2 femme - Chaussures de course - MioMioRun.com\",\"isPartOf\":{\"@id\":\"https:\/\/www.miomiorun.com\/fr\/#website\"},\"primaryImageOfPage\":{\"@id\":\"https:\/\/www.miomiorun.com\/fr\/produit\/experience-flow-2-femme\/#primaryimage\"},\"image\":{\"@id\":\"https:\/\/www.miomiorun.com\/fr\/produit\/experience-flow-2-femme\/#primaryimage\"},\"thumbnailUrl\":\"https:\/\/www.miomiorun.com\/app\/uploads\/2025\/08\/altra-Experience-Flow-2-W-black-lt-AL0A85RF036.webp\",\"datePublished\":\"2025-07-17T07:52:28+00:00\",\"dateModified\":\"2025-12-09T16:54:52+00:00\",\"description\":\"ALTRA Experience Flow 2 Femme : semelle interm\u00e9diaire EGO\u2122 P35, drop de 4 mm et tige respirante pour une r\u00e9activit\u00e9 et un confort maximum. Id\u00e9ale pour la course sur route et la marche.\",\"breadcrumb\":{\"@id\":\"https:\/\/www.miomiorun.com\/fr\/produit\/experience-flow-2-femme\/#breadcrumb\"},\"inLanguage\":\"fr-FR\",\"potentialAction\":[{\"@type\":\"ReadAction\",\"target\":[\"https:\/\/www.miomiorun.com\/fr\/produit\/experience-flow-2-femme\/\"]}]},{\"@type\":\"ImageObject\",\"inLanguage\":\"fr-FR\",\"@id\":\"https:\/\/www.miomiorun.com\/fr\/produit\/experience-flow-2-femme\/#primaryimage\",\"url\":\"https:\/\/www.miomiorun.com\/app\/uploads\/2025\/08\/altra-Experience-Flow-2-W-black-lt-AL0A85RF036.webp\",\"contentUrl\":\"https:\/\/www.miomiorun.com\/app\/uploads\/2025\/08\/altra-Experience-Flow-2-W-black-lt-AL0A85RF036.webp\",\"width\":720,\"height\":720,\"caption\":\"altra Experience Flow 2 W black lt AL0A85RF036\"},{\"@type\":\"BreadcrumbList\",\"@id\":\"https:\/\/www.miomiorun.com\/fr\/produit\/experience-flow-2-femme\/#breadcrumb\",\"itemListElement\":[{\"@type\":\"ListItem\",\"position\":1,\"name\":\"Home\",\"item\":\"https:\/\/www.miomiorun.com\/fr\/home-page\/\"},{\"@type\":\"ListItem\",\"position\":2,\"name\":\"Shop\",\"item\":\"https:\/\/www.miomiorun.com\/shop\/\"},{\"@type\":\"ListItem\",\"position\":3,\"name\":\"Experience Flow 2 femme\"}]},{\"@type\":\"WebSite\",\"@id\":\"https:\/\/www.miomiorun.com\/fr\/#website\",\"url\":\"https:\/\/www.miomiorun.com\/fr\/\",\"name\":\"MioMioRun\",\"description\":\"Boutique 100% running et trail\",\"publisher\":{\"@id\":\"https:\/\/www.miomiorun.com\/fr\/#organization\"},\"potentialAction\":[{\"@type\":\"SearchAction\",\"target\":{\"@type\":\"EntryPoint\",\"urlTemplate\":\"https:\/\/www.miomiorun.com\/fr\/?s={search_term_string}\"},\"query-input\":{\"@type\":\"PropertyValueSpecification\",\"valueRequired\":true,\"valueName\":\"search_term_string\"}}],\"inLanguage\":\"fr-FR\"},{\"@type\":\"Organization\",\"@id\":\"https:\/\/www.miomiorun.com\/fr\/#organization\",\"name\":\"MioMio Run\",\"url\":\"https:\/\/www.miomiorun.com\/fr\/\",\"logo\":{\"@type\":\"ImageObject\",\"inLanguage\":\"fr-FR\",\"@id\":\"https:\/\/www.miomiorun.com\/fr\/#\/schema\/logo\/image\/\",\"url\":\"https:\/\/www.miomiorun.com\/app\/uploads\/2019\/12\/logomio.png\",\"contentUrl\":\"https:\/\/www.miomiorun.com\/app\/uploads\/2019\/12\/logomio.png\",\"width\":115,\"height\":82,\"caption\":\"MioMio Run\"},\"image\":{\"@id\":\"https:\/\/www.miomiorun.com\/fr\/#\/schema\/logo\/image\/\"},\"sameAs\":[\"https:\/\/www.facebook.com\/miomiorun\/\",\"https:\/\/www.instagram.com\/miomiorun\/\"]}]}<\/script>\n<!-- \/ Yoast SEO plugin. -->","yoast_head_json":{"title":"Altra Experience Flow 2 femme - Chaussures de course - MioMioRun.com","description":"ALTRA Experience Flow 2 Femme : semelle interm\u00e9diaire EGO\u2122 P35, drop de 4 mm et tige respirante pour une r\u00e9activit\u00e9 et un confort maximum. Id\u00e9ale pour la course sur route et la marche.","robots":{"index":"index","follow":"follow","max-snippet":"max-snippet:-1","max-image-preview":"max-image-preview:large","max-video-preview":"max-video-preview:-1"},"canonical":"https:\/\/www.miomiorun.com\/fr\/produit\/experience-flow-2-femme\/","og_locale":"fr_FR","og_type":"article","og_title":"Altra Experience Flow 2 femme - Chaussures de course - MioMioRun.com","og_description":"ALTRA Experience Flow 2 Femme : semelle interm\u00e9diaire EGO\u2122 P35, drop de 4 mm et tige respirante pour une r\u00e9activit\u00e9 et un confort maximum. Id\u00e9ale pour la course sur route et la marche.","og_url":"https:\/\/www.miomiorun.com\/fr\/produit\/experience-flow-2-femme\/","og_site_name":"MioMioRun","article_publisher":"https:\/\/www.facebook.com\/miomiorun\/","article_modified_time":"2025-12-09T16:54:52+00:00","og_image":[{"width":720,"height":720,"url":"https:\/\/www.miomiorun.com\/app\/uploads\/2025\/08\/altra-Experience-Flow-2-W-black-lt-AL0A85RF036.webp","type":"image\/webp"}],"twitter_card":"summary_large_image","twitter_misc":{"Est. reading time":"1 minute"},"schema":{"@context":"https:\/\/schema.org","@graph":[{"@type":"WebPage","@id":"https:\/\/www.miomiorun.com\/fr\/produit\/experience-flow-2-femme\/","url":"https:\/\/www.miomiorun.com\/fr\/produit\/experience-flow-2-femme\/","name":"Altra Experience Flow 2 femme - Chaussures de course - MioMioRun.com","isPartOf":{"@id":"https:\/\/www.miomiorun.com\/fr\/#website"},"primaryImageOfPage":{"@id":"https:\/\/www.miomiorun.com\/fr\/produit\/experience-flow-2-femme\/#primaryimage"},"image":{"@id":"https:\/\/www.miomiorun.com\/fr\/produit\/experience-flow-2-femme\/#primaryimage"},"thumbnailUrl":"https:\/\/www.miomiorun.com\/app\/uploads\/2025\/08\/altra-Experience-Flow-2-W-black-lt-AL0A85RF036.webp","datePublished":"2025-07-17T07:52:28+00:00","dateModified":"2025-12-09T16:54:52+00:00","description":"ALTRA Experience Flow 2 Femme : semelle interm\u00e9diaire EGO\u2122 P35, drop de 4 mm et tige respirante pour une r\u00e9activit\u00e9 et un confort maximum. Id\u00e9ale pour la course sur route et la marche.","breadcrumb":{"@id":"https:\/\/www.miomiorun.com\/fr\/produit\/experience-flow-2-femme\/#breadcrumb"},"inLanguage":"fr-FR","potentialAction":[{"@type":"ReadAction","target":["https:\/\/www.miomiorun.com\/fr\/produit\/experience-flow-2-femme\/"]}]},{"@type":"ImageObject","inLanguage":"fr-FR","@id":"https:\/\/www.miomiorun.com\/fr\/produit\/experience-flow-2-femme\/#primaryimage","url":"https:\/\/www.miomiorun.com\/app\/uploads\/2025\/08\/altra-Experience-Flow-2-W-black-lt-AL0A85RF036.webp","contentUrl":"https:\/\/www.miomiorun.com\/app\/uploads\/2025\/08\/altra-Experience-Flow-2-W-black-lt-AL0A85RF036.webp","width":720,"height":720,"caption":"altra Experience Flow 2 W black lt AL0A85RF036"},{"@type":"BreadcrumbList","@id":"https:\/\/www.miomiorun.com\/fr\/produit\/experience-flow-2-femme\/#breadcrumb","itemListElement":[{"@type":"ListItem","position":1,"name":"Home","item":"https:\/\/www.miomiorun.com\/fr\/home-page\/"},{"@type":"ListItem","position":2,"name":"Shop","item":"https:\/\/www.miomiorun.com\/shop\/"},{"@type":"ListItem","position":3,"name":"Experience Flow 2 femme"}]},{"@type":"WebSite","@id":"https:\/\/www.miomiorun.com\/fr\/#website","url":"https:\/\/www.miomiorun.com\/fr\/","name":"MioMioRun","description":"Boutique 100% running et trail","publisher":{"@id":"https:\/\/www.miomiorun.com\/fr\/#organization"},"potentialAction":[{"@type":"SearchAction","target":{"@type":"EntryPoint","urlTemplate":"https:\/\/www.miomiorun.com\/fr\/?s={search_term_string}"},"query-input":{"@type":"PropertyValueSpecification","valueRequired":true,"valueName":"search_term_string"}}],"inLanguage":"fr-FR"},{"@type":"Organization","@id":"https:\/\/www.miomiorun.com\/fr\/#organization","name":"MioMio Run","url":"https:\/\/www.miomiorun.com\/fr\/","logo":{"@type":"ImageObject","inLanguage":"fr-FR","@id":"https:\/\/www.miomiorun.com\/fr\/#\/schema\/logo\/image\/","url":"https:\/\/www.miomiorun.com\/app\/uploads\/2019\/12\/logomio.png","contentUrl":"https:\/\/www.miomiorun.com\/app\/uploads\/2019\/12\/logomio.png","width":115,"height":82,"caption":"MioMio Run"},"image":{"@id":"https:\/\/www.miomiorun.com\/fr\/#\/schema\/logo\/image\/"},"sameAs":["https:\/\/www.facebook.com\/miomiorun\/","https:\/\/www.instagram.com\/miomiorun\/"]}]}},"_links":{"self":[{"href":"https:\/\/www.miomiorun.com\/fr\/wp-json\/wp\/v2\/product\/327571","targetHints":{"allow":["GET"]}}],"collection":[{"href":"https:\/\/www.miomiorun.com\/fr\/wp-json\/wp\/v2\/product"}],"about":[{"href":"https:\/\/www.miomiorun.com\/fr\/wp-json\/wp\/v2\/types\/product"}],"wp:featuredmedia":[{"embeddable":true,"href":"https:\/\/www.miomiorun.com\/fr\/wp-json\/wp\/v2\/media\/336159"}],"wp:attachment":[{"href":"https:\/\/www.miomiorun.com\/fr\/wp-json\/wp\/v2\/media?parent=327571"}],"wp:term":[{"taxonomy":"product_brand","embeddable":true,"href":"https:\/\/www.miomiorun.com\/fr\/wp-json\/wp\/v2\/product_brand?post=327571"},{"taxonomy":"product_cat","embeddable":true,"href":"https:\/\/www.miomiorun.com\/fr\/wp-json\/wp\/v2\/product_cat?post=327571"},{"taxonomy":"product_tag","embeddable":true,"href":"https:\/\/www.miomiorun.com\/fr\/wp-json\/wp\/v2\/product_tag?post=327571"}],"curies":[{"name":"wp","href":"https:\/\/api.w.org\/{rel}","templated":true}]}}