{"id":327442,"date":"2025-07-16T18:40:03","date_gmt":"2025-07-16T16:40:03","guid":{"rendered":"https:\/\/miomiorun.com\/?post_type=product&#038;p=327442"},"modified":"2025-12-09T17:52:23","modified_gmt":"2025-12-09T16:52:23","slug":"adistar-4-femme","status":"publish","type":"product","link":"https:\/\/www.miomiorun.com\/fr\/produit\/adistar-4-femme\/","title":{"rendered":"Adistar 4 femme"},"content":{"rendered":"<table style=\"border-collapse: collapse;width: 100%\">\n<tbody>\n<tr>\n<td style=\"width: 33.3333%;vertical-align: top;text-align: center\">\n<h4>Caract\u00e9ristiques techniques<\/h4>\n<p>Cat\u00e9gorie : Super amorti<br \/>\nD\u00e9calage : 6 mm (talon : 40 mm\/avant-pied : 34 mm)<br \/>\nPoids : 235 g (taille 38 2\/3)<br \/>\nId\u00e9al pour : les coureurs \u00e0 la recherche d&#8217;un mod\u00e8le l\u00e9ger, polyvalent et rapide, capable d&#8217;allier r\u00e9activit\u00e9, facilit\u00e9 de course et souplesse \u00e0 l&#8217;appui, pour les activit\u00e9s de moyenne et longue distance, mais aussi pour la marche.<br \/>\nPoids de l&#8217;athl\u00e8te : &gt;50 kg<br \/>\nAllure de course : &gt; 4,30 min \/ km<br \/>\n<a href=\"https:\/\/miomiorun.com\/guida-alle-specifiche-tecniche\/\">Guide des sp\u00e9cifications techniques<\/a><\/td>\n<td style=\"width: 66.6666%;vertical-align: top;text-align: center\">&nbsp;<\/p>\n<h3 data-start=\"194\" data-end=\"273\"><strong data-start=\"198\" data-end=\"273\">Amorti et confort pour vos longues distances<\/strong><\/h3>\n<p data-start=\"275\" data-end=\"648\">Affrontez chaque kilom\u00e8tre avec une chaussure con\u00e7ue pour r\u00e9sister \u00e0 la distance. La <strong data-start=\"358\" data-end=\"387\">adidas Adistar 4 pour femme<\/strong> est con\u00e7ue pour les entra\u00eenements longs et r\u00e9guliers, o\u00f9 le confort, la stabilit\u00e9 et l&#8217;amorti sont essentiels. La semelle interm\u00e9diaire <strong data-start=\"507\" data-end=\"520\">REPETITOR<\/strong> offre un amorti g\u00e9n\u00e9reux et r\u00e9actif, vous aidant \u00e0 conserver une foul\u00e9e fluide et naturelle m\u00eame apr\u00e8s de nombreux kilom\u00e8tres.<\/p>\n<p data-start=\"650\" data-end=\"1066\">La conception incurv\u00e9e de la semelle interm\u00e9diaire guide le pied du talon \u00e0 la pointe pour une transition harmonieuse, tandis que la structure de la chaussure garantit un ajustement s\u00fbr : <strong data-start=\"815\" data-end=\"830\">pointe large<\/strong>, <strong data-start=\"832\" data-end=\"861\">support interne adaptatif<\/strong> et <strong data-start=\"864\" data-end=\"886\">talon enveloppant<\/strong> se combinent pour un ajustement stable et confortable. Avec une semelle en caoutchouc r\u00e9sistante et un poids r\u00e9duit (235 g), l&#8217;Adistar 4 est pr\u00eate \u00e0 vous accompagner dans vos sorties les plus longues.<br \/>\nQue vous vous pr\u00e9pariez pour un semi-marathon ou que vous aimiez simplement courir longtemps, cette chaussure vous aide \u00e0 le faire dans un confort optimal.<br \/>\n&nbsp;<\/p>\n<div style=\"width: 1920px;\" class=\"wp-video\"><video class=\"wp-video-shortcode\" id=\"video-327442-1\" width=\"1920\" height=\"826\" loop autoplay preload=\"metadata\" controls=\"controls\"><source type=\"video\/mp4\" src=\"https:\/\/www.miomiorun.com\/app\/uploads\/2025\/07\/adistar-4-donna.mp4?_=1\" \/><a href=\"https:\/\/www.miomiorun.com\/app\/uploads\/2025\/07\/adistar-4-donna.mp4\">https:\/\/www.miomiorun.com\/app\/uploads\/2025\/07\/adistar-4-donna.mp4<\/a><\/video><\/div>\n<p>&nbsp;<\/p>\n<\/p>\n<\/td>\n<\/tr>\n<\/tbody>\n<\/table>\n<p>&nbsp;<\/p>\n","protected":false},"excerpt":{"rendered":"<ul>\n<li data-start=\"1765\" data-end=\"1838\">\n<p data-start=\"1767\" data-end=\"1838\">Pointe large et panneau int\u00e9rieur adaptatif<\/p>\n<\/li>\n<li data-start=\"1765\" data-end=\"1838\">\n<p data-start=\"1767\" data-end=\"1838\">Structure en couches au niveau du talon<\/p>\n<\/li>\n<li data-start=\"1915\" data-end=\"1961\">\n<p data-start=\"1917\" data-end=\"1961\">Tige et doublure en tissu respirant<\/p>\n<\/li>\n<\/ul>\n","protected":false},"featured_media":330425,"template":"","meta":{"_acf_changed":false,"inline_featured_image":false},"product_brand":[],"product_cat":[22605,22606],"product_tag":[23557,23563],"class_list":{"0":"post-327442","1":"product","2":"type-product","3":"status-publish","4":"has-post-thumbnail","6":"product_cat-chaussures-pour-femmes","7":"product_cat-neutre","8":"product_tag-adidas-fr","9":"product_tag-adidas-femme","10":"pa_attivita-marcher","11":"pa_attivita-running-fr","12":"pa_colore-adistar-4-w-cwhite-purbur-seblbu-fr","13":"pa_colore-adistar-4-w-cwhite-shopnk-clpink","14":"pa_colore-adistar-4-w-silvio-prloin-lucpnk-fr","15":"pa_marca-adidas-fr","16":"pa_sesso-femme","17":"pa_size-38-fr","19":"pa_size-39-fr","20":"pa_size-40-fr","22":"pa_size-41-fr","24":"first","25":"instock","26":"sale","27":"taxable","28":"shipping-taxable","29":"purchasable","30":"product-type-variable","31":"wvs-archive-product-wrapper"},"acf":[],"yoast_head":"<!-- This site is optimized with the Yoast SEO plugin v26.8 - https:\/\/yoast.com\/product\/yoast-seo-wordpress\/ -->\n<title>Adidas Adistar 4 femme - chaussures de course - MioMioRun.com<\/title>\n<meta name=\"description\" content=\"Adistar 4 pour femmes : chaussure de course id\u00e9ale pour les longues distances. Amorti REPETITOR, retour d&#039;\u00e9nergie et confort stable kilom\u00e8tre apr\u00e8s kilom\u00e8tre.\" \/>\n<meta name=\"robots\" content=\"index, follow, max-snippet:-1, max-image-preview:large, max-video-preview:-1\" \/>\n<link rel=\"canonical\" href=\"https:\/\/www.miomiorun.com\/fr\/produit\/adistar-4-femme\/\" \/>\n<meta property=\"og:locale\" content=\"fr_FR\" \/>\n<meta property=\"og:type\" content=\"article\" \/>\n<meta property=\"og:title\" content=\"Adidas Adistar 4 femme - chaussures de course - MioMioRun.com\" \/>\n<meta property=\"og:description\" content=\"Adistar 4 pour femmes : chaussure de course id\u00e9ale pour les longues distances. Amorti REPETITOR, retour d&#039;\u00e9nergie et confort stable kilom\u00e8tre apr\u00e8s kilom\u00e8tre.\" \/>\n<meta property=\"og:url\" content=\"https:\/\/www.miomiorun.com\/fr\/produit\/adistar-4-femme\/\" \/>\n<meta property=\"og:site_name\" content=\"MioMioRun\" \/>\n<meta property=\"article:publisher\" content=\"https:\/\/www.facebook.com\/miomiorun\/\" \/>\n<meta property=\"article:modified_time\" content=\"2025-12-09T16:52:23+00:00\" \/>\n<meta property=\"og:image\" content=\"https:\/\/www.miomiorun.com\/app\/uploads\/2025\/07\/adidas-Adistar-4-W-silvio-prloin-lucpnk-JR0292.webp\" \/>\n\t<meta property=\"og:image:width\" content=\"600\" \/>\n\t<meta property=\"og:image:height\" content=\"600\" \/>\n\t<meta property=\"og:image:type\" content=\"image\/webp\" \/>\n<meta name=\"twitter:card\" content=\"summary_large_image\" \/>\n<meta name=\"twitter:label1\" content=\"Est. reading time\" \/>\n\t<meta name=\"twitter:data1\" content=\"1 minute\" \/>\n<script type=\"application\/ld+json\" class=\"yoast-schema-graph\">{\"@context\":\"https:\/\/schema.org\",\"@graph\":[{\"@type\":\"WebPage\",\"@id\":\"https:\/\/www.miomiorun.com\/fr\/produit\/adistar-4-femme\/\",\"url\":\"https:\/\/www.miomiorun.com\/fr\/produit\/adistar-4-femme\/\",\"name\":\"Adidas Adistar 4 femme - chaussures de course - MioMioRun.com\",\"isPartOf\":{\"@id\":\"https:\/\/www.miomiorun.com\/fr\/#website\"},\"primaryImageOfPage\":{\"@id\":\"https:\/\/www.miomiorun.com\/fr\/produit\/adistar-4-femme\/#primaryimage\"},\"image\":{\"@id\":\"https:\/\/www.miomiorun.com\/fr\/produit\/adistar-4-femme\/#primaryimage\"},\"thumbnailUrl\":\"https:\/\/www.miomiorun.com\/app\/uploads\/2025\/07\/adidas-Adistar-4-W-silvio-prloin-lucpnk-JR0292.webp\",\"datePublished\":\"2025-07-16T16:40:03+00:00\",\"dateModified\":\"2025-12-09T16:52:23+00:00\",\"description\":\"Adistar 4 pour femmes : chaussure de course id\u00e9ale pour les longues distances. Amorti REPETITOR, retour d'\u00e9nergie et confort stable kilom\u00e8tre apr\u00e8s kilom\u00e8tre.\",\"breadcrumb\":{\"@id\":\"https:\/\/www.miomiorun.com\/fr\/produit\/adistar-4-femme\/#breadcrumb\"},\"inLanguage\":\"fr-FR\",\"potentialAction\":[{\"@type\":\"ReadAction\",\"target\":[\"https:\/\/www.miomiorun.com\/fr\/produit\/adistar-4-femme\/\"]}]},{\"@type\":\"ImageObject\",\"inLanguage\":\"fr-FR\",\"@id\":\"https:\/\/www.miomiorun.com\/fr\/produit\/adistar-4-femme\/#primaryimage\",\"url\":\"https:\/\/www.miomiorun.com\/app\/uploads\/2025\/07\/adidas-Adistar-4-W-silvio-prloin-lucpnk-JR0292.webp\",\"contentUrl\":\"https:\/\/www.miomiorun.com\/app\/uploads\/2025\/07\/adidas-Adistar-4-W-silvio-prloin-lucpnk-JR0292.webp\",\"width\":600,\"height\":600,\"caption\":\"adidas Adistar 4 W silvio prloin lucpnk JR0292\"},{\"@type\":\"BreadcrumbList\",\"@id\":\"https:\/\/www.miomiorun.com\/fr\/produit\/adistar-4-femme\/#breadcrumb\",\"itemListElement\":[{\"@type\":\"ListItem\",\"position\":1,\"name\":\"Home\",\"item\":\"https:\/\/www.miomiorun.com\/fr\/home-page\/\"},{\"@type\":\"ListItem\",\"position\":2,\"name\":\"Shop\",\"item\":\"https:\/\/www.miomiorun.com\/shop\/\"},{\"@type\":\"ListItem\",\"position\":3,\"name\":\"Adistar 4 femme\"}]},{\"@type\":\"WebSite\",\"@id\":\"https:\/\/www.miomiorun.com\/fr\/#website\",\"url\":\"https:\/\/www.miomiorun.com\/fr\/\",\"name\":\"MioMioRun\",\"description\":\"Boutique 100% running et trail\",\"publisher\":{\"@id\":\"https:\/\/www.miomiorun.com\/fr\/#organization\"},\"potentialAction\":[{\"@type\":\"SearchAction\",\"target\":{\"@type\":\"EntryPoint\",\"urlTemplate\":\"https:\/\/www.miomiorun.com\/fr\/?s={search_term_string}\"},\"query-input\":{\"@type\":\"PropertyValueSpecification\",\"valueRequired\":true,\"valueName\":\"search_term_string\"}}],\"inLanguage\":\"fr-FR\"},{\"@type\":\"Organization\",\"@id\":\"https:\/\/www.miomiorun.com\/fr\/#organization\",\"name\":\"MioMio Run\",\"url\":\"https:\/\/www.miomiorun.com\/fr\/\",\"logo\":{\"@type\":\"ImageObject\",\"inLanguage\":\"fr-FR\",\"@id\":\"https:\/\/www.miomiorun.com\/fr\/#\/schema\/logo\/image\/\",\"url\":\"https:\/\/www.miomiorun.com\/app\/uploads\/2019\/12\/logomio.png\",\"contentUrl\":\"https:\/\/www.miomiorun.com\/app\/uploads\/2019\/12\/logomio.png\",\"width\":115,\"height\":82,\"caption\":\"MioMio Run\"},\"image\":{\"@id\":\"https:\/\/www.miomiorun.com\/fr\/#\/schema\/logo\/image\/\"},\"sameAs\":[\"https:\/\/www.facebook.com\/miomiorun\/\",\"https:\/\/www.instagram.com\/miomiorun\/\"]}]}<\/script>\n<!-- \/ Yoast SEO plugin. -->","yoast_head_json":{"title":"Adidas Adistar 4 femme - chaussures de course - MioMioRun.com","description":"Adistar 4 pour femmes : chaussure de course id\u00e9ale pour les longues distances. Amorti REPETITOR, retour d'\u00e9nergie et confort stable kilom\u00e8tre apr\u00e8s kilom\u00e8tre.","robots":{"index":"index","follow":"follow","max-snippet":"max-snippet:-1","max-image-preview":"max-image-preview:large","max-video-preview":"max-video-preview:-1"},"canonical":"https:\/\/www.miomiorun.com\/fr\/produit\/adistar-4-femme\/","og_locale":"fr_FR","og_type":"article","og_title":"Adidas Adistar 4 femme - chaussures de course - MioMioRun.com","og_description":"Adistar 4 pour femmes : chaussure de course id\u00e9ale pour les longues distances. Amorti REPETITOR, retour d'\u00e9nergie et confort stable kilom\u00e8tre apr\u00e8s kilom\u00e8tre.","og_url":"https:\/\/www.miomiorun.com\/fr\/produit\/adistar-4-femme\/","og_site_name":"MioMioRun","article_publisher":"https:\/\/www.facebook.com\/miomiorun\/","article_modified_time":"2025-12-09T16:52:23+00:00","og_image":[{"width":600,"height":600,"url":"https:\/\/www.miomiorun.com\/app\/uploads\/2025\/07\/adidas-Adistar-4-W-silvio-prloin-lucpnk-JR0292.webp","type":"image\/webp"}],"twitter_card":"summary_large_image","twitter_misc":{"Est. reading time":"1 minute"},"schema":{"@context":"https:\/\/schema.org","@graph":[{"@type":"WebPage","@id":"https:\/\/www.miomiorun.com\/fr\/produit\/adistar-4-femme\/","url":"https:\/\/www.miomiorun.com\/fr\/produit\/adistar-4-femme\/","name":"Adidas Adistar 4 femme - chaussures de course - MioMioRun.com","isPartOf":{"@id":"https:\/\/www.miomiorun.com\/fr\/#website"},"primaryImageOfPage":{"@id":"https:\/\/www.miomiorun.com\/fr\/produit\/adistar-4-femme\/#primaryimage"},"image":{"@id":"https:\/\/www.miomiorun.com\/fr\/produit\/adistar-4-femme\/#primaryimage"},"thumbnailUrl":"https:\/\/www.miomiorun.com\/app\/uploads\/2025\/07\/adidas-Adistar-4-W-silvio-prloin-lucpnk-JR0292.webp","datePublished":"2025-07-16T16:40:03+00:00","dateModified":"2025-12-09T16:52:23+00:00","description":"Adistar 4 pour femmes : chaussure de course id\u00e9ale pour les longues distances. Amorti REPETITOR, retour d'\u00e9nergie et confort stable kilom\u00e8tre apr\u00e8s kilom\u00e8tre.","breadcrumb":{"@id":"https:\/\/www.miomiorun.com\/fr\/produit\/adistar-4-femme\/#breadcrumb"},"inLanguage":"fr-FR","potentialAction":[{"@type":"ReadAction","target":["https:\/\/www.miomiorun.com\/fr\/produit\/adistar-4-femme\/"]}]},{"@type":"ImageObject","inLanguage":"fr-FR","@id":"https:\/\/www.miomiorun.com\/fr\/produit\/adistar-4-femme\/#primaryimage","url":"https:\/\/www.miomiorun.com\/app\/uploads\/2025\/07\/adidas-Adistar-4-W-silvio-prloin-lucpnk-JR0292.webp","contentUrl":"https:\/\/www.miomiorun.com\/app\/uploads\/2025\/07\/adidas-Adistar-4-W-silvio-prloin-lucpnk-JR0292.webp","width":600,"height":600,"caption":"adidas Adistar 4 W silvio prloin lucpnk JR0292"},{"@type":"BreadcrumbList","@id":"https:\/\/www.miomiorun.com\/fr\/produit\/adistar-4-femme\/#breadcrumb","itemListElement":[{"@type":"ListItem","position":1,"name":"Home","item":"https:\/\/www.miomiorun.com\/fr\/home-page\/"},{"@type":"ListItem","position":2,"name":"Shop","item":"https:\/\/www.miomiorun.com\/shop\/"},{"@type":"ListItem","position":3,"name":"Adistar 4 femme"}]},{"@type":"WebSite","@id":"https:\/\/www.miomiorun.com\/fr\/#website","url":"https:\/\/www.miomiorun.com\/fr\/","name":"MioMioRun","description":"Boutique 100% running et trail","publisher":{"@id":"https:\/\/www.miomiorun.com\/fr\/#organization"},"potentialAction":[{"@type":"SearchAction","target":{"@type":"EntryPoint","urlTemplate":"https:\/\/www.miomiorun.com\/fr\/?s={search_term_string}"},"query-input":{"@type":"PropertyValueSpecification","valueRequired":true,"valueName":"search_term_string"}}],"inLanguage":"fr-FR"},{"@type":"Organization","@id":"https:\/\/www.miomiorun.com\/fr\/#organization","name":"MioMio Run","url":"https:\/\/www.miomiorun.com\/fr\/","logo":{"@type":"ImageObject","inLanguage":"fr-FR","@id":"https:\/\/www.miomiorun.com\/fr\/#\/schema\/logo\/image\/","url":"https:\/\/www.miomiorun.com\/app\/uploads\/2019\/12\/logomio.png","contentUrl":"https:\/\/www.miomiorun.com\/app\/uploads\/2019\/12\/logomio.png","width":115,"height":82,"caption":"MioMio Run"},"image":{"@id":"https:\/\/www.miomiorun.com\/fr\/#\/schema\/logo\/image\/"},"sameAs":["https:\/\/www.facebook.com\/miomiorun\/","https:\/\/www.instagram.com\/miomiorun\/"]}]}},"_links":{"self":[{"href":"https:\/\/www.miomiorun.com\/fr\/wp-json\/wp\/v2\/product\/327442","targetHints":{"allow":["GET"]}}],"collection":[{"href":"https:\/\/www.miomiorun.com\/fr\/wp-json\/wp\/v2\/product"}],"about":[{"href":"https:\/\/www.miomiorun.com\/fr\/wp-json\/wp\/v2\/types\/product"}],"wp:featuredmedia":[{"embeddable":true,"href":"https:\/\/www.miomiorun.com\/fr\/wp-json\/wp\/v2\/media\/330425"}],"wp:attachment":[{"href":"https:\/\/www.miomiorun.com\/fr\/wp-json\/wp\/v2\/media?parent=327442"}],"wp:term":[{"taxonomy":"product_brand","embeddable":true,"href":"https:\/\/www.miomiorun.com\/fr\/wp-json\/wp\/v2\/product_brand?post=327442"},{"taxonomy":"product_cat","embeddable":true,"href":"https:\/\/www.miomiorun.com\/fr\/wp-json\/wp\/v2\/product_cat?post=327442"},{"taxonomy":"product_tag","embeddable":true,"href":"https:\/\/www.miomiorun.com\/fr\/wp-json\/wp\/v2\/product_tag?post=327442"}],"curies":[{"name":"wp","href":"https:\/\/api.w.org\/{rel}","templated":true}]}}