{"id":325055,"date":"2025-07-11T12:27:40","date_gmt":"2025-07-11T10:27:40","guid":{"rendered":"https:\/\/miomiorun.com\/?post_type=product&#038;p=325055"},"modified":"2025-12-09T17:47:43","modified_gmt":"2025-12-09T16:47:43","slug":"supernova-rise-atr-femme","status":"publish","type":"product","link":"https:\/\/www.miomiorun.com\/fr\/produit\/supernova-rise-atr-femme\/","title":{"rendered":"Supernova Rise ATR femme"},"content":{"rendered":"<div class=\"vc-row container\"><div class=\"vc-column\"><div class=\"vc-column-text\"><\/p>\n<h4>Caract\u00e9ristiques techniques<\/h4>\n<p>Cat\u00e9gorie : amorti moyen<br \/>\nD\u00e9calage : 9 mm<br \/>\nPoids : <span class=\"spec\">278 g<\/span><br \/>\nId\u00e9al pour : les coureurs ayant tendance \u00e0 la pronation, \u00e0 la recherche d&#8217;un mod\u00e8le offrant soutien et protection, sans pour autant renoncer \u00e0 la performance gr\u00e2ce au poids r\u00e9duit de la chaussure.<br \/>\nPoids de l&#8217;athl\u00e8te : &gt;65 kg<br \/>\nAllure de course : moyenne (5-6 min\/km)<br \/>\n<a href=\"https:\/\/miomiorun.com\/guida-alle-specifiche-tecniche\/\">Guide des sp\u00e9cifications techniques<\/a><\/p>\n<p><\/div><\/div><div class=\"vc-column\"><div class=\"vc-column-text\"><\/p>\n<p data-start=\"262\" data-end=\"605\">Que vous vous entra\u00eeniez sur route ou sur des sentiers faciles, les <strong data-start=\"347\" data-end=\"376\">adidas Supernova Rise ATR<\/strong> sont l\u00e0 pour vous offrir un soutien et un confort continus. Con\u00e7ues pour les coureurs polyvalents, ces chaussures de course garantissent une transition fluide entre diff\u00e9rentes surfaces, vous accompagnant en toute confiance de l&#8217;asphalte au sentier et vice-versa.<\/p>\n<p data-start=\"607\" data-end=\"970\">La semelle interm\u00e9diaire <strong data-start=\"620\" data-end=\"636\">Dreamstrike+<\/strong>, enrichie de <strong data-start=\"652\" data-end=\"668\">Support Rods<\/strong>, assure un amorti stable et r\u00e9actif, vous aidant \u00e0 conserver une foul\u00e9e naturelle et contr\u00f4l\u00e9e. La tige en tissu enveloppe le pied avec l\u00e9g\u00e8ret\u00e9 et respirabilit\u00e9, tandis que la <strong data-start=\"858\" data-end=\"907\">semelle en caoutchouc Continental\u2122 sur toute la longueur<\/strong> offre une traction fiable sur les surfaces s\u00e8ches et humides.<\/p>\n<p data-start=\"972\" data-end=\"1127\">Id\u00e9ales pour ceux qui recherchent une chaussure polyvalente, les Supernova Rise ATR combinent <strong data-start=\"1047\" data-end=\"1100\">un confort prolong\u00e9, un soutien cibl\u00e9 et une adh\u00e9rence s\u00fbre<\/strong>, quel que soit le terrain.<br \/>\n<\/div><\/div><\/div><\/p>\n","protected":false},"excerpt":{"rendered":"<ul>\n<li data-start=\"1541\" data-end=\"1613\">\n<p data-start=\"1543\" data-end=\"1613\"><strong data-start=\"1543\" data-end=\"1571\">Semelle interm\u00e9diaire Dreamstrike+<\/strong><\/p>\n<\/li>\n<li data-start=\"1614\" data-end=\"1689\">\n<p data-start=\"1616\" data-end=\"1689\"><strong data-start=\"1616\" data-end=\"1645\">Syst\u00e8me avec Support Rods<\/strong><\/p>\n<\/li>\n<li data-start=\"1745\" data-end=\"1832\">\n<p data-start=\"1747\" data-end=\"1832\"><strong data-start=\"1747\" data-end=\"1779\">Semelle en caoutchouc Continental\u2122<\/strong><\/p>\n<\/li>\n<\/ul>\n","protected":false},"featured_media":326861,"template":"","meta":{"_acf_changed":false,"inline_featured_image":false},"product_brand":[],"product_cat":[22605,22608],"product_tag":[23557,23563],"class_list":{"0":"post-325055","1":"product","2":"type-product","3":"status-publish","4":"has-post-thumbnail","6":"product_cat-chaussures-pour-femmes","7":"product_cat-trail-fr","8":"product_tag-adidas-fr","9":"product_tag-adidas-femme","10":"pa_attivita-marcher","11":"pa_attivita-running-fr","12":"pa_attivita-trail-fr","13":"pa_colore-supernova-rise-w-atr-icelav-blspme-blili-fr","14":"pa_marca-adidas-fr","15":"pa_sesso-femme","16":"pa_size-38-fr","18":"pa_size-39-fr","19":"pa_size-40-fr","21":"first","22":"instock","23":"sale","24":"taxable","25":"shipping-taxable","26":"purchasable","27":"product-type-variable","28":"wvs-archive-product-wrapper"},"acf":[],"yoast_head":"<!-- This site is optimized with the Yoast SEO plugin v26.8 - https:\/\/yoast.com\/product\/yoast-seo-wordpress\/ -->\n<title>Adidas Supernova Rise ATR femme -chaussures de trail - MioMioRun.com<\/title>\n<meta name=\"description\" content=\"adidas Supernova Rise ATR : chaussures de course polyvalentes pour la route et les sentiers. Confort Dreamstrike+, maintien stable et semelle Continental\u2122 antid\u00e9rapante.\" \/>\n<meta name=\"robots\" content=\"index, follow, max-snippet:-1, max-image-preview:large, max-video-preview:-1\" \/>\n<link rel=\"canonical\" href=\"https:\/\/www.miomiorun.com\/fr\/produit\/supernova-rise-atr-femme\/\" \/>\n<meta property=\"og:locale\" content=\"fr_FR\" \/>\n<meta property=\"og:type\" content=\"article\" \/>\n<meta property=\"og:title\" content=\"Adidas Supernova Rise ATR femme -chaussures de trail - MioMioRun.com\" \/>\n<meta property=\"og:description\" content=\"adidas Supernova Rise ATR : chaussures de course polyvalentes pour la route et les sentiers. Confort Dreamstrike+, maintien stable et semelle Continental\u2122 antid\u00e9rapante.\" \/>\n<meta property=\"og:url\" content=\"https:\/\/www.miomiorun.com\/fr\/produit\/supernova-rise-atr-femme\/\" \/>\n<meta property=\"og:site_name\" content=\"MioMioRun\" \/>\n<meta property=\"article:publisher\" content=\"https:\/\/www.facebook.com\/miomiorun\/\" \/>\n<meta property=\"article:modified_time\" content=\"2025-12-09T16:47:43+00:00\" \/>\n<meta property=\"og:image\" content=\"https:\/\/www.miomiorun.com\/app\/uploads\/2025\/07\/adidas-Supernova-Rise-W-ATR-icelav-blspme-blili-JP7761.webp\" \/>\n\t<meta property=\"og:image:width\" content=\"600\" \/>\n\t<meta property=\"og:image:height\" content=\"600\" \/>\n\t<meta property=\"og:image:type\" content=\"image\/webp\" \/>\n<meta name=\"twitter:card\" content=\"summary_large_image\" \/>\n<meta name=\"twitter:label1\" content=\"Est. reading time\" \/>\n\t<meta name=\"twitter:data1\" content=\"1 minute\" \/>\n<script type=\"application\/ld+json\" class=\"yoast-schema-graph\">{\"@context\":\"https:\/\/schema.org\",\"@graph\":[{\"@type\":\"WebPage\",\"@id\":\"https:\/\/www.miomiorun.com\/fr\/produit\/supernova-rise-atr-femme\/\",\"url\":\"https:\/\/www.miomiorun.com\/fr\/produit\/supernova-rise-atr-femme\/\",\"name\":\"Adidas Supernova Rise ATR femme -chaussures de trail - MioMioRun.com\",\"isPartOf\":{\"@id\":\"https:\/\/www.miomiorun.com\/fr\/#website\"},\"primaryImageOfPage\":{\"@id\":\"https:\/\/www.miomiorun.com\/fr\/produit\/supernova-rise-atr-femme\/#primaryimage\"},\"image\":{\"@id\":\"https:\/\/www.miomiorun.com\/fr\/produit\/supernova-rise-atr-femme\/#primaryimage\"},\"thumbnailUrl\":\"https:\/\/www.miomiorun.com\/app\/uploads\/2025\/07\/adidas-Supernova-Rise-W-ATR-icelav-blspme-blili-JP7761.webp\",\"datePublished\":\"2025-07-11T10:27:40+00:00\",\"dateModified\":\"2025-12-09T16:47:43+00:00\",\"description\":\"adidas Supernova Rise ATR : chaussures de course polyvalentes pour la route et les sentiers. Confort Dreamstrike+, maintien stable et semelle Continental\u2122 antid\u00e9rapante.\",\"breadcrumb\":{\"@id\":\"https:\/\/www.miomiorun.com\/fr\/produit\/supernova-rise-atr-femme\/#breadcrumb\"},\"inLanguage\":\"fr-FR\",\"potentialAction\":[{\"@type\":\"ReadAction\",\"target\":[\"https:\/\/www.miomiorun.com\/fr\/produit\/supernova-rise-atr-femme\/\"]}]},{\"@type\":\"ImageObject\",\"inLanguage\":\"fr-FR\",\"@id\":\"https:\/\/www.miomiorun.com\/fr\/produit\/supernova-rise-atr-femme\/#primaryimage\",\"url\":\"https:\/\/www.miomiorun.com\/app\/uploads\/2025\/07\/adidas-Supernova-Rise-W-ATR-icelav-blspme-blili-JP7761.webp\",\"contentUrl\":\"https:\/\/www.miomiorun.com\/app\/uploads\/2025\/07\/adidas-Supernova-Rise-W-ATR-icelav-blspme-blili-JP7761.webp\",\"width\":600,\"height\":600,\"caption\":\"adidas Supernova Rise W ATR icelav blspme blili JP7761\"},{\"@type\":\"BreadcrumbList\",\"@id\":\"https:\/\/www.miomiorun.com\/fr\/produit\/supernova-rise-atr-femme\/#breadcrumb\",\"itemListElement\":[{\"@type\":\"ListItem\",\"position\":1,\"name\":\"Home\",\"item\":\"https:\/\/www.miomiorun.com\/fr\/home-page\/\"},{\"@type\":\"ListItem\",\"position\":2,\"name\":\"Shop\",\"item\":\"https:\/\/www.miomiorun.com\/shop\/\"},{\"@type\":\"ListItem\",\"position\":3,\"name\":\"Supernova Rise ATR femme\"}]},{\"@type\":\"WebSite\",\"@id\":\"https:\/\/www.miomiorun.com\/fr\/#website\",\"url\":\"https:\/\/www.miomiorun.com\/fr\/\",\"name\":\"MioMioRun\",\"description\":\"Boutique 100% running et trail\",\"publisher\":{\"@id\":\"https:\/\/www.miomiorun.com\/fr\/#organization\"},\"potentialAction\":[{\"@type\":\"SearchAction\",\"target\":{\"@type\":\"EntryPoint\",\"urlTemplate\":\"https:\/\/www.miomiorun.com\/fr\/?s={search_term_string}\"},\"query-input\":{\"@type\":\"PropertyValueSpecification\",\"valueRequired\":true,\"valueName\":\"search_term_string\"}}],\"inLanguage\":\"fr-FR\"},{\"@type\":\"Organization\",\"@id\":\"https:\/\/www.miomiorun.com\/fr\/#organization\",\"name\":\"MioMio Run\",\"url\":\"https:\/\/www.miomiorun.com\/fr\/\",\"logo\":{\"@type\":\"ImageObject\",\"inLanguage\":\"fr-FR\",\"@id\":\"https:\/\/www.miomiorun.com\/fr\/#\/schema\/logo\/image\/\",\"url\":\"https:\/\/www.miomiorun.com\/app\/uploads\/2019\/12\/logomio.png\",\"contentUrl\":\"https:\/\/www.miomiorun.com\/app\/uploads\/2019\/12\/logomio.png\",\"width\":115,\"height\":82,\"caption\":\"MioMio Run\"},\"image\":{\"@id\":\"https:\/\/www.miomiorun.com\/fr\/#\/schema\/logo\/image\/\"},\"sameAs\":[\"https:\/\/www.facebook.com\/miomiorun\/\",\"https:\/\/www.instagram.com\/miomiorun\/\"]}]}<\/script>\n<!-- \/ Yoast SEO plugin. -->","yoast_head_json":{"title":"Adidas Supernova Rise ATR femme -chaussures de trail - MioMioRun.com","description":"adidas Supernova Rise ATR : chaussures de course polyvalentes pour la route et les sentiers. Confort Dreamstrike+, maintien stable et semelle Continental\u2122 antid\u00e9rapante.","robots":{"index":"index","follow":"follow","max-snippet":"max-snippet:-1","max-image-preview":"max-image-preview:large","max-video-preview":"max-video-preview:-1"},"canonical":"https:\/\/www.miomiorun.com\/fr\/produit\/supernova-rise-atr-femme\/","og_locale":"fr_FR","og_type":"article","og_title":"Adidas Supernova Rise ATR femme -chaussures de trail - MioMioRun.com","og_description":"adidas Supernova Rise ATR : chaussures de course polyvalentes pour la route et les sentiers. Confort Dreamstrike+, maintien stable et semelle Continental\u2122 antid\u00e9rapante.","og_url":"https:\/\/www.miomiorun.com\/fr\/produit\/supernova-rise-atr-femme\/","og_site_name":"MioMioRun","article_publisher":"https:\/\/www.facebook.com\/miomiorun\/","article_modified_time":"2025-12-09T16:47:43+00:00","og_image":[{"width":600,"height":600,"url":"https:\/\/www.miomiorun.com\/app\/uploads\/2025\/07\/adidas-Supernova-Rise-W-ATR-icelav-blspme-blili-JP7761.webp","type":"image\/webp"}],"twitter_card":"summary_large_image","twitter_misc":{"Est. reading time":"1 minute"},"schema":{"@context":"https:\/\/schema.org","@graph":[{"@type":"WebPage","@id":"https:\/\/www.miomiorun.com\/fr\/produit\/supernova-rise-atr-femme\/","url":"https:\/\/www.miomiorun.com\/fr\/produit\/supernova-rise-atr-femme\/","name":"Adidas Supernova Rise ATR femme -chaussures de trail - MioMioRun.com","isPartOf":{"@id":"https:\/\/www.miomiorun.com\/fr\/#website"},"primaryImageOfPage":{"@id":"https:\/\/www.miomiorun.com\/fr\/produit\/supernova-rise-atr-femme\/#primaryimage"},"image":{"@id":"https:\/\/www.miomiorun.com\/fr\/produit\/supernova-rise-atr-femme\/#primaryimage"},"thumbnailUrl":"https:\/\/www.miomiorun.com\/app\/uploads\/2025\/07\/adidas-Supernova-Rise-W-ATR-icelav-blspme-blili-JP7761.webp","datePublished":"2025-07-11T10:27:40+00:00","dateModified":"2025-12-09T16:47:43+00:00","description":"adidas Supernova Rise ATR : chaussures de course polyvalentes pour la route et les sentiers. Confort Dreamstrike+, maintien stable et semelle Continental\u2122 antid\u00e9rapante.","breadcrumb":{"@id":"https:\/\/www.miomiorun.com\/fr\/produit\/supernova-rise-atr-femme\/#breadcrumb"},"inLanguage":"fr-FR","potentialAction":[{"@type":"ReadAction","target":["https:\/\/www.miomiorun.com\/fr\/produit\/supernova-rise-atr-femme\/"]}]},{"@type":"ImageObject","inLanguage":"fr-FR","@id":"https:\/\/www.miomiorun.com\/fr\/produit\/supernova-rise-atr-femme\/#primaryimage","url":"https:\/\/www.miomiorun.com\/app\/uploads\/2025\/07\/adidas-Supernova-Rise-W-ATR-icelav-blspme-blili-JP7761.webp","contentUrl":"https:\/\/www.miomiorun.com\/app\/uploads\/2025\/07\/adidas-Supernova-Rise-W-ATR-icelav-blspme-blili-JP7761.webp","width":600,"height":600,"caption":"adidas Supernova Rise W ATR icelav blspme blili JP7761"},{"@type":"BreadcrumbList","@id":"https:\/\/www.miomiorun.com\/fr\/produit\/supernova-rise-atr-femme\/#breadcrumb","itemListElement":[{"@type":"ListItem","position":1,"name":"Home","item":"https:\/\/www.miomiorun.com\/fr\/home-page\/"},{"@type":"ListItem","position":2,"name":"Shop","item":"https:\/\/www.miomiorun.com\/shop\/"},{"@type":"ListItem","position":3,"name":"Supernova Rise ATR femme"}]},{"@type":"WebSite","@id":"https:\/\/www.miomiorun.com\/fr\/#website","url":"https:\/\/www.miomiorun.com\/fr\/","name":"MioMioRun","description":"Boutique 100% running et trail","publisher":{"@id":"https:\/\/www.miomiorun.com\/fr\/#organization"},"potentialAction":[{"@type":"SearchAction","target":{"@type":"EntryPoint","urlTemplate":"https:\/\/www.miomiorun.com\/fr\/?s={search_term_string}"},"query-input":{"@type":"PropertyValueSpecification","valueRequired":true,"valueName":"search_term_string"}}],"inLanguage":"fr-FR"},{"@type":"Organization","@id":"https:\/\/www.miomiorun.com\/fr\/#organization","name":"MioMio Run","url":"https:\/\/www.miomiorun.com\/fr\/","logo":{"@type":"ImageObject","inLanguage":"fr-FR","@id":"https:\/\/www.miomiorun.com\/fr\/#\/schema\/logo\/image\/","url":"https:\/\/www.miomiorun.com\/app\/uploads\/2019\/12\/logomio.png","contentUrl":"https:\/\/www.miomiorun.com\/app\/uploads\/2019\/12\/logomio.png","width":115,"height":82,"caption":"MioMio Run"},"image":{"@id":"https:\/\/www.miomiorun.com\/fr\/#\/schema\/logo\/image\/"},"sameAs":["https:\/\/www.facebook.com\/miomiorun\/","https:\/\/www.instagram.com\/miomiorun\/"]}]}},"_links":{"self":[{"href":"https:\/\/www.miomiorun.com\/fr\/wp-json\/wp\/v2\/product\/325055","targetHints":{"allow":["GET"]}}],"collection":[{"href":"https:\/\/www.miomiorun.com\/fr\/wp-json\/wp\/v2\/product"}],"about":[{"href":"https:\/\/www.miomiorun.com\/fr\/wp-json\/wp\/v2\/types\/product"}],"wp:featuredmedia":[{"embeddable":true,"href":"https:\/\/www.miomiorun.com\/fr\/wp-json\/wp\/v2\/media\/326861"}],"wp:attachment":[{"href":"https:\/\/www.miomiorun.com\/fr\/wp-json\/wp\/v2\/media?parent=325055"}],"wp:term":[{"taxonomy":"product_brand","embeddable":true,"href":"https:\/\/www.miomiorun.com\/fr\/wp-json\/wp\/v2\/product_brand?post=325055"},{"taxonomy":"product_cat","embeddable":true,"href":"https:\/\/www.miomiorun.com\/fr\/wp-json\/wp\/v2\/product_cat?post=325055"},{"taxonomy":"product_tag","embeddable":true,"href":"https:\/\/www.miomiorun.com\/fr\/wp-json\/wp\/v2\/product_tag?post=325055"}],"curies":[{"name":"wp","href":"https:\/\/api.w.org\/{rel}","templated":true}]}}