{"id":324711,"date":"2025-07-11T10:51:06","date_gmt":"2025-07-11T08:51:06","guid":{"rendered":"https:\/\/miomiorun.com\/?post_type=product&#038;p=324711"},"modified":"2025-12-09T12:25:18","modified_gmt":"2025-12-09T11:25:18","slug":"riverbank-pals","status":"publish","type":"product","link":"https:\/\/www.miomiorun.com\/fr\/produit\/riverbank-pals\/","title":{"rendered":"Riverbank pals"},"content":{"rendered":"<p data-start=\"156\" data-end=\"568\">Mi-mollet et au design affirm\u00e9, les chaussettes <strong data-start=\"207\" data-end=\"235\">Riverbank pals d&#8217;American Socks<\/strong> sont le choix id\u00e9al pour ceux qui souhaitent rehausser leur look urbain. Con\u00e7ues pour s&#8217;ajuster parfaitement gr\u00e2ce \u00e0 leurs deux tailles disponibles (S\/M et L\/XL), elles enveloppent le pied avec un confort qui dure toute la journ\u00e9e, tandis que leur longueur mi-mollet rehausse le style et les rend parfaites pour \u00eatre associ\u00e9es \u00e0 des baskets ou des chaussures montantes.<\/p>\n<p data-start=\"570\" data-end=\"931\">La technologie respirante Coolmax\u00ae garde vos pieds au frais et au sec m\u00eame pendant les journ\u00e9es les plus intenses, vous offrant une sensation de confort constant. La composition haut de gamme, avec un m\u00e9lange de Coolmax\u00ae, polyamide, coton, \u00e9lastodiene et \u00e9lasthanne, assure douceur, \u00e9lasticit\u00e9 et r\u00e9sistance pour vous accompagner partout, sans renoncer \u00e0 un style incomparable.<\/p>\n<p data-start=\"933\" data-end=\"1285\">Faciles d&#8217;entretien, les chaussettes American Socks se lavent facilement en machine \u00e0 30 \u00b0C. Pour pr\u00e9server leur qualit\u00e9, il est recommand\u00e9 de ne pas les s\u00e9cher au s\u00e8che-linge, de ne pas les blanchir et de ne pas les repasser.<\/p>\n<p>&nbsp;<\/p>\n<p>&nbsp;<\/p>\n","protected":false},"excerpt":{"rendered":"<p>Mi-mollet et au design affirm\u00e9, les chaussettes Riverbank pals d&#8217;American Socks sont le choix id\u00e9al pour ceux qui souhaitent rehausser leur look urbain. Con\u00e7ues pour s&#8217;ajuster parfaitement gr\u00e2ce \u00e0 leurs deux tailles disponibles (S\/M et L\/XL), elles enveloppent le pied avec un confort qui dure toute la journ\u00e9e, tandis que leur longueur mi-mollet rehausse le &hellip; <a href=\"https:\/\/www.miomiorun.com\/fr\/produit\/riverbank-pals\/\">Continued<\/a><\/p>\n","protected":false},"featured_media":330600,"template":"","meta":{"_acf_changed":false,"inline_featured_image":false},"product_brand":[],"product_cat":[22597,24256,22596,24482],"product_tag":[35954,35962,35963],"class_list":{"0":"post-324711","1":"product","2":"type-product","3":"status-publish","4":"has-post-thumbnail","6":"product_cat-chaussettes","7":"product_cat-chaussettes-fr","8":"product_cat-vetements-pour-femmes","9":"product_cat-vetements-pour-hommes-fr","10":"product_tag-american-socks-fr","11":"product_tag-american-socks-femme-fr","12":"product_tag-american-socks-homme-fr","13":"pa_attivita-fitness-fr","14":"pa_attivita-marcher","15":"pa_attivita-running-fr","16":"pa_marca-cep-fr","17":"pa_sesso-femme","18":"pa_sesso-homme","19":"pa_size-37-41-fr","20":"pa_size-42-46-fr","22":"first","23":"instock","24":"taxable","25":"shipping-taxable","26":"purchasable","27":"product-type-variable","28":"wvs-archive-product-wrapper"},"acf":[],"yoast_head":"<!-- This site is optimized with the Yoast SEO plugin v26.8 - https:\/\/yoast.com\/product\/yoast-seo-wordpress\/ -->\n<title>American Socks Riverbank pals - chaussettes- MioMioRun<\/title>\n<meta name=\"description\" content=\"D\u00e9couvrez Riverbank pals d&#039;American Socks : des chaussettes streetwear mi-mollet dot\u00e9es de la technologie respirante Coolmax\u00ae, d&#039;un confort haut de gamme et d&#039;un design unique.\" \/>\n<meta name=\"robots\" content=\"index, follow, max-snippet:-1, max-image-preview:large, max-video-preview:-1\" \/>\n<link rel=\"canonical\" href=\"https:\/\/www.miomiorun.com\/fr\/produit\/riverbank-pals\/\" \/>\n<meta property=\"og:locale\" content=\"fr_FR\" \/>\n<meta property=\"og:type\" content=\"article\" \/>\n<meta property=\"og:title\" content=\"American Socks Riverbank pals - chaussettes- MioMioRun\" \/>\n<meta property=\"og:description\" content=\"D\u00e9couvrez Riverbank pals d&#039;American Socks : des chaussettes streetwear mi-mollet dot\u00e9es de la technologie respirante Coolmax\u00ae, d&#039;un confort haut de gamme et d&#039;un design unique.\" \/>\n<meta property=\"og:url\" content=\"https:\/\/www.miomiorun.com\/fr\/produit\/riverbank-pals\/\" \/>\n<meta property=\"og:site_name\" content=\"MioMioRun\" \/>\n<meta property=\"article:publisher\" content=\"https:\/\/www.facebook.com\/miomiorun\/\" \/>\n<meta property=\"article:modified_time\" content=\"2025-12-09T11:25:18+00:00\" \/>\n<meta property=\"og:image\" content=\"https:\/\/www.miomiorun.com\/app\/uploads\/2025\/07\/american-socks-Riverbank-pals-AS411.webp\" \/>\n\t<meta property=\"og:image:width\" content=\"600\" \/>\n\t<meta property=\"og:image:height\" content=\"600\" \/>\n\t<meta property=\"og:image:type\" content=\"image\/webp\" \/>\n<meta name=\"twitter:card\" content=\"summary_large_image\" \/>\n<meta name=\"twitter:label1\" content=\"Est. reading time\" \/>\n\t<meta name=\"twitter:data1\" content=\"1 minute\" \/>\n<script type=\"application\/ld+json\" class=\"yoast-schema-graph\">{\"@context\":\"https:\/\/schema.org\",\"@graph\":[{\"@type\":\"WebPage\",\"@id\":\"https:\/\/www.miomiorun.com\/fr\/produit\/riverbank-pals\/\",\"url\":\"https:\/\/www.miomiorun.com\/fr\/produit\/riverbank-pals\/\",\"name\":\"American Socks Riverbank pals - chaussettes- MioMioRun\",\"isPartOf\":{\"@id\":\"https:\/\/www.miomiorun.com\/fr\/#website\"},\"primaryImageOfPage\":{\"@id\":\"https:\/\/www.miomiorun.com\/fr\/produit\/riverbank-pals\/#primaryimage\"},\"image\":{\"@id\":\"https:\/\/www.miomiorun.com\/fr\/produit\/riverbank-pals\/#primaryimage\"},\"thumbnailUrl\":\"https:\/\/www.miomiorun.com\/app\/uploads\/2025\/07\/american-socks-Riverbank-pals-AS411.webp\",\"datePublished\":\"2025-07-11T08:51:06+00:00\",\"dateModified\":\"2025-12-09T11:25:18+00:00\",\"description\":\"D\u00e9couvrez Riverbank pals d'American Socks : des chaussettes streetwear mi-mollet dot\u00e9es de la technologie respirante Coolmax\u00ae, d'un confort haut de gamme et d'un design unique.\",\"breadcrumb\":{\"@id\":\"https:\/\/www.miomiorun.com\/fr\/produit\/riverbank-pals\/#breadcrumb\"},\"inLanguage\":\"fr-FR\",\"potentialAction\":[{\"@type\":\"ReadAction\",\"target\":[\"https:\/\/www.miomiorun.com\/fr\/produit\/riverbank-pals\/\"]}]},{\"@type\":\"ImageObject\",\"inLanguage\":\"fr-FR\",\"@id\":\"https:\/\/www.miomiorun.com\/fr\/produit\/riverbank-pals\/#primaryimage\",\"url\":\"https:\/\/www.miomiorun.com\/app\/uploads\/2025\/07\/american-socks-Riverbank-pals-AS411.webp\",\"contentUrl\":\"https:\/\/www.miomiorun.com\/app\/uploads\/2025\/07\/american-socks-Riverbank-pals-AS411.webp\",\"width\":600,\"height\":600,\"caption\":\"american socks Riverbank pals AS411\"},{\"@type\":\"BreadcrumbList\",\"@id\":\"https:\/\/www.miomiorun.com\/fr\/produit\/riverbank-pals\/#breadcrumb\",\"itemListElement\":[{\"@type\":\"ListItem\",\"position\":1,\"name\":\"Home\",\"item\":\"https:\/\/www.miomiorun.com\/fr\/home-page\/\"},{\"@type\":\"ListItem\",\"position\":2,\"name\":\"Shop\",\"item\":\"https:\/\/www.miomiorun.com\/shop\/\"},{\"@type\":\"ListItem\",\"position\":3,\"name\":\"Riverbank pals\"}]},{\"@type\":\"WebSite\",\"@id\":\"https:\/\/www.miomiorun.com\/fr\/#website\",\"url\":\"https:\/\/www.miomiorun.com\/fr\/\",\"name\":\"MioMioRun\",\"description\":\"Boutique 100% running et trail\",\"publisher\":{\"@id\":\"https:\/\/www.miomiorun.com\/fr\/#organization\"},\"potentialAction\":[{\"@type\":\"SearchAction\",\"target\":{\"@type\":\"EntryPoint\",\"urlTemplate\":\"https:\/\/www.miomiorun.com\/fr\/?s={search_term_string}\"},\"query-input\":{\"@type\":\"PropertyValueSpecification\",\"valueRequired\":true,\"valueName\":\"search_term_string\"}}],\"inLanguage\":\"fr-FR\"},{\"@type\":\"Organization\",\"@id\":\"https:\/\/www.miomiorun.com\/fr\/#organization\",\"name\":\"MioMio Run\",\"url\":\"https:\/\/www.miomiorun.com\/fr\/\",\"logo\":{\"@type\":\"ImageObject\",\"inLanguage\":\"fr-FR\",\"@id\":\"https:\/\/www.miomiorun.com\/fr\/#\/schema\/logo\/image\/\",\"url\":\"https:\/\/www.miomiorun.com\/app\/uploads\/2019\/12\/logomio.png\",\"contentUrl\":\"https:\/\/www.miomiorun.com\/app\/uploads\/2019\/12\/logomio.png\",\"width\":115,\"height\":82,\"caption\":\"MioMio Run\"},\"image\":{\"@id\":\"https:\/\/www.miomiorun.com\/fr\/#\/schema\/logo\/image\/\"},\"sameAs\":[\"https:\/\/www.facebook.com\/miomiorun\/\",\"https:\/\/www.instagram.com\/miomiorun\/\"]}]}<\/script>\n<!-- \/ Yoast SEO plugin. -->","yoast_head_json":{"title":"American Socks Riverbank pals - chaussettes- MioMioRun","description":"D\u00e9couvrez Riverbank pals d'American Socks : des chaussettes streetwear mi-mollet dot\u00e9es de la technologie respirante Coolmax\u00ae, d'un confort haut de gamme et d'un design unique.","robots":{"index":"index","follow":"follow","max-snippet":"max-snippet:-1","max-image-preview":"max-image-preview:large","max-video-preview":"max-video-preview:-1"},"canonical":"https:\/\/www.miomiorun.com\/fr\/produit\/riverbank-pals\/","og_locale":"fr_FR","og_type":"article","og_title":"American Socks Riverbank pals - chaussettes- MioMioRun","og_description":"D\u00e9couvrez Riverbank pals d'American Socks : des chaussettes streetwear mi-mollet dot\u00e9es de la technologie respirante Coolmax\u00ae, d'un confort haut de gamme et d'un design unique.","og_url":"https:\/\/www.miomiorun.com\/fr\/produit\/riverbank-pals\/","og_site_name":"MioMioRun","article_publisher":"https:\/\/www.facebook.com\/miomiorun\/","article_modified_time":"2025-12-09T11:25:18+00:00","og_image":[{"width":600,"height":600,"url":"https:\/\/www.miomiorun.com\/app\/uploads\/2025\/07\/american-socks-Riverbank-pals-AS411.webp","type":"image\/webp"}],"twitter_card":"summary_large_image","twitter_misc":{"Est. reading time":"1 minute"},"schema":{"@context":"https:\/\/schema.org","@graph":[{"@type":"WebPage","@id":"https:\/\/www.miomiorun.com\/fr\/produit\/riverbank-pals\/","url":"https:\/\/www.miomiorun.com\/fr\/produit\/riverbank-pals\/","name":"American Socks Riverbank pals - chaussettes- MioMioRun","isPartOf":{"@id":"https:\/\/www.miomiorun.com\/fr\/#website"},"primaryImageOfPage":{"@id":"https:\/\/www.miomiorun.com\/fr\/produit\/riverbank-pals\/#primaryimage"},"image":{"@id":"https:\/\/www.miomiorun.com\/fr\/produit\/riverbank-pals\/#primaryimage"},"thumbnailUrl":"https:\/\/www.miomiorun.com\/app\/uploads\/2025\/07\/american-socks-Riverbank-pals-AS411.webp","datePublished":"2025-07-11T08:51:06+00:00","dateModified":"2025-12-09T11:25:18+00:00","description":"D\u00e9couvrez Riverbank pals d'American Socks : des chaussettes streetwear mi-mollet dot\u00e9es de la technologie respirante Coolmax\u00ae, d'un confort haut de gamme et d'un design unique.","breadcrumb":{"@id":"https:\/\/www.miomiorun.com\/fr\/produit\/riverbank-pals\/#breadcrumb"},"inLanguage":"fr-FR","potentialAction":[{"@type":"ReadAction","target":["https:\/\/www.miomiorun.com\/fr\/produit\/riverbank-pals\/"]}]},{"@type":"ImageObject","inLanguage":"fr-FR","@id":"https:\/\/www.miomiorun.com\/fr\/produit\/riverbank-pals\/#primaryimage","url":"https:\/\/www.miomiorun.com\/app\/uploads\/2025\/07\/american-socks-Riverbank-pals-AS411.webp","contentUrl":"https:\/\/www.miomiorun.com\/app\/uploads\/2025\/07\/american-socks-Riverbank-pals-AS411.webp","width":600,"height":600,"caption":"american socks Riverbank pals AS411"},{"@type":"BreadcrumbList","@id":"https:\/\/www.miomiorun.com\/fr\/produit\/riverbank-pals\/#breadcrumb","itemListElement":[{"@type":"ListItem","position":1,"name":"Home","item":"https:\/\/www.miomiorun.com\/fr\/home-page\/"},{"@type":"ListItem","position":2,"name":"Shop","item":"https:\/\/www.miomiorun.com\/shop\/"},{"@type":"ListItem","position":3,"name":"Riverbank pals"}]},{"@type":"WebSite","@id":"https:\/\/www.miomiorun.com\/fr\/#website","url":"https:\/\/www.miomiorun.com\/fr\/","name":"MioMioRun","description":"Boutique 100% running et trail","publisher":{"@id":"https:\/\/www.miomiorun.com\/fr\/#organization"},"potentialAction":[{"@type":"SearchAction","target":{"@type":"EntryPoint","urlTemplate":"https:\/\/www.miomiorun.com\/fr\/?s={search_term_string}"},"query-input":{"@type":"PropertyValueSpecification","valueRequired":true,"valueName":"search_term_string"}}],"inLanguage":"fr-FR"},{"@type":"Organization","@id":"https:\/\/www.miomiorun.com\/fr\/#organization","name":"MioMio Run","url":"https:\/\/www.miomiorun.com\/fr\/","logo":{"@type":"ImageObject","inLanguage":"fr-FR","@id":"https:\/\/www.miomiorun.com\/fr\/#\/schema\/logo\/image\/","url":"https:\/\/www.miomiorun.com\/app\/uploads\/2019\/12\/logomio.png","contentUrl":"https:\/\/www.miomiorun.com\/app\/uploads\/2019\/12\/logomio.png","width":115,"height":82,"caption":"MioMio Run"},"image":{"@id":"https:\/\/www.miomiorun.com\/fr\/#\/schema\/logo\/image\/"},"sameAs":["https:\/\/www.facebook.com\/miomiorun\/","https:\/\/www.instagram.com\/miomiorun\/"]}]}},"_links":{"self":[{"href":"https:\/\/www.miomiorun.com\/fr\/wp-json\/wp\/v2\/product\/324711","targetHints":{"allow":["GET"]}}],"collection":[{"href":"https:\/\/www.miomiorun.com\/fr\/wp-json\/wp\/v2\/product"}],"about":[{"href":"https:\/\/www.miomiorun.com\/fr\/wp-json\/wp\/v2\/types\/product"}],"wp:featuredmedia":[{"embeddable":true,"href":"https:\/\/www.miomiorun.com\/fr\/wp-json\/wp\/v2\/media\/330600"}],"wp:attachment":[{"href":"https:\/\/www.miomiorun.com\/fr\/wp-json\/wp\/v2\/media?parent=324711"}],"wp:term":[{"taxonomy":"product_brand","embeddable":true,"href":"https:\/\/www.miomiorun.com\/fr\/wp-json\/wp\/v2\/product_brand?post=324711"},{"taxonomy":"product_cat","embeddable":true,"href":"https:\/\/www.miomiorun.com\/fr\/wp-json\/wp\/v2\/product_cat?post=324711"},{"taxonomy":"product_tag","embeddable":true,"href":"https:\/\/www.miomiorun.com\/fr\/wp-json\/wp\/v2\/product_tag?post=324711"}],"curies":[{"name":"wp","href":"https:\/\/api.w.org\/{rel}","templated":true}]}}