{"id":324591,"date":"2025-07-11T10:04:36","date_gmt":"2025-07-11T08:04:36","guid":{"rendered":"https:\/\/miomiorun.com\/?post_type=product&#038;p=324591"},"modified":"2025-12-09T12:20:45","modified_gmt":"2025-12-09T11:20:45","slug":"adizero-takumi-sen-11","status":"publish","type":"product","link":"https:\/\/www.miomiorun.com\/fr\/produit\/adizero-takumi-sen-11\/","title":{"rendered":"Adizero Takumi Sen 11"},"content":{"rendered":"<p><div class=\"vc-row container\"><div class=\"vc-column\"><div class=\"vc-column-text\"><\/p>\n<p><strong>Caract\u00e9ristiques techniques<\/strong><\/p>\n<p>Cat\u00e9gorie : amorti r\u00e9actif<br \/>\nD\u00e9calage : 7 mm (33 mm au talon &#8211; 26 mm \u00e0 l&#8217;avant-pied)<br \/>\nPoids : 185 g<br \/>\nId\u00e9al pour : les coureurs ambitieux, ceux qui r\u00eavent de nouveaux records personnels et ceux qui veulent profiter de la <strong data-start=\"1448\" data-end=\"1473\">technologie de comp\u00e9tition<\/strong> m\u00eame lors de leurs entra\u00eenements quotidiens.<br \/>\nPoids de l&#8217;athl\u00e8te : 60-80 kg<br \/>\nAllure de course : moyenne \u00e0 rapide (3,30-4,40 min\/km)<br \/>\n<a href=\"https:\/\/miomiorun.com\/guida-alle-specifiche-tecniche\/\">Guide des sp\u00e9cifications techniques<\/a><\/p>\n<p><\/div><\/div><div class=\"vc-column\"><div class=\"vc-column-text\"><\/p>\n<p data-start=\"249\" data-end=\"593\"><strong data-start=\"249\" data-end=\"289\">Visez votre nouveau record personnel.<\/strong><br data-start=\"289\" data-end=\"292\">Les adidas Takumi Sen 11 sont con\u00e7ues pour ceux qui courent dans le but de se d\u00e9passer. Ultra l\u00e9g\u00e8res et r\u00e9actives, elles sont id\u00e9ales pour les distances courtes et rapides comme le 5 km et le 10 km. Leur design a\u00e9rodynamique et leur amorti r\u00e9actif vous propulsent \u00e0 chaque foul\u00e9e, transformant chaque pas en pure acc\u00e9l\u00e9ration.<\/p>\n<p data-start=\"595\" data-end=\"941\">La tige <strong data-start=\"605\" data-end=\"618\">LIGHTLOCK<\/strong> enveloppe le pied de mani\u00e8re s\u00fbre et stable, vous permettant d&#8217;aborder les virages et les lignes droites \u00e0 grande vitesse sans perdre en pr\u00e9cision. La semelle interm\u00e9diaire avec <strong data-start=\"769\" data-end=\"804\">amorti Lightstrike Pro<\/strong>, associ\u00e9e \u00e0 la technologie <strong data-start=\"831\" data-end=\"849\">ENERGYRODS 2.0<\/strong>, garantit une course fluide et dynamique, vous aidant \u00e0 maintenir votre rythme jusqu&#8217;\u00e0 la ligne d&#8217;arriv\u00e9e.<\/p>\n<p data-start=\"943\" data-end=\"1077\">La semelle <strong data-start=\"952\" data-end=\"968\">Lighttraxion<\/strong> en caoutchouc <strong data-start=\"979\" data-end=\"995\">Continental\u2122<\/strong> assure une traction exceptionnelle sur route, m\u00eame dans les conditions les plus difficiles.<\/p>\n<p data-start=\"1079\" data-end=\"1174\"><strong data-start=\"1079\" data-end=\"1119\">L\u00e9g\u00e8ret\u00e9. Propulsion. Pr\u00e9cision.<br \/>\n<\/div><\/div><\/div><div class=\"vc-row container\"><div class=\"vc-column\"><div style=\"height:32px\" class=\"vc-empty-space\"><\/div><\/div><\/div><div class=\"vc-row container\"><div class=\"vc-column\"><div class=\"vc-column-text\"><\/p>\n<div style=\"width: 640px;\" class=\"wp-video\"><video class=\"wp-video-shortcode\" id=\"video-324591-1\" width=\"640\" height=\"360\" preload=\"metadata\" controls=\"controls\"><source type=\"video\/mp4\" src=\"https:\/\/assets.%20adidas.com\/videos\/ar_1,w_720,c_fill,q_auto,f_auto\/9ff5fe5cbd794c75b28ad98bf84811c8_d98c\/Scarpe_adizero_Takumi_Sen_11_Turchese_JQ2813_video.mp4?_=1\" \/><a href=\"https:\/\/assets.%20adidas.com\/videos\/ar_1,w_720,c_fill,q_auto,f_auto\/9ff5fe5cbd794c75b28ad98bf84811c8_d98c\/Scarpe_adizero_Takumi_Sen_11_Turchese_JQ2813_video.mp4\">https:\/\/assets.%20adidas.com\/videos\/ar_1,w_720,c_fill,q_auto,f_auto\/9ff5fe5cbd794c75b28ad98bf84811c8_d98c\/Scarpe_adizero_Takumi_Sen_11_Turchese_JQ2813_video.mp4<\/a><\/video><\/div>\n<p><\/div><\/div><\/div><\/strong><\/p>\n<\/p><\/p>\n","protected":false},"excerpt":{"rendered":"<ul>\n<li>Tige en mesh technique LIGHTLOCK<\/li>\n<li>Semelle interm\u00e9diaire avec amorti Lightstrike Pro<\/li>\n<li>Semelle Lighttraxion + caoutchouc Continental\u2122<\/li>\n<li>Coupe standard<\/li>\n<\/ul>\n","protected":false},"featured_media":327016,"template":"","meta":{"_acf_changed":false,"inline_featured_image":false},"product_brand":[],"product_cat":[24448,24447],"product_tag":[23557,23564],"class_list":{"0":"post-324591","1":"product","2":"type-product","3":"status-publish","4":"has-post-thumbnail","6":"product_cat-chaussures-pour-hommes-fr","7":"product_cat-neutre-fr-3","8":"product_tag-adidas-fr","9":"product_tag-adidas-homme","10":"pa_attivita-fitness-fr","11":"pa_attivita-running-fr","12":"pa_colore-takumi-sen-ftwwht-luor","13":"pa_colore-takumi-sen-luclem-cblack-halsil-fr","14":"pa_colore-takumi-sen-sand-ricpur-goldmt","15":"pa_marca-adidas-fr","16":"pa_sesso-homme","17":"pa_size-41-fr","18":"pa_size-42-fr","20":"pa_size-43-fr","21":"pa_size-44-fr","23":"pa_size-46-fr","25":"first","26":"instock","27":"sale","28":"taxable","29":"shipping-taxable","30":"purchasable","31":"product-type-variable","32":"wvs-archive-product-wrapper"},"acf":[],"yoast_head":"<!-- This site is optimized with the Yoast SEO plugin v26.8 - https:\/\/yoast.com\/product\/yoast-seo-wordpress\/ -->\n<title>Adidas Adizero Takumi Sen 11 - chaussures de course pour homme - MioMioRun<\/title>\n<meta name=\"description\" content=\"adidas Takumi Sen 11 : chaussures de course l\u00e9g\u00e8res et r\u00e9actives pour les 5 km et 10 km. Amorti Lightstrike Pro, ENERGYRODS 2.0 et semelle Continental\u2122.\" \/>\n<meta name=\"robots\" content=\"index, follow, max-snippet:-1, max-image-preview:large, max-video-preview:-1\" \/>\n<link rel=\"canonical\" href=\"https:\/\/www.miomiorun.com\/fr\/produit\/adizero-takumi-sen-11\/\" \/>\n<meta property=\"og:locale\" content=\"fr_FR\" \/>\n<meta property=\"og:type\" content=\"article\" \/>\n<meta property=\"og:title\" content=\"Adidas Adizero Takumi Sen 11 - chaussures de course pour homme - MioMioRun\" \/>\n<meta property=\"og:description\" content=\"adidas Takumi Sen 11 : chaussures de course l\u00e9g\u00e8res et r\u00e9actives pour les 5 km et 10 km. Amorti Lightstrike Pro, ENERGYRODS 2.0 et semelle Continental\u2122.\" \/>\n<meta property=\"og:url\" content=\"https:\/\/www.miomiorun.com\/fr\/produit\/adizero-takumi-sen-11\/\" \/>\n<meta property=\"og:site_name\" content=\"MioMioRun\" \/>\n<meta property=\"article:publisher\" content=\"https:\/\/www.facebook.com\/miomiorun\/\" \/>\n<meta property=\"article:modified_time\" content=\"2025-12-09T11:20:45+00:00\" \/>\n<meta property=\"og:image\" content=\"https:\/\/www.miomiorun.com\/app\/uploads\/2025\/07\/adidas-Takumi-Sen-luclem-cblack-halsil-JI0991.webp\" \/>\n\t<meta property=\"og:image:width\" content=\"600\" \/>\n\t<meta property=\"og:image:height\" content=\"600\" \/>\n\t<meta property=\"og:image:type\" content=\"image\/webp\" \/>\n<meta name=\"twitter:card\" content=\"summary_large_image\" \/>\n<meta name=\"twitter:label1\" content=\"Est. reading time\" \/>\n\t<meta name=\"twitter:data1\" content=\"2 minutes\" \/>\n<script type=\"application\/ld+json\" class=\"yoast-schema-graph\">{\"@context\":\"https:\/\/schema.org\",\"@graph\":[{\"@type\":\"WebPage\",\"@id\":\"https:\/\/www.miomiorun.com\/fr\/produit\/adizero-takumi-sen-11\/\",\"url\":\"https:\/\/www.miomiorun.com\/fr\/produit\/adizero-takumi-sen-11\/\",\"name\":\"Adidas Adizero Takumi Sen 11 - chaussures de course pour homme - MioMioRun\",\"isPartOf\":{\"@id\":\"https:\/\/www.miomiorun.com\/fr\/#website\"},\"primaryImageOfPage\":{\"@id\":\"https:\/\/www.miomiorun.com\/fr\/produit\/adizero-takumi-sen-11\/#primaryimage\"},\"image\":{\"@id\":\"https:\/\/www.miomiorun.com\/fr\/produit\/adizero-takumi-sen-11\/#primaryimage\"},\"thumbnailUrl\":\"https:\/\/www.miomiorun.com\/app\/uploads\/2025\/07\/adidas-Takumi-Sen-luclem-cblack-halsil-JI0991.webp\",\"datePublished\":\"2025-07-11T08:04:36+00:00\",\"dateModified\":\"2025-12-09T11:20:45+00:00\",\"description\":\"adidas Takumi Sen 11 : chaussures de course l\u00e9g\u00e8res et r\u00e9actives pour les 5 km et 10 km. Amorti Lightstrike Pro, ENERGYRODS 2.0 et semelle Continental\u2122.\",\"breadcrumb\":{\"@id\":\"https:\/\/www.miomiorun.com\/fr\/produit\/adizero-takumi-sen-11\/#breadcrumb\"},\"inLanguage\":\"fr-FR\",\"potentialAction\":[{\"@type\":\"ReadAction\",\"target\":[\"https:\/\/www.miomiorun.com\/fr\/produit\/adizero-takumi-sen-11\/\"]}]},{\"@type\":\"ImageObject\",\"inLanguage\":\"fr-FR\",\"@id\":\"https:\/\/www.miomiorun.com\/fr\/produit\/adizero-takumi-sen-11\/#primaryimage\",\"url\":\"https:\/\/www.miomiorun.com\/app\/uploads\/2025\/07\/adidas-Takumi-Sen-luclem-cblack-halsil-JI0991.webp\",\"contentUrl\":\"https:\/\/www.miomiorun.com\/app\/uploads\/2025\/07\/adidas-Takumi-Sen-luclem-cblack-halsil-JI0991.webp\",\"width\":600,\"height\":600,\"caption\":\"adidas Takumi Sen luclem cblack halsil JI0991\"},{\"@type\":\"BreadcrumbList\",\"@id\":\"https:\/\/www.miomiorun.com\/fr\/produit\/adizero-takumi-sen-11\/#breadcrumb\",\"itemListElement\":[{\"@type\":\"ListItem\",\"position\":1,\"name\":\"Home\",\"item\":\"https:\/\/www.miomiorun.com\/fr\/home-page\/\"},{\"@type\":\"ListItem\",\"position\":2,\"name\":\"Shop\",\"item\":\"https:\/\/www.miomiorun.com\/shop\/\"},{\"@type\":\"ListItem\",\"position\":3,\"name\":\"Adizero Takumi Sen 11\"}]},{\"@type\":\"WebSite\",\"@id\":\"https:\/\/www.miomiorun.com\/fr\/#website\",\"url\":\"https:\/\/www.miomiorun.com\/fr\/\",\"name\":\"MioMioRun\",\"description\":\"Boutique 100% running et trail\",\"publisher\":{\"@id\":\"https:\/\/www.miomiorun.com\/fr\/#organization\"},\"potentialAction\":[{\"@type\":\"SearchAction\",\"target\":{\"@type\":\"EntryPoint\",\"urlTemplate\":\"https:\/\/www.miomiorun.com\/fr\/?s={search_term_string}\"},\"query-input\":{\"@type\":\"PropertyValueSpecification\",\"valueRequired\":true,\"valueName\":\"search_term_string\"}}],\"inLanguage\":\"fr-FR\"},{\"@type\":\"Organization\",\"@id\":\"https:\/\/www.miomiorun.com\/fr\/#organization\",\"name\":\"MioMio Run\",\"url\":\"https:\/\/www.miomiorun.com\/fr\/\",\"logo\":{\"@type\":\"ImageObject\",\"inLanguage\":\"fr-FR\",\"@id\":\"https:\/\/www.miomiorun.com\/fr\/#\/schema\/logo\/image\/\",\"url\":\"https:\/\/www.miomiorun.com\/app\/uploads\/2019\/12\/logomio.png\",\"contentUrl\":\"https:\/\/www.miomiorun.com\/app\/uploads\/2019\/12\/logomio.png\",\"width\":115,\"height\":82,\"caption\":\"MioMio Run\"},\"image\":{\"@id\":\"https:\/\/www.miomiorun.com\/fr\/#\/schema\/logo\/image\/\"},\"sameAs\":[\"https:\/\/www.facebook.com\/miomiorun\/\",\"https:\/\/www.instagram.com\/miomiorun\/\"]}]}<\/script>\n<!-- \/ Yoast SEO plugin. -->","yoast_head_json":{"title":"Adidas Adizero Takumi Sen 11 - chaussures de course pour homme - MioMioRun","description":"adidas Takumi Sen 11 : chaussures de course l\u00e9g\u00e8res et r\u00e9actives pour les 5 km et 10 km. Amorti Lightstrike Pro, ENERGYRODS 2.0 et semelle Continental\u2122.","robots":{"index":"index","follow":"follow","max-snippet":"max-snippet:-1","max-image-preview":"max-image-preview:large","max-video-preview":"max-video-preview:-1"},"canonical":"https:\/\/www.miomiorun.com\/fr\/produit\/adizero-takumi-sen-11\/","og_locale":"fr_FR","og_type":"article","og_title":"Adidas Adizero Takumi Sen 11 - chaussures de course pour homme - MioMioRun","og_description":"adidas Takumi Sen 11 : chaussures de course l\u00e9g\u00e8res et r\u00e9actives pour les 5 km et 10 km. Amorti Lightstrike Pro, ENERGYRODS 2.0 et semelle Continental\u2122.","og_url":"https:\/\/www.miomiorun.com\/fr\/produit\/adizero-takumi-sen-11\/","og_site_name":"MioMioRun","article_publisher":"https:\/\/www.facebook.com\/miomiorun\/","article_modified_time":"2025-12-09T11:20:45+00:00","og_image":[{"width":600,"height":600,"url":"https:\/\/www.miomiorun.com\/app\/uploads\/2025\/07\/adidas-Takumi-Sen-luclem-cblack-halsil-JI0991.webp","type":"image\/webp"}],"twitter_card":"summary_large_image","twitter_misc":{"Est. reading time":"2 minutes"},"schema":{"@context":"https:\/\/schema.org","@graph":[{"@type":"WebPage","@id":"https:\/\/www.miomiorun.com\/fr\/produit\/adizero-takumi-sen-11\/","url":"https:\/\/www.miomiorun.com\/fr\/produit\/adizero-takumi-sen-11\/","name":"Adidas Adizero Takumi Sen 11 - chaussures de course pour homme - MioMioRun","isPartOf":{"@id":"https:\/\/www.miomiorun.com\/fr\/#website"},"primaryImageOfPage":{"@id":"https:\/\/www.miomiorun.com\/fr\/produit\/adizero-takumi-sen-11\/#primaryimage"},"image":{"@id":"https:\/\/www.miomiorun.com\/fr\/produit\/adizero-takumi-sen-11\/#primaryimage"},"thumbnailUrl":"https:\/\/www.miomiorun.com\/app\/uploads\/2025\/07\/adidas-Takumi-Sen-luclem-cblack-halsil-JI0991.webp","datePublished":"2025-07-11T08:04:36+00:00","dateModified":"2025-12-09T11:20:45+00:00","description":"adidas Takumi Sen 11 : chaussures de course l\u00e9g\u00e8res et r\u00e9actives pour les 5 km et 10 km. Amorti Lightstrike Pro, ENERGYRODS 2.0 et semelle Continental\u2122.","breadcrumb":{"@id":"https:\/\/www.miomiorun.com\/fr\/produit\/adizero-takumi-sen-11\/#breadcrumb"},"inLanguage":"fr-FR","potentialAction":[{"@type":"ReadAction","target":["https:\/\/www.miomiorun.com\/fr\/produit\/adizero-takumi-sen-11\/"]}]},{"@type":"ImageObject","inLanguage":"fr-FR","@id":"https:\/\/www.miomiorun.com\/fr\/produit\/adizero-takumi-sen-11\/#primaryimage","url":"https:\/\/www.miomiorun.com\/app\/uploads\/2025\/07\/adidas-Takumi-Sen-luclem-cblack-halsil-JI0991.webp","contentUrl":"https:\/\/www.miomiorun.com\/app\/uploads\/2025\/07\/adidas-Takumi-Sen-luclem-cblack-halsil-JI0991.webp","width":600,"height":600,"caption":"adidas Takumi Sen luclem cblack halsil JI0991"},{"@type":"BreadcrumbList","@id":"https:\/\/www.miomiorun.com\/fr\/produit\/adizero-takumi-sen-11\/#breadcrumb","itemListElement":[{"@type":"ListItem","position":1,"name":"Home","item":"https:\/\/www.miomiorun.com\/fr\/home-page\/"},{"@type":"ListItem","position":2,"name":"Shop","item":"https:\/\/www.miomiorun.com\/shop\/"},{"@type":"ListItem","position":3,"name":"Adizero Takumi Sen 11"}]},{"@type":"WebSite","@id":"https:\/\/www.miomiorun.com\/fr\/#website","url":"https:\/\/www.miomiorun.com\/fr\/","name":"MioMioRun","description":"Boutique 100% running et trail","publisher":{"@id":"https:\/\/www.miomiorun.com\/fr\/#organization"},"potentialAction":[{"@type":"SearchAction","target":{"@type":"EntryPoint","urlTemplate":"https:\/\/www.miomiorun.com\/fr\/?s={search_term_string}"},"query-input":{"@type":"PropertyValueSpecification","valueRequired":true,"valueName":"search_term_string"}}],"inLanguage":"fr-FR"},{"@type":"Organization","@id":"https:\/\/www.miomiorun.com\/fr\/#organization","name":"MioMio Run","url":"https:\/\/www.miomiorun.com\/fr\/","logo":{"@type":"ImageObject","inLanguage":"fr-FR","@id":"https:\/\/www.miomiorun.com\/fr\/#\/schema\/logo\/image\/","url":"https:\/\/www.miomiorun.com\/app\/uploads\/2019\/12\/logomio.png","contentUrl":"https:\/\/www.miomiorun.com\/app\/uploads\/2019\/12\/logomio.png","width":115,"height":82,"caption":"MioMio Run"},"image":{"@id":"https:\/\/www.miomiorun.com\/fr\/#\/schema\/logo\/image\/"},"sameAs":["https:\/\/www.facebook.com\/miomiorun\/","https:\/\/www.instagram.com\/miomiorun\/"]}]}},"_links":{"self":[{"href":"https:\/\/www.miomiorun.com\/fr\/wp-json\/wp\/v2\/product\/324591","targetHints":{"allow":["GET"]}}],"collection":[{"href":"https:\/\/www.miomiorun.com\/fr\/wp-json\/wp\/v2\/product"}],"about":[{"href":"https:\/\/www.miomiorun.com\/fr\/wp-json\/wp\/v2\/types\/product"}],"wp:featuredmedia":[{"embeddable":true,"href":"https:\/\/www.miomiorun.com\/fr\/wp-json\/wp\/v2\/media\/327016"}],"wp:attachment":[{"href":"https:\/\/www.miomiorun.com\/fr\/wp-json\/wp\/v2\/media?parent=324591"}],"wp:term":[{"taxonomy":"product_brand","embeddable":true,"href":"https:\/\/www.miomiorun.com\/fr\/wp-json\/wp\/v2\/product_brand?post=324591"},{"taxonomy":"product_cat","embeddable":true,"href":"https:\/\/www.miomiorun.com\/fr\/wp-json\/wp\/v2\/product_cat?post=324591"},{"taxonomy":"product_tag","embeddable":true,"href":"https:\/\/www.miomiorun.com\/fr\/wp-json\/wp\/v2\/product_tag?post=324591"}],"curies":[{"name":"wp","href":"https:\/\/api.w.org\/{rel}","templated":true}]}}