{"id":323790,"date":"2025-07-10T10:33:02","date_gmt":"2025-07-10T08:33:02","guid":{"rendered":"https:\/\/miomiorun.com\/?post_type=product&#038;p=323790"},"modified":"2026-01-21T18:55:20","modified_gmt":"2026-01-21T17:55:20","slug":"cascadia-19-femme","status":"publish","type":"product","link":"https:\/\/www.miomiorun.com\/fr\/produit\/cascadia-19-femme\/","title":{"rendered":"Cascadia 19 femme"},"content":{"rendered":"<div class=\"vc-row container\"><div class=\"vc-column\"><div class=\"vc-column-text\"><\/p>\n<p><strong>Caract\u00e9ristiques techniques<\/strong><\/p>\n<p>Cat\u00e9gorie : amorti sup\u00e9rieur<br \/>\nD\u00e9calage : 6 mm<br \/>\nPoids : 277,8 g<br \/>\nId\u00e9al pour : les coureurs de trail et les amateurs de randonn\u00e9e \u00e0 la recherche d&#8217;un mod\u00e8le amorti, protecteur et robuste, pouvant \u00eatre utilis\u00e9 pour les longues et moyennes distances en montagne et sur les chemins de terre.<br \/>\nPoids de l&#8217;athl\u00e8te : 70-90 kg<br \/>\nAllure de course : moyenne-lente (&gt;5,00 min\/km)<br \/>\n<a href=\"https:\/\/miomiorun.com\/guida-alle-specifiche-tecniche\/\">Guide des sp\u00e9cifications techniques<\/a><\/p>\n<p><\/div><\/div><div class=\"vc-column\"><div class=\"vc-column-text\"><\/p>\n<p data-start=\"191\" data-end=\"246\"><strong data-start=\"191\" data-end=\"246\">Stabilit\u00e9 et protection pour toutes vos aventures hors des sentiers battus.<\/strong><\/p>\n<p data-start=\"248\" data-end=\"598\">Affrontez tous les sentiers en toute confiance gr\u00e2ce \u00e0 la <strong data-start=\"302\" data-end=\"326\">Cascadia 19 pour femme<\/strong>, une chaussure con\u00e7ue pour offrir stabilit\u00e9, confort et adaptabilit\u00e9 sur tous les types de terrain. Le syst\u00e8me Trail Adapt combine une plaque de protection flexible avec l&#8217;amorti DNA LOFT v3 pour garantir une course fluide, prot\u00e9g\u00e9e et r\u00e9active, m\u00eame sur les terrains les plus techniques.<\/p>\n<p data-start=\"600\" data-end=\"857\">La semelle, compos\u00e9e \u00e0 25 % de mat\u00e9riaux recycl\u00e9s, assure une traction efficace sur sol sec comme sur sol mouill\u00e9, tandis que le nouveau rembourrage nitro-infused ajoute 2 mm de souplesse au talon et 4 mm \u00e0 l&#8217;avant-pied pour un confort encore accru.<\/p>\n<p data-start=\"859\" data-end=\"1086\">La tige en mesh technique enveloppe le pied pour offrir <strong data-start=\"911\" data-end=\"964\">soutien, respirabilit\u00e9 et maintien s\u00fbr<\/strong>, m\u00eame lors des journ\u00e9es les plus intenses.<br data-start=\"999\" data-end=\"1002\"><strong data-start=\"1002\" data-end=\"1086\">Parfaite pour les coureuses de trail et les marcheuses qui recherchent fiabilit\u00e9 et performance.<\/strong><\/p>\n<p><\/div><\/div><\/div>\n","protected":false},"excerpt":{"rendered":"<ul>\n<li class=\"m-long-description__feature\">\n<div class=\"m-long-description__feature-text\">Course adaptable<\/div>\n<\/li>\n<li class=\"m-long-description__feature\">\n<div class=\"m-long-description__feature-text\">Pr\u00eate pour tous les types de terrain<\/div>\n<\/li>\n<li class=\"m-long-description__feature\">\n<div class=\"m-long-description__feature-text\">Traction sur surfaces mouill\u00e9es et s\u00e8ches<\/div>\n<\/li>\n<\/ul>\n","protected":false},"featured_media":402836,"template":"","meta":{"_acf_changed":false,"inline_featured_image":false},"product_brand":[],"product_cat":[22605,22608],"product_tag":[23462,23656],"class_list":{"0":"post-323790","1":"product","2":"type-product","3":"status-publish","4":"has-post-thumbnail","6":"product_cat-chaussures-pour-femmes","7":"product_cat-trail-fr","8":"product_tag-brooks-fr","9":"product_tag-brooks-femme","10":"pa_attivita-outdoor-fr","11":"pa_attivita-trail-fr","12":"pa_colore-cascadia-19-w-peach-echo-chateau-white","13":"pa_colore-cascadia-19-w-rabbit-black-bluefish","14":"pa_marca-brooks-fr","15":"pa_sesso-femme","16":"pa_size-38-fr","17":"pa_size-38-5-fr","18":"pa_size-39-fr","19":"pa_size-40-fr","20":"pa_size-40-5-fr","21":"pa_size-41-fr","23":"first","24":"instock","25":"sale","26":"taxable","27":"shipping-taxable","28":"purchasable","29":"product-type-variable","30":"wvs-archive-product-wrapper"},"acf":[],"yoast_head":"<!-- This site is optimized with the Yoast SEO plugin v26.8 - https:\/\/yoast.com\/product\/yoast-seo-wordpress\/ -->\n<title>Brooks Cascadia 19 femme - chaussures de trail pour femmes - MioMioRun.com<\/title>\n<meta name=\"description\" content=\"D\u00e9couvrez la Brooks Cascadia 19 pour femme : une chaussure de trail stable, amortie et adapt\u00e9e \u00e0 tous les terrains. Confort, adh\u00e9rence et protection pour vos aventures en montagne.\" \/>\n<meta name=\"robots\" content=\"index, follow, max-snippet:-1, max-image-preview:large, max-video-preview:-1\" \/>\n<link rel=\"canonical\" href=\"https:\/\/www.miomiorun.com\/fr\/produit\/cascadia-19-femme\/\" \/>\n<meta property=\"og:locale\" content=\"fr_FR\" \/>\n<meta property=\"og:type\" content=\"article\" \/>\n<meta property=\"og:title\" content=\"Brooks Cascadia 19 femme - chaussures de trail pour femmes - MioMioRun.com\" \/>\n<meta property=\"og:description\" content=\"D\u00e9couvrez la Brooks Cascadia 19 pour femme : une chaussure de trail stable, amortie et adapt\u00e9e \u00e0 tous les terrains. Confort, adh\u00e9rence et protection pour vos aventures en montagne.\" \/>\n<meta property=\"og:url\" content=\"https:\/\/www.miomiorun.com\/fr\/produit\/cascadia-19-femme\/\" \/>\n<meta property=\"og:site_name\" content=\"MioMioRun\" \/>\n<meta property=\"article:publisher\" content=\"https:\/\/www.facebook.com\/miomiorun\/\" \/>\n<meta property=\"article:modified_time\" content=\"2026-01-21T17:55:20+00:00\" \/>\n<meta property=\"og:image\" content=\"https:\/\/www.miomiorun.com\/app\/uploads\/2026\/02\/brooks-Cascadia-19-W-peach-echo-chateau-white-1204461B812.webp\" \/>\n\t<meta property=\"og:image:width\" content=\"720\" \/>\n\t<meta property=\"og:image:height\" content=\"720\" \/>\n\t<meta property=\"og:image:type\" content=\"image\/webp\" \/>\n<meta name=\"twitter:card\" content=\"summary_large_image\" \/>\n<meta name=\"twitter:label1\" content=\"Est. reading time\" \/>\n\t<meta name=\"twitter:data1\" content=\"1 minute\" \/>\n<script type=\"application\/ld+json\" class=\"yoast-schema-graph\">{\"@context\":\"https:\/\/schema.org\",\"@graph\":[{\"@type\":\"WebPage\",\"@id\":\"https:\/\/www.miomiorun.com\/fr\/produit\/cascadia-19-femme\/\",\"url\":\"https:\/\/www.miomiorun.com\/fr\/produit\/cascadia-19-femme\/\",\"name\":\"Brooks Cascadia 19 femme - chaussures de trail pour femmes - MioMioRun.com\",\"isPartOf\":{\"@id\":\"https:\/\/www.miomiorun.com\/fr\/#website\"},\"primaryImageOfPage\":{\"@id\":\"https:\/\/www.miomiorun.com\/fr\/produit\/cascadia-19-femme\/#primaryimage\"},\"image\":{\"@id\":\"https:\/\/www.miomiorun.com\/fr\/produit\/cascadia-19-femme\/#primaryimage\"},\"thumbnailUrl\":\"https:\/\/www.miomiorun.com\/app\/uploads\/2026\/02\/brooks-Cascadia-19-W-peach-echo-chateau-white-1204461B812.webp\",\"datePublished\":\"2025-07-10T08:33:02+00:00\",\"dateModified\":\"2026-01-21T17:55:20+00:00\",\"description\":\"D\u00e9couvrez la Brooks Cascadia 19 pour femme : une chaussure de trail stable, amortie et adapt\u00e9e \u00e0 tous les terrains. Confort, adh\u00e9rence et protection pour vos aventures en montagne.\",\"breadcrumb\":{\"@id\":\"https:\/\/www.miomiorun.com\/fr\/produit\/cascadia-19-femme\/#breadcrumb\"},\"inLanguage\":\"fr-FR\",\"potentialAction\":[{\"@type\":\"ReadAction\",\"target\":[\"https:\/\/www.miomiorun.com\/fr\/produit\/cascadia-19-femme\/\"]}]},{\"@type\":\"ImageObject\",\"inLanguage\":\"fr-FR\",\"@id\":\"https:\/\/www.miomiorun.com\/fr\/produit\/cascadia-19-femme\/#primaryimage\",\"url\":\"https:\/\/www.miomiorun.com\/app\/uploads\/2026\/02\/brooks-Cascadia-19-W-peach-echo-chateau-white-1204461B812.webp\",\"contentUrl\":\"https:\/\/www.miomiorun.com\/app\/uploads\/2026\/02\/brooks-Cascadia-19-W-peach-echo-chateau-white-1204461B812.webp\",\"width\":720,\"height\":720,\"caption\":\"brooks Cascadia 19 W peach echo chateau white 1204461B812\"},{\"@type\":\"BreadcrumbList\",\"@id\":\"https:\/\/www.miomiorun.com\/fr\/produit\/cascadia-19-femme\/#breadcrumb\",\"itemListElement\":[{\"@type\":\"ListItem\",\"position\":1,\"name\":\"Home\",\"item\":\"https:\/\/www.miomiorun.com\/fr\/home-page\/\"},{\"@type\":\"ListItem\",\"position\":2,\"name\":\"Shop\",\"item\":\"https:\/\/www.miomiorun.com\/shop\/\"},{\"@type\":\"ListItem\",\"position\":3,\"name\":\"Cascadia 19 femme\"}]},{\"@type\":\"WebSite\",\"@id\":\"https:\/\/www.miomiorun.com\/fr\/#website\",\"url\":\"https:\/\/www.miomiorun.com\/fr\/\",\"name\":\"MioMioRun\",\"description\":\"Boutique 100% running et trail\",\"publisher\":{\"@id\":\"https:\/\/www.miomiorun.com\/fr\/#organization\"},\"potentialAction\":[{\"@type\":\"SearchAction\",\"target\":{\"@type\":\"EntryPoint\",\"urlTemplate\":\"https:\/\/www.miomiorun.com\/fr\/?s={search_term_string}\"},\"query-input\":{\"@type\":\"PropertyValueSpecification\",\"valueRequired\":true,\"valueName\":\"search_term_string\"}}],\"inLanguage\":\"fr-FR\"},{\"@type\":\"Organization\",\"@id\":\"https:\/\/www.miomiorun.com\/fr\/#organization\",\"name\":\"MioMio Run\",\"url\":\"https:\/\/www.miomiorun.com\/fr\/\",\"logo\":{\"@type\":\"ImageObject\",\"inLanguage\":\"fr-FR\",\"@id\":\"https:\/\/www.miomiorun.com\/fr\/#\/schema\/logo\/image\/\",\"url\":\"https:\/\/www.miomiorun.com\/app\/uploads\/2019\/12\/logomio.png\",\"contentUrl\":\"https:\/\/www.miomiorun.com\/app\/uploads\/2019\/12\/logomio.png\",\"width\":115,\"height\":82,\"caption\":\"MioMio Run\"},\"image\":{\"@id\":\"https:\/\/www.miomiorun.com\/fr\/#\/schema\/logo\/image\/\"},\"sameAs\":[\"https:\/\/www.facebook.com\/miomiorun\/\",\"https:\/\/www.instagram.com\/miomiorun\/\"]}]}<\/script>\n<!-- \/ Yoast SEO plugin. -->","yoast_head_json":{"title":"Brooks Cascadia 19 femme - chaussures de trail pour femmes - MioMioRun.com","description":"D\u00e9couvrez la Brooks Cascadia 19 pour femme : une chaussure de trail stable, amortie et adapt\u00e9e \u00e0 tous les terrains. Confort, adh\u00e9rence et protection pour vos aventures en montagne.","robots":{"index":"index","follow":"follow","max-snippet":"max-snippet:-1","max-image-preview":"max-image-preview:large","max-video-preview":"max-video-preview:-1"},"canonical":"https:\/\/www.miomiorun.com\/fr\/produit\/cascadia-19-femme\/","og_locale":"fr_FR","og_type":"article","og_title":"Brooks Cascadia 19 femme - chaussures de trail pour femmes - MioMioRun.com","og_description":"D\u00e9couvrez la Brooks Cascadia 19 pour femme : une chaussure de trail stable, amortie et adapt\u00e9e \u00e0 tous les terrains. Confort, adh\u00e9rence et protection pour vos aventures en montagne.","og_url":"https:\/\/www.miomiorun.com\/fr\/produit\/cascadia-19-femme\/","og_site_name":"MioMioRun","article_publisher":"https:\/\/www.facebook.com\/miomiorun\/","article_modified_time":"2026-01-21T17:55:20+00:00","og_image":[{"width":720,"height":720,"url":"https:\/\/www.miomiorun.com\/app\/uploads\/2026\/02\/brooks-Cascadia-19-W-peach-echo-chateau-white-1204461B812.webp","type":"image\/webp"}],"twitter_card":"summary_large_image","twitter_misc":{"Est. reading time":"1 minute"},"schema":{"@context":"https:\/\/schema.org","@graph":[{"@type":"WebPage","@id":"https:\/\/www.miomiorun.com\/fr\/produit\/cascadia-19-femme\/","url":"https:\/\/www.miomiorun.com\/fr\/produit\/cascadia-19-femme\/","name":"Brooks Cascadia 19 femme - chaussures de trail pour femmes - MioMioRun.com","isPartOf":{"@id":"https:\/\/www.miomiorun.com\/fr\/#website"},"primaryImageOfPage":{"@id":"https:\/\/www.miomiorun.com\/fr\/produit\/cascadia-19-femme\/#primaryimage"},"image":{"@id":"https:\/\/www.miomiorun.com\/fr\/produit\/cascadia-19-femme\/#primaryimage"},"thumbnailUrl":"https:\/\/www.miomiorun.com\/app\/uploads\/2026\/02\/brooks-Cascadia-19-W-peach-echo-chateau-white-1204461B812.webp","datePublished":"2025-07-10T08:33:02+00:00","dateModified":"2026-01-21T17:55:20+00:00","description":"D\u00e9couvrez la Brooks Cascadia 19 pour femme : une chaussure de trail stable, amortie et adapt\u00e9e \u00e0 tous les terrains. Confort, adh\u00e9rence et protection pour vos aventures en montagne.","breadcrumb":{"@id":"https:\/\/www.miomiorun.com\/fr\/produit\/cascadia-19-femme\/#breadcrumb"},"inLanguage":"fr-FR","potentialAction":[{"@type":"ReadAction","target":["https:\/\/www.miomiorun.com\/fr\/produit\/cascadia-19-femme\/"]}]},{"@type":"ImageObject","inLanguage":"fr-FR","@id":"https:\/\/www.miomiorun.com\/fr\/produit\/cascadia-19-femme\/#primaryimage","url":"https:\/\/www.miomiorun.com\/app\/uploads\/2026\/02\/brooks-Cascadia-19-W-peach-echo-chateau-white-1204461B812.webp","contentUrl":"https:\/\/www.miomiorun.com\/app\/uploads\/2026\/02\/brooks-Cascadia-19-W-peach-echo-chateau-white-1204461B812.webp","width":720,"height":720,"caption":"brooks Cascadia 19 W peach echo chateau white 1204461B812"},{"@type":"BreadcrumbList","@id":"https:\/\/www.miomiorun.com\/fr\/produit\/cascadia-19-femme\/#breadcrumb","itemListElement":[{"@type":"ListItem","position":1,"name":"Home","item":"https:\/\/www.miomiorun.com\/fr\/home-page\/"},{"@type":"ListItem","position":2,"name":"Shop","item":"https:\/\/www.miomiorun.com\/shop\/"},{"@type":"ListItem","position":3,"name":"Cascadia 19 femme"}]},{"@type":"WebSite","@id":"https:\/\/www.miomiorun.com\/fr\/#website","url":"https:\/\/www.miomiorun.com\/fr\/","name":"MioMioRun","description":"Boutique 100% running et trail","publisher":{"@id":"https:\/\/www.miomiorun.com\/fr\/#organization"},"potentialAction":[{"@type":"SearchAction","target":{"@type":"EntryPoint","urlTemplate":"https:\/\/www.miomiorun.com\/fr\/?s={search_term_string}"},"query-input":{"@type":"PropertyValueSpecification","valueRequired":true,"valueName":"search_term_string"}}],"inLanguage":"fr-FR"},{"@type":"Organization","@id":"https:\/\/www.miomiorun.com\/fr\/#organization","name":"MioMio Run","url":"https:\/\/www.miomiorun.com\/fr\/","logo":{"@type":"ImageObject","inLanguage":"fr-FR","@id":"https:\/\/www.miomiorun.com\/fr\/#\/schema\/logo\/image\/","url":"https:\/\/www.miomiorun.com\/app\/uploads\/2019\/12\/logomio.png","contentUrl":"https:\/\/www.miomiorun.com\/app\/uploads\/2019\/12\/logomio.png","width":115,"height":82,"caption":"MioMio Run"},"image":{"@id":"https:\/\/www.miomiorun.com\/fr\/#\/schema\/logo\/image\/"},"sameAs":["https:\/\/www.facebook.com\/miomiorun\/","https:\/\/www.instagram.com\/miomiorun\/"]}]}},"_links":{"self":[{"href":"https:\/\/www.miomiorun.com\/fr\/wp-json\/wp\/v2\/product\/323790","targetHints":{"allow":["GET"]}}],"collection":[{"href":"https:\/\/www.miomiorun.com\/fr\/wp-json\/wp\/v2\/product"}],"about":[{"href":"https:\/\/www.miomiorun.com\/fr\/wp-json\/wp\/v2\/types\/product"}],"wp:featuredmedia":[{"embeddable":true,"href":"https:\/\/www.miomiorun.com\/fr\/wp-json\/wp\/v2\/media\/402836"}],"wp:attachment":[{"href":"https:\/\/www.miomiorun.com\/fr\/wp-json\/wp\/v2\/media?parent=323790"}],"wp:term":[{"taxonomy":"product_brand","embeddable":true,"href":"https:\/\/www.miomiorun.com\/fr\/wp-json\/wp\/v2\/product_brand?post=323790"},{"taxonomy":"product_cat","embeddable":true,"href":"https:\/\/www.miomiorun.com\/fr\/wp-json\/wp\/v2\/product_cat?post=323790"},{"taxonomy":"product_tag","embeddable":true,"href":"https:\/\/www.miomiorun.com\/fr\/wp-json\/wp\/v2\/product_tag?post=323790"}],"curies":[{"name":"wp","href":"https:\/\/api.w.org\/{rel}","templated":true}]}}